{"id":9695,"date":"2024-04-29T08:37:37","date_gmt":"2024-04-29T08:37:37","guid":{"rendered":"https:\/\/www.tourinto.pt\/?post_type=product&#038;p=9695"},"modified":"2026-03-09T21:02:20","modified_gmt":"2026-03-09T21:02:20","slug":"antonio-madeira-tinto-a-liberdade","status":"publish","type":"product","link":"https:\/\/www.tourinto.pt\/en\/product\/antonio-madeira-tinto-a-liberdade\/","title":{"rendered":"Ant\u00f3nio Madeira A Liberdade Red"},"content":{"rendered":"<div class=\"wpb-content-wrapper\"><div data-vc-full-width=\"true\" data-vc-full-width-init=\"false\" class=\"vc_row wpb_row vc_row-fluid vc_custom_1656585076455 vc_row-has-fill\"><div class=\"wpb_column vc_column_container vc_col-sm-12\"><div class=\"vc_column-inner\"><div class=\"wpb_wrapper\"><div class=\"vc_tta-container\" data-vc-action=\"collapse\"><div class=\"vc_general vc_tta vc_tta-tabs vc_tta-color-black vc_tta-style-flat vc_tta-shape-square vc_tta-spacing-1 vc_tta-o-no-fill vc_tta-tabs-position-top vc_tta-controls-align-left\"><div class=\"vc_tta-tabs-container\"><ul class=\"vc_tta-tabs-list\" role=\"tablist\"><li class=\"vc_tta-tab vc_active\" data-vc-tab role=\"presentation\"><a href=\"#1656584484701-0e478312-357c\" data-vc-tabs data-vc-container=\".vc_tta\" role=\"tab\" aria-selected=\"false\" id=\"tab-1656584484701-0e478312-357c\"><i class=\"vc_tta-icon vc-oi vc-oi-article\"><\/i><span class=\"vc_tta-title-text\">Description<\/span><\/a><\/li><\/ul><\/div><div class=\"vc_tta-panels-container\"><div class=\"vc_tta-panels\"><div class=\"vc_tta-panel vc_active\" id=\"1656584484701-0e478312-357c\" data-vc-content=\".vc_tta-panel-body\"><div class=\"vc_tta-panel-heading\"><h4 class=\"vc_tta-panel-title\"><a href=\"#1656584484701-0e478312-357c\" data-vc-accordion data-vc-container=\".vc_tta-container\"><i class=\"vc_tta-icon vc-oi vc-oi-article\"><\/i><span class=\"vc_tta-title-text\">Description<\/span><\/a><\/h4><\/div><div class=\"vc_tta-panel-body\">\n\t<div class=\"wpb_text_column wpb_content_element\" >\n\t\t<div class=\"wpb_wrapper\">\n\t\t\t<p><strong>Ant\u00f3nio Madeira A Liberdade Red<\/strong><\/p>\n<p><strong>Grape varieties: <\/strong>Touriga Nacional 80% and Field Blend 20% (Century-old Vines).<br \/>\n<strong>Vinification: <\/strong>Alcoholic fermentation by indigenous yeasts in a wine press, without the addition of sulphites or the use of any oenological product, without fining or filtration.<br \/>\n<strong>Aging: <\/strong>9 months in stainless steel.<br \/>\n<strong>Colour: <\/strong>Ruby.<strong><br \/>\n<\/strong><strong>Aroma: <\/strong>Citric nose with fruity notes and very precise bergamot.<br \/>\n<strong>Flavour:<\/strong> Electric, powerful and saline mouthfeel, fine tannins asking for another glass and food. Flavourful, long and intense finish.<\/p>\n<hr style=\"border: #b0976d 1px dotted\" \/>\n<p><strong>Serve:<\/strong> 16 to 18\u2070<br \/>\n<strong>Consumption: <\/strong>Immediate.<\/p>\n<hr style=\"border: #b0976d 1px dotted\" \/>\n<p><strong>Harmonisation: <\/strong>Lamb, game, cod dishes.<\/p>\n<hr style=\"border: #b0976d 1px dotted\" \/>\n<p><strong>Producer:<\/strong> <a href=\"https:\/\/www.tourinto.pt\/en\/produtores\/dao\/antonio-madeira\/\">Antonio Madeira<\/a><\/p>\n<p><strong>Enology: <\/strong>Miguel Abrantes<\/p>\n<p><strong>Category:<\/strong> Portuguese Wines \u2013 <a href=\"https:\/\/www.tourinto.pt\/en\/portugal\/vinhos-do-dao\/\">D\u00e3o<\/a><\/p>\n<p><strong>Awards and Notes:<\/strong><\/p>\n<ul>\n<li><strong>Robert Parker<\/strong> &#8211; 93\/100 (2022)<\/li>\n<\/ul>\n<p><a href=\"https:\/\/www.instagram.com\/dao.antonio.madeira\/\"><span style=\"color: #f1f1f1\">ant\u00f3nio madeira<\/span><\/a><\/p>\n\n\t\t<\/div>\n\t<\/div>\n<\/div><\/div><\/div><\/div><\/div><\/div><\/div><\/div><\/div><\/div><div class=\"vc_row-full-width vc_clearfix\"><\/div><div data-vc-full-width=\"true\" data-vc-full-width-init=\"false\" data-vc-stretch-content=\"true\" class=\"vc_row wpb_row vc_row-fluid vc_row-no-padding\"><div class=\"wpb_column vc_column_container vc_col-sm-12\"><div class=\"vc_column-inner\"><div class=\"wpb_wrapper\">\n<div class=\"vc_grid-container-wrapper vc_clearfix vc_grid-animation-fadeIn\">\n\t<div class=\"vc_grid-container vc_clearfix wpb_content_element vc_media_grid\" data-initial-loading-animation=\"fadeIn\" data-vc-grid-settings=\"{&quot;page_id&quot;:9695,&quot;style&quot;:&quot;all&quot;,&quot;action&quot;:&quot;vc_get_vc_grid_data&quot;,&quot;shortcode_id&quot;:&quot;1759492930486-33c8ac17-32a3-2&quot;,&quot;tag&quot;:&quot;vc_media_grid&quot;}\" data-vc-request=\"https:\/\/www.tourinto.pt\/wp-admin\/admin-ajax.php\" data-vc-post-id=\"9695\" data-vc-public-nonce=\"cb9f7484c1\">\n\t\t\n\t<\/div>\n<\/div><\/div><\/div><\/div><\/div><div class=\"vc_row-full-width vc_clearfix\"><\/div>\n<\/div>","protected":false},"excerpt":{"rendered":"<p>Ant\u00f3nio Madeira \u00a0&#8220;A Liberdade&#8221; Tinto \u00e9 um vinho de baixa interven\u00e7\u00e3o e de express\u00e3o m\u00e1xima de terroir, revelando as ra\u00edzes do D\u00e3o no sop\u00e9 da Serra da Estrela. Com nariz c\u00edtrico com notas de bergamota muito precisa caracter\u00edsticas da Touriga Nacional, para al\u00e9m de salino e com taninos finos a pedir mais um copo e comida.<\/p>\n<p>Saiba mais sobre <a href=\"https:\/\/www.tourinto.pt\/en\/produtores\/dao\/antonio-madeira\/\">Ant\u00f3nio Madeira<\/a>.<\/p>\n[contact-form-7 id=\"4433d5d\" title=\"nota Uni\u00e3o Europeia\"]\n","protected":false},"featured_media":14720,"comment_status":"closed","ping_status":"closed","template":"","meta":{"_acf_changed":false,"_joinchat":[],"jetpack_publicize_message":"","jetpack_publicize_feature_enabled":true,"jetpack_social_post_already_shared":true,"jetpack_social_options":{"image_generator_settings":{"template":"highway","default_image_id":0,"font":"","enabled":false},"version":2}},"product_brand":[],"product_cat":[1307,1052,17,260,363,296,297,424,84,100,81,44],"product_tag":[417,403,372,295,56,47],"class_list":{"0":"post-9695","1":"product","2":"type-product","3":"status-publish","4":"has-post-thumbnail","6":"product_cat-ready-to-drink-tintos","7":"product_cat-blend-tintos","8":"product_cat-vinho-tinto","9":"product_cat-antonio-madeira","10":"product_cat-biologico","11":"product_cat-biodinamico","12":"product_cat-minima-intervencao","13":"product_cat-vinhos-portugal","14":"product_cat-dao","15":"product_cat-tipologia","16":"product_cat-regiao","17":"product_cat-produtores","18":"product_tag-biologico","19":"product_tag-field-blend","20":"product_tag-vinho-tinto","21":"product_tag-biodinamico","22":"product_tag-dao","23":"product_tag-touriga-nacional","24":"pa_ano-336","25":"pa_castas-field-blend","26":"pa_castas-touriga-nacional","27":"pa_categoria-vinhos-portugueses","28":"pa_enologia-miguel-abrantes","29":"pa_harmonizacao-caca","30":"pa_harmonizacao-pratos-de-bacalhau","31":"pa_harmonizacao-coelho","32":"pa_leveduras-indigenas","33":"pa_produtor-antonio-madeira","34":"pa_regiao-dao","35":"pa_tipologia-vinho-tinto","36":"pa_vinificacao-minima-intervencao-vinho-natural","37":"pa_viticultura-biologica-biodinamica","38":"pa_volume-750ml","40":"first","41":"instock","42":"taxable","43":"shipping-taxable","44":"purchasable","45":"product-type-simple"},"acf":[],"yoast_head":"<!-- This site is optimized with the Yoast SEO Premium plugin v27.5 (Yoast SEO v27.5) - https:\/\/yoast.com\/product\/yoast-seo-premium-wordpress\/ -->\n<title>Ant\u00f3nio Madeira A Liberdade Tinto - Tourinto Premium Wines<\/title>\n<meta name=\"description\" content=\"Ant\u00f3nio Madeira \u00a0&quot;A Liberdade&quot; Tinto \u00e9 um vinho de de express\u00e3o m\u00e1xima de terroir, revelando as ra\u00edzes do D\u00e3o no sop\u00e9 da Serra da Estrela.\" \/>\n<meta name=\"robots\" content=\"index, follow, max-snippet:-1, max-image-preview:large, max-video-preview:-1\" \/>\n<link rel=\"canonical\" href=\"https:\/\/www.tourinto.pt\/en\/product\/antonio-madeira-tinto-a-liberdade\/\" \/>\n<meta property=\"og:locale\" content=\"en_GB\" \/>\n<meta property=\"og:type\" content=\"article\" \/>\n<meta property=\"og:title\" content=\"Ant\u00f3nio Madeira A Liberdade Tinto\" \/>\n<meta property=\"og:description\" content=\"Ant\u00f3nio Madeira \u00a0&quot;A Liberdade&quot; Tinto \u00e9 um vinho de de express\u00e3o m\u00e1xima de terroir, revelando as ra\u00edzes do D\u00e3o no sop\u00e9 da Serra da Estrela.\" \/>\n<meta property=\"og:url\" content=\"https:\/\/www.tourinto.pt\/en\/product\/antonio-madeira-tinto-a-liberdade\/\" \/>\n<meta property=\"og:site_name\" content=\"Tourinto Premium Wines\" \/>\n<meta property=\"article:publisher\" content=\"https:\/\/www.facebook.com\/garrafeiratourinto\" \/>\n<meta property=\"article:modified_time\" content=\"2026-03-09T21:02:20+00:00\" \/>\n<meta property=\"og:image\" content=\"https:\/\/i0.wp.com\/www.tourinto.pt\/wp-content\/uploads\/2024\/04\/Antonio-Madeira-a-liberdade-Tinto.webp?fit=881%2C1400&ssl=1\" \/>\n\t<meta property=\"og:image:width\" content=\"881\" \/>\n\t<meta property=\"og:image:height\" content=\"1400\" \/>\n\t<meta property=\"og:image:type\" content=\"image\/webp\" \/>\n<meta name=\"twitter:card\" content=\"summary_large_image\" \/>\n<meta name=\"twitter:label1\" content=\"Price\" \/>\n\t<meta name=\"twitter:data1\" content=\"25,10&nbsp;&euro;\" \/>\n\t<meta name=\"twitter:label2\" content=\"Availability\" \/>\n\t<meta name=\"twitter:data2\" content=\"In stock\" \/>\n<script type=\"application\/ld+json\" class=\"yoast-schema-graph\">{\"@context\":\"https:\\\/\\\/schema.org\",\"@graph\":[{\"@type\":\"WebPage\",\"@id\":\"https:\\\/\\\/www.tourinto.pt\\\/product\\\/antonio-madeira-tinto-a-liberdade\\\/\",\"url\":\"https:\\\/\\\/www.tourinto.pt\\\/product\\\/antonio-madeira-tinto-a-liberdade\\\/\",\"name\":\"Ant\u00f3nio Madeira A Liberdade Tinto - Tourinto Premium Wines\",\"isPartOf\":{\"@id\":\"https:\\\/\\\/www.tourinto.pt\\\/#website\"},\"primaryImageOfPage\":{\"@id\":\"https:\\\/\\\/www.tourinto.pt\\\/product\\\/antonio-madeira-tinto-a-liberdade\\\/#primaryimage\"},\"image\":{\"@id\":\"https:\\\/\\\/www.tourinto.pt\\\/product\\\/antonio-madeira-tinto-a-liberdade\\\/#primaryimage\"},\"thumbnailUrl\":\"https:\\\/\\\/i0.wp.com\\\/www.tourinto.pt\\\/wp-content\\\/uploads\\\/2024\\\/04\\\/Antonio-Madeira-a-liberdade-Tinto.webp?fit=881%2C1400&ssl=1\",\"datePublished\":\"2024-04-29T08:37:37+00:00\",\"dateModified\":\"2026-03-09T21:02:20+00:00\",\"description\":\"Ant\u00f3nio Madeira \u00a0\\\"A Liberdade\\\" Tinto \u00e9 um vinho de de express\u00e3o m\u00e1xima de terroir, revelando as ra\u00edzes do D\u00e3o no sop\u00e9 da Serra da Estrela.\",\"breadcrumb\":{\"@id\":\"https:\\\/\\\/www.tourinto.pt\\\/product\\\/antonio-madeira-tinto-a-liberdade\\\/#breadcrumb\"},\"inLanguage\":\"en-GB\",\"potentialAction\":[{\"@type\":\"ReadAction\",\"target\":[\"https:\\\/\\\/www.tourinto.pt\\\/product\\\/antonio-madeira-tinto-a-liberdade\\\/\"]}]},{\"@type\":\"ImageObject\",\"inLanguage\":\"en-GB\",\"@id\":\"https:\\\/\\\/www.tourinto.pt\\\/product\\\/antonio-madeira-tinto-a-liberdade\\\/#primaryimage\",\"url\":\"https:\\\/\\\/i0.wp.com\\\/www.tourinto.pt\\\/wp-content\\\/uploads\\\/2024\\\/04\\\/Antonio-Madeira-a-liberdade-Tinto.webp?fit=881%2C1400&ssl=1\",\"contentUrl\":\"https:\\\/\\\/i0.wp.com\\\/www.tourinto.pt\\\/wp-content\\\/uploads\\\/2024\\\/04\\\/Antonio-Madeira-a-liberdade-Tinto.webp?fit=881%2C1400&ssl=1\",\"width\":881,\"height\":1400,\"caption\":\"A Liberdade Vinho Tinto, A Liberdade Tinto, Ant\u00f3nio Madeira Vinho Tinto, Ant\u00f3nio Madeira Vinhos Naturais, Vinho Tinto A Liberdade\"},{\"@type\":\"BreadcrumbList\",\"@id\":\"https:\\\/\\\/www.tourinto.pt\\\/product\\\/antonio-madeira-tinto-a-liberdade\\\/#breadcrumb\",\"itemListElement\":[{\"@type\":\"ListItem\",\"position\":1,\"name\":\"In\u00edcio\",\"item\":\"https:\\\/\\\/www.tourinto.pt\\\/\"},{\"@type\":\"ListItem\",\"position\":2,\"name\":\"Garrafeira on-line\",\"item\":\"https:\\\/\\\/www.tourinto.pt\\\/garrafeira-on-line\\\/\"},{\"@type\":\"ListItem\",\"position\":3,\"name\":\"Ant\u00f3nio Madeira A Liberdade Tinto\"}]},{\"@type\":\"WebSite\",\"@id\":\"https:\\\/\\\/www.tourinto.pt\\\/#website\",\"url\":\"https:\\\/\\\/www.tourinto.pt\\\/\",\"name\":\"Tourinto Premium Wines\",\"description\":\"Garrafeira on-line\",\"publisher\":{\"@id\":\"https:\\\/\\\/www.tourinto.pt\\\/#organization\"},\"alternateName\":\"Garrafeira on-line\",\"potentialAction\":[{\"@type\":\"SearchAction\",\"target\":{\"@type\":\"EntryPoint\",\"urlTemplate\":\"https:\\\/\\\/www.tourinto.pt\\\/?s={search_term_string}\"},\"query-input\":{\"@type\":\"PropertyValueSpecification\",\"valueRequired\":true,\"valueName\":\"search_term_string\"}}],\"inLanguage\":\"en-GB\"},{\"@type\":[\"Organization\",\"Place\"],\"@id\":\"https:\\\/\\\/www.tourinto.pt\\\/#organization\",\"name\":\"Tourinto\",\"alternateName\":\"Garrafeira Tourinto, Lda.\",\"url\":\"https:\\\/\\\/www.tourinto.pt\\\/\",\"logo\":{\"@id\":\"https:\\\/\\\/www.tourinto.pt\\\/product\\\/antonio-madeira-tinto-a-liberdade\\\/#local-main-organization-logo\"},\"image\":{\"@id\":\"https:\\\/\\\/www.tourinto.pt\\\/product\\\/antonio-madeira-tinto-a-liberdade\\\/#local-main-organization-logo\"},\"sameAs\":[\"https:\\\/\\\/www.facebook.com\\\/garrafeiratourinto\",\"https:\\\/\\\/www.instagram.com\\\/garrafeiratourinto\\\/\"],\"telephone\":[],\"openingHoursSpecification\":[{\"@type\":\"OpeningHoursSpecification\",\"dayOfWeek\":[\"Monday\",\"Tuesday\",\"Wednesday\",\"Thursday\",\"Friday\",\"Saturday\",\"Sunday\"],\"opens\":\"09:00\",\"closes\":\"17:00\"}]},{\"@type\":\"ImageObject\",\"inLanguage\":\"en-GB\",\"@id\":\"https:\\\/\\\/www.tourinto.pt\\\/product\\\/antonio-madeira-tinto-a-liberdade\\\/#local-main-organization-logo\",\"url\":\"https:\\\/\\\/i0.wp.com\\\/www.tourinto.pt\\\/wp-content\\\/uploads\\\/2022\\\/07\\\/tourinto-logo-big.png?fit=1400%2C505&ssl=1\",\"contentUrl\":\"https:\\\/\\\/i0.wp.com\\\/www.tourinto.pt\\\/wp-content\\\/uploads\\\/2022\\\/07\\\/tourinto-logo-big.png?fit=1400%2C505&ssl=1\",\"width\":1400,\"height\":505,\"caption\":\"Tourinto\"}]}<\/script>\n<meta property=\"product:price:amount\" content=\"25.10\" \/>\n<meta property=\"product:price:currency\" content=\"EUR\" \/>\n<meta property=\"og:availability\" content=\"instock\" \/>\n<meta property=\"product:availability\" content=\"instock\" \/>\n<meta property=\"product:retailer_item_id\" content=\"31.11.2022\" \/>\n<meta property=\"product:condition\" content=\"new\" \/>\n<!-- \/ Yoast SEO Premium plugin. -->","yoast_head_json":{"title":"Ant\u00f3nio Madeira A Liberdade Tinto - Tourinto Premium Wines","description":"Ant\u00f3nio Madeira \u00a0\"A Liberdade\" Tinto \u00e9 um vinho de de express\u00e3o m\u00e1xima de terroir, revelando as ra\u00edzes do D\u00e3o no sop\u00e9 da Serra da Estrela.","robots":{"index":"index","follow":"follow","max-snippet":"max-snippet:-1","max-image-preview":"max-image-preview:large","max-video-preview":"max-video-preview:-1"},"canonical":"https:\/\/www.tourinto.pt\/en\/product\/antonio-madeira-tinto-a-liberdade\/","og_locale":"en_GB","og_type":"article","og_title":"Ant\u00f3nio Madeira A Liberdade Tinto","og_description":"Ant\u00f3nio Madeira \u00a0\"A Liberdade\" Tinto \u00e9 um vinho de de express\u00e3o m\u00e1xima de terroir, revelando as ra\u00edzes do D\u00e3o no sop\u00e9 da Serra da Estrela.","og_url":"https:\/\/www.tourinto.pt\/en\/product\/antonio-madeira-tinto-a-liberdade\/","og_site_name":"Tourinto Premium Wines","article_publisher":"https:\/\/www.facebook.com\/garrafeiratourinto","article_modified_time":"2026-03-09T21:02:20+00:00","og_image":[{"width":881,"height":1400,"url":"https:\/\/i0.wp.com\/www.tourinto.pt\/wp-content\/uploads\/2024\/04\/Antonio-Madeira-a-liberdade-Tinto.webp?fit=881%2C1400&ssl=1","type":"image\/webp"}],"twitter_card":"summary_large_image","twitter_misc":{"Price":"25,10&nbsp;&euro;","Availability":"In stock"},"schema":{"@context":"https:\/\/schema.org","@graph":[{"@type":"WebPage","@id":"https:\/\/www.tourinto.pt\/product\/antonio-madeira-tinto-a-liberdade\/","url":"https:\/\/www.tourinto.pt\/product\/antonio-madeira-tinto-a-liberdade\/","name":"Ant\u00f3nio Madeira A Liberdade Tinto - Tourinto Premium Wines","isPartOf":{"@id":"https:\/\/www.tourinto.pt\/#website"},"primaryImageOfPage":{"@id":"https:\/\/www.tourinto.pt\/product\/antonio-madeira-tinto-a-liberdade\/#primaryimage"},"image":{"@id":"https:\/\/www.tourinto.pt\/product\/antonio-madeira-tinto-a-liberdade\/#primaryimage"},"thumbnailUrl":"https:\/\/i0.wp.com\/www.tourinto.pt\/wp-content\/uploads\/2024\/04\/Antonio-Madeira-a-liberdade-Tinto.webp?fit=881%2C1400&ssl=1","datePublished":"2024-04-29T08:37:37+00:00","dateModified":"2026-03-09T21:02:20+00:00","description":"Ant\u00f3nio Madeira \u00a0\"A Liberdade\" Tinto \u00e9 um vinho de de express\u00e3o m\u00e1xima de terroir, revelando as ra\u00edzes do D\u00e3o no sop\u00e9 da Serra da Estrela.","breadcrumb":{"@id":"https:\/\/www.tourinto.pt\/product\/antonio-madeira-tinto-a-liberdade\/#breadcrumb"},"inLanguage":"en-GB","potentialAction":[{"@type":"ReadAction","target":["https:\/\/www.tourinto.pt\/product\/antonio-madeira-tinto-a-liberdade\/"]}]},{"@type":"ImageObject","inLanguage":"en-GB","@id":"https:\/\/www.tourinto.pt\/product\/antonio-madeira-tinto-a-liberdade\/#primaryimage","url":"https:\/\/i0.wp.com\/www.tourinto.pt\/wp-content\/uploads\/2024\/04\/Antonio-Madeira-a-liberdade-Tinto.webp?fit=881%2C1400&ssl=1","contentUrl":"https:\/\/i0.wp.com\/www.tourinto.pt\/wp-content\/uploads\/2024\/04\/Antonio-Madeira-a-liberdade-Tinto.webp?fit=881%2C1400&ssl=1","width":881,"height":1400,"caption":"A Liberdade Vinho Tinto, A Liberdade Tinto, Ant\u00f3nio Madeira Vinho Tinto, Ant\u00f3nio Madeira Vinhos Naturais, Vinho Tinto A Liberdade"},{"@type":"BreadcrumbList","@id":"https:\/\/www.tourinto.pt\/product\/antonio-madeira-tinto-a-liberdade\/#breadcrumb","itemListElement":[{"@type":"ListItem","position":1,"name":"In\u00edcio","item":"https:\/\/www.tourinto.pt\/"},{"@type":"ListItem","position":2,"name":"Garrafeira on-line","item":"https:\/\/www.tourinto.pt\/garrafeira-on-line\/"},{"@type":"ListItem","position":3,"name":"Ant\u00f3nio Madeira A Liberdade Tinto"}]},{"@type":"WebSite","@id":"https:\/\/www.tourinto.pt\/#website","url":"https:\/\/www.tourinto.pt\/","name":"Tourinto Premium Wines","description":"Wine Shop online","publisher":{"@id":"https:\/\/www.tourinto.pt\/#organization"},"alternateName":"Garrafeira on-line","potentialAction":[{"@type":"SearchAction","target":{"@type":"EntryPoint","urlTemplate":"https:\/\/www.tourinto.pt\/?s={search_term_string}"},"query-input":{"@type":"PropertyValueSpecification","valueRequired":true,"valueName":"search_term_string"}}],"inLanguage":"en-GB"},{"@type":["Organization","Place"],"@id":"https:\/\/www.tourinto.pt\/#organization","name":"Tourinto","alternateName":"Garrafeira Tourinto, Lda.","url":"https:\/\/www.tourinto.pt\/","logo":{"@id":"https:\/\/www.tourinto.pt\/product\/antonio-madeira-tinto-a-liberdade\/#local-main-organization-logo"},"image":{"@id":"https:\/\/www.tourinto.pt\/product\/antonio-madeira-tinto-a-liberdade\/#local-main-organization-logo"},"sameAs":["https:\/\/www.facebook.com\/garrafeiratourinto","https:\/\/www.instagram.com\/garrafeiratourinto\/"],"telephone":[],"openingHoursSpecification":[{"@type":"OpeningHoursSpecification","dayOfWeek":["Monday","Tuesday","Wednesday","Thursday","Friday","Saturday","Sunday"],"opens":"09:00","closes":"17:00"}]},{"@type":"ImageObject","inLanguage":"en-GB","@id":"https:\/\/www.tourinto.pt\/product\/antonio-madeira-tinto-a-liberdade\/#local-main-organization-logo","url":"https:\/\/i0.wp.com\/www.tourinto.pt\/wp-content\/uploads\/2022\/07\/tourinto-logo-big.png?fit=1400%2C505&ssl=1","contentUrl":"https:\/\/i0.wp.com\/www.tourinto.pt\/wp-content\/uploads\/2022\/07\/tourinto-logo-big.png?fit=1400%2C505&ssl=1","width":1400,"height":505,"caption":"Tourinto"}]},"product_price_amount":"25.10","product_price_currency":"EUR","og_availability":"instock","product_availability":"instock","product_retailer_item_id":"31.11.2022","product_condition":"new"},"jetpack_publicize_connections":[],"jetpack_sharing_enabled":true,"_links":{"self":[{"href":"https:\/\/www.tourinto.pt\/en\/wp-json\/wp\/v2\/product\/9695","targetHints":{"allow":["GET"]}}],"collection":[{"href":"https:\/\/www.tourinto.pt\/en\/wp-json\/wp\/v2\/product"}],"about":[{"href":"https:\/\/www.tourinto.pt\/en\/wp-json\/wp\/v2\/types\/product"}],"replies":[{"embeddable":true,"href":"https:\/\/www.tourinto.pt\/en\/wp-json\/wp\/v2\/comments?post=9695"}],"wp:featuredmedia":[{"embeddable":true,"href":"https:\/\/www.tourinto.pt\/en\/wp-json\/wp\/v2\/media\/14720"}],"wp:attachment":[{"href":"https:\/\/www.tourinto.pt\/en\/wp-json\/wp\/v2\/media?parent=9695"}],"wp:term":[{"taxonomy":"product_brand","embeddable":true,"href":"https:\/\/www.tourinto.pt\/en\/wp-json\/wp\/v2\/product_brand?post=9695"},{"taxonomy":"product_cat","embeddable":true,"href":"https:\/\/www.tourinto.pt\/en\/wp-json\/wp\/v2\/product_cat?post=9695"},{"taxonomy":"product_tag","embeddable":true,"href":"https:\/\/www.tourinto.pt\/en\/wp-json\/wp\/v2\/product_tag?post=9695"}],"curies":[{"name":"wp","href":"https:\/\/api.w.org\/{rel}","templated":true}]}}