{"id":9553,"date":"2024-03-22T18:44:05","date_gmt":"2024-03-22T18:44:05","guid":{"rendered":"https:\/\/www.tourinto.pt\/?post_type=product&#038;p=9553"},"modified":"2026-02-09T08:48:52","modified_gmt":"2026-02-09T08:48:52","slug":"serra-oca-branco","status":"publish","type":"product","link":"https:\/\/www.tourinto.pt\/en\/product\/serra-oca-branco\/","title":{"rendered":"Serra Oca White"},"content":{"rendered":"<div class=\"wpb-content-wrapper\"><div data-vc-full-width=\"true\" data-vc-full-width-init=\"false\" class=\"vc_row wpb_row vc_row-fluid vc_custom_1656585076455 vc_row-has-fill\"><div class=\"wpb_column vc_column_container vc_col-sm-12\"><div class=\"vc_column-inner\"><div class=\"wpb_wrapper\"><div class=\"vc_tta-container\" data-vc-action=\"collapse\"><div class=\"vc_general vc_tta vc_tta-tabs vc_tta-color-black vc_tta-style-flat vc_tta-shape-square vc_tta-spacing-1 vc_tta-o-no-fill vc_tta-tabs-position-top vc_tta-controls-align-left\"><div class=\"vc_tta-tabs-container\"><ul class=\"vc_tta-tabs-list\" role=\"tablist\"><li class=\"vc_tta-tab vc_active\" data-vc-tab role=\"presentation\"><a href=\"#1656584484701-0e478312-357c\" data-vc-tabs data-vc-container=\".vc_tta\" role=\"tab\" aria-selected=\"false\" id=\"tab-1656584484701-0e478312-357c\"><i class=\"vc_tta-icon vc-oi vc-oi-article\"><\/i><span class=\"vc_tta-title-text\">Description<\/span><\/a><\/li><\/ul><\/div><div class=\"vc_tta-panels-container\"><div class=\"vc_tta-panels\"><div class=\"vc_tta-panel vc_active\" id=\"1656584484701-0e478312-357c\" data-vc-content=\".vc_tta-panel-body\"><div class=\"vc_tta-panel-heading\"><h4 class=\"vc_tta-panel-title\"><a href=\"#1656584484701-0e478312-357c\" data-vc-accordion data-vc-container=\".vc_tta-container\"><i class=\"vc_tta-icon vc-oi vc-oi-article\"><\/i><span class=\"vc_tta-title-text\">Description<\/span><\/a><\/h4><\/div><div class=\"vc_tta-panel-body\">\n\t<div class=\"wpb_text_column wpb_content_element\" >\n\t\t<div class=\"wpb_wrapper\">\n\t\t\t<p><strong>Serra Oca White<\/strong><\/p>\n<p><strong>Grape varieties:<\/strong> Fern\u00e3o Pires (70%), Arinto (30%).<br \/>\n<strong>Vinification:<\/strong> Total destemming without crushing, maceration and spontaneous fermentation in 1000-litre vats for each grape variety separately for 8 days. Fermentation was completed partly in used French oak barrels and partly in stainless steel vats. It was not fined or filtered.<br \/>\n<strong>Aging:<\/strong> Used French oak barrel and part in stainless steel vats.<br \/>\n<strong>Colour:<\/strong> Golden.<br \/>\n<strong>Aroma:<\/strong> Mineral aroma with light floral notes, as well as vegetal and dried fruit notes.<br \/>\n<strong>Flavour:<\/strong> A wine of great intensity and freshness, as well as being gastronomic and with a long finish.<\/p>\n<hr style=\"border: #b0976d 1px dotted\" \/>\n<p><strong>Serve:\u00a0<\/strong>10 to 12\u2070<\/p>\n<p><strong>Consumption:\u00a0<\/strong>Immediate or storage (decant).<\/p>\n<hr style=\"border: #b0976d 1px dotted\" \/>\n<p><strong>Harmonisation: <\/strong>A very gastronomic wine for cod and white meat dishes.<\/p>\n<hr style=\"border: #b0976d 1px dotted\" \/>\n<p><strong>Producer: <\/strong><a href=\"https:\/\/www.tourinto.pt\/en\/produtores\/lisboa\/quinta-do-olival-da-murta\/\">Quinta do Olival da Murta<\/a><\/p>\n<p><strong>Enology:\u00a0<\/strong>Joana Vivas<\/p>\n<p><strong>Category:<\/strong> Portuguese Wines \u2013 <a href=\"https:\/\/www.tourinto.pt\/en\/portugal\/vinhos-de-lisboa\/\">Lisboa<\/a><\/p>\n<p><strong>Awards and Notes:<\/strong><\/p>\n<ul>\n<li><strong>Revista de Vinhos &#8211;\u00a0<\/strong><\/li>\n<\/ul>\n<p><strong><a href=\"https:\/\/www.quintadoolivaldamurta.pt\/\"><span style=\"color: #f1f1f1\">serra oca<\/span><\/a><\/strong><\/p>\n\n\t\t<\/div>\n\t<\/div>\n<\/div><\/div><\/div><\/div><\/div><\/div><\/div><\/div><\/div><\/div><div class=\"vc_row-full-width vc_clearfix\"><\/div><div data-vc-full-width=\"true\" data-vc-full-width-init=\"false\" data-vc-stretch-content=\"true\" class=\"vc_row wpb_row vc_row-fluid vc_custom_1709252237311 vc_row-no-padding\"><div class=\"wpb_column vc_column_container vc_col-sm-12\"><div class=\"vc_column-inner\"><div class=\"wpb_wrapper\">\n<div class=\"vc_grid-container-wrapper vc_clearfix vc_grid-animation-fadeIn\">\n\t<div class=\"vc_grid-container vc_clearfix wpb_content_element vc_media_grid\" data-initial-loading-animation=\"fadeIn\" data-vc-grid-settings=\"{&quot;page_id&quot;:9553,&quot;style&quot;:&quot;all&quot;,&quot;action&quot;:&quot;vc_get_vc_grid_data&quot;,&quot;shortcode_id&quot;:&quot;1755676565941-51152faa-9265-0&quot;,&quot;tag&quot;:&quot;vc_media_grid&quot;}\" data-vc-request=\"https:\/\/www.tourinto.pt\/wp-admin\/admin-ajax.php\" data-vc-post-id=\"9553\" data-vc-public-nonce=\"bcedf1fdb1\">\n\t\t\n\t<\/div>\n<\/div><\/div><\/div><\/div><\/div><div class=\"vc_row-full-width vc_clearfix\"><\/div>\n<\/div>","protected":false},"excerpt":{"rendered":"<p>Serra Oca Branco \u00e9 um vinho regional de Lisboa de curtimenta e de baixa interven\u00e7\u00e3o, proveniente de viticultura biol\u00f3gica. Apresenta aromas minerais com leves notas florais, assim como algum vegetal e frutos secos. Com Um grande intensidade e frescura, para al\u00e9m de um final prolongado, \u00e9 um vinho bastante gastron\u00f3mico.<\/p>\n<p>Saiba mais sobre a <a href=\"https:\/\/www.tourinto.pt\/produtores\/lisboa\/quinta-do-olival-da-murta\/\">Quinta do Olival da Murta<\/a>.<\/p>\n[contact-form-7 id=\"4433d5d\" title=\"nota Uni\u00e3o Europeia\"]\n","protected":false},"featured_media":9558,"comment_status":"closed","ping_status":"closed","template":"","meta":{"_acf_changed":false,"_joinchat":[],"jetpack_publicize_message":"","jetpack_publicize_feature_enabled":true,"jetpack_social_post_already_shared":true,"jetpack_social_options":{"image_generator_settings":{"template":"highway","default_image_id":0,"font":"","enabled":false},"version":2}},"product_brand":[],"product_cat":[18,363,297,424,433,392,100,113,81,44,464],"product_tag":[417,294,71,111,110],"class_list":{"0":"post-9553","1":"product","2":"type-product","3":"status-publish","4":"has-post-thumbnail","6":"product_cat-vinho-branco","7":"product_cat-biologico","8":"product_cat-minima-intervencao","9":"product_cat-vinhos-portugal","10":"product_cat-curtimenta","11":"product_cat-pequenos-produtores","12":"product_cat-tipologia","13":"product_cat-lisboa","14":"product_cat-regiao","15":"product_cat-produtores","16":"product_cat-quinta-do-olival-da-murta","17":"product_tag-biologico","18":"product_tag-minima-intervencao","19":"product_tag-arinto","20":"product_tag-fernao-pires","21":"product_tag-lisboa","22":"pa_ano-422","23":"pa_castas-fernao-pires","24":"pa_castas-arinto","25":"pa_categoria-vinhos-portugueses","26":"pa_enologia-joana-vivas","27":"pa_harmonizacao-pratos-de-bacalhau","28":"pa_harmonizacao-carnes-brancas","29":"pa_leveduras-indigenas","30":"pa_produtor-quinta-do-olival-da-murta","31":"pa_regiao-lisboa","32":"pa_tipologia-vinho-branco","33":"pa_vinificacao-minima-intervencao","34":"pa_viticultura-biologica","35":"pa_volume-750ml","37":"first","38":"instock","39":"taxable","40":"shipping-taxable","41":"purchasable","42":"product-type-simple"},"acf":[],"yoast_head":"<!-- This site is optimized with the Yoast SEO Premium plugin v27.5 (Yoast SEO v27.5) - https:\/\/yoast.com\/product\/yoast-seo-premium-wordpress\/ -->\n<title>Serra Oca Branco - Tourinto Premium Wines<\/title>\n<meta name=\"description\" content=\"Serra Oca Branco \u00e9 um vinho de curtimenta proveniente de viticultura biol\u00f3gica e baixa interven\u00e7\u00e3o, com aromas minerais e florais, intenso e fresco.\" \/>\n<meta name=\"robots\" content=\"index, follow, max-snippet:-1, max-image-preview:large, max-video-preview:-1\" \/>\n<link rel=\"canonical\" href=\"https:\/\/www.tourinto.pt\/en\/product\/serra-oca-branco\/\" \/>\n<meta property=\"og:locale\" content=\"en_GB\" \/>\n<meta property=\"og:type\" content=\"article\" \/>\n<meta property=\"og:title\" content=\"Serra Oca Branco\" \/>\n<meta property=\"og:description\" content=\"Serra Oca Branco \u00e9 um vinho de curtimenta proveniente de viticultura biol\u00f3gica e baixa interven\u00e7\u00e3o, com aromas minerais e florais, intenso e fresco.\" \/>\n<meta property=\"og:url\" content=\"https:\/\/www.tourinto.pt\/en\/product\/serra-oca-branco\/\" \/>\n<meta property=\"og:site_name\" content=\"Tourinto Premium Wines\" \/>\n<meta property=\"article:publisher\" content=\"https:\/\/www.facebook.com\/garrafeiratourinto\" \/>\n<meta property=\"article:modified_time\" content=\"2026-02-09T08:48:52+00:00\" \/>\n<meta property=\"og:image\" content=\"https:\/\/i0.wp.com\/www.tourinto.pt\/wp-content\/uploads\/2024\/03\/Serra-Oca-Branco.png?fit=881%2C1400&ssl=1\" \/>\n\t<meta property=\"og:image:width\" content=\"881\" \/>\n\t<meta property=\"og:image:height\" content=\"1400\" \/>\n\t<meta property=\"og:image:type\" content=\"image\/png\" \/>\n<meta name=\"twitter:card\" content=\"summary_large_image\" \/>\n<meta name=\"twitter:label1\" content=\"Price\" \/>\n\t<meta name=\"twitter:data1\" content=\"16,95&nbsp;&euro;\" \/>\n\t<meta name=\"twitter:label2\" content=\"Availability\" \/>\n\t<meta name=\"twitter:data2\" content=\"In stock\" \/>\n<script type=\"application\/ld+json\" class=\"yoast-schema-graph\">{\"@context\":\"https:\\\/\\\/schema.org\",\"@graph\":[{\"@type\":\"WebPage\",\"@id\":\"https:\\\/\\\/www.tourinto.pt\\\/product\\\/serra-oca-branco\\\/\",\"url\":\"https:\\\/\\\/www.tourinto.pt\\\/product\\\/serra-oca-branco\\\/\",\"name\":\"Serra Oca Branco - Tourinto Premium Wines\",\"isPartOf\":{\"@id\":\"https:\\\/\\\/www.tourinto.pt\\\/#website\"},\"primaryImageOfPage\":{\"@id\":\"https:\\\/\\\/www.tourinto.pt\\\/product\\\/serra-oca-branco\\\/#primaryimage\"},\"image\":{\"@id\":\"https:\\\/\\\/www.tourinto.pt\\\/product\\\/serra-oca-branco\\\/#primaryimage\"},\"thumbnailUrl\":\"https:\\\/\\\/i0.wp.com\\\/www.tourinto.pt\\\/wp-content\\\/uploads\\\/2024\\\/03\\\/Serra-Oca-Branco.png?fit=881%2C1400&ssl=1\",\"datePublished\":\"2024-03-22T18:44:05+00:00\",\"dateModified\":\"2026-02-09T08:48:52+00:00\",\"description\":\"Serra Oca Branco \u00e9 um vinho de curtimenta proveniente de viticultura biol\u00f3gica e baixa interven\u00e7\u00e3o, com aromas minerais e florais, intenso e fresco.\",\"breadcrumb\":{\"@id\":\"https:\\\/\\\/www.tourinto.pt\\\/product\\\/serra-oca-branco\\\/#breadcrumb\"},\"inLanguage\":\"en-GB\",\"potentialAction\":[{\"@type\":\"ReadAction\",\"target\":[\"https:\\\/\\\/www.tourinto.pt\\\/product\\\/serra-oca-branco\\\/\"]}]},{\"@type\":\"ImageObject\",\"inLanguage\":\"en-GB\",\"@id\":\"https:\\\/\\\/www.tourinto.pt\\\/product\\\/serra-oca-branco\\\/#primaryimage\",\"url\":\"https:\\\/\\\/i0.wp.com\\\/www.tourinto.pt\\\/wp-content\\\/uploads\\\/2024\\\/03\\\/Serra-Oca-Branco.png?fit=881%2C1400&ssl=1\",\"contentUrl\":\"https:\\\/\\\/i0.wp.com\\\/www.tourinto.pt\\\/wp-content\\\/uploads\\\/2024\\\/03\\\/Serra-Oca-Branco.png?fit=881%2C1400&ssl=1\",\"width\":881,\"height\":1400,\"caption\":\"Serra Oca Vinho Branco, Vinhos Serra Oca, Vinhos Quinta do Olival da Murta\"},{\"@type\":\"BreadcrumbList\",\"@id\":\"https:\\\/\\\/www.tourinto.pt\\\/product\\\/serra-oca-branco\\\/#breadcrumb\",\"itemListElement\":[{\"@type\":\"ListItem\",\"position\":1,\"name\":\"In\u00edcio\",\"item\":\"https:\\\/\\\/www.tourinto.pt\\\/\"},{\"@type\":\"ListItem\",\"position\":2,\"name\":\"Garrafeira on-line\",\"item\":\"https:\\\/\\\/www.tourinto.pt\\\/garrafeira-on-line\\\/\"},{\"@type\":\"ListItem\",\"position\":3,\"name\":\"Serra Oca Branco\"}]},{\"@type\":\"WebSite\",\"@id\":\"https:\\\/\\\/www.tourinto.pt\\\/#website\",\"url\":\"https:\\\/\\\/www.tourinto.pt\\\/\",\"name\":\"Tourinto Premium Wines\",\"description\":\"Garrafeira on-line\",\"publisher\":{\"@id\":\"https:\\\/\\\/www.tourinto.pt\\\/#organization\"},\"alternateName\":\"Garrafeira on-line\",\"potentialAction\":[{\"@type\":\"SearchAction\",\"target\":{\"@type\":\"EntryPoint\",\"urlTemplate\":\"https:\\\/\\\/www.tourinto.pt\\\/?s={search_term_string}\"},\"query-input\":{\"@type\":\"PropertyValueSpecification\",\"valueRequired\":true,\"valueName\":\"search_term_string\"}}],\"inLanguage\":\"en-GB\"},{\"@type\":[\"Organization\",\"Place\"],\"@id\":\"https:\\\/\\\/www.tourinto.pt\\\/#organization\",\"name\":\"Tourinto\",\"alternateName\":\"Garrafeira Tourinto, Lda.\",\"url\":\"https:\\\/\\\/www.tourinto.pt\\\/\",\"logo\":{\"@id\":\"https:\\\/\\\/www.tourinto.pt\\\/product\\\/serra-oca-branco\\\/#local-main-organization-logo\"},\"image\":{\"@id\":\"https:\\\/\\\/www.tourinto.pt\\\/product\\\/serra-oca-branco\\\/#local-main-organization-logo\"},\"sameAs\":[\"https:\\\/\\\/www.facebook.com\\\/garrafeiratourinto\",\"https:\\\/\\\/www.instagram.com\\\/garrafeiratourinto\\\/\"],\"telephone\":[],\"openingHoursSpecification\":[{\"@type\":\"OpeningHoursSpecification\",\"dayOfWeek\":[\"Monday\",\"Tuesday\",\"Wednesday\",\"Thursday\",\"Friday\",\"Saturday\",\"Sunday\"],\"opens\":\"09:00\",\"closes\":\"17:00\"}]},{\"@type\":\"ImageObject\",\"inLanguage\":\"en-GB\",\"@id\":\"https:\\\/\\\/www.tourinto.pt\\\/product\\\/serra-oca-branco\\\/#local-main-organization-logo\",\"url\":\"https:\\\/\\\/i0.wp.com\\\/www.tourinto.pt\\\/wp-content\\\/uploads\\\/2022\\\/07\\\/tourinto-logo-big.png?fit=1400%2C505&ssl=1\",\"contentUrl\":\"https:\\\/\\\/i0.wp.com\\\/www.tourinto.pt\\\/wp-content\\\/uploads\\\/2022\\\/07\\\/tourinto-logo-big.png?fit=1400%2C505&ssl=1\",\"width\":1400,\"height\":505,\"caption\":\"Tourinto\"}]}<\/script>\n<meta property=\"product:price:amount\" content=\"16.95\" \/>\n<meta property=\"product:price:currency\" content=\"EUR\" \/>\n<meta property=\"og:availability\" content=\"instock\" \/>\n<meta property=\"product:availability\" content=\"instock\" \/>\n<meta property=\"product:retailer_item_id\" content=\"83.01.2023\" \/>\n<meta property=\"product:condition\" content=\"new\" \/>\n<!-- \/ Yoast SEO Premium plugin. -->","yoast_head_json":{"title":"Serra Oca Branco - Tourinto Premium Wines","description":"Serra Oca Branco \u00e9 um vinho de curtimenta proveniente de viticultura biol\u00f3gica e baixa interven\u00e7\u00e3o, com aromas minerais e florais, intenso e fresco.","robots":{"index":"index","follow":"follow","max-snippet":"max-snippet:-1","max-image-preview":"max-image-preview:large","max-video-preview":"max-video-preview:-1"},"canonical":"https:\/\/www.tourinto.pt\/en\/product\/serra-oca-branco\/","og_locale":"en_GB","og_type":"article","og_title":"Serra Oca Branco","og_description":"Serra Oca Branco \u00e9 um vinho de curtimenta proveniente de viticultura biol\u00f3gica e baixa interven\u00e7\u00e3o, com aromas minerais e florais, intenso e fresco.","og_url":"https:\/\/www.tourinto.pt\/en\/product\/serra-oca-branco\/","og_site_name":"Tourinto Premium Wines","article_publisher":"https:\/\/www.facebook.com\/garrafeiratourinto","article_modified_time":"2026-02-09T08:48:52+00:00","og_image":[{"width":881,"height":1400,"url":"https:\/\/i0.wp.com\/www.tourinto.pt\/wp-content\/uploads\/2024\/03\/Serra-Oca-Branco.png?fit=881%2C1400&ssl=1","type":"image\/png"}],"twitter_card":"summary_large_image","twitter_misc":{"Price":"16,95&nbsp;&euro;","Availability":"In stock"},"schema":{"@context":"https:\/\/schema.org","@graph":[{"@type":"WebPage","@id":"https:\/\/www.tourinto.pt\/product\/serra-oca-branco\/","url":"https:\/\/www.tourinto.pt\/product\/serra-oca-branco\/","name":"Serra Oca Branco - Tourinto Premium Wines","isPartOf":{"@id":"https:\/\/www.tourinto.pt\/#website"},"primaryImageOfPage":{"@id":"https:\/\/www.tourinto.pt\/product\/serra-oca-branco\/#primaryimage"},"image":{"@id":"https:\/\/www.tourinto.pt\/product\/serra-oca-branco\/#primaryimage"},"thumbnailUrl":"https:\/\/i0.wp.com\/www.tourinto.pt\/wp-content\/uploads\/2024\/03\/Serra-Oca-Branco.png?fit=881%2C1400&ssl=1","datePublished":"2024-03-22T18:44:05+00:00","dateModified":"2026-02-09T08:48:52+00:00","description":"Serra Oca Branco \u00e9 um vinho de curtimenta proveniente de viticultura biol\u00f3gica e baixa interven\u00e7\u00e3o, com aromas minerais e florais, intenso e fresco.","breadcrumb":{"@id":"https:\/\/www.tourinto.pt\/product\/serra-oca-branco\/#breadcrumb"},"inLanguage":"en-GB","potentialAction":[{"@type":"ReadAction","target":["https:\/\/www.tourinto.pt\/product\/serra-oca-branco\/"]}]},{"@type":"ImageObject","inLanguage":"en-GB","@id":"https:\/\/www.tourinto.pt\/product\/serra-oca-branco\/#primaryimage","url":"https:\/\/i0.wp.com\/www.tourinto.pt\/wp-content\/uploads\/2024\/03\/Serra-Oca-Branco.png?fit=881%2C1400&ssl=1","contentUrl":"https:\/\/i0.wp.com\/www.tourinto.pt\/wp-content\/uploads\/2024\/03\/Serra-Oca-Branco.png?fit=881%2C1400&ssl=1","width":881,"height":1400,"caption":"Serra Oca Vinho Branco, Vinhos Serra Oca, Vinhos Quinta do Olival da Murta"},{"@type":"BreadcrumbList","@id":"https:\/\/www.tourinto.pt\/product\/serra-oca-branco\/#breadcrumb","itemListElement":[{"@type":"ListItem","position":1,"name":"In\u00edcio","item":"https:\/\/www.tourinto.pt\/"},{"@type":"ListItem","position":2,"name":"Garrafeira on-line","item":"https:\/\/www.tourinto.pt\/garrafeira-on-line\/"},{"@type":"ListItem","position":3,"name":"Serra Oca Branco"}]},{"@type":"WebSite","@id":"https:\/\/www.tourinto.pt\/#website","url":"https:\/\/www.tourinto.pt\/","name":"Tourinto Premium Wines","description":"Wine Shop online","publisher":{"@id":"https:\/\/www.tourinto.pt\/#organization"},"alternateName":"Garrafeira on-line","potentialAction":[{"@type":"SearchAction","target":{"@type":"EntryPoint","urlTemplate":"https:\/\/www.tourinto.pt\/?s={search_term_string}"},"query-input":{"@type":"PropertyValueSpecification","valueRequired":true,"valueName":"search_term_string"}}],"inLanguage":"en-GB"},{"@type":["Organization","Place"],"@id":"https:\/\/www.tourinto.pt\/#organization","name":"Tourinto","alternateName":"Garrafeira Tourinto, Lda.","url":"https:\/\/www.tourinto.pt\/","logo":{"@id":"https:\/\/www.tourinto.pt\/product\/serra-oca-branco\/#local-main-organization-logo"},"image":{"@id":"https:\/\/www.tourinto.pt\/product\/serra-oca-branco\/#local-main-organization-logo"},"sameAs":["https:\/\/www.facebook.com\/garrafeiratourinto","https:\/\/www.instagram.com\/garrafeiratourinto\/"],"telephone":[],"openingHoursSpecification":[{"@type":"OpeningHoursSpecification","dayOfWeek":["Monday","Tuesday","Wednesday","Thursday","Friday","Saturday","Sunday"],"opens":"09:00","closes":"17:00"}]},{"@type":"ImageObject","inLanguage":"en-GB","@id":"https:\/\/www.tourinto.pt\/product\/serra-oca-branco\/#local-main-organization-logo","url":"https:\/\/i0.wp.com\/www.tourinto.pt\/wp-content\/uploads\/2022\/07\/tourinto-logo-big.png?fit=1400%2C505&ssl=1","contentUrl":"https:\/\/i0.wp.com\/www.tourinto.pt\/wp-content\/uploads\/2022\/07\/tourinto-logo-big.png?fit=1400%2C505&ssl=1","width":1400,"height":505,"caption":"Tourinto"}]},"product_price_amount":"16.95","product_price_currency":"EUR","og_availability":"instock","product_availability":"instock","product_retailer_item_id":"83.01.2023","product_condition":"new"},"jetpack_publicize_connections":[],"jetpack_sharing_enabled":true,"_links":{"self":[{"href":"https:\/\/www.tourinto.pt\/en\/wp-json\/wp\/v2\/product\/9553","targetHints":{"allow":["GET"]}}],"collection":[{"href":"https:\/\/www.tourinto.pt\/en\/wp-json\/wp\/v2\/product"}],"about":[{"href":"https:\/\/www.tourinto.pt\/en\/wp-json\/wp\/v2\/types\/product"}],"replies":[{"embeddable":true,"href":"https:\/\/www.tourinto.pt\/en\/wp-json\/wp\/v2\/comments?post=9553"}],"wp:featuredmedia":[{"embeddable":true,"href":"https:\/\/www.tourinto.pt\/en\/wp-json\/wp\/v2\/media\/9558"}],"wp:attachment":[{"href":"https:\/\/www.tourinto.pt\/en\/wp-json\/wp\/v2\/media?parent=9553"}],"wp:term":[{"taxonomy":"product_brand","embeddable":true,"href":"https:\/\/www.tourinto.pt\/en\/wp-json\/wp\/v2\/product_brand?post=9553"},{"taxonomy":"product_cat","embeddable":true,"href":"https:\/\/www.tourinto.pt\/en\/wp-json\/wp\/v2\/product_cat?post=9553"},{"taxonomy":"product_tag","embeddable":true,"href":"https:\/\/www.tourinto.pt\/en\/wp-json\/wp\/v2\/product_tag?post=9553"}],"curies":[{"name":"wp","href":"https:\/\/api.w.org\/{rel}","templated":true}]}}