{"id":9425,"date":"2024-03-16T10:05:10","date_gmt":"2024-03-16T10:05:10","guid":{"rendered":"https:\/\/www.tourinto.pt\/?post_type=product&#038;p=9425"},"modified":"2026-04-11T14:51:28","modified_gmt":"2026-04-11T14:51:28","slug":"argiano-rosso-di-montalcino-2022","status":"publish","type":"product","link":"https:\/\/www.tourinto.pt\/en\/product\/argiano-rosso-di-montalcino-2022\/","title":{"rendered":"Argiano Rosso di Montalcino DOC 2022"},"content":{"rendered":"<div class=\"wpb-content-wrapper\"><div data-vc-full-width=\"true\" data-vc-full-width-init=\"false\" class=\"vc_row wpb_row vc_row-fluid vc_custom_1656585076455 vc_row-has-fill\"><div class=\"wpb_column vc_column_container vc_col-sm-12\"><div class=\"vc_column-inner\"><div class=\"wpb_wrapper\"><div class=\"vc_tta-container\" data-vc-action=\"collapse\"><div class=\"vc_general vc_tta vc_tta-tabs vc_tta-color-black vc_tta-style-flat vc_tta-shape-square vc_tta-spacing-1 vc_tta-o-no-fill vc_tta-tabs-position-top vc_tta-controls-align-left\"><div class=\"vc_tta-tabs-container\"><ul class=\"vc_tta-tabs-list\" role=\"tablist\"><li class=\"vc_tta-tab vc_active\" data-vc-tab role=\"presentation\"><a href=\"#1656584484701-0e478312-357c\" data-vc-tabs data-vc-container=\".vc_tta\" role=\"tab\" aria-selected=\"false\" id=\"tab-1656584484701-0e478312-357c\"><i class=\"vc_tta-icon vc-oi vc-oi-article\"><\/i><span class=\"vc_tta-title-text\">Description<\/span><\/a><\/li><\/ul><\/div><div class=\"vc_tta-panels-container\"><div class=\"vc_tta-panels\"><div class=\"vc_tta-panel vc_active\" id=\"1656584484701-0e478312-357c\" data-vc-content=\".vc_tta-panel-body\"><div class=\"vc_tta-panel-heading\"><h4 class=\"vc_tta-panel-title\"><a href=\"#1656584484701-0e478312-357c\" data-vc-accordion data-vc-container=\".vc_tta-container\"><i class=\"vc_tta-icon vc-oi vc-oi-article\"><\/i><span class=\"vc_tta-title-text\">Description<\/span><\/a><\/h4><\/div><div class=\"vc_tta-panel-body\">\n\t<div class=\"wpb_text_column wpb_content_element\" >\n\t\t<div class=\"wpb_wrapper\">\n\t\t\t<p><strong>Argiano Rosso di Montalcino DOC 2022 <\/strong><\/p>\n<p><strong>Grape varieties: <\/strong>Sangiovese 100%.<br \/>\n<strong>Vinification:\u00a0<\/strong>Cold pre-fermentation maceration followed by spontaneous fermentation. Skin maceration for 10 days in temperature-controlled steel vats.<br \/>\n<strong>Aging: <\/strong>French oak barrels (10-50 hl) for around 6 to 9 months.<br \/>\n<strong>Colour: <\/strong>Ruby open.<strong><br \/>\n<\/strong><strong>Aroma: <\/strong>Fresh and vibrant, with aromas of red fruits, as well as a touch of citrus and spice on the finish.<br \/>\n<strong>Flavour: <\/strong>The palate is fresh and balanced, as well as harmonious and flavoursome. It's a gastronomic and versatile wine.<\/p>\n<hr style=\"border: #b0976d 1px dotted\" \/>\n<p><strong>Serve:<\/strong> 16 to 18\u2070<br \/>\n<strong>Consumption: <\/strong>Immediate or storage.<\/p>\n<hr style=\"border: #b0976d 1px dotted\" \/>\n<p><strong>Harmonisation: <\/strong>Pasta and veal carpaccio. Great gastronomic versatility.<\/p>\n<hr style=\"border: #b0976d 1px dotted\" \/>\n<p><strong>Producer:<\/strong> <a href=\"https:\/\/www.tourinto.pt\/en\/produtores\/produtores-italia\/argiano-1580\/\">Argiano<\/a><\/p>\n<p><strong>Enology:<\/strong> Bernardino Sani e Roberto Caporossi<\/p>\n<p><strong>Classification:<\/strong> <a href=\"https:\/\/www.tourinto.pt\/en\/produto-categoria\/vinhos-italianos\/\">Italian Wines<\/a> &#8211; <a href=\"https:\/\/www.tourinto.pt\/en\/produtores\/vinhos-italia-toscana\/\">Tuscany<\/a><\/p>\n<p><strong>Awards and Notes:<\/strong><\/p>\n<ul>\n<li><strong>James Suckling &#8211; 91\/100 (2022)<\/strong><\/li>\n<\/ul>\n<p><a href=\"https:\/\/argiano.net\/en\/\"><span style=\"color: #f1f1f1\">Wines from Tuscany<\/span><\/a><\/p>\n\n\t\t<\/div>\n\t<\/div>\n<\/div><\/div><\/div><\/div><\/div><\/div><\/div><\/div><\/div><\/div><div class=\"vc_row-full-width vc_clearfix\"><\/div><div data-vc-full-width=\"true\" data-vc-full-width-init=\"false\" data-vc-stretch-content=\"true\" class=\"vc_row wpb_row vc_row-fluid vc_row-no-padding\"><div class=\"wpb_column vc_column_container vc_col-sm-12\"><div class=\"vc_column-inner\"><div class=\"wpb_wrapper\">\n<div class=\"vc_grid-container-wrapper vc_clearfix vc_grid-animation-fadeIn\">\n\t<div class=\"vc_grid-container vc_clearfix wpb_content_element vc_media_grid\" data-initial-loading-animation=\"fadeIn\" data-vc-grid-settings=\"{&quot;page_id&quot;:9425,&quot;style&quot;:&quot;all&quot;,&quot;action&quot;:&quot;vc_get_vc_grid_data&quot;,&quot;shortcode_id&quot;:&quot;1756725668446-fea6b857-04b5-6&quot;,&quot;tag&quot;:&quot;vc_media_grid&quot;}\" data-vc-request=\"https:\/\/www.tourinto.pt\/wp-admin\/admin-ajax.php\" data-vc-post-id=\"9425\" data-vc-public-nonce=\"63abc035fc\">\n\t\t\n\t<\/div>\n<\/div><\/div><\/div><\/div><\/div><div class=\"vc_row-full-width vc_clearfix\"><\/div>\n<\/div>","protected":false},"excerpt":{"rendered":"<p>Argiano Rosso di Montalcino DOCG \u00e9 um 100% Sangiovese de m\u00ednima interven\u00e7\u00e3o, proveniente de viticultura biol\u00f3gica. Um vinho fresco e vibrante, com aromas de frutos vermelhos, para al\u00e9m de um toque de citrinos e especiarias no final. O paladar \u00e9 fresco, harmonioso e saboroso, apresentando ainda grande versatilidade gastron\u00f3mica.<\/p>\n<p>Saiba mais sobre a <a href=\"https:\/\/www.tourinto.pt\/produtores\/argiano-1580\/\">Argiano 1580<\/a>.<\/p>\n[contact-form-7 id=\"4433d5d\" title=\"nota Uni\u00e3o Europeia\"]\n","protected":false},"featured_media":13586,"comment_status":"closed","ping_status":"closed","template":"","meta":{"_acf_changed":false,"_joinchat":[],"jetpack_publicize_message":"","jetpack_publicize_feature_enabled":true,"jetpack_social_post_already_shared":false,"jetpack_social_options":{"image_generator_settings":{"template":"highway","default_image_id":0,"font":"","enabled":false},"version":2}},"product_brand":[],"product_cat":[1442,1457,1467,1308,458,371,297,976,210,100,81,44,1120],"product_tag":[730,248,250,294,372,417],"class_list":{"0":"post-9425","1":"product","2":"type-product","3":"status-publish","4":"has-post-thumbnail","6":"product_cat-rtd-tintos-internacionais-destaque","7":"product_cat-tintos-internacionais","8":"product_cat-massas-e-risottos","9":"product_cat-raedy-to-drink-tintos-internacionais","10":"product_cat-argiano-1580","11":"product_cat-toscana","12":"product_cat-minima-intervencao","13":"product_cat-vinhos-estrangeiros","14":"product_cat-vinhos-italianos","15":"product_cat-tipologia","16":"product_cat-regiao","17":"product_cat-produtores","18":"product_cat-sangiovese","19":"product_tag-vinhos-italianos","20":"product_tag-toscana","21":"product_tag-sangiovese","22":"product_tag-minima-intervencao","23":"product_tag-vinho-tinto","24":"product_tag-biologico","25":"pa_ano-336","26":"pa_castas-sangiovese","27":"pa_categoria-vinhos-italianos","28":"pa_categoria-vinhos-do-piemonte","29":"pa_categoria-tuscany","30":"pa_enologia-bernardino-sani-roberto-capoross","31":"pa_harmonizacao-versatilidade-gastronomica","32":"pa_harmonizacao-massas","33":"pa_harmonizacao-carpaccio-de-vitela","34":"pa_leveduras-indigenas","35":"pa_produtor-argiano","36":"pa_regiao-toscana","37":"pa_tipologia-vinho-tinto","38":"pa_vinificacao-minima-intervencao","39":"pa_viticultura-biologica","40":"pa_volume-750ml","42":"first","43":"instock","44":"taxable","45":"shipping-taxable","46":"purchasable","47":"product-type-simple"},"acf":[],"yoast_head":"<!-- This site is optimized with the Yoast SEO Premium plugin v27.5 (Yoast SEO v27.5) - https:\/\/yoast.com\/product\/yoast-seo-premium-wordpress\/ -->\n<title>Argiano Rosso di Montalcino DOC 2022 - Tourinto Premium Wines<\/title>\n<meta name=\"description\" content=\"Argiano Rosso di Montalcino \u00e9 um Sangiovese de m\u00ednima interven\u00e7\u00e3o e viticultura biol\u00f3gica, com notas de cereja, frutos vermelhos e mato, salino e fresco.\" \/>\n<meta name=\"robots\" content=\"index, follow, max-snippet:-1, max-image-preview:large, max-video-preview:-1\" \/>\n<link rel=\"canonical\" href=\"https:\/\/www.tourinto.pt\/en\/product\/argiano-rosso-di-montalcino-2022\/\" \/>\n<meta property=\"og:locale\" content=\"en_GB\" \/>\n<meta property=\"og:type\" content=\"article\" \/>\n<meta property=\"og:title\" content=\"Argiano Rosso di Montalcino DOC 2022\" \/>\n<meta property=\"og:description\" content=\"Argiano Rosso di Montalcino \u00e9 um Sangiovese de m\u00ednima interven\u00e7\u00e3o e viticultura biol\u00f3gica, com notas de cereja, frutos vermelhos e mato, salino e fresco.\" \/>\n<meta property=\"og:url\" content=\"https:\/\/www.tourinto.pt\/en\/product\/argiano-rosso-di-montalcino-2022\/\" \/>\n<meta property=\"og:site_name\" content=\"Tourinto Premium Wines\" \/>\n<meta property=\"article:publisher\" content=\"https:\/\/www.facebook.com\/garrafeiratourinto\" \/>\n<meta property=\"article:modified_time\" content=\"2026-04-11T14:51:28+00:00\" \/>\n<meta property=\"og:image\" content=\"https:\/\/i0.wp.com\/www.tourinto.pt\/wp-content\/uploads\/2024\/03\/Argiano-Rosso-di-Montalcino.webp?fit=881%2C1400&ssl=1\" \/>\n\t<meta property=\"og:image:width\" content=\"881\" \/>\n\t<meta property=\"og:image:height\" content=\"1400\" \/>\n\t<meta property=\"og:image:type\" content=\"image\/webp\" \/>\n<meta name=\"twitter:card\" content=\"summary_large_image\" \/>\n<meta name=\"twitter:label1\" content=\"Price\" \/>\n\t<meta name=\"twitter:data1\" content=\"24,50&nbsp;&euro;\" \/>\n\t<meta name=\"twitter:label2\" content=\"Availability\" \/>\n\t<meta name=\"twitter:data2\" content=\"In stock\" \/>\n<script type=\"application\/ld+json\" class=\"yoast-schema-graph\">{\"@context\":\"https:\\\/\\\/schema.org\",\"@graph\":[{\"@type\":\"WebPage\",\"@id\":\"https:\\\/\\\/www.tourinto.pt\\\/product\\\/argiano-rosso-di-montalcino-2022\\\/\",\"url\":\"https:\\\/\\\/www.tourinto.pt\\\/product\\\/argiano-rosso-di-montalcino-2022\\\/\",\"name\":\"Argiano Rosso di Montalcino DOC 2022 - Tourinto Premium Wines\",\"isPartOf\":{\"@id\":\"https:\\\/\\\/www.tourinto.pt\\\/#website\"},\"primaryImageOfPage\":{\"@id\":\"https:\\\/\\\/www.tourinto.pt\\\/product\\\/argiano-rosso-di-montalcino-2022\\\/#primaryimage\"},\"image\":{\"@id\":\"https:\\\/\\\/www.tourinto.pt\\\/product\\\/argiano-rosso-di-montalcino-2022\\\/#primaryimage\"},\"thumbnailUrl\":\"https:\\\/\\\/i0.wp.com\\\/www.tourinto.pt\\\/wp-content\\\/uploads\\\/2024\\\/03\\\/Argiano-Rosso-di-Montalcino.webp?fit=881%2C1400&ssl=1\",\"datePublished\":\"2024-03-16T10:05:10+00:00\",\"dateModified\":\"2026-04-11T14:51:28+00:00\",\"description\":\"Argiano Rosso di Montalcino \u00e9 um Sangiovese de m\u00ednima interven\u00e7\u00e3o e viticultura biol\u00f3gica, com notas de cereja, frutos vermelhos e mato, salino e fresco.\",\"breadcrumb\":{\"@id\":\"https:\\\/\\\/www.tourinto.pt\\\/product\\\/argiano-rosso-di-montalcino-2022\\\/#breadcrumb\"},\"inLanguage\":\"en-GB\",\"potentialAction\":[{\"@type\":\"ReadAction\",\"target\":[\"https:\\\/\\\/www.tourinto.pt\\\/product\\\/argiano-rosso-di-montalcino-2022\\\/\"]}]},{\"@type\":\"ImageObject\",\"inLanguage\":\"en-GB\",\"@id\":\"https:\\\/\\\/www.tourinto.pt\\\/product\\\/argiano-rosso-di-montalcino-2022\\\/#primaryimage\",\"url\":\"https:\\\/\\\/i0.wp.com\\\/www.tourinto.pt\\\/wp-content\\\/uploads\\\/2024\\\/03\\\/Argiano-Rosso-di-Montalcino.webp?fit=881%2C1400&ssl=1\",\"contentUrl\":\"https:\\\/\\\/i0.wp.com\\\/www.tourinto.pt\\\/wp-content\\\/uploads\\\/2024\\\/03\\\/Argiano-Rosso-di-Montalcino.webp?fit=881%2C1400&ssl=1\",\"width\":881,\"height\":1400,\"caption\":\"Argiano Rosso, Argiano Vinho Tinto, Argiano Sangiovese, Argiano Toscana, Vinhos Italianos, Vinhos da Toscana\"},{\"@type\":\"BreadcrumbList\",\"@id\":\"https:\\\/\\\/www.tourinto.pt\\\/product\\\/argiano-rosso-di-montalcino-2022\\\/#breadcrumb\",\"itemListElement\":[{\"@type\":\"ListItem\",\"position\":1,\"name\":\"In\u00edcio\",\"item\":\"https:\\\/\\\/www.tourinto.pt\\\/\"},{\"@type\":\"ListItem\",\"position\":2,\"name\":\"Garrafeira on-line\",\"item\":\"https:\\\/\\\/www.tourinto.pt\\\/garrafeira-on-line\\\/\"},{\"@type\":\"ListItem\",\"position\":3,\"name\":\"Argiano Rosso di Montalcino DOC 2022\"}]},{\"@type\":\"WebSite\",\"@id\":\"https:\\\/\\\/www.tourinto.pt\\\/#website\",\"url\":\"https:\\\/\\\/www.tourinto.pt\\\/\",\"name\":\"Tourinto Premium Wines\",\"description\":\"Garrafeira on-line\",\"publisher\":{\"@id\":\"https:\\\/\\\/www.tourinto.pt\\\/#organization\"},\"alternateName\":\"Garrafeira on-line\",\"potentialAction\":[{\"@type\":\"SearchAction\",\"target\":{\"@type\":\"EntryPoint\",\"urlTemplate\":\"https:\\\/\\\/www.tourinto.pt\\\/?s={search_term_string}\"},\"query-input\":{\"@type\":\"PropertyValueSpecification\",\"valueRequired\":true,\"valueName\":\"search_term_string\"}}],\"inLanguage\":\"en-GB\"},{\"@type\":[\"Organization\",\"Place\"],\"@id\":\"https:\\\/\\\/www.tourinto.pt\\\/#organization\",\"name\":\"Tourinto\",\"alternateName\":\"Garrafeira Tourinto, Lda.\",\"url\":\"https:\\\/\\\/www.tourinto.pt\\\/\",\"logo\":{\"@id\":\"https:\\\/\\\/www.tourinto.pt\\\/product\\\/argiano-rosso-di-montalcino-2022\\\/#local-main-organization-logo\"},\"image\":{\"@id\":\"https:\\\/\\\/www.tourinto.pt\\\/product\\\/argiano-rosso-di-montalcino-2022\\\/#local-main-organization-logo\"},\"sameAs\":[\"https:\\\/\\\/www.facebook.com\\\/garrafeiratourinto\",\"https:\\\/\\\/www.instagram.com\\\/garrafeiratourinto\\\/\"],\"telephone\":[],\"openingHoursSpecification\":[{\"@type\":\"OpeningHoursSpecification\",\"dayOfWeek\":[\"Monday\",\"Tuesday\",\"Wednesday\",\"Thursday\",\"Friday\",\"Saturday\",\"Sunday\"],\"opens\":\"09:00\",\"closes\":\"17:00\"}]},{\"@type\":\"ImageObject\",\"inLanguage\":\"en-GB\",\"@id\":\"https:\\\/\\\/www.tourinto.pt\\\/product\\\/argiano-rosso-di-montalcino-2022\\\/#local-main-organization-logo\",\"url\":\"https:\\\/\\\/i0.wp.com\\\/www.tourinto.pt\\\/wp-content\\\/uploads\\\/2022\\\/07\\\/tourinto-logo-big.png?fit=1400%2C505&ssl=1\",\"contentUrl\":\"https:\\\/\\\/i0.wp.com\\\/www.tourinto.pt\\\/wp-content\\\/uploads\\\/2022\\\/07\\\/tourinto-logo-big.png?fit=1400%2C505&ssl=1\",\"width\":1400,\"height\":505,\"caption\":\"Tourinto\"}]}<\/script>\n<meta property=\"product:price:amount\" content=\"24.50\" \/>\n<meta property=\"product:price:currency\" content=\"EUR\" \/>\n<meta property=\"og:availability\" content=\"instock\" \/>\n<meta property=\"product:availability\" content=\"instock\" \/>\n<meta property=\"product:retailer_item_id\" content=\"82.02.2022\" \/>\n<meta property=\"product:condition\" content=\"new\" \/>\n<!-- \/ Yoast SEO Premium plugin. -->","yoast_head_json":{"title":"Argiano Rosso di Montalcino DOC 2022 - Tourinto Premium Wines","description":"Argiano Rosso di Montalcino \u00e9 um Sangiovese de m\u00ednima interven\u00e7\u00e3o e viticultura biol\u00f3gica, com notas de cereja, frutos vermelhos e mato, salino e fresco.","robots":{"index":"index","follow":"follow","max-snippet":"max-snippet:-1","max-image-preview":"max-image-preview:large","max-video-preview":"max-video-preview:-1"},"canonical":"https:\/\/www.tourinto.pt\/en\/product\/argiano-rosso-di-montalcino-2022\/","og_locale":"en_GB","og_type":"article","og_title":"Argiano Rosso di Montalcino DOC 2022","og_description":"Argiano Rosso di Montalcino \u00e9 um Sangiovese de m\u00ednima interven\u00e7\u00e3o e viticultura biol\u00f3gica, com notas de cereja, frutos vermelhos e mato, salino e fresco.","og_url":"https:\/\/www.tourinto.pt\/en\/product\/argiano-rosso-di-montalcino-2022\/","og_site_name":"Tourinto Premium Wines","article_publisher":"https:\/\/www.facebook.com\/garrafeiratourinto","article_modified_time":"2026-04-11T14:51:28+00:00","og_image":[{"width":881,"height":1400,"url":"https:\/\/i0.wp.com\/www.tourinto.pt\/wp-content\/uploads\/2024\/03\/Argiano-Rosso-di-Montalcino.webp?fit=881%2C1400&ssl=1","type":"image\/webp"}],"twitter_card":"summary_large_image","twitter_misc":{"Price":"24,50&nbsp;&euro;","Availability":"In stock"},"schema":{"@context":"https:\/\/schema.org","@graph":[{"@type":"WebPage","@id":"https:\/\/www.tourinto.pt\/product\/argiano-rosso-di-montalcino-2022\/","url":"https:\/\/www.tourinto.pt\/product\/argiano-rosso-di-montalcino-2022\/","name":"Argiano Rosso di Montalcino DOC 2022 - Tourinto Premium Wines","isPartOf":{"@id":"https:\/\/www.tourinto.pt\/#website"},"primaryImageOfPage":{"@id":"https:\/\/www.tourinto.pt\/product\/argiano-rosso-di-montalcino-2022\/#primaryimage"},"image":{"@id":"https:\/\/www.tourinto.pt\/product\/argiano-rosso-di-montalcino-2022\/#primaryimage"},"thumbnailUrl":"https:\/\/i0.wp.com\/www.tourinto.pt\/wp-content\/uploads\/2024\/03\/Argiano-Rosso-di-Montalcino.webp?fit=881%2C1400&ssl=1","datePublished":"2024-03-16T10:05:10+00:00","dateModified":"2026-04-11T14:51:28+00:00","description":"Argiano Rosso di Montalcino \u00e9 um Sangiovese de m\u00ednima interven\u00e7\u00e3o e viticultura biol\u00f3gica, com notas de cereja, frutos vermelhos e mato, salino e fresco.","breadcrumb":{"@id":"https:\/\/www.tourinto.pt\/product\/argiano-rosso-di-montalcino-2022\/#breadcrumb"},"inLanguage":"en-GB","potentialAction":[{"@type":"ReadAction","target":["https:\/\/www.tourinto.pt\/product\/argiano-rosso-di-montalcino-2022\/"]}]},{"@type":"ImageObject","inLanguage":"en-GB","@id":"https:\/\/www.tourinto.pt\/product\/argiano-rosso-di-montalcino-2022\/#primaryimage","url":"https:\/\/i0.wp.com\/www.tourinto.pt\/wp-content\/uploads\/2024\/03\/Argiano-Rosso-di-Montalcino.webp?fit=881%2C1400&ssl=1","contentUrl":"https:\/\/i0.wp.com\/www.tourinto.pt\/wp-content\/uploads\/2024\/03\/Argiano-Rosso-di-Montalcino.webp?fit=881%2C1400&ssl=1","width":881,"height":1400,"caption":"Argiano Rosso, Argiano Vinho Tinto, Argiano Sangiovese, Argiano Toscana, Vinhos Italianos, Vinhos da Toscana"},{"@type":"BreadcrumbList","@id":"https:\/\/www.tourinto.pt\/product\/argiano-rosso-di-montalcino-2022\/#breadcrumb","itemListElement":[{"@type":"ListItem","position":1,"name":"In\u00edcio","item":"https:\/\/www.tourinto.pt\/"},{"@type":"ListItem","position":2,"name":"Garrafeira on-line","item":"https:\/\/www.tourinto.pt\/garrafeira-on-line\/"},{"@type":"ListItem","position":3,"name":"Argiano Rosso di Montalcino DOC 2022"}]},{"@type":"WebSite","@id":"https:\/\/www.tourinto.pt\/#website","url":"https:\/\/www.tourinto.pt\/","name":"Tourinto Premium Wines","description":"Wine Shop online","publisher":{"@id":"https:\/\/www.tourinto.pt\/#organization"},"alternateName":"Garrafeira on-line","potentialAction":[{"@type":"SearchAction","target":{"@type":"EntryPoint","urlTemplate":"https:\/\/www.tourinto.pt\/?s={search_term_string}"},"query-input":{"@type":"PropertyValueSpecification","valueRequired":true,"valueName":"search_term_string"}}],"inLanguage":"en-GB"},{"@type":["Organization","Place"],"@id":"https:\/\/www.tourinto.pt\/#organization","name":"Tourinto","alternateName":"Garrafeira Tourinto, Lda.","url":"https:\/\/www.tourinto.pt\/","logo":{"@id":"https:\/\/www.tourinto.pt\/product\/argiano-rosso-di-montalcino-2022\/#local-main-organization-logo"},"image":{"@id":"https:\/\/www.tourinto.pt\/product\/argiano-rosso-di-montalcino-2022\/#local-main-organization-logo"},"sameAs":["https:\/\/www.facebook.com\/garrafeiratourinto","https:\/\/www.instagram.com\/garrafeiratourinto\/"],"telephone":[],"openingHoursSpecification":[{"@type":"OpeningHoursSpecification","dayOfWeek":["Monday","Tuesday","Wednesday","Thursday","Friday","Saturday","Sunday"],"opens":"09:00","closes":"17:00"}]},{"@type":"ImageObject","inLanguage":"en-GB","@id":"https:\/\/www.tourinto.pt\/product\/argiano-rosso-di-montalcino-2022\/#local-main-organization-logo","url":"https:\/\/i0.wp.com\/www.tourinto.pt\/wp-content\/uploads\/2022\/07\/tourinto-logo-big.png?fit=1400%2C505&ssl=1","contentUrl":"https:\/\/i0.wp.com\/www.tourinto.pt\/wp-content\/uploads\/2022\/07\/tourinto-logo-big.png?fit=1400%2C505&ssl=1","width":1400,"height":505,"caption":"Tourinto"}]},"product_price_amount":"24.50","product_price_currency":"EUR","og_availability":"instock","product_availability":"instock","product_retailer_item_id":"82.02.2022","product_condition":"new"},"jetpack_publicize_connections":[],"jetpack_sharing_enabled":true,"_links":{"self":[{"href":"https:\/\/www.tourinto.pt\/en\/wp-json\/wp\/v2\/product\/9425","targetHints":{"allow":["GET"]}}],"collection":[{"href":"https:\/\/www.tourinto.pt\/en\/wp-json\/wp\/v2\/product"}],"about":[{"href":"https:\/\/www.tourinto.pt\/en\/wp-json\/wp\/v2\/types\/product"}],"replies":[{"embeddable":true,"href":"https:\/\/www.tourinto.pt\/en\/wp-json\/wp\/v2\/comments?post=9425"}],"wp:featuredmedia":[{"embeddable":true,"href":"https:\/\/www.tourinto.pt\/en\/wp-json\/wp\/v2\/media\/13586"}],"wp:attachment":[{"href":"https:\/\/www.tourinto.pt\/en\/wp-json\/wp\/v2\/media?parent=9425"}],"wp:term":[{"taxonomy":"product_brand","embeddable":true,"href":"https:\/\/www.tourinto.pt\/en\/wp-json\/wp\/v2\/product_brand?post=9425"},{"taxonomy":"product_cat","embeddable":true,"href":"https:\/\/www.tourinto.pt\/en\/wp-json\/wp\/v2\/product_cat?post=9425"},{"taxonomy":"product_tag","embeddable":true,"href":"https:\/\/www.tourinto.pt\/en\/wp-json\/wp\/v2\/product_tag?post=9425"}],"curies":[{"name":"wp","href":"https:\/\/api.w.org\/{rel}","templated":true}]}}