{"id":9048,"date":"2024-02-13T10:43:04","date_gmt":"2024-02-13T10:43:04","guid":{"rendered":"https:\/\/www.tourinto.pt\/?post_type=product&#038;p=9048"},"modified":"2026-02-28T17:21:22","modified_gmt":"2026-02-28T17:21:22","slug":"sao-lourenco-do-barrocal-syrah-tinto","status":"publish","type":"product","link":"https:\/\/www.tourinto.pt\/en\/product\/sao-lourenco-do-barrocal-syrah-tinto\/","title":{"rendered":"S\u00e3o Louren\u00e7o do Barrocal Syrah"},"content":{"rendered":"<div class=\"wpb-content-wrapper\"><div data-vc-full-width=\"true\" data-vc-full-width-init=\"false\" class=\"vc_row wpb_row vc_row-fluid vc_custom_1656585076455 vc_row-has-fill\"><div class=\"wpb_column vc_column_container vc_col-sm-12\"><div class=\"vc_column-inner\"><div class=\"wpb_wrapper\"><div class=\"vc_tta-container\" data-vc-action=\"collapse\"><div class=\"vc_general vc_tta vc_tta-tabs vc_tta-color-black vc_tta-style-flat vc_tta-shape-square vc_tta-spacing-1 vc_tta-o-no-fill vc_tta-tabs-position-top vc_tta-controls-align-left\"><div class=\"vc_tta-tabs-container\"><ul class=\"vc_tta-tabs-list\" role=\"tablist\"><li class=\"vc_tta-tab vc_active\" data-vc-tab role=\"presentation\"><a href=\"#1656584484701-0e478312-357c\" data-vc-tabs data-vc-container=\".vc_tta\" role=\"tab\" aria-selected=\"false\" id=\"tab-1656584484701-0e478312-357c\"><i class=\"vc_tta-icon vc-oi vc-oi-article\"><\/i><span class=\"vc_tta-title-text\">Description<\/span><\/a><\/li><\/ul><\/div><div class=\"vc_tta-panels-container\"><div class=\"vc_tta-panels\"><div class=\"vc_tta-panel vc_active\" id=\"1656584484701-0e478312-357c\" data-vc-content=\".vc_tta-panel-body\"><div class=\"vc_tta-panel-heading\"><h4 class=\"vc_tta-panel-title\"><a href=\"#1656584484701-0e478312-357c\" data-vc-accordion data-vc-container=\".vc_tta-container\"><i class=\"vc_tta-icon vc-oi vc-oi-article\"><\/i><span class=\"vc_tta-title-text\">Description<\/span><\/a><\/h4><\/div><div class=\"vc_tta-panel-body\">\n\t<div class=\"wpb_text_column wpb_content_element\" >\n\t\t<div class=\"wpb_wrapper\">\n\t\t\t<p><strong>S\u00e3o Louren\u00e7o do Barrocal Syrah Tinto<\/strong><\/p>\n<p><strong>Grape varieties:<\/strong> Syrah.<br \/>\n<strong>Vinification:<\/strong> Colheita manual, desengace, esmagamento, prensagem e fermenta\u00e7\u00e3o alco\u00f3lica e malol\u00e1tica em cuba de bet\u00e3o a temperatura controlada.<br \/>\n<strong>Aging: <\/strong>Envelhecimento durante 18 meses em cubas de bet\u00e3o.<br \/>\n<strong>Colour:<\/strong> Cor de cereja madura.<br \/>\n<strong>Aroma:<\/strong> Nariz expressivo, com frutos vermelhos e escuros como ameixa e cereja, para al\u00e9m de um toque subtil a bals\u00e2mico e ligeiras notas de especiarias.<br \/>\n<strong>Flavour:<\/strong> Demonstra taninos naturais, bem como a aus\u00eancia de influ\u00eancia da madeira. \u00c9 uma express\u00e3o crua de <em>terroir<\/em>.<\/p>\n<hr style=\"border: #b0976d 1px dotted;\" \/>\n<p><strong>Serve:<\/strong> 16\u2070 a 18\u2070.<br \/>\n<strong>Consumption:<\/strong> Immediate.<\/p>\n<hr style=\"border: #b0976d 1px dotted;\" \/>\n<p><strong>Harmonisation:<\/strong> Vinho vers\u00e1til capaz de acompanhar um grande diversidade de pratos.<\/p>\n<hr style=\"border: #b0976d 1px dotted;\" \/>\n<p><strong>Producer:<\/strong> <a href=\"https:\/\/www.tourinto.pt\/en\/produtores\/alentejo\/sao-lourenco-do-barrocal\/\">S\u00e3o Louren\u00e7o do Barrocal<\/a><\/p>\n<p><strong>Enology:<\/strong> Susana Esteban | Jos\u00e9 L\u00f3pez Rogel<\/p>\n<p><strong>Category: <\/strong>Portuguese Wines \u2013 <a href=\"https:\/\/www.tourinto.pt\/en\/portugal\/vinhos-do-alentejo\/\">Alentejo<\/a><\/p>\n<p><strong>No. of Bottles: <\/strong>3800<\/p>\n<p><strong>Awards and Notes:<\/strong><\/p>\n<ul>\n<li><strong>Revista de Vinhos &#8211;\u00a0<\/strong><\/li>\n<\/ul>\n<p><strong><a href=\"https:\/\/barrocal.pt\/pt\/\"><span style=\"color: #f1f1f1;\">s\u00e3o louren\u00e7o do barrocal<\/span><\/a><\/strong><\/p>\n\n\t\t<\/div>\n\t<\/div>\n<\/div><\/div><\/div><\/div><\/div><\/div><\/div><\/div><\/div><\/div><div class=\"vc_row-full-width vc_clearfix\"><\/div><div data-vc-full-width=\"true\" data-vc-full-width-init=\"false\" data-vc-stretch-content=\"true\" class=\"vc_row wpb_row vc_row-fluid vc_custom_1656523732243 vc_row-no-padding\"><div class=\"wpb_column vc_column_container vc_col-sm-12\"><div class=\"vc_column-inner\"><div class=\"wpb_wrapper\">\n<div class=\"vc_grid-container-wrapper vc_clearfix vc_grid-animation-fadeIn\">\n\t<div class=\"vc_grid-container vc_clearfix wpb_content_element vc_media_grid\" data-initial-loading-animation=\"fadeIn\" data-vc-grid-settings=\"{&quot;page_id&quot;:9048,&quot;style&quot;:&quot;all&quot;,&quot;action&quot;:&quot;vc_get_vc_grid_data&quot;,&quot;shortcode_id&quot;:&quot;1755613330622-9cd67567-30eb-3&quot;,&quot;tag&quot;:&quot;vc_media_grid&quot;}\" data-vc-request=\"https:\/\/www.tourinto.pt\/wp-admin\/admin-ajax.php\" data-vc-post-id=\"9048\" data-vc-public-nonce=\"a3489c1848\">\n\t\t\n\t<\/div>\n<\/div><\/div><\/div><\/div><\/div><div class=\"vc_row-full-width vc_clearfix\"><\/div>\n<\/div>","protected":false},"excerpt":{"rendered":"<p>S\u00e3o Louren\u00e7o do Barrocal Syrah \u00e9 um vinho branco de<em> terroir,<\/em> com fermenta\u00e7\u00e3o e est\u00e1gio em cuba de bet\u00e3o. Apresenta um nariz expressivo e frutado, para al\u00e9m de um toque subtil a bals\u00e2mico com ligeiras notas de especiarias. Demonstra taninos naturais, assim como aus\u00eancia de influ\u00eancia da madeira.<\/p>\n<p>Saiba mais sobre <a href=\"https:\/\/www.tourinto.pt\/produto-categoria\/produtores\/sao-lourenco-do-barrocal\/\">S\u00e3o Louren\u00e7o do Barrocal<\/a>.<\/p>\n[contact-form-7 id=\"4433d5d\" title=\"nota Uni\u00e3o Europeia\"]\n","protected":false},"featured_media":9149,"comment_status":"closed","ping_status":"closed","template":"","meta":{"_acf_changed":false,"_joinchat":[],"jetpack_publicize_message":"","jetpack_publicize_feature_enabled":true,"jetpack_social_post_already_shared":true,"jetpack_social_options":{"image_generator_settings":{"template":"highway","default_image_id":0,"font":"","enabled":false},"version":2}},"product_brand":[],"product_cat":[1456,1307,17,363,297,83,424,392,81,44,1067,443],"product_tag":[417,294,41,39],"class_list":{"0":"post-9048","1":"product","2":"type-product","3":"status-publish","4":"has-post-thumbnail","6":"product_cat-ultimas-unidades","7":"product_cat-ready-to-drink-tintos","8":"product_cat-vinho-tinto","9":"product_cat-biologico","10":"product_cat-minima-intervencao","11":"product_cat-alentejo","12":"product_cat-vinhos-portugal","13":"product_cat-pequenos-produtores","14":"product_cat-regiao","15":"product_cat-produtores","16":"product_cat-syrah","17":"product_cat-sao-lourenco-do-barrocal","18":"product_tag-biologico","19":"product_tag-minima-intervencao","20":"product_tag-syrah","21":"product_tag-alentejo","22":"pa_ano-30","23":"pa_castas-syrah","24":"pa_categoria-vinhos-portugueses","25":"pa_enologia-susana-esteban-jose-lopez-rogel","26":"pa_harmonizacao-versatilidade-gastronomica","27":"pa_leveduras-selecionadas","28":"pa_produtor-sao-lourenco-do-barrocal","29":"pa_regiao-alentejo","30":"pa_tipologia-vinho-tinto","31":"pa_vinificacao-minima-intervencao","32":"pa_viticultura-biologica","33":"pa_volume-750ml","35":"first","36":"instock","37":"taxable","38":"shipping-taxable","39":"purchasable","40":"product-type-simple"},"acf":[],"yoast_head":"<!-- This site is optimized with the Yoast SEO Premium plugin v27.3 (Yoast SEO v27.4) - https:\/\/yoast.com\/product\/yoast-seo-premium-wordpress\/ -->\n<title>S\u00e3o Louren\u00e7o do Barrocal Syrah - Tourinto Premium Wines<\/title>\n<meta name=\"description\" content=\"\u00e3o Louren\u00e7o do Barrocal Syrah \u00e9 um vinho branco de terroir, com um nariz expressivo e frutado, um toque subtil a bals\u00e2mico e ligeiras notas de especiarias.\" \/>\n<meta name=\"robots\" content=\"index, follow, max-snippet:-1, max-image-preview:large, max-video-preview:-1\" \/>\n<link rel=\"canonical\" href=\"https:\/\/www.tourinto.pt\/en\/product\/sao-lourenco-do-barrocal-syrah-tinto\/\" \/>\n<meta property=\"og:locale\" content=\"en_GB\" \/>\n<meta property=\"og:type\" content=\"article\" \/>\n<meta property=\"og:title\" content=\"S\u00e3o Louren\u00e7o do Barrocal Syrah\" \/>\n<meta property=\"og:description\" content=\"\u00e3o Louren\u00e7o do Barrocal Syrah \u00e9 um vinho branco de terroir, com um nariz expressivo e frutado, um toque subtil a bals\u00e2mico e ligeiras notas de especiarias.\" \/>\n<meta property=\"og:url\" content=\"https:\/\/www.tourinto.pt\/en\/product\/sao-lourenco-do-barrocal-syrah-tinto\/\" \/>\n<meta property=\"og:site_name\" content=\"Tourinto Premium Wines\" \/>\n<meta property=\"article:publisher\" content=\"https:\/\/www.facebook.com\/garrafeiratourinto\" \/>\n<meta property=\"article:modified_time\" content=\"2026-02-28T17:21:22+00:00\" \/>\n<meta property=\"og:image\" content=\"https:\/\/www.tourinto.pt\/wp-content\/uploads\/2024\/02\/Sao-Louenco-do-Barrocal-Regional-Syrah.png\" \/>\n\t<meta property=\"og:image:width\" content=\"881\" \/>\n\t<meta property=\"og:image:height\" content=\"1400\" \/>\n\t<meta property=\"og:image:type\" content=\"image\/png\" \/>\n<meta name=\"twitter:card\" content=\"summary_large_image\" \/>\n<meta name=\"twitter:label1\" content=\"Price\" \/>\n\t<meta name=\"twitter:data1\" content=\"13,95&nbsp;&euro;\" \/>\n\t<meta name=\"twitter:label2\" content=\"Availability\" \/>\n\t<meta name=\"twitter:data2\" content=\"In stock\" \/>\n<script type=\"application\/ld+json\" class=\"yoast-schema-graph\">{\"@context\":\"https:\\\/\\\/schema.org\",\"@graph\":[{\"@type\":\"WebPage\",\"@id\":\"https:\\\/\\\/www.tourinto.pt\\\/product\\\/sao-lourenco-do-barrocal-syrah-tinto\\\/\",\"url\":\"https:\\\/\\\/www.tourinto.pt\\\/product\\\/sao-lourenco-do-barrocal-syrah-tinto\\\/\",\"name\":\"S\u00e3o Louren\u00e7o do Barrocal Syrah - Tourinto Premium Wines\",\"isPartOf\":{\"@id\":\"https:\\\/\\\/www.tourinto.pt\\\/#website\"},\"primaryImageOfPage\":{\"@id\":\"https:\\\/\\\/www.tourinto.pt\\\/product\\\/sao-lourenco-do-barrocal-syrah-tinto\\\/#primaryimage\"},\"image\":{\"@id\":\"https:\\\/\\\/www.tourinto.pt\\\/product\\\/sao-lourenco-do-barrocal-syrah-tinto\\\/#primaryimage\"},\"thumbnailUrl\":\"https:\\\/\\\/i0.wp.com\\\/www.tourinto.pt\\\/wp-content\\\/uploads\\\/2024\\\/02\\\/Sao-Louenco-do-Barrocal-Regional-Syrah.png?fit=881%2C1400&ssl=1\",\"datePublished\":\"2024-02-13T10:43:04+00:00\",\"dateModified\":\"2026-02-28T17:21:22+00:00\",\"description\":\"\u00e3o Louren\u00e7o do Barrocal Syrah \u00e9 um vinho branco de terroir, com um nariz expressivo e frutado, um toque subtil a bals\u00e2mico e ligeiras notas de especiarias.\",\"breadcrumb\":{\"@id\":\"https:\\\/\\\/www.tourinto.pt\\\/product\\\/sao-lourenco-do-barrocal-syrah-tinto\\\/#breadcrumb\"},\"inLanguage\":\"en-GB\",\"potentialAction\":[{\"@type\":\"ReadAction\",\"target\":[\"https:\\\/\\\/www.tourinto.pt\\\/product\\\/sao-lourenco-do-barrocal-syrah-tinto\\\/\"]}]},{\"@type\":\"ImageObject\",\"inLanguage\":\"en-GB\",\"@id\":\"https:\\\/\\\/www.tourinto.pt\\\/product\\\/sao-lourenco-do-barrocal-syrah-tinto\\\/#primaryimage\",\"url\":\"https:\\\/\\\/i0.wp.com\\\/www.tourinto.pt\\\/wp-content\\\/uploads\\\/2024\\\/02\\\/Sao-Louenco-do-Barrocal-Regional-Syrah.png?fit=881%2C1400&ssl=1\",\"contentUrl\":\"https:\\\/\\\/i0.wp.com\\\/www.tourinto.pt\\\/wp-content\\\/uploads\\\/2024\\\/02\\\/Sao-Louenco-do-Barrocal-Regional-Syrah.png?fit=881%2C1400&ssl=1\",\"width\":881,\"height\":1400,\"caption\":\"Barrocal Syrah, S\u00e3o Louren\u00e7o do Barrocal Vinho Tinto, Barrocal Vinho Tinto Syrah, Barrocal Tinto\"},{\"@type\":\"BreadcrumbList\",\"@id\":\"https:\\\/\\\/www.tourinto.pt\\\/product\\\/sao-lourenco-do-barrocal-syrah-tinto\\\/#breadcrumb\",\"itemListElement\":[{\"@type\":\"ListItem\",\"position\":1,\"name\":\"In\u00edcio\",\"item\":\"https:\\\/\\\/www.tourinto.pt\\\/\"},{\"@type\":\"ListItem\",\"position\":2,\"name\":\"Garrafeira on-line\",\"item\":\"https:\\\/\\\/www.tourinto.pt\\\/garrafeira-on-line\\\/\"},{\"@type\":\"ListItem\",\"position\":3,\"name\":\"S\u00e3o Louren\u00e7o do Barrocal Syrah\"}]},{\"@type\":\"WebSite\",\"@id\":\"https:\\\/\\\/www.tourinto.pt\\\/#website\",\"url\":\"https:\\\/\\\/www.tourinto.pt\\\/\",\"name\":\"Tourinto Premium Wines\",\"description\":\"Garrafeira on-line\",\"publisher\":{\"@id\":\"https:\\\/\\\/www.tourinto.pt\\\/#organization\"},\"alternateName\":\"Garrafeira on-line\",\"potentialAction\":[{\"@type\":\"SearchAction\",\"target\":{\"@type\":\"EntryPoint\",\"urlTemplate\":\"https:\\\/\\\/www.tourinto.pt\\\/?s={search_term_string}\"},\"query-input\":{\"@type\":\"PropertyValueSpecification\",\"valueRequired\":true,\"valueName\":\"search_term_string\"}}],\"inLanguage\":\"en-GB\"},{\"@type\":[\"Organization\",\"Place\"],\"@id\":\"https:\\\/\\\/www.tourinto.pt\\\/#organization\",\"name\":\"Tourinto\",\"alternateName\":\"Garrafeira Tourinto, Lda.\",\"url\":\"https:\\\/\\\/www.tourinto.pt\\\/\",\"logo\":{\"@id\":\"https:\\\/\\\/www.tourinto.pt\\\/product\\\/sao-lourenco-do-barrocal-syrah-tinto\\\/#local-main-organization-logo\"},\"image\":{\"@id\":\"https:\\\/\\\/www.tourinto.pt\\\/product\\\/sao-lourenco-do-barrocal-syrah-tinto\\\/#local-main-organization-logo\"},\"sameAs\":[\"https:\\\/\\\/www.facebook.com\\\/garrafeiratourinto\",\"https:\\\/\\\/www.instagram.com\\\/garrafeiratourinto\\\/\"],\"telephone\":[],\"openingHoursSpecification\":[{\"@type\":\"OpeningHoursSpecification\",\"dayOfWeek\":[\"Monday\",\"Tuesday\",\"Wednesday\",\"Thursday\",\"Friday\",\"Saturday\",\"Sunday\"],\"opens\":\"09:00\",\"closes\":\"17:00\"}]},{\"@type\":\"ImageObject\",\"inLanguage\":\"en-GB\",\"@id\":\"https:\\\/\\\/www.tourinto.pt\\\/product\\\/sao-lourenco-do-barrocal-syrah-tinto\\\/#local-main-organization-logo\",\"url\":\"https:\\\/\\\/i0.wp.com\\\/www.tourinto.pt\\\/wp-content\\\/uploads\\\/2022\\\/07\\\/tourinto-logo-big.png?fit=1400%2C505&ssl=1\",\"contentUrl\":\"https:\\\/\\\/i0.wp.com\\\/www.tourinto.pt\\\/wp-content\\\/uploads\\\/2022\\\/07\\\/tourinto-logo-big.png?fit=1400%2C505&ssl=1\",\"width\":1400,\"height\":505,\"caption\":\"Tourinto\"}]}<\/script>\n<meta property=\"product:price:amount\" content=\"13.95\" \/>\n<meta property=\"product:price:currency\" content=\"EUR\" \/>\n<meta property=\"og:availability\" content=\"instock\" \/>\n<meta property=\"product:availability\" content=\"instock\" \/>\n<meta property=\"product:retailer_item_id\" content=\"76.05.2018\" \/>\n<meta property=\"product:condition\" content=\"new\" \/>\n<!-- \/ Yoast SEO Premium plugin. -->","yoast_head_json":{"title":"S\u00e3o Louren\u00e7o do Barrocal Syrah - Tourinto Premium Wines","description":"\u00e3o Louren\u00e7o do Barrocal Syrah \u00e9 um vinho branco de terroir, com um nariz expressivo e frutado, um toque subtil a bals\u00e2mico e ligeiras notas de especiarias.","robots":{"index":"index","follow":"follow","max-snippet":"max-snippet:-1","max-image-preview":"max-image-preview:large","max-video-preview":"max-video-preview:-1"},"canonical":"https:\/\/www.tourinto.pt\/en\/product\/sao-lourenco-do-barrocal-syrah-tinto\/","og_locale":"en_GB","og_type":"article","og_title":"S\u00e3o Louren\u00e7o do Barrocal Syrah","og_description":"\u00e3o Louren\u00e7o do Barrocal Syrah \u00e9 um vinho branco de terroir, com um nariz expressivo e frutado, um toque subtil a bals\u00e2mico e ligeiras notas de especiarias.","og_url":"https:\/\/www.tourinto.pt\/en\/product\/sao-lourenco-do-barrocal-syrah-tinto\/","og_site_name":"Tourinto Premium Wines","article_publisher":"https:\/\/www.facebook.com\/garrafeiratourinto","article_modified_time":"2026-02-28T17:21:22+00:00","og_image":[{"width":881,"height":1400,"url":"https:\/\/www.tourinto.pt\/wp-content\/uploads\/2024\/02\/Sao-Louenco-do-Barrocal-Regional-Syrah.png","type":"image\/png"}],"twitter_card":"summary_large_image","twitter_misc":{"Price":"13,95&nbsp;&euro;","Availability":"In stock"},"schema":{"@context":"https:\/\/schema.org","@graph":[{"@type":"WebPage","@id":"https:\/\/www.tourinto.pt\/product\/sao-lourenco-do-barrocal-syrah-tinto\/","url":"https:\/\/www.tourinto.pt\/product\/sao-lourenco-do-barrocal-syrah-tinto\/","name":"S\u00e3o Louren\u00e7o do Barrocal Syrah - Tourinto Premium Wines","isPartOf":{"@id":"https:\/\/www.tourinto.pt\/#website"},"primaryImageOfPage":{"@id":"https:\/\/www.tourinto.pt\/product\/sao-lourenco-do-barrocal-syrah-tinto\/#primaryimage"},"image":{"@id":"https:\/\/www.tourinto.pt\/product\/sao-lourenco-do-barrocal-syrah-tinto\/#primaryimage"},"thumbnailUrl":"https:\/\/i0.wp.com\/www.tourinto.pt\/wp-content\/uploads\/2024\/02\/Sao-Louenco-do-Barrocal-Regional-Syrah.png?fit=881%2C1400&ssl=1","datePublished":"2024-02-13T10:43:04+00:00","dateModified":"2026-02-28T17:21:22+00:00","description":"\u00e3o Louren\u00e7o do Barrocal Syrah \u00e9 um vinho branco de terroir, com um nariz expressivo e frutado, um toque subtil a bals\u00e2mico e ligeiras notas de especiarias.","breadcrumb":{"@id":"https:\/\/www.tourinto.pt\/product\/sao-lourenco-do-barrocal-syrah-tinto\/#breadcrumb"},"inLanguage":"en-GB","potentialAction":[{"@type":"ReadAction","target":["https:\/\/www.tourinto.pt\/product\/sao-lourenco-do-barrocal-syrah-tinto\/"]}]},{"@type":"ImageObject","inLanguage":"en-GB","@id":"https:\/\/www.tourinto.pt\/product\/sao-lourenco-do-barrocal-syrah-tinto\/#primaryimage","url":"https:\/\/i0.wp.com\/www.tourinto.pt\/wp-content\/uploads\/2024\/02\/Sao-Louenco-do-Barrocal-Regional-Syrah.png?fit=881%2C1400&ssl=1","contentUrl":"https:\/\/i0.wp.com\/www.tourinto.pt\/wp-content\/uploads\/2024\/02\/Sao-Louenco-do-Barrocal-Regional-Syrah.png?fit=881%2C1400&ssl=1","width":881,"height":1400,"caption":"Barrocal Syrah, S\u00e3o Louren\u00e7o do Barrocal Vinho Tinto, Barrocal Vinho Tinto Syrah, Barrocal Tinto"},{"@type":"BreadcrumbList","@id":"https:\/\/www.tourinto.pt\/product\/sao-lourenco-do-barrocal-syrah-tinto\/#breadcrumb","itemListElement":[{"@type":"ListItem","position":1,"name":"In\u00edcio","item":"https:\/\/www.tourinto.pt\/"},{"@type":"ListItem","position":2,"name":"Garrafeira on-line","item":"https:\/\/www.tourinto.pt\/garrafeira-on-line\/"},{"@type":"ListItem","position":3,"name":"S\u00e3o Louren\u00e7o do Barrocal Syrah"}]},{"@type":"WebSite","@id":"https:\/\/www.tourinto.pt\/#website","url":"https:\/\/www.tourinto.pt\/","name":"Tourinto Premium Wines","description":"Wine Shop online","publisher":{"@id":"https:\/\/www.tourinto.pt\/#organization"},"alternateName":"Garrafeira on-line","potentialAction":[{"@type":"SearchAction","target":{"@type":"EntryPoint","urlTemplate":"https:\/\/www.tourinto.pt\/?s={search_term_string}"},"query-input":{"@type":"PropertyValueSpecification","valueRequired":true,"valueName":"search_term_string"}}],"inLanguage":"en-GB"},{"@type":["Organization","Place"],"@id":"https:\/\/www.tourinto.pt\/#organization","name":"Tourinto","alternateName":"Garrafeira Tourinto, Lda.","url":"https:\/\/www.tourinto.pt\/","logo":{"@id":"https:\/\/www.tourinto.pt\/product\/sao-lourenco-do-barrocal-syrah-tinto\/#local-main-organization-logo"},"image":{"@id":"https:\/\/www.tourinto.pt\/product\/sao-lourenco-do-barrocal-syrah-tinto\/#local-main-organization-logo"},"sameAs":["https:\/\/www.facebook.com\/garrafeiratourinto","https:\/\/www.instagram.com\/garrafeiratourinto\/"],"telephone":[],"openingHoursSpecification":[{"@type":"OpeningHoursSpecification","dayOfWeek":["Monday","Tuesday","Wednesday","Thursday","Friday","Saturday","Sunday"],"opens":"09:00","closes":"17:00"}]},{"@type":"ImageObject","inLanguage":"en-GB","@id":"https:\/\/www.tourinto.pt\/product\/sao-lourenco-do-barrocal-syrah-tinto\/#local-main-organization-logo","url":"https:\/\/i0.wp.com\/www.tourinto.pt\/wp-content\/uploads\/2022\/07\/tourinto-logo-big.png?fit=1400%2C505&ssl=1","contentUrl":"https:\/\/i0.wp.com\/www.tourinto.pt\/wp-content\/uploads\/2022\/07\/tourinto-logo-big.png?fit=1400%2C505&ssl=1","width":1400,"height":505,"caption":"Tourinto"}]},"product_price_amount":"13.95","product_price_currency":"EUR","og_availability":"instock","product_availability":"instock","product_retailer_item_id":"76.05.2018","product_condition":"new"},"jetpack_publicize_connections":[],"jetpack_sharing_enabled":true,"_links":{"self":[{"href":"https:\/\/www.tourinto.pt\/en\/wp-json\/wp\/v2\/product\/9048","targetHints":{"allow":["GET"]}}],"collection":[{"href":"https:\/\/www.tourinto.pt\/en\/wp-json\/wp\/v2\/product"}],"about":[{"href":"https:\/\/www.tourinto.pt\/en\/wp-json\/wp\/v2\/types\/product"}],"replies":[{"embeddable":true,"href":"https:\/\/www.tourinto.pt\/en\/wp-json\/wp\/v2\/comments?post=9048"}],"wp:featuredmedia":[{"embeddable":true,"href":"https:\/\/www.tourinto.pt\/en\/wp-json\/wp\/v2\/media\/9149"}],"wp:attachment":[{"href":"https:\/\/www.tourinto.pt\/en\/wp-json\/wp\/v2\/media?parent=9048"}],"wp:term":[{"taxonomy":"product_brand","embeddable":true,"href":"https:\/\/www.tourinto.pt\/en\/wp-json\/wp\/v2\/product_brand?post=9048"},{"taxonomy":"product_cat","embeddable":true,"href":"https:\/\/www.tourinto.pt\/en\/wp-json\/wp\/v2\/product_cat?post=9048"},{"taxonomy":"product_tag","embeddable":true,"href":"https:\/\/www.tourinto.pt\/en\/wp-json\/wp\/v2\/product_tag?post=9048"}],"curies":[{"name":"wp","href":"https:\/\/api.w.org\/{rel}","templated":true}]}}