{"id":8978,"date":"2024-02-11T13:30:34","date_gmt":"2024-02-11T13:30:34","guid":{"rendered":"https:\/\/www.tourinto.pt\/?post_type=product&#038;p=8978"},"modified":"2025-09-11T15:22:02","modified_gmt":"2025-09-11T15:22:02","slug":"quinta-da-foz-1872-vinhas-velhas-branco","status":"publish","type":"product","link":"https:\/\/www.tourinto.pt\/en\/product\/quinta-da-foz-1872-vinhas-velhas-branco\/","title":{"rendered":"Quinta da Foz 1872 Vinhas Velhas White"},"content":{"rendered":"<div class=\"wpb-content-wrapper\"><div data-vc-full-width=\"true\" data-vc-full-width-init=\"false\" class=\"vc_row wpb_row vc_row-fluid vc_custom_1656585076455 vc_row-has-fill\"><div class=\"wpb_column vc_column_container vc_col-sm-12\"><div class=\"vc_column-inner\"><div class=\"wpb_wrapper\"><div class=\"vc_tta-container\" data-vc-action=\"collapse\"><div class=\"vc_general vc_tta vc_tta-tabs vc_tta-color-black vc_tta-style-flat vc_tta-shape-square vc_tta-spacing-1 vc_tta-o-no-fill vc_tta-tabs-position-top vc_tta-controls-align-left\"><div class=\"vc_tta-tabs-container\"><ul class=\"vc_tta-tabs-list\" role=\"tablist\"><li class=\"vc_tta-tab vc_active\" data-vc-tab role=\"presentation\"><a href=\"#1656584484701-0e478312-357c\" data-vc-tabs data-vc-container=\".vc_tta\" role=\"tab\" aria-selected=\"false\" id=\"tab-1656584484701-0e478312-357c\"><i class=\"vc_tta-icon vc-oi vc-oi-article\"><\/i><span class=\"vc_tta-title-text\">Description<\/span><\/a><\/li><\/ul><\/div><div class=\"vc_tta-panels-container\"><div class=\"vc_tta-panels\"><div class=\"vc_tta-panel vc_active\" id=\"1656584484701-0e478312-357c\" data-vc-content=\".vc_tta-panel-body\"><div class=\"vc_tta-panel-heading\"><h4 class=\"vc_tta-panel-title\"><a href=\"#1656584484701-0e478312-357c\" data-vc-accordion data-vc-container=\".vc_tta-container\"><i class=\"vc_tta-icon vc-oi vc-oi-article\"><\/i><span class=\"vc_tta-title-text\">Description<\/span><\/a><\/h4><\/div><div class=\"vc_tta-panel-body\">\n\t<div class=\"wpb_text_column wpb_content_element\" >\n\t\t<div class=\"wpb_wrapper\">\n\t\t\t<p><strong>Quinta da Foz 1872 Vinhas Velhas White<\/strong><\/p>\n<p><strong>Grape varieties:<\/strong> Old Vines.<br \/>\n<strong>Vinification:<\/strong> Em barricas novas de carvalho franc\u00eas de 500L, com as borras finas durante m\u00ednimo de 12 meses.<br \/>\n<strong>Aging: <\/strong>12 months in 500 litre new French oak barrels.<br \/>\n<strong>Colour:<\/strong> Citrine, clear with slight straw tones.<br \/>\n<strong>Aroma:<\/strong> C\u00edtrico, com notas de fruta branca madura, leves aromas florais, citrinos e tostados, para al\u00e9m de um ligeiro abaunilhado e \u201cpanificado\u201d.<br \/>\n<strong>Flavour:<\/strong> Textura presente com boa acidez, corpo untuoso, assim como alguns taninos ainda vivos. Delicadamente vibrante, com final redondo e fresco.<\/p>\n<hr style=\"border: #b0976d 1px dotted;\" \/>\n<p><strong>Serve:<\/strong> 8\u2070 a 10\u2070.<br \/>\n<strong>Consumption:<\/strong> Immediate or storage (10 years).<\/p>\n<hr style=\"border: #b0976d 1px dotted;\" \/>\n<p><strong>Harmonisation:<\/strong> White meat, game, fatty fish baked in the oven.<\/p>\n<hr style=\"border: #b0976d 1px dotted;\" \/>\n<p><strong>Producer:\u00a0<\/strong><a href=\"https:\/\/www.tourinto.pt\/en\/produtores\/douro\/quinta-da-foz\/\">Quinta da Foz<\/a><\/p>\n<p><strong>Enology:<\/strong> Ant\u00f3nio Narciso \/ Filipe Ferreira<\/p>\n<p><strong>Category:<\/strong> Portuguese Wines \u2013 <a href=\"https:\/\/www.tourinto.pt\/en\/portugal\/vinhos-do-douro\/\">Douro<\/a><\/p>\n<p><strong>No. of Bottles:\u00a0<\/strong>600<\/p>\n<p><strong>Awards and Notes:<\/strong><\/p>\n<ul>\n<li><strong>James Suckling<\/strong> &#8211; 93\/100<\/li>\n<li><strong>Revista de Vinhos<\/strong> &#8211; 92\/100<\/li>\n<\/ul>\n<p><strong><a href=\"https:\/\/quintadafoz.pt\/enoturismo-quinta-da-foz\/\"><span style=\"color: #f1f1f1;\">quinta da foz<\/span><\/a><\/strong><\/p>\n\n\t\t<\/div>\n\t<\/div>\n<\/div><\/div><\/div><\/div><\/div><\/div><\/div><\/div><\/div><\/div><div class=\"vc_row-full-width vc_clearfix\"><\/div><div data-vc-full-width=\"true\" data-vc-full-width-init=\"false\" data-vc-stretch-content=\"true\" class=\"vc_row wpb_row vc_row-fluid vc_custom_1656523732243 vc_row-no-padding\"><div class=\"wpb_column vc_column_container vc_col-sm-12\"><div class=\"vc_column-inner\"><div class=\"wpb_wrapper\">\n<div class=\"vc_grid-container-wrapper vc_clearfix vc_grid-animation-fadeIn\">\n\t<div class=\"vc_grid-container vc_clearfix wpb_content_element vc_media_grid\" data-initial-loading-animation=\"fadeIn\" data-vc-grid-settings=\"{&quot;page_id&quot;:8978,&quot;style&quot;:&quot;all&quot;,&quot;action&quot;:&quot;vc_get_vc_grid_data&quot;,&quot;shortcode_id&quot;:&quot;1757604002817-b1ba2e3c-6727-4&quot;,&quot;tag&quot;:&quot;vc_media_grid&quot;}\" data-vc-request=\"https:\/\/www.tourinto.pt\/wp-admin\/admin-ajax.php\" data-vc-post-id=\"8978\" data-vc-public-nonce=\"1ab1e975c3\">\n\t\t\n\t<\/div>\n<\/div><\/div><\/div><\/div><\/div><div class=\"vc_row-full-width vc_clearfix\"><\/div>\n<\/div>","protected":false},"excerpt":{"rendered":"<p>Quinta da Foz 1872 Vinhas Velhas Branco evidencia-se na longa hist\u00f3ria da Quinta da Foz como uma data imortal, a qual assinala a funda\u00e7\u00e3o da Quinta. Um vinho c\u00edtrico, com notas de fruta branca madura, leves florais e tostados, para al\u00e9m de um ligeiro \u201cpanificado\u201d.<\/p>\n<p>Saiba mais sobre a <a href=\"https:\/\/www.tourinto.pt\/produtores\/douro\/quinta-da-foz\/\">Quinta da Foz<\/a>.<\/p>\n[contact-form-7 id=\"4433d5d\" title=\"nota Uni\u00e3o Europeia\"]\n","protected":false},"featured_media":14101,"comment_status":"closed","ping_status":"closed","template":"","meta":{"_acf_changed":false,"_joinchat":[],"jetpack_publicize_message":"","jetpack_publicize_feature_enabled":true,"jetpack_social_post_already_shared":true,"jetpack_social_options":{"image_generator_settings":{"template":"highway","default_image_id":0,"font":"","enabled":false},"version":2}},"product_brand":[],"product_cat":[1058,18,424,82,81,44,76],"product_tag":[373,65,59],"class_list":{"0":"post-8978","1":"product","2":"type-product","3":"status-publish","4":"has-post-thumbnail","6":"product_cat-vinhas-velhas","7":"product_cat-vinho-branco","8":"product_cat-vinhos-portugal","9":"product_cat-douro","10":"product_cat-regiao","11":"product_cat-produtores","12":"product_cat-quinta-da-foz","13":"product_tag-vinho-branco","14":"product_tag-vinhas-velhas","15":"product_tag-douro","16":"pa_ano-33","17":"pa_castas-vinhas-velhas","18":"pa_categoria-vinhos-portugueses","19":"pa_enologia-filipe-ferreira-antonio-narciso","20":"pa_harmonizacao-caca","21":"pa_harmonizacao-carnes-brancas","22":"pa_harmonizacao-peixes-gordos","23":"pa_leveduras-selecionadas","24":"pa_produtor-quinta-da-foz","25":"pa_regiao-douro","26":"pa_tipologia-vinho-branco","27":"pa_vinificacao-tradicional","28":"pa_viticultura-sustentavel","29":"pa_volume-750ml","31":"first","32":"instock","33":"taxable","34":"shipping-taxable","35":"purchasable","36":"product-type-simple"},"acf":[],"yoast_head":"<!-- This site is optimized with the Yoast SEO Premium plugin v27.3 (Yoast SEO v27.4) - https:\/\/yoast.com\/product\/yoast-seo-premium-wordpress\/ -->\n<title>Quinta da Foz 1872 Vinhas Velhas Branco - Tourinto Premium Wines<\/title>\n<meta name=\"description\" content=\"Quinta da Foz 1872 Vinhas Velhas Branco evidencia-se na longa hist\u00f3ria da Quinta da Foz como uma data imortal, a qual assinala a funda\u00e7\u00e3o da Quinta.\" \/>\n<meta name=\"robots\" content=\"index, follow, max-snippet:-1, max-image-preview:large, max-video-preview:-1\" \/>\n<link rel=\"canonical\" href=\"https:\/\/www.tourinto.pt\/en\/product\/quinta-da-foz-1872-vinhas-velhas-branco\/\" \/>\n<meta property=\"og:locale\" content=\"en_GB\" \/>\n<meta property=\"og:type\" content=\"article\" \/>\n<meta property=\"og:title\" content=\"Quinta da Foz 1872 Vinhas Velhas Branco\" \/>\n<meta property=\"og:description\" content=\"Quinta da Foz 1872 Vinhas Velhas Branco evidencia-se na longa hist\u00f3ria da Quinta da Foz como uma data imortal, a qual assinala a funda\u00e7\u00e3o da Quinta.\" \/>\n<meta property=\"og:url\" content=\"https:\/\/www.tourinto.pt\/en\/product\/quinta-da-foz-1872-vinhas-velhas-branco\/\" \/>\n<meta property=\"og:site_name\" content=\"Tourinto Premium Wines\" \/>\n<meta property=\"article:publisher\" content=\"https:\/\/www.facebook.com\/garrafeiratourinto\" \/>\n<meta property=\"article:modified_time\" content=\"2025-09-11T15:22:02+00:00\" \/>\n<meta property=\"og:image\" content=\"https:\/\/www.tourinto.pt\/wp-content\/uploads\/2024\/02\/Quinta-da-Foz-Vinhas-Velhas-Branco.webp\" \/>\n\t<meta property=\"og:image:width\" content=\"881\" \/>\n\t<meta property=\"og:image:height\" content=\"1400\" \/>\n\t<meta property=\"og:image:type\" content=\"image\/webp\" \/>\n<meta name=\"twitter:card\" content=\"summary_large_image\" \/>\n<meta name=\"twitter:label1\" content=\"Price\" \/>\n\t<meta name=\"twitter:data1\" content=\"98,50&nbsp;&euro;\" \/>\n\t<meta name=\"twitter:label2\" content=\"Availability\" \/>\n\t<meta name=\"twitter:data2\" content=\"In stock\" \/>\n<script type=\"application\/ld+json\" class=\"yoast-schema-graph\">{\"@context\":\"https:\\\/\\\/schema.org\",\"@graph\":[{\"@type\":\"WebPage\",\"@id\":\"https:\\\/\\\/www.tourinto.pt\\\/product\\\/quinta-da-foz-1872-vinhas-velhas-branco\\\/\",\"url\":\"https:\\\/\\\/www.tourinto.pt\\\/product\\\/quinta-da-foz-1872-vinhas-velhas-branco\\\/\",\"name\":\"Quinta da Foz 1872 Vinhas Velhas Branco - Tourinto Premium Wines\",\"isPartOf\":{\"@id\":\"https:\\\/\\\/www.tourinto.pt\\\/#website\"},\"primaryImageOfPage\":{\"@id\":\"https:\\\/\\\/www.tourinto.pt\\\/product\\\/quinta-da-foz-1872-vinhas-velhas-branco\\\/#primaryimage\"},\"image\":{\"@id\":\"https:\\\/\\\/www.tourinto.pt\\\/product\\\/quinta-da-foz-1872-vinhas-velhas-branco\\\/#primaryimage\"},\"thumbnailUrl\":\"https:\\\/\\\/i0.wp.com\\\/www.tourinto.pt\\\/wp-content\\\/uploads\\\/2024\\\/02\\\/Quinta-da-Foz-Vinhas-Velhas-Branco.webp?fit=881%2C1400&ssl=1\",\"datePublished\":\"2024-02-11T13:30:34+00:00\",\"dateModified\":\"2025-09-11T15:22:02+00:00\",\"description\":\"Quinta da Foz 1872 Vinhas Velhas Branco evidencia-se na longa hist\u00f3ria da Quinta da Foz como uma data imortal, a qual assinala a funda\u00e7\u00e3o da Quinta.\",\"breadcrumb\":{\"@id\":\"https:\\\/\\\/www.tourinto.pt\\\/product\\\/quinta-da-foz-1872-vinhas-velhas-branco\\\/#breadcrumb\"},\"inLanguage\":\"en-GB\",\"potentialAction\":[{\"@type\":\"ReadAction\",\"target\":[\"https:\\\/\\\/www.tourinto.pt\\\/product\\\/quinta-da-foz-1872-vinhas-velhas-branco\\\/\"]}]},{\"@type\":\"ImageObject\",\"inLanguage\":\"en-GB\",\"@id\":\"https:\\\/\\\/www.tourinto.pt\\\/product\\\/quinta-da-foz-1872-vinhas-velhas-branco\\\/#primaryimage\",\"url\":\"https:\\\/\\\/i0.wp.com\\\/www.tourinto.pt\\\/wp-content\\\/uploads\\\/2024\\\/02\\\/Quinta-da-Foz-Vinhas-Velhas-Branco.webp?fit=881%2C1400&ssl=1\",\"contentUrl\":\"https:\\\/\\\/i0.wp.com\\\/www.tourinto.pt\\\/wp-content\\\/uploads\\\/2024\\\/02\\\/Quinta-da-Foz-Vinhas-Velhas-Branco.webp?fit=881%2C1400&ssl=1\",\"width\":881,\"height\":1400,\"caption\":\"Quinta da Foz Vinhas Velhas, Quinta da Foz Vinhas Velhas Branco, Quinta da Foz Branco\"},{\"@type\":\"BreadcrumbList\",\"@id\":\"https:\\\/\\\/www.tourinto.pt\\\/product\\\/quinta-da-foz-1872-vinhas-velhas-branco\\\/#breadcrumb\",\"itemListElement\":[{\"@type\":\"ListItem\",\"position\":1,\"name\":\"In\u00edcio\",\"item\":\"https:\\\/\\\/www.tourinto.pt\\\/\"},{\"@type\":\"ListItem\",\"position\":2,\"name\":\"Garrafeira on-line\",\"item\":\"https:\\\/\\\/www.tourinto.pt\\\/garrafeira-on-line\\\/\"},{\"@type\":\"ListItem\",\"position\":3,\"name\":\"Quinta da Foz 1872 Vinhas Velhas Branco\"}]},{\"@type\":\"WebSite\",\"@id\":\"https:\\\/\\\/www.tourinto.pt\\\/#website\",\"url\":\"https:\\\/\\\/www.tourinto.pt\\\/\",\"name\":\"Tourinto Premium Wines\",\"description\":\"Garrafeira on-line\",\"publisher\":{\"@id\":\"https:\\\/\\\/www.tourinto.pt\\\/#organization\"},\"alternateName\":\"Garrafeira on-line\",\"potentialAction\":[{\"@type\":\"SearchAction\",\"target\":{\"@type\":\"EntryPoint\",\"urlTemplate\":\"https:\\\/\\\/www.tourinto.pt\\\/?s={search_term_string}\"},\"query-input\":{\"@type\":\"PropertyValueSpecification\",\"valueRequired\":true,\"valueName\":\"search_term_string\"}}],\"inLanguage\":\"en-GB\"},{\"@type\":[\"Organization\",\"Place\"],\"@id\":\"https:\\\/\\\/www.tourinto.pt\\\/#organization\",\"name\":\"Tourinto\",\"alternateName\":\"Garrafeira Tourinto, Lda.\",\"url\":\"https:\\\/\\\/www.tourinto.pt\\\/\",\"logo\":{\"@id\":\"https:\\\/\\\/www.tourinto.pt\\\/product\\\/quinta-da-foz-1872-vinhas-velhas-branco\\\/#local-main-organization-logo\"},\"image\":{\"@id\":\"https:\\\/\\\/www.tourinto.pt\\\/product\\\/quinta-da-foz-1872-vinhas-velhas-branco\\\/#local-main-organization-logo\"},\"sameAs\":[\"https:\\\/\\\/www.facebook.com\\\/garrafeiratourinto\",\"https:\\\/\\\/www.instagram.com\\\/garrafeiratourinto\\\/\"],\"telephone\":[],\"openingHoursSpecification\":[{\"@type\":\"OpeningHoursSpecification\",\"dayOfWeek\":[\"Monday\",\"Tuesday\",\"Wednesday\",\"Thursday\",\"Friday\",\"Saturday\",\"Sunday\"],\"opens\":\"09:00\",\"closes\":\"17:00\"}]},{\"@type\":\"ImageObject\",\"inLanguage\":\"en-GB\",\"@id\":\"https:\\\/\\\/www.tourinto.pt\\\/product\\\/quinta-da-foz-1872-vinhas-velhas-branco\\\/#local-main-organization-logo\",\"url\":\"https:\\\/\\\/i0.wp.com\\\/www.tourinto.pt\\\/wp-content\\\/uploads\\\/2022\\\/07\\\/tourinto-logo-big.png?fit=1400%2C505&ssl=1\",\"contentUrl\":\"https:\\\/\\\/i0.wp.com\\\/www.tourinto.pt\\\/wp-content\\\/uploads\\\/2022\\\/07\\\/tourinto-logo-big.png?fit=1400%2C505&ssl=1\",\"width\":1400,\"height\":505,\"caption\":\"Tourinto\"}]}<\/script>\n<meta property=\"product:price:amount\" content=\"98.50\" \/>\n<meta property=\"product:price:currency\" content=\"EUR\" \/>\n<meta property=\"og:availability\" content=\"instock\" \/>\n<meta property=\"product:availability\" content=\"instock\" \/>\n<meta property=\"product:retailer_item_id\" content=\"01.09.2021\" \/>\n<meta property=\"product:condition\" content=\"new\" \/>\n<!-- \/ Yoast SEO Premium plugin. -->","yoast_head_json":{"title":"Quinta da Foz 1872 Vinhas Velhas Branco - Tourinto Premium Wines","description":"Quinta da Foz 1872 Vinhas Velhas Branco evidencia-se na longa hist\u00f3ria da Quinta da Foz como uma data imortal, a qual assinala a funda\u00e7\u00e3o da Quinta.","robots":{"index":"index","follow":"follow","max-snippet":"max-snippet:-1","max-image-preview":"max-image-preview:large","max-video-preview":"max-video-preview:-1"},"canonical":"https:\/\/www.tourinto.pt\/en\/product\/quinta-da-foz-1872-vinhas-velhas-branco\/","og_locale":"en_GB","og_type":"article","og_title":"Quinta da Foz 1872 Vinhas Velhas Branco","og_description":"Quinta da Foz 1872 Vinhas Velhas Branco evidencia-se na longa hist\u00f3ria da Quinta da Foz como uma data imortal, a qual assinala a funda\u00e7\u00e3o da Quinta.","og_url":"https:\/\/www.tourinto.pt\/en\/product\/quinta-da-foz-1872-vinhas-velhas-branco\/","og_site_name":"Tourinto Premium Wines","article_publisher":"https:\/\/www.facebook.com\/garrafeiratourinto","article_modified_time":"2025-09-11T15:22:02+00:00","og_image":[{"width":881,"height":1400,"url":"https:\/\/www.tourinto.pt\/wp-content\/uploads\/2024\/02\/Quinta-da-Foz-Vinhas-Velhas-Branco.webp","type":"image\/webp"}],"twitter_card":"summary_large_image","twitter_misc":{"Price":"98,50&nbsp;&euro;","Availability":"In stock"},"schema":{"@context":"https:\/\/schema.org","@graph":[{"@type":"WebPage","@id":"https:\/\/www.tourinto.pt\/product\/quinta-da-foz-1872-vinhas-velhas-branco\/","url":"https:\/\/www.tourinto.pt\/product\/quinta-da-foz-1872-vinhas-velhas-branco\/","name":"Quinta da Foz 1872 Vinhas Velhas Branco - Tourinto Premium Wines","isPartOf":{"@id":"https:\/\/www.tourinto.pt\/#website"},"primaryImageOfPage":{"@id":"https:\/\/www.tourinto.pt\/product\/quinta-da-foz-1872-vinhas-velhas-branco\/#primaryimage"},"image":{"@id":"https:\/\/www.tourinto.pt\/product\/quinta-da-foz-1872-vinhas-velhas-branco\/#primaryimage"},"thumbnailUrl":"https:\/\/i0.wp.com\/www.tourinto.pt\/wp-content\/uploads\/2024\/02\/Quinta-da-Foz-Vinhas-Velhas-Branco.webp?fit=881%2C1400&ssl=1","datePublished":"2024-02-11T13:30:34+00:00","dateModified":"2025-09-11T15:22:02+00:00","description":"Quinta da Foz 1872 Vinhas Velhas Branco evidencia-se na longa hist\u00f3ria da Quinta da Foz como uma data imortal, a qual assinala a funda\u00e7\u00e3o da Quinta.","breadcrumb":{"@id":"https:\/\/www.tourinto.pt\/product\/quinta-da-foz-1872-vinhas-velhas-branco\/#breadcrumb"},"inLanguage":"en-GB","potentialAction":[{"@type":"ReadAction","target":["https:\/\/www.tourinto.pt\/product\/quinta-da-foz-1872-vinhas-velhas-branco\/"]}]},{"@type":"ImageObject","inLanguage":"en-GB","@id":"https:\/\/www.tourinto.pt\/product\/quinta-da-foz-1872-vinhas-velhas-branco\/#primaryimage","url":"https:\/\/i0.wp.com\/www.tourinto.pt\/wp-content\/uploads\/2024\/02\/Quinta-da-Foz-Vinhas-Velhas-Branco.webp?fit=881%2C1400&ssl=1","contentUrl":"https:\/\/i0.wp.com\/www.tourinto.pt\/wp-content\/uploads\/2024\/02\/Quinta-da-Foz-Vinhas-Velhas-Branco.webp?fit=881%2C1400&ssl=1","width":881,"height":1400,"caption":"Quinta da Foz Vinhas Velhas, Quinta da Foz Vinhas Velhas Branco, Quinta da Foz Branco"},{"@type":"BreadcrumbList","@id":"https:\/\/www.tourinto.pt\/product\/quinta-da-foz-1872-vinhas-velhas-branco\/#breadcrumb","itemListElement":[{"@type":"ListItem","position":1,"name":"In\u00edcio","item":"https:\/\/www.tourinto.pt\/"},{"@type":"ListItem","position":2,"name":"Garrafeira on-line","item":"https:\/\/www.tourinto.pt\/garrafeira-on-line\/"},{"@type":"ListItem","position":3,"name":"Quinta da Foz 1872 Vinhas Velhas Branco"}]},{"@type":"WebSite","@id":"https:\/\/www.tourinto.pt\/#website","url":"https:\/\/www.tourinto.pt\/","name":"Tourinto Premium Wines","description":"Wine Shop online","publisher":{"@id":"https:\/\/www.tourinto.pt\/#organization"},"alternateName":"Garrafeira on-line","potentialAction":[{"@type":"SearchAction","target":{"@type":"EntryPoint","urlTemplate":"https:\/\/www.tourinto.pt\/?s={search_term_string}"},"query-input":{"@type":"PropertyValueSpecification","valueRequired":true,"valueName":"search_term_string"}}],"inLanguage":"en-GB"},{"@type":["Organization","Place"],"@id":"https:\/\/www.tourinto.pt\/#organization","name":"Tourinto","alternateName":"Garrafeira Tourinto, Lda.","url":"https:\/\/www.tourinto.pt\/","logo":{"@id":"https:\/\/www.tourinto.pt\/product\/quinta-da-foz-1872-vinhas-velhas-branco\/#local-main-organization-logo"},"image":{"@id":"https:\/\/www.tourinto.pt\/product\/quinta-da-foz-1872-vinhas-velhas-branco\/#local-main-organization-logo"},"sameAs":["https:\/\/www.facebook.com\/garrafeiratourinto","https:\/\/www.instagram.com\/garrafeiratourinto\/"],"telephone":[],"openingHoursSpecification":[{"@type":"OpeningHoursSpecification","dayOfWeek":["Monday","Tuesday","Wednesday","Thursday","Friday","Saturday","Sunday"],"opens":"09:00","closes":"17:00"}]},{"@type":"ImageObject","inLanguage":"en-GB","@id":"https:\/\/www.tourinto.pt\/product\/quinta-da-foz-1872-vinhas-velhas-branco\/#local-main-organization-logo","url":"https:\/\/i0.wp.com\/www.tourinto.pt\/wp-content\/uploads\/2022\/07\/tourinto-logo-big.png?fit=1400%2C505&ssl=1","contentUrl":"https:\/\/i0.wp.com\/www.tourinto.pt\/wp-content\/uploads\/2022\/07\/tourinto-logo-big.png?fit=1400%2C505&ssl=1","width":1400,"height":505,"caption":"Tourinto"}]},"product_price_amount":"98.50","product_price_currency":"EUR","og_availability":"instock","product_availability":"instock","product_retailer_item_id":"01.09.2021","product_condition":"new"},"jetpack_publicize_connections":[],"jetpack_sharing_enabled":true,"_links":{"self":[{"href":"https:\/\/www.tourinto.pt\/en\/wp-json\/wp\/v2\/product\/8978","targetHints":{"allow":["GET"]}}],"collection":[{"href":"https:\/\/www.tourinto.pt\/en\/wp-json\/wp\/v2\/product"}],"about":[{"href":"https:\/\/www.tourinto.pt\/en\/wp-json\/wp\/v2\/types\/product"}],"replies":[{"embeddable":true,"href":"https:\/\/www.tourinto.pt\/en\/wp-json\/wp\/v2\/comments?post=8978"}],"wp:featuredmedia":[{"embeddable":true,"href":"https:\/\/www.tourinto.pt\/en\/wp-json\/wp\/v2\/media\/14101"}],"wp:attachment":[{"href":"https:\/\/www.tourinto.pt\/en\/wp-json\/wp\/v2\/media?parent=8978"}],"wp:term":[{"taxonomy":"product_brand","embeddable":true,"href":"https:\/\/www.tourinto.pt\/en\/wp-json\/wp\/v2\/product_brand?post=8978"},{"taxonomy":"product_cat","embeddable":true,"href":"https:\/\/www.tourinto.pt\/en\/wp-json\/wp\/v2\/product_cat?post=8978"},{"taxonomy":"product_tag","embeddable":true,"href":"https:\/\/www.tourinto.pt\/en\/wp-json\/wp\/v2\/product_tag?post=8978"}],"curies":[{"name":"wp","href":"https:\/\/api.w.org\/{rel}","templated":true}]}}