{"id":8839,"date":"2024-01-28T09:43:01","date_gmt":"2024-01-28T09:43:01","guid":{"rendered":"https:\/\/www.tourinto.pt\/?post_type=product&#038;p=8839"},"modified":"2026-04-04T07:51:45","modified_gmt":"2026-04-04T07:51:45","slug":"maquete-barro-tinto","status":"publish","type":"product","link":"https:\/\/www.tourinto.pt\/en\/product\/maquete-barro-tinto\/","title":{"rendered":"Maquete Barro Red"},"content":{"rendered":"<div class=\"wpb-content-wrapper\"><div data-vc-full-width=\"true\" data-vc-full-width-init=\"false\" class=\"vc_row wpb_row vc_row-fluid vc_custom_1656585076455 vc_row-has-fill\"><div class=\"wpb_column vc_column_container vc_col-sm-12\"><div class=\"vc_column-inner\"><div class=\"wpb_wrapper\"><div class=\"vc_tta-container\" data-vc-action=\"collapse\"><div class=\"vc_general vc_tta vc_tta-tabs vc_tta-color-black vc_tta-style-flat vc_tta-shape-square vc_tta-spacing-1 vc_tta-o-no-fill vc_tta-tabs-position-top vc_tta-controls-align-left\"><div class=\"vc_tta-tabs-container\"><ul class=\"vc_tta-tabs-list\" role=\"tablist\"><li class=\"vc_tta-tab vc_active\" data-vc-tab role=\"presentation\"><a href=\"#1656584484701-0e478312-357c\" data-vc-tabs data-vc-container=\".vc_tta\" role=\"tab\" aria-selected=\"false\" id=\"tab-1656584484701-0e478312-357c\"><i class=\"vc_tta-icon vc-oi vc-oi-article\"><\/i><span class=\"vc_tta-title-text\">Description<\/span><\/a><\/li><\/ul><\/div><div class=\"vc_tta-panels-container\"><div class=\"vc_tta-panels\"><div class=\"vc_tta-panel vc_active\" id=\"1656584484701-0e478312-357c\" data-vc-content=\".vc_tta-panel-body\"><div class=\"vc_tta-panel-heading\"><h4 class=\"vc_tta-panel-title\"><a href=\"#1656584484701-0e478312-357c\" data-vc-accordion data-vc-container=\".vc_tta-container\"><i class=\"vc_tta-icon vc-oi vc-oi-article\"><\/i><span class=\"vc_tta-title-text\">Description<\/span><\/a><\/h4><\/div><div class=\"vc_tta-panel-body\">\n\t<div class=\"wpb_text_column wpb_content_element\" >\n\t\t<div class=\"wpb_wrapper\">\n\t\t\t<p><strong>Maquete Barro Red<\/strong><\/p>\n<p><strong>Grape varieties:<\/strong> Moreto (Amareleja), Touriga Nacional e Alicante Bouschet (Montemor-o-Novo).<br \/>\n<strong>Vinification:\u00a0<\/strong>Total destemming for two old vats, spontaneous fermentation and contact with the skins for 15 days with slight submersion of the cap. Vats \u2018opened\u2019 in March and separated into different stainless steel tanks. Unstabilised.<br \/>\n<strong>Aging: <\/strong>Stainless steel vat.<br \/>\n<strong>Colour:<\/strong> Ruby open.<br \/>\n<strong>Aroma:<\/strong> Closed, with soft vegetal nuances combined with red fruit and spice.<br \/>\n<strong>Flavour:<\/strong> Light but consistent on the palate, with a subtle hint of clay. Enveloping and balanced acidity throughout.<\/p>\n<hr style=\"border: #b0976d 1px dotted\" \/>\n<p><strong>Serve: <\/strong>16 to 18\u2070<br \/>\n<strong>Consumption: <\/strong>Immediate.<\/p>\n<hr style=\"border: #b0976d 1px dotted\" \/>\n<p><b>Harmonisation: <\/b>Versatile, meat dishes, game pie and marinated partridge.<\/p>\n<hr style=\"border: #b0976d 1px dotted\" \/>\n<p><strong>Producer:<\/strong> <a href=\"https:\/\/www.tourinto.pt\/en\/produto-categoria\/produtores\/producoes-anonimas\/\">Produ\u00e7\u00f5es An\u00f3nimas<\/a><\/p>\n<p><strong>Enology: <\/strong>Jo\u00e3o Ramos | Nuno Duarte<\/p>\n<p><strong>Category: <\/strong>Portuguese Wines \u2013 <a href=\"https:\/\/www.tourinto.pt\/en\/portugal\/vinhos-do-alentejo\/\">Alentejo<\/a><\/p>\n<p><strong>N\u00famero de Garrafas:<\/strong> 916<\/p>\n<p><strong>Awards and Notes:<\/strong><\/p>\n<ul>\n<li>Revista de Vinhos &#8211;<\/li>\n<\/ul>\n<p><a href=\"https:\/\/www.instagram.com\/maquete_vinhos\/\"><span style=\"color: #f1f1f1\">maquete vinhos<\/span><\/a><\/p>\n\n\t\t<\/div>\n\t<\/div>\n<\/div><\/div><\/div><\/div><\/div><\/div><\/div><\/div><\/div><\/div><div class=\"vc_row-full-width vc_clearfix\"><\/div><div data-vc-full-width=\"true\" data-vc-full-width-init=\"false\" data-vc-stretch-content=\"true\" class=\"vc_row wpb_row vc_row-fluid vc_custom_1706438963983 vc_row-no-padding\"><div class=\"wpb_column vc_column_container vc_col-sm-12\"><div class=\"vc_column-inner\"><div class=\"wpb_wrapper\">\n<div class=\"vc_grid-container-wrapper vc_clearfix vc_grid-animation-fadeIn\">\n\t<div class=\"vc_grid-container vc_clearfix wpb_content_element vc_media_grid\" data-initial-loading-animation=\"fadeIn\" data-vc-grid-settings=\"{&quot;page_id&quot;:8839,&quot;style&quot;:&quot;all&quot;,&quot;action&quot;:&quot;vc_get_vc_grid_data&quot;,&quot;shortcode_id&quot;:&quot;1755607477520-8e29cc0a-c7bd-0&quot;,&quot;tag&quot;:&quot;vc_media_grid&quot;}\" data-vc-request=\"https:\/\/www.tourinto.pt\/wp-admin\/admin-ajax.php\" data-vc-post-id=\"8839\" data-vc-public-nonce=\"f0d99114be\">\n\t\t\n\t<\/div>\n<\/div><\/div><\/div><\/div><\/div><div class=\"vc_row-full-width vc_clearfix\"><\/div>\n<\/div>","protected":false},"excerpt":{"rendered":"<p>Maquete Barro Tinto is a talha wine produced from the recovery of dryland vineyards in Alentejo, mainly from the Moreto grape variety. It has predominant notes of fresh red fruit, spices and slight hints of clay, as well as enveloping acidity.<\/p>\n<p>Find out more about <a href=\"https:\/\/www.tourinto.pt\/en\/produto-categoria\/produtores\/producoes-anonimas\/\">Produ\u00e7\u00f5es An\u00f3nimas<\/a>.<\/p>\n<hr style=\"border: #b0976d 1px dotted\" \/>\n<p><span style=\"font-size: 16px;color: #b0976d;font-weight: bold\">Contains Sulphites.<\/span><br \/>\n<span style=\"font-size: 16px;color: #b0976d;font-weight: bold\">Be responsible. Drink in moderation. <\/span><br \/>\n<span style=\"font-size: 16px;color: #b0976d;font-weight: bold\">Tax included, except for countries outside the European Union. <\/span><span style=\"font-size: 16px;color: #b0976d\"><span style=\"font-size: 15px;color: #b0976d\">(<\/span><\/span><span style=\"font-size: 16px;color: #b0976d\"><span style=\"font-size: 15px;color: #b0976d\"><a href=\"https:\/\/www.tourinto.pt\/en\/faq\/\">learn more<\/a><\/span><\/span><span style=\"font-size: 16px;color: #b0976d\"><span style=\"font-size: 15px;color: #b0976d\">)<\/span><\/span><\/p>\n<hr style=\"border: #b0976d 1px dotted\" \/>","protected":false},"featured_media":12493,"comment_status":"closed","ping_status":"closed","template":"","meta":{"_acf_changed":false,"_joinchat":[],"jetpack_publicize_message":"","jetpack_publicize_feature_enabled":true,"jetpack_social_post_already_shared":true,"jetpack_social_options":{"image_generator_settings":{"template":"highway","default_image_id":0,"font":"","enabled":false},"version":2}},"product_brand":[],"product_cat":[1467,1307,17,387,363,297,83,424,392,100,81,44,427],"product_tag":[372,388,342,47,42,39],"class_list":{"0":"post-8839","1":"product","2":"type-product","3":"status-publish","4":"has-post-thumbnail","6":"product_cat-massas-e-risottos","7":"product_cat-ready-to-drink-tintos","8":"product_cat-vinho-tinto","9":"product_cat-talha","10":"product_cat-biologico","11":"product_cat-minima-intervencao","12":"product_cat-alentejo","13":"product_cat-vinhos-portugal","14":"product_cat-pequenos-produtores","15":"product_cat-tipologia","16":"product_cat-regiao","17":"product_cat-produtores","18":"product_cat-producoes-anonimas","19":"product_tag-vinho-tinto","20":"product_tag-talha","21":"product_tag-moreto","22":"product_tag-touriga-nacional","23":"product_tag-alicante-bouschet","24":"product_tag-alentejo","25":"pa_ano-422","26":"pa_castas-alicante-bouschet","27":"pa_castas-touriga-nacional","28":"pa_castas-moreto","29":"pa_categoria-vinhos-portugueses","30":"pa_enologia-joao-ramos-nuno-duarte","31":"pa_harmonizacao-caca","32":"pa_harmonizacao-carnes-vermelhas","33":"pa_harmonizacao-versatilidade-gastronomica","34":"pa_leveduras-indigenas","35":"pa_produtor-producoes-anonimas","36":"pa_regiao-alentejo","37":"pa_tipologia-vinho-de-talha-tinto","38":"pa_vinificacao-talha","39":"pa_viticultura-sustentavel-principios-biologicos","40":"pa_volume-750ml","42":"first","43":"instock","44":"taxable","45":"shipping-taxable","46":"purchasable","47":"product-type-simple"},"acf":[],"yoast_head":"<!-- This site is optimized with the Yoast SEO Premium plugin v27.3 (Yoast SEO v27.4) - https:\/\/yoast.com\/product\/yoast-seo-premium-wordpress\/ -->\n<title>Maquete Barro Tinto - Tourinto Premium Wines<\/title>\n<meta name=\"description\" content=\"Maquete Barro Tinto \u00e9 um vinho de talha proveniente de vinhas da recupera\u00e7\u00e3o de vinhas de sequeiro no Alentejo, principalmente da casta Moreto.\" \/>\n<meta name=\"robots\" content=\"index, follow, max-snippet:-1, max-image-preview:large, max-video-preview:-1\" \/>\n<link rel=\"canonical\" href=\"https:\/\/www.tourinto.pt\/en\/product\/maquete-barro-tinto\/\" \/>\n<meta property=\"og:locale\" content=\"en_GB\" \/>\n<meta property=\"og:type\" content=\"article\" \/>\n<meta property=\"og:title\" content=\"Maquete Barro Tinto\" \/>\n<meta property=\"og:description\" content=\"Maquete Barro Tinto \u00e9 um vinho de talha proveniente de vinhas da recupera\u00e7\u00e3o de vinhas de sequeiro no Alentejo, principalmente da casta Moreto.\" \/>\n<meta property=\"og:url\" content=\"https:\/\/www.tourinto.pt\/en\/product\/maquete-barro-tinto\/\" \/>\n<meta property=\"og:site_name\" content=\"Tourinto Premium Wines\" \/>\n<meta property=\"article:publisher\" content=\"https:\/\/www.facebook.com\/garrafeiratourinto\" \/>\n<meta property=\"article:modified_time\" content=\"2026-04-04T07:51:45+00:00\" \/>\n<meta property=\"og:image\" content=\"https:\/\/i0.wp.com\/www.tourinto.pt\/wp-content\/uploads\/2024\/01\/Photoroom_20250327_210651.png?fit=1291%2C2056&ssl=1\" \/>\n\t<meta property=\"og:image:width\" content=\"1291\" \/>\n\t<meta property=\"og:image:height\" content=\"2056\" \/>\n\t<meta property=\"og:image:type\" content=\"image\/png\" \/>\n<meta name=\"twitter:card\" content=\"summary_large_image\" \/>\n<meta name=\"twitter:label1\" content=\"Price\" \/>\n\t<meta name=\"twitter:data1\" content=\"22,50&nbsp;&euro;\" \/>\n\t<meta name=\"twitter:label2\" content=\"Availability\" \/>\n\t<meta name=\"twitter:data2\" content=\"In stock\" \/>\n<script type=\"application\/ld+json\" class=\"yoast-schema-graph\">{\"@context\":\"https:\\\/\\\/schema.org\",\"@graph\":[{\"@type\":\"WebPage\",\"@id\":\"https:\\\/\\\/www.tourinto.pt\\\/product\\\/maquete-barro-tinto\\\/\",\"url\":\"https:\\\/\\\/www.tourinto.pt\\\/product\\\/maquete-barro-tinto\\\/\",\"name\":\"Maquete Barro Tinto - Tourinto Premium Wines\",\"isPartOf\":{\"@id\":\"https:\\\/\\\/www.tourinto.pt\\\/#website\"},\"primaryImageOfPage\":{\"@id\":\"https:\\\/\\\/www.tourinto.pt\\\/product\\\/maquete-barro-tinto\\\/#primaryimage\"},\"image\":{\"@id\":\"https:\\\/\\\/www.tourinto.pt\\\/product\\\/maquete-barro-tinto\\\/#primaryimage\"},\"thumbnailUrl\":\"https:\\\/\\\/i0.wp.com\\\/www.tourinto.pt\\\/wp-content\\\/uploads\\\/2024\\\/01\\\/Photoroom_20250327_210651.png?fit=1291%2C2056&ssl=1\",\"datePublished\":\"2024-01-28T09:43:01+00:00\",\"dateModified\":\"2026-04-04T07:51:45+00:00\",\"description\":\"Maquete Barro Tinto \u00e9 um vinho de talha proveniente de vinhas da recupera\u00e7\u00e3o de vinhas de sequeiro no Alentejo, principalmente da casta Moreto.\",\"breadcrumb\":{\"@id\":\"https:\\\/\\\/www.tourinto.pt\\\/product\\\/maquete-barro-tinto\\\/#breadcrumb\"},\"inLanguage\":\"en-GB\",\"potentialAction\":[{\"@type\":\"ReadAction\",\"target\":[\"https:\\\/\\\/www.tourinto.pt\\\/product\\\/maquete-barro-tinto\\\/\"]}]},{\"@type\":\"ImageObject\",\"inLanguage\":\"en-GB\",\"@id\":\"https:\\\/\\\/www.tourinto.pt\\\/product\\\/maquete-barro-tinto\\\/#primaryimage\",\"url\":\"https:\\\/\\\/i0.wp.com\\\/www.tourinto.pt\\\/wp-content\\\/uploads\\\/2024\\\/01\\\/Photoroom_20250327_210651.png?fit=1291%2C2056&ssl=1\",\"contentUrl\":\"https:\\\/\\\/i0.wp.com\\\/www.tourinto.pt\\\/wp-content\\\/uploads\\\/2024\\\/01\\\/Photoroom_20250327_210651.png?fit=1291%2C2056&ssl=1\",\"width\":1291,\"height\":2056,\"caption\":\"Maquete Tinto, Maquete Talha Moreto, Maquete Vinho de Talha, Maquete Vinho Tinto\"},{\"@type\":\"BreadcrumbList\",\"@id\":\"https:\\\/\\\/www.tourinto.pt\\\/product\\\/maquete-barro-tinto\\\/#breadcrumb\",\"itemListElement\":[{\"@type\":\"ListItem\",\"position\":1,\"name\":\"In\u00edcio\",\"item\":\"https:\\\/\\\/www.tourinto.pt\\\/\"},{\"@type\":\"ListItem\",\"position\":2,\"name\":\"Garrafeira on-line\",\"item\":\"https:\\\/\\\/www.tourinto.pt\\\/garrafeira-on-line\\\/\"},{\"@type\":\"ListItem\",\"position\":3,\"name\":\"Maquete Barro Tinto\"}]},{\"@type\":\"WebSite\",\"@id\":\"https:\\\/\\\/www.tourinto.pt\\\/#website\",\"url\":\"https:\\\/\\\/www.tourinto.pt\\\/\",\"name\":\"Tourinto Premium Wines\",\"description\":\"Garrafeira on-line\",\"publisher\":{\"@id\":\"https:\\\/\\\/www.tourinto.pt\\\/#organization\"},\"alternateName\":\"Garrafeira on-line\",\"potentialAction\":[{\"@type\":\"SearchAction\",\"target\":{\"@type\":\"EntryPoint\",\"urlTemplate\":\"https:\\\/\\\/www.tourinto.pt\\\/?s={search_term_string}\"},\"query-input\":{\"@type\":\"PropertyValueSpecification\",\"valueRequired\":true,\"valueName\":\"search_term_string\"}}],\"inLanguage\":\"en-GB\"},{\"@type\":[\"Organization\",\"Place\"],\"@id\":\"https:\\\/\\\/www.tourinto.pt\\\/#organization\",\"name\":\"Tourinto\",\"alternateName\":\"Garrafeira Tourinto, Lda.\",\"url\":\"https:\\\/\\\/www.tourinto.pt\\\/\",\"logo\":{\"@id\":\"https:\\\/\\\/www.tourinto.pt\\\/product\\\/maquete-barro-tinto\\\/#local-main-organization-logo\"},\"image\":{\"@id\":\"https:\\\/\\\/www.tourinto.pt\\\/product\\\/maquete-barro-tinto\\\/#local-main-organization-logo\"},\"sameAs\":[\"https:\\\/\\\/www.facebook.com\\\/garrafeiratourinto\",\"https:\\\/\\\/www.instagram.com\\\/garrafeiratourinto\\\/\"],\"telephone\":[],\"openingHoursSpecification\":[{\"@type\":\"OpeningHoursSpecification\",\"dayOfWeek\":[\"Monday\",\"Tuesday\",\"Wednesday\",\"Thursday\",\"Friday\",\"Saturday\",\"Sunday\"],\"opens\":\"09:00\",\"closes\":\"17:00\"}]},{\"@type\":\"ImageObject\",\"inLanguage\":\"en-GB\",\"@id\":\"https:\\\/\\\/www.tourinto.pt\\\/product\\\/maquete-barro-tinto\\\/#local-main-organization-logo\",\"url\":\"https:\\\/\\\/i0.wp.com\\\/www.tourinto.pt\\\/wp-content\\\/uploads\\\/2022\\\/07\\\/tourinto-logo-big.png?fit=1400%2C505&ssl=1\",\"contentUrl\":\"https:\\\/\\\/i0.wp.com\\\/www.tourinto.pt\\\/wp-content\\\/uploads\\\/2022\\\/07\\\/tourinto-logo-big.png?fit=1400%2C505&ssl=1\",\"width\":1400,\"height\":505,\"caption\":\"Tourinto\"}]}<\/script>\n<meta property=\"product:price:amount\" content=\"22.50\" \/>\n<meta property=\"product:price:currency\" content=\"EUR\" \/>\n<meta property=\"og:availability\" content=\"instock\" \/>\n<meta property=\"product:availability\" content=\"instock\" \/>\n<meta property=\"product:retailer_item_id\" content=\"73.01.2023\" \/>\n<meta property=\"product:condition\" content=\"new\" \/>\n<!-- \/ Yoast SEO Premium plugin. -->","yoast_head_json":{"title":"Maquete Barro Tinto - Tourinto Premium Wines","description":"Maquete Barro Tinto \u00e9 um vinho de talha proveniente de vinhas da recupera\u00e7\u00e3o de vinhas de sequeiro no Alentejo, principalmente da casta Moreto.","robots":{"index":"index","follow":"follow","max-snippet":"max-snippet:-1","max-image-preview":"max-image-preview:large","max-video-preview":"max-video-preview:-1"},"canonical":"https:\/\/www.tourinto.pt\/en\/product\/maquete-barro-tinto\/","og_locale":"en_GB","og_type":"article","og_title":"Maquete Barro Tinto","og_description":"Maquete Barro Tinto \u00e9 um vinho de talha proveniente de vinhas da recupera\u00e7\u00e3o de vinhas de sequeiro no Alentejo, principalmente da casta Moreto.","og_url":"https:\/\/www.tourinto.pt\/en\/product\/maquete-barro-tinto\/","og_site_name":"Tourinto Premium Wines","article_publisher":"https:\/\/www.facebook.com\/garrafeiratourinto","article_modified_time":"2026-04-04T07:51:45+00:00","og_image":[{"width":1291,"height":2056,"url":"https:\/\/i0.wp.com\/www.tourinto.pt\/wp-content\/uploads\/2024\/01\/Photoroom_20250327_210651.png?fit=1291%2C2056&ssl=1","type":"image\/png"}],"twitter_card":"summary_large_image","twitter_misc":{"Price":"22,50&nbsp;&euro;","Availability":"In stock"},"schema":{"@context":"https:\/\/schema.org","@graph":[{"@type":"WebPage","@id":"https:\/\/www.tourinto.pt\/product\/maquete-barro-tinto\/","url":"https:\/\/www.tourinto.pt\/product\/maquete-barro-tinto\/","name":"Maquete Barro Tinto - Tourinto Premium Wines","isPartOf":{"@id":"https:\/\/www.tourinto.pt\/#website"},"primaryImageOfPage":{"@id":"https:\/\/www.tourinto.pt\/product\/maquete-barro-tinto\/#primaryimage"},"image":{"@id":"https:\/\/www.tourinto.pt\/product\/maquete-barro-tinto\/#primaryimage"},"thumbnailUrl":"https:\/\/i0.wp.com\/www.tourinto.pt\/wp-content\/uploads\/2024\/01\/Photoroom_20250327_210651.png?fit=1291%2C2056&ssl=1","datePublished":"2024-01-28T09:43:01+00:00","dateModified":"2026-04-04T07:51:45+00:00","description":"Maquete Barro Tinto \u00e9 um vinho de talha proveniente de vinhas da recupera\u00e7\u00e3o de vinhas de sequeiro no Alentejo, principalmente da casta Moreto.","breadcrumb":{"@id":"https:\/\/www.tourinto.pt\/product\/maquete-barro-tinto\/#breadcrumb"},"inLanguage":"en-GB","potentialAction":[{"@type":"ReadAction","target":["https:\/\/www.tourinto.pt\/product\/maquete-barro-tinto\/"]}]},{"@type":"ImageObject","inLanguage":"en-GB","@id":"https:\/\/www.tourinto.pt\/product\/maquete-barro-tinto\/#primaryimage","url":"https:\/\/i0.wp.com\/www.tourinto.pt\/wp-content\/uploads\/2024\/01\/Photoroom_20250327_210651.png?fit=1291%2C2056&ssl=1","contentUrl":"https:\/\/i0.wp.com\/www.tourinto.pt\/wp-content\/uploads\/2024\/01\/Photoroom_20250327_210651.png?fit=1291%2C2056&ssl=1","width":1291,"height":2056,"caption":"Maquete Tinto, Maquete Talha Moreto, Maquete Vinho de Talha, Maquete Vinho Tinto"},{"@type":"BreadcrumbList","@id":"https:\/\/www.tourinto.pt\/product\/maquete-barro-tinto\/#breadcrumb","itemListElement":[{"@type":"ListItem","position":1,"name":"In\u00edcio","item":"https:\/\/www.tourinto.pt\/"},{"@type":"ListItem","position":2,"name":"Garrafeira on-line","item":"https:\/\/www.tourinto.pt\/garrafeira-on-line\/"},{"@type":"ListItem","position":3,"name":"Maquete Barro Tinto"}]},{"@type":"WebSite","@id":"https:\/\/www.tourinto.pt\/#website","url":"https:\/\/www.tourinto.pt\/","name":"Tourinto Premium Wines","description":"Wine Shop online","publisher":{"@id":"https:\/\/www.tourinto.pt\/#organization"},"alternateName":"Garrafeira on-line","potentialAction":[{"@type":"SearchAction","target":{"@type":"EntryPoint","urlTemplate":"https:\/\/www.tourinto.pt\/?s={search_term_string}"},"query-input":{"@type":"PropertyValueSpecification","valueRequired":true,"valueName":"search_term_string"}}],"inLanguage":"en-GB"},{"@type":["Organization","Place"],"@id":"https:\/\/www.tourinto.pt\/#organization","name":"Tourinto","alternateName":"Garrafeira Tourinto, Lda.","url":"https:\/\/www.tourinto.pt\/","logo":{"@id":"https:\/\/www.tourinto.pt\/product\/maquete-barro-tinto\/#local-main-organization-logo"},"image":{"@id":"https:\/\/www.tourinto.pt\/product\/maquete-barro-tinto\/#local-main-organization-logo"},"sameAs":["https:\/\/www.facebook.com\/garrafeiratourinto","https:\/\/www.instagram.com\/garrafeiratourinto\/"],"telephone":[],"openingHoursSpecification":[{"@type":"OpeningHoursSpecification","dayOfWeek":["Monday","Tuesday","Wednesday","Thursday","Friday","Saturday","Sunday"],"opens":"09:00","closes":"17:00"}]},{"@type":"ImageObject","inLanguage":"en-GB","@id":"https:\/\/www.tourinto.pt\/product\/maquete-barro-tinto\/#local-main-organization-logo","url":"https:\/\/i0.wp.com\/www.tourinto.pt\/wp-content\/uploads\/2022\/07\/tourinto-logo-big.png?fit=1400%2C505&ssl=1","contentUrl":"https:\/\/i0.wp.com\/www.tourinto.pt\/wp-content\/uploads\/2022\/07\/tourinto-logo-big.png?fit=1400%2C505&ssl=1","width":1400,"height":505,"caption":"Tourinto"}]},"product_price_amount":"22.50","product_price_currency":"EUR","og_availability":"instock","product_availability":"instock","product_retailer_item_id":"73.01.2023","product_condition":"new"},"jetpack_publicize_connections":[],"jetpack_sharing_enabled":true,"_links":{"self":[{"href":"https:\/\/www.tourinto.pt\/en\/wp-json\/wp\/v2\/product\/8839","targetHints":{"allow":["GET"]}}],"collection":[{"href":"https:\/\/www.tourinto.pt\/en\/wp-json\/wp\/v2\/product"}],"about":[{"href":"https:\/\/www.tourinto.pt\/en\/wp-json\/wp\/v2\/types\/product"}],"replies":[{"embeddable":true,"href":"https:\/\/www.tourinto.pt\/en\/wp-json\/wp\/v2\/comments?post=8839"}],"wp:featuredmedia":[{"embeddable":true,"href":"https:\/\/www.tourinto.pt\/en\/wp-json\/wp\/v2\/media\/12493"}],"wp:attachment":[{"href":"https:\/\/www.tourinto.pt\/en\/wp-json\/wp\/v2\/media?parent=8839"}],"wp:term":[{"taxonomy":"product_brand","embeddable":true,"href":"https:\/\/www.tourinto.pt\/en\/wp-json\/wp\/v2\/product_brand?post=8839"},{"taxonomy":"product_cat","embeddable":true,"href":"https:\/\/www.tourinto.pt\/en\/wp-json\/wp\/v2\/product_cat?post=8839"},{"taxonomy":"product_tag","embeddable":true,"href":"https:\/\/www.tourinto.pt\/en\/wp-json\/wp\/v2\/product_tag?post=8839"}],"curies":[{"name":"wp","href":"https:\/\/api.w.org\/{rel}","templated":true}]}}