{"id":8671,"date":"2023-12-24T10:43:28","date_gmt":"2023-12-24T10:43:28","guid":{"rendered":"https:\/\/www.tourinto.pt\/?post_type=product&#038;p=8671"},"modified":"2026-03-16T22:35:20","modified_gmt":"2026-03-16T22:35:20","slug":"vinha-das-penicas-tinto","status":"publish","type":"product","link":"https:\/\/www.tourinto.pt\/en\/product\/vinha-das-penicas-tinto\/","title":{"rendered":"Vinha das Penicas Red"},"content":{"rendered":"<div class=\"wpb-content-wrapper\"><div data-vc-full-width=\"true\" data-vc-full-width-init=\"false\" class=\"vc_row wpb_row vc_row-fluid vc_custom_1656585076455 vc_row-has-fill\"><div class=\"wpb_column vc_column_container vc_col-sm-12\"><div class=\"vc_column-inner\"><div class=\"wpb_wrapper\"><div class=\"vc_tta-container\" data-vc-action=\"collapse\"><div class=\"vc_general vc_tta vc_tta-tabs vc_tta-color-black vc_tta-style-flat vc_tta-shape-square vc_tta-spacing-1 vc_tta-o-no-fill vc_tta-tabs-position-top vc_tta-controls-align-left\"><div class=\"vc_tta-tabs-container\"><ul class=\"vc_tta-tabs-list\" role=\"tablist\"><li class=\"vc_tta-tab vc_active\" data-vc-tab role=\"presentation\"><a href=\"#1656584484701-0e478312-357c\" data-vc-tabs data-vc-container=\".vc_tta\" role=\"tab\" aria-selected=\"false\" id=\"tab-1656584484701-0e478312-357c\"><i class=\"vc_tta-icon vc-oi vc-oi-article\"><\/i><span class=\"vc_tta-title-text\">Description<\/span><\/a><\/li><\/ul><\/div><div class=\"vc_tta-panels-container\"><div class=\"vc_tta-panels\"><div class=\"vc_tta-panel vc_active\" id=\"1656584484701-0e478312-357c\" data-vc-content=\".vc_tta-panel-body\"><div class=\"vc_tta-panel-heading\"><h4 class=\"vc_tta-panel-title\"><a href=\"#1656584484701-0e478312-357c\" data-vc-accordion data-vc-container=\".vc_tta-container\"><i class=\"vc_tta-icon vc-oi vc-oi-article\"><\/i><span class=\"vc_tta-title-text\">Description<\/span><\/a><\/h4><\/div><div class=\"vc_tta-panel-body\">\n\t<div class=\"wpb_text_column wpb_content_element\" >\n\t\t<div class=\"wpb_wrapper\">\n\t\t\t<p><strong>Vinha das Penicas Red<\/strong><\/p>\n<p><strong>Grape varieties:<\/strong> Old Vines (Baga, Rufete, Bastardo, Grand Noir).<br \/>\n<strong>Aging:\u00a0<\/strong> 24 months in French oak barrels, followed by a year in the bottle. <span class=\"Apple-converted-space\" style=\"padding: 0px;margin: 0px\">\u00a0<\/span><br \/>\n<strong>Colour:<\/strong> Ruby.<br \/>\n<strong>Aroma:<\/strong> It has woodland notes, with wild berries and cherries, blackberry and strawberry, as well as notes of white pepper, tobacco box, leather, caruma and flint.<br \/>\n<strong>Flavour:<\/strong> A tense and complex wine, full of uniqueness and personality, as well as marked by freshness, balance and great elegance.<\/p>\n<hr style=\"border: #b0976d 1px dotted\" \/>\n<p><strong>Serve: <\/strong>17\u00ba to 18\u2070<br \/>\n<strong>Consumption: <\/strong>Immediate.<\/p>\n<hr style=\"border: #b0976d 1px dotted\" \/>\n<p><strong>Harmonisation: <\/strong>Red meats, game dishes, cheeses.<\/p>\n<hr style=\"border: #b0976d 1px dotted\" \/>\n<p><strong>Producer:\u00a0<\/strong><a href=\"https:\/\/www.tourinto.pt\/en\/produtores\/bairrada\/vinha-das-penicas\/\">Vinha das Penicas<\/a><\/p>\n<p><strong>Enology: <\/strong>Alberto Almeida<\/p>\n<p><strong>Category:<\/strong> Portuguese Wines \u2013 <a href=\"https:\/\/www.tourinto.pt\/en\/regiao\/beira-atlantico\/\">Beira Atl\u00e2ntico<\/a><\/p>\n<p><strong>Awards and Notes:<\/strong><\/p>\n<ul>\n<li><strong>Jancis Robinson<\/strong> &#8211; 16,5+\/100 (2020)<\/li>\n<li><strong>Revista de Vinhos<\/strong> &#8211; 93\/100 (2019)<\/li>\n<\/ul>\n<p><strong><a href=\"https:\/\/www.instagram.com\/vinha_das_penicas\/\"><span style=\"color: #f1f1f1\">vinha das penicas<\/span><\/a><\/strong><\/p>\n\n\t\t<\/div>\n\t<\/div>\n<\/div><\/div><\/div><\/div><\/div><\/div><\/div><\/div><\/div><\/div><div class=\"vc_row-full-width vc_clearfix\"><\/div><div data-vc-full-width=\"true\" data-vc-full-width-init=\"false\" data-vc-stretch-content=\"true\" class=\"vc_row wpb_row vc_row-fluid vc_custom_1709253385973 vc_row-no-padding\"><div class=\"wpb_column vc_column_container vc_col-sm-12\"><div class=\"vc_column-inner\"><div class=\"wpb_wrapper\">\n<div class=\"vc_grid-container-wrapper vc_clearfix vc_grid-animation-fadeIn\">\n\t<div class=\"vc_grid-container vc_clearfix wpb_content_element vc_media_grid\" data-initial-loading-animation=\"fadeIn\" data-vc-grid-settings=\"{&quot;page_id&quot;:8671,&quot;style&quot;:&quot;all&quot;,&quot;action&quot;:&quot;vc_get_vc_grid_data&quot;,&quot;shortcode_id&quot;:&quot;1755674939195-99129bc0-21c1-7&quot;,&quot;tag&quot;:&quot;vc_media_grid&quot;}\" data-vc-request=\"https:\/\/www.tourinto.pt\/wp-admin\/admin-ajax.php\" data-vc-post-id=\"8671\" data-vc-public-nonce=\"b902f86529\">\n\t\t\n\t<\/div>\n<\/div><\/div><\/div><\/div><\/div><div class=\"vc_row-full-width vc_clearfix\"><\/div>\n<\/div>","protected":false},"excerpt":{"rendered":"<p>Vinha das Penicas Tinto nasceu em Terras de Sic\u00f3 na Beira Atl\u00e2ntico, pelas m\u00e3os de Alberto Almeida. Proveniente de Vinhas Velhas, originou-se um vinho com notas notas de bosque e frutos silvestres, assim como notas de pimenta branca, caixa de tabaco e s\u00edlex. Tenso e complexo, cheio de singularidade e personalidade, bem como marcado pela frescura e eleg\u00e2ncia.<\/p>\n<p>Saiba mais sobre a <a href=\"https:\/\/www.tourinto.pt\/produtores\/vinha-das-penicas\/\">Vinha das Penicas<\/a>.<\/p>\n[contact-form-7 id=\"4433d5d\" title=\"nota Uni\u00e3o Europeia\"]\n","protected":false},"featured_media":8672,"comment_status":"closed","ping_status":"closed","template":"","meta":{"_acf_changed":false,"_joinchat":[],"jetpack_publicize_message":"","jetpack_publicize_feature_enabled":true,"jetpack_social_post_already_shared":true,"jetpack_social_options":{"image_generator_settings":{"template":"highway","default_image_id":0,"font":"","enabled":false},"version":2}},"product_brand":[],"product_cat":[1471,1441,1058,1307,17,363,297,414,424,392,100,81,44,415],"product_tag":[417,372,294,416,65],"class_list":{"0":"post-8671","1":"product","2":"type-product","3":"status-publish","4":"has-post-thumbnail","6":"product_cat-produtores-pequenos","7":"product_cat-rtd-tintos-destaque","8":"product_cat-vinhas-velhas","9":"product_cat-ready-to-drink-tintos","10":"product_cat-vinho-tinto","11":"product_cat-biologico","12":"product_cat-minima-intervencao","13":"product_cat-beira-atlantico","14":"product_cat-vinhos-portugal","15":"product_cat-pequenos-produtores","16":"product_cat-tipologia","17":"product_cat-regiao","18":"product_cat-produtores","19":"product_cat-vinha-das-penicas","20":"product_tag-biologico","21":"product_tag-vinho-tinto","22":"product_tag-minima-intervencao","23":"product_tag-beira-atlantico","24":"product_tag-vinhas-velhas","25":"pa_ano-31","26":"pa_categoria-vinhos-portugueses","27":"pa_enologia-alberto-almeida","28":"pa_harmonizacao-queijos","29":"pa_harmonizacao-caca","30":"pa_harmonizacao-carnes-vermelhas","31":"pa_leveduras-indigenas","32":"pa_produtor-vinha-das-penicas","33":"pa_regiao-beira-atlantico","34":"pa_tipologia-vinho-tinto","35":"pa_vinificacao-minima-intervencao","36":"pa_viticultura-sustentavel-principios-biologicos","37":"pa_volume-750ml","39":"first","40":"instock","41":"taxable","42":"shipping-taxable","43":"purchasable","44":"product-type-simple"},"acf":[],"yoast_head":"<!-- This site is optimized with the Yoast SEO Premium plugin v27.3 (Yoast SEO v27.4) - https:\/\/yoast.com\/product\/yoast-seo-premium-wordpress\/ -->\n<title>Vinha das Penicas Tinto - Tourinto Premium Wines<\/title>\n<meta name=\"description\" content=\"Vinha das Penicas Tinto nasceu de Vinhas Velhas na Beira Litoral. Com notas de bosque pimenta branca, caixa de tabaco e s\u00edlex, tenso, complexo e elegante.\" \/>\n<meta name=\"robots\" content=\"index, follow, max-snippet:-1, max-image-preview:large, max-video-preview:-1\" \/>\n<link rel=\"canonical\" href=\"https:\/\/www.tourinto.pt\/en\/product\/vinha-das-penicas-tinto\/\" \/>\n<meta property=\"og:locale\" content=\"en_GB\" \/>\n<meta property=\"og:type\" content=\"article\" \/>\n<meta property=\"og:title\" content=\"Vinha das Penicas Tinto\" \/>\n<meta property=\"og:description\" content=\"Vinha das Penicas Tinto nasceu de Vinhas Velhas na Beira Litoral. Com notas de bosque pimenta branca, caixa de tabaco e s\u00edlex, tenso, complexo e elegante.\" \/>\n<meta property=\"og:url\" content=\"https:\/\/www.tourinto.pt\/en\/product\/vinha-das-penicas-tinto\/\" \/>\n<meta property=\"og:site_name\" content=\"Tourinto Premium Wines\" \/>\n<meta property=\"article:publisher\" content=\"https:\/\/www.facebook.com\/garrafeiratourinto\" \/>\n<meta property=\"article:modified_time\" content=\"2026-03-16T22:35:20+00:00\" \/>\n<meta property=\"og:image\" content=\"https:\/\/www.tourinto.pt\/wp-content\/uploads\/2023\/12\/Vinha-de-Penicas-Tinto.png\" \/>\n\t<meta property=\"og:image:width\" content=\"881\" \/>\n\t<meta property=\"og:image:height\" content=\"1400\" \/>\n\t<meta property=\"og:image:type\" content=\"image\/png\" \/>\n<meta name=\"twitter:card\" content=\"summary_large_image\" \/>\n<meta name=\"twitter:label1\" content=\"Price\" \/>\n\t<meta name=\"twitter:data1\" content=\"24,40&nbsp;&euro;\" \/>\n\t<meta name=\"twitter:label2\" content=\"Availability\" \/>\n\t<meta name=\"twitter:data2\" content=\"In stock\" \/>\n<script type=\"application\/ld+json\" class=\"yoast-schema-graph\">{\"@context\":\"https:\\\/\\\/schema.org\",\"@graph\":[{\"@type\":\"WebPage\",\"@id\":\"https:\\\/\\\/www.tourinto.pt\\\/product\\\/vinha-das-penicas-tinto\\\/\",\"url\":\"https:\\\/\\\/www.tourinto.pt\\\/product\\\/vinha-das-penicas-tinto\\\/\",\"name\":\"Vinha das Penicas Tinto - Tourinto Premium Wines\",\"isPartOf\":{\"@id\":\"https:\\\/\\\/www.tourinto.pt\\\/#website\"},\"primaryImageOfPage\":{\"@id\":\"https:\\\/\\\/www.tourinto.pt\\\/product\\\/vinha-das-penicas-tinto\\\/#primaryimage\"},\"image\":{\"@id\":\"https:\\\/\\\/www.tourinto.pt\\\/product\\\/vinha-das-penicas-tinto\\\/#primaryimage\"},\"thumbnailUrl\":\"https:\\\/\\\/i0.wp.com\\\/www.tourinto.pt\\\/wp-content\\\/uploads\\\/2023\\\/12\\\/Vinha-de-Penicas-Tinto.png?fit=881%2C1400&ssl=1\",\"datePublished\":\"2023-12-24T10:43:28+00:00\",\"dateModified\":\"2026-03-16T22:35:20+00:00\",\"description\":\"Vinha das Penicas Tinto nasceu de Vinhas Velhas na Beira Litoral. Com notas de bosque pimenta branca, caixa de tabaco e s\u00edlex, tenso, complexo e elegante.\",\"breadcrumb\":{\"@id\":\"https:\\\/\\\/www.tourinto.pt\\\/product\\\/vinha-das-penicas-tinto\\\/#breadcrumb\"},\"inLanguage\":\"en-GB\",\"potentialAction\":[{\"@type\":\"ReadAction\",\"target\":[\"https:\\\/\\\/www.tourinto.pt\\\/product\\\/vinha-das-penicas-tinto\\\/\"]}]},{\"@type\":\"ImageObject\",\"inLanguage\":\"en-GB\",\"@id\":\"https:\\\/\\\/www.tourinto.pt\\\/product\\\/vinha-das-penicas-tinto\\\/#primaryimage\",\"url\":\"https:\\\/\\\/i0.wp.com\\\/www.tourinto.pt\\\/wp-content\\\/uploads\\\/2023\\\/12\\\/Vinha-de-Penicas-Tinto.png?fit=881%2C1400&ssl=1\",\"contentUrl\":\"https:\\\/\\\/i0.wp.com\\\/www.tourinto.pt\\\/wp-content\\\/uploads\\\/2023\\\/12\\\/Vinha-de-Penicas-Tinto.png?fit=881%2C1400&ssl=1\",\"width\":881,\"height\":1400,\"caption\":\"Penicas Vinho Tinto, Penicas Tinto, Penicas Red Wine, Penicas Beira Atl\u00e2ntico, Vinho Penicas\"},{\"@type\":\"BreadcrumbList\",\"@id\":\"https:\\\/\\\/www.tourinto.pt\\\/product\\\/vinha-das-penicas-tinto\\\/#breadcrumb\",\"itemListElement\":[{\"@type\":\"ListItem\",\"position\":1,\"name\":\"In\u00edcio\",\"item\":\"https:\\\/\\\/www.tourinto.pt\\\/\"},{\"@type\":\"ListItem\",\"position\":2,\"name\":\"Garrafeira on-line\",\"item\":\"https:\\\/\\\/www.tourinto.pt\\\/garrafeira-on-line\\\/\"},{\"@type\":\"ListItem\",\"position\":3,\"name\":\"Vinha das Penicas Tinto\"}]},{\"@type\":\"WebSite\",\"@id\":\"https:\\\/\\\/www.tourinto.pt\\\/#website\",\"url\":\"https:\\\/\\\/www.tourinto.pt\\\/\",\"name\":\"Tourinto Premium Wines\",\"description\":\"Garrafeira on-line\",\"publisher\":{\"@id\":\"https:\\\/\\\/www.tourinto.pt\\\/#organization\"},\"alternateName\":\"Garrafeira on-line\",\"potentialAction\":[{\"@type\":\"SearchAction\",\"target\":{\"@type\":\"EntryPoint\",\"urlTemplate\":\"https:\\\/\\\/www.tourinto.pt\\\/?s={search_term_string}\"},\"query-input\":{\"@type\":\"PropertyValueSpecification\",\"valueRequired\":true,\"valueName\":\"search_term_string\"}}],\"inLanguage\":\"en-GB\"},{\"@type\":[\"Organization\",\"Place\"],\"@id\":\"https:\\\/\\\/www.tourinto.pt\\\/#organization\",\"name\":\"Tourinto\",\"alternateName\":\"Garrafeira Tourinto, Lda.\",\"url\":\"https:\\\/\\\/www.tourinto.pt\\\/\",\"logo\":{\"@id\":\"https:\\\/\\\/www.tourinto.pt\\\/product\\\/vinha-das-penicas-tinto\\\/#local-main-organization-logo\"},\"image\":{\"@id\":\"https:\\\/\\\/www.tourinto.pt\\\/product\\\/vinha-das-penicas-tinto\\\/#local-main-organization-logo\"},\"sameAs\":[\"https:\\\/\\\/www.facebook.com\\\/garrafeiratourinto\",\"https:\\\/\\\/www.instagram.com\\\/garrafeiratourinto\\\/\"],\"telephone\":[],\"openingHoursSpecification\":[{\"@type\":\"OpeningHoursSpecification\",\"dayOfWeek\":[\"Monday\",\"Tuesday\",\"Wednesday\",\"Thursday\",\"Friday\",\"Saturday\",\"Sunday\"],\"opens\":\"09:00\",\"closes\":\"17:00\"}]},{\"@type\":\"ImageObject\",\"inLanguage\":\"en-GB\",\"@id\":\"https:\\\/\\\/www.tourinto.pt\\\/product\\\/vinha-das-penicas-tinto\\\/#local-main-organization-logo\",\"url\":\"https:\\\/\\\/i0.wp.com\\\/www.tourinto.pt\\\/wp-content\\\/uploads\\\/2022\\\/07\\\/tourinto-logo-big.png?fit=1400%2C505&ssl=1\",\"contentUrl\":\"https:\\\/\\\/i0.wp.com\\\/www.tourinto.pt\\\/wp-content\\\/uploads\\\/2022\\\/07\\\/tourinto-logo-big.png?fit=1400%2C505&ssl=1\",\"width\":1400,\"height\":505,\"caption\":\"Tourinto\"}]}<\/script>\n<meta property=\"product:price:amount\" content=\"24.40\" \/>\n<meta property=\"product:price:currency\" content=\"EUR\" \/>\n<meta property=\"og:availability\" content=\"instock\" \/>\n<meta property=\"product:availability\" content=\"instock\" \/>\n<meta property=\"product:retailer_item_id\" content=\"70.01.2019\" \/>\n<meta property=\"product:condition\" content=\"new\" \/>\n<!-- \/ Yoast SEO Premium plugin. -->","yoast_head_json":{"title":"Vinha das Penicas Tinto - Tourinto Premium Wines","description":"Vinha das Penicas Tinto nasceu de Vinhas Velhas na Beira Litoral. Com notas de bosque pimenta branca, caixa de tabaco e s\u00edlex, tenso, complexo e elegante.","robots":{"index":"index","follow":"follow","max-snippet":"max-snippet:-1","max-image-preview":"max-image-preview:large","max-video-preview":"max-video-preview:-1"},"canonical":"https:\/\/www.tourinto.pt\/en\/product\/vinha-das-penicas-tinto\/","og_locale":"en_GB","og_type":"article","og_title":"Vinha das Penicas Tinto","og_description":"Vinha das Penicas Tinto nasceu de Vinhas Velhas na Beira Litoral. Com notas de bosque pimenta branca, caixa de tabaco e s\u00edlex, tenso, complexo e elegante.","og_url":"https:\/\/www.tourinto.pt\/en\/product\/vinha-das-penicas-tinto\/","og_site_name":"Tourinto Premium Wines","article_publisher":"https:\/\/www.facebook.com\/garrafeiratourinto","article_modified_time":"2026-03-16T22:35:20+00:00","og_image":[{"width":881,"height":1400,"url":"https:\/\/www.tourinto.pt\/wp-content\/uploads\/2023\/12\/Vinha-de-Penicas-Tinto.png","type":"image\/png"}],"twitter_card":"summary_large_image","twitter_misc":{"Price":"24,40&nbsp;&euro;","Availability":"In stock"},"schema":{"@context":"https:\/\/schema.org","@graph":[{"@type":"WebPage","@id":"https:\/\/www.tourinto.pt\/product\/vinha-das-penicas-tinto\/","url":"https:\/\/www.tourinto.pt\/product\/vinha-das-penicas-tinto\/","name":"Vinha das Penicas Tinto - Tourinto Premium Wines","isPartOf":{"@id":"https:\/\/www.tourinto.pt\/#website"},"primaryImageOfPage":{"@id":"https:\/\/www.tourinto.pt\/product\/vinha-das-penicas-tinto\/#primaryimage"},"image":{"@id":"https:\/\/www.tourinto.pt\/product\/vinha-das-penicas-tinto\/#primaryimage"},"thumbnailUrl":"https:\/\/i0.wp.com\/www.tourinto.pt\/wp-content\/uploads\/2023\/12\/Vinha-de-Penicas-Tinto.png?fit=881%2C1400&ssl=1","datePublished":"2023-12-24T10:43:28+00:00","dateModified":"2026-03-16T22:35:20+00:00","description":"Vinha das Penicas Tinto nasceu de Vinhas Velhas na Beira Litoral. Com notas de bosque pimenta branca, caixa de tabaco e s\u00edlex, tenso, complexo e elegante.","breadcrumb":{"@id":"https:\/\/www.tourinto.pt\/product\/vinha-das-penicas-tinto\/#breadcrumb"},"inLanguage":"en-GB","potentialAction":[{"@type":"ReadAction","target":["https:\/\/www.tourinto.pt\/product\/vinha-das-penicas-tinto\/"]}]},{"@type":"ImageObject","inLanguage":"en-GB","@id":"https:\/\/www.tourinto.pt\/product\/vinha-das-penicas-tinto\/#primaryimage","url":"https:\/\/i0.wp.com\/www.tourinto.pt\/wp-content\/uploads\/2023\/12\/Vinha-de-Penicas-Tinto.png?fit=881%2C1400&ssl=1","contentUrl":"https:\/\/i0.wp.com\/www.tourinto.pt\/wp-content\/uploads\/2023\/12\/Vinha-de-Penicas-Tinto.png?fit=881%2C1400&ssl=1","width":881,"height":1400,"caption":"Penicas Vinho Tinto, Penicas Tinto, Penicas Red Wine, Penicas Beira Atl\u00e2ntico, Vinho Penicas"},{"@type":"BreadcrumbList","@id":"https:\/\/www.tourinto.pt\/product\/vinha-das-penicas-tinto\/#breadcrumb","itemListElement":[{"@type":"ListItem","position":1,"name":"In\u00edcio","item":"https:\/\/www.tourinto.pt\/"},{"@type":"ListItem","position":2,"name":"Garrafeira on-line","item":"https:\/\/www.tourinto.pt\/garrafeira-on-line\/"},{"@type":"ListItem","position":3,"name":"Vinha das Penicas Tinto"}]},{"@type":"WebSite","@id":"https:\/\/www.tourinto.pt\/#website","url":"https:\/\/www.tourinto.pt\/","name":"Tourinto Premium Wines","description":"Wine Shop online","publisher":{"@id":"https:\/\/www.tourinto.pt\/#organization"},"alternateName":"Garrafeira on-line","potentialAction":[{"@type":"SearchAction","target":{"@type":"EntryPoint","urlTemplate":"https:\/\/www.tourinto.pt\/?s={search_term_string}"},"query-input":{"@type":"PropertyValueSpecification","valueRequired":true,"valueName":"search_term_string"}}],"inLanguage":"en-GB"},{"@type":["Organization","Place"],"@id":"https:\/\/www.tourinto.pt\/#organization","name":"Tourinto","alternateName":"Garrafeira Tourinto, Lda.","url":"https:\/\/www.tourinto.pt\/","logo":{"@id":"https:\/\/www.tourinto.pt\/product\/vinha-das-penicas-tinto\/#local-main-organization-logo"},"image":{"@id":"https:\/\/www.tourinto.pt\/product\/vinha-das-penicas-tinto\/#local-main-organization-logo"},"sameAs":["https:\/\/www.facebook.com\/garrafeiratourinto","https:\/\/www.instagram.com\/garrafeiratourinto\/"],"telephone":[],"openingHoursSpecification":[{"@type":"OpeningHoursSpecification","dayOfWeek":["Monday","Tuesday","Wednesday","Thursday","Friday","Saturday","Sunday"],"opens":"09:00","closes":"17:00"}]},{"@type":"ImageObject","inLanguage":"en-GB","@id":"https:\/\/www.tourinto.pt\/product\/vinha-das-penicas-tinto\/#local-main-organization-logo","url":"https:\/\/i0.wp.com\/www.tourinto.pt\/wp-content\/uploads\/2022\/07\/tourinto-logo-big.png?fit=1400%2C505&ssl=1","contentUrl":"https:\/\/i0.wp.com\/www.tourinto.pt\/wp-content\/uploads\/2022\/07\/tourinto-logo-big.png?fit=1400%2C505&ssl=1","width":1400,"height":505,"caption":"Tourinto"}]},"product_price_amount":"24.40","product_price_currency":"EUR","og_availability":"instock","product_availability":"instock","product_retailer_item_id":"70.01.2019","product_condition":"new"},"jetpack_publicize_connections":[],"jetpack_sharing_enabled":true,"_links":{"self":[{"href":"https:\/\/www.tourinto.pt\/en\/wp-json\/wp\/v2\/product\/8671","targetHints":{"allow":["GET"]}}],"collection":[{"href":"https:\/\/www.tourinto.pt\/en\/wp-json\/wp\/v2\/product"}],"about":[{"href":"https:\/\/www.tourinto.pt\/en\/wp-json\/wp\/v2\/types\/product"}],"replies":[{"embeddable":true,"href":"https:\/\/www.tourinto.pt\/en\/wp-json\/wp\/v2\/comments?post=8671"}],"wp:featuredmedia":[{"embeddable":true,"href":"https:\/\/www.tourinto.pt\/en\/wp-json\/wp\/v2\/media\/8672"}],"wp:attachment":[{"href":"https:\/\/www.tourinto.pt\/en\/wp-json\/wp\/v2\/media?parent=8671"}],"wp:term":[{"taxonomy":"product_brand","embeddable":true,"href":"https:\/\/www.tourinto.pt\/en\/wp-json\/wp\/v2\/product_brand?post=8671"},{"taxonomy":"product_cat","embeddable":true,"href":"https:\/\/www.tourinto.pt\/en\/wp-json\/wp\/v2\/product_cat?post=8671"},{"taxonomy":"product_tag","embeddable":true,"href":"https:\/\/www.tourinto.pt\/en\/wp-json\/wp\/v2\/product_tag?post=8671"}],"curies":[{"name":"wp","href":"https:\/\/api.w.org\/{rel}","templated":true}]}}