{"id":8614,"date":"2023-12-22T19:52:02","date_gmt":"2023-12-22T19:52:02","guid":{"rendered":"https:\/\/www.tourinto.pt\/?post_type=product&#038;p=8614"},"modified":"2026-02-10T16:04:04","modified_gmt":"2026-02-10T16:04:04","slug":"taittinger-comtes-de-champagne-rose","status":"publish","type":"product","link":"https:\/\/www.tourinto.pt\/en\/product\/taittinger-comtes-de-champagne-rose\/","title":{"rendered":"Taittinger Comtes de Champagne Ros\u00e9"},"content":{"rendered":"<div class=\"wpb-content-wrapper\"><div data-vc-full-width=\"true\" data-vc-full-width-init=\"false\" class=\"vc_row wpb_row vc_row-fluid vc_custom_1656585076455 vc_row-has-fill\"><div class=\"wpb_column vc_column_container vc_col-sm-12\"><div class=\"vc_column-inner\"><div class=\"wpb_wrapper\"><div class=\"vc_tta-container\" data-vc-action=\"collapse\"><div class=\"vc_general vc_tta vc_tta-tabs vc_tta-color-black vc_tta-style-flat vc_tta-shape-square vc_tta-spacing-1 vc_tta-o-no-fill vc_tta-tabs-position-top vc_tta-controls-align-left\"><div class=\"vc_tta-tabs-container\"><ul class=\"vc_tta-tabs-list\" role=\"tablist\"><li class=\"vc_tta-tab vc_active\" data-vc-tab role=\"presentation\"><a href=\"#1656584484701-0e478312-357c\" data-vc-tabs data-vc-container=\".vc_tta\" role=\"tab\" aria-selected=\"false\" id=\"tab-1656584484701-0e478312-357c\"><i class=\"vc_tta-icon vc-oi vc-oi-article\"><\/i><span class=\"vc_tta-title-text\">Description<\/span><\/a><\/li><\/ul><\/div><div class=\"vc_tta-panels-container\"><div class=\"vc_tta-panels\"><div class=\"vc_tta-panel vc_active\" id=\"1656584484701-0e478312-357c\" data-vc-content=\".vc_tta-panel-body\"><div class=\"vc_tta-panel-heading\"><h4 class=\"vc_tta-panel-title\"><a href=\"#1656584484701-0e478312-357c\" data-vc-accordion data-vc-container=\".vc_tta-container\"><i class=\"vc_tta-icon vc-oi vc-oi-article\"><\/i><span class=\"vc_tta-title-text\">Description<\/span><\/a><\/h4><\/div><div class=\"vc_tta-panel-body\">\n\t<div class=\"wpb_text_column wpb_content_element\" >\n\t\t<div class=\"wpb_wrapper\">\n\t\t\t<p><strong>Taittinger Comtes de Champagne Ros\u00e9<\/strong><\/p>\n<p><strong>Grape varieties:<\/strong> 30% of Chardonnay Grands Crus\u00a0 C\u00f4te des Blancs and 70% of Pinot Noir\u00a0 Grands Crus Montagne of Reims.<br \/>\n<strong>Aging:<\/strong> 12 years of ageing in the heart of the chalk cellars of Saint-Nicaise.<br \/>\n<strong>Colour:<\/strong> Bright salmon pink.<br \/>\n<strong>Aroma:<\/strong> The nose is both indulgent and fresh, evoking aromas of raspberries, black cherries, as well as lightly cooked peaches and pears, all further heightened by subtle menthol flavours.<br \/>\n<strong>Flavour:<\/strong> The bubble is fine and delicate, the incredibly fine and precise attack gives way to the perception of a chiselled tannic structure, which reveals all the power of the limestone terroirs of the Grand Crus. With superb chalky acidity as well as exquisite freshness, the palate spreads out in beautiful aromatic purity to leave a delicate salinity.<\/p>\n<hr style=\"border: #b0976d 1px dotted\" \/>\n<p><strong>Serve:<\/strong> 11\u2070<br \/>\n<strong>Consumption:\u00a0<\/strong>Immediate or storage.<\/p>\n<hr style=\"border: #b0976d 1px dotted\" \/>\n<p><strong>Harmonisation:<\/strong> The champagne par excellence for accompanying gourmet cuisine. It's the perfect match for white meats, but also reveals its full potential when served with lobster.<\/p>\n<hr style=\"border: #b0976d 1px dotted\" \/>\n<p><strong>Enology: <\/strong>Lo\u00efc Dupont and Alexandre Ponnavoy<\/p>\n<p><strong>Awards and Notes:<\/strong><\/p>\n<ul>\n<li><b>Robert Parker <\/b>&#8211; 96\/100<\/li>\n<li><b>James Suckling<\/b> &#8211; 99\/100<\/li>\n<li><strong>Decanter<\/strong>&#8211; 96\/100<\/li>\n<li><strong>Wine Spectator<\/strong> &#8211; 94\/100<\/li>\n<\/ul>\n\n\t\t<\/div>\n\t<\/div>\n<\/div><\/div><\/div><\/div><\/div><\/div><\/div><\/div><\/div><\/div><div class=\"vc_row-full-width vc_clearfix\"><\/div>\n<\/div>","protected":false},"excerpt":{"rendered":"<p>Taittinger Comtes de Champagne Ros\u00e9 \u00e9 um cuv\u00e9e, sempre vintage, apenas elaborado quando o ano \u00e9 excepcional em que todos os crit\u00e9rios de qualidade exigidos s\u00e3o respeitados. O nariz \u00e9 simultaneamente indulgente e fresco, evocando aromas de framboesa, cereja preta, par al\u00e9m de p\u00eassegos e p\u00earas. A bolha \u00e9 fina e delicada, a\u00a0 acidez calc\u00e1ria soberba, para al\u00e9m de uma frescura requintada com delicada salinidade.<\/p>\n[contact-form-7 id=\"4433d5d\" title=\"nota Uni\u00e3o Europeia\"]\n","protected":false},"featured_media":8615,"comment_status":"closed","ping_status":"closed","template":"","meta":{"_acf_changed":false,"_joinchat":[],"jetpack_publicize_message":"","jetpack_publicize_feature_enabled":true,"jetpack_social_post_already_shared":true,"jetpack_social_options":{"image_generator_settings":{"template":"highway","default_image_id":0,"font":"","enabled":false},"version":2}},"product_brand":[],"product_cat":[1448,409,976,425,407,100,81,44,406],"product_tag":[99,119,255,408],"class_list":{"0":"post-8614","1":"product","2":"type-product","3":"status-publish","4":"has-post-thumbnail","6":"product_cat-vinhos-espumantes","7":"product_cat-champanhe","8":"product_cat-vinhos-estrangeiros","9":"product_cat-vinhos-franceses","10":"product_cat-champagne","11":"product_cat-tipologia","12":"product_cat-regiao","13":"product_cat-produtores","14":"product_cat-taittinger","15":"product_tag-chardonnay","16":"product_tag-pinot-noir","17":"product_tag-espumante","18":"product_tag-champagne","19":"pa_ano-420","21":"first","22":"instock","23":"taxable","24":"shipping-taxable","25":"purchasable","26":"product-type-simple"},"acf":[],"yoast_head":"<!-- This site is optimized with the Yoast SEO Premium plugin v27.4 (Yoast SEO v27.4) - https:\/\/yoast.com\/product\/yoast-seo-premium-wordpress\/ -->\n<title>Taittinger Comtes de Champagne Ros\u00e9 - Tourinto Premium Wines<\/title>\n<meta name=\"description\" content=\"Taittinger Comtes de Champagne Blanc de Blancs \u00e9 elaborado exclusivamente com Chardonnay das 5 aldeias da C\u00f4te des Blancs com classifica\u00e7\u00e3o &quot;Grands Crus&quot;.\" \/>\n<meta name=\"robots\" content=\"index, follow, max-snippet:-1, max-image-preview:large, max-video-preview:-1\" \/>\n<link rel=\"canonical\" href=\"https:\/\/www.tourinto.pt\/en\/product\/taittinger-comtes-de-champagne-rose\/\" \/>\n<meta property=\"og:locale\" content=\"en_GB\" \/>\n<meta property=\"og:type\" content=\"article\" \/>\n<meta property=\"og:title\" content=\"Taittinger Comtes de Champagne Ros\u00e9\" \/>\n<meta property=\"og:description\" content=\"Taittinger Comtes de Champagne Blanc de Blancs \u00e9 elaborado exclusivamente com Chardonnay das 5 aldeias da C\u00f4te des Blancs com classifica\u00e7\u00e3o &quot;Grands Crus&quot;.\" \/>\n<meta property=\"og:url\" content=\"https:\/\/www.tourinto.pt\/en\/product\/taittinger-comtes-de-champagne-rose\/\" \/>\n<meta property=\"og:site_name\" content=\"Tourinto Premium Wines\" \/>\n<meta property=\"article:publisher\" content=\"https:\/\/www.facebook.com\/garrafeiratourinto\" \/>\n<meta property=\"article:modified_time\" content=\"2026-02-10T16:04:04+00:00\" \/>\n<meta property=\"og:image\" content=\"https:\/\/www.tourinto.pt\/wp-content\/uploads\/2023\/12\/Taittinger-Comtes-de-Champagne-Rose.png\" \/>\n\t<meta property=\"og:image:width\" content=\"881\" \/>\n\t<meta property=\"og:image:height\" content=\"1400\" \/>\n\t<meta property=\"og:image:type\" content=\"image\/png\" \/>\n<meta name=\"twitter:card\" content=\"summary_large_image\" \/>\n<meta name=\"twitter:label1\" content=\"Price\" \/>\n\t<meta name=\"twitter:data1\" content=\"340,00&nbsp;&euro;\" \/>\n\t<meta name=\"twitter:label2\" content=\"Availability\" \/>\n\t<meta name=\"twitter:data2\" content=\"In stock\" \/>\n<script type=\"application\/ld+json\" class=\"yoast-schema-graph\">{\"@context\":\"https:\\\/\\\/schema.org\",\"@graph\":[{\"@type\":\"WebPage\",\"@id\":\"https:\\\/\\\/www.tourinto.pt\\\/product\\\/taittinger-comtes-de-champagne-rose\\\/\",\"url\":\"https:\\\/\\\/www.tourinto.pt\\\/product\\\/taittinger-comtes-de-champagne-rose\\\/\",\"name\":\"Taittinger Comtes de Champagne Ros\u00e9 - Tourinto Premium Wines\",\"isPartOf\":{\"@id\":\"https:\\\/\\\/www.tourinto.pt\\\/#website\"},\"primaryImageOfPage\":{\"@id\":\"https:\\\/\\\/www.tourinto.pt\\\/product\\\/taittinger-comtes-de-champagne-rose\\\/#primaryimage\"},\"image\":{\"@id\":\"https:\\\/\\\/www.tourinto.pt\\\/product\\\/taittinger-comtes-de-champagne-rose\\\/#primaryimage\"},\"thumbnailUrl\":\"https:\\\/\\\/i0.wp.com\\\/www.tourinto.pt\\\/wp-content\\\/uploads\\\/2023\\\/12\\\/Taittinger-Comtes-de-Champagne-Rose.png?fit=881%2C1400&ssl=1\",\"datePublished\":\"2023-12-22T19:52:02+00:00\",\"dateModified\":\"2026-02-10T16:04:04+00:00\",\"description\":\"Taittinger Comtes de Champagne Blanc de Blancs \u00e9 elaborado exclusivamente com Chardonnay das 5 aldeias da C\u00f4te des Blancs com classifica\u00e7\u00e3o \\\"Grands Crus\\\".\",\"breadcrumb\":{\"@id\":\"https:\\\/\\\/www.tourinto.pt\\\/product\\\/taittinger-comtes-de-champagne-rose\\\/#breadcrumb\"},\"inLanguage\":\"en-GB\",\"potentialAction\":[{\"@type\":\"ReadAction\",\"target\":[\"https:\\\/\\\/www.tourinto.pt\\\/product\\\/taittinger-comtes-de-champagne-rose\\\/\"]}]},{\"@type\":\"ImageObject\",\"inLanguage\":\"en-GB\",\"@id\":\"https:\\\/\\\/www.tourinto.pt\\\/product\\\/taittinger-comtes-de-champagne-rose\\\/#primaryimage\",\"url\":\"https:\\\/\\\/i0.wp.com\\\/www.tourinto.pt\\\/wp-content\\\/uploads\\\/2023\\\/12\\\/Taittinger-Comtes-de-Champagne-Rose.png?fit=881%2C1400&ssl=1\",\"contentUrl\":\"https:\\\/\\\/i0.wp.com\\\/www.tourinto.pt\\\/wp-content\\\/uploads\\\/2023\\\/12\\\/Taittinger-Comtes-de-Champagne-Rose.png?fit=881%2C1400&ssl=1\",\"width\":881,\"height\":1400},{\"@type\":\"BreadcrumbList\",\"@id\":\"https:\\\/\\\/www.tourinto.pt\\\/product\\\/taittinger-comtes-de-champagne-rose\\\/#breadcrumb\",\"itemListElement\":[{\"@type\":\"ListItem\",\"position\":1,\"name\":\"In\u00edcio\",\"item\":\"https:\\\/\\\/www.tourinto.pt\\\/\"},{\"@type\":\"ListItem\",\"position\":2,\"name\":\"Garrafeira on-line\",\"item\":\"https:\\\/\\\/www.tourinto.pt\\\/garrafeira-on-line\\\/\"},{\"@type\":\"ListItem\",\"position\":3,\"name\":\"Taittinger Comtes de Champagne Ros\u00e9\"}]},{\"@type\":\"WebSite\",\"@id\":\"https:\\\/\\\/www.tourinto.pt\\\/#website\",\"url\":\"https:\\\/\\\/www.tourinto.pt\\\/\",\"name\":\"Tourinto Premium Wines\",\"description\":\"Garrafeira on-line\",\"publisher\":{\"@id\":\"https:\\\/\\\/www.tourinto.pt\\\/#organization\"},\"alternateName\":\"Garrafeira on-line\",\"potentialAction\":[{\"@type\":\"SearchAction\",\"target\":{\"@type\":\"EntryPoint\",\"urlTemplate\":\"https:\\\/\\\/www.tourinto.pt\\\/?s={search_term_string}\"},\"query-input\":{\"@type\":\"PropertyValueSpecification\",\"valueRequired\":true,\"valueName\":\"search_term_string\"}}],\"inLanguage\":\"en-GB\"},{\"@type\":[\"Organization\",\"Place\"],\"@id\":\"https:\\\/\\\/www.tourinto.pt\\\/#organization\",\"name\":\"Tourinto\",\"alternateName\":\"Garrafeira Tourinto, Lda.\",\"url\":\"https:\\\/\\\/www.tourinto.pt\\\/\",\"logo\":{\"@id\":\"https:\\\/\\\/www.tourinto.pt\\\/product\\\/taittinger-comtes-de-champagne-rose\\\/#local-main-organization-logo\"},\"image\":{\"@id\":\"https:\\\/\\\/www.tourinto.pt\\\/product\\\/taittinger-comtes-de-champagne-rose\\\/#local-main-organization-logo\"},\"sameAs\":[\"https:\\\/\\\/www.facebook.com\\\/garrafeiratourinto\",\"https:\\\/\\\/www.instagram.com\\\/garrafeiratourinto\\\/\"],\"telephone\":[],\"openingHoursSpecification\":[{\"@type\":\"OpeningHoursSpecification\",\"dayOfWeek\":[\"Monday\",\"Tuesday\",\"Wednesday\",\"Thursday\",\"Friday\",\"Saturday\",\"Sunday\"],\"opens\":\"09:00\",\"closes\":\"17:00\"}]},{\"@type\":\"ImageObject\",\"inLanguage\":\"en-GB\",\"@id\":\"https:\\\/\\\/www.tourinto.pt\\\/product\\\/taittinger-comtes-de-champagne-rose\\\/#local-main-organization-logo\",\"url\":\"https:\\\/\\\/i0.wp.com\\\/www.tourinto.pt\\\/wp-content\\\/uploads\\\/2022\\\/07\\\/tourinto-logo-big.png?fit=1400%2C505&ssl=1\",\"contentUrl\":\"https:\\\/\\\/i0.wp.com\\\/www.tourinto.pt\\\/wp-content\\\/uploads\\\/2022\\\/07\\\/tourinto-logo-big.png?fit=1400%2C505&ssl=1\",\"width\":1400,\"height\":505,\"caption\":\"Tourinto\"}]}<\/script>\n<meta property=\"product:price:amount\" content=\"340.00\" \/>\n<meta property=\"product:price:currency\" content=\"EUR\" \/>\n<meta property=\"og:availability\" content=\"instock\" \/>\n<meta property=\"product:availability\" content=\"instock\" \/>\n<meta property=\"product:retailer_item_id\" content=\"127.05.2007\" \/>\n<meta property=\"product:condition\" content=\"new\" \/>\n<!-- \/ Yoast SEO Premium plugin. -->","yoast_head_json":{"title":"Taittinger Comtes de Champagne Ros\u00e9 - Tourinto Premium Wines","description":"Taittinger Comtes de Champagne Blanc de Blancs \u00e9 elaborado exclusivamente com Chardonnay das 5 aldeias da C\u00f4te des Blancs com classifica\u00e7\u00e3o \"Grands Crus\".","robots":{"index":"index","follow":"follow","max-snippet":"max-snippet:-1","max-image-preview":"max-image-preview:large","max-video-preview":"max-video-preview:-1"},"canonical":"https:\/\/www.tourinto.pt\/en\/product\/taittinger-comtes-de-champagne-rose\/","og_locale":"en_GB","og_type":"article","og_title":"Taittinger Comtes de Champagne Ros\u00e9","og_description":"Taittinger Comtes de Champagne Blanc de Blancs \u00e9 elaborado exclusivamente com Chardonnay das 5 aldeias da C\u00f4te des Blancs com classifica\u00e7\u00e3o \"Grands Crus\".","og_url":"https:\/\/www.tourinto.pt\/en\/product\/taittinger-comtes-de-champagne-rose\/","og_site_name":"Tourinto Premium Wines","article_publisher":"https:\/\/www.facebook.com\/garrafeiratourinto","article_modified_time":"2026-02-10T16:04:04+00:00","og_image":[{"width":881,"height":1400,"url":"https:\/\/www.tourinto.pt\/wp-content\/uploads\/2023\/12\/Taittinger-Comtes-de-Champagne-Rose.png","type":"image\/png"}],"twitter_card":"summary_large_image","twitter_misc":{"Price":"340,00&nbsp;&euro;","Availability":"In stock"},"schema":{"@context":"https:\/\/schema.org","@graph":[{"@type":"WebPage","@id":"https:\/\/www.tourinto.pt\/product\/taittinger-comtes-de-champagne-rose\/","url":"https:\/\/www.tourinto.pt\/product\/taittinger-comtes-de-champagne-rose\/","name":"Taittinger Comtes de Champagne Ros\u00e9 - Tourinto Premium Wines","isPartOf":{"@id":"https:\/\/www.tourinto.pt\/#website"},"primaryImageOfPage":{"@id":"https:\/\/www.tourinto.pt\/product\/taittinger-comtes-de-champagne-rose\/#primaryimage"},"image":{"@id":"https:\/\/www.tourinto.pt\/product\/taittinger-comtes-de-champagne-rose\/#primaryimage"},"thumbnailUrl":"https:\/\/i0.wp.com\/www.tourinto.pt\/wp-content\/uploads\/2023\/12\/Taittinger-Comtes-de-Champagne-Rose.png?fit=881%2C1400&ssl=1","datePublished":"2023-12-22T19:52:02+00:00","dateModified":"2026-02-10T16:04:04+00:00","description":"Taittinger Comtes de Champagne Blanc de Blancs \u00e9 elaborado exclusivamente com Chardonnay das 5 aldeias da C\u00f4te des Blancs com classifica\u00e7\u00e3o \"Grands Crus\".","breadcrumb":{"@id":"https:\/\/www.tourinto.pt\/product\/taittinger-comtes-de-champagne-rose\/#breadcrumb"},"inLanguage":"en-GB","potentialAction":[{"@type":"ReadAction","target":["https:\/\/www.tourinto.pt\/product\/taittinger-comtes-de-champagne-rose\/"]}]},{"@type":"ImageObject","inLanguage":"en-GB","@id":"https:\/\/www.tourinto.pt\/product\/taittinger-comtes-de-champagne-rose\/#primaryimage","url":"https:\/\/i0.wp.com\/www.tourinto.pt\/wp-content\/uploads\/2023\/12\/Taittinger-Comtes-de-Champagne-Rose.png?fit=881%2C1400&ssl=1","contentUrl":"https:\/\/i0.wp.com\/www.tourinto.pt\/wp-content\/uploads\/2023\/12\/Taittinger-Comtes-de-Champagne-Rose.png?fit=881%2C1400&ssl=1","width":881,"height":1400},{"@type":"BreadcrumbList","@id":"https:\/\/www.tourinto.pt\/product\/taittinger-comtes-de-champagne-rose\/#breadcrumb","itemListElement":[{"@type":"ListItem","position":1,"name":"In\u00edcio","item":"https:\/\/www.tourinto.pt\/"},{"@type":"ListItem","position":2,"name":"Garrafeira on-line","item":"https:\/\/www.tourinto.pt\/garrafeira-on-line\/"},{"@type":"ListItem","position":3,"name":"Taittinger Comtes de Champagne Ros\u00e9"}]},{"@type":"WebSite","@id":"https:\/\/www.tourinto.pt\/#website","url":"https:\/\/www.tourinto.pt\/","name":"Tourinto Premium Wines","description":"Wine Shop online","publisher":{"@id":"https:\/\/www.tourinto.pt\/#organization"},"alternateName":"Garrafeira on-line","potentialAction":[{"@type":"SearchAction","target":{"@type":"EntryPoint","urlTemplate":"https:\/\/www.tourinto.pt\/?s={search_term_string}"},"query-input":{"@type":"PropertyValueSpecification","valueRequired":true,"valueName":"search_term_string"}}],"inLanguage":"en-GB"},{"@type":["Organization","Place"],"@id":"https:\/\/www.tourinto.pt\/#organization","name":"Tourinto","alternateName":"Garrafeira Tourinto, Lda.","url":"https:\/\/www.tourinto.pt\/","logo":{"@id":"https:\/\/www.tourinto.pt\/product\/taittinger-comtes-de-champagne-rose\/#local-main-organization-logo"},"image":{"@id":"https:\/\/www.tourinto.pt\/product\/taittinger-comtes-de-champagne-rose\/#local-main-organization-logo"},"sameAs":["https:\/\/www.facebook.com\/garrafeiratourinto","https:\/\/www.instagram.com\/garrafeiratourinto\/"],"telephone":[],"openingHoursSpecification":[{"@type":"OpeningHoursSpecification","dayOfWeek":["Monday","Tuesday","Wednesday","Thursday","Friday","Saturday","Sunday"],"opens":"09:00","closes":"17:00"}]},{"@type":"ImageObject","inLanguage":"en-GB","@id":"https:\/\/www.tourinto.pt\/product\/taittinger-comtes-de-champagne-rose\/#local-main-organization-logo","url":"https:\/\/i0.wp.com\/www.tourinto.pt\/wp-content\/uploads\/2022\/07\/tourinto-logo-big.png?fit=1400%2C505&ssl=1","contentUrl":"https:\/\/i0.wp.com\/www.tourinto.pt\/wp-content\/uploads\/2022\/07\/tourinto-logo-big.png?fit=1400%2C505&ssl=1","width":1400,"height":505,"caption":"Tourinto"}]},"product_price_amount":"340.00","product_price_currency":"EUR","og_availability":"instock","product_availability":"instock","product_retailer_item_id":"127.05.2007","product_condition":"new"},"jetpack_publicize_connections":[],"jetpack_sharing_enabled":true,"_links":{"self":[{"href":"https:\/\/www.tourinto.pt\/en\/wp-json\/wp\/v2\/product\/8614","targetHints":{"allow":["GET"]}}],"collection":[{"href":"https:\/\/www.tourinto.pt\/en\/wp-json\/wp\/v2\/product"}],"about":[{"href":"https:\/\/www.tourinto.pt\/en\/wp-json\/wp\/v2\/types\/product"}],"replies":[{"embeddable":true,"href":"https:\/\/www.tourinto.pt\/en\/wp-json\/wp\/v2\/comments?post=8614"}],"wp:featuredmedia":[{"embeddable":true,"href":"https:\/\/www.tourinto.pt\/en\/wp-json\/wp\/v2\/media\/8615"}],"wp:attachment":[{"href":"https:\/\/www.tourinto.pt\/en\/wp-json\/wp\/v2\/media?parent=8614"}],"wp:term":[{"taxonomy":"product_brand","embeddable":true,"href":"https:\/\/www.tourinto.pt\/en\/wp-json\/wp\/v2\/product_brand?post=8614"},{"taxonomy":"product_cat","embeddable":true,"href":"https:\/\/www.tourinto.pt\/en\/wp-json\/wp\/v2\/product_cat?post=8614"},{"taxonomy":"product_tag","embeddable":true,"href":"https:\/\/www.tourinto.pt\/en\/wp-json\/wp\/v2\/product_tag?post=8614"}],"curies":[{"name":"wp","href":"https:\/\/api.w.org\/{rel}","templated":true}]}}