{"id":8571,"date":"2023-12-21T12:05:35","date_gmt":"2023-12-21T12:05:35","guid":{"rendered":"https:\/\/www.tourinto.pt\/?post_type=product&#038;p=8571"},"modified":"2026-04-09T16:35:17","modified_gmt":"2026-04-09T16:35:17","slug":"colinas-espumante-blanc-de-blancs","status":"publish","type":"product","link":"https:\/\/www.tourinto.pt\/en\/product\/colinas-espumante-blanc-de-blancs\/","title":{"rendered":"Sparkling Wine Colinas Blanc de Blancs"},"content":{"rendered":"<div class=\"wpb-content-wrapper\"><div data-vc-full-width=\"true\" data-vc-full-width-init=\"false\" class=\"vc_row wpb_row vc_row-fluid vc_custom_1656585076455 vc_row-has-fill\"><div class=\"wpb_column vc_column_container vc_col-sm-12\"><div class=\"vc_column-inner\"><div class=\"wpb_wrapper\"><div class=\"vc_tta-container\" data-vc-action=\"collapse\"><div class=\"vc_general vc_tta vc_tta-tabs vc_tta-color-black vc_tta-style-flat vc_tta-shape-square vc_tta-spacing-1 vc_tta-o-no-fill vc_tta-tabs-position-top vc_tta-controls-align-left\"><div class=\"vc_tta-tabs-container\"><ul class=\"vc_tta-tabs-list\" role=\"tablist\"><li class=\"vc_tta-tab vc_active\" data-vc-tab role=\"presentation\"><a href=\"#1656584484701-0e478312-357c\" data-vc-tabs data-vc-container=\".vc_tta\" role=\"tab\" aria-selected=\"false\" id=\"tab-1656584484701-0e478312-357c\"><i class=\"vc_tta-icon vc-oi vc-oi-article\"><\/i><span class=\"vc_tta-title-text\">Description<\/span><\/a><\/li><\/ul><\/div><div class=\"vc_tta-panels-container\"><div class=\"vc_tta-panels\"><div class=\"vc_tta-panel vc_active\" id=\"1656584484701-0e478312-357c\" data-vc-content=\".vc_tta-panel-body\"><div class=\"vc_tta-panel-heading\"><h4 class=\"vc_tta-panel-title\"><a href=\"#1656584484701-0e478312-357c\" data-vc-accordion data-vc-container=\".vc_tta-container\"><i class=\"vc_tta-icon vc-oi vc-oi-article\"><\/i><span class=\"vc_tta-title-text\">Description<\/span><\/a><\/h4><\/div><div class=\"vc_tta-panel-body\">\n\t<div class=\"wpb_text_column wpb_content_element\" >\n\t\t<div class=\"wpb_wrapper\">\n\t\t\t<p><strong>Espumante Colinas Blanc de Blancs\u00a0Cuv\u00e9e Brut Reserva<\/strong><\/p>\n<p><strong>Grape varieties:<\/strong> Chardonnay.<br \/>\n<strong>Aging: <\/strong>5 years before degorgement.<br \/>\n<strong>Colour:<\/strong> Shiny gold.<br \/>\n<strong>Aroma:<\/strong> It has a fresh nose, with a natural intensity. A strong elegance characterised by different types of fruit.<br \/>\n<strong>Flavour:<\/strong> The palate is balanced and delicate, with fresh aromas and hints of chocolate biscuits.<\/p>\n<hr style=\"border: #b0976d 1px dotted;\" \/>\n<p><strong>Serve:<\/strong> 6\u2070 a 8\u2070<br \/>\n<strong>Consumption:\u00a0<\/strong>Immediate  (10 to 15 years).<\/p>\n<hr style=\"border: #b0976d 1px dotted;\" \/>\n<p><strong>Harmonisation:\u00a0<\/strong>Appetisers, seafood, fish dishes and desserts.<\/p>\n<hr style=\"border: #b0976d 1px dotted;\" \/>\n<p><strong>Producer:\u00a0<\/strong><a href=\"https:\/\/www.tourinto.pt\/en\/produto-categoria\/produtores\/colinas-de-sao-lourenco\/\">Colinas de S\u00e3o Louren\u00e7o<\/a><\/p>\n<p><b>Enology: <\/b>Pascal Chatonnet<\/p>\n<p><strong>Category:<\/strong> Portuguese Wines \u2013 <a href=\"https:\/\/www.tourinto.pt\/en\/portugal\/vinhos-da-bairrada\/\">Bairrada<\/a><\/p>\n<p><strong>Awards and Notes:<\/strong><\/p>\n<ul>\n<li><strong>Grandes Escolhas &#8211; <\/strong>18\/20 (2019)<\/li>\n<\/ul>\n\n\t\t<\/div>\n\t<\/div>\n<\/div><\/div><\/div><\/div><\/div><\/div><\/div><\/div><\/div><\/div><div class=\"vc_row-full-width vc_clearfix\"><\/div><div class=\"vc_row wpb_row vc_row-fluid\"><div class=\"wpb_column vc_column_container vc_col-sm-12\"><div class=\"vc_column-inner\"><div class=\"wpb_wrapper\">\n<div class=\"vc_grid-container-wrapper vc_clearfix vc_grid-animation-fadeIn\">\n\t<div class=\"vc_grid-container vc_clearfix wpb_content_element vc_media_grid\" data-initial-loading-animation=\"fadeIn\" data-vc-grid-settings=\"{&quot;page_id&quot;:8571,&quot;style&quot;:&quot;all&quot;,&quot;action&quot;:&quot;vc_get_vc_grid_data&quot;,&quot;shortcode_id&quot;:&quot;1755247267465-b1d5c2c4-b38a-6&quot;,&quot;tag&quot;:&quot;vc_media_grid&quot;}\" data-vc-request=\"https:\/\/www.tourinto.pt\/wp-admin\/admin-ajax.php\" data-vc-post-id=\"8571\" data-vc-public-nonce=\"58f5d40efc\">\n\t\t\n\t<\/div>\n<\/div><\/div><\/div><\/div><\/div>\n<\/div>","protected":false},"excerpt":{"rendered":"<p>Colinas Espumante Blanc de Blancs Cuv\u00e9e Brut Reserva \u00e9 um Bairrada DOC de cor dourada e brilhante, com um nariz fresco e uma intensidade natural. \u00c0 forte eleg\u00e2ncia presenciada por frutos de diversos tipos, junta-se\u00a0 um equil\u00edbrio e uma delicadeza,\u00a0 para al\u00e9m dos aromas frescos, toques a biscoitos de chocolate.<\/p>\n<p>Saiba mais sobre as <a href=\"https:\/\/www.tourinto.pt\/produto-categoria\/produtores\/colinas-de-sao-lourenco\/\">Colinas de S\u00e3o Louren\u00e7o<\/a>.<\/p>\n[contact-form-7 id=\"4433d5d\" title=\"nota Uni\u00e3o Europeia\"]\n","protected":false},"featured_media":8572,"comment_status":"closed","ping_status":"closed","template":"","meta":{"_acf_changed":false,"_joinchat":[],"jetpack_publicize_message":"","jetpack_publicize_feature_enabled":true,"jetpack_social_post_already_shared":true,"jetpack_social_options":{"image_generator_settings":{"template":"highway","default_image_id":0,"font":"","enabled":false},"version":2}},"product_brand":[],"product_cat":[1448,98,94,424,392,100,81,404,44],"product_tag":[255,99,95,88],"class_list":{"0":"post-8571","1":"product","2":"type-product","3":"status-publish","4":"has-post-thumbnail","6":"product_cat-vinhos-espumantes","7":"product_cat-espumante","8":"product_cat-bairrada","9":"product_cat-vinhos-portugal","10":"product_cat-pequenos-produtores","11":"product_cat-tipologia","12":"product_cat-regiao","13":"product_cat-colinas-de-sao-lourenco","14":"product_cat-produtores","15":"product_tag-espumante","16":"product_tag-chardonnay","17":"product_tag-bairrada","18":"product_tag-bical","19":"pa_ano-32","20":"pa_castas-chardonnay","21":"pa_categoria-espumantes","22":"pa_categoria-vinhos-portugueses","23":"pa_enologia-pascal-chatonnet","24":"pa_harmonizacao-aperitivo","25":"pa_harmonizacao-sobremesas","26":"pa_harmonizacao-marisco","27":"pa_harmonizacao-peixe","28":"pa_leveduras-778","29":"pa_produtor-quinta-colinas-de-sao-lourenco","30":"pa_regiao-bairrada","31":"pa_tipologia-blanc-de-blancs-brut","32":"pa_vinificacao-metodo-tradicional","33":"pa_viticultura-sustentavel","34":"pa_volume-750ml","36":"first","37":"instock","38":"taxable","39":"shipping-taxable","40":"purchasable","41":"product-type-simple"},"acf":[],"yoast_head":"<!-- This site is optimized with the Yoast SEO Premium plugin v27.4 (Yoast SEO v27.4) - https:\/\/yoast.com\/product\/yoast-seo-premium-wordpress\/ -->\n<title>Espumante Colinas Blanc de Blancs - Tourinto Premium Wines<\/title>\n<meta name=\"description\" content=\"Colinas Blanc de Blancs Cuv\u00e9e Brut Reserva \u00e9 um espumante Bairrada DOC de nariz fresco e uma intensidade natural, elegante, delicado e equilibrado.\" \/>\n<meta name=\"robots\" content=\"index, follow, max-snippet:-1, max-image-preview:large, max-video-preview:-1\" \/>\n<link rel=\"canonical\" href=\"https:\/\/www.tourinto.pt\/en\/product\/colinas-espumante-blanc-de-blancs\/\" \/>\n<meta property=\"og:locale\" content=\"en_GB\" \/>\n<meta property=\"og:type\" content=\"article\" \/>\n<meta property=\"og:title\" content=\"Espumante Colinas Blanc de Blancs\" \/>\n<meta property=\"og:description\" content=\"Colinas Blanc de Blancs Cuv\u00e9e Brut Reserva \u00e9 um espumante Bairrada DOC de nariz fresco e uma intensidade natural, elegante, delicado e equilibrado.\" \/>\n<meta property=\"og:url\" content=\"https:\/\/www.tourinto.pt\/en\/product\/colinas-espumante-blanc-de-blancs\/\" \/>\n<meta property=\"og:site_name\" content=\"Tourinto Premium Wines\" \/>\n<meta property=\"article:publisher\" content=\"https:\/\/www.facebook.com\/garrafeiratourinto\" \/>\n<meta property=\"article:modified_time\" content=\"2026-04-09T16:35:17+00:00\" \/>\n<meta property=\"og:image\" content=\"https:\/\/www.tourinto.pt\/wp-content\/uploads\/2023\/12\/Colinas-Brut-Reserve-Blanc-des-Blanc.png\" \/>\n\t<meta property=\"og:image:width\" content=\"881\" \/>\n\t<meta property=\"og:image:height\" content=\"1400\" \/>\n\t<meta property=\"og:image:type\" content=\"image\/png\" \/>\n<meta name=\"twitter:card\" content=\"summary_large_image\" \/>\n<meta name=\"twitter:label1\" content=\"Price\" \/>\n\t<meta name=\"twitter:data1\" content=\"36,70&nbsp;&euro;\" \/>\n\t<meta name=\"twitter:label2\" content=\"Availability\" \/>\n\t<meta name=\"twitter:data2\" content=\"In stock\" \/>\n<script type=\"application\/ld+json\" class=\"yoast-schema-graph\">{\"@context\":\"https:\\\/\\\/schema.org\",\"@graph\":[{\"@type\":\"WebPage\",\"@id\":\"https:\\\/\\\/www.tourinto.pt\\\/product\\\/colinas-espumante-blanc-de-blancs\\\/\",\"url\":\"https:\\\/\\\/www.tourinto.pt\\\/product\\\/colinas-espumante-blanc-de-blancs\\\/\",\"name\":\"Espumante Colinas Blanc de Blancs - Tourinto Premium Wines\",\"isPartOf\":{\"@id\":\"https:\\\/\\\/www.tourinto.pt\\\/#website\"},\"primaryImageOfPage\":{\"@id\":\"https:\\\/\\\/www.tourinto.pt\\\/product\\\/colinas-espumante-blanc-de-blancs\\\/#primaryimage\"},\"image\":{\"@id\":\"https:\\\/\\\/www.tourinto.pt\\\/product\\\/colinas-espumante-blanc-de-blancs\\\/#primaryimage\"},\"thumbnailUrl\":\"https:\\\/\\\/i0.wp.com\\\/www.tourinto.pt\\\/wp-content\\\/uploads\\\/2023\\\/12\\\/Colinas-Brut-Reserve-Blanc-des-Blanc.png?fit=881%2C1400&ssl=1\",\"datePublished\":\"2023-12-21T12:05:35+00:00\",\"dateModified\":\"2026-04-09T16:35:17+00:00\",\"description\":\"Colinas Blanc de Blancs Cuv\u00e9e Brut Reserva \u00e9 um espumante Bairrada DOC de nariz fresco e uma intensidade natural, elegante, delicado e equilibrado.\",\"breadcrumb\":{\"@id\":\"https:\\\/\\\/www.tourinto.pt\\\/product\\\/colinas-espumante-blanc-de-blancs\\\/#breadcrumb\"},\"inLanguage\":\"en-GB\",\"potentialAction\":[{\"@type\":\"ReadAction\",\"target\":[\"https:\\\/\\\/www.tourinto.pt\\\/product\\\/colinas-espumante-blanc-de-blancs\\\/\"]}]},{\"@type\":\"ImageObject\",\"inLanguage\":\"en-GB\",\"@id\":\"https:\\\/\\\/www.tourinto.pt\\\/product\\\/colinas-espumante-blanc-de-blancs\\\/#primaryimage\",\"url\":\"https:\\\/\\\/i0.wp.com\\\/www.tourinto.pt\\\/wp-content\\\/uploads\\\/2023\\\/12\\\/Colinas-Brut-Reserve-Blanc-des-Blanc.png?fit=881%2C1400&ssl=1\",\"contentUrl\":\"https:\\\/\\\/i0.wp.com\\\/www.tourinto.pt\\\/wp-content\\\/uploads\\\/2023\\\/12\\\/Colinas-Brut-Reserve-Blanc-des-Blanc.png?fit=881%2C1400&ssl=1\",\"width\":881,\"height\":1400,\"caption\":\"Colinas Espumante Branco, Colinas Espumante Chardonnay, Colinas Espumante Bruto\"},{\"@type\":\"BreadcrumbList\",\"@id\":\"https:\\\/\\\/www.tourinto.pt\\\/product\\\/colinas-espumante-blanc-de-blancs\\\/#breadcrumb\",\"itemListElement\":[{\"@type\":\"ListItem\",\"position\":1,\"name\":\"In\u00edcio\",\"item\":\"https:\\\/\\\/www.tourinto.pt\\\/\"},{\"@type\":\"ListItem\",\"position\":2,\"name\":\"Garrafeira on-line\",\"item\":\"https:\\\/\\\/www.tourinto.pt\\\/garrafeira-on-line\\\/\"},{\"@type\":\"ListItem\",\"position\":3,\"name\":\"Espumante Colinas Blanc de Blancs\"}]},{\"@type\":\"WebSite\",\"@id\":\"https:\\\/\\\/www.tourinto.pt\\\/#website\",\"url\":\"https:\\\/\\\/www.tourinto.pt\\\/\",\"name\":\"Tourinto Premium Wines\",\"description\":\"Garrafeira on-line\",\"publisher\":{\"@id\":\"https:\\\/\\\/www.tourinto.pt\\\/#organization\"},\"alternateName\":\"Garrafeira on-line\",\"potentialAction\":[{\"@type\":\"SearchAction\",\"target\":{\"@type\":\"EntryPoint\",\"urlTemplate\":\"https:\\\/\\\/www.tourinto.pt\\\/?s={search_term_string}\"},\"query-input\":{\"@type\":\"PropertyValueSpecification\",\"valueRequired\":true,\"valueName\":\"search_term_string\"}}],\"inLanguage\":\"en-GB\"},{\"@type\":[\"Organization\",\"Place\"],\"@id\":\"https:\\\/\\\/www.tourinto.pt\\\/#organization\",\"name\":\"Tourinto\",\"alternateName\":\"Garrafeira Tourinto, Lda.\",\"url\":\"https:\\\/\\\/www.tourinto.pt\\\/\",\"logo\":{\"@id\":\"https:\\\/\\\/www.tourinto.pt\\\/product\\\/colinas-espumante-blanc-de-blancs\\\/#local-main-organization-logo\"},\"image\":{\"@id\":\"https:\\\/\\\/www.tourinto.pt\\\/product\\\/colinas-espumante-blanc-de-blancs\\\/#local-main-organization-logo\"},\"sameAs\":[\"https:\\\/\\\/www.facebook.com\\\/garrafeiratourinto\",\"https:\\\/\\\/www.instagram.com\\\/garrafeiratourinto\\\/\"],\"telephone\":[],\"openingHoursSpecification\":[{\"@type\":\"OpeningHoursSpecification\",\"dayOfWeek\":[\"Monday\",\"Tuesday\",\"Wednesday\",\"Thursday\",\"Friday\",\"Saturday\",\"Sunday\"],\"opens\":\"09:00\",\"closes\":\"17:00\"}]},{\"@type\":\"ImageObject\",\"inLanguage\":\"en-GB\",\"@id\":\"https:\\\/\\\/www.tourinto.pt\\\/product\\\/colinas-espumante-blanc-de-blancs\\\/#local-main-organization-logo\",\"url\":\"https:\\\/\\\/i0.wp.com\\\/www.tourinto.pt\\\/wp-content\\\/uploads\\\/2022\\\/07\\\/tourinto-logo-big.png?fit=1400%2C505&ssl=1\",\"contentUrl\":\"https:\\\/\\\/i0.wp.com\\\/www.tourinto.pt\\\/wp-content\\\/uploads\\\/2022\\\/07\\\/tourinto-logo-big.png?fit=1400%2C505&ssl=1\",\"width\":1400,\"height\":505,\"caption\":\"Tourinto\"}]}<\/script>\n<meta property=\"product:price:amount\" content=\"36.70\" \/>\n<meta property=\"product:price:currency\" content=\"EUR\" \/>\n<meta property=\"og:availability\" content=\"instock\" \/>\n<meta property=\"product:availability\" content=\"instock\" \/>\n<meta property=\"product:retailer_item_id\" content=\"67.10.2020\" \/>\n<meta property=\"product:condition\" content=\"new\" \/>\n<!-- \/ Yoast SEO Premium plugin. -->","yoast_head_json":{"title":"Espumante Colinas Blanc de Blancs - Tourinto Premium Wines","description":"Colinas Blanc de Blancs Cuv\u00e9e Brut Reserva \u00e9 um espumante Bairrada DOC de nariz fresco e uma intensidade natural, elegante, delicado e equilibrado.","robots":{"index":"index","follow":"follow","max-snippet":"max-snippet:-1","max-image-preview":"max-image-preview:large","max-video-preview":"max-video-preview:-1"},"canonical":"https:\/\/www.tourinto.pt\/en\/product\/colinas-espumante-blanc-de-blancs\/","og_locale":"en_GB","og_type":"article","og_title":"Espumante Colinas Blanc de Blancs","og_description":"Colinas Blanc de Blancs Cuv\u00e9e Brut Reserva \u00e9 um espumante Bairrada DOC de nariz fresco e uma intensidade natural, elegante, delicado e equilibrado.","og_url":"https:\/\/www.tourinto.pt\/en\/product\/colinas-espumante-blanc-de-blancs\/","og_site_name":"Tourinto Premium Wines","article_publisher":"https:\/\/www.facebook.com\/garrafeiratourinto","article_modified_time":"2026-04-09T16:35:17+00:00","og_image":[{"width":881,"height":1400,"url":"https:\/\/www.tourinto.pt\/wp-content\/uploads\/2023\/12\/Colinas-Brut-Reserve-Blanc-des-Blanc.png","type":"image\/png"}],"twitter_card":"summary_large_image","twitter_misc":{"Price":"36,70&nbsp;&euro;","Availability":"In stock"},"schema":{"@context":"https:\/\/schema.org","@graph":[{"@type":"WebPage","@id":"https:\/\/www.tourinto.pt\/product\/colinas-espumante-blanc-de-blancs\/","url":"https:\/\/www.tourinto.pt\/product\/colinas-espumante-blanc-de-blancs\/","name":"Espumante Colinas Blanc de Blancs - Tourinto Premium Wines","isPartOf":{"@id":"https:\/\/www.tourinto.pt\/#website"},"primaryImageOfPage":{"@id":"https:\/\/www.tourinto.pt\/product\/colinas-espumante-blanc-de-blancs\/#primaryimage"},"image":{"@id":"https:\/\/www.tourinto.pt\/product\/colinas-espumante-blanc-de-blancs\/#primaryimage"},"thumbnailUrl":"https:\/\/i0.wp.com\/www.tourinto.pt\/wp-content\/uploads\/2023\/12\/Colinas-Brut-Reserve-Blanc-des-Blanc.png?fit=881%2C1400&ssl=1","datePublished":"2023-12-21T12:05:35+00:00","dateModified":"2026-04-09T16:35:17+00:00","description":"Colinas Blanc de Blancs Cuv\u00e9e Brut Reserva \u00e9 um espumante Bairrada DOC de nariz fresco e uma intensidade natural, elegante, delicado e equilibrado.","breadcrumb":{"@id":"https:\/\/www.tourinto.pt\/product\/colinas-espumante-blanc-de-blancs\/#breadcrumb"},"inLanguage":"en-GB","potentialAction":[{"@type":"ReadAction","target":["https:\/\/www.tourinto.pt\/product\/colinas-espumante-blanc-de-blancs\/"]}]},{"@type":"ImageObject","inLanguage":"en-GB","@id":"https:\/\/www.tourinto.pt\/product\/colinas-espumante-blanc-de-blancs\/#primaryimage","url":"https:\/\/i0.wp.com\/www.tourinto.pt\/wp-content\/uploads\/2023\/12\/Colinas-Brut-Reserve-Blanc-des-Blanc.png?fit=881%2C1400&ssl=1","contentUrl":"https:\/\/i0.wp.com\/www.tourinto.pt\/wp-content\/uploads\/2023\/12\/Colinas-Brut-Reserve-Blanc-des-Blanc.png?fit=881%2C1400&ssl=1","width":881,"height":1400,"caption":"Colinas Espumante Branco, Colinas Espumante Chardonnay, Colinas Espumante Bruto"},{"@type":"BreadcrumbList","@id":"https:\/\/www.tourinto.pt\/product\/colinas-espumante-blanc-de-blancs\/#breadcrumb","itemListElement":[{"@type":"ListItem","position":1,"name":"In\u00edcio","item":"https:\/\/www.tourinto.pt\/"},{"@type":"ListItem","position":2,"name":"Garrafeira on-line","item":"https:\/\/www.tourinto.pt\/garrafeira-on-line\/"},{"@type":"ListItem","position":3,"name":"Espumante Colinas Blanc de Blancs"}]},{"@type":"WebSite","@id":"https:\/\/www.tourinto.pt\/#website","url":"https:\/\/www.tourinto.pt\/","name":"Tourinto Premium Wines","description":"Wine Shop online","publisher":{"@id":"https:\/\/www.tourinto.pt\/#organization"},"alternateName":"Garrafeira on-line","potentialAction":[{"@type":"SearchAction","target":{"@type":"EntryPoint","urlTemplate":"https:\/\/www.tourinto.pt\/?s={search_term_string}"},"query-input":{"@type":"PropertyValueSpecification","valueRequired":true,"valueName":"search_term_string"}}],"inLanguage":"en-GB"},{"@type":["Organization","Place"],"@id":"https:\/\/www.tourinto.pt\/#organization","name":"Tourinto","alternateName":"Garrafeira Tourinto, Lda.","url":"https:\/\/www.tourinto.pt\/","logo":{"@id":"https:\/\/www.tourinto.pt\/product\/colinas-espumante-blanc-de-blancs\/#local-main-organization-logo"},"image":{"@id":"https:\/\/www.tourinto.pt\/product\/colinas-espumante-blanc-de-blancs\/#local-main-organization-logo"},"sameAs":["https:\/\/www.facebook.com\/garrafeiratourinto","https:\/\/www.instagram.com\/garrafeiratourinto\/"],"telephone":[],"openingHoursSpecification":[{"@type":"OpeningHoursSpecification","dayOfWeek":["Monday","Tuesday","Wednesday","Thursday","Friday","Saturday","Sunday"],"opens":"09:00","closes":"17:00"}]},{"@type":"ImageObject","inLanguage":"en-GB","@id":"https:\/\/www.tourinto.pt\/product\/colinas-espumante-blanc-de-blancs\/#local-main-organization-logo","url":"https:\/\/i0.wp.com\/www.tourinto.pt\/wp-content\/uploads\/2022\/07\/tourinto-logo-big.png?fit=1400%2C505&ssl=1","contentUrl":"https:\/\/i0.wp.com\/www.tourinto.pt\/wp-content\/uploads\/2022\/07\/tourinto-logo-big.png?fit=1400%2C505&ssl=1","width":1400,"height":505,"caption":"Tourinto"}]},"product_price_amount":"36.70","product_price_currency":"EUR","og_availability":"instock","product_availability":"instock","product_retailer_item_id":"67.10.2020","product_condition":"new"},"jetpack_publicize_connections":[],"jetpack_sharing_enabled":true,"_links":{"self":[{"href":"https:\/\/www.tourinto.pt\/en\/wp-json\/wp\/v2\/product\/8571","targetHints":{"allow":["GET"]}}],"collection":[{"href":"https:\/\/www.tourinto.pt\/en\/wp-json\/wp\/v2\/product"}],"about":[{"href":"https:\/\/www.tourinto.pt\/en\/wp-json\/wp\/v2\/types\/product"}],"replies":[{"embeddable":true,"href":"https:\/\/www.tourinto.pt\/en\/wp-json\/wp\/v2\/comments?post=8571"}],"wp:featuredmedia":[{"embeddable":true,"href":"https:\/\/www.tourinto.pt\/en\/wp-json\/wp\/v2\/media\/8572"}],"wp:attachment":[{"href":"https:\/\/www.tourinto.pt\/en\/wp-json\/wp\/v2\/media?parent=8571"}],"wp:term":[{"taxonomy":"product_brand","embeddable":true,"href":"https:\/\/www.tourinto.pt\/en\/wp-json\/wp\/v2\/product_brand?post=8571"},{"taxonomy":"product_cat","embeddable":true,"href":"https:\/\/www.tourinto.pt\/en\/wp-json\/wp\/v2\/product_cat?post=8571"},{"taxonomy":"product_tag","embeddable":true,"href":"https:\/\/www.tourinto.pt\/en\/wp-json\/wp\/v2\/product_tag?post=8571"}],"curies":[{"name":"wp","href":"https:\/\/api.w.org\/{rel}","templated":true}]}}