{"id":8387,"date":"2023-12-04T23:00:26","date_gmt":"2023-12-04T23:00:26","guid":{"rendered":"https:\/\/www.tourinto.pt\/?post_type=product&#038;p=8387"},"modified":"2026-02-05T10:30:16","modified_gmt":"2026-02-05T10:30:16","slug":"pequenos-rebentos-viagem-ao-principio-do-mundo","status":"publish","type":"product","link":"https:\/\/www.tourinto.pt\/en\/product\/pequenos-rebentos-viagem-ao-principio-do-mundo\/","title":{"rendered":"Pequenos Rebentos Viagem ao Princ\u00edpio do Mundo 2020"},"content":{"rendered":"<div class=\"wpb-content-wrapper\"><div data-vc-full-width=\"true\" data-vc-full-width-init=\"false\" class=\"vc_row wpb_row vc_row-fluid vc_custom_1656585076455 vc_row-has-fill\"><div class=\"wpb_column vc_column_container vc_col-sm-12\"><div class=\"vc_column-inner\"><div class=\"wpb_wrapper\"><div class=\"vc_tta-container\" data-vc-action=\"collapse\"><div class=\"vc_general vc_tta vc_tta-tabs vc_tta-color-black vc_tta-style-flat vc_tta-shape-square vc_tta-spacing-1 vc_tta-o-no-fill vc_tta-tabs-position-top vc_tta-controls-align-left\"><div class=\"vc_tta-tabs-container\"><ul class=\"vc_tta-tabs-list\" role=\"tablist\"><li class=\"vc_tta-tab vc_active\" data-vc-tab role=\"presentation\"><a href=\"#1656584484701-0e478312-357c\" data-vc-tabs data-vc-container=\".vc_tta\" role=\"tab\" aria-selected=\"false\" id=\"tab-1656584484701-0e478312-357c\"><i class=\"vc_tta-icon vc-oi vc-oi-article\"><\/i><span class=\"vc_tta-title-text\">Description<\/span><\/a><\/li><\/ul><\/div><div class=\"vc_tta-panels-container\"><div class=\"vc_tta-panels\"><div class=\"vc_tta-panel vc_active\" id=\"1656584484701-0e478312-357c\" data-vc-content=\".vc_tta-panel-body\"><div class=\"vc_tta-panel-heading\"><h4 class=\"vc_tta-panel-title\"><a href=\"#1656584484701-0e478312-357c\" data-vc-accordion data-vc-container=\".vc_tta-container\"><i class=\"vc_tta-icon vc-oi vc-oi-article\"><\/i><span class=\"vc_tta-title-text\">Description<\/span><\/a><\/h4><\/div><div class=\"vc_tta-panel-body\">\n\t<div class=\"wpb_text_column wpb_content_element\" >\n\t\t<div class=\"wpb_wrapper\">\n\t\t\t<p><strong>Pequenos Rebentos Viagem ao Princ\u00edpio do Mundo 2020<\/strong><\/p>\n<p><strong>Grape varieties: <\/strong>Alvarinho.<br \/>\n<strong>Aging: <\/strong>Ageing on the lees in Jerez barrels for 18 months with a flower veil. This was followed by ageing in bottle for 18 months.<br \/>\n<strong>Colour: <\/strong>Light colour.<strong><br \/>\n<\/strong><strong>Aroma:<\/strong> A complex wine, with some fresh fruit in the aroma.<br \/>\n<strong>Flavour: <\/strong>Vibrant and complex on the palate, with excellent acidity, the fruit on the nose goes very well with the flavour on the palate. Long and persistent finish.<\/p>\n<hr style=\"border: #b0976d 1px dotted\" \/>\n<p><strong>Serve:<\/strong> 10 to 12\u2070<br \/>\n<strong>Consumption:\u00a0<\/strong>Immediate or storage (10 to 20 years).<\/p>\n<hr style=\"border: #b0976d 1px dotted\" \/>\n<p><strong>Harmonisation: <\/strong>Oily fish, roast meats and grilled meats.<\/p>\n<hr style=\"border: #b0976d 1px dotted\" \/>\n<p><strong>Producer:\u00a0<\/strong><a href=\"https:\/\/www.tourinto.pt\/en\/produtores\/douro\/marcio-lopes-winemaker\/\">M\u00e1rcio Lopes<\/a><\/p>\n<p><strong>Enology: <\/strong>M\u00e1rcio Lopes<\/p>\n<p><strong>Category: <\/strong>Portuguese Wines \u2013 <a href=\"https:\/\/www.tourinto.pt\/en\/portugal\/vinhos-verdes\/\">Vinho Verde<\/a><\/p>\n<p><strong>No. of Bottles:<\/strong> 1000<\/p>\n<p><strong>Awards and Notes:<\/strong><\/p>\n<ul>\n<li><strong>Robert Parker\u00a0<\/strong>&#8211; 95\/100<\/li>\n<li><strong>James Suckling \u2013 <\/strong>94\/100<\/li>\n<li><strong>Revista de Vinhos<\/strong> &#8211; 95\/100<\/li>\n<li><strong>Great Choices<\/strong> &#8211; 18,5\/20<\/li>\n<\/ul>\n<p><strong><a href=\"https:\/\/quintapacos.com\/\"><span style=\"color: #f1f1f1\">marcio lopes<\/span><\/a><\/strong><\/p>\n\n\t\t<\/div>\n\t<\/div>\n<\/div><\/div><\/div><\/div><\/div><\/div><\/div><\/div><\/div><\/div><div class=\"vc_row-full-width vc_clearfix\"><\/div><div data-vc-full-width=\"true\" data-vc-full-width-init=\"false\" data-vc-stretch-content=\"true\" class=\"vc_row wpb_row vc_row-fluid vc_custom_1672762278517 vc_row-no-padding\"><div class=\"wpb_column vc_column_container vc_col-sm-12\"><div class=\"vc_column-inner\"><div class=\"wpb_wrapper\">\n<div class=\"vc_grid-container-wrapper vc_clearfix vc_grid-animation-fadeIn\">\n\t<div class=\"vc_grid-container vc_clearfix wpb_content_element vc_media_grid\" data-initial-loading-animation=\"fadeIn\" data-vc-grid-settings=\"{&quot;page_id&quot;:8387,&quot;style&quot;:&quot;all&quot;,&quot;action&quot;:&quot;vc_get_vc_grid_data&quot;,&quot;shortcode_id&quot;:&quot;1757588610614-3273afb2-b18d-1&quot;,&quot;tag&quot;:&quot;vc_media_grid&quot;}\" data-vc-request=\"https:\/\/www.tourinto.pt\/wp-admin\/admin-ajax.php\" data-vc-post-id=\"8387\" data-vc-public-nonce=\"96cc836e62\">\n\t\t\n\t<\/div>\n<\/div><\/div><\/div><\/div><\/div><div class=\"vc_row-full-width vc_clearfix\"><\/div>\n<\/div>","protected":false},"excerpt":{"rendered":"<p>Pequenos Rebentos Viagem ao Princ\u00edpio do Mundo \u00e9 um 100% Alvarinho car\u00e1cter complexo, r\u00fastico, fechado de entrada e explosivo de sa\u00edda, com particularidades de um vinho do Mundo. \u00a0Vibrante e complexo na boca, com excelente acidez, a fruta do nariz acompanha muito bem na boca. Fim longo e persistente.<\/p>\n<p>Saiba mais sobre <a href=\"https:\/\/www.tourinto.pt\/produtores\/douro\/marcio-lopes-winemaker\/\">M\u00e1rcio Lopes.<\/a><\/p>\n[contact-form-7 id=\"4433d5d\" title=\"nota Uni\u00e3o Europeia\"]\n","protected":false},"featured_media":14070,"comment_status":"closed","ping_status":"closed","template":"","meta":{"_acf_changed":false,"_joinchat":[],"jetpack_publicize_message":"","jetpack_publicize_feature_enabled":true,"jetpack_social_post_already_shared":true,"jetpack_social_options":{"image_generator_settings":{"template":"highway","default_image_id":0,"font":"","enabled":false},"version":2}},"product_brand":[],"product_cat":[1280,18,1057,424,100,81,44,127,152],"product_tag":[294,373,339,124,65],"class_list":{"0":"post-8387","1":"product","2":"type-product","3":"status-publish","4":"has-post-thumbnail","6":"product_cat-ready-to-drink","7":"product_cat-vinho-branco","8":"product_cat-alvarinho","9":"product_cat-vinhos-portugal","10":"product_cat-tipologia","11":"product_cat-regiao","12":"product_cat-produtores","13":"product_cat-vinho-verde","14":"product_cat-marcio-lopes","15":"product_tag-minima-intervencao","16":"product_tag-vinho-branco","17":"product_tag-vinho-verdes","18":"product_tag-alvarinho","19":"product_tag-vinhas-velhas","20":"pa_ano-32","21":"pa_castas-alvarinho","22":"pa_categoria-vinhos-portugueses","23":"pa_enologia-marcio-lopes","24":"pa_harmonizacao-assados-de-carne","25":"pa_harmonizacao-carnes-grelhadas","26":"pa_harmonizacao-peixe-no-forno","27":"pa_leveduras-indigenas","28":"pa_produtor-marcio-lopes","29":"pa_regiao-vinhos-verdes","30":"pa_tipologia-vinho-branco","31":"pa_vinificacao-minima-intervencao","32":"pa_viticultura-organica","33":"pa_volume-750ml","35":"first","36":"instock","37":"taxable","38":"shipping-taxable","39":"purchasable","40":"product-type-simple"},"acf":[],"yoast_head":"<!-- This site is optimized with the Yoast SEO Premium plugin v27.3 (Yoast SEO v27.4) - https:\/\/yoast.com\/product\/yoast-seo-premium-wordpress\/ -->\n<title>Pequenos Rebentos Viagem ao Princ\u00edpio do Mundo 2020 - Tourinto Premium Wines<\/title>\n<meta name=\"description\" content=\"Pequenos Rebentos Viagem ao Princ\u00edpio do Mundo \u00e9 um 100% Alvarinho de car\u00e1cter complexo, r\u00fastico e vibrante, fechado de entrada e explosivo de sa\u00edda.\" \/>\n<meta name=\"robots\" content=\"index, follow, max-snippet:-1, max-image-preview:large, max-video-preview:-1\" \/>\n<link rel=\"canonical\" href=\"https:\/\/www.tourinto.pt\/en\/product\/pequenos-rebentos-viagem-ao-principio-do-mundo\/\" \/>\n<meta property=\"og:locale\" content=\"en_GB\" \/>\n<meta property=\"og:type\" content=\"article\" \/>\n<meta property=\"og:title\" content=\"Pequenos Rebentos Viagem ao Princ\u00edpio do Mundo 2020\" \/>\n<meta property=\"og:description\" content=\"Pequenos Rebentos Viagem ao Princ\u00edpio do Mundo \u00e9 um 100% Alvarinho de car\u00e1cter complexo, r\u00fastico e vibrante, fechado de entrada e explosivo de sa\u00edda.\" \/>\n<meta property=\"og:url\" content=\"https:\/\/www.tourinto.pt\/en\/product\/pequenos-rebentos-viagem-ao-principio-do-mundo\/\" \/>\n<meta property=\"og:site_name\" content=\"Tourinto Premium Wines\" \/>\n<meta property=\"article:publisher\" content=\"https:\/\/www.facebook.com\/garrafeiratourinto\" \/>\n<meta property=\"article:modified_time\" content=\"2026-02-05T10:30:16+00:00\" \/>\n<meta property=\"og:image\" content=\"https:\/\/i0.wp.com\/www.tourinto.pt\/wp-content\/uploads\/2023\/12\/Pequenos-Rebentos-Alvarinho.webp?fit=881%2C1400&ssl=1\" \/>\n\t<meta property=\"og:image:width\" content=\"881\" \/>\n\t<meta property=\"og:image:height\" content=\"1400\" \/>\n\t<meta property=\"og:image:type\" content=\"image\/webp\" \/>\n<meta name=\"twitter:card\" content=\"summary_large_image\" \/>\n<meta name=\"twitter:label1\" content=\"Price\" \/>\n\t<meta name=\"twitter:data1\" content=\"73,25&nbsp;&euro;\" \/>\n\t<meta name=\"twitter:label2\" content=\"Availability\" \/>\n\t<meta name=\"twitter:data2\" content=\"In stock\" \/>\n<script type=\"application\/ld+json\" class=\"yoast-schema-graph\">{\"@context\":\"https:\\\/\\\/schema.org\",\"@graph\":[{\"@type\":\"WebPage\",\"@id\":\"https:\\\/\\\/www.tourinto.pt\\\/product\\\/pequenos-rebentos-viagem-ao-principio-do-mundo\\\/\",\"url\":\"https:\\\/\\\/www.tourinto.pt\\\/product\\\/pequenos-rebentos-viagem-ao-principio-do-mundo\\\/\",\"name\":\"Pequenos Rebentos Viagem ao Princ\u00edpio do Mundo 2020 - Tourinto Premium Wines\",\"isPartOf\":{\"@id\":\"https:\\\/\\\/www.tourinto.pt\\\/#website\"},\"primaryImageOfPage\":{\"@id\":\"https:\\\/\\\/www.tourinto.pt\\\/product\\\/pequenos-rebentos-viagem-ao-principio-do-mundo\\\/#primaryimage\"},\"image\":{\"@id\":\"https:\\\/\\\/www.tourinto.pt\\\/product\\\/pequenos-rebentos-viagem-ao-principio-do-mundo\\\/#primaryimage\"},\"thumbnailUrl\":\"https:\\\/\\\/i0.wp.com\\\/www.tourinto.pt\\\/wp-content\\\/uploads\\\/2023\\\/12\\\/Pequenos-Rebentos-Alvarinho.webp?fit=881%2C1400&ssl=1\",\"datePublished\":\"2023-12-04T23:00:26+00:00\",\"dateModified\":\"2026-02-05T10:30:16+00:00\",\"description\":\"Pequenos Rebentos Viagem ao Princ\u00edpio do Mundo \u00e9 um 100% Alvarinho de car\u00e1cter complexo, r\u00fastico e vibrante, fechado de entrada e explosivo de sa\u00edda.\",\"breadcrumb\":{\"@id\":\"https:\\\/\\\/www.tourinto.pt\\\/product\\\/pequenos-rebentos-viagem-ao-principio-do-mundo\\\/#breadcrumb\"},\"inLanguage\":\"en-GB\",\"potentialAction\":[{\"@type\":\"ReadAction\",\"target\":[\"https:\\\/\\\/www.tourinto.pt\\\/product\\\/pequenos-rebentos-viagem-ao-principio-do-mundo\\\/\"]}]},{\"@type\":\"ImageObject\",\"inLanguage\":\"en-GB\",\"@id\":\"https:\\\/\\\/www.tourinto.pt\\\/product\\\/pequenos-rebentos-viagem-ao-principio-do-mundo\\\/#primaryimage\",\"url\":\"https:\\\/\\\/i0.wp.com\\\/www.tourinto.pt\\\/wp-content\\\/uploads\\\/2023\\\/12\\\/Pequenos-Rebentos-Alvarinho.webp?fit=881%2C1400&ssl=1\",\"contentUrl\":\"https:\\\/\\\/i0.wp.com\\\/www.tourinto.pt\\\/wp-content\\\/uploads\\\/2023\\\/12\\\/Pequenos-Rebentos-Alvarinho.webp?fit=881%2C1400&ssl=1\",\"width\":881,\"height\":1400,\"caption\":\"Pequenos Rebentos Alvarinho, M\u00e1rcio Lopes Vinhos Verdes, M\u00e1rcio Lopes Vinho Branco, M\u00e1rcio Lopes Alvarinho, Vinho Principio do Mundo, Princ\u00edpio do Mundo Alvarinho\"},{\"@type\":\"BreadcrumbList\",\"@id\":\"https:\\\/\\\/www.tourinto.pt\\\/product\\\/pequenos-rebentos-viagem-ao-principio-do-mundo\\\/#breadcrumb\",\"itemListElement\":[{\"@type\":\"ListItem\",\"position\":1,\"name\":\"In\u00edcio\",\"item\":\"https:\\\/\\\/www.tourinto.pt\\\/\"},{\"@type\":\"ListItem\",\"position\":2,\"name\":\"Garrafeira on-line\",\"item\":\"https:\\\/\\\/www.tourinto.pt\\\/garrafeira-on-line\\\/\"},{\"@type\":\"ListItem\",\"position\":3,\"name\":\"Pequenos Rebentos Viagem ao Princ\u00edpio do Mundo 2020\"}]},{\"@type\":\"WebSite\",\"@id\":\"https:\\\/\\\/www.tourinto.pt\\\/#website\",\"url\":\"https:\\\/\\\/www.tourinto.pt\\\/\",\"name\":\"Tourinto Premium Wines\",\"description\":\"Garrafeira on-line\",\"publisher\":{\"@id\":\"https:\\\/\\\/www.tourinto.pt\\\/#organization\"},\"alternateName\":\"Garrafeira on-line\",\"potentialAction\":[{\"@type\":\"SearchAction\",\"target\":{\"@type\":\"EntryPoint\",\"urlTemplate\":\"https:\\\/\\\/www.tourinto.pt\\\/?s={search_term_string}\"},\"query-input\":{\"@type\":\"PropertyValueSpecification\",\"valueRequired\":true,\"valueName\":\"search_term_string\"}}],\"inLanguage\":\"en-GB\"},{\"@type\":[\"Organization\",\"Place\"],\"@id\":\"https:\\\/\\\/www.tourinto.pt\\\/#organization\",\"name\":\"Tourinto\",\"alternateName\":\"Garrafeira Tourinto, Lda.\",\"url\":\"https:\\\/\\\/www.tourinto.pt\\\/\",\"logo\":{\"@id\":\"https:\\\/\\\/www.tourinto.pt\\\/product\\\/pequenos-rebentos-viagem-ao-principio-do-mundo\\\/#local-main-organization-logo\"},\"image\":{\"@id\":\"https:\\\/\\\/www.tourinto.pt\\\/product\\\/pequenos-rebentos-viagem-ao-principio-do-mundo\\\/#local-main-organization-logo\"},\"sameAs\":[\"https:\\\/\\\/www.facebook.com\\\/garrafeiratourinto\",\"https:\\\/\\\/www.instagram.com\\\/garrafeiratourinto\\\/\"],\"telephone\":[],\"openingHoursSpecification\":[{\"@type\":\"OpeningHoursSpecification\",\"dayOfWeek\":[\"Monday\",\"Tuesday\",\"Wednesday\",\"Thursday\",\"Friday\",\"Saturday\",\"Sunday\"],\"opens\":\"09:00\",\"closes\":\"17:00\"}]},{\"@type\":\"ImageObject\",\"inLanguage\":\"en-GB\",\"@id\":\"https:\\\/\\\/www.tourinto.pt\\\/product\\\/pequenos-rebentos-viagem-ao-principio-do-mundo\\\/#local-main-organization-logo\",\"url\":\"https:\\\/\\\/i0.wp.com\\\/www.tourinto.pt\\\/wp-content\\\/uploads\\\/2022\\\/07\\\/tourinto-logo-big.png?fit=1400%2C505&ssl=1\",\"contentUrl\":\"https:\\\/\\\/i0.wp.com\\\/www.tourinto.pt\\\/wp-content\\\/uploads\\\/2022\\\/07\\\/tourinto-logo-big.png?fit=1400%2C505&ssl=1\",\"width\":1400,\"height\":505,\"caption\":\"Tourinto\"}]}<\/script>\n<meta property=\"product:price:amount\" content=\"73.25\" \/>\n<meta property=\"product:price:currency\" content=\"EUR\" \/>\n<meta property=\"og:availability\" content=\"instock\" \/>\n<meta property=\"product:availability\" content=\"instock\" \/>\n<meta property=\"product:retailer_item_id\" content=\"18.10.2020\" \/>\n<meta property=\"product:condition\" content=\"new\" \/>\n<!-- \/ Yoast SEO Premium plugin. -->","yoast_head_json":{"title":"Pequenos Rebentos Viagem ao Princ\u00edpio do Mundo 2020 - Tourinto Premium Wines","description":"Pequenos Rebentos Viagem ao Princ\u00edpio do Mundo \u00e9 um 100% Alvarinho de car\u00e1cter complexo, r\u00fastico e vibrante, fechado de entrada e explosivo de sa\u00edda.","robots":{"index":"index","follow":"follow","max-snippet":"max-snippet:-1","max-image-preview":"max-image-preview:large","max-video-preview":"max-video-preview:-1"},"canonical":"https:\/\/www.tourinto.pt\/en\/product\/pequenos-rebentos-viagem-ao-principio-do-mundo\/","og_locale":"en_GB","og_type":"article","og_title":"Pequenos Rebentos Viagem ao Princ\u00edpio do Mundo 2020","og_description":"Pequenos Rebentos Viagem ao Princ\u00edpio do Mundo \u00e9 um 100% Alvarinho de car\u00e1cter complexo, r\u00fastico e vibrante, fechado de entrada e explosivo de sa\u00edda.","og_url":"https:\/\/www.tourinto.pt\/en\/product\/pequenos-rebentos-viagem-ao-principio-do-mundo\/","og_site_name":"Tourinto Premium Wines","article_publisher":"https:\/\/www.facebook.com\/garrafeiratourinto","article_modified_time":"2026-02-05T10:30:16+00:00","og_image":[{"width":881,"height":1400,"url":"https:\/\/i0.wp.com\/www.tourinto.pt\/wp-content\/uploads\/2023\/12\/Pequenos-Rebentos-Alvarinho.webp?fit=881%2C1400&ssl=1","type":"image\/webp"}],"twitter_card":"summary_large_image","twitter_misc":{"Price":"73,25&nbsp;&euro;","Availability":"In stock"},"schema":{"@context":"https:\/\/schema.org","@graph":[{"@type":"WebPage","@id":"https:\/\/www.tourinto.pt\/product\/pequenos-rebentos-viagem-ao-principio-do-mundo\/","url":"https:\/\/www.tourinto.pt\/product\/pequenos-rebentos-viagem-ao-principio-do-mundo\/","name":"Pequenos Rebentos Viagem ao Princ\u00edpio do Mundo 2020 - Tourinto Premium Wines","isPartOf":{"@id":"https:\/\/www.tourinto.pt\/#website"},"primaryImageOfPage":{"@id":"https:\/\/www.tourinto.pt\/product\/pequenos-rebentos-viagem-ao-principio-do-mundo\/#primaryimage"},"image":{"@id":"https:\/\/www.tourinto.pt\/product\/pequenos-rebentos-viagem-ao-principio-do-mundo\/#primaryimage"},"thumbnailUrl":"https:\/\/i0.wp.com\/www.tourinto.pt\/wp-content\/uploads\/2023\/12\/Pequenos-Rebentos-Alvarinho.webp?fit=881%2C1400&ssl=1","datePublished":"2023-12-04T23:00:26+00:00","dateModified":"2026-02-05T10:30:16+00:00","description":"Pequenos Rebentos Viagem ao Princ\u00edpio do Mundo \u00e9 um 100% Alvarinho de car\u00e1cter complexo, r\u00fastico e vibrante, fechado de entrada e explosivo de sa\u00edda.","breadcrumb":{"@id":"https:\/\/www.tourinto.pt\/product\/pequenos-rebentos-viagem-ao-principio-do-mundo\/#breadcrumb"},"inLanguage":"en-GB","potentialAction":[{"@type":"ReadAction","target":["https:\/\/www.tourinto.pt\/product\/pequenos-rebentos-viagem-ao-principio-do-mundo\/"]}]},{"@type":"ImageObject","inLanguage":"en-GB","@id":"https:\/\/www.tourinto.pt\/product\/pequenos-rebentos-viagem-ao-principio-do-mundo\/#primaryimage","url":"https:\/\/i0.wp.com\/www.tourinto.pt\/wp-content\/uploads\/2023\/12\/Pequenos-Rebentos-Alvarinho.webp?fit=881%2C1400&ssl=1","contentUrl":"https:\/\/i0.wp.com\/www.tourinto.pt\/wp-content\/uploads\/2023\/12\/Pequenos-Rebentos-Alvarinho.webp?fit=881%2C1400&ssl=1","width":881,"height":1400,"caption":"Pequenos Rebentos Alvarinho, M\u00e1rcio Lopes Vinhos Verdes, M\u00e1rcio Lopes Vinho Branco, M\u00e1rcio Lopes Alvarinho, Vinho Principio do Mundo, Princ\u00edpio do Mundo Alvarinho"},{"@type":"BreadcrumbList","@id":"https:\/\/www.tourinto.pt\/product\/pequenos-rebentos-viagem-ao-principio-do-mundo\/#breadcrumb","itemListElement":[{"@type":"ListItem","position":1,"name":"In\u00edcio","item":"https:\/\/www.tourinto.pt\/"},{"@type":"ListItem","position":2,"name":"Garrafeira on-line","item":"https:\/\/www.tourinto.pt\/garrafeira-on-line\/"},{"@type":"ListItem","position":3,"name":"Pequenos Rebentos Viagem ao Princ\u00edpio do Mundo 2020"}]},{"@type":"WebSite","@id":"https:\/\/www.tourinto.pt\/#website","url":"https:\/\/www.tourinto.pt\/","name":"Tourinto Premium Wines","description":"Wine Shop online","publisher":{"@id":"https:\/\/www.tourinto.pt\/#organization"},"alternateName":"Garrafeira on-line","potentialAction":[{"@type":"SearchAction","target":{"@type":"EntryPoint","urlTemplate":"https:\/\/www.tourinto.pt\/?s={search_term_string}"},"query-input":{"@type":"PropertyValueSpecification","valueRequired":true,"valueName":"search_term_string"}}],"inLanguage":"en-GB"},{"@type":["Organization","Place"],"@id":"https:\/\/www.tourinto.pt\/#organization","name":"Tourinto","alternateName":"Garrafeira Tourinto, Lda.","url":"https:\/\/www.tourinto.pt\/","logo":{"@id":"https:\/\/www.tourinto.pt\/product\/pequenos-rebentos-viagem-ao-principio-do-mundo\/#local-main-organization-logo"},"image":{"@id":"https:\/\/www.tourinto.pt\/product\/pequenos-rebentos-viagem-ao-principio-do-mundo\/#local-main-organization-logo"},"sameAs":["https:\/\/www.facebook.com\/garrafeiratourinto","https:\/\/www.instagram.com\/garrafeiratourinto\/"],"telephone":[],"openingHoursSpecification":[{"@type":"OpeningHoursSpecification","dayOfWeek":["Monday","Tuesday","Wednesday","Thursday","Friday","Saturday","Sunday"],"opens":"09:00","closes":"17:00"}]},{"@type":"ImageObject","inLanguage":"en-GB","@id":"https:\/\/www.tourinto.pt\/product\/pequenos-rebentos-viagem-ao-principio-do-mundo\/#local-main-organization-logo","url":"https:\/\/i0.wp.com\/www.tourinto.pt\/wp-content\/uploads\/2022\/07\/tourinto-logo-big.png?fit=1400%2C505&ssl=1","contentUrl":"https:\/\/i0.wp.com\/www.tourinto.pt\/wp-content\/uploads\/2022\/07\/tourinto-logo-big.png?fit=1400%2C505&ssl=1","width":1400,"height":505,"caption":"Tourinto"}]},"product_price_amount":"73.25","product_price_currency":"EUR","og_availability":"instock","product_availability":"instock","product_retailer_item_id":"18.10.2020","product_condition":"new"},"jetpack_publicize_connections":[],"jetpack_sharing_enabled":true,"_links":{"self":[{"href":"https:\/\/www.tourinto.pt\/en\/wp-json\/wp\/v2\/product\/8387","targetHints":{"allow":["GET"]}}],"collection":[{"href":"https:\/\/www.tourinto.pt\/en\/wp-json\/wp\/v2\/product"}],"about":[{"href":"https:\/\/www.tourinto.pt\/en\/wp-json\/wp\/v2\/types\/product"}],"replies":[{"embeddable":true,"href":"https:\/\/www.tourinto.pt\/en\/wp-json\/wp\/v2\/comments?post=8387"}],"wp:featuredmedia":[{"embeddable":true,"href":"https:\/\/www.tourinto.pt\/en\/wp-json\/wp\/v2\/media\/14070"}],"wp:attachment":[{"href":"https:\/\/www.tourinto.pt\/en\/wp-json\/wp\/v2\/media?parent=8387"}],"wp:term":[{"taxonomy":"product_brand","embeddable":true,"href":"https:\/\/www.tourinto.pt\/en\/wp-json\/wp\/v2\/product_brand?post=8387"},{"taxonomy":"product_cat","embeddable":true,"href":"https:\/\/www.tourinto.pt\/en\/wp-json\/wp\/v2\/product_cat?post=8387"},{"taxonomy":"product_tag","embeddable":true,"href":"https:\/\/www.tourinto.pt\/en\/wp-json\/wp\/v2\/product_tag?post=8387"}],"curies":[{"name":"wp","href":"https:\/\/api.w.org\/{rel}","templated":true}]}}