{"id":8351,"date":"2023-12-04T13:03:27","date_gmt":"2023-12-04T13:03:27","guid":{"rendered":"https:\/\/www.tourinto.pt\/?post_type=product&#038;p=8351"},"modified":"2026-03-09T18:31:02","modified_gmt":"2026-03-09T18:31:02","slug":"parapente-tras-os-montes-branco-magnum","status":"publish","type":"product","link":"https:\/\/www.tourinto.pt\/en\/product\/parapente-tras-os-montes-branco-magnum\/","title":{"rendered":"Parapente Tr\u00e1s-os-Montes White Magnum"},"content":{"rendered":"<div class=\"wpb-content-wrapper\"><div data-vc-full-width=\"true\" data-vc-full-width-init=\"false\" class=\"vc_row wpb_row vc_row-fluid vc_custom_1656585076455 vc_row-has-fill\"><div class=\"wpb_column vc_column_container vc_col-sm-12\"><div class=\"vc_column-inner\"><div class=\"wpb_wrapper\"><div class=\"vc_tta-container\" data-vc-action=\"collapse\"><div class=\"vc_general vc_tta vc_tta-tabs vc_tta-color-black vc_tta-style-flat vc_tta-shape-square vc_tta-spacing-1 vc_tta-o-no-fill vc_tta-tabs-position-top vc_tta-controls-align-left\"><div class=\"vc_tta-tabs-container\"><ul class=\"vc_tta-tabs-list\" role=\"tablist\"><li class=\"vc_tta-tab vc_active\" data-vc-tab role=\"presentation\"><a href=\"#1656584484701-0e478312-357c\" data-vc-tabs data-vc-container=\".vc_tta\" role=\"tab\" aria-selected=\"false\" id=\"tab-1656584484701-0e478312-357c\"><i class=\"vc_tta-icon vc-oi vc-oi-article\"><\/i><span class=\"vc_tta-title-text\">Description<\/span><\/a><\/li><\/ul><\/div><div class=\"vc_tta-panels-container\"><div class=\"vc_tta-panels\"><div class=\"vc_tta-panel vc_active\" id=\"1656584484701-0e478312-357c\" data-vc-content=\".vc_tta-panel-body\"><div class=\"vc_tta-panel-heading\"><h4 class=\"vc_tta-panel-title\"><a href=\"#1656584484701-0e478312-357c\" data-vc-accordion data-vc-container=\".vc_tta-container\"><i class=\"vc_tta-icon vc-oi vc-oi-article\"><\/i><span class=\"vc_tta-title-text\">Description<\/span><\/a><\/h4><\/div><div class=\"vc_tta-panel-body\">\n\t<div class=\"wpb_text_column wpb_content_element\" >\n\t\t<div class=\"wpb_wrapper\">\n\t\t\t<p><strong>Parapente Tr\u00e1s-os-Montes White Magnum<\/strong><\/p>\n<p><strong>Grape varieties:\u00a0<\/strong>Old Vines blend of grape varieties (C\u00f3dega, Viosinho, Gouveio, Bical, Verdelho)<br \/>\n<strong>Aging: <\/strong>10 months Old and new French oak barrels in contact with the fine lees, without battonage.<br \/>\n<strong>Colour: <\/strong>Lemon yellow.<strong><br \/>\n<\/strong><b>Aroma: <\/b>Citrus notes of lime and lemon, aromatic herbs and vanilla from the wood, in a profile of great freshness.<br \/>\n<strong>Flavour: <\/strong>Confirming the notes on the nose, austere, fresh with tension, with a citrus finish.<\/p>\n<hr style=\"border: #b0976d 1px dotted\" \/>\n<p><strong>Serve:<\/strong> 10 to 12\u2070<br \/>\n<strong>Consumption: <\/strong>Immediate or storage.<\/p>\n<hr style=\"border: #b0976d 1px dotted\" \/>\n<p><strong>Harmonisation: <\/strong>Fish dishes, salads and white meats.<\/p>\n<hr style=\"border: #b0976d 1px dotted\" \/>\n<p><strong>Producer: <\/strong><a href=\"https:\/\/www.tourinto.pt\/en\/produtores\/vinho-verde\/parapente\/\">Pine Nuts Vines &amp; Wines<\/a><\/p>\n<p><strong>Enology: <\/strong>Joana Pinh\u00e3o<\/p>\n<p><strong>Category:<\/strong>Portuguese Wines \u2013 <a href=\"https:\/\/www.tourinto.pt\/en\/regiao\/tras-os-montes\/\">Tr\u00e1s-os-Montes<\/a><\/p>\n<p><strong>Awards and Notes:<\/strong><\/p>\n<ul>\n<li><strong>Revista de Vinhos<\/strong> &#8211; 91\/100<\/li>\n<\/ul>\n<p><strong><a href=\"https:\/\/www.instagram.com\/parapente_wines\/\"><span style=\"color: #f1f1f1\">parapente wines<\/span><\/a><\/strong><\/p>\n\n\t\t<\/div>\n\t<\/div>\n<\/div><\/div><\/div><\/div><\/div><\/div><\/div><\/div><\/div><\/div><div class=\"vc_row-full-width vc_clearfix\"><\/div><div data-vc-full-width=\"true\" data-vc-full-width-init=\"false\" data-vc-stretch-content=\"true\" class=\"vc_row wpb_row vc_row-fluid vc_row-no-padding\"><div class=\"wpb_column vc_column_container vc_col-sm-12\"><div class=\"vc_column-inner\"><div class=\"wpb_wrapper\">\n<div class=\"vc_grid-container-wrapper vc_clearfix vc_grid-animation-fadeIn\">\n\t<div class=\"vc_grid-container vc_clearfix wpb_content_element vc_media_grid\" data-initial-loading-animation=\"fadeIn\" data-vc-grid-settings=\"{&quot;page_id&quot;:8351,&quot;style&quot;:&quot;all&quot;,&quot;action&quot;:&quot;vc_get_vc_grid_data&quot;,&quot;shortcode_id&quot;:&quot;1757359878425-76650050-b8cf-7&quot;,&quot;tag&quot;:&quot;vc_media_grid&quot;}\" data-vc-request=\"https:\/\/www.tourinto.pt\/wp-admin\/admin-ajax.php\" data-vc-post-id=\"8351\" data-vc-public-nonce=\"b5c0e37b7e\">\n\t\t\n\t<\/div>\n<\/div><\/div><\/div><\/div><\/div><div class=\"vc_row-full-width vc_clearfix\"><\/div>\n<\/div>","protected":false},"excerpt":{"rendered":"<p>Parapente Tr\u00e1s-os-Montes Branco \u00e9 um vinho proveniente de vinhas velhas, intensamente arom\u00e1tico com notas c\u00edtricas de lima e lim\u00e3o, ervas arom\u00e1ticas e baunilha, para al\u00e9m de austero e de revelar uma not\u00e1vel frescura e eleg\u00e2ncia.<\/p>\n<p>Saiba mais sobre<a href=\"https:\/\/www.tourinto.pt\/produtores\/vinho-verde\/parapente\/\"> Parapente<\/a>.<\/p>\n[contact-form-7 id=\"4433d5d\" title=\"nota Uni\u00e3o Europeia\"]\n","protected":false},"featured_media":5806,"comment_status":"closed","ping_status":"closed","template":"","meta":{"_acf_changed":false,"_joinchat":[],"jetpack_publicize_message":"","jetpack_publicize_feature_enabled":true,"jetpack_social_post_already_shared":true,"jetpack_social_options":{"image_generator_settings":{"template":"highway","default_image_id":0,"font":"","enabled":false},"version":2}},"product_brand":[],"product_cat":[1058,168,424,100,81,44,156,794],"product_tag":[294,395,373,154,65],"class_list":{"0":"post-8351","1":"product","2":"type-product","3":"status-publish","4":"has-post-thumbnail","6":"product_cat-vinhas-velhas","7":"product_cat-grandes-formatos","8":"product_cat-vinhos-portugal","9":"product_cat-tipologia","10":"product_cat-regiao","11":"product_cat-produtores","12":"product_cat-tras-os-montes","13":"product_cat-parapente-pine-nuts-vines-wines","14":"product_tag-minima-intervencao","15":"product_tag-magnum","16":"product_tag-vinho-branco","17":"product_tag-tras-os-montes","18":"product_tag-vinhas-velhas","19":"product_shipping_class-3-garrafas","20":"pa_ano-33","21":"pa_castas-vinhas-velhas","22":"pa_categoria-vinhos-portugueses","23":"pa_enologia-joana-pinhao","24":"pa_harmonizacao-carnes-brancas","25":"pa_harmonizacao-peixe","26":"pa_harmonizacao-saladas","27":"pa_leveduras-indigenas","28":"pa_produtor-pine-nuts-vines-wines","29":"pa_regiao-tras-os-montes","30":"pa_tipologia-vinho-branco","31":"pa_vinificacao-minima-intervencao","32":"pa_viticultura-sustentavel","33":"pa_volume-1500ml","34":"pa_volume-750ml","36":"first","37":"instock","38":"taxable","39":"shipping-taxable","40":"purchasable","41":"product-type-simple"},"acf":[],"yoast_head":"<!-- This site is optimized with the Yoast SEO Premium plugin v27.5 (Yoast SEO v27.5) - https:\/\/yoast.com\/product\/yoast-seo-premium-wordpress\/ -->\n<title>Parapente Tr\u00e1s-os-Montes Branco Magnum - Tourinto Premium Wines<\/title>\n<meta name=\"description\" content=\"Parapente Tr\u00e1s-os-Montes branco \u00e9 um vinho proveniente de vinhas velhas, intensamente arom\u00e1tico e que revela uma not\u00e1vel frescura e eleg\u00e2ncia.\" \/>\n<meta name=\"robots\" content=\"index, follow, max-snippet:-1, max-image-preview:large, max-video-preview:-1\" \/>\n<link rel=\"canonical\" href=\"https:\/\/www.tourinto.pt\/en\/product\/parapente-tras-os-montes-branco-magnum\/\" \/>\n<meta property=\"og:locale\" content=\"en_GB\" \/>\n<meta property=\"og:type\" content=\"article\" \/>\n<meta property=\"og:title\" content=\"Parapente Tr\u00e1s-os-Montes Branco Magnum\" \/>\n<meta property=\"og:description\" content=\"Parapente Tr\u00e1s-os-Montes branco \u00e9 um vinho proveniente de vinhas velhas, intensamente arom\u00e1tico e que revela uma not\u00e1vel frescura e eleg\u00e2ncia.\" \/>\n<meta property=\"og:url\" content=\"https:\/\/www.tourinto.pt\/en\/product\/parapente-tras-os-montes-branco-magnum\/\" \/>\n<meta property=\"og:site_name\" content=\"Tourinto Premium Wines\" \/>\n<meta property=\"article:publisher\" content=\"https:\/\/www.facebook.com\/garrafeiratourinto\" \/>\n<meta property=\"article:modified_time\" content=\"2026-03-09T18:31:02+00:00\" \/>\n<meta property=\"og:image\" content=\"https:\/\/i0.wp.com\/www.tourinto.pt\/wp-content\/uploads\/2023\/05\/Tourinto-branco-Parapente.webp?fit=881%2C1400&ssl=1\" \/>\n\t<meta property=\"og:image:width\" content=\"881\" \/>\n\t<meta property=\"og:image:height\" content=\"1400\" \/>\n\t<meta property=\"og:image:type\" content=\"image\/webp\" \/>\n<meta name=\"twitter:card\" content=\"summary_large_image\" \/>\n<meta name=\"twitter:label1\" content=\"Price\" \/>\n\t<meta name=\"twitter:data1\" content=\"72,00&nbsp;&euro;\" \/>\n\t<meta name=\"twitter:label2\" content=\"Availability\" \/>\n\t<meta name=\"twitter:data2\" content=\"In stock\" \/>\n<script type=\"application\/ld+json\" class=\"yoast-schema-graph\">{\"@context\":\"https:\\\/\\\/schema.org\",\"@graph\":[{\"@type\":\"WebPage\",\"@id\":\"https:\\\/\\\/www.tourinto.pt\\\/product\\\/parapente-tras-os-montes-branco-magnum\\\/\",\"url\":\"https:\\\/\\\/www.tourinto.pt\\\/product\\\/parapente-tras-os-montes-branco-magnum\\\/\",\"name\":\"Parapente Tr\u00e1s-os-Montes Branco Magnum - Tourinto Premium Wines\",\"isPartOf\":{\"@id\":\"https:\\\/\\\/www.tourinto.pt\\\/#website\"},\"primaryImageOfPage\":{\"@id\":\"https:\\\/\\\/www.tourinto.pt\\\/product\\\/parapente-tras-os-montes-branco-magnum\\\/#primaryimage\"},\"image\":{\"@id\":\"https:\\\/\\\/www.tourinto.pt\\\/product\\\/parapente-tras-os-montes-branco-magnum\\\/#primaryimage\"},\"thumbnailUrl\":\"https:\\\/\\\/i0.wp.com\\\/www.tourinto.pt\\\/wp-content\\\/uploads\\\/2023\\\/05\\\/Tourinto-branco-Parapente.webp?fit=881%2C1400&ssl=1\",\"datePublished\":\"2023-12-04T13:03:27+00:00\",\"dateModified\":\"2026-03-09T18:31:02+00:00\",\"description\":\"Parapente Tr\u00e1s-os-Montes branco \u00e9 um vinho proveniente de vinhas velhas, intensamente arom\u00e1tico e que revela uma not\u00e1vel frescura e eleg\u00e2ncia.\",\"breadcrumb\":{\"@id\":\"https:\\\/\\\/www.tourinto.pt\\\/product\\\/parapente-tras-os-montes-branco-magnum\\\/#breadcrumb\"},\"inLanguage\":\"en-GB\",\"potentialAction\":[{\"@type\":\"ReadAction\",\"target\":[\"https:\\\/\\\/www.tourinto.pt\\\/product\\\/parapente-tras-os-montes-branco-magnum\\\/\"]}]},{\"@type\":\"ImageObject\",\"inLanguage\":\"en-GB\",\"@id\":\"https:\\\/\\\/www.tourinto.pt\\\/product\\\/parapente-tras-os-montes-branco-magnum\\\/#primaryimage\",\"url\":\"https:\\\/\\\/i0.wp.com\\\/www.tourinto.pt\\\/wp-content\\\/uploads\\\/2023\\\/05\\\/Tourinto-branco-Parapente.webp?fit=881%2C1400&ssl=1\",\"contentUrl\":\"https:\\\/\\\/i0.wp.com\\\/www.tourinto.pt\\\/wp-content\\\/uploads\\\/2023\\\/05\\\/Tourinto-branco-Parapente.webp?fit=881%2C1400&ssl=1\",\"width\":881,\"height\":1400,\"caption\":\"Parapente Branco, Parapente Vinho Branco, Vinhos Parapente\"},{\"@type\":\"BreadcrumbList\",\"@id\":\"https:\\\/\\\/www.tourinto.pt\\\/product\\\/parapente-tras-os-montes-branco-magnum\\\/#breadcrumb\",\"itemListElement\":[{\"@type\":\"ListItem\",\"position\":1,\"name\":\"In\u00edcio\",\"item\":\"https:\\\/\\\/www.tourinto.pt\\\/\"},{\"@type\":\"ListItem\",\"position\":2,\"name\":\"Garrafeira on-line\",\"item\":\"https:\\\/\\\/www.tourinto.pt\\\/garrafeira-on-line\\\/\"},{\"@type\":\"ListItem\",\"position\":3,\"name\":\"Parapente Tr\u00e1s-os-Montes Branco Magnum\"}]},{\"@type\":\"WebSite\",\"@id\":\"https:\\\/\\\/www.tourinto.pt\\\/#website\",\"url\":\"https:\\\/\\\/www.tourinto.pt\\\/\",\"name\":\"Tourinto Premium Wines\",\"description\":\"Garrafeira on-line\",\"publisher\":{\"@id\":\"https:\\\/\\\/www.tourinto.pt\\\/#organization\"},\"alternateName\":\"Garrafeira on-line\",\"potentialAction\":[{\"@type\":\"SearchAction\",\"target\":{\"@type\":\"EntryPoint\",\"urlTemplate\":\"https:\\\/\\\/www.tourinto.pt\\\/?s={search_term_string}\"},\"query-input\":{\"@type\":\"PropertyValueSpecification\",\"valueRequired\":true,\"valueName\":\"search_term_string\"}}],\"inLanguage\":\"en-GB\"},{\"@type\":[\"Organization\",\"Place\"],\"@id\":\"https:\\\/\\\/www.tourinto.pt\\\/#organization\",\"name\":\"Tourinto\",\"alternateName\":\"Garrafeira Tourinto, Lda.\",\"url\":\"https:\\\/\\\/www.tourinto.pt\\\/\",\"logo\":{\"@id\":\"https:\\\/\\\/www.tourinto.pt\\\/product\\\/parapente-tras-os-montes-branco-magnum\\\/#local-main-organization-logo\"},\"image\":{\"@id\":\"https:\\\/\\\/www.tourinto.pt\\\/product\\\/parapente-tras-os-montes-branco-magnum\\\/#local-main-organization-logo\"},\"sameAs\":[\"https:\\\/\\\/www.facebook.com\\\/garrafeiratourinto\",\"https:\\\/\\\/www.instagram.com\\\/garrafeiratourinto\\\/\"],\"telephone\":[],\"openingHoursSpecification\":[{\"@type\":\"OpeningHoursSpecification\",\"dayOfWeek\":[\"Monday\",\"Tuesday\",\"Wednesday\",\"Thursday\",\"Friday\",\"Saturday\",\"Sunday\"],\"opens\":\"09:00\",\"closes\":\"17:00\"}]},{\"@type\":\"ImageObject\",\"inLanguage\":\"en-GB\",\"@id\":\"https:\\\/\\\/www.tourinto.pt\\\/product\\\/parapente-tras-os-montes-branco-magnum\\\/#local-main-organization-logo\",\"url\":\"https:\\\/\\\/i0.wp.com\\\/www.tourinto.pt\\\/wp-content\\\/uploads\\\/2022\\\/07\\\/tourinto-logo-big.png?fit=1400%2C505&ssl=1\",\"contentUrl\":\"https:\\\/\\\/i0.wp.com\\\/www.tourinto.pt\\\/wp-content\\\/uploads\\\/2022\\\/07\\\/tourinto-logo-big.png?fit=1400%2C505&ssl=1\",\"width\":1400,\"height\":505,\"caption\":\"Tourinto\"}]}<\/script>\n<meta property=\"product:price:amount\" content=\"72.00\" \/>\n<meta property=\"product:price:currency\" content=\"EUR\" \/>\n<meta property=\"og:availability\" content=\"instock\" \/>\n<meta property=\"product:availability\" content=\"instock\" \/>\n<meta property=\"product:retailer_item_id\" content=\"37.04.2021\" \/>\n<meta property=\"product:condition\" content=\"new\" \/>\n<!-- \/ Yoast SEO Premium plugin. -->","yoast_head_json":{"title":"Parapente Tr\u00e1s-os-Montes Branco Magnum - Tourinto Premium Wines","description":"Parapente Tr\u00e1s-os-Montes branco \u00e9 um vinho proveniente de vinhas velhas, intensamente arom\u00e1tico e que revela uma not\u00e1vel frescura e eleg\u00e2ncia.","robots":{"index":"index","follow":"follow","max-snippet":"max-snippet:-1","max-image-preview":"max-image-preview:large","max-video-preview":"max-video-preview:-1"},"canonical":"https:\/\/www.tourinto.pt\/en\/product\/parapente-tras-os-montes-branco-magnum\/","og_locale":"en_GB","og_type":"article","og_title":"Parapente Tr\u00e1s-os-Montes Branco Magnum","og_description":"Parapente Tr\u00e1s-os-Montes branco \u00e9 um vinho proveniente de vinhas velhas, intensamente arom\u00e1tico e que revela uma not\u00e1vel frescura e eleg\u00e2ncia.","og_url":"https:\/\/www.tourinto.pt\/en\/product\/parapente-tras-os-montes-branco-magnum\/","og_site_name":"Tourinto Premium Wines","article_publisher":"https:\/\/www.facebook.com\/garrafeiratourinto","article_modified_time":"2026-03-09T18:31:02+00:00","og_image":[{"width":881,"height":1400,"url":"https:\/\/i0.wp.com\/www.tourinto.pt\/wp-content\/uploads\/2023\/05\/Tourinto-branco-Parapente.webp?fit=881%2C1400&ssl=1","type":"image\/webp"}],"twitter_card":"summary_large_image","twitter_misc":{"Price":"72,00&nbsp;&euro;","Availability":"In stock"},"schema":{"@context":"https:\/\/schema.org","@graph":[{"@type":"WebPage","@id":"https:\/\/www.tourinto.pt\/product\/parapente-tras-os-montes-branco-magnum\/","url":"https:\/\/www.tourinto.pt\/product\/parapente-tras-os-montes-branco-magnum\/","name":"Parapente Tr\u00e1s-os-Montes Branco Magnum - Tourinto Premium Wines","isPartOf":{"@id":"https:\/\/www.tourinto.pt\/#website"},"primaryImageOfPage":{"@id":"https:\/\/www.tourinto.pt\/product\/parapente-tras-os-montes-branco-magnum\/#primaryimage"},"image":{"@id":"https:\/\/www.tourinto.pt\/product\/parapente-tras-os-montes-branco-magnum\/#primaryimage"},"thumbnailUrl":"https:\/\/i0.wp.com\/www.tourinto.pt\/wp-content\/uploads\/2023\/05\/Tourinto-branco-Parapente.webp?fit=881%2C1400&ssl=1","datePublished":"2023-12-04T13:03:27+00:00","dateModified":"2026-03-09T18:31:02+00:00","description":"Parapente Tr\u00e1s-os-Montes branco \u00e9 um vinho proveniente de vinhas velhas, intensamente arom\u00e1tico e que revela uma not\u00e1vel frescura e eleg\u00e2ncia.","breadcrumb":{"@id":"https:\/\/www.tourinto.pt\/product\/parapente-tras-os-montes-branco-magnum\/#breadcrumb"},"inLanguage":"en-GB","potentialAction":[{"@type":"ReadAction","target":["https:\/\/www.tourinto.pt\/product\/parapente-tras-os-montes-branco-magnum\/"]}]},{"@type":"ImageObject","inLanguage":"en-GB","@id":"https:\/\/www.tourinto.pt\/product\/parapente-tras-os-montes-branco-magnum\/#primaryimage","url":"https:\/\/i0.wp.com\/www.tourinto.pt\/wp-content\/uploads\/2023\/05\/Tourinto-branco-Parapente.webp?fit=881%2C1400&ssl=1","contentUrl":"https:\/\/i0.wp.com\/www.tourinto.pt\/wp-content\/uploads\/2023\/05\/Tourinto-branco-Parapente.webp?fit=881%2C1400&ssl=1","width":881,"height":1400,"caption":"Parapente Branco, Parapente Vinho Branco, Vinhos Parapente"},{"@type":"BreadcrumbList","@id":"https:\/\/www.tourinto.pt\/product\/parapente-tras-os-montes-branco-magnum\/#breadcrumb","itemListElement":[{"@type":"ListItem","position":1,"name":"In\u00edcio","item":"https:\/\/www.tourinto.pt\/"},{"@type":"ListItem","position":2,"name":"Garrafeira on-line","item":"https:\/\/www.tourinto.pt\/garrafeira-on-line\/"},{"@type":"ListItem","position":3,"name":"Parapente Tr\u00e1s-os-Montes Branco Magnum"}]},{"@type":"WebSite","@id":"https:\/\/www.tourinto.pt\/#website","url":"https:\/\/www.tourinto.pt\/","name":"Tourinto Premium Wines","description":"Wine Shop online","publisher":{"@id":"https:\/\/www.tourinto.pt\/#organization"},"alternateName":"Garrafeira on-line","potentialAction":[{"@type":"SearchAction","target":{"@type":"EntryPoint","urlTemplate":"https:\/\/www.tourinto.pt\/?s={search_term_string}"},"query-input":{"@type":"PropertyValueSpecification","valueRequired":true,"valueName":"search_term_string"}}],"inLanguage":"en-GB"},{"@type":["Organization","Place"],"@id":"https:\/\/www.tourinto.pt\/#organization","name":"Tourinto","alternateName":"Garrafeira Tourinto, Lda.","url":"https:\/\/www.tourinto.pt\/","logo":{"@id":"https:\/\/www.tourinto.pt\/product\/parapente-tras-os-montes-branco-magnum\/#local-main-organization-logo"},"image":{"@id":"https:\/\/www.tourinto.pt\/product\/parapente-tras-os-montes-branco-magnum\/#local-main-organization-logo"},"sameAs":["https:\/\/www.facebook.com\/garrafeiratourinto","https:\/\/www.instagram.com\/garrafeiratourinto\/"],"telephone":[],"openingHoursSpecification":[{"@type":"OpeningHoursSpecification","dayOfWeek":["Monday","Tuesday","Wednesday","Thursday","Friday","Saturday","Sunday"],"opens":"09:00","closes":"17:00"}]},{"@type":"ImageObject","inLanguage":"en-GB","@id":"https:\/\/www.tourinto.pt\/product\/parapente-tras-os-montes-branco-magnum\/#local-main-organization-logo","url":"https:\/\/i0.wp.com\/www.tourinto.pt\/wp-content\/uploads\/2022\/07\/tourinto-logo-big.png?fit=1400%2C505&ssl=1","contentUrl":"https:\/\/i0.wp.com\/www.tourinto.pt\/wp-content\/uploads\/2022\/07\/tourinto-logo-big.png?fit=1400%2C505&ssl=1","width":1400,"height":505,"caption":"Tourinto"}]},"product_price_amount":"72.00","product_price_currency":"EUR","og_availability":"instock","product_availability":"instock","product_retailer_item_id":"37.04.2021","product_condition":"new"},"jetpack_publicize_connections":[],"jetpack_sharing_enabled":true,"_links":{"self":[{"href":"https:\/\/www.tourinto.pt\/en\/wp-json\/wp\/v2\/product\/8351","targetHints":{"allow":["GET"]}}],"collection":[{"href":"https:\/\/www.tourinto.pt\/en\/wp-json\/wp\/v2\/product"}],"about":[{"href":"https:\/\/www.tourinto.pt\/en\/wp-json\/wp\/v2\/types\/product"}],"replies":[{"embeddable":true,"href":"https:\/\/www.tourinto.pt\/en\/wp-json\/wp\/v2\/comments?post=8351"}],"wp:featuredmedia":[{"embeddable":true,"href":"https:\/\/www.tourinto.pt\/en\/wp-json\/wp\/v2\/media\/5806"}],"wp:attachment":[{"href":"https:\/\/www.tourinto.pt\/en\/wp-json\/wp\/v2\/media?parent=8351"}],"wp:term":[{"taxonomy":"product_brand","embeddable":true,"href":"https:\/\/www.tourinto.pt\/en\/wp-json\/wp\/v2\/product_brand?post=8351"},{"taxonomy":"product_cat","embeddable":true,"href":"https:\/\/www.tourinto.pt\/en\/wp-json\/wp\/v2\/product_cat?post=8351"},{"taxonomy":"product_tag","embeddable":true,"href":"https:\/\/www.tourinto.pt\/en\/wp-json\/wp\/v2\/product_tag?post=8351"}],"curies":[{"name":"wp","href":"https:\/\/api.w.org\/{rel}","templated":true}]}}