{"id":7996,"date":"2023-11-20T22:16:39","date_gmt":"2023-11-20T22:16:39","guid":{"rendered":"https:\/\/www.tourinto.pt\/?post_type=product&#038;p=7996"},"modified":"2026-03-04T19:15:28","modified_gmt":"2026-03-04T19:15:28","slug":"damilano-cannubi-riserva-1752","status":"publish","type":"product","link":"https:\/\/www.tourinto.pt\/en\/product\/damilano-cannubi-riserva-1752\/","title":{"rendered":"Damilano Barolo DOCG Cannubi Riserva 1752"},"content":{"rendered":"<div class=\"wpb-content-wrapper\"><div data-vc-full-width=\"true\" data-vc-full-width-init=\"false\" class=\"vc_row wpb_row vc_row-fluid vc_custom_1656585076455 vc_row-has-fill\"><div class=\"wpb_column vc_column_container vc_col-sm-12\"><div class=\"vc_column-inner\"><div class=\"wpb_wrapper\"><div class=\"vc_tta-container\" data-vc-action=\"collapse\"><div class=\"vc_general vc_tta vc_tta-tabs vc_tta-color-black vc_tta-style-flat vc_tta-shape-square vc_tta-spacing-1 vc_tta-o-no-fill vc_tta-tabs-position-top vc_tta-controls-align-left\"><div class=\"vc_tta-tabs-container\"><ul class=\"vc_tta-tabs-list\" role=\"tablist\"><li class=\"vc_tta-tab vc_active\" data-vc-tab role=\"presentation\"><a href=\"#1656584484701-0e478312-357c\" data-vc-tabs data-vc-container=\".vc_tta\" role=\"tab\" aria-selected=\"false\" id=\"tab-1656584484701-0e478312-357c\"><i class=\"vc_tta-icon vc-oi vc-oi-article\"><\/i><span class=\"vc_tta-title-text\">Description<\/span><\/a><\/li><\/ul><\/div><div class=\"vc_tta-panels-container\"><div class=\"vc_tta-panels\"><div class=\"vc_tta-panel vc_active\" id=\"1656584484701-0e478312-357c\" data-vc-content=\".vc_tta-panel-body\"><div class=\"vc_tta-panel-heading\"><h4 class=\"vc_tta-panel-title\"><a href=\"#1656584484701-0e478312-357c\" data-vc-accordion data-vc-container=\".vc_tta-container\"><i class=\"vc_tta-icon vc-oi vc-oi-article\"><\/i><span class=\"vc_tta-title-text\">Description<\/span><\/a><\/h4><\/div><div class=\"vc_tta-panel-body\">\n\t<div class=\"wpb_text_column wpb_content_element\" >\n\t\t<div class=\"wpb_wrapper\">\n\t\t\t<p><strong>Damilano Barolo DOCG Cannubi Riserva 1752<\/strong><\/p>\n<p><strong>Grape varieties: <\/strong>Nebbiolo\u00a0100%.<br \/>\n<strong>Vinification: <\/strong>Fermentation for 20 days + 30 days of maceration depending on the harvest.<br \/>\n<b>Aging:<\/b> 60 months in oak barrels \u2013 <em>Botti<\/em>.<br \/>\n<strong>Colour: <\/strong>Ruby red.<strong><br \/>\n<\/strong><strong>Aroma:<\/strong> Balanced, notes of violet, ripe red fruits such as cherry and plum, spices, liquorice, cocoa, leather and tobacco.<br \/>\n<strong>Flavour: <\/strong>Robust, excellent persistence, velvety, harmonious and austere in its flatness.<\/p>\n<hr style=\"border: #b0976d 1px dotted;\" \/>\n<p><strong>Serve: <\/strong>16 to 18\u2070<br \/>\n<strong>Consumption: <\/strong>Immediate or storage (15 to 25 years).<\/p>\n<p><strong>Harmonisation:<\/strong> Typical Piedmontese pasta dishes (tajarin, ravioli), roasted or braised red meats such as beef Bourgignon or slow-cooked pulled pork, game, and all kinds of cheese.<\/p>\n<hr style=\"border: #b0976d 1px dotted;\" \/>\n<p><strong>Producer:\u00a0<\/strong><a href=\"https:\/\/www.tourinto.pt\/en\/produtores\/produtores-italia\/cantina-damilano\/\">Damilano<\/a><\/p>\n<p><strong>Enology: <\/strong>Guido Damilano and Alessandro Bonelli<\/p>\n<p><strong>Classification: <\/strong><a href=\"https:\/\/www.tourinto.pt\/en\/produto-categoria\/vinhos-italianos\/\">Italian Wines<\/a> &#8211; <a href=\"https:\/\/www.tourinto.pt\/en\/produtores\/vinhos-italia-piemonte\/\">Piedmont<\/a><\/p>\n<p><strong>Awards and Notes:\u00a0<\/strong><\/p>\n<ul>\n<li><strong>Robert Parker<\/strong> &#8211; 95\/100<\/li>\n<li><strong>James Suckling<\/strong> &#8211; 100\/100<\/li>\n<li><strong>Wine Spectator<\/strong> &#8211; 95\/100<\/li>\n<\/ul>\n<p><a href=\"https:\/\/cantinedamilano.it\/\"><span style=\"color: #f1f1f1;\">Wines from Piedmont<\/span><\/a><\/p>\n\n\t\t<\/div>\n\t<\/div>\n<\/div><\/div><\/div><\/div><\/div><\/div><\/div><\/div><\/div><\/div><div class=\"vc_row-full-width vc_clearfix\"><\/div><div data-vc-full-width=\"true\" data-vc-full-width-init=\"false\" data-vc-stretch-content=\"true\" class=\"vc_row wpb_row vc_row-fluid vc_custom_1695225760412 vc_row-no-padding\"><div class=\"wpb_column vc_column_container vc_col-sm-12\"><div class=\"vc_column-inner\"><div class=\"wpb_wrapper\">\n<div class=\"vc_grid-container-wrapper vc_clearfix vc_grid-animation-fadeIn\">\n\t<div class=\"vc_grid-container vc_clearfix wpb_content_element vc_media_grid\" data-initial-loading-animation=\"fadeIn\" data-vc-grid-settings=\"{&quot;page_id&quot;:7996,&quot;style&quot;:&quot;all&quot;,&quot;action&quot;:&quot;vc_get_vc_grid_data&quot;,&quot;shortcode_id&quot;:&quot;1757000439359-de50069d-297f-6&quot;,&quot;tag&quot;:&quot;vc_media_grid&quot;}\" data-vc-request=\"https:\/\/www.tourinto.pt\/wp-admin\/admin-ajax.php\" data-vc-post-id=\"7996\" data-vc-public-nonce=\"b902f86529\">\n\t\t\n\t<\/div>\n<\/div><\/div><\/div><\/div><\/div><div class=\"vc_row-full-width vc_clearfix\"><\/div>\n<\/div>","protected":false},"excerpt":{"rendered":"<p class=\"general-txt\">Damilano Barolo DOCG Riserva Cannubi &#8220;1752&#8221; nasceu com a colheita de 2008, quando a fam\u00edlia Damilano decidiu valorizar o n\u00facleo hist\u00f3rico de seus vinhedos Cannubi, uma pequena parcela de 2 hectares localizados na parte mais alta e central do morro. Um Barolo com notas de violeta e frutas vermelhas maduras, alca\u00e7uz, cacau, assim como de couro e tabaco.<\/p>\n<p>Saiba mais sobre <a href=\"https:\/\/www.tourinto.pt\/produtores\/cantina-damilano\/\">Damilano<\/a> e sobre o <a href=\"https:\/\/www.tourinto.pt\/piemonte-langhe-nebbiolo-barolo-e-barbaresco\/\">Piemonte<\/a>.<\/p>\n[contact-form-7 id=\"4433d5d\" title=\"nota Uni\u00e3o Europeia\"]\n","protected":false},"featured_media":13757,"comment_status":"closed","ping_status":"closed","template":"","meta":{"_acf_changed":false,"_joinchat":[],"jetpack_publicize_message":"","jetpack_publicize_feature_enabled":true,"jetpack_social_post_already_shared":true,"jetpack_social_options":{"image_generator_settings":{"template":"highway","default_image_id":0,"font":"","enabled":false},"version":2}},"product_brand":[],"product_cat":[1457,370,976,210,100,81,44,510,1121],"product_tag":[730,176,177,179,180,372],"class_list":{"0":"post-7996","1":"product","2":"type-product","3":"status-publish","4":"has-post-thumbnail","6":"product_cat-tintos-internacionais","7":"product_cat-piemonte","8":"product_cat-vinhos-estrangeiros","9":"product_cat-vinhos-italianos","10":"product_cat-tipologia","11":"product_cat-regiao","12":"product_cat-produtores","13":"product_cat-damilano","14":"product_cat-nebbiolo","15":"product_tag-vinhos-italianos","16":"product_tag-italia","17":"product_tag-piemonte","18":"product_tag-nebbiolo","19":"product_tag-barolo","20":"product_tag-vinho-tinto","21":"product_shipping_class-magnum","22":"pa_ano-28","23":"pa_castas-nebbiolo","24":"pa_categoria-vinhos-italianos","25":"pa_categoria-vinhos-do-piemonte","26":"pa_categoria-vinhos-barolo","27":"pa_categoria-piedmont","28":"pa_enologia-guido-damilano-alessandro-bonelli","29":"pa_harmonizacao-carnes-vermelhas","30":"pa_harmonizacao-massas","31":"pa_harmonizacao-assados-de-carne","32":"pa_leveduras-selecionadas","33":"pa_produtor-damilano","34":"pa_regiao-piemonte-barolo","35":"pa_tipologia-vinho-tinto","36":"pa_vinificacao-tradicional-minima-intervencao","37":"pa_viticultura-sustentavel","38":"pa_volume-750ml","40":"first","41":"instock","42":"featured","43":"taxable","44":"shipping-taxable","45":"purchasable","46":"product-type-simple"},"acf":[],"yoast_head":"<!-- This site is optimized with the Yoast SEO Premium plugin v27.3 (Yoast SEO v27.4) - https:\/\/yoast.com\/product\/yoast-seo-premium-wordpress\/ -->\n<title>Damilano Barolo DOCG Cannubi Riserva 1752 - Tourinto Premium Wines<\/title>\n<meta name=\"description\" content=\"Barolo Riserva Cannubi &quot;1752&quot; prov\u00eam de uma parcela de 2 hectares, com notas de violeta e frutas vermelhas, alca\u00e7uz, couro e tabaco.\u00a0Robusto e aveludado.\" \/>\n<meta name=\"robots\" content=\"index, follow, max-snippet:-1, max-image-preview:large, max-video-preview:-1\" \/>\n<link rel=\"canonical\" href=\"https:\/\/www.tourinto.pt\/en\/product\/damilano-cannubi-riserva-1752\/\" \/>\n<meta property=\"og:locale\" content=\"en_GB\" \/>\n<meta property=\"og:type\" content=\"article\" \/>\n<meta property=\"og:title\" content=\"Damilano Barolo DOCG Cannubi Riserva 1752\" \/>\n<meta property=\"og:description\" content=\"Barolo Riserva Cannubi &quot;1752&quot; prov\u00eam de uma parcela de 2 hectares, com notas de violeta e frutas vermelhas, alca\u00e7uz, couro e tabaco.\u00a0Robusto e aveludado.\" \/>\n<meta property=\"og:url\" content=\"https:\/\/www.tourinto.pt\/en\/product\/damilano-cannubi-riserva-1752\/\" \/>\n<meta property=\"og:site_name\" content=\"Tourinto Premium Wines\" \/>\n<meta property=\"article:publisher\" content=\"https:\/\/www.facebook.com\/garrafeiratourinto\" \/>\n<meta property=\"article:modified_time\" content=\"2026-03-04T19:15:28+00:00\" \/>\n<meta property=\"og:image\" content=\"https:\/\/www.tourinto.pt\/wp-content\/uploads\/2023\/11\/Damilano-Barolo-Riserva-1752-20161.webp\" \/>\n\t<meta property=\"og:image:width\" content=\"881\" \/>\n\t<meta property=\"og:image:height\" content=\"1400\" \/>\n\t<meta property=\"og:image:type\" content=\"image\/webp\" \/>\n<meta name=\"twitter:card\" content=\"summary_large_image\" \/>\n<meta name=\"twitter:label1\" content=\"Price\" \/>\n\t<meta name=\"twitter:data1\" content=\"360,00&nbsp;&euro;\" \/>\n\t<meta name=\"twitter:label2\" content=\"Availability\" \/>\n\t<meta name=\"twitter:data2\" content=\"In stock\" \/>\n<script type=\"application\/ld+json\" class=\"yoast-schema-graph\">{\"@context\":\"https:\\\/\\\/schema.org\",\"@graph\":[{\"@type\":\"WebPage\",\"@id\":\"https:\\\/\\\/www.tourinto.pt\\\/product\\\/damilano-cannubi-riserva-1752\\\/\",\"url\":\"https:\\\/\\\/www.tourinto.pt\\\/product\\\/damilano-cannubi-riserva-1752\\\/\",\"name\":\"Damilano Barolo DOCG Cannubi Riserva 1752 - Tourinto Premium Wines\",\"isPartOf\":{\"@id\":\"https:\\\/\\\/www.tourinto.pt\\\/#website\"},\"primaryImageOfPage\":{\"@id\":\"https:\\\/\\\/www.tourinto.pt\\\/product\\\/damilano-cannubi-riserva-1752\\\/#primaryimage\"},\"image\":{\"@id\":\"https:\\\/\\\/www.tourinto.pt\\\/product\\\/damilano-cannubi-riserva-1752\\\/#primaryimage\"},\"thumbnailUrl\":\"https:\\\/\\\/i0.wp.com\\\/www.tourinto.pt\\\/wp-content\\\/uploads\\\/2023\\\/11\\\/Damilano-Barolo-Riserva-1752-20161.webp?fit=881%2C1400&ssl=1\",\"datePublished\":\"2023-11-20T22:16:39+00:00\",\"dateModified\":\"2026-03-04T19:15:28+00:00\",\"description\":\"Barolo Riserva Cannubi \\\"1752\\\" prov\u00eam de uma parcela de 2 hectares, com notas de violeta e frutas vermelhas, alca\u00e7uz, couro e tabaco.\u00a0Robusto e aveludado.\",\"breadcrumb\":{\"@id\":\"https:\\\/\\\/www.tourinto.pt\\\/product\\\/damilano-cannubi-riserva-1752\\\/#breadcrumb\"},\"inLanguage\":\"en-GB\",\"potentialAction\":[{\"@type\":\"ReadAction\",\"target\":[\"https:\\\/\\\/www.tourinto.pt\\\/product\\\/damilano-cannubi-riserva-1752\\\/\"]}]},{\"@type\":\"ImageObject\",\"inLanguage\":\"en-GB\",\"@id\":\"https:\\\/\\\/www.tourinto.pt\\\/product\\\/damilano-cannubi-riserva-1752\\\/#primaryimage\",\"url\":\"https:\\\/\\\/i0.wp.com\\\/www.tourinto.pt\\\/wp-content\\\/uploads\\\/2023\\\/11\\\/Damilano-Barolo-Riserva-1752-20161.webp?fit=881%2C1400&ssl=1\",\"contentUrl\":\"https:\\\/\\\/i0.wp.com\\\/www.tourinto.pt\\\/wp-content\\\/uploads\\\/2023\\\/11\\\/Damilano-Barolo-Riserva-1752-20161.webp?fit=881%2C1400&ssl=1\",\"width\":881,\"height\":1400,\"caption\":\"Damilano Barolo, Damilano Cannubi, Damilano Canubi Riserva, Damilano Vinho Tinto, Vinho de It\u00e1lia\"},{\"@type\":\"BreadcrumbList\",\"@id\":\"https:\\\/\\\/www.tourinto.pt\\\/product\\\/damilano-cannubi-riserva-1752\\\/#breadcrumb\",\"itemListElement\":[{\"@type\":\"ListItem\",\"position\":1,\"name\":\"In\u00edcio\",\"item\":\"https:\\\/\\\/www.tourinto.pt\\\/\"},{\"@type\":\"ListItem\",\"position\":2,\"name\":\"Garrafeira on-line\",\"item\":\"https:\\\/\\\/www.tourinto.pt\\\/garrafeira-on-line\\\/\"},{\"@type\":\"ListItem\",\"position\":3,\"name\":\"Damilano Barolo DOCG Cannubi Riserva 1752\"}]},{\"@type\":\"WebSite\",\"@id\":\"https:\\\/\\\/www.tourinto.pt\\\/#website\",\"url\":\"https:\\\/\\\/www.tourinto.pt\\\/\",\"name\":\"Tourinto Premium Wines\",\"description\":\"Garrafeira on-line\",\"publisher\":{\"@id\":\"https:\\\/\\\/www.tourinto.pt\\\/#organization\"},\"alternateName\":\"Garrafeira on-line\",\"potentialAction\":[{\"@type\":\"SearchAction\",\"target\":{\"@type\":\"EntryPoint\",\"urlTemplate\":\"https:\\\/\\\/www.tourinto.pt\\\/?s={search_term_string}\"},\"query-input\":{\"@type\":\"PropertyValueSpecification\",\"valueRequired\":true,\"valueName\":\"search_term_string\"}}],\"inLanguage\":\"en-GB\"},{\"@type\":[\"Organization\",\"Place\"],\"@id\":\"https:\\\/\\\/www.tourinto.pt\\\/#organization\",\"name\":\"Tourinto\",\"alternateName\":\"Garrafeira Tourinto, Lda.\",\"url\":\"https:\\\/\\\/www.tourinto.pt\\\/\",\"logo\":{\"@id\":\"https:\\\/\\\/www.tourinto.pt\\\/product\\\/damilano-cannubi-riserva-1752\\\/#local-main-organization-logo\"},\"image\":{\"@id\":\"https:\\\/\\\/www.tourinto.pt\\\/product\\\/damilano-cannubi-riserva-1752\\\/#local-main-organization-logo\"},\"sameAs\":[\"https:\\\/\\\/www.facebook.com\\\/garrafeiratourinto\",\"https:\\\/\\\/www.instagram.com\\\/garrafeiratourinto\\\/\"],\"telephone\":[],\"openingHoursSpecification\":[{\"@type\":\"OpeningHoursSpecification\",\"dayOfWeek\":[\"Monday\",\"Tuesday\",\"Wednesday\",\"Thursday\",\"Friday\",\"Saturday\",\"Sunday\"],\"opens\":\"09:00\",\"closes\":\"17:00\"}]},{\"@type\":\"ImageObject\",\"inLanguage\":\"en-GB\",\"@id\":\"https:\\\/\\\/www.tourinto.pt\\\/product\\\/damilano-cannubi-riserva-1752\\\/#local-main-organization-logo\",\"url\":\"https:\\\/\\\/i0.wp.com\\\/www.tourinto.pt\\\/wp-content\\\/uploads\\\/2022\\\/07\\\/tourinto-logo-big.png?fit=1400%2C505&ssl=1\",\"contentUrl\":\"https:\\\/\\\/i0.wp.com\\\/www.tourinto.pt\\\/wp-content\\\/uploads\\\/2022\\\/07\\\/tourinto-logo-big.png?fit=1400%2C505&ssl=1\",\"width\":1400,\"height\":505,\"caption\":\"Tourinto\"}]}<\/script>\n<meta property=\"product:price:amount\" content=\"360.00\" \/>\n<meta property=\"product:price:currency\" content=\"EUR\" \/>\n<meta property=\"og:availability\" content=\"instock\" \/>\n<meta property=\"product:availability\" content=\"instock\" \/>\n<meta property=\"product:retailer_item_id\" content=\"65.01.2016\" \/>\n<meta property=\"product:condition\" content=\"new\" \/>\n<!-- \/ Yoast SEO Premium plugin. -->","yoast_head_json":{"title":"Damilano Barolo DOCG Cannubi Riserva 1752 - Tourinto Premium Wines","description":"Barolo Riserva Cannubi \"1752\" prov\u00eam de uma parcela de 2 hectares, com notas de violeta e frutas vermelhas, alca\u00e7uz, couro e tabaco.\u00a0Robusto e aveludado.","robots":{"index":"index","follow":"follow","max-snippet":"max-snippet:-1","max-image-preview":"max-image-preview:large","max-video-preview":"max-video-preview:-1"},"canonical":"https:\/\/www.tourinto.pt\/en\/product\/damilano-cannubi-riserva-1752\/","og_locale":"en_GB","og_type":"article","og_title":"Damilano Barolo DOCG Cannubi Riserva 1752","og_description":"Barolo Riserva Cannubi \"1752\" prov\u00eam de uma parcela de 2 hectares, com notas de violeta e frutas vermelhas, alca\u00e7uz, couro e tabaco.\u00a0Robusto e aveludado.","og_url":"https:\/\/www.tourinto.pt\/en\/product\/damilano-cannubi-riserva-1752\/","og_site_name":"Tourinto Premium Wines","article_publisher":"https:\/\/www.facebook.com\/garrafeiratourinto","article_modified_time":"2026-03-04T19:15:28+00:00","og_image":[{"width":881,"height":1400,"url":"https:\/\/www.tourinto.pt\/wp-content\/uploads\/2023\/11\/Damilano-Barolo-Riserva-1752-20161.webp","type":"image\/webp"}],"twitter_card":"summary_large_image","twitter_misc":{"Price":"360,00&nbsp;&euro;","Availability":"In stock"},"schema":{"@context":"https:\/\/schema.org","@graph":[{"@type":"WebPage","@id":"https:\/\/www.tourinto.pt\/product\/damilano-cannubi-riserva-1752\/","url":"https:\/\/www.tourinto.pt\/product\/damilano-cannubi-riserva-1752\/","name":"Damilano Barolo DOCG Cannubi Riserva 1752 - Tourinto Premium Wines","isPartOf":{"@id":"https:\/\/www.tourinto.pt\/#website"},"primaryImageOfPage":{"@id":"https:\/\/www.tourinto.pt\/product\/damilano-cannubi-riserva-1752\/#primaryimage"},"image":{"@id":"https:\/\/www.tourinto.pt\/product\/damilano-cannubi-riserva-1752\/#primaryimage"},"thumbnailUrl":"https:\/\/i0.wp.com\/www.tourinto.pt\/wp-content\/uploads\/2023\/11\/Damilano-Barolo-Riserva-1752-20161.webp?fit=881%2C1400&ssl=1","datePublished":"2023-11-20T22:16:39+00:00","dateModified":"2026-03-04T19:15:28+00:00","description":"Barolo Riserva Cannubi \"1752\" prov\u00eam de uma parcela de 2 hectares, com notas de violeta e frutas vermelhas, alca\u00e7uz, couro e tabaco.\u00a0Robusto e aveludado.","breadcrumb":{"@id":"https:\/\/www.tourinto.pt\/product\/damilano-cannubi-riserva-1752\/#breadcrumb"},"inLanguage":"en-GB","potentialAction":[{"@type":"ReadAction","target":["https:\/\/www.tourinto.pt\/product\/damilano-cannubi-riserva-1752\/"]}]},{"@type":"ImageObject","inLanguage":"en-GB","@id":"https:\/\/www.tourinto.pt\/product\/damilano-cannubi-riserva-1752\/#primaryimage","url":"https:\/\/i0.wp.com\/www.tourinto.pt\/wp-content\/uploads\/2023\/11\/Damilano-Barolo-Riserva-1752-20161.webp?fit=881%2C1400&ssl=1","contentUrl":"https:\/\/i0.wp.com\/www.tourinto.pt\/wp-content\/uploads\/2023\/11\/Damilano-Barolo-Riserva-1752-20161.webp?fit=881%2C1400&ssl=1","width":881,"height":1400,"caption":"Damilano Barolo, Damilano Cannubi, Damilano Canubi Riserva, Damilano Vinho Tinto, Vinho de It\u00e1lia"},{"@type":"BreadcrumbList","@id":"https:\/\/www.tourinto.pt\/product\/damilano-cannubi-riserva-1752\/#breadcrumb","itemListElement":[{"@type":"ListItem","position":1,"name":"In\u00edcio","item":"https:\/\/www.tourinto.pt\/"},{"@type":"ListItem","position":2,"name":"Garrafeira on-line","item":"https:\/\/www.tourinto.pt\/garrafeira-on-line\/"},{"@type":"ListItem","position":3,"name":"Damilano Barolo DOCG Cannubi Riserva 1752"}]},{"@type":"WebSite","@id":"https:\/\/www.tourinto.pt\/#website","url":"https:\/\/www.tourinto.pt\/","name":"Tourinto Premium Wines","description":"Wine Shop online","publisher":{"@id":"https:\/\/www.tourinto.pt\/#organization"},"alternateName":"Garrafeira on-line","potentialAction":[{"@type":"SearchAction","target":{"@type":"EntryPoint","urlTemplate":"https:\/\/www.tourinto.pt\/?s={search_term_string}"},"query-input":{"@type":"PropertyValueSpecification","valueRequired":true,"valueName":"search_term_string"}}],"inLanguage":"en-GB"},{"@type":["Organization","Place"],"@id":"https:\/\/www.tourinto.pt\/#organization","name":"Tourinto","alternateName":"Garrafeira Tourinto, Lda.","url":"https:\/\/www.tourinto.pt\/","logo":{"@id":"https:\/\/www.tourinto.pt\/product\/damilano-cannubi-riserva-1752\/#local-main-organization-logo"},"image":{"@id":"https:\/\/www.tourinto.pt\/product\/damilano-cannubi-riserva-1752\/#local-main-organization-logo"},"sameAs":["https:\/\/www.facebook.com\/garrafeiratourinto","https:\/\/www.instagram.com\/garrafeiratourinto\/"],"telephone":[],"openingHoursSpecification":[{"@type":"OpeningHoursSpecification","dayOfWeek":["Monday","Tuesday","Wednesday","Thursday","Friday","Saturday","Sunday"],"opens":"09:00","closes":"17:00"}]},{"@type":"ImageObject","inLanguage":"en-GB","@id":"https:\/\/www.tourinto.pt\/product\/damilano-cannubi-riserva-1752\/#local-main-organization-logo","url":"https:\/\/i0.wp.com\/www.tourinto.pt\/wp-content\/uploads\/2022\/07\/tourinto-logo-big.png?fit=1400%2C505&ssl=1","contentUrl":"https:\/\/i0.wp.com\/www.tourinto.pt\/wp-content\/uploads\/2022\/07\/tourinto-logo-big.png?fit=1400%2C505&ssl=1","width":1400,"height":505,"caption":"Tourinto"}]},"product_price_amount":"360.00","product_price_currency":"EUR","og_availability":"instock","product_availability":"instock","product_retailer_item_id":"65.01.2016","product_condition":"new"},"jetpack_publicize_connections":[],"jetpack_sharing_enabled":true,"_links":{"self":[{"href":"https:\/\/www.tourinto.pt\/en\/wp-json\/wp\/v2\/product\/7996","targetHints":{"allow":["GET"]}}],"collection":[{"href":"https:\/\/www.tourinto.pt\/en\/wp-json\/wp\/v2\/product"}],"about":[{"href":"https:\/\/www.tourinto.pt\/en\/wp-json\/wp\/v2\/types\/product"}],"replies":[{"embeddable":true,"href":"https:\/\/www.tourinto.pt\/en\/wp-json\/wp\/v2\/comments?post=7996"}],"wp:featuredmedia":[{"embeddable":true,"href":"https:\/\/www.tourinto.pt\/en\/wp-json\/wp\/v2\/media\/13757"}],"wp:attachment":[{"href":"https:\/\/www.tourinto.pt\/en\/wp-json\/wp\/v2\/media?parent=7996"}],"wp:term":[{"taxonomy":"product_brand","embeddable":true,"href":"https:\/\/www.tourinto.pt\/en\/wp-json\/wp\/v2\/product_brand?post=7996"},{"taxonomy":"product_cat","embeddable":true,"href":"https:\/\/www.tourinto.pt\/en\/wp-json\/wp\/v2\/product_cat?post=7996"},{"taxonomy":"product_tag","embeddable":true,"href":"https:\/\/www.tourinto.pt\/en\/wp-json\/wp\/v2\/product_tag?post=7996"}],"curies":[{"name":"wp","href":"https:\/\/api.w.org\/{rel}","templated":true}]}}