{"id":7611,"date":"2023-10-22T09:36:40","date_gmt":"2023-10-22T09:36:40","guid":{"rendered":"https:\/\/www.tourinto.pt\/?post_type=product&#038;p=7611"},"modified":"2025-10-17T07:36:09","modified_gmt":"2025-10-17T07:36:09","slug":"quinta-da-pellada-muleta-tinto","status":"publish","type":"product","link":"https:\/\/www.tourinto.pt\/en\/product\/quinta-da-pellada-muleta-tinto\/","title":{"rendered":"Fifth of Pellada Muleta Red 2020"},"content":{"rendered":"<div class=\"wpb-content-wrapper\"><div data-vc-full-width=\"true\" data-vc-full-width-init=\"false\" class=\"vc_row wpb_row vc_row-fluid vc_custom_1656585076455 vc_row-has-fill\"><div class=\"wpb_column vc_column_container vc_col-sm-12\"><div class=\"vc_column-inner\"><div class=\"wpb_wrapper\"><div class=\"vc_tta-container\" data-vc-action=\"collapse\"><div class=\"vc_general vc_tta vc_tta-tabs vc_tta-color-black vc_tta-style-flat vc_tta-shape-square vc_tta-spacing-1 vc_tta-o-no-fill vc_tta-tabs-position-top vc_tta-controls-align-left\"><div class=\"vc_tta-tabs-container\"><ul class=\"vc_tta-tabs-list\" role=\"tablist\"><li class=\"vc_tta-tab vc_active\" data-vc-tab role=\"presentation\"><a href=\"#1656584484701-0e478312-357c\" data-vc-tabs data-vc-container=\".vc_tta\" role=\"tab\" aria-selected=\"false\" id=\"tab-1656584484701-0e478312-357c\"><i class=\"vc_tta-icon vc-oi vc-oi-article\"><\/i><span class=\"vc_tta-title-text\">Description<\/span><\/a><\/li><\/ul><\/div><div class=\"vc_tta-panels-container\"><div class=\"vc_tta-panels\"><div class=\"vc_tta-panel vc_active\" id=\"1656584484701-0e478312-357c\" data-vc-content=\".vc_tta-panel-body\"><div class=\"vc_tta-panel-heading\"><h4 class=\"vc_tta-panel-title\"><a href=\"#1656584484701-0e478312-357c\" data-vc-accordion data-vc-container=\".vc_tta-container\"><i class=\"vc_tta-icon vc-oi vc-oi-article\"><\/i><span class=\"vc_tta-title-text\">Description<\/span><\/a><\/h4><\/div><div class=\"vc_tta-panel-body\">\n\t<div class=\"wpb_text_column wpb_content_element\" >\n\t\t<div class=\"wpb_wrapper\">\n\t\t\t<p><strong>Quinta da Pellada Muleta Red<\/strong><\/p>\n<p><strong>Grape varieties: <\/strong>Old vineyards with mixed grape varieties.<br \/>\n<strong>Vinification: <\/strong>Fermented in vats with minimal intervention, bottled by gravity without filtration.<br \/>\n<strong>Aging: <\/strong>225-litre barrels aged for 10 years.<br \/>\n<strong>Colour: <\/strong>Ruby.<strong><br \/>\n<\/strong><b>Aroma: <\/b>Very elegant, slightly floral, with notes of wild fruit, as well as some menthol.<br \/>\n<strong>Flavour: <\/strong>Lively and acidic. Fresh fruit and spicy flavours enveloped in a refreshing mineral profile, offering a fragrant, long and very balanced finish.<\/p>\n<hr style=\"border: #b0976d 1px dotted;\" \/>\n<p><strong>Serve:<\/strong> 16 to 18\u2070<br \/>\n<strong>Consumption: <\/strong>Immediate or storage.<\/p>\n<hr style=\"border: #b0976d 1px dotted;\" \/>\n<p><strong>Harmonisation: <\/strong>Red meat, roasted or grilled.<\/p>\n<hr style=\"border: #b0976d 1px dotted;\" \/>\n<p><strong>Producer: <\/strong><a href=\"https:\/\/www.tourinto.pt\/en\/produtores\/dao\/quinta-da-pellada\/\">Quinta da Pellada<\/a><\/p>\n<p><strong>Enology: <\/strong>Alvaro Castro<\/p>\n<p><strong>Category:<\/strong> Portuguese Wines \u2013 <a href=\"https:\/\/www.tourinto.pt\/en\/portugal\/vinhos-do-dao\/\">D\u00e3o<\/a><\/p>\n<p><strong>Awards and Notes:\u00a0<\/strong><\/p>\n<ul>\n<li><strong>Robert Parker<\/strong> <strong>&#8211;<\/strong> 95\/100 (2020)<\/li>\n<li><strong>James Suckling \u2013 <\/strong>95\/100 (2020)<\/li>\n<li><strong>Jancis Robinson &#8211; <\/strong>17,5\/20 (2020)<\/li>\n<\/ul>\n<p><a href=\"https:\/\/www.quintadapellada.com\/\"><span style=\"color: #f1f1f1;\">the fifth of the pellada<\/span><\/a><\/p>\n\n\t\t<\/div>\n\t<\/div>\n<\/div><\/div><\/div><\/div><\/div><\/div><\/div><\/div><\/div><\/div><div class=\"vc_row-full-width vc_clearfix\"><\/div><div data-vc-full-width=\"true\" data-vc-full-width-init=\"false\" data-vc-stretch-content=\"true\" class=\"vc_row wpb_row vc_row-fluid vc_custom_1668610564009 vc_row-no-padding\"><div class=\"wpb_column vc_column_container vc_col-sm-12\"><div class=\"vc_column-inner\"><div class=\"wpb_wrapper\">\n<div class=\"vc_grid-container-wrapper vc_clearfix vc_grid-animation-fadeIn\">\n\t<div class=\"vc_grid-container vc_clearfix wpb_content_element vc_media_grid\" data-initial-loading-animation=\"fadeIn\" data-vc-grid-settings=\"{&quot;page_id&quot;:7611,&quot;style&quot;:&quot;all&quot;,&quot;action&quot;:&quot;vc_get_vc_grid_data&quot;,&quot;shortcode_id&quot;:&quot;1760683685618-f1db9b07-93ad-5&quot;,&quot;tag&quot;:&quot;vc_media_grid&quot;}\" data-vc-request=\"https:\/\/www.tourinto.pt\/wp-admin\/admin-ajax.php\" data-vc-post-id=\"7611\" data-vc-public-nonce=\"b902f86529\">\n\t\t\n\t<\/div>\n<\/div><\/div><\/div><\/div><\/div><div class=\"vc_row-full-width vc_clearfix\"><\/div>\n<\/div>","protected":false},"excerpt":{"rendered":"<p style=\"text-align: left;\">Quinta da Pellada Muleta Tinto \u00e9 o resultado do esfor\u00e7o para conseguir conservar o patrim\u00f3nio gen\u00e9tico que existe na regi\u00e3o do D\u00e3o. De interven\u00e7\u00e3o minimalista, apresenta aromas muito elegantes e ligeiramente florais, para al\u00e9m de notas de fruta silvestre e alguns mentolados. Na boca, mostra-se vivo assim como com acidez viva.<\/p>\n<p style=\"text-align: left;\">Saiba mais sobre a <a href=\"https:\/\/www.tourinto.pt\/produtores\/dao\/quinta-da-pellada\/\">Quinta da Pellada<\/a>.<\/p>\n[contact-form-7 id=\"4433d5d\" title=\"nota Uni\u00e3o Europeia\"]\n","protected":false},"featured_media":14948,"comment_status":"closed","ping_status":"closed","template":"","meta":{"_acf_changed":false,"_joinchat":[],"jetpack_publicize_message":"","jetpack_publicize_feature_enabled":true,"jetpack_social_post_already_shared":true,"jetpack_social_options":{"image_generator_settings":{"template":"highway","default_image_id":0,"font":"","enabled":false},"version":2}},"product_brand":[],"product_cat":[1058,17,363,297,424,84,100,81,44,383],"product_tag":[294,417,372,65,56],"class_list":{"0":"post-7611","1":"product","2":"type-product","3":"status-publish","4":"has-post-thumbnail","6":"product_cat-vinhas-velhas","7":"product_cat-vinho-tinto","8":"product_cat-biologico","9":"product_cat-minima-intervencao","10":"product_cat-vinhos-portugal","11":"product_cat-dao","12":"product_cat-tipologia","13":"product_cat-regiao","14":"product_cat-produtores","15":"product_cat-quinta-da-pellada","16":"product_tag-minima-intervencao","17":"product_tag-biologico","18":"product_tag-vinho-tinto","19":"product_tag-vinhas-velhas","20":"product_tag-dao","21":"pa_ano-32","22":"pa_castas-vinhas-velhas","23":"pa_categoria-vinhos-portugueses","24":"pa_enologia-alvaro-de-castro","25":"pa_harmonizacao-carnes-vermelhas","26":"pa_harmonizacao-caca","27":"pa_leveduras-indigenas","28":"pa_produtor-quinta-da-pellada","29":"pa_regiao-dao","30":"pa_tipologia-vinho-tinto","31":"pa_vinificacao-minima-intervencao","32":"pa_viticultura-sustentavel-principios-biologicos","33":"pa_volume-750ml","35":"first","36":"instock","37":"taxable","38":"shipping-taxable","39":"purchasable","40":"product-type-simple"},"acf":[],"yoast_head":"<!-- This site is optimized with the Yoast SEO Premium plugin v27.3 (Yoast SEO v27.4) - https:\/\/yoast.com\/product\/yoast-seo-premium-wordpress\/ -->\n<title>Quinta da Pellada Muleta Tinto 2020 - Tourinto Premium Wines<\/title>\n<meta name=\"description\" content=\"Quinta da Pellada Muleta \u00e9 o resultado do esfor\u00e7o para conseguir conservar o patrim\u00f3nio gen\u00e9tico que existe na regi\u00e3o do D\u00e3o, de intreven\u00e7\u00e3o minilismalista\" \/>\n<meta name=\"robots\" content=\"index, follow, max-snippet:-1, max-image-preview:large, max-video-preview:-1\" \/>\n<link rel=\"canonical\" href=\"https:\/\/www.tourinto.pt\/en\/product\/quinta-da-pellada-muleta-tinto\/\" \/>\n<meta property=\"og:locale\" content=\"en_GB\" \/>\n<meta property=\"og:type\" content=\"article\" \/>\n<meta property=\"og:title\" content=\"Quinta da Pellada Muleta Tinto 2020\" \/>\n<meta property=\"og:description\" content=\"Quinta da Pellada Muleta \u00e9 o resultado do esfor\u00e7o para conseguir conservar o patrim\u00f3nio gen\u00e9tico que existe na regi\u00e3o do D\u00e3o, de intreven\u00e7\u00e3o minilismalista\" \/>\n<meta property=\"og:url\" content=\"https:\/\/www.tourinto.pt\/en\/product\/quinta-da-pellada-muleta-tinto\/\" \/>\n<meta property=\"og:site_name\" content=\"Tourinto Premium Wines\" \/>\n<meta property=\"article:publisher\" content=\"https:\/\/www.facebook.com\/garrafeiratourinto\" \/>\n<meta property=\"article:modified_time\" content=\"2025-10-17T07:36:09+00:00\" \/>\n<meta property=\"og:image\" content=\"https:\/\/www.tourinto.pt\/wp-content\/uploads\/2023\/10\/Quinta-da-Pellada-Muleta-Tinto.webp\" \/>\n\t<meta property=\"og:image:width\" content=\"881\" \/>\n\t<meta property=\"og:image:height\" content=\"1400\" \/>\n\t<meta property=\"og:image:type\" content=\"image\/webp\" \/>\n<meta name=\"twitter:card\" content=\"summary_large_image\" \/>\n<meta name=\"twitter:label1\" content=\"Price\" \/>\n\t<meta name=\"twitter:data1\" content=\"86,50&nbsp;&euro;\" \/>\n\t<meta name=\"twitter:label2\" content=\"Availability\" \/>\n\t<meta name=\"twitter:data2\" content=\"In stock\" \/>\n<script type=\"application\/ld+json\" class=\"yoast-schema-graph\">{\"@context\":\"https:\\\/\\\/schema.org\",\"@graph\":[{\"@type\":\"WebPage\",\"@id\":\"https:\\\/\\\/www.tourinto.pt\\\/product\\\/quinta-da-pellada-muleta-tinto\\\/\",\"url\":\"https:\\\/\\\/www.tourinto.pt\\\/product\\\/quinta-da-pellada-muleta-tinto\\\/\",\"name\":\"Quinta da Pellada Muleta Tinto 2020 - Tourinto Premium Wines\",\"isPartOf\":{\"@id\":\"https:\\\/\\\/www.tourinto.pt\\\/#website\"},\"primaryImageOfPage\":{\"@id\":\"https:\\\/\\\/www.tourinto.pt\\\/product\\\/quinta-da-pellada-muleta-tinto\\\/#primaryimage\"},\"image\":{\"@id\":\"https:\\\/\\\/www.tourinto.pt\\\/product\\\/quinta-da-pellada-muleta-tinto\\\/#primaryimage\"},\"thumbnailUrl\":\"https:\\\/\\\/i0.wp.com\\\/www.tourinto.pt\\\/wp-content\\\/uploads\\\/2023\\\/10\\\/Quinta-da-Pellada-Muleta-Tinto.webp?fit=881%2C1400&ssl=1\",\"datePublished\":\"2023-10-22T09:36:40+00:00\",\"dateModified\":\"2025-10-17T07:36:09+00:00\",\"description\":\"Quinta da Pellada Muleta \u00e9 o resultado do esfor\u00e7o para conseguir conservar o patrim\u00f3nio gen\u00e9tico que existe na regi\u00e3o do D\u00e3o, de intreven\u00e7\u00e3o minilismalista\",\"breadcrumb\":{\"@id\":\"https:\\\/\\\/www.tourinto.pt\\\/product\\\/quinta-da-pellada-muleta-tinto\\\/#breadcrumb\"},\"inLanguage\":\"en-GB\",\"potentialAction\":[{\"@type\":\"ReadAction\",\"target\":[\"https:\\\/\\\/www.tourinto.pt\\\/product\\\/quinta-da-pellada-muleta-tinto\\\/\"]}]},{\"@type\":\"ImageObject\",\"inLanguage\":\"en-GB\",\"@id\":\"https:\\\/\\\/www.tourinto.pt\\\/product\\\/quinta-da-pellada-muleta-tinto\\\/#primaryimage\",\"url\":\"https:\\\/\\\/i0.wp.com\\\/www.tourinto.pt\\\/wp-content\\\/uploads\\\/2023\\\/10\\\/Quinta-da-Pellada-Muleta-Tinto.webp?fit=881%2C1400&ssl=1\",\"contentUrl\":\"https:\\\/\\\/i0.wp.com\\\/www.tourinto.pt\\\/wp-content\\\/uploads\\\/2023\\\/10\\\/Quinta-da-Pellada-Muleta-Tinto.webp?fit=881%2C1400&ssl=1\",\"width\":881,\"height\":1400,\"caption\":\"Muleta Vinho Tinto, Muleta Pellada Tinto, Pellada Tinto Muleta, Quinta da Pellada Tinto, Vinho Tinto Muleta\"},{\"@type\":\"BreadcrumbList\",\"@id\":\"https:\\\/\\\/www.tourinto.pt\\\/product\\\/quinta-da-pellada-muleta-tinto\\\/#breadcrumb\",\"itemListElement\":[{\"@type\":\"ListItem\",\"position\":1,\"name\":\"In\u00edcio\",\"item\":\"https:\\\/\\\/www.tourinto.pt\\\/\"},{\"@type\":\"ListItem\",\"position\":2,\"name\":\"Garrafeira on-line\",\"item\":\"https:\\\/\\\/www.tourinto.pt\\\/garrafeira-on-line\\\/\"},{\"@type\":\"ListItem\",\"position\":3,\"name\":\"Quinta da Pellada Muleta Tinto 2020\"}]},{\"@type\":\"WebSite\",\"@id\":\"https:\\\/\\\/www.tourinto.pt\\\/#website\",\"url\":\"https:\\\/\\\/www.tourinto.pt\\\/\",\"name\":\"Tourinto Premium Wines\",\"description\":\"Garrafeira on-line\",\"publisher\":{\"@id\":\"https:\\\/\\\/www.tourinto.pt\\\/#organization\"},\"alternateName\":\"Garrafeira on-line\",\"potentialAction\":[{\"@type\":\"SearchAction\",\"target\":{\"@type\":\"EntryPoint\",\"urlTemplate\":\"https:\\\/\\\/www.tourinto.pt\\\/?s={search_term_string}\"},\"query-input\":{\"@type\":\"PropertyValueSpecification\",\"valueRequired\":true,\"valueName\":\"search_term_string\"}}],\"inLanguage\":\"en-GB\"},{\"@type\":[\"Organization\",\"Place\"],\"@id\":\"https:\\\/\\\/www.tourinto.pt\\\/#organization\",\"name\":\"Tourinto\",\"alternateName\":\"Garrafeira Tourinto, Lda.\",\"url\":\"https:\\\/\\\/www.tourinto.pt\\\/\",\"logo\":{\"@id\":\"https:\\\/\\\/www.tourinto.pt\\\/product\\\/quinta-da-pellada-muleta-tinto\\\/#local-main-organization-logo\"},\"image\":{\"@id\":\"https:\\\/\\\/www.tourinto.pt\\\/product\\\/quinta-da-pellada-muleta-tinto\\\/#local-main-organization-logo\"},\"sameAs\":[\"https:\\\/\\\/www.facebook.com\\\/garrafeiratourinto\",\"https:\\\/\\\/www.instagram.com\\\/garrafeiratourinto\\\/\"],\"telephone\":[],\"openingHoursSpecification\":[{\"@type\":\"OpeningHoursSpecification\",\"dayOfWeek\":[\"Monday\",\"Tuesday\",\"Wednesday\",\"Thursday\",\"Friday\",\"Saturday\",\"Sunday\"],\"opens\":\"09:00\",\"closes\":\"17:00\"}]},{\"@type\":\"ImageObject\",\"inLanguage\":\"en-GB\",\"@id\":\"https:\\\/\\\/www.tourinto.pt\\\/product\\\/quinta-da-pellada-muleta-tinto\\\/#local-main-organization-logo\",\"url\":\"https:\\\/\\\/i0.wp.com\\\/www.tourinto.pt\\\/wp-content\\\/uploads\\\/2022\\\/07\\\/tourinto-logo-big.png?fit=1400%2C505&ssl=1\",\"contentUrl\":\"https:\\\/\\\/i0.wp.com\\\/www.tourinto.pt\\\/wp-content\\\/uploads\\\/2022\\\/07\\\/tourinto-logo-big.png?fit=1400%2C505&ssl=1\",\"width\":1400,\"height\":505,\"caption\":\"Tourinto\"}]}<\/script>\n<meta property=\"product:price:amount\" content=\"86.50\" \/>\n<meta property=\"product:price:currency\" content=\"EUR\" \/>\n<meta property=\"og:availability\" content=\"instock\" \/>\n<meta property=\"product:availability\" content=\"instock\" \/>\n<meta property=\"product:retailer_item_id\" content=\"63.03.2020\" \/>\n<meta property=\"product:condition\" content=\"new\" \/>\n<!-- \/ Yoast SEO Premium plugin. -->","yoast_head_json":{"title":"Quinta da Pellada Muleta Tinto 2020 - Tourinto Premium Wines","description":"Quinta da Pellada Muleta \u00e9 o resultado do esfor\u00e7o para conseguir conservar o patrim\u00f3nio gen\u00e9tico que existe na regi\u00e3o do D\u00e3o, de intreven\u00e7\u00e3o minilismalista","robots":{"index":"index","follow":"follow","max-snippet":"max-snippet:-1","max-image-preview":"max-image-preview:large","max-video-preview":"max-video-preview:-1"},"canonical":"https:\/\/www.tourinto.pt\/en\/product\/quinta-da-pellada-muleta-tinto\/","og_locale":"en_GB","og_type":"article","og_title":"Quinta da Pellada Muleta Tinto 2020","og_description":"Quinta da Pellada Muleta \u00e9 o resultado do esfor\u00e7o para conseguir conservar o patrim\u00f3nio gen\u00e9tico que existe na regi\u00e3o do D\u00e3o, de intreven\u00e7\u00e3o minilismalista","og_url":"https:\/\/www.tourinto.pt\/en\/product\/quinta-da-pellada-muleta-tinto\/","og_site_name":"Tourinto Premium Wines","article_publisher":"https:\/\/www.facebook.com\/garrafeiratourinto","article_modified_time":"2025-10-17T07:36:09+00:00","og_image":[{"width":881,"height":1400,"url":"https:\/\/www.tourinto.pt\/wp-content\/uploads\/2023\/10\/Quinta-da-Pellada-Muleta-Tinto.webp","type":"image\/webp"}],"twitter_card":"summary_large_image","twitter_misc":{"Price":"86,50&nbsp;&euro;","Availability":"In stock"},"schema":{"@context":"https:\/\/schema.org","@graph":[{"@type":"WebPage","@id":"https:\/\/www.tourinto.pt\/product\/quinta-da-pellada-muleta-tinto\/","url":"https:\/\/www.tourinto.pt\/product\/quinta-da-pellada-muleta-tinto\/","name":"Quinta da Pellada Muleta Tinto 2020 - Tourinto Premium Wines","isPartOf":{"@id":"https:\/\/www.tourinto.pt\/#website"},"primaryImageOfPage":{"@id":"https:\/\/www.tourinto.pt\/product\/quinta-da-pellada-muleta-tinto\/#primaryimage"},"image":{"@id":"https:\/\/www.tourinto.pt\/product\/quinta-da-pellada-muleta-tinto\/#primaryimage"},"thumbnailUrl":"https:\/\/i0.wp.com\/www.tourinto.pt\/wp-content\/uploads\/2023\/10\/Quinta-da-Pellada-Muleta-Tinto.webp?fit=881%2C1400&ssl=1","datePublished":"2023-10-22T09:36:40+00:00","dateModified":"2025-10-17T07:36:09+00:00","description":"Quinta da Pellada Muleta \u00e9 o resultado do esfor\u00e7o para conseguir conservar o patrim\u00f3nio gen\u00e9tico que existe na regi\u00e3o do D\u00e3o, de intreven\u00e7\u00e3o minilismalista","breadcrumb":{"@id":"https:\/\/www.tourinto.pt\/product\/quinta-da-pellada-muleta-tinto\/#breadcrumb"},"inLanguage":"en-GB","potentialAction":[{"@type":"ReadAction","target":["https:\/\/www.tourinto.pt\/product\/quinta-da-pellada-muleta-tinto\/"]}]},{"@type":"ImageObject","inLanguage":"en-GB","@id":"https:\/\/www.tourinto.pt\/product\/quinta-da-pellada-muleta-tinto\/#primaryimage","url":"https:\/\/i0.wp.com\/www.tourinto.pt\/wp-content\/uploads\/2023\/10\/Quinta-da-Pellada-Muleta-Tinto.webp?fit=881%2C1400&ssl=1","contentUrl":"https:\/\/i0.wp.com\/www.tourinto.pt\/wp-content\/uploads\/2023\/10\/Quinta-da-Pellada-Muleta-Tinto.webp?fit=881%2C1400&ssl=1","width":881,"height":1400,"caption":"Muleta Vinho Tinto, Muleta Pellada Tinto, Pellada Tinto Muleta, Quinta da Pellada Tinto, Vinho Tinto Muleta"},{"@type":"BreadcrumbList","@id":"https:\/\/www.tourinto.pt\/product\/quinta-da-pellada-muleta-tinto\/#breadcrumb","itemListElement":[{"@type":"ListItem","position":1,"name":"In\u00edcio","item":"https:\/\/www.tourinto.pt\/"},{"@type":"ListItem","position":2,"name":"Garrafeira on-line","item":"https:\/\/www.tourinto.pt\/garrafeira-on-line\/"},{"@type":"ListItem","position":3,"name":"Quinta da Pellada Muleta Tinto 2020"}]},{"@type":"WebSite","@id":"https:\/\/www.tourinto.pt\/#website","url":"https:\/\/www.tourinto.pt\/","name":"Tourinto Premium Wines","description":"Wine Shop online","publisher":{"@id":"https:\/\/www.tourinto.pt\/#organization"},"alternateName":"Garrafeira on-line","potentialAction":[{"@type":"SearchAction","target":{"@type":"EntryPoint","urlTemplate":"https:\/\/www.tourinto.pt\/?s={search_term_string}"},"query-input":{"@type":"PropertyValueSpecification","valueRequired":true,"valueName":"search_term_string"}}],"inLanguage":"en-GB"},{"@type":["Organization","Place"],"@id":"https:\/\/www.tourinto.pt\/#organization","name":"Tourinto","alternateName":"Garrafeira Tourinto, Lda.","url":"https:\/\/www.tourinto.pt\/","logo":{"@id":"https:\/\/www.tourinto.pt\/product\/quinta-da-pellada-muleta-tinto\/#local-main-organization-logo"},"image":{"@id":"https:\/\/www.tourinto.pt\/product\/quinta-da-pellada-muleta-tinto\/#local-main-organization-logo"},"sameAs":["https:\/\/www.facebook.com\/garrafeiratourinto","https:\/\/www.instagram.com\/garrafeiratourinto\/"],"telephone":[],"openingHoursSpecification":[{"@type":"OpeningHoursSpecification","dayOfWeek":["Monday","Tuesday","Wednesday","Thursday","Friday","Saturday","Sunday"],"opens":"09:00","closes":"17:00"}]},{"@type":"ImageObject","inLanguage":"en-GB","@id":"https:\/\/www.tourinto.pt\/product\/quinta-da-pellada-muleta-tinto\/#local-main-organization-logo","url":"https:\/\/i0.wp.com\/www.tourinto.pt\/wp-content\/uploads\/2022\/07\/tourinto-logo-big.png?fit=1400%2C505&ssl=1","contentUrl":"https:\/\/i0.wp.com\/www.tourinto.pt\/wp-content\/uploads\/2022\/07\/tourinto-logo-big.png?fit=1400%2C505&ssl=1","width":1400,"height":505,"caption":"Tourinto"}]},"product_price_amount":"86.50","product_price_currency":"EUR","og_availability":"instock","product_availability":"instock","product_retailer_item_id":"63.03.2020","product_condition":"new"},"jetpack_publicize_connections":[],"jetpack_sharing_enabled":true,"_links":{"self":[{"href":"https:\/\/www.tourinto.pt\/en\/wp-json\/wp\/v2\/product\/7611","targetHints":{"allow":["GET"]}}],"collection":[{"href":"https:\/\/www.tourinto.pt\/en\/wp-json\/wp\/v2\/product"}],"about":[{"href":"https:\/\/www.tourinto.pt\/en\/wp-json\/wp\/v2\/types\/product"}],"replies":[{"embeddable":true,"href":"https:\/\/www.tourinto.pt\/en\/wp-json\/wp\/v2\/comments?post=7611"}],"wp:featuredmedia":[{"embeddable":true,"href":"https:\/\/www.tourinto.pt\/en\/wp-json\/wp\/v2\/media\/14948"}],"wp:attachment":[{"href":"https:\/\/www.tourinto.pt\/en\/wp-json\/wp\/v2\/media?parent=7611"}],"wp:term":[{"taxonomy":"product_brand","embeddable":true,"href":"https:\/\/www.tourinto.pt\/en\/wp-json\/wp\/v2\/product_brand?post=7611"},{"taxonomy":"product_cat","embeddable":true,"href":"https:\/\/www.tourinto.pt\/en\/wp-json\/wp\/v2\/product_cat?post=7611"},{"taxonomy":"product_tag","embeddable":true,"href":"https:\/\/www.tourinto.pt\/en\/wp-json\/wp\/v2\/product_tag?post=7611"}],"curies":[{"name":"wp","href":"https:\/\/api.w.org\/{rel}","templated":true}]}}