{"id":7369,"date":"2023-09-27T21:26:40","date_gmt":"2023-09-27T21:26:40","guid":{"rendered":"https:\/\/www.tourinto.pt\/?post_type=product&#038;p=7369"},"modified":"2026-03-16T22:39:28","modified_gmt":"2026-03-16T22:39:28","slug":"pegaso-grande-reserva-branco","status":"publish","type":"product","link":"https:\/\/www.tourinto.pt\/en\/product\/pegaso-grande-reserva-branco\/","title":{"rendered":"P\u00e9gaso Grande Reserva White 2022"},"content":{"rendered":"<div class=\"wpb-content-wrapper\"><div data-vc-full-width=\"true\" data-vc-full-width-init=\"false\" class=\"vc_row wpb_row vc_row-fluid vc_custom_1656585076455 vc_row-has-fill\"><div class=\"wpb_column vc_column_container vc_col-sm-12\"><div class=\"vc_column-inner\"><div class=\"wpb_wrapper\"><div class=\"vc_tta-container\" data-vc-action=\"collapse\"><div class=\"vc_general vc_tta vc_tta-tabs vc_tta-color-black vc_tta-style-flat vc_tta-shape-square vc_tta-spacing-1 vc_tta-o-no-fill vc_tta-tabs-position-top vc_tta-controls-align-left\"><div class=\"vc_tta-tabs-container\"><ul class=\"vc_tta-tabs-list\" role=\"tablist\"><li class=\"vc_tta-tab vc_active\" data-vc-tab role=\"presentation\"><a href=\"#1656584484701-0e478312-357c\" data-vc-tabs data-vc-container=\".vc_tta\" role=\"tab\" aria-selected=\"false\" id=\"tab-1656584484701-0e478312-357c\"><i class=\"vc_tta-icon vc-oi vc-oi-article\"><\/i><span class=\"vc_tta-title-text\">Description<\/span><\/a><\/li><\/ul><\/div><div class=\"vc_tta-panels-container\"><div class=\"vc_tta-panels\"><div class=\"vc_tta-panel vc_active\" id=\"1656584484701-0e478312-357c\" data-vc-content=\".vc_tta-panel-body\"><div class=\"vc_tta-panel-heading\"><h4 class=\"vc_tta-panel-title\"><a href=\"#1656584484701-0e478312-357c\" data-vc-accordion data-vc-container=\".vc_tta-container\"><i class=\"vc_tta-icon vc-oi vc-oi-article\"><\/i><span class=\"vc_tta-title-text\">Description<\/span><\/a><\/h4><\/div><div class=\"vc_tta-panel-body\">\n\t<div class=\"wpb_text_column wpb_content_element\" >\n\t\t<div class=\"wpb_wrapper\">\n\t\t\t<p><strong>P\u00e9gaso Grande Reserva White 2022<\/strong><\/p>\n<p><strong>Grape varieties: <\/strong>Arinto 100%<br \/>\n<b>Vinification: <\/b>Cold pre-fermentation maceration, followed by fermentation in new 600 litre barrels at a controlled temperature.<br \/>\n<strong>Aging: <\/strong>12 months in barrel with weekly battonage.<br \/>\n<strong>Colour: <\/strong>Crystalline yellow.<strong><br \/>\n<\/strong><b>Aroma:\u00a0<\/b>A harmonious blend of extremely high-quality barrels with the grape variety's primary fruit, notes of lime and orange peel, as well as some vegetal flavours.<br \/>\n<strong>Flavour: <\/strong>A wine where you can feel the tannins, with structure, unctuous, creamy and with crunchy acidity.<\/p>\n<hr style=\"border: #b0976d 1px dotted;\" \/>\n<p><strong>Serve:<\/strong> 12\u2070 to 14\u2070<br \/>\n<strong>Consumption: <\/strong>Immediate or storage.<\/p>\n<hr style=\"border: #b0976d 1px dotted;\" \/>\n<p><strong>Harmonisation: <\/strong>White meat dishes, baked fish and game.<\/p>\n<hr style=\"border: #b0976d 1px dotted;\" \/>\n<p><strong>Producer:\u00a0<\/strong><a href=\"https:\/\/www.tourinto.pt\/en\/produtores\/alentejo\/fabio-fernandes\/\">F\u00e1bio Fernanades<\/a><\/p>\n<p><strong>Enology: <\/strong>Fabio Fernandes<\/p>\n<p><strong>Category: <\/strong>Portuguese Wines \u2013 <a href=\"https:\/\/www.tourinto.pt\/en\/portugal\/vinhos-do-alentejo\/\">Alentejo<\/a><\/p>\n<p><strong>No. of Bottles:<\/strong> 711<\/p>\n<p><strong>Awards and Notes:<\/strong><\/p>\n<ul>\n<li><strong>Great Choices<\/strong> &#8211; 17\/20 (2022)<\/li>\n<\/ul>\n<p><a href=\"https:\/\/couteiro-mor.pt\/\"><span style=\"color: #f1f1f1;\">fabio fernandes<\/span><\/a><\/p>\n\n\t\t<\/div>\n\t<\/div>\n<\/div><\/div><\/div><\/div><\/div><\/div><\/div><\/div><\/div><\/div><div class=\"vc_row-full-width vc_clearfix\"><\/div><div data-vc-full-width=\"true\" data-vc-full-width-init=\"false\" data-vc-stretch-content=\"true\" class=\"vc_row wpb_row vc_row-fluid vc_custom_1668610564009 vc_row-no-padding\"><div class=\"wpb_column vc_column_container vc_col-sm-12\"><div class=\"vc_column-inner\"><div class=\"wpb_wrapper\">\n<div class=\"vc_grid-container-wrapper vc_clearfix vc_grid-animation-fadeIn\">\n\t<div class=\"vc_grid-container vc_clearfix wpb_content_element vc_media_grid\" data-initial-loading-animation=\"fadeIn\" data-vc-grid-settings=\"{&quot;page_id&quot;:7369,&quot;style&quot;:&quot;all&quot;,&quot;action&quot;:&quot;vc_get_vc_grid_data&quot;,&quot;shortcode_id&quot;:&quot;1757071293111-007a0add-571d-1&quot;,&quot;tag&quot;:&quot;vc_media_grid&quot;}\" data-vc-request=\"https:\/\/www.tourinto.pt\/wp-admin\/admin-ajax.php\" data-vc-post-id=\"7369\" data-vc-public-nonce=\"d4ccd258dc\">\n\t\t\n\t<\/div>\n<\/div><\/div><\/div><\/div><\/div><div class=\"vc_row-full-width vc_clearfix\"><\/div>\n<\/div>","protected":false},"excerpt":{"rendered":"<p class=\"ai-optimize-9\">P\u00e9gaso Grande Reserva Branco \u00e9 um 100% Arinto de uvas apanhadas \u00e1 mao e criteriosamente selecionadas. Um vinho \u00a0poderoso, com acidez crocante, de estrutura assinal\u00e1vel e final intermin\u00e1vel, bem como assinatura de F\u00e1bio Fernandes.<\/p>\n<p class=\"ai-optimize-10\">Saiba mais sobre <a href=\"https:\/\/www.tourinto.pt\/produtores\/alentejo\/fabio-fernandes\/\">F\u00e1bio Fernandes<\/a>.<\/p>\n<p class=\"ai-optimize-11\">[contact-form-7 id=\"4433d5d\" title=\"nota Uni\u00e3o Europeia\"]<\/p>\n","protected":false},"featured_media":13840,"comment_status":"closed","ping_status":"closed","template":"","meta":{"_acf_changed":false,"_joinchat":[],"jetpack_publicize_message":"","jetpack_publicize_feature_enabled":true,"jetpack_social_post_already_shared":true,"jetpack_social_options":{"image_generator_settings":{"template":"highway","default_image_id":0,"font":"","enabled":false},"version":2}},"product_brand":[],"product_cat":[1471,18,1059,297,83,424,433,392,100,81,44,142],"product_tag":[294,373,170,71,39],"class_list":{"0":"post-7369","1":"product","2":"type-product","3":"status-publish","4":"has-post-thumbnail","6":"product_cat-produtores-pequenos","7":"product_cat-vinho-branco","8":"product_cat-arinto","9":"product_cat-minima-intervencao","10":"product_cat-alentejo","11":"product_cat-vinhos-portugal","12":"product_cat-curtimenta","13":"product_cat-pequenos-produtores","14":"product_cat-tipologia","15":"product_cat-regiao","16":"product_cat-produtores","17":"product_cat-fabio-fernandes","18":"product_tag-minima-intervencao","19":"product_tag-vinho-branco","20":"product_tag-curtimenta","21":"product_tag-arinto","22":"product_tag-alentejo","23":"pa_ano-336","24":"pa_castas-arinto","25":"pa_categoria-vinhos-portugueses","26":"pa_enologia-fabio-fernandes","27":"pa_harmonizacao-carnes-brancas","28":"pa_harmonizacao-caca","29":"pa_harmonizacao-peixe-no-forno","30":"pa_leveduras-indigenas","31":"pa_produtor-fabio-fernandes","32":"pa_regiao-alentejo","33":"pa_tipologia-vinho-branco","34":"pa_vinificacao-minima-intervencao","35":"pa_viticultura-sustentavel","36":"pa_volume-750ml","38":"first","39":"instock","40":"taxable","41":"shipping-taxable","42":"purchasable","43":"product-type-simple"},"acf":[],"yoast_head":"<!-- This site is optimized with the Yoast SEO Premium plugin v27.6 (Yoast SEO v27.6) - https:\/\/yoast.com\/product\/yoast-seo-premium-wordpress\/ -->\n<title>P\u00e9gaso Grande Reserva Branco 2022 - Tourinto Premium Wines<\/title>\n<meta name=\"description\" content=\"P\u00e9gaso Grande Reserva Branco \u00e9 um 100% Arinto. Um vinho \u00a0poderoso, com acidez crocante, de estrutura assinal\u00e1vel e final Intermin\u00e1vel.\" \/>\n<meta name=\"robots\" content=\"index, follow, max-snippet:-1, max-image-preview:large, max-video-preview:-1\" \/>\n<link rel=\"canonical\" href=\"https:\/\/www.tourinto.pt\/en\/product\/pegaso-grande-reserva-branco\/\" \/>\n<meta property=\"og:locale\" content=\"en_GB\" \/>\n<meta property=\"og:type\" content=\"article\" \/>\n<meta property=\"og:title\" content=\"P\u00e9gaso Grande Reserva Branco 2022\" \/>\n<meta property=\"og:description\" content=\"P\u00e9gaso Grande Reserva Branco \u00e9 um 100% Arinto. Um vinho \u00a0poderoso, com acidez crocante, de estrutura assinal\u00e1vel e final Intermin\u00e1vel.\" \/>\n<meta property=\"og:url\" content=\"https:\/\/www.tourinto.pt\/en\/product\/pegaso-grande-reserva-branco\/\" \/>\n<meta property=\"og:site_name\" content=\"Tourinto Premium Wines\" \/>\n<meta property=\"article:publisher\" content=\"https:\/\/www.facebook.com\/garrafeiratourinto\" \/>\n<meta property=\"article:modified_time\" content=\"2026-03-16T22:39:28+00:00\" \/>\n<meta property=\"og:image\" content=\"https:\/\/www.tourinto.pt\/wp-content\/uploads\/2025\/05\/Pegaso-Grande-Reserva-Branco.webp\" \/>\n\t<meta property=\"og:image:width\" content=\"881\" \/>\n\t<meta property=\"og:image:height\" content=\"1400\" \/>\n\t<meta property=\"og:image:type\" content=\"image\/webp\" \/>\n<meta name=\"twitter:card\" content=\"summary_large_image\" \/>\n<meta name=\"twitter:label1\" content=\"Price\" \/>\n\t<meta name=\"twitter:data1\" content=\"38,00&nbsp;&euro;\" \/>\n\t<meta name=\"twitter:label2\" content=\"Availability\" \/>\n\t<meta name=\"twitter:data2\" content=\"In stock\" \/>\n<script type=\"application\/ld+json\" class=\"yoast-schema-graph\">{\"@context\":\"https:\\\/\\\/schema.org\",\"@graph\":[{\"@type\":\"WebPage\",\"@id\":\"https:\\\/\\\/www.tourinto.pt\\\/product\\\/pegaso-grande-reserva-branco\\\/\",\"url\":\"https:\\\/\\\/www.tourinto.pt\\\/product\\\/pegaso-grande-reserva-branco\\\/\",\"name\":\"P\u00e9gaso Grande Reserva Branco 2022 - Tourinto Premium Wines\",\"isPartOf\":{\"@id\":\"https:\\\/\\\/www.tourinto.pt\\\/#website\"},\"primaryImageOfPage\":{\"@id\":\"https:\\\/\\\/www.tourinto.pt\\\/product\\\/pegaso-grande-reserva-branco\\\/#primaryimage\"},\"image\":{\"@id\":\"https:\\\/\\\/www.tourinto.pt\\\/product\\\/pegaso-grande-reserva-branco\\\/#primaryimage\"},\"thumbnailUrl\":\"https:\\\/\\\/i0.wp.com\\\/www.tourinto.pt\\\/wp-content\\\/uploads\\\/2025\\\/05\\\/Pegaso-Grande-Reserva-Branco.webp?fit=881%2C1400&ssl=1\",\"datePublished\":\"2023-09-27T21:26:40+00:00\",\"dateModified\":\"2026-03-16T22:39:28+00:00\",\"description\":\"P\u00e9gaso Grande Reserva Branco \u00e9 um 100% Arinto. Um vinho \u00a0poderoso, com acidez crocante, de estrutura assinal\u00e1vel e final Intermin\u00e1vel.\",\"breadcrumb\":{\"@id\":\"https:\\\/\\\/www.tourinto.pt\\\/product\\\/pegaso-grande-reserva-branco\\\/#breadcrumb\"},\"inLanguage\":\"en-GB\",\"potentialAction\":[{\"@type\":\"ReadAction\",\"target\":[\"https:\\\/\\\/www.tourinto.pt\\\/product\\\/pegaso-grande-reserva-branco\\\/\"]}]},{\"@type\":\"ImageObject\",\"inLanguage\":\"en-GB\",\"@id\":\"https:\\\/\\\/www.tourinto.pt\\\/product\\\/pegaso-grande-reserva-branco\\\/#primaryimage\",\"url\":\"https:\\\/\\\/i0.wp.com\\\/www.tourinto.pt\\\/wp-content\\\/uploads\\\/2025\\\/05\\\/Pegaso-Grande-Reserva-Branco.webp?fit=881%2C1400&ssl=1\",\"contentUrl\":\"https:\\\/\\\/i0.wp.com\\\/www.tourinto.pt\\\/wp-content\\\/uploads\\\/2025\\\/05\\\/Pegaso-Grande-Reserva-Branco.webp?fit=881%2C1400&ssl=1\",\"width\":881,\"height\":1400,\"caption\":\"P\u00e9gaso Branco, P\u00e9gaso Arinto, Vinho Branco P\u00e9gaso, P\u00e9gaso F\u00e1bio Fernandes, F\u00e1bio Fernandes Vinho Branco\"},{\"@type\":\"BreadcrumbList\",\"@id\":\"https:\\\/\\\/www.tourinto.pt\\\/product\\\/pegaso-grande-reserva-branco\\\/#breadcrumb\",\"itemListElement\":[{\"@type\":\"ListItem\",\"position\":1,\"name\":\"In\u00edcio\",\"item\":\"https:\\\/\\\/www.tourinto.pt\\\/\"},{\"@type\":\"ListItem\",\"position\":2,\"name\":\"Garrafeira on-line\",\"item\":\"https:\\\/\\\/www.tourinto.pt\\\/garrafeira-on-line\\\/\"},{\"@type\":\"ListItem\",\"position\":3,\"name\":\"P\u00e9gaso Grande Reserva Branco 2022\"}]},{\"@type\":\"WebSite\",\"@id\":\"https:\\\/\\\/www.tourinto.pt\\\/#website\",\"url\":\"https:\\\/\\\/www.tourinto.pt\\\/\",\"name\":\"Tourinto Premium Wines\",\"description\":\"Garrafeira on-line\",\"publisher\":{\"@id\":\"https:\\\/\\\/www.tourinto.pt\\\/#organization\"},\"alternateName\":\"Garrafeira on-line\",\"potentialAction\":[{\"@type\":\"SearchAction\",\"target\":{\"@type\":\"EntryPoint\",\"urlTemplate\":\"https:\\\/\\\/www.tourinto.pt\\\/?s={search_term_string}\"},\"query-input\":{\"@type\":\"PropertyValueSpecification\",\"valueRequired\":true,\"valueName\":\"search_term_string\"}}],\"inLanguage\":\"en-GB\"},{\"@type\":[\"Organization\",\"Place\"],\"@id\":\"https:\\\/\\\/www.tourinto.pt\\\/#organization\",\"name\":\"Tourinto\",\"alternateName\":\"Garrafeira Tourinto, Lda.\",\"url\":\"https:\\\/\\\/www.tourinto.pt\\\/\",\"logo\":{\"@id\":\"https:\\\/\\\/www.tourinto.pt\\\/product\\\/pegaso-grande-reserva-branco\\\/#local-main-organization-logo\"},\"image\":{\"@id\":\"https:\\\/\\\/www.tourinto.pt\\\/product\\\/pegaso-grande-reserva-branco\\\/#local-main-organization-logo\"},\"sameAs\":[\"https:\\\/\\\/www.facebook.com\\\/garrafeiratourinto\",\"https:\\\/\\\/www.instagram.com\\\/garrafeiratourinto\\\/\"],\"telephone\":[],\"openingHoursSpecification\":[{\"@type\":\"OpeningHoursSpecification\",\"dayOfWeek\":[\"Monday\",\"Tuesday\",\"Wednesday\",\"Thursday\",\"Friday\",\"Saturday\",\"Sunday\"],\"opens\":\"09:00\",\"closes\":\"17:00\"}]},{\"@type\":\"ImageObject\",\"inLanguage\":\"en-GB\",\"@id\":\"https:\\\/\\\/www.tourinto.pt\\\/product\\\/pegaso-grande-reserva-branco\\\/#local-main-organization-logo\",\"url\":\"https:\\\/\\\/i0.wp.com\\\/www.tourinto.pt\\\/wp-content\\\/uploads\\\/2022\\\/07\\\/tourinto-logo-big.png?fit=1400%2C505&ssl=1\",\"contentUrl\":\"https:\\\/\\\/i0.wp.com\\\/www.tourinto.pt\\\/wp-content\\\/uploads\\\/2022\\\/07\\\/tourinto-logo-big.png?fit=1400%2C505&ssl=1\",\"width\":1400,\"height\":505,\"caption\":\"Tourinto\"}]}<\/script>\n<meta property=\"product:price:amount\" content=\"38.00\" \/>\n<meta property=\"product:price:currency\" content=\"EUR\" \/>\n<meta property=\"og:availability\" content=\"instock\" \/>\n<meta property=\"product:availability\" content=\"instock\" \/>\n<meta property=\"product:retailer_item_id\" content=\"14.04.2022\" \/>\n<meta property=\"product:condition\" content=\"new\" \/>\n<!-- \/ Yoast SEO Premium plugin. -->","yoast_head_json":{"title":"P\u00e9gaso Grande Reserva Branco 2022 - Tourinto Premium Wines","description":"P\u00e9gaso Grande Reserva Branco \u00e9 um 100% Arinto. Um vinho \u00a0poderoso, com acidez crocante, de estrutura assinal\u00e1vel e final Intermin\u00e1vel.","robots":{"index":"index","follow":"follow","max-snippet":"max-snippet:-1","max-image-preview":"max-image-preview:large","max-video-preview":"max-video-preview:-1"},"canonical":"https:\/\/www.tourinto.pt\/en\/product\/pegaso-grande-reserva-branco\/","og_locale":"en_GB","og_type":"article","og_title":"P\u00e9gaso Grande Reserva Branco 2022","og_description":"P\u00e9gaso Grande Reserva Branco \u00e9 um 100% Arinto. Um vinho \u00a0poderoso, com acidez crocante, de estrutura assinal\u00e1vel e final Intermin\u00e1vel.","og_url":"https:\/\/www.tourinto.pt\/en\/product\/pegaso-grande-reserva-branco\/","og_site_name":"Tourinto Premium Wines","article_publisher":"https:\/\/www.facebook.com\/garrafeiratourinto","article_modified_time":"2026-03-16T22:39:28+00:00","og_image":[{"width":881,"height":1400,"url":"https:\/\/www.tourinto.pt\/wp-content\/uploads\/2025\/05\/Pegaso-Grande-Reserva-Branco.webp","type":"image\/webp"}],"twitter_card":"summary_large_image","twitter_misc":{"Price":"38,00&nbsp;&euro;","Availability":"In stock"},"schema":{"@context":"https:\/\/schema.org","@graph":[{"@type":"WebPage","@id":"https:\/\/www.tourinto.pt\/product\/pegaso-grande-reserva-branco\/","url":"https:\/\/www.tourinto.pt\/product\/pegaso-grande-reserva-branco\/","name":"P\u00e9gaso Grande Reserva Branco 2022 - Tourinto Premium Wines","isPartOf":{"@id":"https:\/\/www.tourinto.pt\/#website"},"primaryImageOfPage":{"@id":"https:\/\/www.tourinto.pt\/product\/pegaso-grande-reserva-branco\/#primaryimage"},"image":{"@id":"https:\/\/www.tourinto.pt\/product\/pegaso-grande-reserva-branco\/#primaryimage"},"thumbnailUrl":"https:\/\/i0.wp.com\/www.tourinto.pt\/wp-content\/uploads\/2025\/05\/Pegaso-Grande-Reserva-Branco.webp?fit=881%2C1400&ssl=1","datePublished":"2023-09-27T21:26:40+00:00","dateModified":"2026-03-16T22:39:28+00:00","description":"P\u00e9gaso Grande Reserva Branco \u00e9 um 100% Arinto. Um vinho \u00a0poderoso, com acidez crocante, de estrutura assinal\u00e1vel e final Intermin\u00e1vel.","breadcrumb":{"@id":"https:\/\/www.tourinto.pt\/product\/pegaso-grande-reserva-branco\/#breadcrumb"},"inLanguage":"en-GB","potentialAction":[{"@type":"ReadAction","target":["https:\/\/www.tourinto.pt\/product\/pegaso-grande-reserva-branco\/"]}]},{"@type":"ImageObject","inLanguage":"en-GB","@id":"https:\/\/www.tourinto.pt\/product\/pegaso-grande-reserva-branco\/#primaryimage","url":"https:\/\/i0.wp.com\/www.tourinto.pt\/wp-content\/uploads\/2025\/05\/Pegaso-Grande-Reserva-Branco.webp?fit=881%2C1400&ssl=1","contentUrl":"https:\/\/i0.wp.com\/www.tourinto.pt\/wp-content\/uploads\/2025\/05\/Pegaso-Grande-Reserva-Branco.webp?fit=881%2C1400&ssl=1","width":881,"height":1400,"caption":"P\u00e9gaso Branco, P\u00e9gaso Arinto, Vinho Branco P\u00e9gaso, P\u00e9gaso F\u00e1bio Fernandes, F\u00e1bio Fernandes Vinho Branco"},{"@type":"BreadcrumbList","@id":"https:\/\/www.tourinto.pt\/product\/pegaso-grande-reserva-branco\/#breadcrumb","itemListElement":[{"@type":"ListItem","position":1,"name":"In\u00edcio","item":"https:\/\/www.tourinto.pt\/"},{"@type":"ListItem","position":2,"name":"Garrafeira on-line","item":"https:\/\/www.tourinto.pt\/garrafeira-on-line\/"},{"@type":"ListItem","position":3,"name":"P\u00e9gaso Grande Reserva Branco 2022"}]},{"@type":"WebSite","@id":"https:\/\/www.tourinto.pt\/#website","url":"https:\/\/www.tourinto.pt\/","name":"Tourinto Premium Wines","description":"Wine Shop online","publisher":{"@id":"https:\/\/www.tourinto.pt\/#organization"},"alternateName":"Garrafeira on-line","potentialAction":[{"@type":"SearchAction","target":{"@type":"EntryPoint","urlTemplate":"https:\/\/www.tourinto.pt\/?s={search_term_string}"},"query-input":{"@type":"PropertyValueSpecification","valueRequired":true,"valueName":"search_term_string"}}],"inLanguage":"en-GB"},{"@type":["Organization","Place"],"@id":"https:\/\/www.tourinto.pt\/#organization","name":"Tourinto","alternateName":"Garrafeira Tourinto, Lda.","url":"https:\/\/www.tourinto.pt\/","logo":{"@id":"https:\/\/www.tourinto.pt\/product\/pegaso-grande-reserva-branco\/#local-main-organization-logo"},"image":{"@id":"https:\/\/www.tourinto.pt\/product\/pegaso-grande-reserva-branco\/#local-main-organization-logo"},"sameAs":["https:\/\/www.facebook.com\/garrafeiratourinto","https:\/\/www.instagram.com\/garrafeiratourinto\/"],"telephone":[],"openingHoursSpecification":[{"@type":"OpeningHoursSpecification","dayOfWeek":["Monday","Tuesday","Wednesday","Thursday","Friday","Saturday","Sunday"],"opens":"09:00","closes":"17:00"}]},{"@type":"ImageObject","inLanguage":"en-GB","@id":"https:\/\/www.tourinto.pt\/product\/pegaso-grande-reserva-branco\/#local-main-organization-logo","url":"https:\/\/i0.wp.com\/www.tourinto.pt\/wp-content\/uploads\/2022\/07\/tourinto-logo-big.png?fit=1400%2C505&ssl=1","contentUrl":"https:\/\/i0.wp.com\/www.tourinto.pt\/wp-content\/uploads\/2022\/07\/tourinto-logo-big.png?fit=1400%2C505&ssl=1","width":1400,"height":505,"caption":"Tourinto"}]},"product_price_amount":"38.00","product_price_currency":"EUR","og_availability":"instock","product_availability":"instock","product_retailer_item_id":"14.04.2022","product_condition":"new"},"jetpack_publicize_connections":[],"jetpack_sharing_enabled":true,"_links":{"self":[{"href":"https:\/\/www.tourinto.pt\/en\/wp-json\/wp\/v2\/product\/7369","targetHints":{"allow":["GET"]}}],"collection":[{"href":"https:\/\/www.tourinto.pt\/en\/wp-json\/wp\/v2\/product"}],"about":[{"href":"https:\/\/www.tourinto.pt\/en\/wp-json\/wp\/v2\/types\/product"}],"replies":[{"embeddable":true,"href":"https:\/\/www.tourinto.pt\/en\/wp-json\/wp\/v2\/comments?post=7369"}],"wp:featuredmedia":[{"embeddable":true,"href":"https:\/\/www.tourinto.pt\/en\/wp-json\/wp\/v2\/media\/13840"}],"wp:attachment":[{"href":"https:\/\/www.tourinto.pt\/en\/wp-json\/wp\/v2\/media?parent=7369"}],"wp:term":[{"taxonomy":"product_brand","embeddable":true,"href":"https:\/\/www.tourinto.pt\/en\/wp-json\/wp\/v2\/product_brand?post=7369"},{"taxonomy":"product_cat","embeddable":true,"href":"https:\/\/www.tourinto.pt\/en\/wp-json\/wp\/v2\/product_cat?post=7369"},{"taxonomy":"product_tag","embeddable":true,"href":"https:\/\/www.tourinto.pt\/en\/wp-json\/wp\/v2\/product_tag?post=7369"}],"curies":[{"name":"wp","href":"https:\/\/api.w.org\/{rel}","templated":true}]}}