{"id":7231,"date":"2023-09-13T22:10:16","date_gmt":"2023-09-13T22:10:16","guid":{"rendered":"https:\/\/www.tourinto.pt\/?post_type=product&#038;p=7231"},"modified":"2026-02-28T16:03:05","modified_gmt":"2026-02-28T16:03:05","slug":"quinta-do-crasto-vinha-maria-teresa-2017","status":"publish","type":"product","link":"https:\/\/www.tourinto.pt\/en\/product\/quinta-do-crasto-vinha-maria-teresa-2017\/","title":{"rendered":"Quinta do Crasto Vinha Maria Teresa"},"content":{"rendered":"<div class=\"wpb-content-wrapper\"><div data-vc-full-width=\"true\" data-vc-full-width-init=\"false\" class=\"vc_row wpb_row vc_row-fluid vc_custom_1656585076455 vc_row-has-fill\"><div class=\"wpb_column vc_column_container vc_col-sm-12\"><div class=\"vc_column-inner\"><div class=\"wpb_wrapper\"><div class=\"vc_tta-container\" data-vc-action=\"collapse\"><div class=\"vc_general vc_tta vc_tta-tabs vc_tta-color-black vc_tta-style-flat vc_tta-shape-square vc_tta-spacing-1 vc_tta-o-no-fill vc_tta-tabs-position-top vc_tta-controls-align-left\"><div class=\"vc_tta-tabs-container\"><ul class=\"vc_tta-tabs-list\" role=\"tablist\"><li class=\"vc_tta-tab vc_active\" data-vc-tab role=\"presentation\"><a href=\"#1656584484701-0e478312-357c\" data-vc-tabs data-vc-container=\".vc_tta\" role=\"tab\" aria-selected=\"false\" id=\"tab-1656584484701-0e478312-357c\"><i class=\"vc_tta-icon vc-oi vc-oi-article\"><\/i><span class=\"vc_tta-title-text\">Description<\/span><\/a><\/li><\/ul><\/div><div class=\"vc_tta-panels-container\"><div class=\"vc_tta-panels\"><div class=\"vc_tta-panel vc_active\" id=\"1656584484701-0e478312-357c\" data-vc-content=\".vc_tta-panel-body\"><div class=\"vc_tta-panel-heading\"><h4 class=\"vc_tta-panel-title\"><a href=\"#1656584484701-0e478312-357c\" data-vc-accordion data-vc-container=\".vc_tta-container\"><i class=\"vc_tta-icon vc-oi vc-oi-article\"><\/i><span class=\"vc_tta-title-text\">Description<\/span><\/a><\/h4><\/div><div class=\"vc_tta-panel-body\">\n\t<div class=\"wpb_text_column wpb_content_element\" >\n\t\t<div class=\"wpb_wrapper\">\n\t\t\t<p><strong>Quinta do Crasto Vinha Maria Teresa 2017<\/strong><\/p>\n<p><strong>Grape varieties: <\/strong>Old Vines.<br \/>\n<strong>Aging:<\/strong> Barricas de carvalho novas, 90% franc\u00eas e 10 % americano, durante 20 meses.<br \/>\n<strong>Colour: <\/strong>Deep ruby colour.<strong><br \/>\n<\/strong><strong>Aroma:<\/strong> Extraordin\u00e1ria complexidade e frescura arom\u00e1tica, elegantes notas de esteva, frutos silvestres do Douro e especiaria.<br \/>\n<strong>Flavour:<\/strong> Inicia de forma compacta, evoluindo para um vinho muito sedutor, com taninos de textura suave, frescos aromas de bosque, terminando de forma muito envolvente, equilibrada e com excelente persist\u00eancia.<\/p>\n<hr style=\"border: #b0976d 1px dotted\" \/>\n<p><strong>Serve:<\/strong> 16 to 18\u2070<br \/>\n<strong>Consumption: <\/strong>Immediate or storage.<\/p>\n<hr style=\"border: #b0976d 1px dotted\" \/>\n<p><strong>Harmonisation:<\/strong> Carnes vermelhas, assados de carne, ca\u00e7a.<\/p>\n<hr style=\"border: #b0976d 1px dotted\" \/>\n<p><strong>Producer:<\/strong> <a href=\"https:\/\/www.tourinto.pt\/en\/produto-categoria\/produtores\/quinta-do-crasto\/\">Quinta do Crasto<\/a><\/p>\n<p><strong>Enology: <\/strong>Manuel Lobo<\/p>\n<p><strong>Category:<\/strong> Portuguese Wines \u2013 <a href=\"https:\/\/www.tourinto.pt\/en\/produtores-portugal\/vinhos-do-douro\/\">Douro<\/a><\/p>\n<p><strong>Awards and Notes:<\/strong><\/p>\n<ul>\n<li><strong>Robert Parker<\/strong> &#8211; 96\/100 (2017)<\/li>\n<li><strong>Jancis Robinson<\/strong> &#8211; 17,5\/20 (2017)<\/li>\n<li><strong>Great Choices<\/strong> 19,5\/20 (2017)<\/li>\n<li><strong>Revista de Vinhos<\/strong> &#8211; 19\/20 (2017)<\/li>\n<\/ul>\n<p><a href=\"https:\/\/www.quintadocrasto.wine\/\"><span style=\"color: #f1f1f1\">Crasto<\/span><\/a><\/p>\n\n\t\t<\/div>\n\t<\/div>\n<\/div><\/div><\/div><\/div><\/div><\/div><\/div><\/div><\/div><\/div><div class=\"vc_row-full-width vc_clearfix\"><\/div><div data-vc-full-width=\"true\" data-vc-full-width-init=\"false\" data-vc-stretch-content=\"true\" class=\"vc_row wpb_row vc_row-fluid vc_row-no-padding\"><div class=\"wpb_column vc_column_container vc_col-sm-12\"><div class=\"vc_column-inner\"><div class=\"wpb_wrapper\">\n<div class=\"vc_grid-container-wrapper vc_clearfix vc_grid-animation-fadeIn\">\n\t<div class=\"vc_grid-container vc_clearfix wpb_content_element vc_media_grid\" data-initial-loading-animation=\"fadeIn\" data-vc-grid-settings=\"{&quot;page_id&quot;:7231,&quot;style&quot;:&quot;all&quot;,&quot;action&quot;:&quot;vc_get_vc_grid_data&quot;,&quot;shortcode_id&quot;:&quot;1757363076433-4361ce99-4716-9&quot;,&quot;tag&quot;:&quot;vc_media_grid&quot;}\" data-vc-request=\"https:\/\/www.tourinto.pt\/wp-admin\/admin-ajax.php\" data-vc-post-id=\"7231\" data-vc-public-nonce=\"90d62da828\">\n\t\t\n\t<\/div>\n<\/div><\/div><\/div><\/div><\/div><div class=\"vc_row-full-width vc_clearfix\"><\/div>\n<\/div>","protected":false},"excerpt":{"rendered":"<p>Quinta do Crasto Vinha Maria Teresa 2017 \u00e9 proveniente unicamente da\u00a0<a href=\"https:\/\/www.quintadocrasto.pt\/quinta-do-crasto\/terroir\/vinha-maria-teresa\/\" target=\"_blank\" rel=\"noopener\">Vinha Maria Teresa<\/a>, a qual \u00e9 uma vinha centen\u00e1ria que lhe d\u00e1 o nome e uma das mais antigas da Quinta do Crasto. \u00c9 um vinho tinto Douro DOC de gama super premium, que \u00e9 apenas engarrafado em anos de excecional qualidade, para al\u00e9m de em quantidades muito limitadas.<\/p>\n<p>Saiba mais sobre a <a href=\"https:\/\/www.tourinto.pt\/produto-categoria\/produtores\/quinta-do-crasto\/\">Quinta do Crasto<\/a>.<\/p>\n[contact-form-7 id=\"4433d5d\" title=\"nota Uni\u00e3o Europeia\"]\n","protected":false},"featured_media":13989,"comment_status":"closed","ping_status":"closed","template":"","meta":{"_acf_changed":false,"_joinchat":[],"jetpack_publicize_message":"","jetpack_publicize_feature_enabled":true,"jetpack_social_post_already_shared":true,"jetpack_social_options":{"image_generator_settings":{"template":"highway","default_image_id":0,"font":"","enabled":false},"version":2}},"product_brand":[],"product_cat":[1455,1058,17,424,82,100,81,44,333],"product_tag":[65,59],"class_list":{"0":"post-7231","1":"product","2":"type-product","3":"status-publish","4":"has-post-thumbnail","6":"product_cat-icones-portugal","7":"product_cat-vinhas-velhas","8":"product_cat-vinho-tinto","9":"product_cat-vinhos-portugal","10":"product_cat-douro","11":"product_cat-tipologia","12":"product_cat-regiao","13":"product_cat-produtores","14":"product_cat-quinta-do-crasto","15":"product_tag-vinhas-velhas","16":"product_tag-douro","17":"pa_ano-29","18":"pa_castas-vinhas-velhas","19":"pa_categoria-vinhos-portugueses","20":"pa_enologia-manuel-lobo","21":"pa_harmonizacao-assados-de-carne","22":"pa_harmonizacao-caca","23":"pa_harmonizacao-carnes-vermelhas","24":"pa_leveduras-selecionadas","25":"pa_produtor-quinta-do-crasto","26":"pa_regiao-douro","27":"pa_tipologia-vinho-tinto","28":"pa_vinificacao-tradicional-controlada","29":"pa_viticultura-sustentavel","30":"pa_volume-750ml","32":"first","33":"instock","34":"sold-individually","35":"taxable","36":"shipping-taxable","37":"purchasable","38":"product-type-simple"},"acf":[],"yoast_head":"<!-- This site is optimized with the Yoast SEO Premium plugin v27.3 (Yoast SEO v27.4) - https:\/\/yoast.com\/product\/yoast-seo-premium-wordpress\/ -->\n<title>Quinta do Crasto Vinha Maria Teresa - Tourinto Premium Wines<\/title>\n<meta name=\"description\" content=\"Quinta do Crasto Vinha Maria Teresa 2017 \u00e9 proveniente de uma vinha centen\u00e1ria, um vinho de gama super premium, engarrafado em anos de excecionais.\" \/>\n<meta name=\"robots\" content=\"index, follow, max-snippet:-1, max-image-preview:large, max-video-preview:-1\" \/>\n<link rel=\"canonical\" href=\"https:\/\/www.tourinto.pt\/en\/product\/quinta-do-crasto-vinha-maria-teresa-2017\/\" \/>\n<meta property=\"og:locale\" content=\"en_GB\" \/>\n<meta property=\"og:type\" content=\"article\" \/>\n<meta property=\"og:title\" content=\"Quinta do Crasto Vinha Maria Teresa\" \/>\n<meta property=\"og:description\" content=\"Quinta do Crasto Vinha Maria Teresa 2017 \u00e9 proveniente de uma vinha centen\u00e1ria, um vinho de gama super premium, engarrafado em anos de excecionais.\" \/>\n<meta property=\"og:url\" content=\"https:\/\/www.tourinto.pt\/en\/product\/quinta-do-crasto-vinha-maria-teresa-2017\/\" \/>\n<meta property=\"og:site_name\" content=\"Tourinto Premium Wines\" \/>\n<meta property=\"article:publisher\" content=\"https:\/\/www.facebook.com\/garrafeiratourinto\" \/>\n<meta property=\"article:modified_time\" content=\"2026-02-28T16:03:05+00:00\" \/>\n<meta property=\"og:image\" content=\"https:\/\/www.tourinto.pt\/wp-content\/uploads\/2023\/09\/Quinta-do-Crasto-Vinha-Maria-Teresa.webp\" \/>\n\t<meta property=\"og:image:width\" content=\"881\" \/>\n\t<meta property=\"og:image:height\" content=\"1400\" \/>\n\t<meta property=\"og:image:type\" content=\"image\/webp\" \/>\n<meta name=\"twitter:card\" content=\"summary_large_image\" \/>\n<meta name=\"twitter:label1\" content=\"Price\" \/>\n\t<meta name=\"twitter:data1\" content=\"269,50&nbsp;&euro;\" \/>\n\t<meta name=\"twitter:label2\" content=\"Availability\" \/>\n\t<meta name=\"twitter:data2\" content=\"In stock\" \/>\n<script type=\"application\/ld+json\" class=\"yoast-schema-graph\">{\"@context\":\"https:\\\/\\\/schema.org\",\"@graph\":[{\"@type\":\"WebPage\",\"@id\":\"https:\\\/\\\/www.tourinto.pt\\\/product\\\/quinta-do-crasto-vinha-maria-teresa-2017\\\/\",\"url\":\"https:\\\/\\\/www.tourinto.pt\\\/product\\\/quinta-do-crasto-vinha-maria-teresa-2017\\\/\",\"name\":\"Quinta do Crasto Vinha Maria Teresa - Tourinto Premium Wines\",\"isPartOf\":{\"@id\":\"https:\\\/\\\/www.tourinto.pt\\\/#website\"},\"primaryImageOfPage\":{\"@id\":\"https:\\\/\\\/www.tourinto.pt\\\/product\\\/quinta-do-crasto-vinha-maria-teresa-2017\\\/#primaryimage\"},\"image\":{\"@id\":\"https:\\\/\\\/www.tourinto.pt\\\/product\\\/quinta-do-crasto-vinha-maria-teresa-2017\\\/#primaryimage\"},\"thumbnailUrl\":\"https:\\\/\\\/i0.wp.com\\\/www.tourinto.pt\\\/wp-content\\\/uploads\\\/2023\\\/09\\\/Quinta-do-Crasto-Vinha-Maria-Teresa.webp?fit=881%2C1400&ssl=1\",\"datePublished\":\"2023-09-13T22:10:16+00:00\",\"dateModified\":\"2026-02-28T16:03:05+00:00\",\"description\":\"Quinta do Crasto Vinha Maria Teresa 2017 \u00e9 proveniente de uma vinha centen\u00e1ria, um vinho de gama super premium, engarrafado em anos de excecionais.\",\"breadcrumb\":{\"@id\":\"https:\\\/\\\/www.tourinto.pt\\\/product\\\/quinta-do-crasto-vinha-maria-teresa-2017\\\/#breadcrumb\"},\"inLanguage\":\"en-GB\",\"potentialAction\":[{\"@type\":\"ReadAction\",\"target\":[\"https:\\\/\\\/www.tourinto.pt\\\/product\\\/quinta-do-crasto-vinha-maria-teresa-2017\\\/\"]}]},{\"@type\":\"ImageObject\",\"inLanguage\":\"en-GB\",\"@id\":\"https:\\\/\\\/www.tourinto.pt\\\/product\\\/quinta-do-crasto-vinha-maria-teresa-2017\\\/#primaryimage\",\"url\":\"https:\\\/\\\/i0.wp.com\\\/www.tourinto.pt\\\/wp-content\\\/uploads\\\/2023\\\/09\\\/Quinta-do-Crasto-Vinha-Maria-Teresa.webp?fit=881%2C1400&ssl=1\",\"contentUrl\":\"https:\\\/\\\/i0.wp.com\\\/www.tourinto.pt\\\/wp-content\\\/uploads\\\/2023\\\/09\\\/Quinta-do-Crasto-Vinha-Maria-Teresa.webp?fit=881%2C1400&ssl=1\",\"width\":881,\"height\":1400,\"caption\":\"Crasto Maria Teresa, Quinta do Crasto Maria Teresa, Vinha Maria Teresa, Vinha Maria Teresa Tinto\"},{\"@type\":\"BreadcrumbList\",\"@id\":\"https:\\\/\\\/www.tourinto.pt\\\/product\\\/quinta-do-crasto-vinha-maria-teresa-2017\\\/#breadcrumb\",\"itemListElement\":[{\"@type\":\"ListItem\",\"position\":1,\"name\":\"In\u00edcio\",\"item\":\"https:\\\/\\\/www.tourinto.pt\\\/\"},{\"@type\":\"ListItem\",\"position\":2,\"name\":\"Garrafeira on-line\",\"item\":\"https:\\\/\\\/www.tourinto.pt\\\/garrafeira-on-line\\\/\"},{\"@type\":\"ListItem\",\"position\":3,\"name\":\"Quinta do Crasto Vinha Maria Teresa\"}]},{\"@type\":\"WebSite\",\"@id\":\"https:\\\/\\\/www.tourinto.pt\\\/#website\",\"url\":\"https:\\\/\\\/www.tourinto.pt\\\/\",\"name\":\"Tourinto Premium Wines\",\"description\":\"Garrafeira on-line\",\"publisher\":{\"@id\":\"https:\\\/\\\/www.tourinto.pt\\\/#organization\"},\"alternateName\":\"Garrafeira on-line\",\"potentialAction\":[{\"@type\":\"SearchAction\",\"target\":{\"@type\":\"EntryPoint\",\"urlTemplate\":\"https:\\\/\\\/www.tourinto.pt\\\/?s={search_term_string}\"},\"query-input\":{\"@type\":\"PropertyValueSpecification\",\"valueRequired\":true,\"valueName\":\"search_term_string\"}}],\"inLanguage\":\"en-GB\"},{\"@type\":[\"Organization\",\"Place\"],\"@id\":\"https:\\\/\\\/www.tourinto.pt\\\/#organization\",\"name\":\"Tourinto\",\"alternateName\":\"Garrafeira Tourinto, Lda.\",\"url\":\"https:\\\/\\\/www.tourinto.pt\\\/\",\"logo\":{\"@id\":\"https:\\\/\\\/www.tourinto.pt\\\/product\\\/quinta-do-crasto-vinha-maria-teresa-2017\\\/#local-main-organization-logo\"},\"image\":{\"@id\":\"https:\\\/\\\/www.tourinto.pt\\\/product\\\/quinta-do-crasto-vinha-maria-teresa-2017\\\/#local-main-organization-logo\"},\"sameAs\":[\"https:\\\/\\\/www.facebook.com\\\/garrafeiratourinto\",\"https:\\\/\\\/www.instagram.com\\\/garrafeiratourinto\\\/\"],\"telephone\":[],\"openingHoursSpecification\":[{\"@type\":\"OpeningHoursSpecification\",\"dayOfWeek\":[\"Monday\",\"Tuesday\",\"Wednesday\",\"Thursday\",\"Friday\",\"Saturday\",\"Sunday\"],\"opens\":\"09:00\",\"closes\":\"17:00\"}]},{\"@type\":\"ImageObject\",\"inLanguage\":\"en-GB\",\"@id\":\"https:\\\/\\\/www.tourinto.pt\\\/product\\\/quinta-do-crasto-vinha-maria-teresa-2017\\\/#local-main-organization-logo\",\"url\":\"https:\\\/\\\/i0.wp.com\\\/www.tourinto.pt\\\/wp-content\\\/uploads\\\/2022\\\/07\\\/tourinto-logo-big.png?fit=1400%2C505&ssl=1\",\"contentUrl\":\"https:\\\/\\\/i0.wp.com\\\/www.tourinto.pt\\\/wp-content\\\/uploads\\\/2022\\\/07\\\/tourinto-logo-big.png?fit=1400%2C505&ssl=1\",\"width\":1400,\"height\":505,\"caption\":\"Tourinto\"}]}<\/script>\n<meta property=\"product:price:amount\" content=\"269.50\" \/>\n<meta property=\"product:price:currency\" content=\"EUR\" \/>\n<meta property=\"og:availability\" content=\"instock\" \/>\n<meta property=\"product:availability\" content=\"instock\" \/>\n<meta property=\"product:retailer_item_id\" content=\"45.12.2017\" \/>\n<meta property=\"product:condition\" content=\"new\" \/>\n<!-- \/ Yoast SEO Premium plugin. -->","yoast_head_json":{"title":"Quinta do Crasto Vinha Maria Teresa - Tourinto Premium Wines","description":"Quinta do Crasto Vinha Maria Teresa 2017 \u00e9 proveniente de uma vinha centen\u00e1ria, um vinho de gama super premium, engarrafado em anos de excecionais.","robots":{"index":"index","follow":"follow","max-snippet":"max-snippet:-1","max-image-preview":"max-image-preview:large","max-video-preview":"max-video-preview:-1"},"canonical":"https:\/\/www.tourinto.pt\/en\/product\/quinta-do-crasto-vinha-maria-teresa-2017\/","og_locale":"en_GB","og_type":"article","og_title":"Quinta do Crasto Vinha Maria Teresa","og_description":"Quinta do Crasto Vinha Maria Teresa 2017 \u00e9 proveniente de uma vinha centen\u00e1ria, um vinho de gama super premium, engarrafado em anos de excecionais.","og_url":"https:\/\/www.tourinto.pt\/en\/product\/quinta-do-crasto-vinha-maria-teresa-2017\/","og_site_name":"Tourinto Premium Wines","article_publisher":"https:\/\/www.facebook.com\/garrafeiratourinto","article_modified_time":"2026-02-28T16:03:05+00:00","og_image":[{"width":881,"height":1400,"url":"https:\/\/www.tourinto.pt\/wp-content\/uploads\/2023\/09\/Quinta-do-Crasto-Vinha-Maria-Teresa.webp","type":"image\/webp"}],"twitter_card":"summary_large_image","twitter_misc":{"Price":"269,50&nbsp;&euro;","Availability":"In stock"},"schema":{"@context":"https:\/\/schema.org","@graph":[{"@type":"WebPage","@id":"https:\/\/www.tourinto.pt\/product\/quinta-do-crasto-vinha-maria-teresa-2017\/","url":"https:\/\/www.tourinto.pt\/product\/quinta-do-crasto-vinha-maria-teresa-2017\/","name":"Quinta do Crasto Vinha Maria Teresa - Tourinto Premium Wines","isPartOf":{"@id":"https:\/\/www.tourinto.pt\/#website"},"primaryImageOfPage":{"@id":"https:\/\/www.tourinto.pt\/product\/quinta-do-crasto-vinha-maria-teresa-2017\/#primaryimage"},"image":{"@id":"https:\/\/www.tourinto.pt\/product\/quinta-do-crasto-vinha-maria-teresa-2017\/#primaryimage"},"thumbnailUrl":"https:\/\/i0.wp.com\/www.tourinto.pt\/wp-content\/uploads\/2023\/09\/Quinta-do-Crasto-Vinha-Maria-Teresa.webp?fit=881%2C1400&ssl=1","datePublished":"2023-09-13T22:10:16+00:00","dateModified":"2026-02-28T16:03:05+00:00","description":"Quinta do Crasto Vinha Maria Teresa 2017 \u00e9 proveniente de uma vinha centen\u00e1ria, um vinho de gama super premium, engarrafado em anos de excecionais.","breadcrumb":{"@id":"https:\/\/www.tourinto.pt\/product\/quinta-do-crasto-vinha-maria-teresa-2017\/#breadcrumb"},"inLanguage":"en-GB","potentialAction":[{"@type":"ReadAction","target":["https:\/\/www.tourinto.pt\/product\/quinta-do-crasto-vinha-maria-teresa-2017\/"]}]},{"@type":"ImageObject","inLanguage":"en-GB","@id":"https:\/\/www.tourinto.pt\/product\/quinta-do-crasto-vinha-maria-teresa-2017\/#primaryimage","url":"https:\/\/i0.wp.com\/www.tourinto.pt\/wp-content\/uploads\/2023\/09\/Quinta-do-Crasto-Vinha-Maria-Teresa.webp?fit=881%2C1400&ssl=1","contentUrl":"https:\/\/i0.wp.com\/www.tourinto.pt\/wp-content\/uploads\/2023\/09\/Quinta-do-Crasto-Vinha-Maria-Teresa.webp?fit=881%2C1400&ssl=1","width":881,"height":1400,"caption":"Crasto Maria Teresa, Quinta do Crasto Maria Teresa, Vinha Maria Teresa, Vinha Maria Teresa Tinto"},{"@type":"BreadcrumbList","@id":"https:\/\/www.tourinto.pt\/product\/quinta-do-crasto-vinha-maria-teresa-2017\/#breadcrumb","itemListElement":[{"@type":"ListItem","position":1,"name":"In\u00edcio","item":"https:\/\/www.tourinto.pt\/"},{"@type":"ListItem","position":2,"name":"Garrafeira on-line","item":"https:\/\/www.tourinto.pt\/garrafeira-on-line\/"},{"@type":"ListItem","position":3,"name":"Quinta do Crasto Vinha Maria Teresa"}]},{"@type":"WebSite","@id":"https:\/\/www.tourinto.pt\/#website","url":"https:\/\/www.tourinto.pt\/","name":"Tourinto Premium Wines","description":"Wine Shop online","publisher":{"@id":"https:\/\/www.tourinto.pt\/#organization"},"alternateName":"Garrafeira on-line","potentialAction":[{"@type":"SearchAction","target":{"@type":"EntryPoint","urlTemplate":"https:\/\/www.tourinto.pt\/?s={search_term_string}"},"query-input":{"@type":"PropertyValueSpecification","valueRequired":true,"valueName":"search_term_string"}}],"inLanguage":"en-GB"},{"@type":["Organization","Place"],"@id":"https:\/\/www.tourinto.pt\/#organization","name":"Tourinto","alternateName":"Garrafeira Tourinto, Lda.","url":"https:\/\/www.tourinto.pt\/","logo":{"@id":"https:\/\/www.tourinto.pt\/product\/quinta-do-crasto-vinha-maria-teresa-2017\/#local-main-organization-logo"},"image":{"@id":"https:\/\/www.tourinto.pt\/product\/quinta-do-crasto-vinha-maria-teresa-2017\/#local-main-organization-logo"},"sameAs":["https:\/\/www.facebook.com\/garrafeiratourinto","https:\/\/www.instagram.com\/garrafeiratourinto\/"],"telephone":[],"openingHoursSpecification":[{"@type":"OpeningHoursSpecification","dayOfWeek":["Monday","Tuesday","Wednesday","Thursday","Friday","Saturday","Sunday"],"opens":"09:00","closes":"17:00"}]},{"@type":"ImageObject","inLanguage":"en-GB","@id":"https:\/\/www.tourinto.pt\/product\/quinta-do-crasto-vinha-maria-teresa-2017\/#local-main-organization-logo","url":"https:\/\/i0.wp.com\/www.tourinto.pt\/wp-content\/uploads\/2022\/07\/tourinto-logo-big.png?fit=1400%2C505&ssl=1","contentUrl":"https:\/\/i0.wp.com\/www.tourinto.pt\/wp-content\/uploads\/2022\/07\/tourinto-logo-big.png?fit=1400%2C505&ssl=1","width":1400,"height":505,"caption":"Tourinto"}]},"product_price_amount":"269.50","product_price_currency":"EUR","og_availability":"instock","product_availability":"instock","product_retailer_item_id":"45.12.2017","product_condition":"new"},"jetpack_publicize_connections":[],"jetpack_sharing_enabled":true,"_links":{"self":[{"href":"https:\/\/www.tourinto.pt\/en\/wp-json\/wp\/v2\/product\/7231","targetHints":{"allow":["GET"]}}],"collection":[{"href":"https:\/\/www.tourinto.pt\/en\/wp-json\/wp\/v2\/product"}],"about":[{"href":"https:\/\/www.tourinto.pt\/en\/wp-json\/wp\/v2\/types\/product"}],"replies":[{"embeddable":true,"href":"https:\/\/www.tourinto.pt\/en\/wp-json\/wp\/v2\/comments?post=7231"}],"wp:featuredmedia":[{"embeddable":true,"href":"https:\/\/www.tourinto.pt\/en\/wp-json\/wp\/v2\/media\/13989"}],"wp:attachment":[{"href":"https:\/\/www.tourinto.pt\/en\/wp-json\/wp\/v2\/media?parent=7231"}],"wp:term":[{"taxonomy":"product_brand","embeddable":true,"href":"https:\/\/www.tourinto.pt\/en\/wp-json\/wp\/v2\/product_brand?post=7231"},{"taxonomy":"product_cat","embeddable":true,"href":"https:\/\/www.tourinto.pt\/en\/wp-json\/wp\/v2\/product_cat?post=7231"},{"taxonomy":"product_tag","embeddable":true,"href":"https:\/\/www.tourinto.pt\/en\/wp-json\/wp\/v2\/product_tag?post=7231"}],"curies":[{"name":"wp","href":"https:\/\/api.w.org\/{rel}","templated":true}]}}