{"id":6872,"date":"2023-07-30T18:19:18","date_gmt":"2023-07-30T18:19:18","guid":{"rendered":"https:\/\/www.tourinto.pt\/?post_type=product&#038;p=6872"},"modified":"2026-02-09T13:03:52","modified_gmt":"2026-02-09T13:03:52","slug":"fitapreta-palpite-tinto","status":"publish","type":"product","link":"https:\/\/www.tourinto.pt\/en\/product\/fitapreta-palpite-tinto\/","title":{"rendered":"Fitapreta Palpite Red"},"content":{"rendered":"<div class=\"wpb-content-wrapper\"><div data-vc-full-width=\"true\" data-vc-full-width-init=\"false\" class=\"vc_row wpb_row vc_row-fluid vc_custom_1656585076455 vc_row-has-fill\"><div class=\"wpb_column vc_column_container vc_col-sm-12\"><div class=\"vc_column-inner\"><div class=\"wpb_wrapper\"><div class=\"vc_tta-container\" data-vc-action=\"collapse\"><div class=\"vc_general vc_tta vc_tta-tabs vc_tta-color-black vc_tta-style-flat vc_tta-shape-square vc_tta-spacing-1 vc_tta-o-no-fill vc_tta-tabs-position-top vc_tta-controls-align-left\"><div class=\"vc_tta-tabs-container\"><ul class=\"vc_tta-tabs-list\" role=\"tablist\"><li class=\"vc_tta-tab vc_active\" data-vc-tab role=\"presentation\"><a href=\"#1656584484701-0e478312-357c\" data-vc-tabs data-vc-container=\".vc_tta\" role=\"tab\" aria-selected=\"false\" id=\"tab-1656584484701-0e478312-357c\"><i class=\"vc_tta-icon vc-oi vc-oi-article\"><\/i><span class=\"vc_tta-title-text\">Description<\/span><\/a><\/li><\/ul><\/div><div class=\"vc_tta-panels-container\"><div class=\"vc_tta-panels\"><div class=\"vc_tta-panel vc_active\" id=\"1656584484701-0e478312-357c\" data-vc-content=\".vc_tta-panel-body\"><div class=\"vc_tta-panel-heading\"><h4 class=\"vc_tta-panel-title\"><a href=\"#1656584484701-0e478312-357c\" data-vc-accordion data-vc-container=\".vc_tta-container\"><i class=\"vc_tta-icon vc-oi vc-oi-article\"><\/i><span class=\"vc_tta-title-text\">Description<\/span><\/a><\/h4><\/div><div class=\"vc_tta-panel-body\">\n\t<div class=\"wpb_text_column wpb_content_element\" >\n\t\t<div class=\"wpb_wrapper\">\n\t\t\t<p><strong>Fitapreta Palpite Red<\/strong><\/p>\n<p><strong>Grape varieties: <\/strong>30% Alicante Bouschet, 20% Aragonez,20% Castel\u00e3o, 20% Trincadeira, 10%outras (Alfrocheiro, Baga, Tinta Carvalha, Tinta Mi\u00fada).<br \/>\n<strong>Vinification:\u00a0<\/strong>Manual night harvest. Selection on sorting table. The grapes are crushed without crushing and fall into the vat by gravity, without the use of pumps, avoiding additional crushing. Spontaneous alcoholic and malolactic fermentation. 21 days of cuivason.<br \/>\n<strong>Aging: <\/strong>18 months in French oak barrels.<br \/>\n<strong>Colour: <\/strong>Red fruit concentrate.<strong><br \/>\n<\/strong><strong>Aroma: <\/strong>Red fruit concentrate.<br \/>\n<strong>Flavour: <\/strong>Subtle notes of menthol with ripe fruit and round tannins. The finish is intense and persistent.<\/p>\n<hr style=\"border: #b0976d 1px dotted;\" \/>\n<p><strong>Serve:<\/strong> 16 to 18\u2070<br \/>\n<strong>Consumption: <\/strong>Immediate or storage.<\/p>\n<hr style=\"border: #b0976d 1px dotted;\" \/>\n<p><strong>Harmonisation: <\/strong>Serve with game dishes or spicy red meats.<\/p>\n<hr style=\"border: #b0976d 1px dotted;\" \/>\n<p><strong>Producer: <\/strong><a href=\"https:\/\/www.tourinto.pt\/en\/produtores\/alentejo\/fitapreta\/\">Fitapreta<\/a><\/p>\n<p><strong>Enology: <\/strong>Antonio Ma\u00e7anita<\/p>\n<p><strong>Category: <\/strong>Portuguese Wines \u2013 <a href=\"https:\/\/www.tourinto.pt\/en\/portugal\/vinhos-do-alentejo\/\">Alentejo<\/a><\/p>\n<p><strong>Awards and Notes:<\/strong><\/p>\n<ul>\n<li><strong>Robert Parker<\/strong> &#8211; 94\/100 (2020)<\/li>\n<li><strong>Jancis Robinson<\/strong> &#8211; 17,5\/20 (2020)<\/li>\n<li><strong>Revista de Vinhos <\/strong>&#8211; 92\/100 (2022)<\/li>\n<\/ul>\n<p><a href=\"https:\/\/www.antoniomacanita.com\/pt\/adegas\/fitapreta\"><span style=\"color: #f1f1f1;\">black apple ribbon<\/span><\/a><\/p>\n\n\t\t<\/div>\n\t<\/div>\n<\/div><\/div><\/div><\/div><\/div><\/div><\/div><\/div><\/div><\/div><div class=\"vc_row-full-width vc_clearfix\"><\/div><div class=\"vc_row wpb_row vc_row-fluid\"><div class=\"wpb_column vc_column_container vc_col-sm-12\"><div class=\"vc_column-inner\"><div class=\"wpb_wrapper\">\n<div class=\"vc_grid-container-wrapper vc_clearfix vc_grid-animation-fadeIn\">\n\t<div class=\"vc_grid-container vc_clearfix wpb_content_element vc_media_grid\" data-initial-loading-animation=\"fadeIn\" data-vc-grid-settings=\"{&quot;page_id&quot;:6872,&quot;style&quot;:&quot;all&quot;,&quot;action&quot;:&quot;vc_get_vc_grid_data&quot;,&quot;shortcode_id&quot;:&quot;1756544259565-d5bfe45f-701e-7&quot;,&quot;tag&quot;:&quot;vc_media_grid&quot;}\" data-vc-request=\"https:\/\/www.tourinto.pt\/wp-admin\/admin-ajax.php\" data-vc-post-id=\"6872\" data-vc-public-nonce=\"f5efc27f5d\">\n\t\t\n\t<\/div>\n<\/div><\/div><\/div><\/div><\/div>\n<\/div>","protected":false},"excerpt":{"rendered":"<p>Fitapreta Palpite Tinto \u00e9 um vinho tinto de produ\u00e7\u00e3o biol\u00f3gica de castas t\u00edpicas do Alentejo, com fruta madura, taninos redondos, intenso e muito persistente.<\/p>\n<p>Saiba mais sobre <a href=\"https:\/\/www.tourinto.pt\/produtores\/alentejo\/fitapreta\/\">Fitapreta.<\/a><\/p>\n[contact-form-7 id=\"4433d5d\" title=\"nota Uni\u00e3o Europeia\"]\n","protected":false},"featured_media":12551,"comment_status":"closed","ping_status":"closed","template":"","meta":{"_acf_changed":false,"_joinchat":[],"jetpack_publicize_message":"","jetpack_publicize_feature_enabled":true,"jetpack_social_post_already_shared":true,"jetpack_social_options":{"image_generator_settings":{"template":"highway","default_image_id":0,"font":"","enabled":false},"version":2}},"product_brand":[],"product_cat":[1307,1052,17,363,83,297,424,100,81,44,365],"product_tag":[417,294,138,115,39,42,46],"class_list":{"0":"post-6872","1":"product","2":"type-product","3":"status-publish","4":"has-post-thumbnail","6":"product_cat-ready-to-drink-tintos","7":"product_cat-blend-tintos","8":"product_cat-vinho-tinto","9":"product_cat-biologico","10":"product_cat-alentejo","11":"product_cat-minima-intervencao","12":"product_cat-vinhos-portugal","13":"product_cat-tipologia","14":"product_cat-regiao","15":"product_cat-produtores","16":"product_cat-fitapreta","17":"product_tag-biologico","18":"product_tag-minima-intervencao","19":"product_tag-castelao","20":"product_tag-trincadeira","21":"product_tag-alentejo","22":"product_tag-alicante-bouschet","23":"product_tag-aragonez","24":"pa_ano-336","25":"pa_castas-aragonez","26":"pa_castas-outras","27":"pa_castas-alicante-bouschet","28":"pa_castas-trincadeira","29":"pa_castas-castelao","30":"pa_categoria-vinhos-portugueses","31":"pa_enologia-antonio-macanita","32":"pa_harmonizacao-carnes-vermelhas","33":"pa_harmonizacao-caca","34":"pa_leveduras-indigenas","35":"pa_produtor-fitapreta","36":"pa_regiao-alentejo","37":"pa_tipologia-vinho-tinto","38":"pa_vinificacao-minima-intervencao","39":"pa_viticultura-biologica","40":"pa_volume-750ml","42":"first","43":"instock","44":"featured","45":"taxable","46":"shipping-taxable","47":"purchasable","48":"product-type-simple"},"acf":[],"yoast_head":"<!-- This site is optimized with the Yoast SEO Premium plugin v27.5 (Yoast SEO v27.5) - https:\/\/yoast.com\/product\/yoast-seo-premium-wordpress\/ -->\n<title>Fitapreta Palpite Tinto - Tourinto Premium Wines<\/title>\n<meta name=\"description\" content=\"Fitapreta Palpite Tinto \u00e9 um vinho de produ\u00e7\u00e3o biol\u00e1gica de castas t\u00edpicas do Alentejo, com fruta madura, taninos redondos e persistente.\u00a0\" \/>\n<meta name=\"robots\" content=\"index, follow, max-snippet:-1, max-image-preview:large, max-video-preview:-1\" \/>\n<link rel=\"canonical\" href=\"https:\/\/www.tourinto.pt\/en\/product\/fitapreta-palpite-tinto\/\" \/>\n<meta property=\"og:locale\" content=\"en_GB\" \/>\n<meta property=\"og:type\" content=\"article\" \/>\n<meta property=\"og:title\" content=\"Fitapreta Palpite Tinto\" \/>\n<meta property=\"og:description\" content=\"Fitapreta Palpite Tinto \u00e9 um vinho de produ\u00e7\u00e3o biol\u00e1gica de castas t\u00edpicas do Alentejo, com fruta madura, taninos redondos e persistente.\u00a0\" \/>\n<meta property=\"og:url\" content=\"https:\/\/www.tourinto.pt\/en\/product\/fitapreta-palpite-tinto\/\" \/>\n<meta property=\"og:site_name\" content=\"Tourinto Premium Wines\" \/>\n<meta property=\"article:publisher\" content=\"https:\/\/www.facebook.com\/garrafeiratourinto\" \/>\n<meta property=\"article:modified_time\" content=\"2026-02-09T13:03:52+00:00\" \/>\n<meta property=\"og:image\" content=\"https:\/\/www.tourinto.pt\/wp-content\/uploads\/2023\/07\/Palpite-Tinto-1.png\" \/>\n\t<meta property=\"og:image:width\" content=\"881\" \/>\n\t<meta property=\"og:image:height\" content=\"1400\" \/>\n\t<meta property=\"og:image:type\" content=\"image\/png\" \/>\n<meta name=\"twitter:card\" content=\"summary_large_image\" \/>\n<meta name=\"twitter:label1\" content=\"Price\" \/>\n\t<meta name=\"twitter:data1\" content=\"23,40&nbsp;&euro;\" \/>\n\t<meta name=\"twitter:label2\" content=\"Availability\" \/>\n\t<meta name=\"twitter:data2\" content=\"In stock\" \/>\n<script type=\"application\/ld+json\" class=\"yoast-schema-graph\">{\"@context\":\"https:\\\/\\\/schema.org\",\"@graph\":[{\"@type\":\"WebPage\",\"@id\":\"https:\\\/\\\/www.tourinto.pt\\\/product\\\/fitapreta-palpite-tinto\\\/\",\"url\":\"https:\\\/\\\/www.tourinto.pt\\\/product\\\/fitapreta-palpite-tinto\\\/\",\"name\":\"Fitapreta Palpite Tinto - Tourinto Premium Wines\",\"isPartOf\":{\"@id\":\"https:\\\/\\\/www.tourinto.pt\\\/#website\"},\"primaryImageOfPage\":{\"@id\":\"https:\\\/\\\/www.tourinto.pt\\\/product\\\/fitapreta-palpite-tinto\\\/#primaryimage\"},\"image\":{\"@id\":\"https:\\\/\\\/www.tourinto.pt\\\/product\\\/fitapreta-palpite-tinto\\\/#primaryimage\"},\"thumbnailUrl\":\"https:\\\/\\\/i0.wp.com\\\/www.tourinto.pt\\\/wp-content\\\/uploads\\\/2023\\\/07\\\/Palpite-Tinto-1.png?fit=881%2C1400&ssl=1\",\"datePublished\":\"2023-07-30T18:19:18+00:00\",\"dateModified\":\"2026-02-09T13:03:52+00:00\",\"description\":\"Fitapreta Palpite Tinto \u00e9 um vinho de produ\u00e7\u00e3o biol\u00e1gica de castas t\u00edpicas do Alentejo, com fruta madura, taninos redondos e persistente.\u00a0\",\"breadcrumb\":{\"@id\":\"https:\\\/\\\/www.tourinto.pt\\\/product\\\/fitapreta-palpite-tinto\\\/#breadcrumb\"},\"inLanguage\":\"en-GB\",\"potentialAction\":[{\"@type\":\"ReadAction\",\"target\":[\"https:\\\/\\\/www.tourinto.pt\\\/product\\\/fitapreta-palpite-tinto\\\/\"]}]},{\"@type\":\"ImageObject\",\"inLanguage\":\"en-GB\",\"@id\":\"https:\\\/\\\/www.tourinto.pt\\\/product\\\/fitapreta-palpite-tinto\\\/#primaryimage\",\"url\":\"https:\\\/\\\/i0.wp.com\\\/www.tourinto.pt\\\/wp-content\\\/uploads\\\/2023\\\/07\\\/Palpite-Tinto-1.png?fit=881%2C1400&ssl=1\",\"contentUrl\":\"https:\\\/\\\/i0.wp.com\\\/www.tourinto.pt\\\/wp-content\\\/uploads\\\/2023\\\/07\\\/Palpite-Tinto-1.png?fit=881%2C1400&ssl=1\",\"width\":881,\"height\":1400,\"caption\":\"Palpite Tinto, Ma\u00e7anita Tinto, Fitapreta Tinto, Palpite Red Wine, Ma\u00e7anita Palpite\"},{\"@type\":\"BreadcrumbList\",\"@id\":\"https:\\\/\\\/www.tourinto.pt\\\/product\\\/fitapreta-palpite-tinto\\\/#breadcrumb\",\"itemListElement\":[{\"@type\":\"ListItem\",\"position\":1,\"name\":\"In\u00edcio\",\"item\":\"https:\\\/\\\/www.tourinto.pt\\\/\"},{\"@type\":\"ListItem\",\"position\":2,\"name\":\"Garrafeira on-line\",\"item\":\"https:\\\/\\\/www.tourinto.pt\\\/garrafeira-on-line\\\/\"},{\"@type\":\"ListItem\",\"position\":3,\"name\":\"Fitapreta Palpite Tinto\"}]},{\"@type\":\"WebSite\",\"@id\":\"https:\\\/\\\/www.tourinto.pt\\\/#website\",\"url\":\"https:\\\/\\\/www.tourinto.pt\\\/\",\"name\":\"Tourinto Premium Wines\",\"description\":\"Garrafeira on-line\",\"publisher\":{\"@id\":\"https:\\\/\\\/www.tourinto.pt\\\/#organization\"},\"alternateName\":\"Garrafeira on-line\",\"potentialAction\":[{\"@type\":\"SearchAction\",\"target\":{\"@type\":\"EntryPoint\",\"urlTemplate\":\"https:\\\/\\\/www.tourinto.pt\\\/?s={search_term_string}\"},\"query-input\":{\"@type\":\"PropertyValueSpecification\",\"valueRequired\":true,\"valueName\":\"search_term_string\"}}],\"inLanguage\":\"en-GB\"},{\"@type\":[\"Organization\",\"Place\"],\"@id\":\"https:\\\/\\\/www.tourinto.pt\\\/#organization\",\"name\":\"Tourinto\",\"alternateName\":\"Garrafeira Tourinto, Lda.\",\"url\":\"https:\\\/\\\/www.tourinto.pt\\\/\",\"logo\":{\"@id\":\"https:\\\/\\\/www.tourinto.pt\\\/product\\\/fitapreta-palpite-tinto\\\/#local-main-organization-logo\"},\"image\":{\"@id\":\"https:\\\/\\\/www.tourinto.pt\\\/product\\\/fitapreta-palpite-tinto\\\/#local-main-organization-logo\"},\"sameAs\":[\"https:\\\/\\\/www.facebook.com\\\/garrafeiratourinto\",\"https:\\\/\\\/www.instagram.com\\\/garrafeiratourinto\\\/\"],\"telephone\":[],\"openingHoursSpecification\":[{\"@type\":\"OpeningHoursSpecification\",\"dayOfWeek\":[\"Monday\",\"Tuesday\",\"Wednesday\",\"Thursday\",\"Friday\",\"Saturday\",\"Sunday\"],\"opens\":\"09:00\",\"closes\":\"17:00\"}]},{\"@type\":\"ImageObject\",\"inLanguage\":\"en-GB\",\"@id\":\"https:\\\/\\\/www.tourinto.pt\\\/product\\\/fitapreta-palpite-tinto\\\/#local-main-organization-logo\",\"url\":\"https:\\\/\\\/i0.wp.com\\\/www.tourinto.pt\\\/wp-content\\\/uploads\\\/2022\\\/07\\\/tourinto-logo-big.png?fit=1400%2C505&ssl=1\",\"contentUrl\":\"https:\\\/\\\/i0.wp.com\\\/www.tourinto.pt\\\/wp-content\\\/uploads\\\/2022\\\/07\\\/tourinto-logo-big.png?fit=1400%2C505&ssl=1\",\"width\":1400,\"height\":505,\"caption\":\"Tourinto\"}]}<\/script>\n<meta property=\"product:price:amount\" content=\"23.40\" \/>\n<meta property=\"product:price:currency\" content=\"EUR\" \/>\n<meta property=\"og:availability\" content=\"instock\" \/>\n<meta property=\"product:availability\" content=\"instock\" \/>\n<meta property=\"product:retailer_item_id\" content=\"47.09.2022\" \/>\n<meta property=\"product:condition\" content=\"new\" \/>\n<!-- \/ Yoast SEO Premium plugin. -->","yoast_head_json":{"title":"Fitapreta Palpite Tinto - Tourinto Premium Wines","description":"Fitapreta Palpite Tinto \u00e9 um vinho de produ\u00e7\u00e3o biol\u00e1gica de castas t\u00edpicas do Alentejo, com fruta madura, taninos redondos e persistente.\u00a0","robots":{"index":"index","follow":"follow","max-snippet":"max-snippet:-1","max-image-preview":"max-image-preview:large","max-video-preview":"max-video-preview:-1"},"canonical":"https:\/\/www.tourinto.pt\/en\/product\/fitapreta-palpite-tinto\/","og_locale":"en_GB","og_type":"article","og_title":"Fitapreta Palpite Tinto","og_description":"Fitapreta Palpite Tinto \u00e9 um vinho de produ\u00e7\u00e3o biol\u00e1gica de castas t\u00edpicas do Alentejo, com fruta madura, taninos redondos e persistente.\u00a0","og_url":"https:\/\/www.tourinto.pt\/en\/product\/fitapreta-palpite-tinto\/","og_site_name":"Tourinto Premium Wines","article_publisher":"https:\/\/www.facebook.com\/garrafeiratourinto","article_modified_time":"2026-02-09T13:03:52+00:00","og_image":[{"width":881,"height":1400,"url":"https:\/\/www.tourinto.pt\/wp-content\/uploads\/2023\/07\/Palpite-Tinto-1.png","type":"image\/png"}],"twitter_card":"summary_large_image","twitter_misc":{"Price":"23,40&nbsp;&euro;","Availability":"In stock"},"schema":{"@context":"https:\/\/schema.org","@graph":[{"@type":"WebPage","@id":"https:\/\/www.tourinto.pt\/product\/fitapreta-palpite-tinto\/","url":"https:\/\/www.tourinto.pt\/product\/fitapreta-palpite-tinto\/","name":"Fitapreta Palpite Tinto - Tourinto Premium Wines","isPartOf":{"@id":"https:\/\/www.tourinto.pt\/#website"},"primaryImageOfPage":{"@id":"https:\/\/www.tourinto.pt\/product\/fitapreta-palpite-tinto\/#primaryimage"},"image":{"@id":"https:\/\/www.tourinto.pt\/product\/fitapreta-palpite-tinto\/#primaryimage"},"thumbnailUrl":"https:\/\/i0.wp.com\/www.tourinto.pt\/wp-content\/uploads\/2023\/07\/Palpite-Tinto-1.png?fit=881%2C1400&ssl=1","datePublished":"2023-07-30T18:19:18+00:00","dateModified":"2026-02-09T13:03:52+00:00","description":"Fitapreta Palpite Tinto \u00e9 um vinho de produ\u00e7\u00e3o biol\u00e1gica de castas t\u00edpicas do Alentejo, com fruta madura, taninos redondos e persistente.\u00a0","breadcrumb":{"@id":"https:\/\/www.tourinto.pt\/product\/fitapreta-palpite-tinto\/#breadcrumb"},"inLanguage":"en-GB","potentialAction":[{"@type":"ReadAction","target":["https:\/\/www.tourinto.pt\/product\/fitapreta-palpite-tinto\/"]}]},{"@type":"ImageObject","inLanguage":"en-GB","@id":"https:\/\/www.tourinto.pt\/product\/fitapreta-palpite-tinto\/#primaryimage","url":"https:\/\/i0.wp.com\/www.tourinto.pt\/wp-content\/uploads\/2023\/07\/Palpite-Tinto-1.png?fit=881%2C1400&ssl=1","contentUrl":"https:\/\/i0.wp.com\/www.tourinto.pt\/wp-content\/uploads\/2023\/07\/Palpite-Tinto-1.png?fit=881%2C1400&ssl=1","width":881,"height":1400,"caption":"Palpite Tinto, Ma\u00e7anita Tinto, Fitapreta Tinto, Palpite Red Wine, Ma\u00e7anita Palpite"},{"@type":"BreadcrumbList","@id":"https:\/\/www.tourinto.pt\/product\/fitapreta-palpite-tinto\/#breadcrumb","itemListElement":[{"@type":"ListItem","position":1,"name":"In\u00edcio","item":"https:\/\/www.tourinto.pt\/"},{"@type":"ListItem","position":2,"name":"Garrafeira on-line","item":"https:\/\/www.tourinto.pt\/garrafeira-on-line\/"},{"@type":"ListItem","position":3,"name":"Fitapreta Palpite Tinto"}]},{"@type":"WebSite","@id":"https:\/\/www.tourinto.pt\/#website","url":"https:\/\/www.tourinto.pt\/","name":"Tourinto Premium Wines","description":"Wine Shop online","publisher":{"@id":"https:\/\/www.tourinto.pt\/#organization"},"alternateName":"Garrafeira on-line","potentialAction":[{"@type":"SearchAction","target":{"@type":"EntryPoint","urlTemplate":"https:\/\/www.tourinto.pt\/?s={search_term_string}"},"query-input":{"@type":"PropertyValueSpecification","valueRequired":true,"valueName":"search_term_string"}}],"inLanguage":"en-GB"},{"@type":["Organization","Place"],"@id":"https:\/\/www.tourinto.pt\/#organization","name":"Tourinto","alternateName":"Garrafeira Tourinto, Lda.","url":"https:\/\/www.tourinto.pt\/","logo":{"@id":"https:\/\/www.tourinto.pt\/product\/fitapreta-palpite-tinto\/#local-main-organization-logo"},"image":{"@id":"https:\/\/www.tourinto.pt\/product\/fitapreta-palpite-tinto\/#local-main-organization-logo"},"sameAs":["https:\/\/www.facebook.com\/garrafeiratourinto","https:\/\/www.instagram.com\/garrafeiratourinto\/"],"telephone":[],"openingHoursSpecification":[{"@type":"OpeningHoursSpecification","dayOfWeek":["Monday","Tuesday","Wednesday","Thursday","Friday","Saturday","Sunday"],"opens":"09:00","closes":"17:00"}]},{"@type":"ImageObject","inLanguage":"en-GB","@id":"https:\/\/www.tourinto.pt\/product\/fitapreta-palpite-tinto\/#local-main-organization-logo","url":"https:\/\/i0.wp.com\/www.tourinto.pt\/wp-content\/uploads\/2022\/07\/tourinto-logo-big.png?fit=1400%2C505&ssl=1","contentUrl":"https:\/\/i0.wp.com\/www.tourinto.pt\/wp-content\/uploads\/2022\/07\/tourinto-logo-big.png?fit=1400%2C505&ssl=1","width":1400,"height":505,"caption":"Tourinto"}]},"product_price_amount":"23.40","product_price_currency":"EUR","og_availability":"instock","product_availability":"instock","product_retailer_item_id":"47.09.2022","product_condition":"new"},"jetpack_publicize_connections":[],"jetpack_sharing_enabled":true,"_links":{"self":[{"href":"https:\/\/www.tourinto.pt\/en\/wp-json\/wp\/v2\/product\/6872","targetHints":{"allow":["GET"]}}],"collection":[{"href":"https:\/\/www.tourinto.pt\/en\/wp-json\/wp\/v2\/product"}],"about":[{"href":"https:\/\/www.tourinto.pt\/en\/wp-json\/wp\/v2\/types\/product"}],"replies":[{"embeddable":true,"href":"https:\/\/www.tourinto.pt\/en\/wp-json\/wp\/v2\/comments?post=6872"}],"wp:featuredmedia":[{"embeddable":true,"href":"https:\/\/www.tourinto.pt\/en\/wp-json\/wp\/v2\/media\/12551"}],"wp:attachment":[{"href":"https:\/\/www.tourinto.pt\/en\/wp-json\/wp\/v2\/media?parent=6872"}],"wp:term":[{"taxonomy":"product_brand","embeddable":true,"href":"https:\/\/www.tourinto.pt\/en\/wp-json\/wp\/v2\/product_brand?post=6872"},{"taxonomy":"product_cat","embeddable":true,"href":"https:\/\/www.tourinto.pt\/en\/wp-json\/wp\/v2\/product_cat?post=6872"},{"taxonomy":"product_tag","embeddable":true,"href":"https:\/\/www.tourinto.pt\/en\/wp-json\/wp\/v2\/product_tag?post=6872"}],"curies":[{"name":"wp","href":"https:\/\/api.w.org\/{rel}","templated":true}]}}