{"id":6862,"date":"2023-07-30T12:06:05","date_gmt":"2023-07-30T12:06:05","guid":{"rendered":"https:\/\/www.tourinto.pt\/?post_type=product&#038;p=6862"},"modified":"2026-02-09T13:03:31","modified_gmt":"2026-02-09T13:03:31","slug":"fitapreta-chao-dos-eremitas-castelao","status":"publish","type":"product","link":"https:\/\/www.tourinto.pt\/en\/product\/fitapreta-chao-dos-eremitas-castelao\/","title":{"rendered":"Fitapreta Ch\u00e3o dos Eremitas Castel\u00e3o"},"content":{"rendered":"<div class=\"wpb-content-wrapper\"><div data-vc-full-width=\"true\" data-vc-full-width-init=\"false\" class=\"vc_row wpb_row vc_row-fluid vc_custom_1656585076455 vc_row-has-fill\"><div class=\"wpb_column vc_column_container vc_col-sm-12\"><div class=\"vc_column-inner\"><div class=\"wpb_wrapper\"><div class=\"vc_tta-container\" data-vc-action=\"collapse\"><div class=\"vc_general vc_tta vc_tta-tabs vc_tta-color-black vc_tta-style-flat vc_tta-shape-square vc_tta-spacing-1 vc_tta-o-no-fill vc_tta-tabs-position-top vc_tta-controls-align-left\"><div class=\"vc_tta-tabs-container\"><ul class=\"vc_tta-tabs-list\" role=\"tablist\"><li class=\"vc_tta-tab vc_active\" data-vc-tab role=\"presentation\"><a href=\"#1656584484701-0e478312-357c\" data-vc-tabs data-vc-container=\".vc_tta\" role=\"tab\" aria-selected=\"false\" id=\"tab-1656584484701-0e478312-357c\"><i class=\"vc_tta-icon vc-oi vc-oi-article\"><\/i><span class=\"vc_tta-title-text\">Description<\/span><\/a><\/li><\/ul><\/div><div class=\"vc_tta-panels-container\"><div class=\"vc_tta-panels\"><div class=\"vc_tta-panel vc_active\" id=\"1656584484701-0e478312-357c\" data-vc-content=\".vc_tta-panel-body\"><div class=\"vc_tta-panel-heading\"><h4 class=\"vc_tta-panel-title\"><a href=\"#1656584484701-0e478312-357c\" data-vc-accordion data-vc-container=\".vc_tta-container\"><i class=\"vc_tta-icon vc-oi vc-oi-article\"><\/i><span class=\"vc_tta-title-text\">Description<\/span><\/a><\/h4><\/div><div class=\"vc_tta-panel-body\">\n\t<div class=\"wpb_text_column wpb_content_element\" >\n\t\t<div class=\"wpb_wrapper\">\n\t\t\t<p><strong>Fitapreta Ch\u00e3o dos Eremitas Castel\u00e3o<\/strong><\/p>\n<p><strong>Grape varieties: <\/strong>Castel\u00e3o.<br \/>\n<strong>Aging: <\/strong>18 months in barrel.<br \/>\n<strong>Colour: <\/strong>Fragile ruby garnet colour.<strong><br \/>\n<\/strong><strong>Aroma: <\/strong>Very fine aroma, with notes of plum, tobacco and spices.<br \/>\n<strong>Flavour: <\/strong>The attack is medium-bodied with good freshness. The texture builds in the middle of the tasting, all elegance, and finishes with present and firm tannins.<\/p>\n<hr style=\"border: #b0976d 1px dotted;\" \/>\n<p><strong>Serve:<\/strong> 16 to 18\u2070<br \/>\n<strong>Consumption: <\/strong>Immediate.<\/p>\n<hr style=\"border: #b0976d 1px dotted;\" \/>\n<p><strong>Harmonisation: <\/strong>Um vinho\u00a0tinto com boa acidez bom peixes gordos complexo e carnes de tacho.<\/p>\n<hr style=\"border: #b0976d 1px dotted;\" \/>\n<p><strong>Producer:\u00a0<\/strong><a href=\"https:\/\/www.tourinto.pt\/en\/produtores\/alentejo\/fitapreta\/\">Fitaprerta<\/a><\/p>\n<p><strong>Enology: <\/strong>Antonio Ma\u00e7anita<\/p>\n<p><strong>Category: <\/strong>Portuguese Wines \u2013 <a href=\"https:\/\/www.tourinto.pt\/en\/portugal\/vinhos-do-alentejo\/\">Alentejo<\/a><\/p>\n<p><strong>Awards and Notes:<\/strong><\/p>\n<ul>\n<li><strong>Robert Parker<\/strong> 92\/100 (2020)<\/li>\n<\/ul>\n<p><a href=\"https:\/\/www.antoniomacanita.com\/pt\/adegas\/fitapreta\"><span style=\"color: #f1f1f1;\">black apple ribbon<\/span><\/a><\/p>\n\n\t\t<\/div>\n\t<\/div>\n<\/div><\/div><\/div><\/div><\/div><\/div><\/div><\/div><\/div><\/div><div class=\"vc_row-full-width vc_clearfix\"><\/div><div data-vc-full-width=\"true\" data-vc-full-width-init=\"false\" data-vc-stretch-content=\"true\" class=\"vc_row wpb_row vc_row-fluid vc_custom_1720196259511 vc_row-no-padding\"><div class=\"wpb_column vc_column_container vc_col-sm-12\"><div class=\"vc_column-inner\"><div class=\"wpb_wrapper\">\n<div class=\"vc_grid-container-wrapper vc_clearfix vc_grid-animation-fadeIn\">\n\t<div class=\"vc_grid-container vc_clearfix wpb_content_element vc_media_grid\" data-initial-loading-animation=\"fadeIn\" data-vc-grid-settings=\"{&quot;page_id&quot;:6862,&quot;style&quot;:&quot;all&quot;,&quot;action&quot;:&quot;vc_get_vc_grid_data&quot;,&quot;shortcode_id&quot;:&quot;1756544529440-8456aa41-60ae-9&quot;,&quot;tag&quot;:&quot;vc_media_grid&quot;}\" data-vc-request=\"https:\/\/www.tourinto.pt\/wp-admin\/admin-ajax.php\" data-vc-post-id=\"6862\" data-vc-public-nonce=\"b902f86529\">\n\t\t\n\t<\/div>\n<\/div><\/div><\/div><\/div><\/div><div class=\"vc_row-full-width vc_clearfix\"><\/div>\n<\/div>","protected":false},"excerpt":{"rendered":"<p>Fitapreta Ch\u00e3o dos Eremitas Castel\u00e3o \u00e9 primeiramente um vinho desconcertante, que demonstra o papel desta casta no antigo Alentejo. Fresco e intenso, que surpreende vela versatilidade de harmoniza\u00e7\u00e3o.<\/p>\n<p>Saiba mais sobre <a href=\"https:\/\/www.tourinto.pt\/produtores\/alentejo\/fitapreta\/\">Fitapreta<\/a>.<\/p>\n[contact-form-7 id=\"4433d5d\" title=\"nota Uni\u00e3o Europeia\"]\n","protected":false},"featured_media":6864,"comment_status":"closed","ping_status":"closed","template":"","meta":{"_acf_changed":false,"_joinchat":[],"jetpack_publicize_message":"","jetpack_publicize_feature_enabled":true,"jetpack_social_post_already_shared":true,"jetpack_social_options":{"image_generator_settings":{"template":"highway","default_image_id":0,"font":"","enabled":false},"version":2}},"product_brand":[],"product_cat":[1307,17,363,83,1062,297,424,100,81,44,365],"product_tag":[417,294,138,39],"class_list":{"0":"post-6862","1":"product","2":"type-product","3":"status-publish","4":"has-post-thumbnail","6":"product_cat-ready-to-drink-tintos","7":"product_cat-vinho-tinto","8":"product_cat-biologico","9":"product_cat-alentejo","10":"product_cat-castelao","11":"product_cat-minima-intervencao","12":"product_cat-vinhos-portugal","13":"product_cat-tipologia","14":"product_cat-regiao","15":"product_cat-produtores","16":"product_cat-fitapreta","17":"product_tag-biologico","18":"product_tag-minima-intervencao","19":"product_tag-castelao","20":"product_tag-alentejo","21":"pa_ano-336","22":"pa_castas-castelao","23":"pa_categoria-vinhos-portugueses","24":"pa_enologia-antonio-macanita","25":"pa_harmonizacao-pratos-de-tacho","26":"pa_harmonizacao-peixe-no-forno","27":"pa_leveduras-indigenas","28":"pa_produtor-fitapreta","29":"pa_regiao-alentejo","30":"pa_tipologia-vinho-tinto","31":"pa_vinificacao-minima-intervencao","32":"pa_viticultura-biologica","33":"pa_volume-750ml","35":"first","36":"instock","37":"featured","38":"taxable","39":"shipping-taxable","40":"purchasable","41":"product-type-simple"},"acf":[],"yoast_head":"<!-- This site is optimized with the Yoast SEO Premium plugin v27.3 (Yoast SEO v27.4) - https:\/\/yoast.com\/product\/yoast-seo-premium-wordpress\/ -->\n<title>Fitapreta Ch\u00e3o dos Eremitas Castel\u00e3o - Tourinto Premium Wines<\/title>\n<meta name=\"description\" content=\"Fitapreta Ch\u00e3o dos Eremitas Castel\u00e3o \u00e9 primeiramente um vinho desconcertante, que demonstra o papel desta casta no antigo Alentejo. Fresco e intenso.\" \/>\n<meta name=\"robots\" content=\"index, follow, max-snippet:-1, max-image-preview:large, max-video-preview:-1\" \/>\n<link rel=\"canonical\" href=\"https:\/\/www.tourinto.pt\/en\/product\/fitapreta-chao-dos-eremitas-castelao\/\" \/>\n<meta property=\"og:locale\" content=\"en_GB\" \/>\n<meta property=\"og:type\" content=\"article\" \/>\n<meta property=\"og:title\" content=\"Fitapreta Ch\u00e3o dos Eremitas Castel\u00e3o\" \/>\n<meta property=\"og:description\" content=\"Fitapreta Ch\u00e3o dos Eremitas Castel\u00e3o \u00e9 primeiramente um vinho desconcertante, que demonstra o papel desta casta no antigo Alentejo. Fresco e intenso.\" \/>\n<meta property=\"og:url\" content=\"https:\/\/www.tourinto.pt\/en\/product\/fitapreta-chao-dos-eremitas-castelao\/\" \/>\n<meta property=\"og:site_name\" content=\"Tourinto Premium Wines\" \/>\n<meta property=\"article:publisher\" content=\"https:\/\/www.facebook.com\/garrafeiratourinto\" \/>\n<meta property=\"article:modified_time\" content=\"2026-02-09T13:03:31+00:00\" \/>\n<meta property=\"og:image\" content=\"https:\/\/www.tourinto.pt\/wp-content\/uploads\/2023\/07\/Fitapreta-Chao-dos-Eremitas-Castelao.png\" \/>\n\t<meta property=\"og:image:width\" content=\"881\" \/>\n\t<meta property=\"og:image:height\" content=\"1400\" \/>\n\t<meta property=\"og:image:type\" content=\"image\/png\" \/>\n<meta name=\"twitter:card\" content=\"summary_large_image\" \/>\n<meta name=\"twitter:label1\" content=\"Price\" \/>\n\t<meta name=\"twitter:data1\" content=\"35,15&nbsp;&euro;\" \/>\n\t<meta name=\"twitter:label2\" content=\"Availability\" \/>\n\t<meta name=\"twitter:data2\" content=\"In stock\" \/>\n<script type=\"application\/ld+json\" class=\"yoast-schema-graph\">{\"@context\":\"https:\\\/\\\/schema.org\",\"@graph\":[{\"@type\":\"WebPage\",\"@id\":\"https:\\\/\\\/www.tourinto.pt\\\/product\\\/fitapreta-chao-dos-eremitas-castelao\\\/\",\"url\":\"https:\\\/\\\/www.tourinto.pt\\\/product\\\/fitapreta-chao-dos-eremitas-castelao\\\/\",\"name\":\"Fitapreta Ch\u00e3o dos Eremitas Castel\u00e3o - Tourinto Premium Wines\",\"isPartOf\":{\"@id\":\"https:\\\/\\\/www.tourinto.pt\\\/#website\"},\"primaryImageOfPage\":{\"@id\":\"https:\\\/\\\/www.tourinto.pt\\\/product\\\/fitapreta-chao-dos-eremitas-castelao\\\/#primaryimage\"},\"image\":{\"@id\":\"https:\\\/\\\/www.tourinto.pt\\\/product\\\/fitapreta-chao-dos-eremitas-castelao\\\/#primaryimage\"},\"thumbnailUrl\":\"https:\\\/\\\/i0.wp.com\\\/www.tourinto.pt\\\/wp-content\\\/uploads\\\/2023\\\/07\\\/Fitapreta-Chao-dos-Eremitas-Castelao.png?fit=881%2C1400&ssl=1\",\"datePublished\":\"2023-07-30T12:06:05+00:00\",\"dateModified\":\"2026-02-09T13:03:31+00:00\",\"description\":\"Fitapreta Ch\u00e3o dos Eremitas Castel\u00e3o \u00e9 primeiramente um vinho desconcertante, que demonstra o papel desta casta no antigo Alentejo. Fresco e intenso.\",\"breadcrumb\":{\"@id\":\"https:\\\/\\\/www.tourinto.pt\\\/product\\\/fitapreta-chao-dos-eremitas-castelao\\\/#breadcrumb\"},\"inLanguage\":\"en-GB\",\"potentialAction\":[{\"@type\":\"ReadAction\",\"target\":[\"https:\\\/\\\/www.tourinto.pt\\\/product\\\/fitapreta-chao-dos-eremitas-castelao\\\/\"]}]},{\"@type\":\"ImageObject\",\"inLanguage\":\"en-GB\",\"@id\":\"https:\\\/\\\/www.tourinto.pt\\\/product\\\/fitapreta-chao-dos-eremitas-castelao\\\/#primaryimage\",\"url\":\"https:\\\/\\\/i0.wp.com\\\/www.tourinto.pt\\\/wp-content\\\/uploads\\\/2023\\\/07\\\/Fitapreta-Chao-dos-Eremitas-Castelao.png?fit=881%2C1400&ssl=1\",\"contentUrl\":\"https:\\\/\\\/i0.wp.com\\\/www.tourinto.pt\\\/wp-content\\\/uploads\\\/2023\\\/07\\\/Fitapreta-Chao-dos-Eremitas-Castelao.png?fit=881%2C1400&ssl=1\",\"width\":881,\"height\":1400,\"caption\":\"Ant\u00f3nio Ma\u00e7anita Vinhos, Fitapreta Castel\u00e3o, Ma\u00e7anita Vinho Tinto, Fitepreta Vinho Tinto\"},{\"@type\":\"BreadcrumbList\",\"@id\":\"https:\\\/\\\/www.tourinto.pt\\\/product\\\/fitapreta-chao-dos-eremitas-castelao\\\/#breadcrumb\",\"itemListElement\":[{\"@type\":\"ListItem\",\"position\":1,\"name\":\"In\u00edcio\",\"item\":\"https:\\\/\\\/www.tourinto.pt\\\/\"},{\"@type\":\"ListItem\",\"position\":2,\"name\":\"Garrafeira on-line\",\"item\":\"https:\\\/\\\/www.tourinto.pt\\\/garrafeira-on-line\\\/\"},{\"@type\":\"ListItem\",\"position\":3,\"name\":\"Fitapreta Ch\u00e3o dos Eremitas Castel\u00e3o\"}]},{\"@type\":\"WebSite\",\"@id\":\"https:\\\/\\\/www.tourinto.pt\\\/#website\",\"url\":\"https:\\\/\\\/www.tourinto.pt\\\/\",\"name\":\"Tourinto Premium Wines\",\"description\":\"Garrafeira on-line\",\"publisher\":{\"@id\":\"https:\\\/\\\/www.tourinto.pt\\\/#organization\"},\"alternateName\":\"Garrafeira on-line\",\"potentialAction\":[{\"@type\":\"SearchAction\",\"target\":{\"@type\":\"EntryPoint\",\"urlTemplate\":\"https:\\\/\\\/www.tourinto.pt\\\/?s={search_term_string}\"},\"query-input\":{\"@type\":\"PropertyValueSpecification\",\"valueRequired\":true,\"valueName\":\"search_term_string\"}}],\"inLanguage\":\"en-GB\"},{\"@type\":[\"Organization\",\"Place\"],\"@id\":\"https:\\\/\\\/www.tourinto.pt\\\/#organization\",\"name\":\"Tourinto\",\"alternateName\":\"Garrafeira Tourinto, Lda.\",\"url\":\"https:\\\/\\\/www.tourinto.pt\\\/\",\"logo\":{\"@id\":\"https:\\\/\\\/www.tourinto.pt\\\/product\\\/fitapreta-chao-dos-eremitas-castelao\\\/#local-main-organization-logo\"},\"image\":{\"@id\":\"https:\\\/\\\/www.tourinto.pt\\\/product\\\/fitapreta-chao-dos-eremitas-castelao\\\/#local-main-organization-logo\"},\"sameAs\":[\"https:\\\/\\\/www.facebook.com\\\/garrafeiratourinto\",\"https:\\\/\\\/www.instagram.com\\\/garrafeiratourinto\\\/\"],\"telephone\":[],\"openingHoursSpecification\":[{\"@type\":\"OpeningHoursSpecification\",\"dayOfWeek\":[\"Monday\",\"Tuesday\",\"Wednesday\",\"Thursday\",\"Friday\",\"Saturday\",\"Sunday\"],\"opens\":\"09:00\",\"closes\":\"17:00\"}]},{\"@type\":\"ImageObject\",\"inLanguage\":\"en-GB\",\"@id\":\"https:\\\/\\\/www.tourinto.pt\\\/product\\\/fitapreta-chao-dos-eremitas-castelao\\\/#local-main-organization-logo\",\"url\":\"https:\\\/\\\/i0.wp.com\\\/www.tourinto.pt\\\/wp-content\\\/uploads\\\/2022\\\/07\\\/tourinto-logo-big.png?fit=1400%2C505&ssl=1\",\"contentUrl\":\"https:\\\/\\\/i0.wp.com\\\/www.tourinto.pt\\\/wp-content\\\/uploads\\\/2022\\\/07\\\/tourinto-logo-big.png?fit=1400%2C505&ssl=1\",\"width\":1400,\"height\":505,\"caption\":\"Tourinto\"}]}<\/script>\n<meta property=\"product:price:amount\" content=\"35.15\" \/>\n<meta property=\"product:price:currency\" content=\"EUR\" \/>\n<meta property=\"og:availability\" content=\"instock\" \/>\n<meta property=\"product:availability\" content=\"instock\" \/>\n<meta property=\"product:retailer_item_id\" content=\"47.07.2022\" \/>\n<meta property=\"product:condition\" content=\"new\" \/>\n<!-- \/ Yoast SEO Premium plugin. -->","yoast_head_json":{"title":"Fitapreta Ch\u00e3o dos Eremitas Castel\u00e3o - Tourinto Premium Wines","description":"Fitapreta Ch\u00e3o dos Eremitas Castel\u00e3o \u00e9 primeiramente um vinho desconcertante, que demonstra o papel desta casta no antigo Alentejo. Fresco e intenso.","robots":{"index":"index","follow":"follow","max-snippet":"max-snippet:-1","max-image-preview":"max-image-preview:large","max-video-preview":"max-video-preview:-1"},"canonical":"https:\/\/www.tourinto.pt\/en\/product\/fitapreta-chao-dos-eremitas-castelao\/","og_locale":"en_GB","og_type":"article","og_title":"Fitapreta Ch\u00e3o dos Eremitas Castel\u00e3o","og_description":"Fitapreta Ch\u00e3o dos Eremitas Castel\u00e3o \u00e9 primeiramente um vinho desconcertante, que demonstra o papel desta casta no antigo Alentejo. Fresco e intenso.","og_url":"https:\/\/www.tourinto.pt\/en\/product\/fitapreta-chao-dos-eremitas-castelao\/","og_site_name":"Tourinto Premium Wines","article_publisher":"https:\/\/www.facebook.com\/garrafeiratourinto","article_modified_time":"2026-02-09T13:03:31+00:00","og_image":[{"width":881,"height":1400,"url":"https:\/\/www.tourinto.pt\/wp-content\/uploads\/2023\/07\/Fitapreta-Chao-dos-Eremitas-Castelao.png","type":"image\/png"}],"twitter_card":"summary_large_image","twitter_misc":{"Price":"35,15&nbsp;&euro;","Availability":"In stock"},"schema":{"@context":"https:\/\/schema.org","@graph":[{"@type":"WebPage","@id":"https:\/\/www.tourinto.pt\/product\/fitapreta-chao-dos-eremitas-castelao\/","url":"https:\/\/www.tourinto.pt\/product\/fitapreta-chao-dos-eremitas-castelao\/","name":"Fitapreta Ch\u00e3o dos Eremitas Castel\u00e3o - Tourinto Premium Wines","isPartOf":{"@id":"https:\/\/www.tourinto.pt\/#website"},"primaryImageOfPage":{"@id":"https:\/\/www.tourinto.pt\/product\/fitapreta-chao-dos-eremitas-castelao\/#primaryimage"},"image":{"@id":"https:\/\/www.tourinto.pt\/product\/fitapreta-chao-dos-eremitas-castelao\/#primaryimage"},"thumbnailUrl":"https:\/\/i0.wp.com\/www.tourinto.pt\/wp-content\/uploads\/2023\/07\/Fitapreta-Chao-dos-Eremitas-Castelao.png?fit=881%2C1400&ssl=1","datePublished":"2023-07-30T12:06:05+00:00","dateModified":"2026-02-09T13:03:31+00:00","description":"Fitapreta Ch\u00e3o dos Eremitas Castel\u00e3o \u00e9 primeiramente um vinho desconcertante, que demonstra o papel desta casta no antigo Alentejo. Fresco e intenso.","breadcrumb":{"@id":"https:\/\/www.tourinto.pt\/product\/fitapreta-chao-dos-eremitas-castelao\/#breadcrumb"},"inLanguage":"en-GB","potentialAction":[{"@type":"ReadAction","target":["https:\/\/www.tourinto.pt\/product\/fitapreta-chao-dos-eremitas-castelao\/"]}]},{"@type":"ImageObject","inLanguage":"en-GB","@id":"https:\/\/www.tourinto.pt\/product\/fitapreta-chao-dos-eremitas-castelao\/#primaryimage","url":"https:\/\/i0.wp.com\/www.tourinto.pt\/wp-content\/uploads\/2023\/07\/Fitapreta-Chao-dos-Eremitas-Castelao.png?fit=881%2C1400&ssl=1","contentUrl":"https:\/\/i0.wp.com\/www.tourinto.pt\/wp-content\/uploads\/2023\/07\/Fitapreta-Chao-dos-Eremitas-Castelao.png?fit=881%2C1400&ssl=1","width":881,"height":1400,"caption":"Ant\u00f3nio Ma\u00e7anita Vinhos, Fitapreta Castel\u00e3o, Ma\u00e7anita Vinho Tinto, Fitepreta Vinho Tinto"},{"@type":"BreadcrumbList","@id":"https:\/\/www.tourinto.pt\/product\/fitapreta-chao-dos-eremitas-castelao\/#breadcrumb","itemListElement":[{"@type":"ListItem","position":1,"name":"In\u00edcio","item":"https:\/\/www.tourinto.pt\/"},{"@type":"ListItem","position":2,"name":"Garrafeira on-line","item":"https:\/\/www.tourinto.pt\/garrafeira-on-line\/"},{"@type":"ListItem","position":3,"name":"Fitapreta Ch\u00e3o dos Eremitas Castel\u00e3o"}]},{"@type":"WebSite","@id":"https:\/\/www.tourinto.pt\/#website","url":"https:\/\/www.tourinto.pt\/","name":"Tourinto Premium Wines","description":"Wine Shop online","publisher":{"@id":"https:\/\/www.tourinto.pt\/#organization"},"alternateName":"Garrafeira on-line","potentialAction":[{"@type":"SearchAction","target":{"@type":"EntryPoint","urlTemplate":"https:\/\/www.tourinto.pt\/?s={search_term_string}"},"query-input":{"@type":"PropertyValueSpecification","valueRequired":true,"valueName":"search_term_string"}}],"inLanguage":"en-GB"},{"@type":["Organization","Place"],"@id":"https:\/\/www.tourinto.pt\/#organization","name":"Tourinto","alternateName":"Garrafeira Tourinto, Lda.","url":"https:\/\/www.tourinto.pt\/","logo":{"@id":"https:\/\/www.tourinto.pt\/product\/fitapreta-chao-dos-eremitas-castelao\/#local-main-organization-logo"},"image":{"@id":"https:\/\/www.tourinto.pt\/product\/fitapreta-chao-dos-eremitas-castelao\/#local-main-organization-logo"},"sameAs":["https:\/\/www.facebook.com\/garrafeiratourinto","https:\/\/www.instagram.com\/garrafeiratourinto\/"],"telephone":[],"openingHoursSpecification":[{"@type":"OpeningHoursSpecification","dayOfWeek":["Monday","Tuesday","Wednesday","Thursday","Friday","Saturday","Sunday"],"opens":"09:00","closes":"17:00"}]},{"@type":"ImageObject","inLanguage":"en-GB","@id":"https:\/\/www.tourinto.pt\/product\/fitapreta-chao-dos-eremitas-castelao\/#local-main-organization-logo","url":"https:\/\/i0.wp.com\/www.tourinto.pt\/wp-content\/uploads\/2022\/07\/tourinto-logo-big.png?fit=1400%2C505&ssl=1","contentUrl":"https:\/\/i0.wp.com\/www.tourinto.pt\/wp-content\/uploads\/2022\/07\/tourinto-logo-big.png?fit=1400%2C505&ssl=1","width":1400,"height":505,"caption":"Tourinto"}]},"product_price_amount":"35.15","product_price_currency":"EUR","og_availability":"instock","product_availability":"instock","product_retailer_item_id":"47.07.2022","product_condition":"new"},"jetpack_publicize_connections":[],"jetpack_sharing_enabled":true,"_links":{"self":[{"href":"https:\/\/www.tourinto.pt\/en\/wp-json\/wp\/v2\/product\/6862","targetHints":{"allow":["GET"]}}],"collection":[{"href":"https:\/\/www.tourinto.pt\/en\/wp-json\/wp\/v2\/product"}],"about":[{"href":"https:\/\/www.tourinto.pt\/en\/wp-json\/wp\/v2\/types\/product"}],"replies":[{"embeddable":true,"href":"https:\/\/www.tourinto.pt\/en\/wp-json\/wp\/v2\/comments?post=6862"}],"wp:featuredmedia":[{"embeddable":true,"href":"https:\/\/www.tourinto.pt\/en\/wp-json\/wp\/v2\/media\/6864"}],"wp:attachment":[{"href":"https:\/\/www.tourinto.pt\/en\/wp-json\/wp\/v2\/media?parent=6862"}],"wp:term":[{"taxonomy":"product_brand","embeddable":true,"href":"https:\/\/www.tourinto.pt\/en\/wp-json\/wp\/v2\/product_brand?post=6862"},{"taxonomy":"product_cat","embeddable":true,"href":"https:\/\/www.tourinto.pt\/en\/wp-json\/wp\/v2\/product_cat?post=6862"},{"taxonomy":"product_tag","embeddable":true,"href":"https:\/\/www.tourinto.pt\/en\/wp-json\/wp\/v2\/product_tag?post=6862"}],"curies":[{"name":"wp","href":"https:\/\/api.w.org\/{rel}","templated":true}]}}