{"id":6815,"date":"2023-07-20T18:19:39","date_gmt":"2023-07-20T18:19:39","guid":{"rendered":"https:\/\/www.tourinto.pt\/?post_type=product&#038;p=6815"},"modified":"2026-03-16T09:49:44","modified_gmt":"2026-03-16T09:49:44","slug":"royal-palmeira-loureiro-branco","status":"publish","type":"product","link":"https:\/\/www.tourinto.pt\/en\/product\/royal-palmeira-loureiro-branco\/","title":{"rendered":"Royal Palmeira Loureiro White"},"content":{"rendered":"<div class=\"wpb-content-wrapper\"><div class=\"vc_row wpb_row vc_row-fluid\"><div class=\"wpb_column vc_column_container vc_col-sm-12\"><div class=\"vc_column-inner\"><div class=\"wpb_wrapper\">\n\t<div class=\"wpb_text_column wpb_content_element\" >\n\t\t<div class=\"wpb_wrapper\">\n\t\t\t<p><strong>Royal Palmeira Loureiro White<\/strong><\/p>\n<p><strong>Grape varieties: <\/strong>Loureiro.<br \/>\n<strong>Aging: <\/strong>Not available.<br \/>\n<b>Colour: <\/b>Greenish-yellow.<br \/>\n<strong>Aroma: <\/strong>Mineral, soft notes of tropical fruit, combined with a touch of citrus, reveals an elegant and fresh mouthfeel.<br \/>\n<strong>Flavour: <\/strong>Mouth with fresh citrus notes, denoting acidity and elegance. Long finish with delicious notes of orange and lemon.<\/p>\n<hr style=\"border: #b0976d 1px dotted\" \/>\n<p><strong>Serve:<\/strong> 11\u2070 a 12\u2070<br \/>\n<strong>Consumption:\u00a0<\/strong>Immediate (up to 10 years).<\/p>\n<hr style=\"border: #b0976d 1px dotted\" \/>\n<p><strong>Harmonisation: <\/strong>Great with Mediterranean dishes.<\/p>\n<hr style=\"border: #b0976d 1px dotted\" \/>\n<p><b>Producer: <\/b><a href=\"https:\/\/www.tourinto.pt\/en\/produto-categoria\/produtores\/royal-palmeira\/\">Pa\u00e7o de Palmeira<\/a><\/p>\n<p><b>Enology: <\/b>Pascal Chatonnet<\/p>\n<p><strong>Category:<\/strong> Portuguese Wines \u2013 <a href=\"https:\/\/www.tourinto.pt\/en\/portugal\/vinhos-verdes\/\">Vinho Verde<\/a><\/p>\n<p><strong>Awards and Notes:<\/strong><\/p>\n<ul>\n<li><strong>Revista de Vinhos<\/strong> &#8211; 17\/20 (2019)<\/li>\n<\/ul>\n<p><a href=\"https:\/\/fladgatewines.com\/quintas\/paco-de-palmeira-2\/\"><span style=\"color: #f1f1f1\">Pa\u00e7o da Palmeira<\/span><\/a><\/p>\n\n\t\t<\/div>\n\t<\/div>\n<\/div><\/div><\/div><\/div><div class=\"vc_row wpb_row vc_row-fluid\"><div class=\"wpb_column vc_column_container vc_col-sm-12\"><div class=\"vc_column-inner\"><div class=\"wpb_wrapper\">\n<div class=\"vc_grid-container-wrapper vc_clearfix vc_grid-animation-fadeIn\">\n\t<div class=\"vc_grid-container vc_clearfix wpb_content_element vc_media_grid\" data-initial-loading-animation=\"fadeIn\" data-vc-grid-settings=\"{&quot;page_id&quot;:6815,&quot;style&quot;:&quot;all&quot;,&quot;action&quot;:&quot;vc_get_vc_grid_data&quot;,&quot;shortcode_id&quot;:&quot;1757344237557-c8cd2bc0-ad88-3&quot;,&quot;tag&quot;:&quot;vc_media_grid&quot;}\" data-vc-request=\"https:\/\/www.tourinto.pt\/wp-admin\/admin-ajax.php\" data-vc-post-id=\"6815\" data-vc-public-nonce=\"b902f86529\">\n\t\t\n\t<\/div>\n<\/div><\/div><\/div><\/div><\/div>\n<\/div>","protected":false},"excerpt":{"rendered":"<p>Royal Palmeira Branco \u00e9 um 100% Loureiro da regi\u00e3o dos Vinhos Verdes, que apresenta grande intensidade arom\u00e1tica e frescura, para al\u00e9m de mineral e com notas c\u00edtricas. Um vinho elegante que termina num final longo.<\/p>\n<p>Saiba mais sobre <a href=\"https:\/\/www.tourinto.pt\/produto-categoria\/produtores\/royal-palmeira\/\">Pa\u00e7o de Palmeira<\/a>.<\/p>\n[contact-form-7 id=\"4433d5d\" title=\"nota Uni\u00e3o Europeia\"]\n","protected":false},"featured_media":13961,"comment_status":"closed","ping_status":"closed","template":"","meta":{"_acf_changed":false,"_joinchat":[],"jetpack_publicize_message":"","jetpack_publicize_feature_enabled":true,"jetpack_social_post_already_shared":true,"jetpack_social_options":{"image_generator_settings":{"template":"highway","default_image_id":0,"font":"","enabled":false},"version":2}},"product_brand":[],"product_cat":[1452,18,424,392,100,81,44,127,1056,492],"product_tag":[373,124,123],"class_list":{"0":"post-6815","1":"product","2":"type-product","3":"status-publish","4":"has-post-thumbnail","6":"product_cat-peixe-e-bacalhau","7":"product_cat-vinho-branco","8":"product_cat-vinhos-portugal","9":"product_cat-pequenos-produtores","10":"product_cat-tipologia","11":"product_cat-regiao","12":"product_cat-produtores","13":"product_cat-vinho-verde","14":"product_cat-loureiro","15":"product_cat-paco-daa-quinta-do-paco-foi-construida-no-seculo-xviii-pelo-arcebispo-de-braga-situada-na-confluencia-dos-rios-cavado-e-homem-entre-braga-e-vila-verde-e-um-dos-mais-belos-monumentos-arquitectonicos","16":"product_tag-vinho-branco","17":"product_tag-alvarinho","18":"product_tag-vinho-verde","19":"pa_ano-32","20":"pa_castas-loureiro","21":"pa_categoria-vinhos-portugueses","22":"pa_enologia-pascal-chatonnet","23":"pa_harmonizacao-peixe","24":"pa_harmonizacao-gatronomia-mediterranea","25":"pa_leveduras-selecionadas","26":"pa_produtor-paco-de-palmeira","27":"pa_regiao-vinhos-verdes","28":"pa_tipologia-vinho-branco","29":"pa_vinificacao-tradicional","30":"pa_viticultura-sustentavel","31":"pa_volume-750ml","33":"first","34":"instock","35":"taxable","36":"shipping-taxable","37":"purchasable","38":"product-type-simple"},"acf":[],"yoast_head":"<!-- This site is optimized with the Yoast SEO Premium plugin v27.3 (Yoast SEO v27.4) - https:\/\/yoast.com\/product\/yoast-seo-premium-wordpress\/ -->\n<title>Royal Palmeira Loureiro Branco - Tourinto Premium Wines<\/title>\n<meta name=\"description\" content=\"Royal Palmeira Branco \u00e9 um 100% Loureiro muito arom\u00e1tico e fresco, mineral e com notas c\u00edtricas. Um vinho elegante que termina num final longo.\" \/>\n<meta name=\"robots\" content=\"index, follow, max-snippet:-1, max-image-preview:large, max-video-preview:-1\" \/>\n<link rel=\"canonical\" href=\"https:\/\/www.tourinto.pt\/en\/product\/royal-palmeira-loureiro-branco\/\" \/>\n<meta property=\"og:locale\" content=\"en_GB\" \/>\n<meta property=\"og:type\" content=\"article\" \/>\n<meta property=\"og:title\" content=\"Royal Palmeira Loureiro Branco\" \/>\n<meta property=\"og:description\" content=\"Royal Palmeira Branco \u00e9 um 100% Loureiro muito arom\u00e1tico e fresco, mineral e com notas c\u00edtricas. Um vinho elegante que termina num final longo.\" \/>\n<meta property=\"og:url\" content=\"https:\/\/www.tourinto.pt\/en\/product\/royal-palmeira-loureiro-branco\/\" \/>\n<meta property=\"og:site_name\" content=\"Tourinto Premium Wines\" \/>\n<meta property=\"article:publisher\" content=\"https:\/\/www.facebook.com\/garrafeiratourinto\" \/>\n<meta property=\"article:modified_time\" content=\"2026-03-16T09:49:44+00:00\" \/>\n<meta property=\"og:image\" content=\"https:\/\/i0.wp.com\/www.tourinto.pt\/wp-content\/uploads\/2023\/07\/Royal-Palmeira-Alvarinho.webp?fit=881%2C1400&ssl=1\" \/>\n\t<meta property=\"og:image:width\" content=\"881\" \/>\n\t<meta property=\"og:image:height\" content=\"1400\" \/>\n\t<meta property=\"og:image:type\" content=\"image\/webp\" \/>\n<meta name=\"twitter:card\" content=\"summary_large_image\" \/>\n<meta name=\"twitter:label1\" content=\"Price\" \/>\n\t<meta name=\"twitter:data1\" content=\"19,20&nbsp;&euro;\" \/>\n\t<meta name=\"twitter:label2\" content=\"Availability\" \/>\n\t<meta name=\"twitter:data2\" content=\"In stock\" \/>\n<script type=\"application\/ld+json\" class=\"yoast-schema-graph\">{\"@context\":\"https:\\\/\\\/schema.org\",\"@graph\":[{\"@type\":\"WebPage\",\"@id\":\"https:\\\/\\\/www.tourinto.pt\\\/product\\\/royal-palmeira-loureiro-branco\\\/\",\"url\":\"https:\\\/\\\/www.tourinto.pt\\\/product\\\/royal-palmeira-loureiro-branco\\\/\",\"name\":\"Royal Palmeira Loureiro Branco - Tourinto Premium Wines\",\"isPartOf\":{\"@id\":\"https:\\\/\\\/www.tourinto.pt\\\/#website\"},\"primaryImageOfPage\":{\"@id\":\"https:\\\/\\\/www.tourinto.pt\\\/product\\\/royal-palmeira-loureiro-branco\\\/#primaryimage\"},\"image\":{\"@id\":\"https:\\\/\\\/www.tourinto.pt\\\/product\\\/royal-palmeira-loureiro-branco\\\/#primaryimage\"},\"thumbnailUrl\":\"https:\\\/\\\/i0.wp.com\\\/www.tourinto.pt\\\/wp-content\\\/uploads\\\/2023\\\/07\\\/Royal-Palmeira-Alvarinho.webp?fit=881%2C1400&ssl=1\",\"datePublished\":\"2023-07-20T18:19:39+00:00\",\"dateModified\":\"2026-03-16T09:49:44+00:00\",\"description\":\"Royal Palmeira Branco \u00e9 um 100% Loureiro muito arom\u00e1tico e fresco, mineral e com notas c\u00edtricas. Um vinho elegante que termina num final longo.\",\"breadcrumb\":{\"@id\":\"https:\\\/\\\/www.tourinto.pt\\\/product\\\/royal-palmeira-loureiro-branco\\\/#breadcrumb\"},\"inLanguage\":\"en-GB\",\"potentialAction\":[{\"@type\":\"ReadAction\",\"target\":[\"https:\\\/\\\/www.tourinto.pt\\\/product\\\/royal-palmeira-loureiro-branco\\\/\"]}]},{\"@type\":\"ImageObject\",\"inLanguage\":\"en-GB\",\"@id\":\"https:\\\/\\\/www.tourinto.pt\\\/product\\\/royal-palmeira-loureiro-branco\\\/#primaryimage\",\"url\":\"https:\\\/\\\/i0.wp.com\\\/www.tourinto.pt\\\/wp-content\\\/uploads\\\/2023\\\/07\\\/Royal-Palmeira-Alvarinho.webp?fit=881%2C1400&ssl=1\",\"contentUrl\":\"https:\\\/\\\/i0.wp.com\\\/www.tourinto.pt\\\/wp-content\\\/uploads\\\/2023\\\/07\\\/Royal-Palmeira-Alvarinho.webp?fit=881%2C1400&ssl=1\",\"width\":881,\"height\":1400,\"caption\":\"Royal Palmeira Loureiro, Royal Palmeira Vinho Branco, Palmeira Vinho Branco, Royal Palmeira Vinho Verde, Vinho Branco Royal Palmeira\"},{\"@type\":\"BreadcrumbList\",\"@id\":\"https:\\\/\\\/www.tourinto.pt\\\/product\\\/royal-palmeira-loureiro-branco\\\/#breadcrumb\",\"itemListElement\":[{\"@type\":\"ListItem\",\"position\":1,\"name\":\"In\u00edcio\",\"item\":\"https:\\\/\\\/www.tourinto.pt\\\/\"},{\"@type\":\"ListItem\",\"position\":2,\"name\":\"Garrafeira on-line\",\"item\":\"https:\\\/\\\/www.tourinto.pt\\\/garrafeira-on-line\\\/\"},{\"@type\":\"ListItem\",\"position\":3,\"name\":\"Royal Palmeira Loureiro Branco\"}]},{\"@type\":\"WebSite\",\"@id\":\"https:\\\/\\\/www.tourinto.pt\\\/#website\",\"url\":\"https:\\\/\\\/www.tourinto.pt\\\/\",\"name\":\"Tourinto Premium Wines\",\"description\":\"Garrafeira on-line\",\"publisher\":{\"@id\":\"https:\\\/\\\/www.tourinto.pt\\\/#organization\"},\"alternateName\":\"Garrafeira on-line\",\"potentialAction\":[{\"@type\":\"SearchAction\",\"target\":{\"@type\":\"EntryPoint\",\"urlTemplate\":\"https:\\\/\\\/www.tourinto.pt\\\/?s={search_term_string}\"},\"query-input\":{\"@type\":\"PropertyValueSpecification\",\"valueRequired\":true,\"valueName\":\"search_term_string\"}}],\"inLanguage\":\"en-GB\"},{\"@type\":[\"Organization\",\"Place\"],\"@id\":\"https:\\\/\\\/www.tourinto.pt\\\/#organization\",\"name\":\"Tourinto\",\"alternateName\":\"Garrafeira Tourinto, Lda.\",\"url\":\"https:\\\/\\\/www.tourinto.pt\\\/\",\"logo\":{\"@id\":\"https:\\\/\\\/www.tourinto.pt\\\/product\\\/royal-palmeira-loureiro-branco\\\/#local-main-organization-logo\"},\"image\":{\"@id\":\"https:\\\/\\\/www.tourinto.pt\\\/product\\\/royal-palmeira-loureiro-branco\\\/#local-main-organization-logo\"},\"sameAs\":[\"https:\\\/\\\/www.facebook.com\\\/garrafeiratourinto\",\"https:\\\/\\\/www.instagram.com\\\/garrafeiratourinto\\\/\"],\"telephone\":[],\"openingHoursSpecification\":[{\"@type\":\"OpeningHoursSpecification\",\"dayOfWeek\":[\"Monday\",\"Tuesday\",\"Wednesday\",\"Thursday\",\"Friday\",\"Saturday\",\"Sunday\"],\"opens\":\"09:00\",\"closes\":\"17:00\"}]},{\"@type\":\"ImageObject\",\"inLanguage\":\"en-GB\",\"@id\":\"https:\\\/\\\/www.tourinto.pt\\\/product\\\/royal-palmeira-loureiro-branco\\\/#local-main-organization-logo\",\"url\":\"https:\\\/\\\/i0.wp.com\\\/www.tourinto.pt\\\/wp-content\\\/uploads\\\/2022\\\/07\\\/tourinto-logo-big.png?fit=1400%2C505&ssl=1\",\"contentUrl\":\"https:\\\/\\\/i0.wp.com\\\/www.tourinto.pt\\\/wp-content\\\/uploads\\\/2022\\\/07\\\/tourinto-logo-big.png?fit=1400%2C505&ssl=1\",\"width\":1400,\"height\":505,\"caption\":\"Tourinto\"}]}<\/script>\n<meta property=\"product:price:amount\" content=\"19.20\" \/>\n<meta property=\"product:price:currency\" content=\"EUR\" \/>\n<meta property=\"og:availability\" content=\"instock\" \/>\n<meta property=\"product:availability\" content=\"instock\" \/>\n<meta property=\"product:retailer_item_id\" content=\"125.13.2020\" \/>\n<meta property=\"product:condition\" content=\"new\" \/>\n<!-- \/ Yoast SEO Premium plugin. -->","yoast_head_json":{"title":"Royal Palmeira Loureiro Branco - Tourinto Premium Wines","description":"Royal Palmeira Branco \u00e9 um 100% Loureiro muito arom\u00e1tico e fresco, mineral e com notas c\u00edtricas. Um vinho elegante que termina num final longo.","robots":{"index":"index","follow":"follow","max-snippet":"max-snippet:-1","max-image-preview":"max-image-preview:large","max-video-preview":"max-video-preview:-1"},"canonical":"https:\/\/www.tourinto.pt\/en\/product\/royal-palmeira-loureiro-branco\/","og_locale":"en_GB","og_type":"article","og_title":"Royal Palmeira Loureiro Branco","og_description":"Royal Palmeira Branco \u00e9 um 100% Loureiro muito arom\u00e1tico e fresco, mineral e com notas c\u00edtricas. Um vinho elegante que termina num final longo.","og_url":"https:\/\/www.tourinto.pt\/en\/product\/royal-palmeira-loureiro-branco\/","og_site_name":"Tourinto Premium Wines","article_publisher":"https:\/\/www.facebook.com\/garrafeiratourinto","article_modified_time":"2026-03-16T09:49:44+00:00","og_image":[{"width":881,"height":1400,"url":"https:\/\/i0.wp.com\/www.tourinto.pt\/wp-content\/uploads\/2023\/07\/Royal-Palmeira-Alvarinho.webp?fit=881%2C1400&ssl=1","type":"image\/webp"}],"twitter_card":"summary_large_image","twitter_misc":{"Price":"19,20&nbsp;&euro;","Availability":"In stock"},"schema":{"@context":"https:\/\/schema.org","@graph":[{"@type":"WebPage","@id":"https:\/\/www.tourinto.pt\/product\/royal-palmeira-loureiro-branco\/","url":"https:\/\/www.tourinto.pt\/product\/royal-palmeira-loureiro-branco\/","name":"Royal Palmeira Loureiro Branco - Tourinto Premium Wines","isPartOf":{"@id":"https:\/\/www.tourinto.pt\/#website"},"primaryImageOfPage":{"@id":"https:\/\/www.tourinto.pt\/product\/royal-palmeira-loureiro-branco\/#primaryimage"},"image":{"@id":"https:\/\/www.tourinto.pt\/product\/royal-palmeira-loureiro-branco\/#primaryimage"},"thumbnailUrl":"https:\/\/i0.wp.com\/www.tourinto.pt\/wp-content\/uploads\/2023\/07\/Royal-Palmeira-Alvarinho.webp?fit=881%2C1400&ssl=1","datePublished":"2023-07-20T18:19:39+00:00","dateModified":"2026-03-16T09:49:44+00:00","description":"Royal Palmeira Branco \u00e9 um 100% Loureiro muito arom\u00e1tico e fresco, mineral e com notas c\u00edtricas. Um vinho elegante que termina num final longo.","breadcrumb":{"@id":"https:\/\/www.tourinto.pt\/product\/royal-palmeira-loureiro-branco\/#breadcrumb"},"inLanguage":"en-GB","potentialAction":[{"@type":"ReadAction","target":["https:\/\/www.tourinto.pt\/product\/royal-palmeira-loureiro-branco\/"]}]},{"@type":"ImageObject","inLanguage":"en-GB","@id":"https:\/\/www.tourinto.pt\/product\/royal-palmeira-loureiro-branco\/#primaryimage","url":"https:\/\/i0.wp.com\/www.tourinto.pt\/wp-content\/uploads\/2023\/07\/Royal-Palmeira-Alvarinho.webp?fit=881%2C1400&ssl=1","contentUrl":"https:\/\/i0.wp.com\/www.tourinto.pt\/wp-content\/uploads\/2023\/07\/Royal-Palmeira-Alvarinho.webp?fit=881%2C1400&ssl=1","width":881,"height":1400,"caption":"Royal Palmeira Loureiro, Royal Palmeira Vinho Branco, Palmeira Vinho Branco, Royal Palmeira Vinho Verde, Vinho Branco Royal Palmeira"},{"@type":"BreadcrumbList","@id":"https:\/\/www.tourinto.pt\/product\/royal-palmeira-loureiro-branco\/#breadcrumb","itemListElement":[{"@type":"ListItem","position":1,"name":"In\u00edcio","item":"https:\/\/www.tourinto.pt\/"},{"@type":"ListItem","position":2,"name":"Garrafeira on-line","item":"https:\/\/www.tourinto.pt\/garrafeira-on-line\/"},{"@type":"ListItem","position":3,"name":"Royal Palmeira Loureiro Branco"}]},{"@type":"WebSite","@id":"https:\/\/www.tourinto.pt\/#website","url":"https:\/\/www.tourinto.pt\/","name":"Tourinto Premium Wines","description":"Wine Shop online","publisher":{"@id":"https:\/\/www.tourinto.pt\/#organization"},"alternateName":"Garrafeira on-line","potentialAction":[{"@type":"SearchAction","target":{"@type":"EntryPoint","urlTemplate":"https:\/\/www.tourinto.pt\/?s={search_term_string}"},"query-input":{"@type":"PropertyValueSpecification","valueRequired":true,"valueName":"search_term_string"}}],"inLanguage":"en-GB"},{"@type":["Organization","Place"],"@id":"https:\/\/www.tourinto.pt\/#organization","name":"Tourinto","alternateName":"Garrafeira Tourinto, Lda.","url":"https:\/\/www.tourinto.pt\/","logo":{"@id":"https:\/\/www.tourinto.pt\/product\/royal-palmeira-loureiro-branco\/#local-main-organization-logo"},"image":{"@id":"https:\/\/www.tourinto.pt\/product\/royal-palmeira-loureiro-branco\/#local-main-organization-logo"},"sameAs":["https:\/\/www.facebook.com\/garrafeiratourinto","https:\/\/www.instagram.com\/garrafeiratourinto\/"],"telephone":[],"openingHoursSpecification":[{"@type":"OpeningHoursSpecification","dayOfWeek":["Monday","Tuesday","Wednesday","Thursday","Friday","Saturday","Sunday"],"opens":"09:00","closes":"17:00"}]},{"@type":"ImageObject","inLanguage":"en-GB","@id":"https:\/\/www.tourinto.pt\/product\/royal-palmeira-loureiro-branco\/#local-main-organization-logo","url":"https:\/\/i0.wp.com\/www.tourinto.pt\/wp-content\/uploads\/2022\/07\/tourinto-logo-big.png?fit=1400%2C505&ssl=1","contentUrl":"https:\/\/i0.wp.com\/www.tourinto.pt\/wp-content\/uploads\/2022\/07\/tourinto-logo-big.png?fit=1400%2C505&ssl=1","width":1400,"height":505,"caption":"Tourinto"}]},"product_price_amount":"19.20","product_price_currency":"EUR","og_availability":"instock","product_availability":"instock","product_retailer_item_id":"125.13.2020","product_condition":"new"},"jetpack_publicize_connections":[],"jetpack_sharing_enabled":true,"_links":{"self":[{"href":"https:\/\/www.tourinto.pt\/en\/wp-json\/wp\/v2\/product\/6815","targetHints":{"allow":["GET"]}}],"collection":[{"href":"https:\/\/www.tourinto.pt\/en\/wp-json\/wp\/v2\/product"}],"about":[{"href":"https:\/\/www.tourinto.pt\/en\/wp-json\/wp\/v2\/types\/product"}],"replies":[{"embeddable":true,"href":"https:\/\/www.tourinto.pt\/en\/wp-json\/wp\/v2\/comments?post=6815"}],"wp:featuredmedia":[{"embeddable":true,"href":"https:\/\/www.tourinto.pt\/en\/wp-json\/wp\/v2\/media\/13961"}],"wp:attachment":[{"href":"https:\/\/www.tourinto.pt\/en\/wp-json\/wp\/v2\/media?parent=6815"}],"wp:term":[{"taxonomy":"product_brand","embeddable":true,"href":"https:\/\/www.tourinto.pt\/en\/wp-json\/wp\/v2\/product_brand?post=6815"},{"taxonomy":"product_cat","embeddable":true,"href":"https:\/\/www.tourinto.pt\/en\/wp-json\/wp\/v2\/product_cat?post=6815"},{"taxonomy":"product_tag","embeddable":true,"href":"https:\/\/www.tourinto.pt\/en\/wp-json\/wp\/v2\/product_tag?post=6815"}],"curies":[{"name":"wp","href":"https:\/\/api.w.org\/{rel}","templated":true}]}}