{"id":6486,"date":"2023-06-12T14:20:07","date_gmt":"2023-06-12T14:20:07","guid":{"rendered":"https:\/\/www.tourinto.pt\/?post_type=product&#038;p=6486"},"modified":"2026-02-09T13:00:32","modified_gmt":"2026-02-09T13:00:32","slug":"marcio-lopes-pequenos-rebentos-touche-tinto","status":"publish","type":"product","link":"https:\/\/www.tourinto.pt\/en\/product\/marcio-lopes-pequenos-rebentos-touche-tinto\/","title":{"rendered":"M\u00e1rcio Lopes Pequenos Rebentos Touch\u00e9 Red 2021"},"content":{"rendered":"<div class=\"wpb-content-wrapper\"><div data-vc-full-width=\"true\" data-vc-full-width-init=\"false\" class=\"vc_row wpb_row vc_row-fluid vc_custom_1656585076455 vc_row-has-fill\"><div class=\"wpb_column vc_column_container vc_col-sm-12\"><div class=\"vc_column-inner\"><div class=\"wpb_wrapper\"><div class=\"vc_tta-container\" data-vc-action=\"collapse\"><div class=\"vc_general vc_tta vc_tta-tabs vc_tta-color-black vc_tta-style-flat vc_tta-shape-square vc_tta-spacing-1 vc_tta-o-no-fill vc_tta-tabs-position-top vc_tta-controls-align-left\"><div class=\"vc_tta-tabs-container\"><ul class=\"vc_tta-tabs-list\" role=\"tablist\"><li class=\"vc_tta-tab vc_active\" data-vc-tab role=\"presentation\"><a href=\"#1656584484701-0e478312-357c\" data-vc-tabs data-vc-container=\".vc_tta\" role=\"tab\" aria-selected=\"false\" id=\"tab-1656584484701-0e478312-357c\"><i class=\"vc_tta-icon vc-oi vc-oi-article\"><\/i><span class=\"vc_tta-title-text\">Description<\/span><\/a><\/li><\/ul><\/div><div class=\"vc_tta-panels-container\"><div class=\"vc_tta-panels\"><div class=\"vc_tta-panel vc_active\" id=\"1656584484701-0e478312-357c\" data-vc-content=\".vc_tta-panel-body\"><div class=\"vc_tta-panel-heading\"><h4 class=\"vc_tta-panel-title\"><a href=\"#1656584484701-0e478312-357c\" data-vc-accordion data-vc-container=\".vc_tta-container\"><i class=\"vc_tta-icon vc-oi vc-oi-article\"><\/i><span class=\"vc_tta-title-text\">Description<\/span><\/a><\/h4><\/div><div class=\"vc_tta-panel-body\">\n\t<div class=\"wpb_text_column wpb_content_element\" >\n\t\t<div class=\"wpb_wrapper\">\n\t\t\t<p><strong>M\u00e1rcio Lopes Pequenos Rebentos Touch\u00e9 Red 2021<\/strong><\/p>\n<p><strong>Grape varieties: <\/strong>Bastardo, Alvarelh\u00e3o, Ca\u00ednho Tinto and others.<br \/>\n<strong>Aging: <\/strong>8 months in oak barrels followed by 12 months in the bottle.<br \/>\n<strong>Colour: <\/strong>Light colour.<strong><br \/>\n<\/strong><strong>Aroma:<\/strong> A delicate elegant wine with some fresh fruit in the aroma.<br \/>\n<strong>Flavour: <\/strong>Tense in the mouth, with a long finish.<\/p>\n<hr style=\"border: #b0976d 1px dotted;\" \/>\n<p><strong>Serve:<\/strong> 16 to 18\u2070<br \/>\n<strong>Consumption:\u00a0<\/strong>Immediate or storage (10 years).<\/p>\n<hr style=\"border: #b0976d 1px dotted;\" \/>\n<p><strong>Harmonisation: <\/strong>Fish dishes, sushi, grilled white meats and salads.<\/p>\n<hr style=\"border: #b0976d 1px dotted;\" \/>\n<p><strong>Producer:<\/strong> <a href=\"https:\/\/www.tourinto.pt\/en\/produtores\/douro\/marcio-lopes-winemaker\/\">M\u00e1rcio Lopes<\/a><\/p>\n<p><strong>Enology: <\/strong>M\u00e1rcio Lopes<\/p>\n<p><strong>Category: <\/strong>Portuguese Wines \u2013 <a href=\"https:\/\/www.tourinto.pt\/en\/portugal\/vinhos-verdes\/\">Vinho Verde<\/a><\/p>\n<p><strong>No. of Bottles:<\/strong> 800<\/p>\n<p><strong>Awards and Notes:<\/strong><\/p>\n<ul>\n<li><strong>Robert<\/strong> <strong>Parker<\/strong> &#8211; 94\/100<\/li>\n<li><strong>James Suckling <\/strong>&#8211; 94\/100<\/li>\n<li><strong>Revista de Vinhos<\/strong> &#8211; 18\/20<\/li>\n<\/ul>\n<p><strong><a href=\"https:\/\/quintapacos.com\/\"><span style=\"color: #f1f1f1;\">marcio lopes<\/span><\/a><\/strong><\/p>\n\n\t\t<\/div>\n\t<\/div>\n<\/div><\/div><\/div><\/div><\/div><\/div><\/div><\/div><\/div><\/div><div class=\"vc_row-full-width vc_clearfix\"><\/div><div data-vc-full-width=\"true\" data-vc-full-width-init=\"false\" data-vc-stretch-content=\"true\" class=\"vc_row wpb_row vc_row-fluid vc_custom_1672762278517 vc_row-no-padding\"><div class=\"wpb_column vc_column_container vc_col-sm-12\"><div class=\"vc_column-inner\"><div class=\"wpb_wrapper\">\n<div class=\"vc_grid-container-wrapper vc_clearfix vc_grid-animation-fadeIn\">\n\t<div class=\"vc_grid-container vc_clearfix wpb_content_element vc_media_grid\" data-initial-loading-animation=\"fadeIn\" data-vc-grid-settings=\"{&quot;page_id&quot;:6486,&quot;style&quot;:&quot;all&quot;,&quot;action&quot;:&quot;vc_get_vc_grid_data&quot;,&quot;shortcode_id&quot;:&quot;1757589353013-b754fa46-38b6-5&quot;,&quot;tag&quot;:&quot;vc_media_grid&quot;}\" data-vc-request=\"https:\/\/www.tourinto.pt\/wp-admin\/admin-ajax.php\" data-vc-post-id=\"6486\" data-vc-public-nonce=\"a3489c1848\">\n\t\t\n\t<\/div>\n<\/div><\/div><\/div><\/div><\/div><div class=\"vc_row-full-width vc_clearfix\"><\/div>\n<\/div>","protected":false},"excerpt":{"rendered":"<p>M\u00e1rcio Lopes Pequenos Rebentos Touch\u00e9 Tinto 2021 \u00e9 elaborado a partir de ramadas com cerca de 90 anos, localizadas em Melga\u00e7o. Trata-se n\u00e3o necessariamente um \u201cverde tinto\u201d, mas de um tinto feito na Regi\u00e3o dos Vinhos Verdes, delicado e com alguma fruta fresca, mas principalmente de enorme eleg\u00e2ncia.<\/p>\n<p>Saiba mais sobre <a href=\"https:\/\/www.tourinto.pt\/produtores\/douro\/marcio-lopes-winemaker\/\">M\u00e1rcio Lopes.<\/a><\/p>\n[contact-form-7 id=\"4433d5d\" title=\"nota Uni\u00e3o Europeia\"]\n","protected":false},"featured_media":6523,"comment_status":"closed","ping_status":"closed","template":"","meta":{"_acf_changed":false,"_joinchat":[],"jetpack_publicize_message":"","jetpack_publicize_feature_enabled":true,"jetpack_social_post_already_shared":false,"jetpack_social_options":{"image_generator_settings":{"template":"highway","default_image_id":0,"font":"","enabled":false},"version":2}},"product_brand":[],"product_cat":[1058,1307,17,424,100,81,44,127,152],"product_tag":[261,339,294,214,65],"class_list":{"0":"post-6486","1":"product","2":"type-product","3":"status-publish","4":"has-post-thumbnail","6":"product_cat-vinhas-velhas","7":"product_cat-ready-to-drink-tintos","8":"product_cat-vinho-tinto","9":"product_cat-vinhos-portugal","10":"product_cat-tipologia","11":"product_cat-regiao","12":"product_cat-produtores","13":"product_cat-vinho-verde","14":"product_cat-marcio-lopes","15":"product_tag-vinhos-verdes","16":"product_tag-vinho-verdes","17":"product_tag-minima-intervencao","18":"product_tag-bastardo","19":"product_tag-vinhas-velhas","20":"pa_ano-33","21":"pa_castas-vinhas-velhas","22":"pa_categoria-vinhos-portugueses","23":"pa_enologia-marcio-lopes","24":"pa_harmonizacao-saladas","25":"pa_harmonizacao-carnes-brancas","26":"pa_harmonizacao-peixes-gordos","27":"pa_leveduras-indigenas","28":"pa_produtor-marcio-lopes","29":"pa_regiao-vinhos-verdes","30":"pa_tipologia-vinho-tinto","31":"pa_vinificacao-minima-intervencao","32":"pa_viticultura-sustentavel","33":"pa_volume-750ml","35":"first","36":"instock","37":"taxable","38":"shipping-taxable","39":"purchasable","40":"product-type-simple"},"acf":[],"yoast_head":"<!-- This site is optimized with the Yoast SEO Premium plugin v27.3 (Yoast SEO v27.4) - https:\/\/yoast.com\/product\/yoast-seo-premium-wordpress\/ -->\n<title>M\u00e1rcio Lopes Pequenos Rebentos Touch\u00e9 Tinto 2021 - Tourinto Premium Wines<\/title>\n<meta name=\"description\" content=\"Pequenos Rebentos Touch\u00e9 2021 Trata-se n\u00e3o necessariamente um \u201cverde tinto\u201d, mas de um tinto feito na Regi\u00e3o dos Vinhos Verdes.\" \/>\n<meta name=\"robots\" content=\"index, follow, max-snippet:-1, max-image-preview:large, max-video-preview:-1\" \/>\n<link rel=\"canonical\" href=\"https:\/\/www.tourinto.pt\/en\/product\/marcio-lopes-pequenos-rebentos-touche-tinto\/\" \/>\n<meta property=\"og:locale\" content=\"en_GB\" \/>\n<meta property=\"og:type\" content=\"article\" \/>\n<meta property=\"og:title\" content=\"M\u00e1rcio Lopes Pequenos Rebentos Touch\u00e9 Tinto 2021\" \/>\n<meta property=\"og:description\" content=\"Pequenos Rebentos Touch\u00e9 2021 Trata-se n\u00e3o necessariamente um \u201cverde tinto\u201d, mas de um tinto feito na Regi\u00e3o dos Vinhos Verdes.\" \/>\n<meta property=\"og:url\" content=\"https:\/\/www.tourinto.pt\/en\/product\/marcio-lopes-pequenos-rebentos-touche-tinto\/\" \/>\n<meta property=\"og:site_name\" content=\"Tourinto Premium Wines\" \/>\n<meta property=\"article:publisher\" content=\"https:\/\/www.facebook.com\/garrafeiratourinto\" \/>\n<meta property=\"article:modified_time\" content=\"2026-02-09T13:00:32+00:00\" \/>\n<meta property=\"og:image\" content=\"https:\/\/www.tourinto.pt\/wp-content\/uploads\/2023\/06\/Tourinto-PR_touche.webp\" \/>\n\t<meta property=\"og:image:width\" content=\"881\" \/>\n\t<meta property=\"og:image:height\" content=\"1400\" \/>\n\t<meta property=\"og:image:type\" content=\"image\/webp\" \/>\n<meta name=\"twitter:card\" content=\"summary_large_image\" \/>\n<meta name=\"twitter:label1\" content=\"Price\" \/>\n\t<meta name=\"twitter:data1\" content=\"58,60&nbsp;&euro;\" \/>\n\t<meta name=\"twitter:label2\" content=\"Availability\" \/>\n\t<meta name=\"twitter:data2\" content=\"In stock\" \/>\n<script type=\"application\/ld+json\" class=\"yoast-schema-graph\">{\"@context\":\"https:\\\/\\\/schema.org\",\"@graph\":[{\"@type\":\"WebPage\",\"@id\":\"https:\\\/\\\/www.tourinto.pt\\\/product\\\/marcio-lopes-pequenos-rebentos-touche-tinto\\\/\",\"url\":\"https:\\\/\\\/www.tourinto.pt\\\/product\\\/marcio-lopes-pequenos-rebentos-touche-tinto\\\/\",\"name\":\"M\u00e1rcio Lopes Pequenos Rebentos Touch\u00e9 Tinto 2021 - Tourinto Premium Wines\",\"isPartOf\":{\"@id\":\"https:\\\/\\\/www.tourinto.pt\\\/#website\"},\"primaryImageOfPage\":{\"@id\":\"https:\\\/\\\/www.tourinto.pt\\\/product\\\/marcio-lopes-pequenos-rebentos-touche-tinto\\\/#primaryimage\"},\"image\":{\"@id\":\"https:\\\/\\\/www.tourinto.pt\\\/product\\\/marcio-lopes-pequenos-rebentos-touche-tinto\\\/#primaryimage\"},\"thumbnailUrl\":\"https:\\\/\\\/i0.wp.com\\\/www.tourinto.pt\\\/wp-content\\\/uploads\\\/2023\\\/06\\\/Tourinto-PR_touche.webp?fit=881%2C1400&ssl=1\",\"datePublished\":\"2023-06-12T14:20:07+00:00\",\"dateModified\":\"2026-02-09T13:00:32+00:00\",\"description\":\"Pequenos Rebentos Touch\u00e9 2021 Trata-se n\u00e3o necessariamente um \u201cverde tinto\u201d, mas de um tinto feito na Regi\u00e3o dos Vinhos Verdes.\",\"breadcrumb\":{\"@id\":\"https:\\\/\\\/www.tourinto.pt\\\/product\\\/marcio-lopes-pequenos-rebentos-touche-tinto\\\/#breadcrumb\"},\"inLanguage\":\"en-GB\",\"potentialAction\":[{\"@type\":\"ReadAction\",\"target\":[\"https:\\\/\\\/www.tourinto.pt\\\/product\\\/marcio-lopes-pequenos-rebentos-touche-tinto\\\/\"]}]},{\"@type\":\"ImageObject\",\"inLanguage\":\"en-GB\",\"@id\":\"https:\\\/\\\/www.tourinto.pt\\\/product\\\/marcio-lopes-pequenos-rebentos-touche-tinto\\\/#primaryimage\",\"url\":\"https:\\\/\\\/i0.wp.com\\\/www.tourinto.pt\\\/wp-content\\\/uploads\\\/2023\\\/06\\\/Tourinto-PR_touche.webp?fit=881%2C1400&ssl=1\",\"contentUrl\":\"https:\\\/\\\/i0.wp.com\\\/www.tourinto.pt\\\/wp-content\\\/uploads\\\/2023\\\/06\\\/Tourinto-PR_touche.webp?fit=881%2C1400&ssl=1\",\"width\":881,\"height\":1400,\"caption\":\"M\u00e1rcio Lopes Touch\u00e9, M\u00e1cio Lopes Vinhos Verdes, Touch\u00e9 Vinho Tinto, Pequenos Rebentos Vinho Tinto, Touch\u00e9 Vinhas Velhas\"},{\"@type\":\"BreadcrumbList\",\"@id\":\"https:\\\/\\\/www.tourinto.pt\\\/product\\\/marcio-lopes-pequenos-rebentos-touche-tinto\\\/#breadcrumb\",\"itemListElement\":[{\"@type\":\"ListItem\",\"position\":1,\"name\":\"In\u00edcio\",\"item\":\"https:\\\/\\\/www.tourinto.pt\\\/\"},{\"@type\":\"ListItem\",\"position\":2,\"name\":\"Garrafeira on-line\",\"item\":\"https:\\\/\\\/www.tourinto.pt\\\/garrafeira-on-line\\\/\"},{\"@type\":\"ListItem\",\"position\":3,\"name\":\"M\u00e1rcio Lopes Pequenos Rebentos Touch\u00e9 Tinto 2021\"}]},{\"@type\":\"WebSite\",\"@id\":\"https:\\\/\\\/www.tourinto.pt\\\/#website\",\"url\":\"https:\\\/\\\/www.tourinto.pt\\\/\",\"name\":\"Tourinto Premium Wines\",\"description\":\"Garrafeira on-line\",\"publisher\":{\"@id\":\"https:\\\/\\\/www.tourinto.pt\\\/#organization\"},\"alternateName\":\"Garrafeira on-line\",\"potentialAction\":[{\"@type\":\"SearchAction\",\"target\":{\"@type\":\"EntryPoint\",\"urlTemplate\":\"https:\\\/\\\/www.tourinto.pt\\\/?s={search_term_string}\"},\"query-input\":{\"@type\":\"PropertyValueSpecification\",\"valueRequired\":true,\"valueName\":\"search_term_string\"}}],\"inLanguage\":\"en-GB\"},{\"@type\":[\"Organization\",\"Place\"],\"@id\":\"https:\\\/\\\/www.tourinto.pt\\\/#organization\",\"name\":\"Tourinto\",\"alternateName\":\"Garrafeira Tourinto, Lda.\",\"url\":\"https:\\\/\\\/www.tourinto.pt\\\/\",\"logo\":{\"@id\":\"https:\\\/\\\/www.tourinto.pt\\\/product\\\/marcio-lopes-pequenos-rebentos-touche-tinto\\\/#local-main-organization-logo\"},\"image\":{\"@id\":\"https:\\\/\\\/www.tourinto.pt\\\/product\\\/marcio-lopes-pequenos-rebentos-touche-tinto\\\/#local-main-organization-logo\"},\"sameAs\":[\"https:\\\/\\\/www.facebook.com\\\/garrafeiratourinto\",\"https:\\\/\\\/www.instagram.com\\\/garrafeiratourinto\\\/\"],\"telephone\":[],\"openingHoursSpecification\":[{\"@type\":\"OpeningHoursSpecification\",\"dayOfWeek\":[\"Monday\",\"Tuesday\",\"Wednesday\",\"Thursday\",\"Friday\",\"Saturday\",\"Sunday\"],\"opens\":\"09:00\",\"closes\":\"17:00\"}]},{\"@type\":\"ImageObject\",\"inLanguage\":\"en-GB\",\"@id\":\"https:\\\/\\\/www.tourinto.pt\\\/product\\\/marcio-lopes-pequenos-rebentos-touche-tinto\\\/#local-main-organization-logo\",\"url\":\"https:\\\/\\\/i0.wp.com\\\/www.tourinto.pt\\\/wp-content\\\/uploads\\\/2022\\\/07\\\/tourinto-logo-big.png?fit=1400%2C505&ssl=1\",\"contentUrl\":\"https:\\\/\\\/i0.wp.com\\\/www.tourinto.pt\\\/wp-content\\\/uploads\\\/2022\\\/07\\\/tourinto-logo-big.png?fit=1400%2C505&ssl=1\",\"width\":1400,\"height\":505,\"caption\":\"Tourinto\"}]}<\/script>\n<meta property=\"product:price:amount\" content=\"58.60\" \/>\n<meta property=\"product:price:currency\" content=\"EUR\" \/>\n<meta property=\"og:availability\" content=\"instock\" \/>\n<meta property=\"product:availability\" content=\"instock\" \/>\n<meta property=\"product:retailer_item_id\" content=\"18.09.2021\" \/>\n<meta property=\"product:condition\" content=\"new\" \/>\n<!-- \/ Yoast SEO Premium plugin. -->","yoast_head_json":{"title":"M\u00e1rcio Lopes Pequenos Rebentos Touch\u00e9 Tinto 2021 - Tourinto Premium Wines","description":"Pequenos Rebentos Touch\u00e9 2021 Trata-se n\u00e3o necessariamente um \u201cverde tinto\u201d, mas de um tinto feito na Regi\u00e3o dos Vinhos Verdes.","robots":{"index":"index","follow":"follow","max-snippet":"max-snippet:-1","max-image-preview":"max-image-preview:large","max-video-preview":"max-video-preview:-1"},"canonical":"https:\/\/www.tourinto.pt\/en\/product\/marcio-lopes-pequenos-rebentos-touche-tinto\/","og_locale":"en_GB","og_type":"article","og_title":"M\u00e1rcio Lopes Pequenos Rebentos Touch\u00e9 Tinto 2021","og_description":"Pequenos Rebentos Touch\u00e9 2021 Trata-se n\u00e3o necessariamente um \u201cverde tinto\u201d, mas de um tinto feito na Regi\u00e3o dos Vinhos Verdes.","og_url":"https:\/\/www.tourinto.pt\/en\/product\/marcio-lopes-pequenos-rebentos-touche-tinto\/","og_site_name":"Tourinto Premium Wines","article_publisher":"https:\/\/www.facebook.com\/garrafeiratourinto","article_modified_time":"2026-02-09T13:00:32+00:00","og_image":[{"width":881,"height":1400,"url":"https:\/\/www.tourinto.pt\/wp-content\/uploads\/2023\/06\/Tourinto-PR_touche.webp","type":"image\/webp"}],"twitter_card":"summary_large_image","twitter_misc":{"Price":"58,60&nbsp;&euro;","Availability":"In stock"},"schema":{"@context":"https:\/\/schema.org","@graph":[{"@type":"WebPage","@id":"https:\/\/www.tourinto.pt\/product\/marcio-lopes-pequenos-rebentos-touche-tinto\/","url":"https:\/\/www.tourinto.pt\/product\/marcio-lopes-pequenos-rebentos-touche-tinto\/","name":"M\u00e1rcio Lopes Pequenos Rebentos Touch\u00e9 Tinto 2021 - Tourinto Premium Wines","isPartOf":{"@id":"https:\/\/www.tourinto.pt\/#website"},"primaryImageOfPage":{"@id":"https:\/\/www.tourinto.pt\/product\/marcio-lopes-pequenos-rebentos-touche-tinto\/#primaryimage"},"image":{"@id":"https:\/\/www.tourinto.pt\/product\/marcio-lopes-pequenos-rebentos-touche-tinto\/#primaryimage"},"thumbnailUrl":"https:\/\/i0.wp.com\/www.tourinto.pt\/wp-content\/uploads\/2023\/06\/Tourinto-PR_touche.webp?fit=881%2C1400&ssl=1","datePublished":"2023-06-12T14:20:07+00:00","dateModified":"2026-02-09T13:00:32+00:00","description":"Pequenos Rebentos Touch\u00e9 2021 Trata-se n\u00e3o necessariamente um \u201cverde tinto\u201d, mas de um tinto feito na Regi\u00e3o dos Vinhos Verdes.","breadcrumb":{"@id":"https:\/\/www.tourinto.pt\/product\/marcio-lopes-pequenos-rebentos-touche-tinto\/#breadcrumb"},"inLanguage":"en-GB","potentialAction":[{"@type":"ReadAction","target":["https:\/\/www.tourinto.pt\/product\/marcio-lopes-pequenos-rebentos-touche-tinto\/"]}]},{"@type":"ImageObject","inLanguage":"en-GB","@id":"https:\/\/www.tourinto.pt\/product\/marcio-lopes-pequenos-rebentos-touche-tinto\/#primaryimage","url":"https:\/\/i0.wp.com\/www.tourinto.pt\/wp-content\/uploads\/2023\/06\/Tourinto-PR_touche.webp?fit=881%2C1400&ssl=1","contentUrl":"https:\/\/i0.wp.com\/www.tourinto.pt\/wp-content\/uploads\/2023\/06\/Tourinto-PR_touche.webp?fit=881%2C1400&ssl=1","width":881,"height":1400,"caption":"M\u00e1rcio Lopes Touch\u00e9, M\u00e1cio Lopes Vinhos Verdes, Touch\u00e9 Vinho Tinto, Pequenos Rebentos Vinho Tinto, Touch\u00e9 Vinhas Velhas"},{"@type":"BreadcrumbList","@id":"https:\/\/www.tourinto.pt\/product\/marcio-lopes-pequenos-rebentos-touche-tinto\/#breadcrumb","itemListElement":[{"@type":"ListItem","position":1,"name":"In\u00edcio","item":"https:\/\/www.tourinto.pt\/"},{"@type":"ListItem","position":2,"name":"Garrafeira on-line","item":"https:\/\/www.tourinto.pt\/garrafeira-on-line\/"},{"@type":"ListItem","position":3,"name":"M\u00e1rcio Lopes Pequenos Rebentos Touch\u00e9 Tinto 2021"}]},{"@type":"WebSite","@id":"https:\/\/www.tourinto.pt\/#website","url":"https:\/\/www.tourinto.pt\/","name":"Tourinto Premium Wines","description":"Wine Shop online","publisher":{"@id":"https:\/\/www.tourinto.pt\/#organization"},"alternateName":"Garrafeira on-line","potentialAction":[{"@type":"SearchAction","target":{"@type":"EntryPoint","urlTemplate":"https:\/\/www.tourinto.pt\/?s={search_term_string}"},"query-input":{"@type":"PropertyValueSpecification","valueRequired":true,"valueName":"search_term_string"}}],"inLanguage":"en-GB"},{"@type":["Organization","Place"],"@id":"https:\/\/www.tourinto.pt\/#organization","name":"Tourinto","alternateName":"Garrafeira Tourinto, Lda.","url":"https:\/\/www.tourinto.pt\/","logo":{"@id":"https:\/\/www.tourinto.pt\/product\/marcio-lopes-pequenos-rebentos-touche-tinto\/#local-main-organization-logo"},"image":{"@id":"https:\/\/www.tourinto.pt\/product\/marcio-lopes-pequenos-rebentos-touche-tinto\/#local-main-organization-logo"},"sameAs":["https:\/\/www.facebook.com\/garrafeiratourinto","https:\/\/www.instagram.com\/garrafeiratourinto\/"],"telephone":[],"openingHoursSpecification":[{"@type":"OpeningHoursSpecification","dayOfWeek":["Monday","Tuesday","Wednesday","Thursday","Friday","Saturday","Sunday"],"opens":"09:00","closes":"17:00"}]},{"@type":"ImageObject","inLanguage":"en-GB","@id":"https:\/\/www.tourinto.pt\/product\/marcio-lopes-pequenos-rebentos-touche-tinto\/#local-main-organization-logo","url":"https:\/\/i0.wp.com\/www.tourinto.pt\/wp-content\/uploads\/2022\/07\/tourinto-logo-big.png?fit=1400%2C505&ssl=1","contentUrl":"https:\/\/i0.wp.com\/www.tourinto.pt\/wp-content\/uploads\/2022\/07\/tourinto-logo-big.png?fit=1400%2C505&ssl=1","width":1400,"height":505,"caption":"Tourinto"}]},"product_price_amount":"58.60","product_price_currency":"EUR","og_availability":"instock","product_availability":"instock","product_retailer_item_id":"18.09.2021","product_condition":"new"},"jetpack_publicize_connections":[],"jetpack_sharing_enabled":true,"_links":{"self":[{"href":"https:\/\/www.tourinto.pt\/en\/wp-json\/wp\/v2\/product\/6486","targetHints":{"allow":["GET"]}}],"collection":[{"href":"https:\/\/www.tourinto.pt\/en\/wp-json\/wp\/v2\/product"}],"about":[{"href":"https:\/\/www.tourinto.pt\/en\/wp-json\/wp\/v2\/types\/product"}],"replies":[{"embeddable":true,"href":"https:\/\/www.tourinto.pt\/en\/wp-json\/wp\/v2\/comments?post=6486"}],"wp:featuredmedia":[{"embeddable":true,"href":"https:\/\/www.tourinto.pt\/en\/wp-json\/wp\/v2\/media\/6523"}],"wp:attachment":[{"href":"https:\/\/www.tourinto.pt\/en\/wp-json\/wp\/v2\/media?parent=6486"}],"wp:term":[{"taxonomy":"product_brand","embeddable":true,"href":"https:\/\/www.tourinto.pt\/en\/wp-json\/wp\/v2\/product_brand?post=6486"},{"taxonomy":"product_cat","embeddable":true,"href":"https:\/\/www.tourinto.pt\/en\/wp-json\/wp\/v2\/product_cat?post=6486"},{"taxonomy":"product_tag","embeddable":true,"href":"https:\/\/www.tourinto.pt\/en\/wp-json\/wp\/v2\/product_tag?post=6486"}],"curies":[{"name":"wp","href":"https:\/\/api.w.org\/{rel}","templated":true}]}}