{"id":6359,"date":"2023-06-02T15:16:44","date_gmt":"2023-06-02T15:16:44","guid":{"rendered":"https:\/\/www.tourinto.pt\/?post_type=product&#038;p=6359"},"modified":"2026-02-01T23:26:10","modified_gmt":"2026-02-01T23:26:10","slug":"casa-da-passarella-fugitivo-bastardo","status":"publish","type":"product","link":"https:\/\/www.tourinto.pt\/en\/product\/casa-da-passarella-fugitivo-bastardo\/","title":{"rendered":"Casa da Passarella O Fugitivo Bastardo"},"content":{"rendered":"<div class=\"wpb-content-wrapper\"><div data-vc-full-width=\"true\" data-vc-full-width-init=\"false\" class=\"vc_row wpb_row vc_row-fluid vc_custom_1656585076455 vc_row-has-fill\"><div class=\"wpb_column vc_column_container vc_col-sm-12\"><div class=\"vc_column-inner\"><div class=\"wpb_wrapper\"><div class=\"vc_tta-container\" data-vc-action=\"collapse\"><div class=\"vc_general vc_tta vc_tta-tabs vc_tta-color-black vc_tta-style-flat vc_tta-shape-square vc_tta-spacing-1 vc_tta-o-no-fill vc_tta-tabs-position-top vc_tta-controls-align-left\"><div class=\"vc_tta-tabs-container\"><ul class=\"vc_tta-tabs-list\" role=\"tablist\"><li class=\"vc_tta-tab vc_active\" data-vc-tab role=\"presentation\"><a href=\"#1656584484701-0e478312-357c\" data-vc-tabs data-vc-container=\".vc_tta\" role=\"tab\" aria-selected=\"false\" id=\"tab-1656584484701-0e478312-357c\"><i class=\"vc_tta-icon vc-oi vc-oi-article\"><\/i><span class=\"vc_tta-title-text\">Description<\/span><\/a><\/li><\/ul><\/div><div class=\"vc_tta-panels-container\"><div class=\"vc_tta-panels\"><div class=\"vc_tta-panel vc_active\" id=\"1656584484701-0e478312-357c\" data-vc-content=\".vc_tta-panel-body\"><div class=\"vc_tta-panel-heading\"><h4 class=\"vc_tta-panel-title\"><a href=\"#1656584484701-0e478312-357c\" data-vc-accordion data-vc-container=\".vc_tta-container\"><i class=\"vc_tta-icon vc-oi vc-oi-article\"><\/i><span class=\"vc_tta-title-text\">Description<\/span><\/a><\/h4><\/div><div class=\"vc_tta-panel-body\">\n\t<div class=\"wpb_text_column wpb_content_element\" >\n\t\t<div class=\"wpb_wrapper\">\n\t\t\t<p><strong>Casa da Passarella O Fugitivo Bastardo<\/strong><\/p>\n<p><strong>Grape varieties:<\/strong> Bastardo.<br \/>\n<strong>Vinification: <\/strong>Traditional wine press.<br \/>\n<strong>Aging:<\/strong> 6 months in a cement vat.<br \/>\n<strong>Colour:<\/strong> Open.<br \/>\n<strong>Aroma:<\/strong> Red fruit and vegetables.<br \/>\n<strong>Flavour: <\/strong>Complex, elegant, delicate and long.<\/p>\n<hr style=\"border: #b0976d 1px dotted;\" \/>\n<p><strong>Harmonisation: <\/strong>Fat fish and white meat dishes.<\/p>\n<hr style=\"border: #b0976d 1px dotted;\" \/>\n<p><strong>Serve: <\/strong>16 to 18\u2070<br \/>\n<strong>Consumption: <\/strong>Immediate or storge (great potential).<\/p>\n<hr style=\"border: #b0976d 1px dotted;\" \/>\n<p><strong>Producer: <\/strong><a href=\"https:\/\/www.tourinto.pt\/en\/produtores\/dao\/casa-da-passarella\/\">Casa de Passarella<\/a><\/p>\n<p><strong>Enology: <\/strong>Paulo Nunes<\/p>\n<p><strong>Category:<\/strong> Portuguese Wines \u2013 <a href=\"https:\/\/www.tourinto.pt\/en\/portugal\/vinhos-do-dao\/\">D\u00e3o<\/a><\/p>\n<p><strong>Awards and Notes:<\/strong><\/p>\n<ul>\n<li><strong>Revista de Vinhos &#8211;\u00a0<\/strong>90\/100<\/li>\n<\/ul>\n<p><a href=\"https:\/\/casadapassarella.pt\"><span style=\"color: #f1f1f1;\">Casa Passarella<\/span><\/a><\/p>\n\n\t\t<\/div>\n\t<\/div>\n<\/div><\/div><\/div><\/div><\/div><\/div><\/div><\/div><\/div><\/div><div class=\"vc_row-full-width vc_clearfix\"><\/div><div data-vc-full-width=\"true\" data-vc-full-width-init=\"false\" data-vc-stretch-content=\"true\" class=\"vc_row wpb_row vc_row-fluid vc_custom_1695846474909 vc_row-no-padding\"><div class=\"wpb_column vc_column_container vc_col-sm-12\"><div class=\"vc_column-inner\"><div class=\"wpb_wrapper\">\n<div class=\"vc_grid-container-wrapper vc_clearfix vc_grid-animation-fadeIn\">\n\t<div class=\"vc_grid-container vc_clearfix wpb_content_element vc_media_grid\" data-initial-loading-animation=\"fadeIn\" data-vc-grid-settings=\"{&quot;page_id&quot;:6359,&quot;style&quot;:&quot;all&quot;,&quot;action&quot;:&quot;vc_get_vc_grid_data&quot;,&quot;shortcode_id&quot;:&quot;1755350772805-e26377f9-6f65-7&quot;,&quot;tag&quot;:&quot;vc_media_grid&quot;}\" data-vc-request=\"https:\/\/www.tourinto.pt\/wp-admin\/admin-ajax.php\" data-vc-post-id=\"6359\" data-vc-public-nonce=\"f32e1e6466\">\n\t\t\n\t<\/div>\n<\/div><\/div><\/div><\/div><\/div><div class=\"vc_row-full-width vc_clearfix\"><\/div>\n<\/div>","protected":false},"excerpt":{"rendered":"<p>Casa da Passarella O Fugitivo Bastardo \u00e9 um monocasta que representa um retorno \u00e0 vinifica\u00e7\u00e3o ancestral de uma casta hist\u00f3rica na regi\u00e3o, presente nas vinhas velhas. Um vinho de caracter\u00edsticas \u00fanicas, com notas de fruta vermelha e um toque vegetal que quisemos desvendar e partilhar.<\/p>\n<p>Saiba mais sobre a <a href=\"https:\/\/www.tourinto.pt\/produtores\/dao\/casa-da-passarella\/?trp-edit-translation=true\">Casa da Passarella<\/a>.<\/p>\n[contact-form-7 id=\"4433d5d\" title=\"nota Uni\u00e3o Europeia\"]\n","protected":false},"featured_media":6822,"comment_status":"closed","ping_status":"closed","template":"","meta":{"_acf_changed":false,"_joinchat":[],"jetpack_publicize_message":"","jetpack_publicize_feature_enabled":true,"jetpack_social_post_already_shared":true,"jetpack_social_options":{"image_generator_settings":{"template":"highway","default_image_id":0,"font":"","enabled":false},"version":2}},"product_brand":[],"product_cat":[17,1092,297,230,424,84,100,81,44],"product_tag":[214,372,294,56],"class_list":{"0":"post-6359","1":"product","2":"type-product","3":"status-publish","4":"has-post-thumbnail","6":"product_cat-vinho-tinto","7":"product_cat-bastardo","8":"product_cat-minima-intervencao","9":"product_cat-casa-da-passarella","10":"product_cat-vinhos-portugal","11":"product_cat-dao","12":"product_cat-tipologia","13":"product_cat-regiao","14":"product_cat-produtores","15":"product_tag-bastardo","16":"product_tag-vinho-tinto","17":"product_tag-minima-intervencao","18":"product_tag-dao","19":"pa_ano-33","20":"pa_castas-bastardo","21":"pa_categoria-vinhos-portugueses","22":"pa_enologia-paulo-nunes","23":"pa_harmonizacao-peixe-no-forno","24":"pa_harmonizacao-carnes-brancas","25":"pa_leveduras-selecionadas","26":"pa_produtor-casa-da-passarella","27":"pa_regiao-dao","28":"pa_tipologia-vinho-tinto","29":"pa_vinificacao-tradicional-minima-intervencao","30":"pa_viticultura-sustentavel","31":"pa_volume-750ml","33":"first","34":"outofstock","35":"featured","36":"taxable","37":"shipping-taxable","38":"purchasable","39":"product-type-simple"},"acf":[],"yoast_head":"<!-- This site is optimized with the Yoast SEO Premium plugin v27.5 (Yoast SEO v27.5) - https:\/\/yoast.com\/product\/yoast-seo-premium-wordpress\/ -->\n<title>Casa da Passarella O Fugitivo Bastardo - Tourinto Premium Wines<\/title>\n<meta name=\"description\" content=\"Casa da Passarella O Fugitivo Bastardo \u00e9 um monocasta representa um retorno \u00e0 vinifica\u00e7\u00e3o ancestral. Complexo, delicado, elegante e longo.\" \/>\n<meta name=\"robots\" content=\"index, follow, max-snippet:-1, max-image-preview:large, max-video-preview:-1\" \/>\n<link rel=\"canonical\" href=\"https:\/\/www.tourinto.pt\/en\/product\/casa-da-passarella-fugitivo-bastardo\/\" \/>\n<meta property=\"og:locale\" content=\"en_GB\" \/>\n<meta property=\"og:type\" content=\"article\" \/>\n<meta property=\"og:title\" content=\"Casa da Passarella O Fugitivo Bastardo\" \/>\n<meta property=\"og:description\" content=\"Casa da Passarella O Fugitivo Bastardo \u00e9 um monocasta representa um retorno \u00e0 vinifica\u00e7\u00e3o ancestral. Complexo, delicado, elegante e longo.\" \/>\n<meta property=\"og:url\" content=\"https:\/\/www.tourinto.pt\/en\/product\/casa-da-passarella-fugitivo-bastardo\/\" \/>\n<meta property=\"og:site_name\" content=\"Tourinto Premium Wines\" \/>\n<meta property=\"article:publisher\" content=\"https:\/\/www.facebook.com\/garrafeiratourinto\" \/>\n<meta property=\"article:modified_time\" content=\"2026-02-01T23:26:10+00:00\" \/>\n<meta property=\"og:image\" content=\"https:\/\/www.tourinto.pt\/wp-content\/uploads\/2023\/06\/O-Fugitivo-Bastardo.png\" \/>\n\t<meta property=\"og:image:width\" content=\"881\" \/>\n\t<meta property=\"og:image:height\" content=\"1400\" \/>\n\t<meta property=\"og:image:type\" content=\"image\/png\" \/>\n<meta name=\"twitter:card\" content=\"summary_large_image\" \/>\n<meta name=\"twitter:label1\" content=\"Price\" \/>\n\t<meta name=\"twitter:data1\" content=\"32,00&nbsp;&euro;\" \/>\n\t<meta name=\"twitter:label2\" content=\"Availability\" \/>\n\t<meta name=\"twitter:data2\" content=\"Out of stock\" \/>\n<script type=\"application\/ld+json\" class=\"yoast-schema-graph\">{\"@context\":\"https:\\\/\\\/schema.org\",\"@graph\":[{\"@type\":\"WebPage\",\"@id\":\"https:\\\/\\\/www.tourinto.pt\\\/product\\\/casa-da-passarella-fugitivo-bastardo\\\/\",\"url\":\"https:\\\/\\\/www.tourinto.pt\\\/product\\\/casa-da-passarella-fugitivo-bastardo\\\/\",\"name\":\"Casa da Passarella O Fugitivo Bastardo - Tourinto Premium Wines\",\"isPartOf\":{\"@id\":\"https:\\\/\\\/www.tourinto.pt\\\/#website\"},\"primaryImageOfPage\":{\"@id\":\"https:\\\/\\\/www.tourinto.pt\\\/product\\\/casa-da-passarella-fugitivo-bastardo\\\/#primaryimage\"},\"image\":{\"@id\":\"https:\\\/\\\/www.tourinto.pt\\\/product\\\/casa-da-passarella-fugitivo-bastardo\\\/#primaryimage\"},\"thumbnailUrl\":\"https:\\\/\\\/i0.wp.com\\\/www.tourinto.pt\\\/wp-content\\\/uploads\\\/2023\\\/06\\\/O-Fugitivo-Bastardo.png?fit=881%2C1400&ssl=1\",\"datePublished\":\"2023-06-02T15:16:44+00:00\",\"dateModified\":\"2026-02-01T23:26:10+00:00\",\"description\":\"Casa da Passarella O Fugitivo Bastardo \u00e9 um monocasta representa um retorno \u00e0 vinifica\u00e7\u00e3o ancestral. Complexo, delicado, elegante e longo.\",\"breadcrumb\":{\"@id\":\"https:\\\/\\\/www.tourinto.pt\\\/product\\\/casa-da-passarella-fugitivo-bastardo\\\/#breadcrumb\"},\"inLanguage\":\"en-GB\",\"potentialAction\":[{\"@type\":\"ReadAction\",\"target\":[\"https:\\\/\\\/www.tourinto.pt\\\/product\\\/casa-da-passarella-fugitivo-bastardo\\\/\"]}]},{\"@type\":\"ImageObject\",\"inLanguage\":\"en-GB\",\"@id\":\"https:\\\/\\\/www.tourinto.pt\\\/product\\\/casa-da-passarella-fugitivo-bastardo\\\/#primaryimage\",\"url\":\"https:\\\/\\\/i0.wp.com\\\/www.tourinto.pt\\\/wp-content\\\/uploads\\\/2023\\\/06\\\/O-Fugitivo-Bastardo.png?fit=881%2C1400&ssl=1\",\"contentUrl\":\"https:\\\/\\\/i0.wp.com\\\/www.tourinto.pt\\\/wp-content\\\/uploads\\\/2023\\\/06\\\/O-Fugitivo-Bastardo.png?fit=881%2C1400&ssl=1\",\"width\":881,\"height\":1400,\"caption\":\"Casa da Passarella Bastardo, Passarella Bastardo, Fugitivo Bastardo, Passarela Bastardo Tinto\"},{\"@type\":\"BreadcrumbList\",\"@id\":\"https:\\\/\\\/www.tourinto.pt\\\/product\\\/casa-da-passarella-fugitivo-bastardo\\\/#breadcrumb\",\"itemListElement\":[{\"@type\":\"ListItem\",\"position\":1,\"name\":\"In\u00edcio\",\"item\":\"https:\\\/\\\/www.tourinto.pt\\\/\"},{\"@type\":\"ListItem\",\"position\":2,\"name\":\"Garrafeira on-line\",\"item\":\"https:\\\/\\\/www.tourinto.pt\\\/garrafeira-on-line\\\/\"},{\"@type\":\"ListItem\",\"position\":3,\"name\":\"Casa da Passarella O Fugitivo Bastardo\"}]},{\"@type\":\"WebSite\",\"@id\":\"https:\\\/\\\/www.tourinto.pt\\\/#website\",\"url\":\"https:\\\/\\\/www.tourinto.pt\\\/\",\"name\":\"Tourinto Premium Wines\",\"description\":\"Garrafeira on-line\",\"publisher\":{\"@id\":\"https:\\\/\\\/www.tourinto.pt\\\/#organization\"},\"alternateName\":\"Garrafeira on-line\",\"potentialAction\":[{\"@type\":\"SearchAction\",\"target\":{\"@type\":\"EntryPoint\",\"urlTemplate\":\"https:\\\/\\\/www.tourinto.pt\\\/?s={search_term_string}\"},\"query-input\":{\"@type\":\"PropertyValueSpecification\",\"valueRequired\":true,\"valueName\":\"search_term_string\"}}],\"inLanguage\":\"en-GB\"},{\"@type\":[\"Organization\",\"Place\"],\"@id\":\"https:\\\/\\\/www.tourinto.pt\\\/#organization\",\"name\":\"Tourinto\",\"alternateName\":\"Garrafeira Tourinto, Lda.\",\"url\":\"https:\\\/\\\/www.tourinto.pt\\\/\",\"logo\":{\"@id\":\"https:\\\/\\\/www.tourinto.pt\\\/product\\\/casa-da-passarella-fugitivo-bastardo\\\/#local-main-organization-logo\"},\"image\":{\"@id\":\"https:\\\/\\\/www.tourinto.pt\\\/product\\\/casa-da-passarella-fugitivo-bastardo\\\/#local-main-organization-logo\"},\"sameAs\":[\"https:\\\/\\\/www.facebook.com\\\/garrafeiratourinto\",\"https:\\\/\\\/www.instagram.com\\\/garrafeiratourinto\\\/\"],\"telephone\":[],\"openingHoursSpecification\":[{\"@type\":\"OpeningHoursSpecification\",\"dayOfWeek\":[\"Monday\",\"Tuesday\",\"Wednesday\",\"Thursday\",\"Friday\",\"Saturday\",\"Sunday\"],\"opens\":\"09:00\",\"closes\":\"17:00\"}]},{\"@type\":\"ImageObject\",\"inLanguage\":\"en-GB\",\"@id\":\"https:\\\/\\\/www.tourinto.pt\\\/product\\\/casa-da-passarella-fugitivo-bastardo\\\/#local-main-organization-logo\",\"url\":\"https:\\\/\\\/i0.wp.com\\\/www.tourinto.pt\\\/wp-content\\\/uploads\\\/2022\\\/07\\\/tourinto-logo-big.png?fit=1400%2C505&ssl=1\",\"contentUrl\":\"https:\\\/\\\/i0.wp.com\\\/www.tourinto.pt\\\/wp-content\\\/uploads\\\/2022\\\/07\\\/tourinto-logo-big.png?fit=1400%2C505&ssl=1\",\"width\":1400,\"height\":505,\"caption\":\"Tourinto\"}]}<\/script>\n<meta property=\"product:price:amount\" content=\"32.00\" \/>\n<meta property=\"product:price:currency\" content=\"EUR\" \/>\n<meta property=\"og:availability\" content=\"out of stock\" \/>\n<meta property=\"product:availability\" content=\"out of stock\" \/>\n<meta property=\"product:retailer_item_id\" content=\"28.10.2021\" \/>\n<meta property=\"product:condition\" content=\"new\" \/>\n<!-- \/ Yoast SEO Premium plugin. -->","yoast_head_json":{"title":"Casa da Passarella O Fugitivo Bastardo - Tourinto Premium Wines","description":"Casa da Passarella O Fugitivo Bastardo \u00e9 um monocasta representa um retorno \u00e0 vinifica\u00e7\u00e3o ancestral. Complexo, delicado, elegante e longo.","robots":{"index":"index","follow":"follow","max-snippet":"max-snippet:-1","max-image-preview":"max-image-preview:large","max-video-preview":"max-video-preview:-1"},"canonical":"https:\/\/www.tourinto.pt\/en\/product\/casa-da-passarella-fugitivo-bastardo\/","og_locale":"en_GB","og_type":"article","og_title":"Casa da Passarella O Fugitivo Bastardo","og_description":"Casa da Passarella O Fugitivo Bastardo \u00e9 um monocasta representa um retorno \u00e0 vinifica\u00e7\u00e3o ancestral. Complexo, delicado, elegante e longo.","og_url":"https:\/\/www.tourinto.pt\/en\/product\/casa-da-passarella-fugitivo-bastardo\/","og_site_name":"Tourinto Premium Wines","article_publisher":"https:\/\/www.facebook.com\/garrafeiratourinto","article_modified_time":"2026-02-01T23:26:10+00:00","og_image":[{"width":881,"height":1400,"url":"https:\/\/www.tourinto.pt\/wp-content\/uploads\/2023\/06\/O-Fugitivo-Bastardo.png","type":"image\/png"}],"twitter_card":"summary_large_image","twitter_misc":{"Price":"32,00&nbsp;&euro;","Availability":"Out of stock"},"schema":{"@context":"https:\/\/schema.org","@graph":[{"@type":"WebPage","@id":"https:\/\/www.tourinto.pt\/product\/casa-da-passarella-fugitivo-bastardo\/","url":"https:\/\/www.tourinto.pt\/product\/casa-da-passarella-fugitivo-bastardo\/","name":"Casa da Passarella O Fugitivo Bastardo - Tourinto Premium Wines","isPartOf":{"@id":"https:\/\/www.tourinto.pt\/#website"},"primaryImageOfPage":{"@id":"https:\/\/www.tourinto.pt\/product\/casa-da-passarella-fugitivo-bastardo\/#primaryimage"},"image":{"@id":"https:\/\/www.tourinto.pt\/product\/casa-da-passarella-fugitivo-bastardo\/#primaryimage"},"thumbnailUrl":"https:\/\/i0.wp.com\/www.tourinto.pt\/wp-content\/uploads\/2023\/06\/O-Fugitivo-Bastardo.png?fit=881%2C1400&ssl=1","datePublished":"2023-06-02T15:16:44+00:00","dateModified":"2026-02-01T23:26:10+00:00","description":"Casa da Passarella O Fugitivo Bastardo \u00e9 um monocasta representa um retorno \u00e0 vinifica\u00e7\u00e3o ancestral. Complexo, delicado, elegante e longo.","breadcrumb":{"@id":"https:\/\/www.tourinto.pt\/product\/casa-da-passarella-fugitivo-bastardo\/#breadcrumb"},"inLanguage":"en-GB","potentialAction":[{"@type":"ReadAction","target":["https:\/\/www.tourinto.pt\/product\/casa-da-passarella-fugitivo-bastardo\/"]}]},{"@type":"ImageObject","inLanguage":"en-GB","@id":"https:\/\/www.tourinto.pt\/product\/casa-da-passarella-fugitivo-bastardo\/#primaryimage","url":"https:\/\/i0.wp.com\/www.tourinto.pt\/wp-content\/uploads\/2023\/06\/O-Fugitivo-Bastardo.png?fit=881%2C1400&ssl=1","contentUrl":"https:\/\/i0.wp.com\/www.tourinto.pt\/wp-content\/uploads\/2023\/06\/O-Fugitivo-Bastardo.png?fit=881%2C1400&ssl=1","width":881,"height":1400,"caption":"Casa da Passarella Bastardo, Passarella Bastardo, Fugitivo Bastardo, Passarela Bastardo Tinto"},{"@type":"BreadcrumbList","@id":"https:\/\/www.tourinto.pt\/product\/casa-da-passarella-fugitivo-bastardo\/#breadcrumb","itemListElement":[{"@type":"ListItem","position":1,"name":"In\u00edcio","item":"https:\/\/www.tourinto.pt\/"},{"@type":"ListItem","position":2,"name":"Garrafeira on-line","item":"https:\/\/www.tourinto.pt\/garrafeira-on-line\/"},{"@type":"ListItem","position":3,"name":"Casa da Passarella O Fugitivo Bastardo"}]},{"@type":"WebSite","@id":"https:\/\/www.tourinto.pt\/#website","url":"https:\/\/www.tourinto.pt\/","name":"Tourinto Premium Wines","description":"Wine Shop online","publisher":{"@id":"https:\/\/www.tourinto.pt\/#organization"},"alternateName":"Garrafeira on-line","potentialAction":[{"@type":"SearchAction","target":{"@type":"EntryPoint","urlTemplate":"https:\/\/www.tourinto.pt\/?s={search_term_string}"},"query-input":{"@type":"PropertyValueSpecification","valueRequired":true,"valueName":"search_term_string"}}],"inLanguage":"en-GB"},{"@type":["Organization","Place"],"@id":"https:\/\/www.tourinto.pt\/#organization","name":"Tourinto","alternateName":"Garrafeira Tourinto, Lda.","url":"https:\/\/www.tourinto.pt\/","logo":{"@id":"https:\/\/www.tourinto.pt\/product\/casa-da-passarella-fugitivo-bastardo\/#local-main-organization-logo"},"image":{"@id":"https:\/\/www.tourinto.pt\/product\/casa-da-passarella-fugitivo-bastardo\/#local-main-organization-logo"},"sameAs":["https:\/\/www.facebook.com\/garrafeiratourinto","https:\/\/www.instagram.com\/garrafeiratourinto\/"],"telephone":[],"openingHoursSpecification":[{"@type":"OpeningHoursSpecification","dayOfWeek":["Monday","Tuesday","Wednesday","Thursday","Friday","Saturday","Sunday"],"opens":"09:00","closes":"17:00"}]},{"@type":"ImageObject","inLanguage":"en-GB","@id":"https:\/\/www.tourinto.pt\/product\/casa-da-passarella-fugitivo-bastardo\/#local-main-organization-logo","url":"https:\/\/i0.wp.com\/www.tourinto.pt\/wp-content\/uploads\/2022\/07\/tourinto-logo-big.png?fit=1400%2C505&ssl=1","contentUrl":"https:\/\/i0.wp.com\/www.tourinto.pt\/wp-content\/uploads\/2022\/07\/tourinto-logo-big.png?fit=1400%2C505&ssl=1","width":1400,"height":505,"caption":"Tourinto"}]},"product_price_amount":"32.00","product_price_currency":"EUR","og_availability":"out of stock","product_availability":"out of stock","product_retailer_item_id":"28.10.2021","product_condition":"new"},"jetpack_publicize_connections":[],"jetpack_sharing_enabled":true,"_links":{"self":[{"href":"https:\/\/www.tourinto.pt\/en\/wp-json\/wp\/v2\/product\/6359","targetHints":{"allow":["GET"]}}],"collection":[{"href":"https:\/\/www.tourinto.pt\/en\/wp-json\/wp\/v2\/product"}],"about":[{"href":"https:\/\/www.tourinto.pt\/en\/wp-json\/wp\/v2\/types\/product"}],"replies":[{"embeddable":true,"href":"https:\/\/www.tourinto.pt\/en\/wp-json\/wp\/v2\/comments?post=6359"}],"wp:featuredmedia":[{"embeddable":true,"href":"https:\/\/www.tourinto.pt\/en\/wp-json\/wp\/v2\/media\/6822"}],"wp:attachment":[{"href":"https:\/\/www.tourinto.pt\/en\/wp-json\/wp\/v2\/media?parent=6359"}],"wp:term":[{"taxonomy":"product_brand","embeddable":true,"href":"https:\/\/www.tourinto.pt\/en\/wp-json\/wp\/v2\/product_brand?post=6359"},{"taxonomy":"product_cat","embeddable":true,"href":"https:\/\/www.tourinto.pt\/en\/wp-json\/wp\/v2\/product_cat?post=6359"},{"taxonomy":"product_tag","embeddable":true,"href":"https:\/\/www.tourinto.pt\/en\/wp-json\/wp\/v2\/product_tag?post=6359"}],"curies":[{"name":"wp","href":"https:\/\/api.w.org\/{rel}","templated":true}]}}