{"id":6061,"date":"2023-05-23T21:11:16","date_gmt":"2023-05-23T21:11:16","guid":{"rendered":"https:\/\/www.tourinto.pt\/?post_type=product&#038;p=6061"},"modified":"2026-01-15T12:55:58","modified_gmt":"2026-01-15T12:55:58","slug":"rocche-costamagna-barbera-dalba-superiore","status":"publish","type":"product","link":"https:\/\/www.tourinto.pt\/en\/product\/rocche-costamagna-barbera-dalba-superiore\/","title":{"rendered":"Rocche Costamagna Barbera d\u00b4Alba Superiore 2020"},"content":{"rendered":"<div class=\"wpb-content-wrapper\"><div data-vc-full-width=\"true\" data-vc-full-width-init=\"false\" class=\"vc_row wpb_row vc_row-fluid vc_custom_1656585076455 vc_row-has-fill\"><div class=\"wpb_column vc_column_container vc_col-sm-12\"><div class=\"vc_column-inner\"><div class=\"wpb_wrapper\"><div class=\"vc_tta-container\" data-vc-action=\"collapse\"><div class=\"vc_general vc_tta vc_tta-tabs vc_tta-color-black vc_tta-style-flat vc_tta-shape-square vc_tta-spacing-1 vc_tta-o-no-fill vc_tta-tabs-position-top vc_tta-controls-align-left\"><div class=\"vc_tta-tabs-container\"><ul class=\"vc_tta-tabs-list\" role=\"tablist\"><li class=\"vc_tta-tab vc_active\" data-vc-tab role=\"presentation\"><a href=\"#1656584484701-0e478312-357c\" data-vc-tabs data-vc-container=\".vc_tta\" role=\"tab\" aria-selected=\"false\" id=\"tab-1656584484701-0e478312-357c\"><i class=\"vc_tta-icon vc-oi vc-oi-article\"><\/i><span class=\"vc_tta-title-text\">Description<\/span><\/a><\/li><\/ul><\/div><div class=\"vc_tta-panels-container\"><div class=\"vc_tta-panels\"><div class=\"vc_tta-panel vc_active\" id=\"1656584484701-0e478312-357c\" data-vc-content=\".vc_tta-panel-body\"><div class=\"vc_tta-panel-heading\"><h4 class=\"vc_tta-panel-title\"><a href=\"#1656584484701-0e478312-357c\" data-vc-accordion data-vc-container=\".vc_tta-container\"><i class=\"vc_tta-icon vc-oi vc-oi-article\"><\/i><span class=\"vc_tta-title-text\">Description<\/span><\/a><\/h4><\/div><div class=\"vc_tta-panel-body\">\n\t<div class=\"wpb_text_column wpb_content_element\" >\n\t\t<div class=\"wpb_wrapper\">\n\t\t\t<p><strong>Rocche Costamagna\u00a0Barbera d\u00b4Alba Superiore<\/strong><\/p>\n<p><strong>Grape varieties: <\/strong>Barbera 100%.<br \/>\n<strong>Vinification:<\/strong> Fermentation in stainless steel with temperature control at 27 \u00b0C, racking after 10 days and fermentation.<br \/>\n<b>Aging: <\/b>10 months in French oak barrels.<br \/>\n<strong>Colour: <\/strong>Purple.<strong><br \/>\n<\/strong><strong>Aroma:<\/strong> Rich and deep on the nose, with delicate spicy aromas well integrated with surprising sensations of small, ripe red berries.<br \/>\n<strong>Flavour: <\/strong>The perception of this wine is full and silky, with sweet tannins, a well-structured body and good longevity. The finish is long and persistent, characterised by notes of chocolate and vanilla.<\/p>\n<hr style=\"border: #b0976d 1px dotted;\" \/>\n<p><strong>Serve: <\/strong>16\u00ba to 17\u2070<br \/>\n<strong>Consumption: <\/strong>Immediate or storage (5 to 12 years).<\/p>\n<p><strong>Harmonisation:<\/strong> Goes well with risottos, grilled meat and fish.<\/p>\n<hr style=\"border: #b0976d 1px dotted;\" \/>\n<p><strong>Producer: <\/strong><a href=\"https:\/\/www.tourinto.pt\/en\/produtores\/produtores-italia\/rocche-costamagna\/\">Rocche Costamagna<\/a><\/p>\n<p><strong>Enology: <\/strong>Alessandro Locatelli<\/p>\n<p><strong>Classification: <\/strong><a href=\"https:\/\/www.tourinto.pt\/en\/produto-categoria\/vinhos-italianos\/\">Italian Wines<\/a> &#8211; <a href=\"https:\/\/www.tourinto.pt\/en\/produtores\/vinhos-italia-piemonte\/\">Piedmont<\/a><\/p>\n<p><strong>Awards and Notes:\u00a0<\/strong><\/p>\n<ul>\n<li><strong>James Sucking<\/strong> &#8211;<\/li>\n<\/ul>\n<p><a href=\"https:\/\/rocchecostamagna.it\/en\/\"><span style=\"color: #f1f1f1;\">Wines from Piedmont<\/span><\/a><\/p>\n\n\t\t<\/div>\n\t<\/div>\n<\/div><\/div><\/div><\/div><\/div><\/div><\/div><\/div><\/div><\/div><div class=\"vc_row-full-width vc_clearfix\"><\/div><div data-vc-full-width=\"true\" data-vc-full-width-init=\"false\" data-vc-stretch-content=\"true\" class=\"vc_row wpb_row vc_row-fluid vc_custom_1684941745093 vc_row-no-padding\"><div class=\"wpb_column vc_column_container vc_col-sm-12\"><div class=\"vc_column-inner\"><div class=\"wpb_wrapper\">\n<div class=\"vc_grid-container-wrapper vc_clearfix vc_grid-animation-fadeIn\">\n\t<div class=\"vc_grid-container vc_clearfix wpb_content_element vc_media_grid\" data-initial-loading-animation=\"fadeIn\" data-vc-grid-settings=\"{&quot;page_id&quot;:6061,&quot;style&quot;:&quot;all&quot;,&quot;action&quot;:&quot;vc_get_vc_grid_data&quot;,&quot;shortcode_id&quot;:&quot;1765663471413-05b0be74-8c4a-7&quot;,&quot;tag&quot;:&quot;vc_media_grid&quot;}\" data-vc-request=\"https:\/\/www.tourinto.pt\/wp-admin\/admin-ajax.php\" data-vc-post-id=\"6061\" data-vc-public-nonce=\"f8dd66f2e4\">\n\t\t\n\t<\/div>\n<\/div><\/div><\/div><\/div><\/div><div class=\"vc_row-full-width vc_clearfix\"><\/div>\n<\/div>","protected":false},"excerpt":{"rendered":"<p class=\"ai-optimize-17\">Rocche Costamagna Barbera d\u00b4Alba Superiore \u00e9 produzido a partir de uma sele\u00e7\u00e3o de uvas Barbera da vinha de Verduno, apenas em vindimas excepcionais. Apresenta notas com delicados aromas de especiarias bem integrados com surpreendentes sensa\u00e7\u00f5es de bagas vermelhas pequenas e maduras, para al\u00e9m de um final de boca longo e persistente, caracterizado por notas de chocolate e baunilha.<\/p>\n<p class=\"ai-optimize-18\">Saiba mais sobre <a href=\"https:\/\/www.tourinto.pt\/produtores\/rocche-costamagna\/\">Rocche Costamagna<\/a> e sobre o <a href=\"https:\/\/www.tourinto.pt\/piemonte-langhe-nebbiolo-barolo-e-barbaresco\/\">Piemonte<\/a>.<\/p>\n<p class=\"ai-optimize-19\">[contact-form-7 id=\"4433d5d\" title=\"nota Uni\u00e3o Europeia\"]<\/p>\n","protected":false},"featured_media":13656,"comment_status":"closed","ping_status":"closed","template":"","meta":{"_acf_changed":false,"_joinchat":[],"jetpack_publicize_message":"","jetpack_publicize_feature_enabled":true,"jetpack_social_post_already_shared":false,"jetpack_social_options":{"image_generator_settings":{"template":"highway","default_image_id":0,"font":"","enabled":false},"version":2}},"product_brand":[],"product_cat":[1308,370,1122,976,210,100,81,44,332],"product_tag":[731,730,176,177,281,372],"class_list":{"0":"post-6061","1":"product","2":"type-product","3":"status-publish","4":"has-post-thumbnail","6":"product_cat-raedy-to-drink-tintos-internacionais","7":"product_cat-piemonte","8":"product_cat-barbera","9":"product_cat-vinhos-estrangeiros","10":"product_cat-vinhos-italianos","11":"product_cat-tipologia","12":"product_cat-regiao","13":"product_cat-produtores","14":"product_cat-rocche-costamagna","15":"product_tag-italian","16":"product_tag-vinhos-italianos","17":"product_tag-italia","18":"product_tag-piemonte","19":"product_tag-barbera","20":"product_tag-vinho-tinto","21":"pa_ano-32","22":"pa_castas-barbera","23":"pa_categoria-piedmont","24":"pa_categoria-vinhos-do-piemonte","25":"pa_categoria-vinhos-italianos","26":"pa_enologia-alessandro-locatelli","27":"pa_harmonizacao-risotos","28":"pa_harmonizacao-peixe-no-forno","29":"pa_harmonizacao-carnes-vermelhas","30":"pa_leveduras-selecionadas","31":"pa_produtor-rocche-costamagna","32":"pa_regiao-piemonte","33":"pa_tipologia-vinho-tinto","34":"pa_vinificacao-minima-intervencao","35":"pa_viticultura-sustentavel","36":"pa_volume-750ml","38":"first","39":"instock","40":"taxable","41":"shipping-taxable","42":"purchasable","43":"product-type-simple"},"acf":[],"yoast_head":"<!-- This site is optimized with the Yoast SEO Premium plugin v27.3 (Yoast SEO v27.4) - https:\/\/yoast.com\/product\/yoast-seo-premium-wordpress\/ -->\n<title>Rocche Costamagna Barbera d\u00b4Alba Superiore 2020 - Tourinto Premium Wines<\/title>\n<meta name=\"description\" content=\"Rocche Costamagna Barbera d\u00b4Alba Superiore \u00e9 produzido a partir das castas Barbera penas em vindimas excepcionais, com grande estrutura e complexidade.\" \/>\n<meta name=\"robots\" content=\"index, follow, max-snippet:-1, max-image-preview:large, max-video-preview:-1\" \/>\n<link rel=\"canonical\" href=\"https:\/\/www.tourinto.pt\/en\/product\/rocche-costamagna-barbera-dalba-superiore\/\" \/>\n<meta property=\"og:locale\" content=\"en_GB\" \/>\n<meta property=\"og:type\" content=\"article\" \/>\n<meta property=\"og:title\" content=\"Rocche Costamagna Barbera d\u00b4Alba Superiore 2020\" \/>\n<meta property=\"og:description\" content=\"Rocche Costamagna Barbera d\u00b4Alba Superiore \u00e9 produzido a partir das castas Barbera penas em vindimas excepcionais, com grande estrutura e complexidade.\" \/>\n<meta property=\"og:url\" content=\"https:\/\/www.tourinto.pt\/en\/product\/rocche-costamagna-barbera-dalba-superiore\/\" \/>\n<meta property=\"og:site_name\" content=\"Tourinto Premium Wines\" \/>\n<meta property=\"article:publisher\" content=\"https:\/\/www.facebook.com\/garrafeiratourinto\" \/>\n<meta property=\"article:modified_time\" content=\"2026-01-15T12:55:58+00:00\" \/>\n<meta property=\"og:image\" content=\"https:\/\/www.tourinto.pt\/wp-content\/uploads\/2023\/05\/Rocche-Costamagna-Barbera-Dalba-Superiore.webp\" \/>\n\t<meta property=\"og:image:width\" content=\"881\" \/>\n\t<meta property=\"og:image:height\" content=\"1400\" \/>\n\t<meta property=\"og:image:type\" content=\"image\/webp\" \/>\n<meta name=\"twitter:card\" content=\"summary_large_image\" \/>\n<meta name=\"twitter:label1\" content=\"Price\" \/>\n\t<meta name=\"twitter:data1\" content=\"25,50&nbsp;&euro;\" \/>\n\t<meta name=\"twitter:label2\" content=\"Availability\" \/>\n\t<meta name=\"twitter:data2\" content=\"In stock\" \/>\n<script type=\"application\/ld+json\" class=\"yoast-schema-graph\">{\"@context\":\"https:\\\/\\\/schema.org\",\"@graph\":[{\"@type\":\"WebPage\",\"@id\":\"https:\\\/\\\/www.tourinto.pt\\\/product\\\/rocche-costamagna-barbera-dalba-superiore\\\/\",\"url\":\"https:\\\/\\\/www.tourinto.pt\\\/product\\\/rocche-costamagna-barbera-dalba-superiore\\\/\",\"name\":\"Rocche Costamagna Barbera d\u00b4Alba Superiore 2020 - Tourinto Premium Wines\",\"isPartOf\":{\"@id\":\"https:\\\/\\\/www.tourinto.pt\\\/#website\"},\"primaryImageOfPage\":{\"@id\":\"https:\\\/\\\/www.tourinto.pt\\\/product\\\/rocche-costamagna-barbera-dalba-superiore\\\/#primaryimage\"},\"image\":{\"@id\":\"https:\\\/\\\/www.tourinto.pt\\\/product\\\/rocche-costamagna-barbera-dalba-superiore\\\/#primaryimage\"},\"thumbnailUrl\":\"https:\\\/\\\/i0.wp.com\\\/www.tourinto.pt\\\/wp-content\\\/uploads\\\/2023\\\/05\\\/Rocche-Costamagna-Barbera-Dalba-Superiore.webp?fit=881%2C1400&ssl=1\",\"datePublished\":\"2023-05-23T21:11:16+00:00\",\"dateModified\":\"2026-01-15T12:55:58+00:00\",\"description\":\"Rocche Costamagna Barbera d\u00b4Alba Superiore \u00e9 produzido a partir das castas Barbera penas em vindimas excepcionais, com grande estrutura e complexidade.\",\"breadcrumb\":{\"@id\":\"https:\\\/\\\/www.tourinto.pt\\\/product\\\/rocche-costamagna-barbera-dalba-superiore\\\/#breadcrumb\"},\"inLanguage\":\"en-GB\",\"potentialAction\":[{\"@type\":\"ReadAction\",\"target\":[\"https:\\\/\\\/www.tourinto.pt\\\/product\\\/rocche-costamagna-barbera-dalba-superiore\\\/\"]}]},{\"@type\":\"ImageObject\",\"inLanguage\":\"en-GB\",\"@id\":\"https:\\\/\\\/www.tourinto.pt\\\/product\\\/rocche-costamagna-barbera-dalba-superiore\\\/#primaryimage\",\"url\":\"https:\\\/\\\/i0.wp.com\\\/www.tourinto.pt\\\/wp-content\\\/uploads\\\/2023\\\/05\\\/Rocche-Costamagna-Barbera-Dalba-Superiore.webp?fit=881%2C1400&ssl=1\",\"contentUrl\":\"https:\\\/\\\/i0.wp.com\\\/www.tourinto.pt\\\/wp-content\\\/uploads\\\/2023\\\/05\\\/Rocche-Costamagna-Barbera-Dalba-Superiore.webp?fit=881%2C1400&ssl=1\",\"width\":881,\"height\":1400,\"caption\":\"Barbera d\u00b4Alba, Rocche Costamagna Barbera, Barbera Superior Rocche Costamagna, Vinhos de It\u00e1lia, Barbera dalba Vinho Tinto\"},{\"@type\":\"BreadcrumbList\",\"@id\":\"https:\\\/\\\/www.tourinto.pt\\\/product\\\/rocche-costamagna-barbera-dalba-superiore\\\/#breadcrumb\",\"itemListElement\":[{\"@type\":\"ListItem\",\"position\":1,\"name\":\"In\u00edcio\",\"item\":\"https:\\\/\\\/www.tourinto.pt\\\/\"},{\"@type\":\"ListItem\",\"position\":2,\"name\":\"Garrafeira on-line\",\"item\":\"https:\\\/\\\/www.tourinto.pt\\\/garrafeira-on-line\\\/\"},{\"@type\":\"ListItem\",\"position\":3,\"name\":\"Rocche Costamagna Barbera d\u00b4Alba Superiore 2020\"}]},{\"@type\":\"WebSite\",\"@id\":\"https:\\\/\\\/www.tourinto.pt\\\/#website\",\"url\":\"https:\\\/\\\/www.tourinto.pt\\\/\",\"name\":\"Tourinto Premium Wines\",\"description\":\"Garrafeira on-line\",\"publisher\":{\"@id\":\"https:\\\/\\\/www.tourinto.pt\\\/#organization\"},\"alternateName\":\"Garrafeira on-line\",\"potentialAction\":[{\"@type\":\"SearchAction\",\"target\":{\"@type\":\"EntryPoint\",\"urlTemplate\":\"https:\\\/\\\/www.tourinto.pt\\\/?s={search_term_string}\"},\"query-input\":{\"@type\":\"PropertyValueSpecification\",\"valueRequired\":true,\"valueName\":\"search_term_string\"}}],\"inLanguage\":\"en-GB\"},{\"@type\":[\"Organization\",\"Place\"],\"@id\":\"https:\\\/\\\/www.tourinto.pt\\\/#organization\",\"name\":\"Tourinto\",\"alternateName\":\"Garrafeira Tourinto, Lda.\",\"url\":\"https:\\\/\\\/www.tourinto.pt\\\/\",\"logo\":{\"@id\":\"https:\\\/\\\/www.tourinto.pt\\\/product\\\/rocche-costamagna-barbera-dalba-superiore\\\/#local-main-organization-logo\"},\"image\":{\"@id\":\"https:\\\/\\\/www.tourinto.pt\\\/product\\\/rocche-costamagna-barbera-dalba-superiore\\\/#local-main-organization-logo\"},\"sameAs\":[\"https:\\\/\\\/www.facebook.com\\\/garrafeiratourinto\",\"https:\\\/\\\/www.instagram.com\\\/garrafeiratourinto\\\/\"],\"telephone\":[],\"openingHoursSpecification\":[{\"@type\":\"OpeningHoursSpecification\",\"dayOfWeek\":[\"Monday\",\"Tuesday\",\"Wednesday\",\"Thursday\",\"Friday\",\"Saturday\",\"Sunday\"],\"opens\":\"09:00\",\"closes\":\"17:00\"}]},{\"@type\":\"ImageObject\",\"inLanguage\":\"en-GB\",\"@id\":\"https:\\\/\\\/www.tourinto.pt\\\/product\\\/rocche-costamagna-barbera-dalba-superiore\\\/#local-main-organization-logo\",\"url\":\"https:\\\/\\\/i0.wp.com\\\/www.tourinto.pt\\\/wp-content\\\/uploads\\\/2022\\\/07\\\/tourinto-logo-big.png?fit=1400%2C505&ssl=1\",\"contentUrl\":\"https:\\\/\\\/i0.wp.com\\\/www.tourinto.pt\\\/wp-content\\\/uploads\\\/2022\\\/07\\\/tourinto-logo-big.png?fit=1400%2C505&ssl=1\",\"width\":1400,\"height\":505,\"caption\":\"Tourinto\"}]}<\/script>\n<meta property=\"product:price:amount\" content=\"25.50\" \/>\n<meta property=\"product:price:currency\" content=\"EUR\" \/>\n<meta property=\"og:availability\" content=\"instock\" \/>\n<meta property=\"product:availability\" content=\"instock\" \/>\n<meta property=\"product:retailer_item_id\" content=\"39.04.2020\" \/>\n<meta property=\"product:condition\" content=\"new\" \/>\n<!-- \/ Yoast SEO Premium plugin. -->","yoast_head_json":{"title":"Rocche Costamagna Barbera d\u00b4Alba Superiore 2020 - Tourinto Premium Wines","description":"Rocche Costamagna Barbera d\u00b4Alba Superiore \u00e9 produzido a partir das castas Barbera penas em vindimas excepcionais, com grande estrutura e complexidade.","robots":{"index":"index","follow":"follow","max-snippet":"max-snippet:-1","max-image-preview":"max-image-preview:large","max-video-preview":"max-video-preview:-1"},"canonical":"https:\/\/www.tourinto.pt\/en\/product\/rocche-costamagna-barbera-dalba-superiore\/","og_locale":"en_GB","og_type":"article","og_title":"Rocche Costamagna Barbera d\u00b4Alba Superiore 2020","og_description":"Rocche Costamagna Barbera d\u00b4Alba Superiore \u00e9 produzido a partir das castas Barbera penas em vindimas excepcionais, com grande estrutura e complexidade.","og_url":"https:\/\/www.tourinto.pt\/en\/product\/rocche-costamagna-barbera-dalba-superiore\/","og_site_name":"Tourinto Premium Wines","article_publisher":"https:\/\/www.facebook.com\/garrafeiratourinto","article_modified_time":"2026-01-15T12:55:58+00:00","og_image":[{"width":881,"height":1400,"url":"https:\/\/www.tourinto.pt\/wp-content\/uploads\/2023\/05\/Rocche-Costamagna-Barbera-Dalba-Superiore.webp","type":"image\/webp"}],"twitter_card":"summary_large_image","twitter_misc":{"Price":"25,50&nbsp;&euro;","Availability":"In stock"},"schema":{"@context":"https:\/\/schema.org","@graph":[{"@type":"WebPage","@id":"https:\/\/www.tourinto.pt\/product\/rocche-costamagna-barbera-dalba-superiore\/","url":"https:\/\/www.tourinto.pt\/product\/rocche-costamagna-barbera-dalba-superiore\/","name":"Rocche Costamagna Barbera d\u00b4Alba Superiore 2020 - Tourinto Premium Wines","isPartOf":{"@id":"https:\/\/www.tourinto.pt\/#website"},"primaryImageOfPage":{"@id":"https:\/\/www.tourinto.pt\/product\/rocche-costamagna-barbera-dalba-superiore\/#primaryimage"},"image":{"@id":"https:\/\/www.tourinto.pt\/product\/rocche-costamagna-barbera-dalba-superiore\/#primaryimage"},"thumbnailUrl":"https:\/\/i0.wp.com\/www.tourinto.pt\/wp-content\/uploads\/2023\/05\/Rocche-Costamagna-Barbera-Dalba-Superiore.webp?fit=881%2C1400&ssl=1","datePublished":"2023-05-23T21:11:16+00:00","dateModified":"2026-01-15T12:55:58+00:00","description":"Rocche Costamagna Barbera d\u00b4Alba Superiore \u00e9 produzido a partir das castas Barbera penas em vindimas excepcionais, com grande estrutura e complexidade.","breadcrumb":{"@id":"https:\/\/www.tourinto.pt\/product\/rocche-costamagna-barbera-dalba-superiore\/#breadcrumb"},"inLanguage":"en-GB","potentialAction":[{"@type":"ReadAction","target":["https:\/\/www.tourinto.pt\/product\/rocche-costamagna-barbera-dalba-superiore\/"]}]},{"@type":"ImageObject","inLanguage":"en-GB","@id":"https:\/\/www.tourinto.pt\/product\/rocche-costamagna-barbera-dalba-superiore\/#primaryimage","url":"https:\/\/i0.wp.com\/www.tourinto.pt\/wp-content\/uploads\/2023\/05\/Rocche-Costamagna-Barbera-Dalba-Superiore.webp?fit=881%2C1400&ssl=1","contentUrl":"https:\/\/i0.wp.com\/www.tourinto.pt\/wp-content\/uploads\/2023\/05\/Rocche-Costamagna-Barbera-Dalba-Superiore.webp?fit=881%2C1400&ssl=1","width":881,"height":1400,"caption":"Barbera d\u00b4Alba, Rocche Costamagna Barbera, Barbera Superior Rocche Costamagna, Vinhos de It\u00e1lia, Barbera dalba Vinho Tinto"},{"@type":"BreadcrumbList","@id":"https:\/\/www.tourinto.pt\/product\/rocche-costamagna-barbera-dalba-superiore\/#breadcrumb","itemListElement":[{"@type":"ListItem","position":1,"name":"In\u00edcio","item":"https:\/\/www.tourinto.pt\/"},{"@type":"ListItem","position":2,"name":"Garrafeira on-line","item":"https:\/\/www.tourinto.pt\/garrafeira-on-line\/"},{"@type":"ListItem","position":3,"name":"Rocche Costamagna Barbera d\u00b4Alba Superiore 2020"}]},{"@type":"WebSite","@id":"https:\/\/www.tourinto.pt\/#website","url":"https:\/\/www.tourinto.pt\/","name":"Tourinto Premium Wines","description":"Wine Shop online","publisher":{"@id":"https:\/\/www.tourinto.pt\/#organization"},"alternateName":"Garrafeira on-line","potentialAction":[{"@type":"SearchAction","target":{"@type":"EntryPoint","urlTemplate":"https:\/\/www.tourinto.pt\/?s={search_term_string}"},"query-input":{"@type":"PropertyValueSpecification","valueRequired":true,"valueName":"search_term_string"}}],"inLanguage":"en-GB"},{"@type":["Organization","Place"],"@id":"https:\/\/www.tourinto.pt\/#organization","name":"Tourinto","alternateName":"Garrafeira Tourinto, Lda.","url":"https:\/\/www.tourinto.pt\/","logo":{"@id":"https:\/\/www.tourinto.pt\/product\/rocche-costamagna-barbera-dalba-superiore\/#local-main-organization-logo"},"image":{"@id":"https:\/\/www.tourinto.pt\/product\/rocche-costamagna-barbera-dalba-superiore\/#local-main-organization-logo"},"sameAs":["https:\/\/www.facebook.com\/garrafeiratourinto","https:\/\/www.instagram.com\/garrafeiratourinto\/"],"telephone":[],"openingHoursSpecification":[{"@type":"OpeningHoursSpecification","dayOfWeek":["Monday","Tuesday","Wednesday","Thursday","Friday","Saturday","Sunday"],"opens":"09:00","closes":"17:00"}]},{"@type":"ImageObject","inLanguage":"en-GB","@id":"https:\/\/www.tourinto.pt\/product\/rocche-costamagna-barbera-dalba-superiore\/#local-main-organization-logo","url":"https:\/\/i0.wp.com\/www.tourinto.pt\/wp-content\/uploads\/2022\/07\/tourinto-logo-big.png?fit=1400%2C505&ssl=1","contentUrl":"https:\/\/i0.wp.com\/www.tourinto.pt\/wp-content\/uploads\/2022\/07\/tourinto-logo-big.png?fit=1400%2C505&ssl=1","width":1400,"height":505,"caption":"Tourinto"}]},"product_price_amount":"25.50","product_price_currency":"EUR","og_availability":"instock","product_availability":"instock","product_retailer_item_id":"39.04.2020","product_condition":"new"},"jetpack_publicize_connections":[],"jetpack_sharing_enabled":true,"_links":{"self":[{"href":"https:\/\/www.tourinto.pt\/en\/wp-json\/wp\/v2\/product\/6061","targetHints":{"allow":["GET"]}}],"collection":[{"href":"https:\/\/www.tourinto.pt\/en\/wp-json\/wp\/v2\/product"}],"about":[{"href":"https:\/\/www.tourinto.pt\/en\/wp-json\/wp\/v2\/types\/product"}],"replies":[{"embeddable":true,"href":"https:\/\/www.tourinto.pt\/en\/wp-json\/wp\/v2\/comments?post=6061"}],"wp:featuredmedia":[{"embeddable":true,"href":"https:\/\/www.tourinto.pt\/en\/wp-json\/wp\/v2\/media\/13656"}],"wp:attachment":[{"href":"https:\/\/www.tourinto.pt\/en\/wp-json\/wp\/v2\/media?parent=6061"}],"wp:term":[{"taxonomy":"product_brand","embeddable":true,"href":"https:\/\/www.tourinto.pt\/en\/wp-json\/wp\/v2\/product_brand?post=6061"},{"taxonomy":"product_cat","embeddable":true,"href":"https:\/\/www.tourinto.pt\/en\/wp-json\/wp\/v2\/product_cat?post=6061"},{"taxonomy":"product_tag","embeddable":true,"href":"https:\/\/www.tourinto.pt\/en\/wp-json\/wp\/v2\/product_tag?post=6061"}],"curies":[{"name":"wp","href":"https:\/\/api.w.org\/{rel}","templated":true}]}}