{"id":6048,"date":"2023-05-23T07:14:44","date_gmt":"2023-05-23T07:14:44","guid":{"rendered":"https:\/\/www.tourinto.pt\/?post_type=product&#038;p=6048"},"modified":"2025-07-06T10:15:49","modified_gmt":"2025-07-06T10:15:49","slug":"taylors-very-old-single-harvest-port-1970-limited-edition","status":"publish","type":"product","link":"https:\/\/www.tourinto.pt\/en\/product\/taylors-very-old-single-harvest-port-1970-limited-edition\/","title":{"rendered":"Taylor\u00b4s Very Old Port 1970"},"content":{"rendered":"<div class=\"wpb-content-wrapper\"><div data-vc-full-width=\"true\" data-vc-full-width-init=\"false\" class=\"vc_row wpb_row vc_row-fluid vc_custom_1656585076455 vc_row-has-fill\"><div class=\"wpb_column vc_column_container vc_col-sm-12\"><div class=\"vc_column-inner\"><div class=\"wpb_wrapper\"><div class=\"vc_tta-container\" data-vc-action=\"collapse\"><div class=\"vc_general vc_tta vc_tta-tabs vc_tta-color-black vc_tta-style-flat vc_tta-shape-square vc_tta-spacing-1 vc_tta-o-no-fill vc_tta-tabs-position-top vc_tta-controls-align-left\"><div class=\"vc_tta-tabs-container\"><ul class=\"vc_tta-tabs-list\" role=\"tablist\"><li class=\"vc_tta-tab vc_active\" data-vc-tab role=\"presentation\"><a href=\"#1656584484701-0e478312-357c\" data-vc-tabs data-vc-container=\".vc_tta\" role=\"tab\" aria-selected=\"false\" id=\"tab-1656584484701-0e478312-357c\"><i class=\"vc_tta-icon vc-oi vc-oi-article\"><\/i><span class=\"vc_tta-title-text\">Description<\/span><\/a><\/li><\/ul><\/div><div class=\"vc_tta-panels-container\"><div class=\"vc_tta-panels\"><div class=\"vc_tta-panel vc_active\" id=\"1656584484701-0e478312-357c\" data-vc-content=\".vc_tta-panel-body\"><div class=\"vc_tta-panel-heading\"><h4 class=\"vc_tta-panel-title\"><a href=\"#1656584484701-0e478312-357c\" data-vc-accordion data-vc-container=\".vc_tta-container\"><i class=\"vc_tta-icon vc-oi vc-oi-article\"><\/i><span class=\"vc_tta-title-text\">Description<\/span><\/a><\/h4><\/div><div class=\"vc_tta-panel-body\">\n\t<div class=\"wpb_text_column wpb_content_element\" >\n\t\t<div class=\"wpb_wrapper\">\n\t\t\t<p><strong>Taylor\u00b4s Very Old Port 1970 Limited Edition<\/strong><\/p>\n<p><strong>Grape varieties: <\/strong>Several typical Douro grape varieties.<br \/>\n<strong>Aging:\u00a0<\/strong>Oak hulls.<br \/>\n<strong>Colour: <\/strong>Pale mahogany core surrounded by a broad pale gold border with subtle olive green highlights.<strong><br \/>\n<\/strong><strong>Aroma:<\/strong> At first glance, the wine is lofty and ethereal, but soon begins to reveal layer after layer of multidimensional aroma. The first to emerge are notes of lumber and cigar leaf, over a background of cedar, balsam and citrus fruits. These are followed by a soft and warm fragrance of marzipan, walnut and coffee, notes of sultana and plum and spicy touches of black pepper and cardamom. Finally, the nose opens up a discreet savoury dimension, with notes of toast and wild herbs.<br \/>\n<strong>Flavour:<\/strong> In the mouth, the wine presents a smooth and velvety texture. Rich, dense and sumptuous, it coats the tongue with opulent soft, coffee and caramel flavours with hints of walnut and candied orange peel, but with a remarkable freshness from the current of lively acidity that runs through the palate to the extraordinary long finish.<\/p>\n<hr style=\"border: #b0976d 1px dotted\" \/>\n<p><strong>Serve:<\/strong> 12\u2070 to 16\u2070<br \/>\n<strong>Consumption: <\/strong>Immediate.<\/p>\n<hr style=\"border: #b0976d 1px dotted\" \/>\n<p><strong>Harmonisation:<\/strong> Combina bem com sobremesas com sabores de figos, am\u00eandoas e caramelo. \u00c9 um excelente complemento para um cr\u00e8me br\u00fbl\u00e9e ou um prato de morangos silvestres. Tamb\u00e9m pode ser apreciado sozinho, no final da refei\u00e7\u00e3o, com nozes ou frutos secos.<\/p>\n<p><strong>Producer: <\/strong><a href=\"https:\/\/www.tourinto.pt\/en\/produto-categoria\/produtores\/taylors\/\">Taylor\u00b4s<\/a><\/p>\n<p><strong>Enology: <\/strong>David Guimar\u00e3es<\/p>\n<p><strong>Awards and Notes:<\/strong><\/p>\n<ul>\n<li><\/li>\n<\/ul>\n\n\t\t<\/div>\n\t<\/div>\n<\/div><\/div><\/div><\/div><\/div><\/div><\/div><\/div><\/div><\/div><div class=\"vc_row-full-width vc_clearfix\"><\/div><div data-vc-full-width=\"true\" data-vc-full-width-init=\"false\" data-vc-stretch-content=\"true\" class=\"vc_row wpb_row vc_row-fluid vc_row-no-padding\"><div class=\"wpb_column vc_column_container vc_col-sm-12\"><div class=\"vc_column-inner\"><div class=\"wpb_wrapper\">\n<div class=\"vc_grid-container-wrapper vc_clearfix vc_grid-animation-fadeIn\">\n\t<div class=\"vc_grid-container vc_clearfix wpb_content_element vc_media_grid\" data-initial-loading-animation=\"fadeIn\" data-vc-grid-settings=\"{&quot;page_id&quot;:6048,&quot;style&quot;:&quot;all&quot;,&quot;action&quot;:&quot;vc_get_vc_grid_data&quot;,&quot;shortcode_id&quot;:&quot;1734085794957-a7ebffa1-d27b-9&quot;,&quot;tag&quot;:&quot;vc_media_grid&quot;}\" data-vc-request=\"https:\/\/www.tourinto.pt\/wp-admin\/admin-ajax.php\" data-vc-post-id=\"6048\" data-vc-public-nonce=\"b902f86529\">\n\t\t\n\t<\/div>\n<\/div><\/div><\/div><\/div><\/div><div class=\"vc_row-full-width vc_clearfix\"><\/div>\n<\/div>","protected":false},"excerpt":{"rendered":"<p>Taylor\u00b4s Very Old Port 1970 Limited Edition \u00e9 um vinho Porto raro que envelhece at\u00e9 \u00e0 maturidade em cascos de carvalho temperados, com aromas intensos e suaves do longo envelhecimento, mantendo uma atraente harmonia e equil\u00edbrio, um Porto extraordin\u00e1rio.<\/p>\n<p>Saiba mais sobre a<strong>\u00a0<\/strong><a href=\"https:\/\/www.tourinto.pt\/produto-categoria\/produtores\/taylors\/\">Taylor\u00b4s<\/a>.<\/p>\n[contact-form-7 id=\"4433d5d\" title=\"nota Uni\u00e3o Europeia\"]\n","protected":false},"featured_media":6069,"comment_status":"closed","ping_status":"closed","template":"","meta":{"_acf_changed":false,"_joinchat":[],"jetpack_publicize_message":"","jetpack_publicize_feature_enabled":true,"jetpack_social_post_already_shared":false,"jetpack_social_options":{"image_generator_settings":{"template":"highway","default_image_id":0,"font":"","enabled":false},"version":2}},"product_brand":[],"product_cat":[67,424,82,100,81,44,304],"product_tag":[208,252,308],"class_list":{"0":"post-6048","1":"product","2":"type-product","3":"status-publish","4":"has-post-thumbnail","6":"product_cat-vinho-do-porto","7":"product_cat-vinhos-portugal","8":"product_cat-douro","9":"product_cat-tipologia","10":"product_cat-regiao","11":"product_cat-produtores","12":"product_cat-taylors","13":"product_tag-tawny-port","14":"product_tag-vinho-do-porto","15":"product_tag-single-harvert","16":"pa_ano-837","17":"pa_enologia-david-guimaraes","18":"pa_harmonizacao-frutos-secos","19":"pa_harmonizacao-sobremesas","20":"pa_leveduras-778","21":"pa_produtor-taylors","22":"pa_regiao-douro","23":"pa_tipologia-porto-tawny-colheita","24":"pa_vinificacao-tradicional","25":"pa_viticultura-sustentavel","27":"first","28":"instock","29":"taxable","30":"shipping-taxable","31":"purchasable","32":"product-type-simple"},"acf":[],"yoast_head":"<!-- This site is optimized with the Yoast SEO Premium plugin v27.3 (Yoast SEO v27.4) - https:\/\/yoast.com\/product\/yoast-seo-premium-wordpress\/ -->\n<title>Taylor\u00b4s Very Old Port 1970 - Tourinto Premium Wines<\/title>\n<meta name=\"description\" content=\"Taylor\u00b4s Very Old Port 1970 Limited Edition envelhece at\u00e9 \u00e0 maturidade em cascos de carvalho temperados, intenso suave,e extraordin\u00e1rio.\" \/>\n<meta name=\"robots\" content=\"index, follow, max-snippet:-1, max-image-preview:large, max-video-preview:-1\" \/>\n<link rel=\"canonical\" href=\"https:\/\/www.tourinto.pt\/en\/product\/taylors-very-old-single-harvest-port-1970-limited-edition\/\" \/>\n<meta property=\"og:locale\" content=\"en_GB\" \/>\n<meta property=\"og:type\" content=\"article\" \/>\n<meta property=\"og:title\" content=\"Taylor\u00b4s Very Old Port 1970\" \/>\n<meta property=\"og:description\" content=\"Taylor\u00b4s Very Old Port 1970 Limited Edition envelhece at\u00e9 \u00e0 maturidade em cascos de carvalho temperados, intenso suave,e extraordin\u00e1rio.\" \/>\n<meta property=\"og:url\" content=\"https:\/\/www.tourinto.pt\/en\/product\/taylors-very-old-single-harvest-port-1970-limited-edition\/\" \/>\n<meta property=\"og:site_name\" content=\"Tourinto Premium Wines\" \/>\n<meta property=\"article:publisher\" content=\"https:\/\/www.facebook.com\/garrafeiratourinto\" \/>\n<meta property=\"article:modified_time\" content=\"2025-07-06T10:15:49+00:00\" \/>\n<meta property=\"og:image\" content=\"https:\/\/i0.wp.com\/www.tourinto.pt\/wp-content\/uploads\/2023\/05\/Tourinto-tinto-1970.webp?fit=881%2C1400&ssl=1\" \/>\n\t<meta property=\"og:image:width\" content=\"881\" \/>\n\t<meta property=\"og:image:height\" content=\"1400\" \/>\n\t<meta property=\"og:image:type\" content=\"image\/webp\" \/>\n<meta name=\"twitter:card\" content=\"summary_large_image\" \/>\n<meta name=\"twitter:label1\" content=\"Price\" \/>\n\t<meta name=\"twitter:data1\" content=\"395,00&nbsp;&euro;\" \/>\n\t<meta name=\"twitter:label2\" content=\"Availability\" \/>\n\t<meta name=\"twitter:data2\" content=\"In stock\" \/>\n<script type=\"application\/ld+json\" class=\"yoast-schema-graph\">{\"@context\":\"https:\\\/\\\/schema.org\",\"@graph\":[{\"@type\":\"WebPage\",\"@id\":\"https:\\\/\\\/www.tourinto.pt\\\/product\\\/taylors-very-old-single-harvest-port-1970-limited-edition\\\/\",\"url\":\"https:\\\/\\\/www.tourinto.pt\\\/product\\\/taylors-very-old-single-harvest-port-1970-limited-edition\\\/\",\"name\":\"Taylor\u00b4s Very Old Port 1970 - Tourinto Premium Wines\",\"isPartOf\":{\"@id\":\"https:\\\/\\\/www.tourinto.pt\\\/#website\"},\"primaryImageOfPage\":{\"@id\":\"https:\\\/\\\/www.tourinto.pt\\\/product\\\/taylors-very-old-single-harvest-port-1970-limited-edition\\\/#primaryimage\"},\"image\":{\"@id\":\"https:\\\/\\\/www.tourinto.pt\\\/product\\\/taylors-very-old-single-harvest-port-1970-limited-edition\\\/#primaryimage\"},\"thumbnailUrl\":\"https:\\\/\\\/i0.wp.com\\\/www.tourinto.pt\\\/wp-content\\\/uploads\\\/2023\\\/05\\\/Tourinto-tinto-1970.webp?fit=881%2C1400&ssl=1\",\"datePublished\":\"2023-05-23T07:14:44+00:00\",\"dateModified\":\"2025-07-06T10:15:49+00:00\",\"description\":\"Taylor\u00b4s Very Old Port 1970 Limited Edition envelhece at\u00e9 \u00e0 maturidade em cascos de carvalho temperados, intenso suave,e extraordin\u00e1rio.\",\"breadcrumb\":{\"@id\":\"https:\\\/\\\/www.tourinto.pt\\\/product\\\/taylors-very-old-single-harvest-port-1970-limited-edition\\\/#breadcrumb\"},\"inLanguage\":\"en-GB\",\"potentialAction\":[{\"@type\":\"ReadAction\",\"target\":[\"https:\\\/\\\/www.tourinto.pt\\\/product\\\/taylors-very-old-single-harvest-port-1970-limited-edition\\\/\"]}]},{\"@type\":\"ImageObject\",\"inLanguage\":\"en-GB\",\"@id\":\"https:\\\/\\\/www.tourinto.pt\\\/product\\\/taylors-very-old-single-harvest-port-1970-limited-edition\\\/#primaryimage\",\"url\":\"https:\\\/\\\/i0.wp.com\\\/www.tourinto.pt\\\/wp-content\\\/uploads\\\/2023\\\/05\\\/Tourinto-tinto-1970.webp?fit=881%2C1400&ssl=1\",\"contentUrl\":\"https:\\\/\\\/i0.wp.com\\\/www.tourinto.pt\\\/wp-content\\\/uploads\\\/2023\\\/05\\\/Tourinto-tinto-1970.webp?fit=881%2C1400&ssl=1\",\"width\":881,\"height\":1400,\"caption\":\"Taylor\u00b4s Very Old Port\"},{\"@type\":\"BreadcrumbList\",\"@id\":\"https:\\\/\\\/www.tourinto.pt\\\/product\\\/taylors-very-old-single-harvest-port-1970-limited-edition\\\/#breadcrumb\",\"itemListElement\":[{\"@type\":\"ListItem\",\"position\":1,\"name\":\"In\u00edcio\",\"item\":\"https:\\\/\\\/www.tourinto.pt\\\/\"},{\"@type\":\"ListItem\",\"position\":2,\"name\":\"Garrafeira on-line\",\"item\":\"https:\\\/\\\/www.tourinto.pt\\\/garrafeira-on-line\\\/\"},{\"@type\":\"ListItem\",\"position\":3,\"name\":\"Taylor\u00b4s Very Old Port 1970\"}]},{\"@type\":\"WebSite\",\"@id\":\"https:\\\/\\\/www.tourinto.pt\\\/#website\",\"url\":\"https:\\\/\\\/www.tourinto.pt\\\/\",\"name\":\"Tourinto Premium Wines\",\"description\":\"Garrafeira on-line\",\"publisher\":{\"@id\":\"https:\\\/\\\/www.tourinto.pt\\\/#organization\"},\"alternateName\":\"Garrafeira on-line\",\"potentialAction\":[{\"@type\":\"SearchAction\",\"target\":{\"@type\":\"EntryPoint\",\"urlTemplate\":\"https:\\\/\\\/www.tourinto.pt\\\/?s={search_term_string}\"},\"query-input\":{\"@type\":\"PropertyValueSpecification\",\"valueRequired\":true,\"valueName\":\"search_term_string\"}}],\"inLanguage\":\"en-GB\"},{\"@type\":[\"Organization\",\"Place\"],\"@id\":\"https:\\\/\\\/www.tourinto.pt\\\/#organization\",\"name\":\"Tourinto\",\"alternateName\":\"Garrafeira Tourinto, Lda.\",\"url\":\"https:\\\/\\\/www.tourinto.pt\\\/\",\"logo\":{\"@id\":\"https:\\\/\\\/www.tourinto.pt\\\/product\\\/taylors-very-old-single-harvest-port-1970-limited-edition\\\/#local-main-organization-logo\"},\"image\":{\"@id\":\"https:\\\/\\\/www.tourinto.pt\\\/product\\\/taylors-very-old-single-harvest-port-1970-limited-edition\\\/#local-main-organization-logo\"},\"sameAs\":[\"https:\\\/\\\/www.facebook.com\\\/garrafeiratourinto\",\"https:\\\/\\\/www.instagram.com\\\/garrafeiratourinto\\\/\"],\"telephone\":[],\"openingHoursSpecification\":[{\"@type\":\"OpeningHoursSpecification\",\"dayOfWeek\":[\"Monday\",\"Tuesday\",\"Wednesday\",\"Thursday\",\"Friday\",\"Saturday\",\"Sunday\"],\"opens\":\"09:00\",\"closes\":\"17:00\"}]},{\"@type\":\"ImageObject\",\"inLanguage\":\"en-GB\",\"@id\":\"https:\\\/\\\/www.tourinto.pt\\\/product\\\/taylors-very-old-single-harvest-port-1970-limited-edition\\\/#local-main-organization-logo\",\"url\":\"https:\\\/\\\/i0.wp.com\\\/www.tourinto.pt\\\/wp-content\\\/uploads\\\/2022\\\/07\\\/tourinto-logo-big.png?fit=1400%2C505&ssl=1\",\"contentUrl\":\"https:\\\/\\\/i0.wp.com\\\/www.tourinto.pt\\\/wp-content\\\/uploads\\\/2022\\\/07\\\/tourinto-logo-big.png?fit=1400%2C505&ssl=1\",\"width\":1400,\"height\":505,\"caption\":\"Tourinto\"}]}<\/script>\n<meta property=\"product:price:amount\" content=\"395.00\" \/>\n<meta property=\"product:price:currency\" content=\"EUR\" \/>\n<meta property=\"og:availability\" content=\"instock\" \/>\n<meta property=\"product:availability\" content=\"instock\" \/>\n<meta property=\"product:retailer_item_id\" content=\"41.08.1970\" \/>\n<meta property=\"product:condition\" content=\"new\" \/>\n<!-- \/ Yoast SEO Premium plugin. -->","yoast_head_json":{"title":"Taylor\u00b4s Very Old Port 1970 - Tourinto Premium Wines","description":"Taylor\u00b4s Very Old Port 1970 Limited Edition envelhece at\u00e9 \u00e0 maturidade em cascos de carvalho temperados, intenso suave,e extraordin\u00e1rio.","robots":{"index":"index","follow":"follow","max-snippet":"max-snippet:-1","max-image-preview":"max-image-preview:large","max-video-preview":"max-video-preview:-1"},"canonical":"https:\/\/www.tourinto.pt\/en\/product\/taylors-very-old-single-harvest-port-1970-limited-edition\/","og_locale":"en_GB","og_type":"article","og_title":"Taylor\u00b4s Very Old Port 1970","og_description":"Taylor\u00b4s Very Old Port 1970 Limited Edition envelhece at\u00e9 \u00e0 maturidade em cascos de carvalho temperados, intenso suave,e extraordin\u00e1rio.","og_url":"https:\/\/www.tourinto.pt\/en\/product\/taylors-very-old-single-harvest-port-1970-limited-edition\/","og_site_name":"Tourinto Premium Wines","article_publisher":"https:\/\/www.facebook.com\/garrafeiratourinto","article_modified_time":"2025-07-06T10:15:49+00:00","og_image":[{"width":881,"height":1400,"url":"https:\/\/i0.wp.com\/www.tourinto.pt\/wp-content\/uploads\/2023\/05\/Tourinto-tinto-1970.webp?fit=881%2C1400&ssl=1","type":"image\/webp"}],"twitter_card":"summary_large_image","twitter_misc":{"Price":"395,00&nbsp;&euro;","Availability":"In stock"},"schema":{"@context":"https:\/\/schema.org","@graph":[{"@type":"WebPage","@id":"https:\/\/www.tourinto.pt\/product\/taylors-very-old-single-harvest-port-1970-limited-edition\/","url":"https:\/\/www.tourinto.pt\/product\/taylors-very-old-single-harvest-port-1970-limited-edition\/","name":"Taylor\u00b4s Very Old Port 1970 - Tourinto Premium Wines","isPartOf":{"@id":"https:\/\/www.tourinto.pt\/#website"},"primaryImageOfPage":{"@id":"https:\/\/www.tourinto.pt\/product\/taylors-very-old-single-harvest-port-1970-limited-edition\/#primaryimage"},"image":{"@id":"https:\/\/www.tourinto.pt\/product\/taylors-very-old-single-harvest-port-1970-limited-edition\/#primaryimage"},"thumbnailUrl":"https:\/\/i0.wp.com\/www.tourinto.pt\/wp-content\/uploads\/2023\/05\/Tourinto-tinto-1970.webp?fit=881%2C1400&ssl=1","datePublished":"2023-05-23T07:14:44+00:00","dateModified":"2025-07-06T10:15:49+00:00","description":"Taylor\u00b4s Very Old Port 1970 Limited Edition envelhece at\u00e9 \u00e0 maturidade em cascos de carvalho temperados, intenso suave,e extraordin\u00e1rio.","breadcrumb":{"@id":"https:\/\/www.tourinto.pt\/product\/taylors-very-old-single-harvest-port-1970-limited-edition\/#breadcrumb"},"inLanguage":"en-GB","potentialAction":[{"@type":"ReadAction","target":["https:\/\/www.tourinto.pt\/product\/taylors-very-old-single-harvest-port-1970-limited-edition\/"]}]},{"@type":"ImageObject","inLanguage":"en-GB","@id":"https:\/\/www.tourinto.pt\/product\/taylors-very-old-single-harvest-port-1970-limited-edition\/#primaryimage","url":"https:\/\/i0.wp.com\/www.tourinto.pt\/wp-content\/uploads\/2023\/05\/Tourinto-tinto-1970.webp?fit=881%2C1400&ssl=1","contentUrl":"https:\/\/i0.wp.com\/www.tourinto.pt\/wp-content\/uploads\/2023\/05\/Tourinto-tinto-1970.webp?fit=881%2C1400&ssl=1","width":881,"height":1400,"caption":"Taylor\u00b4s Very Old Port"},{"@type":"BreadcrumbList","@id":"https:\/\/www.tourinto.pt\/product\/taylors-very-old-single-harvest-port-1970-limited-edition\/#breadcrumb","itemListElement":[{"@type":"ListItem","position":1,"name":"In\u00edcio","item":"https:\/\/www.tourinto.pt\/"},{"@type":"ListItem","position":2,"name":"Garrafeira on-line","item":"https:\/\/www.tourinto.pt\/garrafeira-on-line\/"},{"@type":"ListItem","position":3,"name":"Taylor\u00b4s Very Old Port 1970"}]},{"@type":"WebSite","@id":"https:\/\/www.tourinto.pt\/#website","url":"https:\/\/www.tourinto.pt\/","name":"Tourinto Premium Wines","description":"Wine Shop online","publisher":{"@id":"https:\/\/www.tourinto.pt\/#organization"},"alternateName":"Garrafeira on-line","potentialAction":[{"@type":"SearchAction","target":{"@type":"EntryPoint","urlTemplate":"https:\/\/www.tourinto.pt\/?s={search_term_string}"},"query-input":{"@type":"PropertyValueSpecification","valueRequired":true,"valueName":"search_term_string"}}],"inLanguage":"en-GB"},{"@type":["Organization","Place"],"@id":"https:\/\/www.tourinto.pt\/#organization","name":"Tourinto","alternateName":"Garrafeira Tourinto, Lda.","url":"https:\/\/www.tourinto.pt\/","logo":{"@id":"https:\/\/www.tourinto.pt\/product\/taylors-very-old-single-harvest-port-1970-limited-edition\/#local-main-organization-logo"},"image":{"@id":"https:\/\/www.tourinto.pt\/product\/taylors-very-old-single-harvest-port-1970-limited-edition\/#local-main-organization-logo"},"sameAs":["https:\/\/www.facebook.com\/garrafeiratourinto","https:\/\/www.instagram.com\/garrafeiratourinto\/"],"telephone":[],"openingHoursSpecification":[{"@type":"OpeningHoursSpecification","dayOfWeek":["Monday","Tuesday","Wednesday","Thursday","Friday","Saturday","Sunday"],"opens":"09:00","closes":"17:00"}]},{"@type":"ImageObject","inLanguage":"en-GB","@id":"https:\/\/www.tourinto.pt\/product\/taylors-very-old-single-harvest-port-1970-limited-edition\/#local-main-organization-logo","url":"https:\/\/i0.wp.com\/www.tourinto.pt\/wp-content\/uploads\/2022\/07\/tourinto-logo-big.png?fit=1400%2C505&ssl=1","contentUrl":"https:\/\/i0.wp.com\/www.tourinto.pt\/wp-content\/uploads\/2022\/07\/tourinto-logo-big.png?fit=1400%2C505&ssl=1","width":1400,"height":505,"caption":"Tourinto"}]},"product_price_amount":"395.00","product_price_currency":"EUR","og_availability":"instock","product_availability":"instock","product_retailer_item_id":"41.08.1970","product_condition":"new"},"jetpack_publicize_connections":[],"jetpack_sharing_enabled":true,"_links":{"self":[{"href":"https:\/\/www.tourinto.pt\/en\/wp-json\/wp\/v2\/product\/6048","targetHints":{"allow":["GET"]}}],"collection":[{"href":"https:\/\/www.tourinto.pt\/en\/wp-json\/wp\/v2\/product"}],"about":[{"href":"https:\/\/www.tourinto.pt\/en\/wp-json\/wp\/v2\/types\/product"}],"replies":[{"embeddable":true,"href":"https:\/\/www.tourinto.pt\/en\/wp-json\/wp\/v2\/comments?post=6048"}],"wp:featuredmedia":[{"embeddable":true,"href":"https:\/\/www.tourinto.pt\/en\/wp-json\/wp\/v2\/media\/6069"}],"wp:attachment":[{"href":"https:\/\/www.tourinto.pt\/en\/wp-json\/wp\/v2\/media?parent=6048"}],"wp:term":[{"taxonomy":"product_brand","embeddable":true,"href":"https:\/\/www.tourinto.pt\/en\/wp-json\/wp\/v2\/product_brand?post=6048"},{"taxonomy":"product_cat","embeddable":true,"href":"https:\/\/www.tourinto.pt\/en\/wp-json\/wp\/v2\/product_cat?post=6048"},{"taxonomy":"product_tag","embeddable":true,"href":"https:\/\/www.tourinto.pt\/en\/wp-json\/wp\/v2\/product_tag?post=6048"}],"curies":[{"name":"wp","href":"https:\/\/api.w.org\/{rel}","templated":true}]}}