{"id":5646,"date":"2023-04-21T14:44:39","date_gmt":"2023-04-21T14:44:39","guid":{"rendered":"https:\/\/www.tourinto.pt\/?post_type=product&#038;p=5646"},"modified":"2026-03-16T10:15:40","modified_gmt":"2026-03-16T10:15:40","slug":"joaquim-arnaud-espumante-brut-nature-super-reserva","status":"publish","type":"product","link":"https:\/\/www.tourinto.pt\/en\/product\/joaquim-arnaud-espumante-brut-nature-super-reserva\/","title":{"rendered":"Joaquim Arnaud Espumante Brut Nature"},"content":{"rendered":"<div class=\"wpb-content-wrapper\"><div data-vc-full-width=\"true\" data-vc-full-width-init=\"false\" class=\"vc_row wpb_row vc_row-fluid vc_custom_1666015583352 vc_row-has-fill\"><div class=\"wpb_column vc_column_container vc_col-sm-12\"><div class=\"vc_column-inner\"><div class=\"wpb_wrapper\"><div class=\"vc_tta-container\" data-vc-action=\"collapse\"><div class=\"vc_general vc_tta vc_tta-tabs vc_tta-color-black vc_tta-style-flat vc_tta-shape-square vc_tta-spacing-1 vc_tta-o-no-fill vc_tta-tabs-position-top vc_tta-controls-align-left\"><div class=\"vc_tta-tabs-container\"><ul class=\"vc_tta-tabs-list\" role=\"tablist\"><li class=\"vc_tta-tab vc_active\" data-vc-tab role=\"presentation\"><a href=\"#1656584484701-0e478312-357c\" data-vc-tabs data-vc-container=\".vc_tta\" role=\"tab\" aria-selected=\"false\" id=\"tab-1656584484701-0e478312-357c\"><i class=\"vc_tta-icon vc-oi vc-oi-article\"><\/i><span class=\"vc_tta-title-text\">Description<\/span><\/a><\/li><\/ul><\/div><div class=\"vc_tta-panels-container\"><div class=\"vc_tta-panels\"><div class=\"vc_tta-panel vc_active\" id=\"1656584484701-0e478312-357c\" data-vc-content=\".vc_tta-panel-body\"><div class=\"vc_tta-panel-heading\"><h4 class=\"vc_tta-panel-title\"><a href=\"#1656584484701-0e478312-357c\" data-vc-accordion data-vc-container=\".vc_tta-container\"><i class=\"vc_tta-icon vc-oi vc-oi-article\"><\/i><span class=\"vc_tta-title-text\">Description<\/span><\/a><\/h4><\/div><div class=\"vc_tta-panel-body\">\n\t<div class=\"wpb_text_column wpb_content_element\" >\n\t\t<div class=\"wpb_wrapper\">\n\t\t\t<p><strong>Joaquim Arnaud Espumante Brut Nature <\/strong><\/p>\n<p><strong>Grape varieties:<\/strong> Alvarinho and Trajadura.<br \/>\n<strong>Aging: <\/strong>48 months followed by \"remoage\" and \"degorgement\".<br \/>\n<strong>Colour:<\/strong> Lemon yellow.<br \/>\n<strong>Aroma:<\/strong> Fine and persistent bubble, elegant and complex aroma.<br \/>\n<strong>Flavour:<\/strong> Full-bodied, dry, good acidity, fresh, crisp and creamy with a persistent finish.<\/p>\n<hr style=\"border: #b0976d 1px dotted;\" \/>\n<p><strong>Serve:<\/strong> 8\u2070<br \/>\n<strong>Consumption:\u00a0<\/strong>Immediate.<\/p>\n<hr style=\"border: #b0976d 1px dotted;\" \/>\n<p><strong>Harmonisation:<\/strong> Grilled fish, salads and sushi.<\/p>\n<hr style=\"border: #b0976d 1px dotted;\" \/>\n<p><strong>Producer:<\/strong> <a href=\"https:\/\/www.tourinto.pt\/en\/produtores\/alentejo\/joaquim-arnaud\/\">Joaquim Arnaud<\/a><\/p>\n<p><strong>Enology: <\/strong>Abel Codesso e Joaquim Arnaud<\/p>\n<p><strong>Category: <\/strong>Portuguese Wines \u2013 <a href=\"https:\/\/www.tourinto.pt\/en\/portugal\/vinhos-verdes\/\">Vinho Verde<\/a><\/p>\n<p><strong>Awards and Notes:\u00a0<\/strong><\/p>\n<ul>\n<li><strong>Revista de Vinhos &#8211;<\/strong><\/li>\n<\/ul>\n<p><a href=\"https:\/\/www.instagram.com\/joaquimarnaud.brands\/\"><span style=\"color: #f1f1f1;\">joaquim arnaud<\/span><\/a><\/p>\n\n\t\t<\/div>\n\t<\/div>\n<\/div><\/div><\/div><\/div><\/div><\/div><\/div><\/div><\/div><\/div><div class=\"vc_row-full-width vc_clearfix\"><\/div><div data-vc-full-width=\"true\" data-vc-full-width-init=\"false\" data-vc-stretch-content=\"true\" class=\"vc_row wpb_row vc_row-fluid vc_custom_1666015599747 vc_row-no-padding\"><div class=\"wpb_column vc_column_container vc_col-sm-12\"><div class=\"vc_column-inner  vc_custom_1666015521531\"><div class=\"wpb_wrapper\">\n<div class=\"vc_grid-container-wrapper vc_clearfix vc_grid-animation-fadeIn\">\n\t<div class=\"vc_grid-container vc_clearfix wpb_content_element vc_media_grid\" data-initial-loading-animation=\"fadeIn\" data-vc-grid-settings=\"{&quot;page_id&quot;:5646,&quot;style&quot;:&quot;all&quot;,&quot;action&quot;:&quot;vc_get_vc_grid_data&quot;,&quot;shortcode_id&quot;:&quot;1735291172933-63fb4a8b-8f66-9&quot;,&quot;tag&quot;:&quot;vc_media_grid&quot;}\" data-vc-request=\"https:\/\/www.tourinto.pt\/wp-admin\/admin-ajax.php\" data-vc-post-id=\"5646\" data-vc-public-nonce=\"619b7beda6\">\n\t\t\n\t<\/div>\n<\/div><\/div><\/div><\/div><\/div><div class=\"vc_row-full-width vc_clearfix\"><\/div>\n<\/div>","protected":false},"excerpt":{"rendered":"<p>Joaquim Arnaud Espumante Brut Nature Super Reserva \u00e9 um espumante da regi\u00e3o dos Vinhos Verdes, produzido por Joaquim Arnaud em colabora\u00e7\u00e3o com Abel Codesso. Apresenta bolha fina e persistente, com notas de lima e muita c cremosidade, para al\u00e9m de not\u00e1vel eleg\u00e2ncia, frescura e complexidade.<\/p>\n<p>Saiba mais sobre <a href=\"https:\/\/www.tourinto.pt\/en\/produtores\/alentejo\/joaquim-arnaud\/\">Joaquim Arnaud<\/a>.<\/p>\n[contact-form-7 id=\"4433d5d\" title=\"nota Uni\u00e3o Europeia\"]\n","protected":false},"featured_media":5672,"comment_status":"closed","ping_status":"closed","template":"","meta":{"_acf_changed":false,"_joinchat":[],"jetpack_publicize_message":"","jetpack_publicize_feature_enabled":true,"jetpack_social_post_already_shared":false,"jetpack_social_options":{"image_generator_settings":{"template":"highway","default_image_id":0,"font":"","enabled":false},"version":2}},"product_brand":[],"product_cat":[1451,1448,98,424,392,100,81,44,127,141],"product_tag":[284,255,124],"class_list":{"0":"post-5646","1":"product","2":"type-product","3":"status-publish","4":"has-post-thumbnail","6":"product_cat-sushi-e-marisco","7":"product_cat-vinhos-espumantes","8":"product_cat-espumante","9":"product_cat-vinhos-portugal","10":"product_cat-pequenos-produtores","11":"product_cat-tipologia","12":"product_cat-regiao","13":"product_cat-produtores","14":"product_cat-vinho-verde","15":"product_cat-joaquim-arnaud","16":"product_tag-trajadura","17":"product_tag-espumante","18":"product_tag-alvarinho","19":"pa_ano-33","20":"pa_castas-trajadura","21":"pa_castas-alvarinho","22":"pa_categoria-vinhos-portugueses","23":"pa_enologia-abel-codesso-joaquim-arnaud","24":"pa_leveduras-778","25":"pa_produtor-joaquim-arnaud","26":"pa_regiao-vinhos-verdes","27":"pa_tipologia-vinho-espumante-brut-nature","28":"pa_vinificacao-metodo-tradicional","29":"pa_viticultura-sustentavel","30":"pa_volume-750ml","32":"first","33":"instock","34":"taxable","35":"shipping-taxable","36":"purchasable","37":"product-type-simple"},"acf":[],"yoast_head":"<!-- This site is optimized with the Yoast SEO Premium plugin v27.4 (Yoast SEO v27.4) - https:\/\/yoast.com\/product\/yoast-seo-premium-wordpress\/ -->\n<title>Joaquim Arnaud Espumante Brut Nature - Tourinto Premium Wines<\/title>\n<meta name=\"description\" content=\"Joaquim Arnaud Espumante Brut Nature da regi\u00e3o dos Vinhos Verdes, apresenta bolha fina e persistente, com notas de lima, cremosidade, eleg\u00e2ncia e frescura.\" \/>\n<meta name=\"robots\" content=\"index, follow, max-snippet:-1, max-image-preview:large, max-video-preview:-1\" \/>\n<link rel=\"canonical\" href=\"https:\/\/www.tourinto.pt\/en\/product\/joaquim-arnaud-espumante-brut-nature-super-reserva\/\" \/>\n<meta property=\"og:locale\" content=\"en_GB\" \/>\n<meta property=\"og:type\" content=\"article\" \/>\n<meta property=\"og:title\" content=\"Joaquim Arnaud Espumante Brut Nature\" \/>\n<meta property=\"og:description\" content=\"Joaquim Arnaud Espumante Brut Nature da regi\u00e3o dos Vinhos Verdes, apresenta bolha fina e persistente, com notas de lima, cremosidade, eleg\u00e2ncia e frescura.\" \/>\n<meta property=\"og:url\" content=\"https:\/\/www.tourinto.pt\/en\/product\/joaquim-arnaud-espumante-brut-nature-super-reserva\/\" \/>\n<meta property=\"og:site_name\" content=\"Tourinto Premium Wines\" \/>\n<meta property=\"article:publisher\" content=\"https:\/\/www.facebook.com\/garrafeiratourinto\" \/>\n<meta property=\"article:modified_time\" content=\"2026-03-16T10:15:40+00:00\" \/>\n<meta property=\"og:image\" content=\"https:\/\/www.tourinto.pt\/wp-content\/uploads\/2023\/04\/Tourinto-Espumante-JoaquimArnaud.webp\" \/>\n\t<meta property=\"og:image:width\" content=\"881\" \/>\n\t<meta property=\"og:image:height\" content=\"1400\" \/>\n\t<meta property=\"og:image:type\" content=\"image\/webp\" \/>\n<meta name=\"twitter:card\" content=\"summary_large_image\" \/>\n<meta name=\"twitter:label1\" content=\"Price\" \/>\n\t<meta name=\"twitter:data1\" content=\"19,95&nbsp;&euro;\" \/>\n\t<meta name=\"twitter:label2\" content=\"Availability\" \/>\n\t<meta name=\"twitter:data2\" content=\"In stock\" \/>\n<script type=\"application\/ld+json\" class=\"yoast-schema-graph\">{\"@context\":\"https:\\\/\\\/schema.org\",\"@graph\":[{\"@type\":\"WebPage\",\"@id\":\"https:\\\/\\\/www.tourinto.pt\\\/product\\\/joaquim-arnaud-espumante-brut-nature-super-reserva\\\/\",\"url\":\"https:\\\/\\\/www.tourinto.pt\\\/product\\\/joaquim-arnaud-espumante-brut-nature-super-reserva\\\/\",\"name\":\"Joaquim Arnaud Espumante Brut Nature - Tourinto Premium Wines\",\"isPartOf\":{\"@id\":\"https:\\\/\\\/www.tourinto.pt\\\/#website\"},\"primaryImageOfPage\":{\"@id\":\"https:\\\/\\\/www.tourinto.pt\\\/product\\\/joaquim-arnaud-espumante-brut-nature-super-reserva\\\/#primaryimage\"},\"image\":{\"@id\":\"https:\\\/\\\/www.tourinto.pt\\\/product\\\/joaquim-arnaud-espumante-brut-nature-super-reserva\\\/#primaryimage\"},\"thumbnailUrl\":\"https:\\\/\\\/i0.wp.com\\\/www.tourinto.pt\\\/wp-content\\\/uploads\\\/2023\\\/04\\\/Tourinto-Espumante-JoaquimArnaud.webp?fit=881%2C1400&ssl=1\",\"datePublished\":\"2023-04-21T14:44:39+00:00\",\"dateModified\":\"2026-03-16T10:15:40+00:00\",\"description\":\"Joaquim Arnaud Espumante Brut Nature da regi\u00e3o dos Vinhos Verdes, apresenta bolha fina e persistente, com notas de lima, cremosidade, eleg\u00e2ncia e frescura.\",\"breadcrumb\":{\"@id\":\"https:\\\/\\\/www.tourinto.pt\\\/product\\\/joaquim-arnaud-espumante-brut-nature-super-reserva\\\/#breadcrumb\"},\"inLanguage\":\"en-GB\",\"potentialAction\":[{\"@type\":\"ReadAction\",\"target\":[\"https:\\\/\\\/www.tourinto.pt\\\/product\\\/joaquim-arnaud-espumante-brut-nature-super-reserva\\\/\"]}]},{\"@type\":\"ImageObject\",\"inLanguage\":\"en-GB\",\"@id\":\"https:\\\/\\\/www.tourinto.pt\\\/product\\\/joaquim-arnaud-espumante-brut-nature-super-reserva\\\/#primaryimage\",\"url\":\"https:\\\/\\\/i0.wp.com\\\/www.tourinto.pt\\\/wp-content\\\/uploads\\\/2023\\\/04\\\/Tourinto-Espumante-JoaquimArnaud.webp?fit=881%2C1400&ssl=1\",\"contentUrl\":\"https:\\\/\\\/i0.wp.com\\\/www.tourinto.pt\\\/wp-content\\\/uploads\\\/2023\\\/04\\\/Tourinto-Espumante-JoaquimArnaud.webp?fit=881%2C1400&ssl=1\",\"width\":881,\"height\":1400,\"caption\":\"Joaquim Arnaud Espumante, Joaquim Arnaud Sparkling Wine\"},{\"@type\":\"BreadcrumbList\",\"@id\":\"https:\\\/\\\/www.tourinto.pt\\\/product\\\/joaquim-arnaud-espumante-brut-nature-super-reserva\\\/#breadcrumb\",\"itemListElement\":[{\"@type\":\"ListItem\",\"position\":1,\"name\":\"In\u00edcio\",\"item\":\"https:\\\/\\\/www.tourinto.pt\\\/\"},{\"@type\":\"ListItem\",\"position\":2,\"name\":\"Garrafeira on-line\",\"item\":\"https:\\\/\\\/www.tourinto.pt\\\/garrafeira-on-line\\\/\"},{\"@type\":\"ListItem\",\"position\":3,\"name\":\"Joaquim Arnaud Espumante Brut Nature\"}]},{\"@type\":\"WebSite\",\"@id\":\"https:\\\/\\\/www.tourinto.pt\\\/#website\",\"url\":\"https:\\\/\\\/www.tourinto.pt\\\/\",\"name\":\"Tourinto Premium Wines\",\"description\":\"Garrafeira on-line\",\"publisher\":{\"@id\":\"https:\\\/\\\/www.tourinto.pt\\\/#organization\"},\"alternateName\":\"Garrafeira on-line\",\"potentialAction\":[{\"@type\":\"SearchAction\",\"target\":{\"@type\":\"EntryPoint\",\"urlTemplate\":\"https:\\\/\\\/www.tourinto.pt\\\/?s={search_term_string}\"},\"query-input\":{\"@type\":\"PropertyValueSpecification\",\"valueRequired\":true,\"valueName\":\"search_term_string\"}}],\"inLanguage\":\"en-GB\"},{\"@type\":[\"Organization\",\"Place\"],\"@id\":\"https:\\\/\\\/www.tourinto.pt\\\/#organization\",\"name\":\"Tourinto\",\"alternateName\":\"Garrafeira Tourinto, Lda.\",\"url\":\"https:\\\/\\\/www.tourinto.pt\\\/\",\"logo\":{\"@id\":\"https:\\\/\\\/www.tourinto.pt\\\/product\\\/joaquim-arnaud-espumante-brut-nature-super-reserva\\\/#local-main-organization-logo\"},\"image\":{\"@id\":\"https:\\\/\\\/www.tourinto.pt\\\/product\\\/joaquim-arnaud-espumante-brut-nature-super-reserva\\\/#local-main-organization-logo\"},\"sameAs\":[\"https:\\\/\\\/www.facebook.com\\\/garrafeiratourinto\",\"https:\\\/\\\/www.instagram.com\\\/garrafeiratourinto\\\/\"],\"telephone\":[],\"openingHoursSpecification\":[{\"@type\":\"OpeningHoursSpecification\",\"dayOfWeek\":[\"Monday\",\"Tuesday\",\"Wednesday\",\"Thursday\",\"Friday\",\"Saturday\",\"Sunday\"],\"opens\":\"09:00\",\"closes\":\"17:00\"}]},{\"@type\":\"ImageObject\",\"inLanguage\":\"en-GB\",\"@id\":\"https:\\\/\\\/www.tourinto.pt\\\/product\\\/joaquim-arnaud-espumante-brut-nature-super-reserva\\\/#local-main-organization-logo\",\"url\":\"https:\\\/\\\/i0.wp.com\\\/www.tourinto.pt\\\/wp-content\\\/uploads\\\/2022\\\/07\\\/tourinto-logo-big.png?fit=1400%2C505&ssl=1\",\"contentUrl\":\"https:\\\/\\\/i0.wp.com\\\/www.tourinto.pt\\\/wp-content\\\/uploads\\\/2022\\\/07\\\/tourinto-logo-big.png?fit=1400%2C505&ssl=1\",\"width\":1400,\"height\":505,\"caption\":\"Tourinto\"}]}<\/script>\n<meta property=\"product:price:amount\" content=\"19.95\" \/>\n<meta property=\"product:price:currency\" content=\"EUR\" \/>\n<meta property=\"og:availability\" content=\"instock\" \/>\n<meta property=\"product:availability\" content=\"instock\" \/>\n<meta property=\"product:retailer_item_id\" content=\"13.06.2020\" \/>\n<meta property=\"product:condition\" content=\"new\" \/>\n<!-- \/ Yoast SEO Premium plugin. -->","yoast_head_json":{"title":"Joaquim Arnaud Espumante Brut Nature - Tourinto Premium Wines","description":"Joaquim Arnaud Espumante Brut Nature da regi\u00e3o dos Vinhos Verdes, apresenta bolha fina e persistente, com notas de lima, cremosidade, eleg\u00e2ncia e frescura.","robots":{"index":"index","follow":"follow","max-snippet":"max-snippet:-1","max-image-preview":"max-image-preview:large","max-video-preview":"max-video-preview:-1"},"canonical":"https:\/\/www.tourinto.pt\/en\/product\/joaquim-arnaud-espumante-brut-nature-super-reserva\/","og_locale":"en_GB","og_type":"article","og_title":"Joaquim Arnaud Espumante Brut Nature","og_description":"Joaquim Arnaud Espumante Brut Nature da regi\u00e3o dos Vinhos Verdes, apresenta bolha fina e persistente, com notas de lima, cremosidade, eleg\u00e2ncia e frescura.","og_url":"https:\/\/www.tourinto.pt\/en\/product\/joaquim-arnaud-espumante-brut-nature-super-reserva\/","og_site_name":"Tourinto Premium Wines","article_publisher":"https:\/\/www.facebook.com\/garrafeiratourinto","article_modified_time":"2026-03-16T10:15:40+00:00","og_image":[{"width":881,"height":1400,"url":"https:\/\/www.tourinto.pt\/wp-content\/uploads\/2023\/04\/Tourinto-Espumante-JoaquimArnaud.webp","type":"image\/webp"}],"twitter_card":"summary_large_image","twitter_misc":{"Price":"19,95&nbsp;&euro;","Availability":"In stock"},"schema":{"@context":"https:\/\/schema.org","@graph":[{"@type":"WebPage","@id":"https:\/\/www.tourinto.pt\/product\/joaquim-arnaud-espumante-brut-nature-super-reserva\/","url":"https:\/\/www.tourinto.pt\/product\/joaquim-arnaud-espumante-brut-nature-super-reserva\/","name":"Joaquim Arnaud Espumante Brut Nature - Tourinto Premium Wines","isPartOf":{"@id":"https:\/\/www.tourinto.pt\/#website"},"primaryImageOfPage":{"@id":"https:\/\/www.tourinto.pt\/product\/joaquim-arnaud-espumante-brut-nature-super-reserva\/#primaryimage"},"image":{"@id":"https:\/\/www.tourinto.pt\/product\/joaquim-arnaud-espumante-brut-nature-super-reserva\/#primaryimage"},"thumbnailUrl":"https:\/\/i0.wp.com\/www.tourinto.pt\/wp-content\/uploads\/2023\/04\/Tourinto-Espumante-JoaquimArnaud.webp?fit=881%2C1400&ssl=1","datePublished":"2023-04-21T14:44:39+00:00","dateModified":"2026-03-16T10:15:40+00:00","description":"Joaquim Arnaud Espumante Brut Nature da regi\u00e3o dos Vinhos Verdes, apresenta bolha fina e persistente, com notas de lima, cremosidade, eleg\u00e2ncia e frescura.","breadcrumb":{"@id":"https:\/\/www.tourinto.pt\/product\/joaquim-arnaud-espumante-brut-nature-super-reserva\/#breadcrumb"},"inLanguage":"en-GB","potentialAction":[{"@type":"ReadAction","target":["https:\/\/www.tourinto.pt\/product\/joaquim-arnaud-espumante-brut-nature-super-reserva\/"]}]},{"@type":"ImageObject","inLanguage":"en-GB","@id":"https:\/\/www.tourinto.pt\/product\/joaquim-arnaud-espumante-brut-nature-super-reserva\/#primaryimage","url":"https:\/\/i0.wp.com\/www.tourinto.pt\/wp-content\/uploads\/2023\/04\/Tourinto-Espumante-JoaquimArnaud.webp?fit=881%2C1400&ssl=1","contentUrl":"https:\/\/i0.wp.com\/www.tourinto.pt\/wp-content\/uploads\/2023\/04\/Tourinto-Espumante-JoaquimArnaud.webp?fit=881%2C1400&ssl=1","width":881,"height":1400,"caption":"Joaquim Arnaud Espumante, Joaquim Arnaud Sparkling Wine"},{"@type":"BreadcrumbList","@id":"https:\/\/www.tourinto.pt\/product\/joaquim-arnaud-espumante-brut-nature-super-reserva\/#breadcrumb","itemListElement":[{"@type":"ListItem","position":1,"name":"In\u00edcio","item":"https:\/\/www.tourinto.pt\/"},{"@type":"ListItem","position":2,"name":"Garrafeira on-line","item":"https:\/\/www.tourinto.pt\/garrafeira-on-line\/"},{"@type":"ListItem","position":3,"name":"Joaquim Arnaud Espumante Brut Nature"}]},{"@type":"WebSite","@id":"https:\/\/www.tourinto.pt\/#website","url":"https:\/\/www.tourinto.pt\/","name":"Tourinto Premium Wines","description":"Wine Shop online","publisher":{"@id":"https:\/\/www.tourinto.pt\/#organization"},"alternateName":"Garrafeira on-line","potentialAction":[{"@type":"SearchAction","target":{"@type":"EntryPoint","urlTemplate":"https:\/\/www.tourinto.pt\/?s={search_term_string}"},"query-input":{"@type":"PropertyValueSpecification","valueRequired":true,"valueName":"search_term_string"}}],"inLanguage":"en-GB"},{"@type":["Organization","Place"],"@id":"https:\/\/www.tourinto.pt\/#organization","name":"Tourinto","alternateName":"Garrafeira Tourinto, Lda.","url":"https:\/\/www.tourinto.pt\/","logo":{"@id":"https:\/\/www.tourinto.pt\/product\/joaquim-arnaud-espumante-brut-nature-super-reserva\/#local-main-organization-logo"},"image":{"@id":"https:\/\/www.tourinto.pt\/product\/joaquim-arnaud-espumante-brut-nature-super-reserva\/#local-main-organization-logo"},"sameAs":["https:\/\/www.facebook.com\/garrafeiratourinto","https:\/\/www.instagram.com\/garrafeiratourinto\/"],"telephone":[],"openingHoursSpecification":[{"@type":"OpeningHoursSpecification","dayOfWeek":["Monday","Tuesday","Wednesday","Thursday","Friday","Saturday","Sunday"],"opens":"09:00","closes":"17:00"}]},{"@type":"ImageObject","inLanguage":"en-GB","@id":"https:\/\/www.tourinto.pt\/product\/joaquim-arnaud-espumante-brut-nature-super-reserva\/#local-main-organization-logo","url":"https:\/\/i0.wp.com\/www.tourinto.pt\/wp-content\/uploads\/2022\/07\/tourinto-logo-big.png?fit=1400%2C505&ssl=1","contentUrl":"https:\/\/i0.wp.com\/www.tourinto.pt\/wp-content\/uploads\/2022\/07\/tourinto-logo-big.png?fit=1400%2C505&ssl=1","width":1400,"height":505,"caption":"Tourinto"}]},"product_price_amount":"19.95","product_price_currency":"EUR","og_availability":"instock","product_availability":"instock","product_retailer_item_id":"13.06.2020","product_condition":"new"},"jetpack_publicize_connections":[],"jetpack_sharing_enabled":true,"_links":{"self":[{"href":"https:\/\/www.tourinto.pt\/en\/wp-json\/wp\/v2\/product\/5646","targetHints":{"allow":["GET"]}}],"collection":[{"href":"https:\/\/www.tourinto.pt\/en\/wp-json\/wp\/v2\/product"}],"about":[{"href":"https:\/\/www.tourinto.pt\/en\/wp-json\/wp\/v2\/types\/product"}],"replies":[{"embeddable":true,"href":"https:\/\/www.tourinto.pt\/en\/wp-json\/wp\/v2\/comments?post=5646"}],"wp:featuredmedia":[{"embeddable":true,"href":"https:\/\/www.tourinto.pt\/en\/wp-json\/wp\/v2\/media\/5672"}],"wp:attachment":[{"href":"https:\/\/www.tourinto.pt\/en\/wp-json\/wp\/v2\/media?parent=5646"}],"wp:term":[{"taxonomy":"product_brand","embeddable":true,"href":"https:\/\/www.tourinto.pt\/en\/wp-json\/wp\/v2\/product_brand?post=5646"},{"taxonomy":"product_cat","embeddable":true,"href":"https:\/\/www.tourinto.pt\/en\/wp-json\/wp\/v2\/product_cat?post=5646"},{"taxonomy":"product_tag","embeddable":true,"href":"https:\/\/www.tourinto.pt\/en\/wp-json\/wp\/v2\/product_tag?post=5646"}],"curies":[{"name":"wp","href":"https:\/\/api.w.org\/{rel}","templated":true}]}}