{"id":5371,"date":"2023-03-29T14:28:59","date_gmt":"2023-03-29T14:28:59","guid":{"rendered":"https:\/\/www.tourinto.pt\/?post_type=product&#038;p=5371"},"modified":"2024-11-19T13:54:04","modified_gmt":"2024-11-19T13:54:04","slug":"qta-dos-pesos-carcavelos-1991","status":"publish","type":"product","link":"https:\/\/www.tourinto.pt\/en\/product\/qta-dos-pesos-carcavelos-1991\/","title":{"rendered":"Howard\u2019s Folly Carcavelos 1991"},"content":{"rendered":"<div class=\"wpb-content-wrapper\"><div data-vc-full-width=\"true\" data-vc-full-width-init=\"false\" class=\"vc_row wpb_row vc_row-fluid vc_custom_1656585076455 vc_row-has-fill\"><div class=\"wpb_column vc_column_container vc_col-sm-12\"><div class=\"vc_column-inner\"><div class=\"wpb_wrapper\"><div class=\"vc_tta-container\" data-vc-action=\"collapse\"><div class=\"vc_general vc_tta vc_tta-tabs vc_tta-color-black vc_tta-style-flat vc_tta-shape-square vc_tta-spacing-1 vc_tta-o-no-fill vc_tta-tabs-position-top vc_tta-controls-align-left\"><div class=\"vc_tta-tabs-container\"><ul class=\"vc_tta-tabs-list\" role=\"tablist\"><li class=\"vc_tta-tab vc_active\" data-vc-tab role=\"presentation\"><a href=\"#1656584484701-0e478312-357c\" data-vc-tabs data-vc-container=\".vc_tta\" role=\"tab\" aria-selected=\"false\" id=\"tab-1656584484701-0e478312-357c\"><i class=\"vc_tta-icon vc-oi vc-oi-article\"><\/i><span class=\"vc_tta-title-text\">Description<\/span><\/a><\/li><\/ul><\/div><div class=\"vc_tta-panels-container\"><div class=\"vc_tta-panels\"><div class=\"vc_tta-panel vc_active\" id=\"1656584484701-0e478312-357c\" data-vc-content=\".vc_tta-panel-body\"><div class=\"vc_tta-panel-heading\"><h4 class=\"vc_tta-panel-title\"><a href=\"#1656584484701-0e478312-357c\" data-vc-accordion data-vc-container=\".vc_tta-container\"><i class=\"vc_tta-icon vc-oi vc-oi-article\"><\/i><span class=\"vc_tta-title-text\">Description<\/span><\/a><\/h4><\/div><div class=\"vc_tta-panel-body\">\n\t<div class=\"wpb_text_column wpb_content_element\" >\n\t\t<div class=\"wpb_wrapper\">\n\t\t\t<p><strong>Howard\u2019s Folly Carcavelos 1991<\/strong><\/p>\n<p><strong>Grape varieties: <\/strong>Arinto, Galego Dourado, Boal, Rabo de Ovelha, Jo\u00e3o Santar\u00e9m, Espadeiro Tinto.<br \/>\n<strong>Aging: <\/strong>In 700 litre oak barrels.<strong><br \/>\n<\/strong><strong>Aroma: <\/strong>Volatile aromas of dried fruits and spices.<br \/>\n<strong>Flavour:<\/strong> Elegant and intensely flavoured, with a long and persistent finish enhanced by a lively acidity.<\/p>\n<hr style=\"border: #b0976d 1px dotted;\" \/>\n<p><strong>Serve:<\/strong> 12\u2070 to 14\u2070<br \/>\n<strong>Consumption: <\/strong>Immediate<\/p>\n<hr style=\"border: #b0976d 1px dotted;\" \/>\n<p><strong>Harmonisation: <\/strong>Matured cheeses, mix of dried fruits, pastel de<br \/>\ncream, lemon-based desserts and egg whites.<\/p>\n<hr style=\"border: #b0976d 1px dotted;\" \/>\n<p><strong>Enology: <\/strong>David Baverstock<\/p>\n<p><strong>Awards and Notes:<\/strong><\/p>\n<ul>\n<li><strong>Jancis Robinson &#8211; <\/strong>17,5\/100 (2022)<\/li>\n<li><strong>James Suckling<\/strong> &#8211; 96\/100 (2022)<\/li>\n<\/ul>\n\n\t\t<\/div>\n\t<\/div>\n<\/div><\/div><\/div><\/div><\/div><\/div><\/div><\/div><\/div><\/div><div class=\"vc_row-full-width vc_clearfix\"><\/div><div data-vc-full-width=\"true\" data-vc-full-width-init=\"false\" data-vc-stretch-content=\"true\" class=\"vc_row wpb_row vc_row-fluid vc_custom_1671210597184 vc_row-no-padding\"><div class=\"wpb_column vc_column_container vc_col-sm-12\"><div class=\"vc_column-inner\"><div class=\"wpb_wrapper\">\n<div class=\"vc_grid-container-wrapper vc_clearfix vc_grid-animation-fadeIn\">\n\t<div class=\"vc_grid-container vc_clearfix wpb_content_element vc_media_grid\" data-initial-loading-animation=\"fadeIn\" data-vc-grid-settings=\"{&quot;page_id&quot;:5371,&quot;style&quot;:&quot;all&quot;,&quot;action&quot;:&quot;vc_get_vc_grid_data&quot;,&quot;shortcode_id&quot;:&quot;1707407274533-b5e3a607-9c35-1&quot;,&quot;tag&quot;:&quot;vc_media_grid&quot;}\" data-vc-request=\"https:\/\/www.tourinto.pt\/wp-admin\/admin-ajax.php\" data-vc-post-id=\"5371\" data-vc-public-nonce=\"05c9e97c64\">\n\t\t\n\t<\/div>\n<\/div><\/div><\/div><\/div><\/div><div class=\"vc_row-full-width vc_clearfix\"><\/div>\n<\/div>","protected":false},"excerpt":{"rendered":"<p>Howard\u2019s Folly Carcavelos 1991\u00a0\u00e9 produzido na Quinta dos Pesos em Caparide, uma mistura de 85% 1991 e 15% 1992, amadurecido em barris de 700 litros, com margem de enchimento para melhorar o processo de oxida\u00e7\u00e3o. Com aromas vol\u00e1teis de frutos secos e especiarias, para al\u00e9m de elegante e intensamente aromatizado, aos quais se junta um final longo e persistente real\u00e7ado por uma acidez viva.<\/p>\n[contact-form-7 id=\"4433d5d\" title=\"nota Uni\u00e3o Europeia\"]\n","protected":false},"featured_media":5379,"comment_status":"closed","ping_status":"closed","template":"","meta":{"_acf_changed":false,"_joinchat":[],"jetpack_publicize_message":"","jetpack_publicize_feature_enabled":true,"jetpack_social_post_already_shared":false,"jetpack_social_options":{"image_generator_settings":{"template":"highway","default_image_id":0,"font":"","enabled":false},"version":2}},"product_brand":[],"product_cat":[274,424,100,113,81,44],"product_tag":[71,266,267,268,269,270,271],"class_list":{"0":"post-5371","1":"product","2":"type-product","3":"status-publish","4":"has-post-thumbnail","6":"product_cat-vinhos-fortificados","7":"product_cat-vinhos-portugal","8":"product_cat-tipologia","9":"product_cat-lisboa","10":"product_cat-regiao","11":"product_cat-produtores","12":"product_tag-arinto","13":"product_tag-carcavelos","14":"product_tag-galego-dourado","15":"product_tag-boal","16":"product_tag-rabo-de-ovelha","17":"product_tag-joao-santarem","18":"product_tag-espadeito-tinto","19":"pa_ano-437","20":"pa_volume-500ml","22":"first","23":"instock","24":"taxable","25":"shipping-taxable","26":"purchasable","27":"product-type-simple"},"acf":[],"yoast_head":"<!-- This site is optimized with the Yoast SEO Premium plugin v27.5 (Yoast SEO v27.5) - https:\/\/yoast.com\/product\/yoast-seo-premium-wordpress\/ -->\n<title>Howard\u2019s Folly Carcavelos 1991 - Tourinto Premium Wines<\/title>\n<meta name=\"description\" content=\"Howard\u2019s Folly Carcavelos 1991 \u00e9 um vinho licoroso produzido em Caparide, um blend com 85% 1991 e 15% 1992, elegante e extremamente arom\u00e1tico.\" \/>\n<meta name=\"robots\" content=\"index, follow, max-snippet:-1, max-image-preview:large, max-video-preview:-1\" \/>\n<link rel=\"canonical\" href=\"https:\/\/www.tourinto.pt\/en\/product\/qta-dos-pesos-carcavelos-1991\/\" \/>\n<meta property=\"og:locale\" content=\"en_GB\" \/>\n<meta property=\"og:type\" content=\"article\" \/>\n<meta property=\"og:title\" content=\"Howard\u2019s Folly Carcavelos 1991\" \/>\n<meta property=\"og:description\" content=\"Howard\u2019s Folly Carcavelos 1991 \u00e9 um vinho licoroso produzido em Caparide, um blend com 85% 1991 e 15% 1992, elegante e extremamente arom\u00e1tico.\" \/>\n<meta property=\"og:url\" content=\"https:\/\/www.tourinto.pt\/en\/product\/qta-dos-pesos-carcavelos-1991\/\" \/>\n<meta property=\"og:site_name\" content=\"Tourinto Premium Wines\" \/>\n<meta property=\"article:publisher\" content=\"https:\/\/www.facebook.com\/garrafeiratourinto\" \/>\n<meta property=\"article:modified_time\" content=\"2024-11-19T13:54:04+00:00\" \/>\n<meta property=\"og:image\" content=\"https:\/\/www.tourinto.pt\/wp-content\/uploads\/2023\/03\/Tourinto-porto-Carcavelos.webp\" \/>\n\t<meta property=\"og:image:width\" content=\"881\" \/>\n\t<meta property=\"og:image:height\" content=\"1400\" \/>\n\t<meta property=\"og:image:type\" content=\"image\/webp\" \/>\n<meta name=\"twitter:card\" content=\"summary_large_image\" \/>\n<meta name=\"twitter:label1\" content=\"Price\" \/>\n\t<meta name=\"twitter:data1\" content=\"62,00&nbsp;&euro;\" \/>\n\t<meta name=\"twitter:label2\" content=\"Availability\" \/>\n\t<meta name=\"twitter:data2\" content=\"In stock\" \/>\n<script type=\"application\/ld+json\" class=\"yoast-schema-graph\">{\"@context\":\"https:\\\/\\\/schema.org\",\"@graph\":[{\"@type\":\"WebPage\",\"@id\":\"https:\\\/\\\/www.tourinto.pt\\\/product\\\/qta-dos-pesos-carcavelos-1991\\\/\",\"url\":\"https:\\\/\\\/www.tourinto.pt\\\/product\\\/qta-dos-pesos-carcavelos-1991\\\/\",\"name\":\"Howard\u2019s Folly Carcavelos 1991 - Tourinto Premium Wines\",\"isPartOf\":{\"@id\":\"https:\\\/\\\/www.tourinto.pt\\\/#website\"},\"primaryImageOfPage\":{\"@id\":\"https:\\\/\\\/www.tourinto.pt\\\/product\\\/qta-dos-pesos-carcavelos-1991\\\/#primaryimage\"},\"image\":{\"@id\":\"https:\\\/\\\/www.tourinto.pt\\\/product\\\/qta-dos-pesos-carcavelos-1991\\\/#primaryimage\"},\"thumbnailUrl\":\"https:\\\/\\\/i0.wp.com\\\/www.tourinto.pt\\\/wp-content\\\/uploads\\\/2023\\\/03\\\/Tourinto-porto-Carcavelos.webp?fit=881%2C1400&ssl=1\",\"datePublished\":\"2023-03-29T14:28:59+00:00\",\"dateModified\":\"2024-11-19T13:54:04+00:00\",\"description\":\"Howard\u2019s Folly Carcavelos 1991 \u00e9 um vinho licoroso produzido em Caparide, um blend com 85% 1991 e 15% 1992, elegante e extremamente arom\u00e1tico.\",\"breadcrumb\":{\"@id\":\"https:\\\/\\\/www.tourinto.pt\\\/product\\\/qta-dos-pesos-carcavelos-1991\\\/#breadcrumb\"},\"inLanguage\":\"en-GB\",\"potentialAction\":[{\"@type\":\"ReadAction\",\"target\":[\"https:\\\/\\\/www.tourinto.pt\\\/product\\\/qta-dos-pesos-carcavelos-1991\\\/\"]}]},{\"@type\":\"ImageObject\",\"inLanguage\":\"en-GB\",\"@id\":\"https:\\\/\\\/www.tourinto.pt\\\/product\\\/qta-dos-pesos-carcavelos-1991\\\/#primaryimage\",\"url\":\"https:\\\/\\\/i0.wp.com\\\/www.tourinto.pt\\\/wp-content\\\/uploads\\\/2023\\\/03\\\/Tourinto-porto-Carcavelos.webp?fit=881%2C1400&ssl=1\",\"contentUrl\":\"https:\\\/\\\/i0.wp.com\\\/www.tourinto.pt\\\/wp-content\\\/uploads\\\/2023\\\/03\\\/Tourinto-porto-Carcavelos.webp?fit=881%2C1400&ssl=1\",\"width\":881,\"height\":1400,\"caption\":\"Howard\u2019s Folly Carcavelos 1991\"},{\"@type\":\"BreadcrumbList\",\"@id\":\"https:\\\/\\\/www.tourinto.pt\\\/product\\\/qta-dos-pesos-carcavelos-1991\\\/#breadcrumb\",\"itemListElement\":[{\"@type\":\"ListItem\",\"position\":1,\"name\":\"In\u00edcio\",\"item\":\"https:\\\/\\\/www.tourinto.pt\\\/\"},{\"@type\":\"ListItem\",\"position\":2,\"name\":\"Garrafeira on-line\",\"item\":\"https:\\\/\\\/www.tourinto.pt\\\/garrafeira-on-line\\\/\"},{\"@type\":\"ListItem\",\"position\":3,\"name\":\"Howard\u2019s Folly Carcavelos 1991\"}]},{\"@type\":\"WebSite\",\"@id\":\"https:\\\/\\\/www.tourinto.pt\\\/#website\",\"url\":\"https:\\\/\\\/www.tourinto.pt\\\/\",\"name\":\"Tourinto Premium Wines\",\"description\":\"Garrafeira on-line\",\"publisher\":{\"@id\":\"https:\\\/\\\/www.tourinto.pt\\\/#organization\"},\"alternateName\":\"Garrafeira on-line\",\"potentialAction\":[{\"@type\":\"SearchAction\",\"target\":{\"@type\":\"EntryPoint\",\"urlTemplate\":\"https:\\\/\\\/www.tourinto.pt\\\/?s={search_term_string}\"},\"query-input\":{\"@type\":\"PropertyValueSpecification\",\"valueRequired\":true,\"valueName\":\"search_term_string\"}}],\"inLanguage\":\"en-GB\"},{\"@type\":[\"Organization\",\"Place\"],\"@id\":\"https:\\\/\\\/www.tourinto.pt\\\/#organization\",\"name\":\"Tourinto\",\"alternateName\":\"Garrafeira Tourinto, Lda.\",\"url\":\"https:\\\/\\\/www.tourinto.pt\\\/\",\"logo\":{\"@id\":\"https:\\\/\\\/www.tourinto.pt\\\/product\\\/qta-dos-pesos-carcavelos-1991\\\/#local-main-organization-logo\"},\"image\":{\"@id\":\"https:\\\/\\\/www.tourinto.pt\\\/product\\\/qta-dos-pesos-carcavelos-1991\\\/#local-main-organization-logo\"},\"sameAs\":[\"https:\\\/\\\/www.facebook.com\\\/garrafeiratourinto\",\"https:\\\/\\\/www.instagram.com\\\/garrafeiratourinto\\\/\"],\"telephone\":[],\"openingHoursSpecification\":[{\"@type\":\"OpeningHoursSpecification\",\"dayOfWeek\":[\"Monday\",\"Tuesday\",\"Wednesday\",\"Thursday\",\"Friday\",\"Saturday\",\"Sunday\"],\"opens\":\"09:00\",\"closes\":\"17:00\"}]},{\"@type\":\"ImageObject\",\"inLanguage\":\"en-GB\",\"@id\":\"https:\\\/\\\/www.tourinto.pt\\\/product\\\/qta-dos-pesos-carcavelos-1991\\\/#local-main-organization-logo\",\"url\":\"https:\\\/\\\/i0.wp.com\\\/www.tourinto.pt\\\/wp-content\\\/uploads\\\/2022\\\/07\\\/tourinto-logo-big.png?fit=1400%2C505&ssl=1\",\"contentUrl\":\"https:\\\/\\\/i0.wp.com\\\/www.tourinto.pt\\\/wp-content\\\/uploads\\\/2022\\\/07\\\/tourinto-logo-big.png?fit=1400%2C505&ssl=1\",\"width\":1400,\"height\":505,\"caption\":\"Tourinto\"}]}<\/script>\n<meta property=\"product:price:amount\" content=\"62.00\" \/>\n<meta property=\"product:price:currency\" content=\"EUR\" \/>\n<meta property=\"og:availability\" content=\"instock\" \/>\n<meta property=\"product:availability\" content=\"instock\" \/>\n<meta property=\"product:retailer_item_id\" content=\"34.01.1991\" \/>\n<meta property=\"product:condition\" content=\"new\" \/>\n<!-- \/ Yoast SEO Premium plugin. -->","yoast_head_json":{"title":"Howard\u2019s Folly Carcavelos 1991 - Tourinto Premium Wines","description":"Howard\u2019s Folly Carcavelos 1991 \u00e9 um vinho licoroso produzido em Caparide, um blend com 85% 1991 e 15% 1992, elegante e extremamente arom\u00e1tico.","robots":{"index":"index","follow":"follow","max-snippet":"max-snippet:-1","max-image-preview":"max-image-preview:large","max-video-preview":"max-video-preview:-1"},"canonical":"https:\/\/www.tourinto.pt\/en\/product\/qta-dos-pesos-carcavelos-1991\/","og_locale":"en_GB","og_type":"article","og_title":"Howard\u2019s Folly Carcavelos 1991","og_description":"Howard\u2019s Folly Carcavelos 1991 \u00e9 um vinho licoroso produzido em Caparide, um blend com 85% 1991 e 15% 1992, elegante e extremamente arom\u00e1tico.","og_url":"https:\/\/www.tourinto.pt\/en\/product\/qta-dos-pesos-carcavelos-1991\/","og_site_name":"Tourinto Premium Wines","article_publisher":"https:\/\/www.facebook.com\/garrafeiratourinto","article_modified_time":"2024-11-19T13:54:04+00:00","og_image":[{"width":881,"height":1400,"url":"https:\/\/www.tourinto.pt\/wp-content\/uploads\/2023\/03\/Tourinto-porto-Carcavelos.webp","type":"image\/webp"}],"twitter_card":"summary_large_image","twitter_misc":{"Price":"62,00&nbsp;&euro;","Availability":"In stock"},"schema":{"@context":"https:\/\/schema.org","@graph":[{"@type":"WebPage","@id":"https:\/\/www.tourinto.pt\/product\/qta-dos-pesos-carcavelos-1991\/","url":"https:\/\/www.tourinto.pt\/product\/qta-dos-pesos-carcavelos-1991\/","name":"Howard\u2019s Folly Carcavelos 1991 - Tourinto Premium Wines","isPartOf":{"@id":"https:\/\/www.tourinto.pt\/#website"},"primaryImageOfPage":{"@id":"https:\/\/www.tourinto.pt\/product\/qta-dos-pesos-carcavelos-1991\/#primaryimage"},"image":{"@id":"https:\/\/www.tourinto.pt\/product\/qta-dos-pesos-carcavelos-1991\/#primaryimage"},"thumbnailUrl":"https:\/\/i0.wp.com\/www.tourinto.pt\/wp-content\/uploads\/2023\/03\/Tourinto-porto-Carcavelos.webp?fit=881%2C1400&ssl=1","datePublished":"2023-03-29T14:28:59+00:00","dateModified":"2024-11-19T13:54:04+00:00","description":"Howard\u2019s Folly Carcavelos 1991 \u00e9 um vinho licoroso produzido em Caparide, um blend com 85% 1991 e 15% 1992, elegante e extremamente arom\u00e1tico.","breadcrumb":{"@id":"https:\/\/www.tourinto.pt\/product\/qta-dos-pesos-carcavelos-1991\/#breadcrumb"},"inLanguage":"en-GB","potentialAction":[{"@type":"ReadAction","target":["https:\/\/www.tourinto.pt\/product\/qta-dos-pesos-carcavelos-1991\/"]}]},{"@type":"ImageObject","inLanguage":"en-GB","@id":"https:\/\/www.tourinto.pt\/product\/qta-dos-pesos-carcavelos-1991\/#primaryimage","url":"https:\/\/i0.wp.com\/www.tourinto.pt\/wp-content\/uploads\/2023\/03\/Tourinto-porto-Carcavelos.webp?fit=881%2C1400&ssl=1","contentUrl":"https:\/\/i0.wp.com\/www.tourinto.pt\/wp-content\/uploads\/2023\/03\/Tourinto-porto-Carcavelos.webp?fit=881%2C1400&ssl=1","width":881,"height":1400,"caption":"Howard\u2019s Folly Carcavelos 1991"},{"@type":"BreadcrumbList","@id":"https:\/\/www.tourinto.pt\/product\/qta-dos-pesos-carcavelos-1991\/#breadcrumb","itemListElement":[{"@type":"ListItem","position":1,"name":"In\u00edcio","item":"https:\/\/www.tourinto.pt\/"},{"@type":"ListItem","position":2,"name":"Garrafeira on-line","item":"https:\/\/www.tourinto.pt\/garrafeira-on-line\/"},{"@type":"ListItem","position":3,"name":"Howard\u2019s Folly Carcavelos 1991"}]},{"@type":"WebSite","@id":"https:\/\/www.tourinto.pt\/#website","url":"https:\/\/www.tourinto.pt\/","name":"Tourinto Premium Wines","description":"Wine Shop online","publisher":{"@id":"https:\/\/www.tourinto.pt\/#organization"},"alternateName":"Garrafeira on-line","potentialAction":[{"@type":"SearchAction","target":{"@type":"EntryPoint","urlTemplate":"https:\/\/www.tourinto.pt\/?s={search_term_string}"},"query-input":{"@type":"PropertyValueSpecification","valueRequired":true,"valueName":"search_term_string"}}],"inLanguage":"en-GB"},{"@type":["Organization","Place"],"@id":"https:\/\/www.tourinto.pt\/#organization","name":"Tourinto","alternateName":"Garrafeira Tourinto, Lda.","url":"https:\/\/www.tourinto.pt\/","logo":{"@id":"https:\/\/www.tourinto.pt\/product\/qta-dos-pesos-carcavelos-1991\/#local-main-organization-logo"},"image":{"@id":"https:\/\/www.tourinto.pt\/product\/qta-dos-pesos-carcavelos-1991\/#local-main-organization-logo"},"sameAs":["https:\/\/www.facebook.com\/garrafeiratourinto","https:\/\/www.instagram.com\/garrafeiratourinto\/"],"telephone":[],"openingHoursSpecification":[{"@type":"OpeningHoursSpecification","dayOfWeek":["Monday","Tuesday","Wednesday","Thursday","Friday","Saturday","Sunday"],"opens":"09:00","closes":"17:00"}]},{"@type":"ImageObject","inLanguage":"en-GB","@id":"https:\/\/www.tourinto.pt\/product\/qta-dos-pesos-carcavelos-1991\/#local-main-organization-logo","url":"https:\/\/i0.wp.com\/www.tourinto.pt\/wp-content\/uploads\/2022\/07\/tourinto-logo-big.png?fit=1400%2C505&ssl=1","contentUrl":"https:\/\/i0.wp.com\/www.tourinto.pt\/wp-content\/uploads\/2022\/07\/tourinto-logo-big.png?fit=1400%2C505&ssl=1","width":1400,"height":505,"caption":"Tourinto"}]},"product_price_amount":"62.00","product_price_currency":"EUR","og_availability":"instock","product_availability":"instock","product_retailer_item_id":"34.01.1991","product_condition":"new"},"jetpack_publicize_connections":[],"jetpack_sharing_enabled":true,"_links":{"self":[{"href":"https:\/\/www.tourinto.pt\/en\/wp-json\/wp\/v2\/product\/5371","targetHints":{"allow":["GET"]}}],"collection":[{"href":"https:\/\/www.tourinto.pt\/en\/wp-json\/wp\/v2\/product"}],"about":[{"href":"https:\/\/www.tourinto.pt\/en\/wp-json\/wp\/v2\/types\/product"}],"replies":[{"embeddable":true,"href":"https:\/\/www.tourinto.pt\/en\/wp-json\/wp\/v2\/comments?post=5371"}],"wp:featuredmedia":[{"embeddable":true,"href":"https:\/\/www.tourinto.pt\/en\/wp-json\/wp\/v2\/media\/5379"}],"wp:attachment":[{"href":"https:\/\/www.tourinto.pt\/en\/wp-json\/wp\/v2\/media?parent=5371"}],"wp:term":[{"taxonomy":"product_brand","embeddable":true,"href":"https:\/\/www.tourinto.pt\/en\/wp-json\/wp\/v2\/product_brand?post=5371"},{"taxonomy":"product_cat","embeddable":true,"href":"https:\/\/www.tourinto.pt\/en\/wp-json\/wp\/v2\/product_cat?post=5371"},{"taxonomy":"product_tag","embeddable":true,"href":"https:\/\/www.tourinto.pt\/en\/wp-json\/wp\/v2\/product_tag?post=5371"}],"curies":[{"name":"wp","href":"https:\/\/api.w.org\/{rel}","templated":true}]}}