{"id":4987,"date":"2023-02-11T10:20:01","date_gmt":"2023-02-11T10:20:01","guid":{"rendered":"https:\/\/www.tourinto.pt\/?post_type=product&#038;p=4987"},"modified":"2026-02-09T12:55:37","modified_gmt":"2026-02-09T12:55:37","slug":"antonio-madeira-vinha-da-serra","status":"publish","type":"product","link":"https:\/\/www.tourinto.pt\/en\/product\/antonio-madeira-vinha-da-serra\/","title":{"rendered":"Ant\u00f3nio Madeira Vinha da Serra"},"content":{"rendered":"<div class=\"wpb-content-wrapper\"><div data-vc-full-width=\"true\" data-vc-full-width-init=\"false\" class=\"vc_row wpb_row vc_row-fluid vc_custom_1656585076455 vc_row-has-fill\"><div class=\"wpb_column vc_column_container vc_col-sm-12\"><div class=\"vc_column-inner\"><div class=\"wpb_wrapper\"><div class=\"vc_tta-container\" data-vc-action=\"collapse\"><div class=\"vc_general vc_tta vc_tta-tabs vc_tta-color-black vc_tta-style-flat vc_tta-shape-square vc_tta-spacing-1 vc_tta-o-no-fill vc_tta-tabs-position-top vc_tta-controls-align-left\"><div class=\"vc_tta-tabs-container\"><ul class=\"vc_tta-tabs-list\" role=\"tablist\"><li class=\"vc_tta-tab vc_active\" data-vc-tab role=\"presentation\"><a href=\"#1656584484701-0e478312-357c\" data-vc-tabs data-vc-container=\".vc_tta\" role=\"tab\" aria-selected=\"false\" id=\"tab-1656584484701-0e478312-357c\"><i class=\"vc_tta-icon vc-oi vc-oi-article\"><\/i><span class=\"vc_tta-title-text\">Description<\/span><\/a><\/li><\/ul><\/div><div class=\"vc_tta-panels-container\"><div class=\"vc_tta-panels\"><div class=\"vc_tta-panel vc_active\" id=\"1656584484701-0e478312-357c\" data-vc-content=\".vc_tta-panel-body\"><div class=\"vc_tta-panel-heading\"><h4 class=\"vc_tta-panel-title\"><a href=\"#1656584484701-0e478312-357c\" data-vc-accordion data-vc-container=\".vc_tta-container\"><i class=\"vc_tta-icon vc-oi vc-oi-article\"><\/i><span class=\"vc_tta-title-text\">Description<\/span><\/a><\/h4><\/div><div class=\"vc_tta-panel-body\">\n\t<div class=\"wpb_text_column wpb_content_element\" >\n\t\t<div class=\"wpb_wrapper\">\n\t\t\t<p><strong>Ant\u00f3nio Madeira Vinha da Serra Red<\/strong><\/p>\n<p><strong>Grape varieties: <\/strong>Tinta Amarela (60%), Jaen (20%), Baga (9%), Tinta Pinheira (8%) and various old grape varieties.<br \/>\n<strong>Vinification:<\/strong> Fermentation with indigenous yeasts in a small vat, with little extraction. After pressing, it was transferred to a used French oak barrel where malolactic fermentation took place. No oenological products were added, except sulphur dioxide.<br \/>\n<strong>Aging: <\/strong>18 months in 225l French oak barrels.<br \/>\n<strong>Colour: <\/strong>Ruby densa.<strong><br \/>\n<\/strong><strong>Aroma: <\/strong>Complex nose, granite, aromatic herbs, resins, fresh fruit and flowers, in a blend of great finesse.<br \/>\n<strong>Flavour: <\/strong>Great freshness and finesse, powdered granite, as well as ripe, crystalline fruit. Fine tannins, dense and deep, complex and mineral.<\/p>\n<hr style=\"border: #b0976d 1px dotted;\" \/>\n<p><strong>Serve:<\/strong> 16 to 18\u2070<br \/>\n<strong>Consumption: <\/strong>Immediate or storage.<\/p>\n<hr style=\"border: #b0976d 1px dotted;\" \/>\n<p><strong>Harmonisation: <\/strong>Roast kid, grilled meat and cheeses from Serra da Estrela.<\/p>\n<hr style=\"border: #b0976d 1px dotted;\" \/>\n<p><strong>Producer:<\/strong> <a href=\"https:\/\/www.tourinto.pt\/en\/produtores\/dao\/antonio-madeira\/\">Antonio Madeira<\/a><\/p>\n<p><strong>Enology: <\/strong>Miguel Abrantes<\/p>\n<p><strong>Category:<\/strong> Portuguese Wines \u2013 <a href=\"https:\/\/www.tourinto.pt\/en\/portugal\/vinhos-do-dao\/\">D\u00e3o<\/a><\/p>\n<p><strong>Awards and Notes:<\/strong><\/p>\n<ul>\n<li><strong>Robert Parker<\/strong> &#8211; 95\/100 (2021)<\/li>\n<li><strong>James Suckling<\/strong> &#8211; 97\/100 (2021)<\/li>\n<\/ul>\n<p><a href=\"https:\/\/www.instagram.com\/dao.antonio.madeira\/\"><span style=\"color: #f1f1f1;\">ant\u00f3nio madeira<\/span><\/a><\/p>\n\n\t\t<\/div>\n\t<\/div>\n<\/div><\/div><\/div><\/div><\/div><\/div><\/div><\/div><\/div><\/div><div class=\"vc_row-full-width vc_clearfix\"><\/div><div data-vc-full-width=\"true\" data-vc-full-width-init=\"false\" data-vc-stretch-content=\"true\" class=\"vc_row wpb_row vc_row-fluid vc_row-no-padding\"><div class=\"wpb_column vc_column_container vc_col-sm-12\"><div class=\"vc_column-inner\"><div class=\"wpb_wrapper\">\n<div class=\"vc_grid-container-wrapper vc_clearfix vc_grid-animation-fadeIn\">\n\t<div class=\"vc_grid-container vc_clearfix wpb_content_element vc_media_grid\" data-initial-loading-animation=\"fadeIn\" data-vc-grid-settings=\"{&quot;page_id&quot;:4987,&quot;style&quot;:&quot;all&quot;,&quot;action&quot;:&quot;vc_get_vc_grid_data&quot;,&quot;shortcode_id&quot;:&quot;1759498501733-55273b6a-a150-10&quot;,&quot;tag&quot;:&quot;vc_media_grid&quot;}\" data-vc-request=\"https:\/\/www.tourinto.pt\/wp-admin\/admin-ajax.php\" data-vc-post-id=\"4987\" data-vc-public-nonce=\"05c9e97c64\">\n\t\t\n\t<\/div>\n<\/div><\/div><\/div><\/div><\/div><div class=\"vc_row-full-width vc_clearfix\"><\/div>\n<\/div>","protected":false},"excerpt":{"rendered":"<p>Ant\u00f3nio Madeira Vinha da Serra prov\u00e9m de vinhas velhas de interven\u00e7\u00e3o manual sem herbicidas, plantadas a 600m. Apresenta nariz complexo, com notas de granito, ervas arom\u00e1ticas e resinas, para al\u00e9m de fruta fresca e flores, assim como taninos finos, assim como complexo e mineral.<\/p>\n<p>Saiba mais sobre <a href=\"https:\/\/www.tourinto.pt\/en\/produtores\/dao\/antonio-madeira\/\">Ant\u00f3nio Madeira<\/a>.<\/p>\n[contact-form-7 id=\"4433d5d\" title=\"nota Uni\u00e3o Europeia\"]\n","protected":false},"featured_media":14728,"comment_status":"closed","ping_status":"closed","template":"","meta":{"_acf_changed":false,"_joinchat":[],"jetpack_publicize_message":"","jetpack_publicize_feature_enabled":true,"jetpack_social_post_already_shared":false,"jetpack_social_options":{"image_generator_settings":{"template":"highway","default_image_id":0,"font":"","enabled":false},"version":2}},"product_brand":[],"product_cat":[1058,1307,17,260,363,296,297,424,392,84,100,81,44],"product_tag":[417,372,294,259,219,96,90,65,56],"class_list":{"0":"post-4987","1":"product","2":"type-product","3":"status-publish","4":"has-post-thumbnail","6":"product_cat-vinhas-velhas","7":"product_cat-ready-to-drink-tintos","8":"product_cat-vinho-tinto","9":"product_cat-antonio-madeira","10":"product_cat-biologico","11":"product_cat-biodinamico","12":"product_cat-minima-intervencao","13":"product_cat-vinhos-portugal","14":"product_cat-pequenos-produtores","15":"product_cat-dao","16":"product_cat-tipologia","17":"product_cat-regiao","18":"product_cat-produtores","19":"product_tag-biologico","20":"product_tag-vinho-tinto","21":"product_tag-minima-intervencao","22":"product_tag-tinta-amarela","23":"product_tag-tinta-pinheira","24":"product_tag-baga","25":"product_tag-jaen","26":"product_tag-vinhas-velhas","27":"product_tag-dao","28":"pa_ano-336","29":"pa_ano-32","30":"pa_castas-jaen","31":"pa_castas-tinta-pinheira","32":"pa_castas-outras","33":"pa_castas-baga","34":"pa_castas-tinta-amarela","35":"pa_categoria-vinhos-portugueses","36":"pa_enologia-miguel-abrantes","37":"pa_harmonizacao-carnes-grelhadas","38":"pa_harmonizacao-cabrito","39":"pa_harmonizacao-queijos","40":"pa_leveduras-indigenas","41":"pa_produtor-antonio-madeira","42":"pa_regiao-dao","43":"pa_tipologia-vinho-tinto","44":"pa_vinificacao-minima-intervencao-vinho-natural","45":"pa_viticultura-biologica-biodinamica","46":"pa_volume-750ml","48":"first","49":"instock","50":"taxable","51":"shipping-taxable","52":"purchasable","53":"product-type-variable"},"acf":[],"yoast_head":"<!-- This site is optimized with the Yoast SEO Premium plugin v27.5 (Yoast SEO v27.5) - https:\/\/yoast.com\/product\/yoast-seo-premium-wordpress\/ -->\n<title>Ant\u00f3nio Madeira Vinha da Serra - Tourinto Premium Wines<\/title>\n<meta name=\"description\" content=\"Ant\u00f3nio Madeira Vinha da Serra prov\u00e9m de vinhas biol\u00f3ficas de altitude, com elevada intensidade e complexidade, mineral e com taninos delicados.\" \/>\n<meta name=\"robots\" content=\"index, follow, max-snippet:-1, max-image-preview:large, max-video-preview:-1\" \/>\n<link rel=\"canonical\" href=\"https:\/\/www.tourinto.pt\/en\/product\/antonio-madeira-vinha-da-serra\/\" \/>\n<meta property=\"og:locale\" content=\"en_GB\" \/>\n<meta property=\"og:type\" content=\"article\" \/>\n<meta property=\"og:title\" content=\"Ant\u00f3nio Madeira Vinha da Serra\" \/>\n<meta property=\"og:description\" content=\"Ant\u00f3nio Madeira Vinha da Serra prov\u00e9m de vinhas biol\u00f3ficas de altitude, com elevada intensidade e complexidade, mineral e com taninos delicados.\" \/>\n<meta property=\"og:url\" content=\"https:\/\/www.tourinto.pt\/en\/product\/antonio-madeira-vinha-da-serra\/\" \/>\n<meta property=\"og:site_name\" content=\"Tourinto Premium Wines\" \/>\n<meta property=\"article:publisher\" content=\"https:\/\/www.facebook.com\/garrafeiratourinto\" \/>\n<meta property=\"article:modified_time\" content=\"2026-02-09T12:55:37+00:00\" \/>\n<meta property=\"og:image\" content=\"https:\/\/www.tourinto.pt\/wp-content\/uploads\/2023\/02\/Antonio-Madeira-Os-Granitos-1.webp\" \/>\n\t<meta property=\"og:image:width\" content=\"881\" \/>\n\t<meta property=\"og:image:height\" content=\"1400\" \/>\n\t<meta property=\"og:image:type\" content=\"image\/webp\" \/>\n<meta name=\"twitter:card\" content=\"summary_large_image\" \/>\n<meta name=\"twitter:label1\" content=\"Availability\" \/>\n\t<meta name=\"twitter:data1\" content=\"In stock\" \/>\n<script type=\"application\/ld+json\" class=\"yoast-schema-graph\">{\"@context\":\"https:\\\/\\\/schema.org\",\"@graph\":[{\"@type\":\"WebPage\",\"@id\":\"https:\\\/\\\/www.tourinto.pt\\\/product\\\/antonio-madeira-vinha-da-serra\\\/\",\"url\":\"https:\\\/\\\/www.tourinto.pt\\\/product\\\/antonio-madeira-vinha-da-serra\\\/\",\"name\":\"Ant\u00f3nio Madeira Vinha da Serra - Tourinto Premium Wines\",\"isPartOf\":{\"@id\":\"https:\\\/\\\/www.tourinto.pt\\\/#website\"},\"primaryImageOfPage\":{\"@id\":\"https:\\\/\\\/www.tourinto.pt\\\/product\\\/antonio-madeira-vinha-da-serra\\\/#primaryimage\"},\"image\":{\"@id\":\"https:\\\/\\\/www.tourinto.pt\\\/product\\\/antonio-madeira-vinha-da-serra\\\/#primaryimage\"},\"thumbnailUrl\":\"https:\\\/\\\/i0.wp.com\\\/www.tourinto.pt\\\/wp-content\\\/uploads\\\/2023\\\/02\\\/Antonio-Madeira-Os-Granitos-1.webp?fit=881%2C1400&ssl=1\",\"datePublished\":\"2023-02-11T10:20:01+00:00\",\"dateModified\":\"2026-02-09T12:55:37+00:00\",\"description\":\"Ant\u00f3nio Madeira Vinha da Serra prov\u00e9m de vinhas biol\u00f3ficas de altitude, com elevada intensidade e complexidade, mineral e com taninos delicados.\",\"breadcrumb\":{\"@id\":\"https:\\\/\\\/www.tourinto.pt\\\/product\\\/antonio-madeira-vinha-da-serra\\\/#breadcrumb\"},\"inLanguage\":\"en-GB\",\"potentialAction\":[{\"@type\":\"ReadAction\",\"target\":[\"https:\\\/\\\/www.tourinto.pt\\\/product\\\/antonio-madeira-vinha-da-serra\\\/\"]}]},{\"@type\":\"ImageObject\",\"inLanguage\":\"en-GB\",\"@id\":\"https:\\\/\\\/www.tourinto.pt\\\/product\\\/antonio-madeira-vinha-da-serra\\\/#primaryimage\",\"url\":\"https:\\\/\\\/i0.wp.com\\\/www.tourinto.pt\\\/wp-content\\\/uploads\\\/2023\\\/02\\\/Antonio-Madeira-Os-Granitos-1.webp?fit=881%2C1400&ssl=1\",\"contentUrl\":\"https:\\\/\\\/i0.wp.com\\\/www.tourinto.pt\\\/wp-content\\\/uploads\\\/2023\\\/02\\\/Antonio-Madeira-Os-Granitos-1.webp?fit=881%2C1400&ssl=1\",\"width\":881,\"height\":1400,\"caption\":\"Ant\u00f3nio Madeira Vinha da Serra Tinto, Vinha da Serra Tinto, Vinho Tinto Vinha da Serra, Ant\u00f3nio Madeira Tinto D\u00e3o, Ant\u00f3nio Madeira Vinhos Naturais\"},{\"@type\":\"BreadcrumbList\",\"@id\":\"https:\\\/\\\/www.tourinto.pt\\\/product\\\/antonio-madeira-vinha-da-serra\\\/#breadcrumb\",\"itemListElement\":[{\"@type\":\"ListItem\",\"position\":1,\"name\":\"In\u00edcio\",\"item\":\"https:\\\/\\\/www.tourinto.pt\\\/\"},{\"@type\":\"ListItem\",\"position\":2,\"name\":\"Garrafeira on-line\",\"item\":\"https:\\\/\\\/www.tourinto.pt\\\/garrafeira-on-line\\\/\"},{\"@type\":\"ListItem\",\"position\":3,\"name\":\"Ant\u00f3nio Madeira Vinha da Serra\"}]},{\"@type\":\"WebSite\",\"@id\":\"https:\\\/\\\/www.tourinto.pt\\\/#website\",\"url\":\"https:\\\/\\\/www.tourinto.pt\\\/\",\"name\":\"Tourinto Premium Wines\",\"description\":\"Garrafeira on-line\",\"publisher\":{\"@id\":\"https:\\\/\\\/www.tourinto.pt\\\/#organization\"},\"alternateName\":\"Garrafeira on-line\",\"potentialAction\":[{\"@type\":\"SearchAction\",\"target\":{\"@type\":\"EntryPoint\",\"urlTemplate\":\"https:\\\/\\\/www.tourinto.pt\\\/?s={search_term_string}\"},\"query-input\":{\"@type\":\"PropertyValueSpecification\",\"valueRequired\":true,\"valueName\":\"search_term_string\"}}],\"inLanguage\":\"en-GB\"},{\"@type\":[\"Organization\",\"Place\"],\"@id\":\"https:\\\/\\\/www.tourinto.pt\\\/#organization\",\"name\":\"Tourinto\",\"alternateName\":\"Garrafeira Tourinto, Lda.\",\"url\":\"https:\\\/\\\/www.tourinto.pt\\\/\",\"logo\":{\"@id\":\"https:\\\/\\\/www.tourinto.pt\\\/product\\\/antonio-madeira-vinha-da-serra\\\/#local-main-organization-logo\"},\"image\":{\"@id\":\"https:\\\/\\\/www.tourinto.pt\\\/product\\\/antonio-madeira-vinha-da-serra\\\/#local-main-organization-logo\"},\"sameAs\":[\"https:\\\/\\\/www.facebook.com\\\/garrafeiratourinto\",\"https:\\\/\\\/www.instagram.com\\\/garrafeiratourinto\\\/\"],\"telephone\":[],\"openingHoursSpecification\":[{\"@type\":\"OpeningHoursSpecification\",\"dayOfWeek\":[\"Monday\",\"Tuesday\",\"Wednesday\",\"Thursday\",\"Friday\",\"Saturday\",\"Sunday\"],\"opens\":\"09:00\",\"closes\":\"17:00\"}]},{\"@type\":\"ImageObject\",\"inLanguage\":\"en-GB\",\"@id\":\"https:\\\/\\\/www.tourinto.pt\\\/product\\\/antonio-madeira-vinha-da-serra\\\/#local-main-organization-logo\",\"url\":\"https:\\\/\\\/i0.wp.com\\\/www.tourinto.pt\\\/wp-content\\\/uploads\\\/2022\\\/07\\\/tourinto-logo-big.png?fit=1400%2C505&ssl=1\",\"contentUrl\":\"https:\\\/\\\/i0.wp.com\\\/www.tourinto.pt\\\/wp-content\\\/uploads\\\/2022\\\/07\\\/tourinto-logo-big.png?fit=1400%2C505&ssl=1\",\"width\":1400,\"height\":505,\"caption\":\"Tourinto\"}]}<\/script>\n<meta property=\"og:availability\" content=\"instock\" \/>\n<meta property=\"product:availability\" content=\"instock\" \/>\n<meta property=\"product:retailer_item_id\" content=\"31.03.2020\" \/>\n<meta property=\"product:condition\" content=\"new\" \/>\n<!-- \/ Yoast SEO Premium plugin. -->","yoast_head_json":{"title":"Ant\u00f3nio Madeira Vinha da Serra - Tourinto Premium Wines","description":"Ant\u00f3nio Madeira Vinha da Serra prov\u00e9m de vinhas biol\u00f3ficas de altitude, com elevada intensidade e complexidade, mineral e com taninos delicados.","robots":{"index":"index","follow":"follow","max-snippet":"max-snippet:-1","max-image-preview":"max-image-preview:large","max-video-preview":"max-video-preview:-1"},"canonical":"https:\/\/www.tourinto.pt\/en\/product\/antonio-madeira-vinha-da-serra\/","og_locale":"en_GB","og_type":"article","og_title":"Ant\u00f3nio Madeira Vinha da Serra","og_description":"Ant\u00f3nio Madeira Vinha da Serra prov\u00e9m de vinhas biol\u00f3ficas de altitude, com elevada intensidade e complexidade, mineral e com taninos delicados.","og_url":"https:\/\/www.tourinto.pt\/en\/product\/antonio-madeira-vinha-da-serra\/","og_site_name":"Tourinto Premium Wines","article_publisher":"https:\/\/www.facebook.com\/garrafeiratourinto","article_modified_time":"2026-02-09T12:55:37+00:00","og_image":[{"width":881,"height":1400,"url":"https:\/\/www.tourinto.pt\/wp-content\/uploads\/2023\/02\/Antonio-Madeira-Os-Granitos-1.webp","type":"image\/webp"}],"twitter_card":"summary_large_image","twitter_misc":{"Availability":"In stock"},"schema":{"@context":"https:\/\/schema.org","@graph":[{"@type":"WebPage","@id":"https:\/\/www.tourinto.pt\/product\/antonio-madeira-vinha-da-serra\/","url":"https:\/\/www.tourinto.pt\/product\/antonio-madeira-vinha-da-serra\/","name":"Ant\u00f3nio Madeira Vinha da Serra - Tourinto Premium Wines","isPartOf":{"@id":"https:\/\/www.tourinto.pt\/#website"},"primaryImageOfPage":{"@id":"https:\/\/www.tourinto.pt\/product\/antonio-madeira-vinha-da-serra\/#primaryimage"},"image":{"@id":"https:\/\/www.tourinto.pt\/product\/antonio-madeira-vinha-da-serra\/#primaryimage"},"thumbnailUrl":"https:\/\/i0.wp.com\/www.tourinto.pt\/wp-content\/uploads\/2023\/02\/Antonio-Madeira-Os-Granitos-1.webp?fit=881%2C1400&ssl=1","datePublished":"2023-02-11T10:20:01+00:00","dateModified":"2026-02-09T12:55:37+00:00","description":"Ant\u00f3nio Madeira Vinha da Serra prov\u00e9m de vinhas biol\u00f3ficas de altitude, com elevada intensidade e complexidade, mineral e com taninos delicados.","breadcrumb":{"@id":"https:\/\/www.tourinto.pt\/product\/antonio-madeira-vinha-da-serra\/#breadcrumb"},"inLanguage":"en-GB","potentialAction":[{"@type":"ReadAction","target":["https:\/\/www.tourinto.pt\/product\/antonio-madeira-vinha-da-serra\/"]}]},{"@type":"ImageObject","inLanguage":"en-GB","@id":"https:\/\/www.tourinto.pt\/product\/antonio-madeira-vinha-da-serra\/#primaryimage","url":"https:\/\/i0.wp.com\/www.tourinto.pt\/wp-content\/uploads\/2023\/02\/Antonio-Madeira-Os-Granitos-1.webp?fit=881%2C1400&ssl=1","contentUrl":"https:\/\/i0.wp.com\/www.tourinto.pt\/wp-content\/uploads\/2023\/02\/Antonio-Madeira-Os-Granitos-1.webp?fit=881%2C1400&ssl=1","width":881,"height":1400,"caption":"Ant\u00f3nio Madeira Vinha da Serra Tinto, Vinha da Serra Tinto, Vinho Tinto Vinha da Serra, Ant\u00f3nio Madeira Tinto D\u00e3o, Ant\u00f3nio Madeira Vinhos Naturais"},{"@type":"BreadcrumbList","@id":"https:\/\/www.tourinto.pt\/product\/antonio-madeira-vinha-da-serra\/#breadcrumb","itemListElement":[{"@type":"ListItem","position":1,"name":"In\u00edcio","item":"https:\/\/www.tourinto.pt\/"},{"@type":"ListItem","position":2,"name":"Garrafeira on-line","item":"https:\/\/www.tourinto.pt\/garrafeira-on-line\/"},{"@type":"ListItem","position":3,"name":"Ant\u00f3nio Madeira Vinha da Serra"}]},{"@type":"WebSite","@id":"https:\/\/www.tourinto.pt\/#website","url":"https:\/\/www.tourinto.pt\/","name":"Tourinto Premium Wines","description":"Wine Shop online","publisher":{"@id":"https:\/\/www.tourinto.pt\/#organization"},"alternateName":"Garrafeira on-line","potentialAction":[{"@type":"SearchAction","target":{"@type":"EntryPoint","urlTemplate":"https:\/\/www.tourinto.pt\/?s={search_term_string}"},"query-input":{"@type":"PropertyValueSpecification","valueRequired":true,"valueName":"search_term_string"}}],"inLanguage":"en-GB"},{"@type":["Organization","Place"],"@id":"https:\/\/www.tourinto.pt\/#organization","name":"Tourinto","alternateName":"Garrafeira Tourinto, Lda.","url":"https:\/\/www.tourinto.pt\/","logo":{"@id":"https:\/\/www.tourinto.pt\/product\/antonio-madeira-vinha-da-serra\/#local-main-organization-logo"},"image":{"@id":"https:\/\/www.tourinto.pt\/product\/antonio-madeira-vinha-da-serra\/#local-main-organization-logo"},"sameAs":["https:\/\/www.facebook.com\/garrafeiratourinto","https:\/\/www.instagram.com\/garrafeiratourinto\/"],"telephone":[],"openingHoursSpecification":[{"@type":"OpeningHoursSpecification","dayOfWeek":["Monday","Tuesday","Wednesday","Thursday","Friday","Saturday","Sunday"],"opens":"09:00","closes":"17:00"}]},{"@type":"ImageObject","inLanguage":"en-GB","@id":"https:\/\/www.tourinto.pt\/product\/antonio-madeira-vinha-da-serra\/#local-main-organization-logo","url":"https:\/\/i0.wp.com\/www.tourinto.pt\/wp-content\/uploads\/2022\/07\/tourinto-logo-big.png?fit=1400%2C505&ssl=1","contentUrl":"https:\/\/i0.wp.com\/www.tourinto.pt\/wp-content\/uploads\/2022\/07\/tourinto-logo-big.png?fit=1400%2C505&ssl=1","width":1400,"height":505,"caption":"Tourinto"}]},"og_availability":"instock","product_availability":"instock","product_retailer_item_id":"31.03.2020","product_condition":"new"},"jetpack_publicize_connections":[],"jetpack_sharing_enabled":true,"_links":{"self":[{"href":"https:\/\/www.tourinto.pt\/en\/wp-json\/wp\/v2\/product\/4987","targetHints":{"allow":["GET"]}}],"collection":[{"href":"https:\/\/www.tourinto.pt\/en\/wp-json\/wp\/v2\/product"}],"about":[{"href":"https:\/\/www.tourinto.pt\/en\/wp-json\/wp\/v2\/types\/product"}],"replies":[{"embeddable":true,"href":"https:\/\/www.tourinto.pt\/en\/wp-json\/wp\/v2\/comments?post=4987"}],"wp:featuredmedia":[{"embeddable":true,"href":"https:\/\/www.tourinto.pt\/en\/wp-json\/wp\/v2\/media\/14728"}],"wp:attachment":[{"href":"https:\/\/www.tourinto.pt\/en\/wp-json\/wp\/v2\/media?parent=4987"}],"wp:term":[{"taxonomy":"product_brand","embeddable":true,"href":"https:\/\/www.tourinto.pt\/en\/wp-json\/wp\/v2\/product_brand?post=4987"},{"taxonomy":"product_cat","embeddable":true,"href":"https:\/\/www.tourinto.pt\/en\/wp-json\/wp\/v2\/product_cat?post=4987"},{"taxonomy":"product_tag","embeddable":true,"href":"https:\/\/www.tourinto.pt\/en\/wp-json\/wp\/v2\/product_tag?post=4987"}],"curies":[{"name":"wp","href":"https:\/\/api.w.org\/{rel}","templated":true}]}}