{"id":4893,"date":"2023-02-06T17:40:29","date_gmt":"2023-02-06T17:40:29","guid":{"rendered":"https:\/\/www.tourinto.pt\/?post_type=product&#038;p=4893"},"modified":"2026-02-05T10:28:25","modified_gmt":"2026-02-05T10:28:25","slug":"marcio-lopes-proibido-edicao-colecionador","status":"publish","type":"product","link":"https:\/\/www.tourinto.pt\/en\/product\/marcio-lopes-proibido-edicao-colecionador\/","title":{"rendered":"M\u00e1rcio Lopes Proibido Collector's Edition"},"content":{"rendered":"<div class=\"wpb-content-wrapper\"><div data-vc-full-width=\"true\" data-vc-full-width-init=\"false\" class=\"vc_row wpb_row vc_row-fluid vc_custom_1676304524127 vc_row-has-fill\"><div class=\"wpb_column vc_column_container vc_col-sm-12\"><div class=\"vc_column-inner\"><div class=\"wpb_wrapper\"><div class=\"vc_tta-container\" data-vc-action=\"collapse\"><div class=\"vc_general vc_tta vc_tta-tabs vc_tta-color-black vc_tta-style-flat vc_tta-shape-square vc_tta-spacing-1 vc_tta-o-no-fill vc_tta-tabs-position-top vc_tta-controls-align-left\"><div class=\"vc_tta-tabs-container\"><ul class=\"vc_tta-tabs-list\" role=\"tablist\"><li class=\"vc_tta-tab vc_active\" data-vc-tab role=\"presentation\"><a href=\"#1656584484701-0e478312-357c\" data-vc-tabs data-vc-container=\".vc_tta\" role=\"tab\" aria-selected=\"false\" id=\"tab-1656584484701-0e478312-357c\"><i class=\"vc_tta-icon vc-oi vc-oi-article\"><\/i><span class=\"vc_tta-title-text\">Description<\/span><\/a><\/li><\/ul><\/div><div class=\"vc_tta-panels-container\"><div class=\"vc_tta-panels\"><div class=\"vc_tta-panel vc_active\" id=\"1656584484701-0e478312-357c\" data-vc-content=\".vc_tta-panel-body\"><div class=\"vc_tta-panel-heading\"><h4 class=\"vc_tta-panel-title\"><a href=\"#1656584484701-0e478312-357c\" data-vc-accordion data-vc-container=\".vc_tta-container\"><i class=\"vc_tta-icon vc-oi vc-oi-article\"><\/i><span class=\"vc_tta-title-text\">Description<\/span><\/a><\/h4><\/div><div class=\"vc_tta-panel-body\">\n\t<div class=\"wpb_text_column wpb_content_element\" >\n\t\t<div class=\"wpb_wrapper\">\n\t\t\t<p><strong>M\u00e1rcio Lopes Proibido Collector's Edition<\/strong><\/p>\n<p><strong>Wines: <\/strong><\/p>\n<p>(1) Proibido Vinha do Pombal Tinto 2020 \u2013\u00a02nd Edition<br \/>\n(2) Proibido Vinha da Sofia Tinto 2020 \u2013 1st Edition<br \/>\n(3) Proibido Vale do Rio Pinh\u00e3o Tinto 2020 \u2013 1st Edition<\/p>\n<p><strong>Grape varieties: <\/strong>Vinhas Velhas (1), Sous\u00e3o (2) e Tinta Roriz (3).<br \/>\n<strong>Aging: <\/strong>15 months in used barrels (1).<\/p>\n<hr style=\"border: #b0976d 1px dotted\" \/>\n<p><strong>Serve:<\/strong> 16 to 18\u2070<br \/>\n<strong>Consumption: <\/strong>Immediate or storage.<\/p>\n<hr style=\"border: #b0976d 1px dotted\" \/>\n<p><strong>Harmonisation: <\/strong>Meat, strong cheeses, game and oven roasts.<\/p>\n<hr style=\"border: #b0976d 1px dotted\" \/>\n<p><strong>Producer: <\/strong><a href=\"https:\/\/www.tourinto.pt\/en\/produtores\/douro\/marcio-lopes-winemaker\/\">M\u00e1rcio Lopes<\/a><\/p>\n<p><strong>Enology: <\/strong>M\u00e1rcio Lopes<\/p>\n<p><strong>Category: <\/strong>Portuguese Wines \u2013 <a href=\"https:\/\/www.tourinto.pt\/en\/portugal\/vinhos-do-douro\/\">Douro<\/a><\/p>\n<p><strong>Awards and Notes:<\/strong><\/p>\n<ul>\n<li>Robert Parker &#8211; 95\/100 (1)<\/li>\n<li>Revista de Vinhos &#8211; 18,5\/20 (1)<\/li>\n<li>\n<div>Evas\u00f5es &#8211; 19\/20 (2)<\/div>\n<\/li>\n<li>\n<div>Revista de Vinhos 18,5\/20 (2)<\/div>\n<\/li>\n<\/ul>\n<p><strong><a href=\"https:\/\/quintapacos.com\/\"><span style=\"color: #f1f1f1\">marcio lopes<\/span><\/a><\/strong><\/p>\n\n\t\t<\/div>\n\t<\/div>\n<\/div><\/div><\/div><\/div><\/div><\/div><\/div><\/div><\/div><\/div><div class=\"vc_row-full-width vc_clearfix\"><\/div><div data-vc-full-width=\"true\" data-vc-full-width-init=\"false\" data-vc-stretch-content=\"true\" class=\"vc_row wpb_row vc_row-fluid vc_custom_1676304518689 vc_row-no-padding\"><div class=\"wpb_column vc_column_container vc_col-sm-12\"><div class=\"vc_column-inner\"><div class=\"wpb_wrapper\">\n<div class=\"vc_grid-container-wrapper vc_clearfix vc_grid-animation-fadeIn\">\n\t<div class=\"vc_grid-container vc_clearfix wpb_content_element vc_media_grid\" data-initial-loading-animation=\"fadeIn\" data-vc-grid-settings=\"{&quot;page_id&quot;:4893,&quot;style&quot;:&quot;all&quot;,&quot;action&quot;:&quot;vc_get_vc_grid_data&quot;,&quot;shortcode_id&quot;:&quot;1757589632327-62b9bd3f-bb1c-0&quot;,&quot;tag&quot;:&quot;vc_media_grid&quot;}\" data-vc-request=\"https:\/\/www.tourinto.pt\/wp-admin\/admin-ajax.php\" data-vc-post-id=\"4893\" data-vc-public-nonce=\"90d62da828\">\n\t\t\n\t<\/div>\n<\/div><\/div><\/div><\/div><\/div><div class=\"vc_row-full-width vc_clearfix\"><\/div>\n<\/div>","protected":false},"excerpt":{"rendered":"<p>M\u00e1rcio Lopes Proibido Edi\u00e7\u00e3o Colecionador\u00a0\u00e9 uma triologia com a assinatura de M\u00e1rcio Lopes, provenientes de 3 vinhas diferentes. Vinha do Pombal, Vinha da Sofia e Vinha do Rio Pinh\u00e3o.<\/p>\n<p>Saiba mais sobre <a href=\"https:\/\/www.tourinto.pt\/produtores\/douro\/marcio-lopes-winemaker\/\">M\u00e1rcio Lopes Winemaker<\/a>.<\/p>\n[contact-form-7 id=\"4433d5d\" title=\"nota Uni\u00e3o Europeia\"]\n","protected":false},"featured_media":14071,"comment_status":"closed","ping_status":"closed","template":"","meta":{"_acf_changed":false,"_joinchat":[],"jetpack_publicize_message":"","jetpack_publicize_feature_enabled":true,"jetpack_social_post_already_shared":false,"jetpack_social_options":{"image_generator_settings":{"template":"highway","default_image_id":0,"font":"","enabled":false},"version":2}},"product_brand":[],"product_cat":[1058,17,49,424,82,100,81,44,152],"product_tag":[258,65,63],"class_list":{"0":"post-4893","1":"product","2":"type-product","3":"status-publish","4":"has-post-thumbnail","6":"product_cat-vinhas-velhas","7":"product_cat-vinho-tinto","8":"product_cat-packs","9":"product_cat-vinhos-portugal","10":"product_cat-douro","11":"product_cat-tipologia","12":"product_cat-regiao","13":"product_cat-produtores","14":"product_cat-marcio-lopes","15":"product_tag-sousao","16":"product_tag-vinhas-velhas","17":"product_tag-tinta-roriz","18":"pa_ano-32","19":"pa_castas-tinta-roriz","20":"pa_castas-vinhas-velhas","21":"pa_castas-sousao","22":"pa_categoria-vinhos-portugueses","23":"pa_enologia-marcio-lopes","24":"pa_harmonizacao-caca","25":"pa_harmonizacao-carnes-vermelhas","26":"pa_harmonizacao-assados-de-carne","27":"pa_harmonizacao-queijos-fortes","28":"pa_leveduras-indigenas","29":"pa_produtor-marcio-lopes","30":"pa_regiao-douro","31":"pa_tipologia-vinho-tinto","32":"pa_vinificacao-minima-intervencao","33":"pa_viticultura-sustentavel","34":"pa_volume-750ml","36":"first","37":"instock","38":"taxable","39":"shipping-taxable","40":"purchasable","41":"product-type-simple"},"acf":[],"yoast_head":"<!-- This site is optimized with the Yoast SEO Premium plugin v27.3 (Yoast SEO v27.4) - https:\/\/yoast.com\/product\/yoast-seo-premium-wordpress\/ -->\n<title>M\u00e1rcio Lopes Proibido Edi\u00e7\u00e3o Colecionador - Tourinto Premium Wines<\/title>\n<meta name=\"description\" content=\"M\u00e1rcio Lopes Proibido Edi\u00e7\u00e3o Colecionador \u00e9 uma triologia provenientes de 3 vinhas diferentes: Vinha do Pombal, Vinha da Sofia e Vinha do Rio Pinh\u00e3o.\" \/>\n<meta name=\"robots\" content=\"index, follow, max-snippet:-1, max-image-preview:large, max-video-preview:-1\" \/>\n<link rel=\"canonical\" href=\"https:\/\/www.tourinto.pt\/en\/product\/marcio-lopes-proibido-edicao-colecionador\/\" \/>\n<meta property=\"og:locale\" content=\"en_GB\" \/>\n<meta property=\"og:type\" content=\"article\" \/>\n<meta property=\"og:title\" content=\"M\u00e1rcio Lopes Proibido Edi\u00e7\u00e3o Colecionador\" \/>\n<meta property=\"og:description\" content=\"M\u00e1rcio Lopes Proibido Edi\u00e7\u00e3o Colecionador \u00e9 uma triologia provenientes de 3 vinhas diferentes: Vinha do Pombal, Vinha da Sofia e Vinha do Rio Pinh\u00e3o.\" \/>\n<meta property=\"og:url\" content=\"https:\/\/www.tourinto.pt\/en\/product\/marcio-lopes-proibido-edicao-colecionador\/\" \/>\n<meta property=\"og:site_name\" content=\"Tourinto Premium Wines\" \/>\n<meta property=\"article:publisher\" content=\"https:\/\/www.facebook.com\/garrafeiratourinto\" \/>\n<meta property=\"article:modified_time\" content=\"2026-02-05T10:28:25+00:00\" \/>\n<meta property=\"og:image\" content=\"https:\/\/i0.wp.com\/www.tourinto.pt\/wp-content\/uploads\/2023\/02\/Proibido-Edicao-Colecionador.webp?fit=881%2C1400&ssl=1\" \/>\n\t<meta property=\"og:image:width\" content=\"881\" \/>\n\t<meta property=\"og:image:height\" content=\"1400\" \/>\n\t<meta property=\"og:image:type\" content=\"image\/webp\" \/>\n<meta name=\"twitter:card\" content=\"summary_large_image\" \/>\n<meta name=\"twitter:label1\" content=\"Price\" \/>\n\t<meta name=\"twitter:data1\" content=\"295,00&nbsp;&euro;\" \/>\n\t<meta name=\"twitter:label2\" content=\"Availability\" \/>\n\t<meta name=\"twitter:data2\" content=\"In stock\" \/>\n<script type=\"application\/ld+json\" class=\"yoast-schema-graph\">{\"@context\":\"https:\\\/\\\/schema.org\",\"@graph\":[{\"@type\":\"WebPage\",\"@id\":\"https:\\\/\\\/www.tourinto.pt\\\/product\\\/marcio-lopes-proibido-edicao-colecionador\\\/\",\"url\":\"https:\\\/\\\/www.tourinto.pt\\\/product\\\/marcio-lopes-proibido-edicao-colecionador\\\/\",\"name\":\"M\u00e1rcio Lopes Proibido Edi\u00e7\u00e3o Colecionador - Tourinto Premium Wines\",\"isPartOf\":{\"@id\":\"https:\\\/\\\/www.tourinto.pt\\\/#website\"},\"primaryImageOfPage\":{\"@id\":\"https:\\\/\\\/www.tourinto.pt\\\/product\\\/marcio-lopes-proibido-edicao-colecionador\\\/#primaryimage\"},\"image\":{\"@id\":\"https:\\\/\\\/www.tourinto.pt\\\/product\\\/marcio-lopes-proibido-edicao-colecionador\\\/#primaryimage\"},\"thumbnailUrl\":\"https:\\\/\\\/i0.wp.com\\\/www.tourinto.pt\\\/wp-content\\\/uploads\\\/2023\\\/02\\\/Proibido-Edicao-Colecionador.webp?fit=881%2C1400&ssl=1\",\"datePublished\":\"2023-02-06T17:40:29+00:00\",\"dateModified\":\"2026-02-05T10:28:25+00:00\",\"description\":\"M\u00e1rcio Lopes Proibido Edi\u00e7\u00e3o Colecionador \u00e9 uma triologia provenientes de 3 vinhas diferentes: Vinha do Pombal, Vinha da Sofia e Vinha do Rio Pinh\u00e3o.\",\"breadcrumb\":{\"@id\":\"https:\\\/\\\/www.tourinto.pt\\\/product\\\/marcio-lopes-proibido-edicao-colecionador\\\/#breadcrumb\"},\"inLanguage\":\"en-GB\",\"potentialAction\":[{\"@type\":\"ReadAction\",\"target\":[\"https:\\\/\\\/www.tourinto.pt\\\/product\\\/marcio-lopes-proibido-edicao-colecionador\\\/\"]}]},{\"@type\":\"ImageObject\",\"inLanguage\":\"en-GB\",\"@id\":\"https:\\\/\\\/www.tourinto.pt\\\/product\\\/marcio-lopes-proibido-edicao-colecionador\\\/#primaryimage\",\"url\":\"https:\\\/\\\/i0.wp.com\\\/www.tourinto.pt\\\/wp-content\\\/uploads\\\/2023\\\/02\\\/Proibido-Edicao-Colecionador.webp?fit=881%2C1400&ssl=1\",\"contentUrl\":\"https:\\\/\\\/i0.wp.com\\\/www.tourinto.pt\\\/wp-content\\\/uploads\\\/2023\\\/02\\\/Proibido-Edicao-Colecionador.webp?fit=881%2C1400&ssl=1\",\"width\":881,\"height\":1400,\"caption\":\"Proibido Colecionador, M\u00e1rcio Lopes Colecionador, Proibido Colecionador, M\u00e1rcio Lopes Edi\u00e7\u00e3o Colecionador\"},{\"@type\":\"BreadcrumbList\",\"@id\":\"https:\\\/\\\/www.tourinto.pt\\\/product\\\/marcio-lopes-proibido-edicao-colecionador\\\/#breadcrumb\",\"itemListElement\":[{\"@type\":\"ListItem\",\"position\":1,\"name\":\"In\u00edcio\",\"item\":\"https:\\\/\\\/www.tourinto.pt\\\/\"},{\"@type\":\"ListItem\",\"position\":2,\"name\":\"Garrafeira on-line\",\"item\":\"https:\\\/\\\/www.tourinto.pt\\\/garrafeira-on-line\\\/\"},{\"@type\":\"ListItem\",\"position\":3,\"name\":\"M\u00e1rcio Lopes Proibido Edi\u00e7\u00e3o Colecionador\"}]},{\"@type\":\"WebSite\",\"@id\":\"https:\\\/\\\/www.tourinto.pt\\\/#website\",\"url\":\"https:\\\/\\\/www.tourinto.pt\\\/\",\"name\":\"Tourinto Premium Wines\",\"description\":\"Garrafeira on-line\",\"publisher\":{\"@id\":\"https:\\\/\\\/www.tourinto.pt\\\/#organization\"},\"alternateName\":\"Garrafeira on-line\",\"potentialAction\":[{\"@type\":\"SearchAction\",\"target\":{\"@type\":\"EntryPoint\",\"urlTemplate\":\"https:\\\/\\\/www.tourinto.pt\\\/?s={search_term_string}\"},\"query-input\":{\"@type\":\"PropertyValueSpecification\",\"valueRequired\":true,\"valueName\":\"search_term_string\"}}],\"inLanguage\":\"en-GB\"},{\"@type\":[\"Organization\",\"Place\"],\"@id\":\"https:\\\/\\\/www.tourinto.pt\\\/#organization\",\"name\":\"Tourinto\",\"alternateName\":\"Garrafeira Tourinto, Lda.\",\"url\":\"https:\\\/\\\/www.tourinto.pt\\\/\",\"logo\":{\"@id\":\"https:\\\/\\\/www.tourinto.pt\\\/product\\\/marcio-lopes-proibido-edicao-colecionador\\\/#local-main-organization-logo\"},\"image\":{\"@id\":\"https:\\\/\\\/www.tourinto.pt\\\/product\\\/marcio-lopes-proibido-edicao-colecionador\\\/#local-main-organization-logo\"},\"sameAs\":[\"https:\\\/\\\/www.facebook.com\\\/garrafeiratourinto\",\"https:\\\/\\\/www.instagram.com\\\/garrafeiratourinto\\\/\"],\"telephone\":[],\"openingHoursSpecification\":[{\"@type\":\"OpeningHoursSpecification\",\"dayOfWeek\":[\"Monday\",\"Tuesday\",\"Wednesday\",\"Thursday\",\"Friday\",\"Saturday\",\"Sunday\"],\"opens\":\"09:00\",\"closes\":\"17:00\"}]},{\"@type\":\"ImageObject\",\"inLanguage\":\"en-GB\",\"@id\":\"https:\\\/\\\/www.tourinto.pt\\\/product\\\/marcio-lopes-proibido-edicao-colecionador\\\/#local-main-organization-logo\",\"url\":\"https:\\\/\\\/i0.wp.com\\\/www.tourinto.pt\\\/wp-content\\\/uploads\\\/2022\\\/07\\\/tourinto-logo-big.png?fit=1400%2C505&ssl=1\",\"contentUrl\":\"https:\\\/\\\/i0.wp.com\\\/www.tourinto.pt\\\/wp-content\\\/uploads\\\/2022\\\/07\\\/tourinto-logo-big.png?fit=1400%2C505&ssl=1\",\"width\":1400,\"height\":505,\"caption\":\"Tourinto\"}]}<\/script>\n<meta property=\"product:price:amount\" content=\"295.00\" \/>\n<meta property=\"product:price:currency\" content=\"EUR\" \/>\n<meta property=\"og:availability\" content=\"instock\" \/>\n<meta property=\"product:availability\" content=\"instock\" \/>\n<meta property=\"product:retailer_item_id\" content=\"18.07.2020\" \/>\n<meta property=\"product:condition\" content=\"new\" \/>\n<!-- \/ Yoast SEO Premium plugin. -->","yoast_head_json":{"title":"M\u00e1rcio Lopes Proibido Edi\u00e7\u00e3o Colecionador - Tourinto Premium Wines","description":"M\u00e1rcio Lopes Proibido Edi\u00e7\u00e3o Colecionador \u00e9 uma triologia provenientes de 3 vinhas diferentes: Vinha do Pombal, Vinha da Sofia e Vinha do Rio Pinh\u00e3o.","robots":{"index":"index","follow":"follow","max-snippet":"max-snippet:-1","max-image-preview":"max-image-preview:large","max-video-preview":"max-video-preview:-1"},"canonical":"https:\/\/www.tourinto.pt\/en\/product\/marcio-lopes-proibido-edicao-colecionador\/","og_locale":"en_GB","og_type":"article","og_title":"M\u00e1rcio Lopes Proibido Edi\u00e7\u00e3o Colecionador","og_description":"M\u00e1rcio Lopes Proibido Edi\u00e7\u00e3o Colecionador \u00e9 uma triologia provenientes de 3 vinhas diferentes: Vinha do Pombal, Vinha da Sofia e Vinha do Rio Pinh\u00e3o.","og_url":"https:\/\/www.tourinto.pt\/en\/product\/marcio-lopes-proibido-edicao-colecionador\/","og_site_name":"Tourinto Premium Wines","article_publisher":"https:\/\/www.facebook.com\/garrafeiratourinto","article_modified_time":"2026-02-05T10:28:25+00:00","og_image":[{"width":881,"height":1400,"url":"https:\/\/i0.wp.com\/www.tourinto.pt\/wp-content\/uploads\/2023\/02\/Proibido-Edicao-Colecionador.webp?fit=881%2C1400&ssl=1","type":"image\/webp"}],"twitter_card":"summary_large_image","twitter_misc":{"Price":"295,00&nbsp;&euro;","Availability":"In stock"},"schema":{"@context":"https:\/\/schema.org","@graph":[{"@type":"WebPage","@id":"https:\/\/www.tourinto.pt\/product\/marcio-lopes-proibido-edicao-colecionador\/","url":"https:\/\/www.tourinto.pt\/product\/marcio-lopes-proibido-edicao-colecionador\/","name":"M\u00e1rcio Lopes Proibido Edi\u00e7\u00e3o Colecionador - Tourinto Premium Wines","isPartOf":{"@id":"https:\/\/www.tourinto.pt\/#website"},"primaryImageOfPage":{"@id":"https:\/\/www.tourinto.pt\/product\/marcio-lopes-proibido-edicao-colecionador\/#primaryimage"},"image":{"@id":"https:\/\/www.tourinto.pt\/product\/marcio-lopes-proibido-edicao-colecionador\/#primaryimage"},"thumbnailUrl":"https:\/\/i0.wp.com\/www.tourinto.pt\/wp-content\/uploads\/2023\/02\/Proibido-Edicao-Colecionador.webp?fit=881%2C1400&ssl=1","datePublished":"2023-02-06T17:40:29+00:00","dateModified":"2026-02-05T10:28:25+00:00","description":"M\u00e1rcio Lopes Proibido Edi\u00e7\u00e3o Colecionador \u00e9 uma triologia provenientes de 3 vinhas diferentes: Vinha do Pombal, Vinha da Sofia e Vinha do Rio Pinh\u00e3o.","breadcrumb":{"@id":"https:\/\/www.tourinto.pt\/product\/marcio-lopes-proibido-edicao-colecionador\/#breadcrumb"},"inLanguage":"en-GB","potentialAction":[{"@type":"ReadAction","target":["https:\/\/www.tourinto.pt\/product\/marcio-lopes-proibido-edicao-colecionador\/"]}]},{"@type":"ImageObject","inLanguage":"en-GB","@id":"https:\/\/www.tourinto.pt\/product\/marcio-lopes-proibido-edicao-colecionador\/#primaryimage","url":"https:\/\/i0.wp.com\/www.tourinto.pt\/wp-content\/uploads\/2023\/02\/Proibido-Edicao-Colecionador.webp?fit=881%2C1400&ssl=1","contentUrl":"https:\/\/i0.wp.com\/www.tourinto.pt\/wp-content\/uploads\/2023\/02\/Proibido-Edicao-Colecionador.webp?fit=881%2C1400&ssl=1","width":881,"height":1400,"caption":"Proibido Colecionador, M\u00e1rcio Lopes Colecionador, Proibido Colecionador, M\u00e1rcio Lopes Edi\u00e7\u00e3o Colecionador"},{"@type":"BreadcrumbList","@id":"https:\/\/www.tourinto.pt\/product\/marcio-lopes-proibido-edicao-colecionador\/#breadcrumb","itemListElement":[{"@type":"ListItem","position":1,"name":"In\u00edcio","item":"https:\/\/www.tourinto.pt\/"},{"@type":"ListItem","position":2,"name":"Garrafeira on-line","item":"https:\/\/www.tourinto.pt\/garrafeira-on-line\/"},{"@type":"ListItem","position":3,"name":"M\u00e1rcio Lopes Proibido Edi\u00e7\u00e3o Colecionador"}]},{"@type":"WebSite","@id":"https:\/\/www.tourinto.pt\/#website","url":"https:\/\/www.tourinto.pt\/","name":"Tourinto Premium Wines","description":"Wine Shop online","publisher":{"@id":"https:\/\/www.tourinto.pt\/#organization"},"alternateName":"Garrafeira on-line","potentialAction":[{"@type":"SearchAction","target":{"@type":"EntryPoint","urlTemplate":"https:\/\/www.tourinto.pt\/?s={search_term_string}"},"query-input":{"@type":"PropertyValueSpecification","valueRequired":true,"valueName":"search_term_string"}}],"inLanguage":"en-GB"},{"@type":["Organization","Place"],"@id":"https:\/\/www.tourinto.pt\/#organization","name":"Tourinto","alternateName":"Garrafeira Tourinto, Lda.","url":"https:\/\/www.tourinto.pt\/","logo":{"@id":"https:\/\/www.tourinto.pt\/product\/marcio-lopes-proibido-edicao-colecionador\/#local-main-organization-logo"},"image":{"@id":"https:\/\/www.tourinto.pt\/product\/marcio-lopes-proibido-edicao-colecionador\/#local-main-organization-logo"},"sameAs":["https:\/\/www.facebook.com\/garrafeiratourinto","https:\/\/www.instagram.com\/garrafeiratourinto\/"],"telephone":[],"openingHoursSpecification":[{"@type":"OpeningHoursSpecification","dayOfWeek":["Monday","Tuesday","Wednesday","Thursday","Friday","Saturday","Sunday"],"opens":"09:00","closes":"17:00"}]},{"@type":"ImageObject","inLanguage":"en-GB","@id":"https:\/\/www.tourinto.pt\/product\/marcio-lopes-proibido-edicao-colecionador\/#local-main-organization-logo","url":"https:\/\/i0.wp.com\/www.tourinto.pt\/wp-content\/uploads\/2022\/07\/tourinto-logo-big.png?fit=1400%2C505&ssl=1","contentUrl":"https:\/\/i0.wp.com\/www.tourinto.pt\/wp-content\/uploads\/2022\/07\/tourinto-logo-big.png?fit=1400%2C505&ssl=1","width":1400,"height":505,"caption":"Tourinto"}]},"product_price_amount":"295.00","product_price_currency":"EUR","og_availability":"instock","product_availability":"instock","product_retailer_item_id":"18.07.2020","product_condition":"new"},"jetpack_publicize_connections":[],"jetpack_sharing_enabled":true,"_links":{"self":[{"href":"https:\/\/www.tourinto.pt\/en\/wp-json\/wp\/v2\/product\/4893","targetHints":{"allow":["GET"]}}],"collection":[{"href":"https:\/\/www.tourinto.pt\/en\/wp-json\/wp\/v2\/product"}],"about":[{"href":"https:\/\/www.tourinto.pt\/en\/wp-json\/wp\/v2\/types\/product"}],"replies":[{"embeddable":true,"href":"https:\/\/www.tourinto.pt\/en\/wp-json\/wp\/v2\/comments?post=4893"}],"wp:featuredmedia":[{"embeddable":true,"href":"https:\/\/www.tourinto.pt\/en\/wp-json\/wp\/v2\/media\/14071"}],"wp:attachment":[{"href":"https:\/\/www.tourinto.pt\/en\/wp-json\/wp\/v2\/media?parent=4893"}],"wp:term":[{"taxonomy":"product_brand","embeddable":true,"href":"https:\/\/www.tourinto.pt\/en\/wp-json\/wp\/v2\/product_brand?post=4893"},{"taxonomy":"product_cat","embeddable":true,"href":"https:\/\/www.tourinto.pt\/en\/wp-json\/wp\/v2\/product_cat?post=4893"},{"taxonomy":"product_tag","embeddable":true,"href":"https:\/\/www.tourinto.pt\/en\/wp-json\/wp\/v2\/product_tag?post=4893"}],"curies":[{"name":"wp","href":"https:\/\/api.w.org\/{rel}","templated":true}]}}