{"id":4691,"date":"2023-01-14T15:37:00","date_gmt":"2023-01-14T15:37:00","guid":{"rendered":"https:\/\/www.tourinto.pt\/?post_type=product&#038;p=4691"},"modified":"2025-09-03T17:13:28","modified_gmt":"2025-09-03T17:13:28","slug":"vinha-do-contador-grande-juri-branco","status":"publish","type":"product","link":"https:\/\/www.tourinto.pt\/en\/product\/vinha-do-contador-grande-juri-branco\/","title":{"rendered":"Vinha do Contador Grande J\u00fari White"},"content":{"rendered":"<div class=\"wpb-content-wrapper\"><div data-vc-full-width=\"true\" data-vc-full-width-init=\"false\" class=\"vc_row wpb_row vc_row-fluid vc_custom_1656585076455 vc_row-has-fill\"><div class=\"wpb_column vc_column_container vc_col-sm-12\"><div class=\"vc_column-inner\"><div class=\"wpb_wrapper\"><div class=\"vc_tta-container\" data-vc-action=\"collapse\"><div class=\"vc_general vc_tta vc_tta-tabs vc_tta-color-black vc_tta-style-flat vc_tta-shape-square vc_tta-spacing-1 vc_tta-o-no-fill vc_tta-tabs-position-top vc_tta-controls-align-left\"><div class=\"vc_tta-tabs-container\"><ul class=\"vc_tta-tabs-list\" role=\"tablist\"><li class=\"vc_tta-tab vc_active\" data-vc-tab role=\"presentation\"><a href=\"#1656584484701-0e478312-357c\" data-vc-tabs data-vc-container=\".vc_tta\" role=\"tab\" aria-selected=\"false\" id=\"tab-1656584484701-0e478312-357c\"><i class=\"vc_tta-icon vc-oi vc-oi-article\"><\/i><span class=\"vc_tta-title-text\">Description<\/span><\/a><\/li><\/ul><\/div><div class=\"vc_tta-panels-container\"><div class=\"vc_tta-panels\"><div class=\"vc_tta-panel vc_active\" id=\"1656584484701-0e478312-357c\" data-vc-content=\".vc_tta-panel-body\"><div class=\"vc_tta-panel-heading\"><h4 class=\"vc_tta-panel-title\"><a href=\"#1656584484701-0e478312-357c\" data-vc-accordion data-vc-container=\".vc_tta-container\"><i class=\"vc_tta-icon vc-oi vc-oi-article\"><\/i><span class=\"vc_tta-title-text\">Description<\/span><\/a><\/h4><\/div><div class=\"vc_tta-panel-body\">\n\t<div class=\"wpb_text_column wpb_content_element\" >\n\t\t<div class=\"wpb_wrapper\">\n\t\t\t<p><strong>Vinha do Contador Grande J\u00fari White<\/strong><\/p>\n<p><strong>Grape varieties:<\/strong> Encruzado (70%), Malvasia Fina (20%) e Cerceal Branco (10%).<br \/>\n<strong>Aging:<\/strong> 12 months in new (50%) and second use (50%) French oak barrels.<br \/>\n<strong>Colour:<\/strong> Straw yellow.<br \/>\n<strong>Aroma:<\/strong> Great aromatic complexity, with notes of white pulp fruit, vanilla and hazelnut flavours.<br \/>\n<strong>Flavour:<\/strong> Fruity and fresh, with a noticeable volume in the mouth, elegance and long persistence.<\/p>\n<hr style=\"border: #b0976d 1px dotted\" \/>\n<p><strong>Serve: <\/strong>10 to 12\u2070<br \/>\n<strong>Consumption: <\/strong>Immediate or storage.<\/p>\n<hr style=\"border: #b0976d 1px dotted\" \/>\n<p><strong>Harmonisation: <\/strong>It goes well with charcuterie, fish-based delicacies and well-structured white meats, as well as red meats that aren't too spicy.<\/p>\n<hr style=\"border: #b0976d 1px dotted\" \/>\n<p><strong>Enology:<\/strong> Osvaldo Amado<\/p>\n<p><strong>Awards and Notes:<\/strong><\/p>\n<ul>\n<li><strong>Robert Parker<\/strong> &#8211; 93\/100<\/li>\n<li><strong>Great Choices<\/strong> &#8211; 18,5\/20<\/li>\n<li><strong>Revista de Vinhos<\/strong> &#8211; 18,5\/20 (2015)<\/li>\n<\/ul>\n\n\t\t<\/div>\n\t<\/div>\n<\/div><\/div><\/div><\/div><\/div><\/div><\/div><\/div><\/div><\/div><div class=\"vc_row-full-width vc_clearfix\"><\/div>\n<\/div>","protected":false},"excerpt":{"rendered":"<p>Vinha do Contador Grande J\u00fari Branco \u00e9 um vinho de<em> terroir<\/em> que ostenta a designa\u00e7\u00e3o de Grande J\u00fari, para al\u00e9m da distin\u00e7\u00e3o de \u201cNobre\u201d, a mais alta designa\u00e7\u00e3o atribu\u00edda pela Comiss\u00e3o Vitivin\u00edcola da regi\u00e3o do D\u00e3o. Um vinho com grande complexidade arom\u00e1tica, notas de fruta de polpa branca e nuances de avel\u00e3, para al\u00e9m de fresco, frutado e com grande volume.<\/p>\n[contact-form-7 id=\"4433d5d\" title=\"nota Uni\u00e3o Europeia\"]\n","protected":false},"featured_media":4825,"comment_status":"closed","ping_status":"closed","template":"","meta":{"_acf_changed":false,"_joinchat":[],"jetpack_publicize_message":"","jetpack_publicize_feature_enabled":true,"jetpack_social_post_already_shared":false,"jetpack_social_options":{"image_generator_settings":{"template":"highway","default_image_id":0,"font":"","enabled":false},"version":2}},"product_brand":[],"product_cat":[1134,18,424,84,100,81,44,231],"product_tag":[56,57,89,215],"class_list":{"0":"post-4691","1":"product","2":"type-product","3":"status-publish","4":"has-post-thumbnail","6":"product_cat-blend-brancos","7":"product_cat-vinho-branco","8":"product_cat-vinhos-portugal","9":"product_cat-dao","10":"product_cat-tipologia","11":"product_cat-regiao","12":"product_cat-produtores","13":"product_cat-vinha-do-contador","14":"product_tag-dao","15":"product_tag-encruzado","16":"product_tag-cerceal-branco","17":"product_tag-malvasia-fina","18":"pa_ano-27","19":"pa_regiao-dao","20":"pa_volume-750ml","22":"first","23":"instock","24":"taxable","25":"shipping-taxable","26":"purchasable","27":"product-type-simple"},"acf":[],"yoast_head":"<!-- This site is optimized with the Yoast SEO Premium plugin v27.3 (Yoast SEO v27.4) - https:\/\/yoast.com\/product\/yoast-seo-premium-wordpress\/ -->\n<title>Vinha do Contador Grande J\u00fari Branco - Tourinto Premium Wines<\/title>\n<meta name=\"description\" content=\"Vinha do Contador Grande J\u00fari Branco \u00e9 um vinhoque ostenta a designa\u00e7\u00e3o de Grande J\u00fari, e a distin\u00e7\u00e3o de \u201cNobre\u201d, a mais alta atribu\u00edda pela CVR do D\u00e3o.\" \/>\n<meta name=\"robots\" content=\"index, follow, max-snippet:-1, max-image-preview:large, max-video-preview:-1\" \/>\n<link rel=\"canonical\" href=\"https:\/\/www.tourinto.pt\/en\/product\/vinha-do-contador-grande-juri-branco\/\" \/>\n<meta property=\"og:locale\" content=\"en_GB\" \/>\n<meta property=\"og:type\" content=\"article\" \/>\n<meta property=\"og:title\" content=\"Vinha do Contador Grande J\u00fari Branco\" \/>\n<meta property=\"og:description\" content=\"Vinha do Contador Grande J\u00fari Branco \u00e9 um vinhoque ostenta a designa\u00e7\u00e3o de Grande J\u00fari, e a distin\u00e7\u00e3o de \u201cNobre\u201d, a mais alta atribu\u00edda pela CVR do D\u00e3o.\" \/>\n<meta property=\"og:url\" content=\"https:\/\/www.tourinto.pt\/en\/product\/vinha-do-contador-grande-juri-branco\/\" \/>\n<meta property=\"og:site_name\" content=\"Tourinto Premium Wines\" \/>\n<meta property=\"article:publisher\" content=\"https:\/\/www.facebook.com\/garrafeiratourinto\" \/>\n<meta property=\"article:modified_time\" content=\"2025-09-03T17:13:28+00:00\" \/>\n<meta property=\"og:image\" content=\"https:\/\/www.tourinto.pt\/wp-content\/uploads\/2023\/01\/Tourinto-branco-Grande-juri-vinha-contador-2015.png\" \/>\n\t<meta property=\"og:image:width\" content=\"881\" \/>\n\t<meta property=\"og:image:height\" content=\"1400\" \/>\n\t<meta property=\"og:image:type\" content=\"image\/png\" \/>\n<meta name=\"twitter:card\" content=\"summary_large_image\" \/>\n<meta name=\"twitter:label1\" content=\"Price\" \/>\n\t<meta name=\"twitter:data1\" content=\"104,00&nbsp;&euro;\" \/>\n\t<meta name=\"twitter:label2\" content=\"Availability\" \/>\n\t<meta name=\"twitter:data2\" content=\"In stock\" \/>\n<script type=\"application\/ld+json\" class=\"yoast-schema-graph\">{\"@context\":\"https:\\\/\\\/schema.org\",\"@graph\":[{\"@type\":\"WebPage\",\"@id\":\"https:\\\/\\\/www.tourinto.pt\\\/product\\\/vinha-do-contador-grande-juri-branco\\\/\",\"url\":\"https:\\\/\\\/www.tourinto.pt\\\/product\\\/vinha-do-contador-grande-juri-branco\\\/\",\"name\":\"Vinha do Contador Grande J\u00fari Branco - Tourinto Premium Wines\",\"isPartOf\":{\"@id\":\"https:\\\/\\\/www.tourinto.pt\\\/#website\"},\"primaryImageOfPage\":{\"@id\":\"https:\\\/\\\/www.tourinto.pt\\\/product\\\/vinha-do-contador-grande-juri-branco\\\/#primaryimage\"},\"image\":{\"@id\":\"https:\\\/\\\/www.tourinto.pt\\\/product\\\/vinha-do-contador-grande-juri-branco\\\/#primaryimage\"},\"thumbnailUrl\":\"https:\\\/\\\/i0.wp.com\\\/www.tourinto.pt\\\/wp-content\\\/uploads\\\/2023\\\/01\\\/Tourinto-branco-Grande-juri-vinha-contador-2015.png?fit=881%2C1400&ssl=1\",\"datePublished\":\"2023-01-14T15:37:00+00:00\",\"dateModified\":\"2025-09-03T17:13:28+00:00\",\"description\":\"Vinha do Contador Grande J\u00fari Branco \u00e9 um vinhoque ostenta a designa\u00e7\u00e3o de Grande J\u00fari, e a distin\u00e7\u00e3o de \u201cNobre\u201d, a mais alta atribu\u00edda pela CVR do D\u00e3o.\",\"breadcrumb\":{\"@id\":\"https:\\\/\\\/www.tourinto.pt\\\/product\\\/vinha-do-contador-grande-juri-branco\\\/#breadcrumb\"},\"inLanguage\":\"en-GB\",\"potentialAction\":[{\"@type\":\"ReadAction\",\"target\":[\"https:\\\/\\\/www.tourinto.pt\\\/product\\\/vinha-do-contador-grande-juri-branco\\\/\"]}]},{\"@type\":\"ImageObject\",\"inLanguage\":\"en-GB\",\"@id\":\"https:\\\/\\\/www.tourinto.pt\\\/product\\\/vinha-do-contador-grande-juri-branco\\\/#primaryimage\",\"url\":\"https:\\\/\\\/i0.wp.com\\\/www.tourinto.pt\\\/wp-content\\\/uploads\\\/2023\\\/01\\\/Tourinto-branco-Grande-juri-vinha-contador-2015.png?fit=881%2C1400&ssl=1\",\"contentUrl\":\"https:\\\/\\\/i0.wp.com\\\/www.tourinto.pt\\\/wp-content\\\/uploads\\\/2023\\\/01\\\/Tourinto-branco-Grande-juri-vinha-contador-2015.png?fit=881%2C1400&ssl=1\",\"width\":881,\"height\":1400,\"caption\":\"Vinha do Contador Branco\"},{\"@type\":\"BreadcrumbList\",\"@id\":\"https:\\\/\\\/www.tourinto.pt\\\/product\\\/vinha-do-contador-grande-juri-branco\\\/#breadcrumb\",\"itemListElement\":[{\"@type\":\"ListItem\",\"position\":1,\"name\":\"In\u00edcio\",\"item\":\"https:\\\/\\\/www.tourinto.pt\\\/\"},{\"@type\":\"ListItem\",\"position\":2,\"name\":\"Garrafeira on-line\",\"item\":\"https:\\\/\\\/www.tourinto.pt\\\/garrafeira-on-line\\\/\"},{\"@type\":\"ListItem\",\"position\":3,\"name\":\"Vinha do Contador Grande J\u00fari Branco\"}]},{\"@type\":\"WebSite\",\"@id\":\"https:\\\/\\\/www.tourinto.pt\\\/#website\",\"url\":\"https:\\\/\\\/www.tourinto.pt\\\/\",\"name\":\"Tourinto Premium Wines\",\"description\":\"Garrafeira on-line\",\"publisher\":{\"@id\":\"https:\\\/\\\/www.tourinto.pt\\\/#organization\"},\"alternateName\":\"Garrafeira on-line\",\"potentialAction\":[{\"@type\":\"SearchAction\",\"target\":{\"@type\":\"EntryPoint\",\"urlTemplate\":\"https:\\\/\\\/www.tourinto.pt\\\/?s={search_term_string}\"},\"query-input\":{\"@type\":\"PropertyValueSpecification\",\"valueRequired\":true,\"valueName\":\"search_term_string\"}}],\"inLanguage\":\"en-GB\"},{\"@type\":[\"Organization\",\"Place\"],\"@id\":\"https:\\\/\\\/www.tourinto.pt\\\/#organization\",\"name\":\"Tourinto\",\"alternateName\":\"Garrafeira Tourinto, Lda.\",\"url\":\"https:\\\/\\\/www.tourinto.pt\\\/\",\"logo\":{\"@id\":\"https:\\\/\\\/www.tourinto.pt\\\/product\\\/vinha-do-contador-grande-juri-branco\\\/#local-main-organization-logo\"},\"image\":{\"@id\":\"https:\\\/\\\/www.tourinto.pt\\\/product\\\/vinha-do-contador-grande-juri-branco\\\/#local-main-organization-logo\"},\"sameAs\":[\"https:\\\/\\\/www.facebook.com\\\/garrafeiratourinto\",\"https:\\\/\\\/www.instagram.com\\\/garrafeiratourinto\\\/\"],\"telephone\":[],\"openingHoursSpecification\":[{\"@type\":\"OpeningHoursSpecification\",\"dayOfWeek\":[\"Monday\",\"Tuesday\",\"Wednesday\",\"Thursday\",\"Friday\",\"Saturday\",\"Sunday\"],\"opens\":\"09:00\",\"closes\":\"17:00\"}]},{\"@type\":\"ImageObject\",\"inLanguage\":\"en-GB\",\"@id\":\"https:\\\/\\\/www.tourinto.pt\\\/product\\\/vinha-do-contador-grande-juri-branco\\\/#local-main-organization-logo\",\"url\":\"https:\\\/\\\/i0.wp.com\\\/www.tourinto.pt\\\/wp-content\\\/uploads\\\/2022\\\/07\\\/tourinto-logo-big.png?fit=1400%2C505&ssl=1\",\"contentUrl\":\"https:\\\/\\\/i0.wp.com\\\/www.tourinto.pt\\\/wp-content\\\/uploads\\\/2022\\\/07\\\/tourinto-logo-big.png?fit=1400%2C505&ssl=1\",\"width\":1400,\"height\":505,\"caption\":\"Tourinto\"}]}<\/script>\n<meta property=\"product:price:amount\" content=\"104.00\" \/>\n<meta property=\"product:price:currency\" content=\"EUR\" \/>\n<meta property=\"og:availability\" content=\"instock\" \/>\n<meta property=\"product:availability\" content=\"instock\" \/>\n<meta property=\"product:retailer_item_id\" content=\"26.02.2015\" \/>\n<meta property=\"product:condition\" content=\"new\" \/>\n<!-- \/ Yoast SEO Premium plugin. -->","yoast_head_json":{"title":"Vinha do Contador Grande J\u00fari Branco - Tourinto Premium Wines","description":"Vinha do Contador Grande J\u00fari Branco \u00e9 um vinhoque ostenta a designa\u00e7\u00e3o de Grande J\u00fari, e a distin\u00e7\u00e3o de \u201cNobre\u201d, a mais alta atribu\u00edda pela CVR do D\u00e3o.","robots":{"index":"index","follow":"follow","max-snippet":"max-snippet:-1","max-image-preview":"max-image-preview:large","max-video-preview":"max-video-preview:-1"},"canonical":"https:\/\/www.tourinto.pt\/en\/product\/vinha-do-contador-grande-juri-branco\/","og_locale":"en_GB","og_type":"article","og_title":"Vinha do Contador Grande J\u00fari Branco","og_description":"Vinha do Contador Grande J\u00fari Branco \u00e9 um vinhoque ostenta a designa\u00e7\u00e3o de Grande J\u00fari, e a distin\u00e7\u00e3o de \u201cNobre\u201d, a mais alta atribu\u00edda pela CVR do D\u00e3o.","og_url":"https:\/\/www.tourinto.pt\/en\/product\/vinha-do-contador-grande-juri-branco\/","og_site_name":"Tourinto Premium Wines","article_publisher":"https:\/\/www.facebook.com\/garrafeiratourinto","article_modified_time":"2025-09-03T17:13:28+00:00","og_image":[{"width":881,"height":1400,"url":"https:\/\/www.tourinto.pt\/wp-content\/uploads\/2023\/01\/Tourinto-branco-Grande-juri-vinha-contador-2015.png","type":"image\/png"}],"twitter_card":"summary_large_image","twitter_misc":{"Price":"104,00&nbsp;&euro;","Availability":"In stock"},"schema":{"@context":"https:\/\/schema.org","@graph":[{"@type":"WebPage","@id":"https:\/\/www.tourinto.pt\/product\/vinha-do-contador-grande-juri-branco\/","url":"https:\/\/www.tourinto.pt\/product\/vinha-do-contador-grande-juri-branco\/","name":"Vinha do Contador Grande J\u00fari Branco - Tourinto Premium Wines","isPartOf":{"@id":"https:\/\/www.tourinto.pt\/#website"},"primaryImageOfPage":{"@id":"https:\/\/www.tourinto.pt\/product\/vinha-do-contador-grande-juri-branco\/#primaryimage"},"image":{"@id":"https:\/\/www.tourinto.pt\/product\/vinha-do-contador-grande-juri-branco\/#primaryimage"},"thumbnailUrl":"https:\/\/i0.wp.com\/www.tourinto.pt\/wp-content\/uploads\/2023\/01\/Tourinto-branco-Grande-juri-vinha-contador-2015.png?fit=881%2C1400&ssl=1","datePublished":"2023-01-14T15:37:00+00:00","dateModified":"2025-09-03T17:13:28+00:00","description":"Vinha do Contador Grande J\u00fari Branco \u00e9 um vinhoque ostenta a designa\u00e7\u00e3o de Grande J\u00fari, e a distin\u00e7\u00e3o de \u201cNobre\u201d, a mais alta atribu\u00edda pela CVR do D\u00e3o.","breadcrumb":{"@id":"https:\/\/www.tourinto.pt\/product\/vinha-do-contador-grande-juri-branco\/#breadcrumb"},"inLanguage":"en-GB","potentialAction":[{"@type":"ReadAction","target":["https:\/\/www.tourinto.pt\/product\/vinha-do-contador-grande-juri-branco\/"]}]},{"@type":"ImageObject","inLanguage":"en-GB","@id":"https:\/\/www.tourinto.pt\/product\/vinha-do-contador-grande-juri-branco\/#primaryimage","url":"https:\/\/i0.wp.com\/www.tourinto.pt\/wp-content\/uploads\/2023\/01\/Tourinto-branco-Grande-juri-vinha-contador-2015.png?fit=881%2C1400&ssl=1","contentUrl":"https:\/\/i0.wp.com\/www.tourinto.pt\/wp-content\/uploads\/2023\/01\/Tourinto-branco-Grande-juri-vinha-contador-2015.png?fit=881%2C1400&ssl=1","width":881,"height":1400,"caption":"Vinha do Contador Branco"},{"@type":"BreadcrumbList","@id":"https:\/\/www.tourinto.pt\/product\/vinha-do-contador-grande-juri-branco\/#breadcrumb","itemListElement":[{"@type":"ListItem","position":1,"name":"In\u00edcio","item":"https:\/\/www.tourinto.pt\/"},{"@type":"ListItem","position":2,"name":"Garrafeira on-line","item":"https:\/\/www.tourinto.pt\/garrafeira-on-line\/"},{"@type":"ListItem","position":3,"name":"Vinha do Contador Grande J\u00fari Branco"}]},{"@type":"WebSite","@id":"https:\/\/www.tourinto.pt\/#website","url":"https:\/\/www.tourinto.pt\/","name":"Tourinto Premium Wines","description":"Wine Shop online","publisher":{"@id":"https:\/\/www.tourinto.pt\/#organization"},"alternateName":"Garrafeira on-line","potentialAction":[{"@type":"SearchAction","target":{"@type":"EntryPoint","urlTemplate":"https:\/\/www.tourinto.pt\/?s={search_term_string}"},"query-input":{"@type":"PropertyValueSpecification","valueRequired":true,"valueName":"search_term_string"}}],"inLanguage":"en-GB"},{"@type":["Organization","Place"],"@id":"https:\/\/www.tourinto.pt\/#organization","name":"Tourinto","alternateName":"Garrafeira Tourinto, Lda.","url":"https:\/\/www.tourinto.pt\/","logo":{"@id":"https:\/\/www.tourinto.pt\/product\/vinha-do-contador-grande-juri-branco\/#local-main-organization-logo"},"image":{"@id":"https:\/\/www.tourinto.pt\/product\/vinha-do-contador-grande-juri-branco\/#local-main-organization-logo"},"sameAs":["https:\/\/www.facebook.com\/garrafeiratourinto","https:\/\/www.instagram.com\/garrafeiratourinto\/"],"telephone":[],"openingHoursSpecification":[{"@type":"OpeningHoursSpecification","dayOfWeek":["Monday","Tuesday","Wednesday","Thursday","Friday","Saturday","Sunday"],"opens":"09:00","closes":"17:00"}]},{"@type":"ImageObject","inLanguage":"en-GB","@id":"https:\/\/www.tourinto.pt\/product\/vinha-do-contador-grande-juri-branco\/#local-main-organization-logo","url":"https:\/\/i0.wp.com\/www.tourinto.pt\/wp-content\/uploads\/2022\/07\/tourinto-logo-big.png?fit=1400%2C505&ssl=1","contentUrl":"https:\/\/i0.wp.com\/www.tourinto.pt\/wp-content\/uploads\/2022\/07\/tourinto-logo-big.png?fit=1400%2C505&ssl=1","width":1400,"height":505,"caption":"Tourinto"}]},"product_price_amount":"104.00","product_price_currency":"EUR","og_availability":"instock","product_availability":"instock","product_retailer_item_id":"26.02.2015","product_condition":"new"},"jetpack_publicize_connections":[],"jetpack_sharing_enabled":true,"_links":{"self":[{"href":"https:\/\/www.tourinto.pt\/en\/wp-json\/wp\/v2\/product\/4691","targetHints":{"allow":["GET"]}}],"collection":[{"href":"https:\/\/www.tourinto.pt\/en\/wp-json\/wp\/v2\/product"}],"about":[{"href":"https:\/\/www.tourinto.pt\/en\/wp-json\/wp\/v2\/types\/product"}],"replies":[{"embeddable":true,"href":"https:\/\/www.tourinto.pt\/en\/wp-json\/wp\/v2\/comments?post=4691"}],"wp:featuredmedia":[{"embeddable":true,"href":"https:\/\/www.tourinto.pt\/en\/wp-json\/wp\/v2\/media\/4825"}],"wp:attachment":[{"href":"https:\/\/www.tourinto.pt\/en\/wp-json\/wp\/v2\/media?parent=4691"}],"wp:term":[{"taxonomy":"product_brand","embeddable":true,"href":"https:\/\/www.tourinto.pt\/en\/wp-json\/wp\/v2\/product_brand?post=4691"},{"taxonomy":"product_cat","embeddable":true,"href":"https:\/\/www.tourinto.pt\/en\/wp-json\/wp\/v2\/product_cat?post=4691"},{"taxonomy":"product_tag","embeddable":true,"href":"https:\/\/www.tourinto.pt\/en\/wp-json\/wp\/v2\/product_tag?post=4691"}],"curies":[{"name":"wp","href":"https:\/\/api.w.org\/{rel}","templated":true}]}}