{"id":3425,"date":"2022-11-09T23:05:53","date_gmt":"2022-11-09T23:05:53","guid":{"rendered":"https:\/\/www.tourinto.pt\/?post_type=product&#038;p=3425"},"modified":"2026-04-14T20:54:18","modified_gmt":"2026-04-14T20:54:18","slug":"legado-do-zeca-reserva-tinto","status":"publish","type":"product","link":"https:\/\/www.tourinto.pt\/en\/product\/legado-do-zeca-reserva-tinto\/","title":{"rendered":"Legado do Zeca Reserve Red"},"content":{"rendered":"<div class=\"wpb-content-wrapper\"><div data-vc-full-width=\"true\" data-vc-full-width-init=\"false\" class=\"vc_row wpb_row vc_row-fluid vc_custom_1656585076455 vc_row-has-fill\"><div class=\"wpb_column vc_column_container vc_col-sm-12\"><div class=\"vc_column-inner\"><div class=\"wpb_wrapper\"><div class=\"vc_tta-container\" data-vc-action=\"collapse\"><div class=\"vc_general vc_tta vc_tta-tabs vc_tta-color-black vc_tta-style-flat vc_tta-shape-square vc_tta-spacing-1 vc_tta-o-no-fill vc_tta-tabs-position-top vc_tta-controls-align-left\"><div class=\"vc_tta-tabs-container\"><ul class=\"vc_tta-tabs-list\" role=\"tablist\"><li class=\"vc_tta-tab vc_active\" data-vc-tab role=\"presentation\"><a href=\"#1656584484701-0e478312-357c\" data-vc-tabs data-vc-container=\".vc_tta\" role=\"tab\" aria-selected=\"false\" id=\"tab-1656584484701-0e478312-357c\"><i class=\"vc_tta-icon vc-oi vc-oi-article\"><\/i><span class=\"vc_tta-title-text\">Description<\/span><\/a><\/li><\/ul><\/div><div class=\"vc_tta-panels-container\"><div class=\"vc_tta-panels\"><div class=\"vc_tta-panel vc_active\" id=\"1656584484701-0e478312-357c\" data-vc-content=\".vc_tta-panel-body\"><div class=\"vc_tta-panel-heading\"><h4 class=\"vc_tta-panel-title\"><a href=\"#1656584484701-0e478312-357c\" data-vc-accordion data-vc-container=\".vc_tta-container\"><i class=\"vc_tta-icon vc-oi vc-oi-article\"><\/i><span class=\"vc_tta-title-text\">Description<\/span><\/a><\/h4><\/div><div class=\"vc_tta-panel-body\">\n\t<div class=\"wpb_text_column wpb_content_element\" >\n\t\t<div class=\"wpb_wrapper\">\n\t\t\t<p><strong>Legado do Zeca Reserve Red<\/strong><\/p>\n<p><strong>Grape varieties: <\/strong>Old Vines, Touriga Francesa, Touriga Nacional, Tinta Francisca, Tinto C\u00e3o e Sous\u00e3o.<br \/>\n<strong>Aging: <\/strong>9 months in 225 litres French oak barrels.<br \/>\n<strong>Colour: <\/strong>Grenada.<strong><br \/>\n<\/strong><b>Aroma: <\/b>Fresh, complex and delicate nose. Black cherry, raspberry, plum, chocolate and soft balsamic.<br \/>\n<strong>Flavour:\u00a0 <\/strong>Fresh, intense, powerful and polished. Exotic fruits and a long and persistent finish.<\/p>\n<hr style=\"border: #b0976d 1px dotted\" \/>\n<p><strong>Serve:<\/strong> 16 to 18\u2070<br \/>\n<strong>Consumption: <\/strong>Immediate or storage.<\/p>\n<hr style=\"border: #b0976d 1px dotted\" \/>\n<p><strong>Harmonisation: <\/strong>Grilled meat, game and cheese dishes.<\/p>\n<hr style=\"border: #b0976d 1px dotted\" \/>\n<p><strong>Producer: <\/strong><a href=\"https:\/\/www.tourinto.pt\/en\/produtores\/douro\/legado-do-zeca\/\">Legado do Zeca<\/a><\/p>\n<p><strong>Enology: <\/strong>Rudolfo Horta Soares<\/p>\n<p><strong>Category:<\/strong> Portuguese Wines \u2013 <a href=\"https:\/\/www.tourinto.pt\/en\/portugal\/vinhos-do-douro\/\">Douro<\/a><\/p>\n<p><strong>Awards and Notes:<\/strong><\/p>\n<ul>\n<li><strong>Revista de Vinhos<\/strong>\u00a0&#8211;<\/li>\n<\/ul>\n<p><strong><a href=\"https:\/\/legadozeca.pt\/\"><span style=\"color: #f1f1f1\">Legado do Zeca<\/span><\/a><\/strong><\/p>\n\n\t\t<\/div>\n\t<\/div>\n<\/div><\/div><\/div><\/div><\/div><\/div><\/div><\/div><\/div><\/div><div class=\"vc_row-full-width vc_clearfix\"><\/div><div data-vc-full-width=\"true\" data-vc-full-width-init=\"false\" data-vc-stretch-content=\"true\" class=\"vc_row wpb_row vc_row-fluid vc_custom_1668425951712 vc_row-no-padding\"><div class=\"wpb_column vc_column_container vc_col-sm-12\"><div class=\"vc_column-inner\"><div class=\"wpb_wrapper\">\n<div class=\"vc_grid-container-wrapper vc_clearfix vc_grid-animation-fadeIn\">\n\t<div class=\"vc_grid-container vc_clearfix wpb_content_element vc_media_grid\" data-initial-loading-animation=\"fadeIn\" data-vc-grid-settings=\"{&quot;page_id&quot;:3425,&quot;style&quot;:&quot;all&quot;,&quot;action&quot;:&quot;vc_get_vc_grid_data&quot;,&quot;shortcode_id&quot;:&quot;1757543011663-f1c85dfe-56f1-4&quot;,&quot;tag&quot;:&quot;vc_media_grid&quot;}\" data-vc-request=\"https:\/\/www.tourinto.pt\/wp-admin\/admin-ajax.php\" data-vc-post-id=\"3425\" data-vc-public-nonce=\"c09d7b0b5f\">\n\t\t\n\t<\/div>\n<\/div><\/div><\/div><\/div><\/div><div class=\"vc_row-full-width vc_clearfix\"><\/div>\n<\/div>","protected":false},"excerpt":{"rendered":"<p>Legado do Zeca Reserva Tinto \u00e9 nome de um projeto familiar no Douro em homenagem ao Av\u00f4 Zeca. Intenso, com notas de cereja negra, framboesa, ameixa, para al\u00e9m de chocolate e suaves bals\u00e2micos, \u00e9 um vinho ex\u00f3tico, fresco e elegante, com um final longo com ligeira aspereza.<\/p>\n<p>Saiba mais sobre <a href=\"https:\/\/www.tourinto.pt\/produtores\/douro\/legado-do-zeca\/\">Legado do Zeca<\/a>.<\/p>\n[contact-form-7 id=\"4433d5d\" title=\"nota Uni\u00e3o Europeia\"]\n","protected":false},"featured_media":14044,"comment_status":"closed","ping_status":"closed","template":"","meta":{"_acf_changed":false,"_joinchat":[],"jetpack_publicize_message":"","jetpack_publicize_feature_enabled":true,"jetpack_social_post_already_shared":false,"jetpack_social_options":{"image_generator_settings":{"template":"highway","default_image_id":0,"font":"","enabled":false},"version":2}},"product_brand":[],"product_cat":[1456,1058,1307,17,297,424,392,82,100,81,44,158],"product_tag":[160,372,161,159,65,59,47],"class_list":{"0":"post-3425","1":"product","2":"type-product","3":"status-publish","4":"has-post-thumbnail","6":"product_cat-ultimas-unidades","7":"product_cat-vinhas-velhas","8":"product_cat-ready-to-drink-tintos","9":"product_cat-vinho-tinto","10":"product_cat-minima-intervencao","11":"product_cat-vinhos-portugal","12":"product_cat-pequenos-produtores","13":"product_cat-douro","14":"product_cat-tipologia","15":"product_cat-regiao","16":"product_cat-produtores","17":"product_cat-legado-do-zeca","18":"product_tag-tinta-francisca","19":"product_tag-vinho-tinto","20":"product_tag-tinto-cao-e-sousao","21":"product_tag-touriga-francesa","22":"product_tag-vinhas-velhas","23":"product_tag-douro","24":"product_tag-touriga-nacional","25":"pa_ano-31","26":"pa_castas-vinhas-velhas","27":"pa_categoria-vinhos-portugueses","28":"pa_enologia-rudolfo-horta-soares","29":"pa_harmonizacao-queijos","30":"pa_harmonizacao-caca","31":"pa_harmonizacao-carnes-vermelhas","32":"pa_leveduras-selecionadas","33":"pa_produtor-legado-do-zeca","34":"pa_regiao-douro","35":"pa_tipologia-vinho-tinto","36":"pa_vinificacao-minima-intervencao","37":"pa_viticultura-sustentavel","38":"pa_volume-750ml","40":"first","41":"instock","42":"taxable","43":"shipping-taxable","44":"purchasable","45":"product-type-simple"},"acf":[],"yoast_head":"<!-- This site is optimized with the Yoast SEO Premium plugin v27.3 (Yoast SEO v27.4) - https:\/\/yoast.com\/product\/yoast-seo-premium-wordpress\/ -->\n<title>Legado do Zeca Reserva Tinto - Tourinto Premium Wines<\/title>\n<meta name=\"description\" content=\"Legado do Zeca Reserva Tinto \u00e9 o nome de um projeto familiar no Douro em homenagem ao Av\u00f4 Zeca, intenso, potente e polido.\" \/>\n<meta name=\"robots\" content=\"index, follow, max-snippet:-1, max-image-preview:large, max-video-preview:-1\" \/>\n<link rel=\"canonical\" href=\"https:\/\/www.tourinto.pt\/en\/product\/legado-do-zeca-reserva-tinto\/\" \/>\n<meta property=\"og:locale\" content=\"en_GB\" \/>\n<meta property=\"og:type\" content=\"article\" \/>\n<meta property=\"og:title\" content=\"Legado do Zeca Reserva Tinto\" \/>\n<meta property=\"og:description\" content=\"Legado do Zeca Reserva Tinto \u00e9 o nome de um projeto familiar no Douro em homenagem ao Av\u00f4 Zeca, intenso, potente e polido.\" \/>\n<meta property=\"og:url\" content=\"https:\/\/www.tourinto.pt\/en\/product\/legado-do-zeca-reserva-tinto\/\" \/>\n<meta property=\"og:site_name\" content=\"Tourinto Premium Wines\" \/>\n<meta property=\"article:publisher\" content=\"https:\/\/www.facebook.com\/garrafeiratourinto\" \/>\n<meta property=\"article:modified_time\" content=\"2026-04-14T20:54:18+00:00\" \/>\n<meta property=\"og:image\" content=\"https:\/\/i0.wp.com\/www.tourinto.pt\/wp-content\/uploads\/2023\/12\/Legado-do-Zeca-Tinto.webp?fit=881%2C1400&ssl=1\" \/>\n\t<meta property=\"og:image:width\" content=\"881\" \/>\n\t<meta property=\"og:image:height\" content=\"1400\" \/>\n\t<meta property=\"og:image:type\" content=\"image\/webp\" \/>\n<meta name=\"twitter:card\" content=\"summary_large_image\" \/>\n<meta name=\"twitter:label1\" content=\"Price\" \/>\n\t<meta name=\"twitter:data1\" content=\"23,50&nbsp;&euro;\" \/>\n\t<meta name=\"twitter:label2\" content=\"Availability\" \/>\n\t<meta name=\"twitter:data2\" content=\"In stock\" \/>\n<script type=\"application\/ld+json\" class=\"yoast-schema-graph\">{\"@context\":\"https:\\\/\\\/schema.org\",\"@graph\":[{\"@type\":\"WebPage\",\"@id\":\"https:\\\/\\\/www.tourinto.pt\\\/product\\\/legado-do-zeca-reserva-tinto\\\/\",\"url\":\"https:\\\/\\\/www.tourinto.pt\\\/product\\\/legado-do-zeca-reserva-tinto\\\/\",\"name\":\"Legado do Zeca Reserva Tinto - Tourinto Premium Wines\",\"isPartOf\":{\"@id\":\"https:\\\/\\\/www.tourinto.pt\\\/#website\"},\"primaryImageOfPage\":{\"@id\":\"https:\\\/\\\/www.tourinto.pt\\\/product\\\/legado-do-zeca-reserva-tinto\\\/#primaryimage\"},\"image\":{\"@id\":\"https:\\\/\\\/www.tourinto.pt\\\/product\\\/legado-do-zeca-reserva-tinto\\\/#primaryimage\"},\"thumbnailUrl\":\"https:\\\/\\\/i0.wp.com\\\/www.tourinto.pt\\\/wp-content\\\/uploads\\\/2023\\\/12\\\/Legado-do-Zeca-Tinto.webp?fit=881%2C1400&ssl=1\",\"datePublished\":\"2022-11-09T23:05:53+00:00\",\"dateModified\":\"2026-04-14T20:54:18+00:00\",\"description\":\"Legado do Zeca Reserva Tinto \u00e9 o nome de um projeto familiar no Douro em homenagem ao Av\u00f4 Zeca, intenso, potente e polido.\",\"breadcrumb\":{\"@id\":\"https:\\\/\\\/www.tourinto.pt\\\/product\\\/legado-do-zeca-reserva-tinto\\\/#breadcrumb\"},\"inLanguage\":\"en-GB\",\"potentialAction\":[{\"@type\":\"ReadAction\",\"target\":[\"https:\\\/\\\/www.tourinto.pt\\\/product\\\/legado-do-zeca-reserva-tinto\\\/\"]}]},{\"@type\":\"ImageObject\",\"inLanguage\":\"en-GB\",\"@id\":\"https:\\\/\\\/www.tourinto.pt\\\/product\\\/legado-do-zeca-reserva-tinto\\\/#primaryimage\",\"url\":\"https:\\\/\\\/i0.wp.com\\\/www.tourinto.pt\\\/wp-content\\\/uploads\\\/2023\\\/12\\\/Legado-do-Zeca-Tinto.webp?fit=881%2C1400&ssl=1\",\"contentUrl\":\"https:\\\/\\\/i0.wp.com\\\/www.tourinto.pt\\\/wp-content\\\/uploads\\\/2023\\\/12\\\/Legado-do-Zeca-Tinto.webp?fit=881%2C1400&ssl=1\",\"width\":881,\"height\":1400,\"caption\":\"Vinho Tinto Legado do Zeca, Legado do Zeca Douro Tinto, Vinho Legado do Zeca Tinto, Vinho Tinto Adiante Que\"},{\"@type\":\"BreadcrumbList\",\"@id\":\"https:\\\/\\\/www.tourinto.pt\\\/product\\\/legado-do-zeca-reserva-tinto\\\/#breadcrumb\",\"itemListElement\":[{\"@type\":\"ListItem\",\"position\":1,\"name\":\"In\u00edcio\",\"item\":\"https:\\\/\\\/www.tourinto.pt\\\/\"},{\"@type\":\"ListItem\",\"position\":2,\"name\":\"Garrafeira on-line\",\"item\":\"https:\\\/\\\/www.tourinto.pt\\\/garrafeira-on-line\\\/\"},{\"@type\":\"ListItem\",\"position\":3,\"name\":\"Legado do Zeca Reserva Tinto\"}]},{\"@type\":\"WebSite\",\"@id\":\"https:\\\/\\\/www.tourinto.pt\\\/#website\",\"url\":\"https:\\\/\\\/www.tourinto.pt\\\/\",\"name\":\"Tourinto Premium Wines\",\"description\":\"Garrafeira on-line\",\"publisher\":{\"@id\":\"https:\\\/\\\/www.tourinto.pt\\\/#organization\"},\"alternateName\":\"Garrafeira on-line\",\"potentialAction\":[{\"@type\":\"SearchAction\",\"target\":{\"@type\":\"EntryPoint\",\"urlTemplate\":\"https:\\\/\\\/www.tourinto.pt\\\/?s={search_term_string}\"},\"query-input\":{\"@type\":\"PropertyValueSpecification\",\"valueRequired\":true,\"valueName\":\"search_term_string\"}}],\"inLanguage\":\"en-GB\"},{\"@type\":[\"Organization\",\"Place\"],\"@id\":\"https:\\\/\\\/www.tourinto.pt\\\/#organization\",\"name\":\"Tourinto\",\"alternateName\":\"Garrafeira Tourinto, Lda.\",\"url\":\"https:\\\/\\\/www.tourinto.pt\\\/\",\"logo\":{\"@id\":\"https:\\\/\\\/www.tourinto.pt\\\/product\\\/legado-do-zeca-reserva-tinto\\\/#local-main-organization-logo\"},\"image\":{\"@id\":\"https:\\\/\\\/www.tourinto.pt\\\/product\\\/legado-do-zeca-reserva-tinto\\\/#local-main-organization-logo\"},\"sameAs\":[\"https:\\\/\\\/www.facebook.com\\\/garrafeiratourinto\",\"https:\\\/\\\/www.instagram.com\\\/garrafeiratourinto\\\/\"],\"telephone\":[],\"openingHoursSpecification\":[{\"@type\":\"OpeningHoursSpecification\",\"dayOfWeek\":[\"Monday\",\"Tuesday\",\"Wednesday\",\"Thursday\",\"Friday\",\"Saturday\",\"Sunday\"],\"opens\":\"09:00\",\"closes\":\"17:00\"}]},{\"@type\":\"ImageObject\",\"inLanguage\":\"en-GB\",\"@id\":\"https:\\\/\\\/www.tourinto.pt\\\/product\\\/legado-do-zeca-reserva-tinto\\\/#local-main-organization-logo\",\"url\":\"https:\\\/\\\/i0.wp.com\\\/www.tourinto.pt\\\/wp-content\\\/uploads\\\/2022\\\/07\\\/tourinto-logo-big.png?fit=1400%2C505&ssl=1\",\"contentUrl\":\"https:\\\/\\\/i0.wp.com\\\/www.tourinto.pt\\\/wp-content\\\/uploads\\\/2022\\\/07\\\/tourinto-logo-big.png?fit=1400%2C505&ssl=1\",\"width\":1400,\"height\":505,\"caption\":\"Tourinto\"}]}<\/script>\n<meta property=\"product:price:amount\" content=\"23.50\" \/>\n<meta property=\"product:price:currency\" content=\"EUR\" \/>\n<meta property=\"og:availability\" content=\"instock\" \/>\n<meta property=\"product:availability\" content=\"instock\" \/>\n<meta property=\"product:retailer_item_id\" content=\"21.01.2019\" \/>\n<meta property=\"product:condition\" content=\"new\" \/>\n<!-- \/ Yoast SEO Premium plugin. -->","yoast_head_json":{"title":"Legado do Zeca Reserva Tinto - Tourinto Premium Wines","description":"Legado do Zeca Reserva Tinto \u00e9 o nome de um projeto familiar no Douro em homenagem ao Av\u00f4 Zeca, intenso, potente e polido.","robots":{"index":"index","follow":"follow","max-snippet":"max-snippet:-1","max-image-preview":"max-image-preview:large","max-video-preview":"max-video-preview:-1"},"canonical":"https:\/\/www.tourinto.pt\/en\/product\/legado-do-zeca-reserva-tinto\/","og_locale":"en_GB","og_type":"article","og_title":"Legado do Zeca Reserva Tinto","og_description":"Legado do Zeca Reserva Tinto \u00e9 o nome de um projeto familiar no Douro em homenagem ao Av\u00f4 Zeca, intenso, potente e polido.","og_url":"https:\/\/www.tourinto.pt\/en\/product\/legado-do-zeca-reserva-tinto\/","og_site_name":"Tourinto Premium Wines","article_publisher":"https:\/\/www.facebook.com\/garrafeiratourinto","article_modified_time":"2026-04-14T20:54:18+00:00","og_image":[{"width":881,"height":1400,"url":"https:\/\/i0.wp.com\/www.tourinto.pt\/wp-content\/uploads\/2023\/12\/Legado-do-Zeca-Tinto.webp?fit=881%2C1400&ssl=1","type":"image\/webp"}],"twitter_card":"summary_large_image","twitter_misc":{"Price":"23,50&nbsp;&euro;","Availability":"In stock"},"schema":{"@context":"https:\/\/schema.org","@graph":[{"@type":"WebPage","@id":"https:\/\/www.tourinto.pt\/product\/legado-do-zeca-reserva-tinto\/","url":"https:\/\/www.tourinto.pt\/product\/legado-do-zeca-reserva-tinto\/","name":"Legado do Zeca Reserva Tinto - Tourinto Premium Wines","isPartOf":{"@id":"https:\/\/www.tourinto.pt\/#website"},"primaryImageOfPage":{"@id":"https:\/\/www.tourinto.pt\/product\/legado-do-zeca-reserva-tinto\/#primaryimage"},"image":{"@id":"https:\/\/www.tourinto.pt\/product\/legado-do-zeca-reserva-tinto\/#primaryimage"},"thumbnailUrl":"https:\/\/i0.wp.com\/www.tourinto.pt\/wp-content\/uploads\/2023\/12\/Legado-do-Zeca-Tinto.webp?fit=881%2C1400&ssl=1","datePublished":"2022-11-09T23:05:53+00:00","dateModified":"2026-04-14T20:54:18+00:00","description":"Legado do Zeca Reserva Tinto \u00e9 o nome de um projeto familiar no Douro em homenagem ao Av\u00f4 Zeca, intenso, potente e polido.","breadcrumb":{"@id":"https:\/\/www.tourinto.pt\/product\/legado-do-zeca-reserva-tinto\/#breadcrumb"},"inLanguage":"en-GB","potentialAction":[{"@type":"ReadAction","target":["https:\/\/www.tourinto.pt\/product\/legado-do-zeca-reserva-tinto\/"]}]},{"@type":"ImageObject","inLanguage":"en-GB","@id":"https:\/\/www.tourinto.pt\/product\/legado-do-zeca-reserva-tinto\/#primaryimage","url":"https:\/\/i0.wp.com\/www.tourinto.pt\/wp-content\/uploads\/2023\/12\/Legado-do-Zeca-Tinto.webp?fit=881%2C1400&ssl=1","contentUrl":"https:\/\/i0.wp.com\/www.tourinto.pt\/wp-content\/uploads\/2023\/12\/Legado-do-Zeca-Tinto.webp?fit=881%2C1400&ssl=1","width":881,"height":1400,"caption":"Vinho Tinto Legado do Zeca, Legado do Zeca Douro Tinto, Vinho Legado do Zeca Tinto, Vinho Tinto Adiante Que"},{"@type":"BreadcrumbList","@id":"https:\/\/www.tourinto.pt\/product\/legado-do-zeca-reserva-tinto\/#breadcrumb","itemListElement":[{"@type":"ListItem","position":1,"name":"In\u00edcio","item":"https:\/\/www.tourinto.pt\/"},{"@type":"ListItem","position":2,"name":"Garrafeira on-line","item":"https:\/\/www.tourinto.pt\/garrafeira-on-line\/"},{"@type":"ListItem","position":3,"name":"Legado do Zeca Reserva Tinto"}]},{"@type":"WebSite","@id":"https:\/\/www.tourinto.pt\/#website","url":"https:\/\/www.tourinto.pt\/","name":"Tourinto Premium Wines","description":"Wine Shop online","publisher":{"@id":"https:\/\/www.tourinto.pt\/#organization"},"alternateName":"Garrafeira on-line","potentialAction":[{"@type":"SearchAction","target":{"@type":"EntryPoint","urlTemplate":"https:\/\/www.tourinto.pt\/?s={search_term_string}"},"query-input":{"@type":"PropertyValueSpecification","valueRequired":true,"valueName":"search_term_string"}}],"inLanguage":"en-GB"},{"@type":["Organization","Place"],"@id":"https:\/\/www.tourinto.pt\/#organization","name":"Tourinto","alternateName":"Garrafeira Tourinto, Lda.","url":"https:\/\/www.tourinto.pt\/","logo":{"@id":"https:\/\/www.tourinto.pt\/product\/legado-do-zeca-reserva-tinto\/#local-main-organization-logo"},"image":{"@id":"https:\/\/www.tourinto.pt\/product\/legado-do-zeca-reserva-tinto\/#local-main-organization-logo"},"sameAs":["https:\/\/www.facebook.com\/garrafeiratourinto","https:\/\/www.instagram.com\/garrafeiratourinto\/"],"telephone":[],"openingHoursSpecification":[{"@type":"OpeningHoursSpecification","dayOfWeek":["Monday","Tuesday","Wednesday","Thursday","Friday","Saturday","Sunday"],"opens":"09:00","closes":"17:00"}]},{"@type":"ImageObject","inLanguage":"en-GB","@id":"https:\/\/www.tourinto.pt\/product\/legado-do-zeca-reserva-tinto\/#local-main-organization-logo","url":"https:\/\/i0.wp.com\/www.tourinto.pt\/wp-content\/uploads\/2022\/07\/tourinto-logo-big.png?fit=1400%2C505&ssl=1","contentUrl":"https:\/\/i0.wp.com\/www.tourinto.pt\/wp-content\/uploads\/2022\/07\/tourinto-logo-big.png?fit=1400%2C505&ssl=1","width":1400,"height":505,"caption":"Tourinto"}]},"product_price_amount":"23.50","product_price_currency":"EUR","og_availability":"instock","product_availability":"instock","product_retailer_item_id":"21.01.2019","product_condition":"new"},"jetpack_publicize_connections":[],"jetpack_sharing_enabled":true,"_links":{"self":[{"href":"https:\/\/www.tourinto.pt\/en\/wp-json\/wp\/v2\/product\/3425","targetHints":{"allow":["GET"]}}],"collection":[{"href":"https:\/\/www.tourinto.pt\/en\/wp-json\/wp\/v2\/product"}],"about":[{"href":"https:\/\/www.tourinto.pt\/en\/wp-json\/wp\/v2\/types\/product"}],"replies":[{"embeddable":true,"href":"https:\/\/www.tourinto.pt\/en\/wp-json\/wp\/v2\/comments?post=3425"}],"wp:featuredmedia":[{"embeddable":true,"href":"https:\/\/www.tourinto.pt\/en\/wp-json\/wp\/v2\/media\/14044"}],"wp:attachment":[{"href":"https:\/\/www.tourinto.pt\/en\/wp-json\/wp\/v2\/media?parent=3425"}],"wp:term":[{"taxonomy":"product_brand","embeddable":true,"href":"https:\/\/www.tourinto.pt\/en\/wp-json\/wp\/v2\/product_brand?post=3425"},{"taxonomy":"product_cat","embeddable":true,"href":"https:\/\/www.tourinto.pt\/en\/wp-json\/wp\/v2\/product_cat?post=3425"},{"taxonomy":"product_tag","embeddable":true,"href":"https:\/\/www.tourinto.pt\/en\/wp-json\/wp\/v2\/product_tag?post=3425"}],"curies":[{"name":"wp","href":"https:\/\/api.w.org\/{rel}","templated":true}]}}