{"id":17182,"date":"2026-05-13T14:11:10","date_gmt":"2026-05-13T14:11:10","guid":{"rendered":"https:\/\/www.tourinto.pt\/?post_type=product&#038;p=17182"},"modified":"2026-05-13T17:43:10","modified_gmt":"2026-05-13T17:43:10","slug":"mira-do-o-alias-tinto","status":"publish","type":"product","link":"https:\/\/www.tourinto.pt\/en\/product\/mira-do-o-alias-tinto\/","title":{"rendered":"Mira do \u00d3 Ali\u00e1s Red"},"content":{"rendered":"<div class=\"wpb-content-wrapper\"><div data-vc-full-width=\"true\" data-vc-full-width-init=\"false\" class=\"vc_row wpb_row vc_row-fluid vc_custom_1656585076455 vc_row-has-fill\"><div class=\"wpb_column vc_column_container vc_col-sm-12\"><div class=\"vc_column-inner\"><div class=\"wpb_wrapper\"><div class=\"vc_tta-container\" data-vc-action=\"collapse\"><div class=\"vc_general vc_tta vc_tta-tabs vc_tta-color-black vc_tta-style-flat vc_tta-shape-square vc_tta-spacing-1 vc_tta-o-no-fill vc_tta-tabs-position-top vc_tta-controls-align-left\"><div class=\"vc_tta-tabs-container\"><ul class=\"vc_tta-tabs-list\" role=\"tablist\"><li class=\"vc_tta-tab vc_active\" data-vc-tab role=\"presentation\"><a href=\"#1656584484701-0e478312-357c\" data-vc-tabs data-vc-container=\".vc_tta\" role=\"tab\" aria-selected=\"false\" id=\"tab-1656584484701-0e478312-357c\"><i class=\"vc_tta-icon vc-oi vc-oi-article\"><\/i><span class=\"vc_tta-title-text\">Description<\/span><\/a><\/li><\/ul><\/div><div class=\"vc_tta-panels-container\"><div class=\"vc_tta-panels\"><div class=\"vc_tta-panel vc_active\" id=\"1656584484701-0e478312-357c\" data-vc-content=\".vc_tta-panel-body\"><div class=\"vc_tta-panel-heading\"><h4 class=\"vc_tta-panel-title\"><a href=\"#1656584484701-0e478312-357c\" data-vc-accordion data-vc-container=\".vc_tta-container\"><i class=\"vc_tta-icon vc-oi vc-oi-article\"><\/i><span class=\"vc_tta-title-text\">Description<\/span><\/a><\/h4><\/div><div class=\"vc_tta-panel-body\">\n\t<div class=\"wpb_text_column wpb_content_element\" >\n\t\t<div class=\"wpb_wrapper\">\n\t\t\t<p><strong>Mira do \u00d3 Ali\u00e1s Red<\/strong><\/p>\n<p><strong>Grape varieties: <\/strong>Baga.<br \/>\n<strong>Vinification:<\/strong> Hand-harvested, fermented in a wine press with 10% stems, and finished in barrels without the addition of yeast.<br \/>\n<strong>Aging: <\/strong>Aged for 12 months on fine lees in the barrels in which it fermented.<br \/>\n<strong>Colour: <\/strong>Ruby.<strong><br \/>\n<\/strong><strong>Aroma: <\/strong>The variety\u2019s iodine-like minerality, along with notes of cherry and a subtle vegetal freshness.<br \/>\n<strong>Flavour: <\/strong>On the palate, it offers a unique freshness, with tannins that are present yet very silky, notes of fruit, flowers and herbs, spices, and an Atlantic acidity that carries the wine through to a very long finish.<\/p>\n<hr style=\"border: #b0976d 1px dotted;\" \/>\n<p><strong>Serve:<\/strong> 16-18\u2070<br \/>\n<strong>Consumption: <\/strong>Immediate or storge (great potential).<\/p>\n<hr style=\"border: #b0976d 1px dotted;\" \/>\n<p><strong>Harmonisation: <\/strong>Roast meats, Bairrada suckling pig.<\/p>\n<hr style=\"border: #b0976d 1px dotted;\" \/>\n<p><strong>Producer: <\/strong><a href=\"https:\/\/www.tourinto.pt\/en\/produtores-portugal\/mira-do-o\/\">Mira do \u00d3<\/a> &#8211; V PURO<\/p>\n<p><strong>Enology: <\/strong>Nuno Mira do \u00d3<\/p>\n<p><strong>Category:<\/strong> Portuguese Wines \u2013 <a href=\"https:\/\/www.tourinto.pt\/en\/produtores-portugal\/vinhos-da-bairrada\/\">Bairrada<\/a><\/p>\n<p><strong>Awards and Notes:<\/strong><\/p>\n<ul>\n<li><strong>Grandes Escolhas &#8211; <\/strong>17,5\/20 (2022)<\/li>\n<\/ul>\n<p><a href=\"https:\/\/miradoovinhos.com\/pt\/\"><span style=\"color: #ffffff;\">Mira do \u00d3<\/span><\/a><\/p>\n\n\t\t<\/div>\n\t<\/div>\n<\/div><\/div><\/div><\/div><\/div><\/div><\/div><\/div><\/div><\/div><div class=\"vc_row-full-width vc_clearfix\"><\/div><div data-vc-full-width=\"true\" data-vc-full-width-init=\"false\" data-vc-stretch-content=\"true\" class=\"vc_row wpb_row vc_row-fluid vc_row-no-padding\"><div class=\"wpb_column vc_column_container vc_col-sm-12\"><div class=\"vc_column-inner\"><div class=\"wpb_wrapper\">\n<div class=\"vc_grid-container-wrapper vc_clearfix vc_grid-animation-fadeIn\">\n\t<div class=\"vc_grid-container vc_clearfix wpb_content_element vc_media_grid\" data-initial-loading-animation=\"fadeIn\" data-vc-grid-settings=\"{&quot;page_id&quot;:17182,&quot;style&quot;:&quot;all&quot;,&quot;action&quot;:&quot;vc_get_vc_grid_data&quot;,&quot;shortcode_id&quot;:&quot;1778681493337-5eb7354c-73f2-6&quot;,&quot;tag&quot;:&quot;vc_media_grid&quot;}\" data-vc-request=\"https:\/\/www.tourinto.pt\/wp-admin\/admin-ajax.php\" data-vc-post-id=\"17182\" data-vc-public-nonce=\"2fb138026a\">\n\t\t\n\t<\/div>\n<\/div><\/div><\/div><\/div><\/div><div class=\"vc_row-full-width vc_clearfix\"><\/div>\n<\/div>","protected":false},"excerpt":{"rendered":"<p>Mira do \u00d3 Ali\u00e1s Tinto nasceu de\u00a0videiras centen\u00e1rias da casta Baga, as quais encontramos nas vinhas velhas da Bairrada, constituindo uma produ\u00e7\u00e3o de parcela espec\u00edfica e limitada da\u00a0vinha do Vale de Cadoi\u00e7os. Um vinho de frescura impar, de cor aberta, com notas de fruta vermelha e com um mineralidade iodada, para al\u00e9m de final longo.<\/p>\n<p>Saiba mais sobre <a href=\"https:\/\/www.tourinto.pt\/produtores-portugal\/mira-do-o\/\">Mira do \u00d3.<\/a><\/p>\n[contact-form-7 id=\"4433d5d\" title=\"nota Uni\u00e3o Europeia\"]\n","protected":false},"featured_media":17184,"comment_status":"closed","ping_status":"closed","template":"","meta":{"_acf_changed":false,"_joinchat":[],"jetpack_publicize_message":"","jetpack_publicize_feature_enabled":true,"jetpack_social_post_already_shared":true,"jetpack_social_options":{"image_generator_settings":{"template":"highway","default_image_id":0,"font":"","enabled":false},"version":2}},"product_brand":[],"product_cat":[1475,1471,17,1061,94,424,392,100,81,44],"product_tag":[372,294,96,95],"class_list":{"0":"post-17182","1":"product","2":"type-product","3":"status-publish","4":"has-post-thumbnail","6":"product_cat-mira-do-o","7":"product_cat-produtores-pequenos","8":"product_cat-vinho-tinto","9":"product_cat-baga","10":"product_cat-bairrada","11":"product_cat-vinhos-portugal","12":"product_cat-pequenos-produtores","13":"product_cat-tipologia","14":"product_cat-regiao","15":"product_cat-produtores","16":"product_tag-vinho-tinto","17":"product_tag-minima-intervencao","18":"product_tag-baga","19":"product_tag-bairrada","20":"pa_ano-336","21":"pa_castas-baga","22":"pa_categoria-vinhos-portugueses","23":"pa_enologia-nuno-mira-do-o","24":"pa_harmonizacao-carnes-gordas","25":"pa_harmonizacao-assados-de-carne","26":"pa_leveduras-indigenas","27":"pa_produtor-mira-do-o","28":"pa_regiao-bairrada","29":"pa_tipologia-vinho-tinto","30":"pa_vinificacao-minima-intervencao","31":"pa_viticultura-sustentavel","33":"first","34":"instock","35":"taxable","36":"shipping-taxable","37":"purchasable","38":"product-type-simple"},"acf":[],"yoast_head":"<!-- This site is optimized with the Yoast SEO Premium plugin v27.6 (Yoast SEO v27.6) - https:\/\/yoast.com\/product\/yoast-seo-premium-wordpress\/ -->\n<title>Mira do \u00d3 Ali\u00e1s Tinto - Tourinto Premium Wines<\/title>\n<meta name=\"description\" content=\"Mira do \u00d3 Ali\u00e1s Tinto nasceu de\u00a0videiras centen\u00e1rias da casta Baga, uma produ\u00e7\u00e3o de parcela espec\u00edfica e limitada da\u00a0vinha do Vale de Cadoi\u00e7os.\" \/>\n<meta name=\"robots\" content=\"index, follow, max-snippet:-1, max-image-preview:large, max-video-preview:-1\" \/>\n<link rel=\"canonical\" href=\"https:\/\/www.tourinto.pt\/en\/product\/vinhas-improvaveis-reserva-2023-magnum\/\" \/>\n<meta property=\"og:locale\" content=\"en_GB\" \/>\n<meta property=\"og:type\" content=\"article\" \/>\n<meta property=\"og:title\" content=\"Mira do \u00d3 Ali\u00e1s Tinto\" \/>\n<meta property=\"og:description\" content=\"Mira do \u00d3 Ali\u00e1s Tinto nasceu de\u00a0videiras centen\u00e1rias da casta Baga, uma produ\u00e7\u00e3o de parcela espec\u00edfica e limitada da\u00a0vinha do Vale de Cadoi\u00e7os.\" \/>\n<meta property=\"og:url\" content=\"https:\/\/www.tourinto.pt\/en\/product\/vinhas-improvaveis-reserva-2023-magnum\/\" \/>\n<meta property=\"og:site_name\" content=\"Tourinto Premium Wines\" \/>\n<meta property=\"article:publisher\" content=\"https:\/\/www.facebook.com\/garrafeiratourinto\" \/>\n<meta property=\"article:modified_time\" content=\"2026-05-13T17:43:10+00:00\" \/>\n<meta property=\"og:image\" content=\"https:\/\/www.tourinto.pt\/wp-content\/uploads\/2026\/05\/Mira-do-O-Alias-Tinto.webp\" \/>\n\t<meta property=\"og:image:width\" content=\"881\" \/>\n\t<meta property=\"og:image:height\" content=\"1400\" \/>\n\t<meta property=\"og:image:type\" content=\"image\/webp\" \/>\n<meta name=\"twitter:card\" content=\"summary_large_image\" \/>\n<meta name=\"twitter:label1\" content=\"Price\" \/>\n\t<meta name=\"twitter:data1\" content=\"27,70&nbsp;&euro;\" \/>\n\t<meta name=\"twitter:label2\" content=\"Availability\" \/>\n\t<meta name=\"twitter:data2\" content=\"In stock\" \/>\n<script type=\"application\/ld+json\" class=\"yoast-schema-graph\">{\"@context\":\"https:\\\/\\\/schema.org\",\"@graph\":[{\"@type\":\"WebPage\",\"@id\":\"https:\\\/\\\/www.tourinto.pt\\\/product\\\/mira-do-o-alias-tinto\\\/\",\"url\":\"https:\\\/\\\/www.tourinto.pt\\\/product\\\/vinhas-improvaveis-reserva-2023-magnum\\\/\",\"name\":\"Mira do \u00d3 Ali\u00e1s Tinto - Tourinto Premium Wines\",\"isPartOf\":{\"@id\":\"https:\\\/\\\/www.tourinto.pt\\\/#website\"},\"primaryImageOfPage\":{\"@id\":\"https:\\\/\\\/www.tourinto.pt\\\/product\\\/vinhas-improvaveis-reserva-2023-magnum\\\/#primaryimage\"},\"image\":{\"@id\":\"https:\\\/\\\/www.tourinto.pt\\\/product\\\/vinhas-improvaveis-reserva-2023-magnum\\\/#primaryimage\"},\"thumbnailUrl\":\"https:\\\/\\\/i0.wp.com\\\/www.tourinto.pt\\\/wp-content\\\/uploads\\\/2026\\\/05\\\/Mira-do-O-Alias-Tinto.webp?fit=881%2C1400&ssl=1\",\"datePublished\":\"2026-05-13T14:11:10+00:00\",\"dateModified\":\"2026-05-13T17:43:10+00:00\",\"description\":\"Mira do \u00d3 Ali\u00e1s Tinto nasceu de\u00a0videiras centen\u00e1rias da casta Baga, uma produ\u00e7\u00e3o de parcela espec\u00edfica e limitada da\u00a0vinha do Vale de Cadoi\u00e7os.\",\"breadcrumb\":{\"@id\":\"https:\\\/\\\/www.tourinto.pt\\\/product\\\/vinhas-improvaveis-reserva-2023-magnum\\\/#breadcrumb\"},\"inLanguage\":\"en-GB\",\"potentialAction\":[{\"@type\":\"ReadAction\",\"target\":[\"https:\\\/\\\/www.tourinto.pt\\\/product\\\/vinhas-improvaveis-reserva-2023-magnum\\\/\"]}]},{\"@type\":\"ImageObject\",\"inLanguage\":\"en-GB\",\"@id\":\"https:\\\/\\\/www.tourinto.pt\\\/product\\\/vinhas-improvaveis-reserva-2023-magnum\\\/#primaryimage\",\"url\":\"https:\\\/\\\/i0.wp.com\\\/www.tourinto.pt\\\/wp-content\\\/uploads\\\/2026\\\/05\\\/Mira-do-O-Alias-Tinto.webp?fit=881%2C1400&ssl=1\",\"contentUrl\":\"https:\\\/\\\/i0.wp.com\\\/www.tourinto.pt\\\/wp-content\\\/uploads\\\/2026\\\/05\\\/Mira-do-O-Alias-Tinto.webp?fit=881%2C1400&ssl=1\",\"width\":881,\"height\":1400,\"caption\":\"Mira do \u00d3 Ali\u00e1s Tinto\"},{\"@type\":\"BreadcrumbList\",\"@id\":\"https:\\\/\\\/www.tourinto.pt\\\/product\\\/vinhas-improvaveis-reserva-2023-magnum\\\/#breadcrumb\",\"itemListElement\":[{\"@type\":\"ListItem\",\"position\":1,\"name\":\"In\u00edcio\",\"item\":\"https:\\\/\\\/www.tourinto.pt\\\/\"},{\"@type\":\"ListItem\",\"position\":2,\"name\":\"Garrafeira on-line\",\"item\":\"https:\\\/\\\/www.tourinto.pt\\\/garrafeira-on-line\\\/\"},{\"@type\":\"ListItem\",\"position\":3,\"name\":\"Mira do \u00d3 Ali\u00e1s Tinto\"}]},{\"@type\":\"WebSite\",\"@id\":\"https:\\\/\\\/www.tourinto.pt\\\/#website\",\"url\":\"https:\\\/\\\/www.tourinto.pt\\\/\",\"name\":\"Tourinto Premium Wines\",\"description\":\"Garrafeira on-line\",\"publisher\":{\"@id\":\"https:\\\/\\\/www.tourinto.pt\\\/#organization\"},\"alternateName\":\"Garrafeira on-line\",\"potentialAction\":[{\"@type\":\"SearchAction\",\"target\":{\"@type\":\"EntryPoint\",\"urlTemplate\":\"https:\\\/\\\/www.tourinto.pt\\\/?s={search_term_string}\"},\"query-input\":{\"@type\":\"PropertyValueSpecification\",\"valueRequired\":true,\"valueName\":\"search_term_string\"}}],\"inLanguage\":\"en-GB\"},{\"@type\":[\"Organization\",\"Place\"],\"@id\":\"https:\\\/\\\/www.tourinto.pt\\\/#organization\",\"name\":\"Tourinto\",\"alternateName\":\"Garrafeira Tourinto, Lda.\",\"url\":\"https:\\\/\\\/www.tourinto.pt\\\/\",\"logo\":{\"@id\":\"https:\\\/\\\/www.tourinto.pt\\\/product\\\/vinhas-improvaveis-reserva-2023-magnum\\\/#local-main-organization-logo\"},\"image\":{\"@id\":\"https:\\\/\\\/www.tourinto.pt\\\/product\\\/vinhas-improvaveis-reserva-2023-magnum\\\/#local-main-organization-logo\"},\"sameAs\":[\"https:\\\/\\\/www.facebook.com\\\/garrafeiratourinto\",\"https:\\\/\\\/www.instagram.com\\\/garrafeiratourinto\\\/\"],\"telephone\":[],\"openingHoursSpecification\":[{\"@type\":\"OpeningHoursSpecification\",\"dayOfWeek\":[\"Monday\",\"Tuesday\",\"Wednesday\",\"Thursday\",\"Friday\",\"Saturday\",\"Sunday\"],\"opens\":\"09:00\",\"closes\":\"17:00\"}]},{\"@type\":\"ImageObject\",\"inLanguage\":\"en-GB\",\"@id\":\"https:\\\/\\\/www.tourinto.pt\\\/product\\\/vinhas-improvaveis-reserva-2023-magnum\\\/#local-main-organization-logo\",\"url\":\"https:\\\/\\\/i0.wp.com\\\/www.tourinto.pt\\\/wp-content\\\/uploads\\\/2022\\\/07\\\/tourinto-logo-big.png?fit=1400%2C505&ssl=1\",\"contentUrl\":\"https:\\\/\\\/i0.wp.com\\\/www.tourinto.pt\\\/wp-content\\\/uploads\\\/2022\\\/07\\\/tourinto-logo-big.png?fit=1400%2C505&ssl=1\",\"width\":1400,\"height\":505,\"caption\":\"Tourinto\"}]}<\/script>\n<meta property=\"product:price:amount\" content=\"27.70\" \/>\n<meta property=\"product:price:currency\" content=\"EUR\" \/>\n<meta property=\"og:availability\" content=\"instock\" \/>\n<meta property=\"product:availability\" content=\"instock\" \/>\n<meta property=\"product:retailer_item_id\" content=\"155.02.2022\" \/>\n<meta property=\"product:condition\" content=\"new\" \/>\n<!-- \/ Yoast SEO Premium plugin. -->","yoast_head_json":{"title":"Mira do \u00d3 Ali\u00e1s Tinto - Tourinto Premium Wines","description":"Mira do \u00d3 Ali\u00e1s Tinto nasceu de\u00a0videiras centen\u00e1rias da casta Baga, uma produ\u00e7\u00e3o de parcela espec\u00edfica e limitada da\u00a0vinha do Vale de Cadoi\u00e7os.","robots":{"index":"index","follow":"follow","max-snippet":"max-snippet:-1","max-image-preview":"max-image-preview:large","max-video-preview":"max-video-preview:-1"},"canonical":"https:\/\/www.tourinto.pt\/en\/product\/vinhas-improvaveis-reserva-2023-magnum\/","og_locale":"en_GB","og_type":"article","og_title":"Mira do \u00d3 Ali\u00e1s Tinto","og_description":"Mira do \u00d3 Ali\u00e1s Tinto nasceu de\u00a0videiras centen\u00e1rias da casta Baga, uma produ\u00e7\u00e3o de parcela espec\u00edfica e limitada da\u00a0vinha do Vale de Cadoi\u00e7os.","og_url":"https:\/\/www.tourinto.pt\/en\/product\/vinhas-improvaveis-reserva-2023-magnum\/","og_site_name":"Tourinto Premium Wines","article_publisher":"https:\/\/www.facebook.com\/garrafeiratourinto","article_modified_time":"2026-05-13T17:43:10+00:00","og_image":[{"width":881,"height":1400,"url":"https:\/\/www.tourinto.pt\/wp-content\/uploads\/2026\/05\/Mira-do-O-Alias-Tinto.webp","type":"image\/webp"}],"twitter_card":"summary_large_image","twitter_misc":{"Price":"27,70&nbsp;&euro;","Availability":"In stock"},"schema":{"@context":"https:\/\/schema.org","@graph":[{"@type":"WebPage","@id":"https:\/\/www.tourinto.pt\/product\/mira-do-o-alias-tinto\/","url":"https:\/\/www.tourinto.pt\/product\/vinhas-improvaveis-reserva-2023-magnum\/","name":"Mira do \u00d3 Ali\u00e1s Tinto - Tourinto Premium Wines","isPartOf":{"@id":"https:\/\/www.tourinto.pt\/#website"},"primaryImageOfPage":{"@id":"https:\/\/www.tourinto.pt\/product\/vinhas-improvaveis-reserva-2023-magnum\/#primaryimage"},"image":{"@id":"https:\/\/www.tourinto.pt\/product\/vinhas-improvaveis-reserva-2023-magnum\/#primaryimage"},"thumbnailUrl":"https:\/\/i0.wp.com\/www.tourinto.pt\/wp-content\/uploads\/2026\/05\/Mira-do-O-Alias-Tinto.webp?fit=881%2C1400&ssl=1","datePublished":"2026-05-13T14:11:10+00:00","dateModified":"2026-05-13T17:43:10+00:00","description":"Mira do \u00d3 Ali\u00e1s Tinto nasceu de\u00a0videiras centen\u00e1rias da casta Baga, uma produ\u00e7\u00e3o de parcela espec\u00edfica e limitada da\u00a0vinha do Vale de Cadoi\u00e7os.","breadcrumb":{"@id":"https:\/\/www.tourinto.pt\/product\/vinhas-improvaveis-reserva-2023-magnum\/#breadcrumb"},"inLanguage":"en-GB","potentialAction":[{"@type":"ReadAction","target":["https:\/\/www.tourinto.pt\/product\/vinhas-improvaveis-reserva-2023-magnum\/"]}]},{"@type":"ImageObject","inLanguage":"en-GB","@id":"https:\/\/www.tourinto.pt\/product\/vinhas-improvaveis-reserva-2023-magnum\/#primaryimage","url":"https:\/\/i0.wp.com\/www.tourinto.pt\/wp-content\/uploads\/2026\/05\/Mira-do-O-Alias-Tinto.webp?fit=881%2C1400&ssl=1","contentUrl":"https:\/\/i0.wp.com\/www.tourinto.pt\/wp-content\/uploads\/2026\/05\/Mira-do-O-Alias-Tinto.webp?fit=881%2C1400&ssl=1","width":881,"height":1400,"caption":"Mira do \u00d3 Ali\u00e1s Tinto"},{"@type":"BreadcrumbList","@id":"https:\/\/www.tourinto.pt\/product\/vinhas-improvaveis-reserva-2023-magnum\/#breadcrumb","itemListElement":[{"@type":"ListItem","position":1,"name":"In\u00edcio","item":"https:\/\/www.tourinto.pt\/"},{"@type":"ListItem","position":2,"name":"Garrafeira on-line","item":"https:\/\/www.tourinto.pt\/garrafeira-on-line\/"},{"@type":"ListItem","position":3,"name":"Mira do \u00d3 Ali\u00e1s Tinto"}]},{"@type":"WebSite","@id":"https:\/\/www.tourinto.pt\/#website","url":"https:\/\/www.tourinto.pt\/","name":"Tourinto Premium Wines","description":"Wine Shop online","publisher":{"@id":"https:\/\/www.tourinto.pt\/#organization"},"alternateName":"Garrafeira on-line","potentialAction":[{"@type":"SearchAction","target":{"@type":"EntryPoint","urlTemplate":"https:\/\/www.tourinto.pt\/?s={search_term_string}"},"query-input":{"@type":"PropertyValueSpecification","valueRequired":true,"valueName":"search_term_string"}}],"inLanguage":"en-GB"},{"@type":["Organization","Place"],"@id":"https:\/\/www.tourinto.pt\/#organization","name":"Tourinto","alternateName":"Garrafeira Tourinto, Lda.","url":"https:\/\/www.tourinto.pt\/","logo":{"@id":"https:\/\/www.tourinto.pt\/product\/vinhas-improvaveis-reserva-2023-magnum\/#local-main-organization-logo"},"image":{"@id":"https:\/\/www.tourinto.pt\/product\/vinhas-improvaveis-reserva-2023-magnum\/#local-main-organization-logo"},"sameAs":["https:\/\/www.facebook.com\/garrafeiratourinto","https:\/\/www.instagram.com\/garrafeiratourinto\/"],"telephone":[],"openingHoursSpecification":[{"@type":"OpeningHoursSpecification","dayOfWeek":["Monday","Tuesday","Wednesday","Thursday","Friday","Saturday","Sunday"],"opens":"09:00","closes":"17:00"}]},{"@type":"ImageObject","inLanguage":"en-GB","@id":"https:\/\/www.tourinto.pt\/product\/vinhas-improvaveis-reserva-2023-magnum\/#local-main-organization-logo","url":"https:\/\/i0.wp.com\/www.tourinto.pt\/wp-content\/uploads\/2022\/07\/tourinto-logo-big.png?fit=1400%2C505&ssl=1","contentUrl":"https:\/\/i0.wp.com\/www.tourinto.pt\/wp-content\/uploads\/2022\/07\/tourinto-logo-big.png?fit=1400%2C505&ssl=1","width":1400,"height":505,"caption":"Tourinto"}]},"product_price_amount":"27.70","product_price_currency":"EUR","og_availability":"instock","product_availability":"instock","product_retailer_item_id":"155.02.2022","product_condition":"new"},"jetpack_publicize_connections":[],"jetpack_sharing_enabled":true,"_links":{"self":[{"href":"https:\/\/www.tourinto.pt\/en\/wp-json\/wp\/v2\/product\/17182","targetHints":{"allow":["GET"]}}],"collection":[{"href":"https:\/\/www.tourinto.pt\/en\/wp-json\/wp\/v2\/product"}],"about":[{"href":"https:\/\/www.tourinto.pt\/en\/wp-json\/wp\/v2\/types\/product"}],"replies":[{"embeddable":true,"href":"https:\/\/www.tourinto.pt\/en\/wp-json\/wp\/v2\/comments?post=17182"}],"wp:featuredmedia":[{"embeddable":true,"href":"https:\/\/www.tourinto.pt\/en\/wp-json\/wp\/v2\/media\/17184"}],"wp:attachment":[{"href":"https:\/\/www.tourinto.pt\/en\/wp-json\/wp\/v2\/media?parent=17182"}],"wp:term":[{"taxonomy":"product_brand","embeddable":true,"href":"https:\/\/www.tourinto.pt\/en\/wp-json\/wp\/v2\/product_brand?post=17182"},{"taxonomy":"product_cat","embeddable":true,"href":"https:\/\/www.tourinto.pt\/en\/wp-json\/wp\/v2\/product_cat?post=17182"},{"taxonomy":"product_tag","embeddable":true,"href":"https:\/\/www.tourinto.pt\/en\/wp-json\/wp\/v2\/product_tag?post=17182"}],"curies":[{"name":"wp","href":"https:\/\/api.w.org\/{rel}","templated":true}]}}