{"id":17083,"date":"2026-03-11T22:49:44","date_gmt":"2026-03-11T22:49:44","guid":{"rendered":"https:\/\/www.tourinto.pt\/?post_type=product&#038;p=17083"},"modified":"2026-03-11T23:58:52","modified_gmt":"2026-03-11T23:58:52","slug":"chateau-mouton-rothschild-2023","status":"publish","type":"product","link":"https:\/\/www.tourinto.pt\/en\/product\/chateau-mouton-rothschild-2023\/","title":{"rendered":"Ch\u00e2teau Mouton Rothschild 2023"},"content":{"rendered":"<div class=\"wpb-content-wrapper\"><div data-vc-full-width=\"true\" data-vc-full-width-init=\"false\" class=\"vc_row wpb_row vc_row-fluid vc_custom_1656585076455 vc_row-has-fill\"><div class=\"wpb_column vc_column_container vc_col-sm-12\"><div class=\"vc_column-inner\"><div class=\"wpb_wrapper\"><div class=\"vc_tta-container\" data-vc-action=\"collapse\"><div class=\"vc_general vc_tta vc_tta-tabs vc_tta-color-black vc_tta-style-flat vc_tta-shape-square vc_tta-spacing-1 vc_tta-o-no-fill vc_tta-tabs-position-top vc_tta-controls-align-left\"><div class=\"vc_tta-tabs-container\"><ul class=\"vc_tta-tabs-list\" role=\"tablist\"><li class=\"vc_tta-tab vc_active\" data-vc-tab role=\"presentation\"><a href=\"#1656584484701-0e478312-357c\" data-vc-tabs data-vc-container=\".vc_tta\" role=\"tab\" aria-selected=\"false\" id=\"tab-1656584484701-0e478312-357c\"><i class=\"vc_tta-icon vc-oi vc-oi-article\"><\/i><span class=\"vc_tta-title-text\">Description<\/span><\/a><\/li><\/ul><\/div><div class=\"vc_tta-panels-container\"><div class=\"vc_tta-panels\"><div class=\"vc_tta-panel vc_active\" id=\"1656584484701-0e478312-357c\" data-vc-content=\".vc_tta-panel-body\"><div class=\"vc_tta-panel-heading\"><h4 class=\"vc_tta-panel-title\"><a href=\"#1656584484701-0e478312-357c\" data-vc-accordion data-vc-container=\".vc_tta-container\"><i class=\"vc_tta-icon vc-oi vc-oi-article\"><\/i><span class=\"vc_tta-title-text\">Description<\/span><\/a><\/h4><\/div><div class=\"vc_tta-panel-body\">\n\t<div class=\"wpb_text_column wpb_content_element\" >\n\t\t<div class=\"wpb_wrapper\">\n\t\t\t<p><strong>Ch\u00e2teau Mouton Rothschild 2023<\/strong><\/p>\n<p><strong>Grape varieties: <\/strong>Cabernet Sauvignon 93% and Merlot 7% .<br \/>\n<strong>Vinification:<\/strong> Rigorous selection of grapes, which are gently crushed and transferred by gravity to vats, where alcoholic fermentation takes place, allowing the extraction of colour, aromas and tannins from the skins, followed by malolactic fermentation.<br \/>\n<strong>Aging:<\/strong> 18 months in new oak barrels.<br \/>\n<strong>Colour: <\/strong>Deep garnet red with crimson highlights.<strong><br \/>\n<\/strong><strong>Aroma:<\/strong> Aromas of ripe blackberry, with hints of dark chocolate, pastry and toasted hazelnut.<br \/>\n<strong>Flavour:<\/strong> On the palate, it is full-bodied, elegant and precise, with integrated tannins and a long finish with notes of cocoa, smoke and graphite.<\/p>\n<hr style=\"border: #b0976d 1px dotted;\" \/>\n<p><strong>Serve:<\/strong> 16 to 18\u2070<br \/>\n<strong>Consumption: <\/strong>Storage.<\/p>\n<hr style=\"border: #b0976d 1px dotted;\" \/>\n<p><strong>Harmonisation:<\/strong> Red meat dishes, roast lamb and game.<\/p>\n<hr style=\"border: #b0976d 1px dotted;\" \/>\n<p><strong>Producer: <\/strong><a href=\"https:\/\/www.tourinto.pt\/en\/produtores\/franca\/chateau-mouton-rothschild\/\">Ch\u00e2teau Mouton Rothschild<\/a><\/p>\n<p><strong>Enology: <\/strong>Jean-Emmanuel Danjoy<\/p>\n<p><strong>Category:<\/strong> French Wines \u2013 Bordeaux<\/p>\n<p><strong>Awards and Notes:<\/strong><\/p>\n<ul>\n<li><strong data-start=\"293\" data-end=\"327\">Robert Parker &#8211;<\/strong>\u00a094\u201396\/100<\/li>\n<li><strong>James Suckling \u2013<\/strong> 98-99\/100<\/li>\n<li><strong>Jancis Robinson &#8211;<\/strong> 18\/20<\/li>\n<li><strong data-start=\"268\" data-end=\"281\">Decanter &#8211;<\/strong>\u00a098\/100<\/li>\n<li><strong data-start=\"342\" data-end=\"358\">Jeb Dunnuck &#8211;<\/strong>\u00a096\u201398\/100<\/li>\n<li><strong data-start=\"373\" data-end=\"394\">Jean-Marc Quarin &#8211;<\/strong>\u00a097\/100<\/li>\n<li><strong>Vinous &#8211;<\/strong> 96-99\/100<\/li>\n<\/ul>\n<p><strong><a href=\"https:\/\/www.chateau-mouton-rothschild.com\/\"><span style=\"color: #f1f1f1;\">Moutin Rothschild<\/span><\/a><\/strong><\/p>\n\n\t\t<\/div>\n\t<\/div>\n<\/div><\/div><\/div><\/div><\/div><\/div><\/div><\/div><\/div><\/div><div class=\"vc_row-full-width vc_clearfix\"><\/div><div data-vc-full-width=\"true\" data-vc-full-width-init=\"false\" data-vc-stretch-content=\"true\" class=\"vc_row wpb_row vc_row-fluid vc_row-no-padding\"><div class=\"wpb_column vc_column_container vc_col-sm-12\"><div class=\"vc_column-inner\"><div class=\"wpb_wrapper\">\n<div class=\"vc_grid-container-wrapper vc_clearfix vc_grid-animation-fadeIn\">\n\t<div class=\"vc_grid-container vc_clearfix wpb_content_element vc_media_grid\" data-initial-loading-animation=\"fadeIn\" data-vc-grid-settings=\"{&quot;page_id&quot;:17083,&quot;style&quot;:&quot;all&quot;,&quot;action&quot;:&quot;vc_get_vc_grid_data&quot;,&quot;shortcode_id&quot;:&quot;1773269417761-6d0c6f12-50e0-5&quot;,&quot;tag&quot;:&quot;vc_media_grid&quot;}\" data-vc-request=\"https:\/\/www.tourinto.pt\/wp-admin\/admin-ajax.php\" data-vc-post-id=\"17083\" data-vc-public-nonce=\"63abc035fc\">\n\t\t\n\t<\/div>\n<\/div><\/div><\/div><\/div><\/div><div class=\"vc_row-full-width vc_clearfix\"><\/div>\n<\/div>","protected":false},"excerpt":{"rendered":"<p>Ch\u00e2teau Mouton Rothschild\u00a0\u00e9 um dos mais prestigiados Premier Cru Class\u00e9 de Bordeaux. Mantendo a tradi\u00e7\u00e3o de convidar um artista para ilustrar o r\u00f3tulo anual, a colheita de 2023 contou com a artista pl\u00e1stica portuguesa Joana Vasconcelos. Com taninos poderosos, elegantes e bem integrados, apresenta notas de grafite, fumo, avel\u00e3 tostada e cacau, criando grande profundidade e um final longo e complexo.<\/p>\n<p class=\"ai-optimize-19\">Saiba mais sobre <a href=\"https:\/\/www.tourinto.pt\/produtores\/franca\/chateau-mouton-rothschild\/\">Ch\u00e2teau Mouton Rothschild<\/a>.<\/p>\n<p class=\"ai-optimize-20\">[contact-form-7 id=\"4433d5d\" title=\"nota Uni\u00e3o Europeia\"]<\/p>\n","protected":false},"featured_media":17086,"comment_status":"closed","ping_status":"closed","template":"","meta":{"_acf_changed":false,"_joinchat":[],"jetpack_publicize_message":"","jetpack_publicize_feature_enabled":true,"jetpack_social_post_already_shared":true,"jetpack_social_options":{"image_generator_settings":{"template":"highway","default_image_id":0,"font":"","enabled":false},"version":2}},"product_brand":[],"product_cat":[1460,1459,1458,391,1052,1354,1132,425,100,81,44],"product_tag":[1466,355,73],"class_list":{"0":"post-17083","1":"product","2":"type-product","3":"status-publish","4":"has-post-thumbnail","6":"product_cat-para-a-cave","7":"product_cat-chateau-mouton-rothschild","8":"product_cat-bordeus","9":"product_cat-destaques","10":"product_cat-blend-tintos","11":"product_cat-franceses-tintos","12":"product_cat-internacionais","13":"product_cat-vinhos-franceses","14":"product_cat-tipologia","15":"product_cat-regiao","16":"product_cat-produtores","17":"product_tag-bordeus","18":"product_tag-merlot","19":"product_tag-cabernet-sauvignon","20":"pa_ano-422","21":"pa_castas-cabernet-sauvignon","22":"pa_castas-merlot","23":"pa_categoria-vinhos-franceses","24":"pa_enologia-jean-emmanuel-danjoy","25":"pa_harmonizacao-assados-de-carne","26":"pa_harmonizacao-caca","27":"pa_harmonizacao-carnes-vermelhas","28":"pa_leveduras-selecionadas","29":"pa_produtor-chateau-mouton-rothschild","30":"pa_regiao-bordeus-pauillac","31":"pa_tipologia-vinho-tinto","32":"pa_vinificacao-tradicional","33":"pa_viticultura-sustentavel","34":"pa_volume-750ml","36":"first","37":"instock","38":"taxable","39":"shipping-taxable","40":"purchasable","41":"product-type-simple"},"acf":[],"yoast_head":"<!-- This site is optimized with the Yoast SEO Premium plugin v27.5 (Yoast SEO v27.5) - https:\/\/yoast.com\/product\/yoast-seo-premium-wordpress\/ -->\n<title>Ch\u00e2teau Mouton Rothschild 2023 - Tourinto Premium Wines<\/title>\n<meta name=\"description\" content=\"Ch\u00e2teau Mouton Rothschild\u00a0\u00e9 um prestigiado Premier Cru Class\u00e9 de Bordeaux. Mantendo a tradi\u00e7\u00e3o, a colheita de 2023 contou com a artista pl\u00e1stica portuguesa Joana Vasconcelos.\" \/>\n<meta name=\"robots\" content=\"index, follow, max-snippet:-1, max-image-preview:large, max-video-preview:-1\" \/>\n<link rel=\"canonical\" href=\"https:\/\/www.tourinto.pt\/en\/product\/quinta-da-gaivosa-tinto-2017\/\" \/>\n<meta property=\"og:locale\" content=\"en_GB\" \/>\n<meta property=\"og:type\" content=\"article\" \/>\n<meta property=\"og:title\" content=\"Ch\u00e2teau Mouton Rothschild 2023\" \/>\n<meta property=\"og:description\" content=\"Ch\u00e2teau Mouton Rothschild\u00a0\u00e9 um prestigiado Premier Cru Class\u00e9 de Bordeaux. Mantendo a tradi\u00e7\u00e3o, a colheita de 2023 contou com a artista pl\u00e1stica portuguesa Joana Vasconcelos.\" \/>\n<meta property=\"og:url\" content=\"https:\/\/www.tourinto.pt\/en\/product\/quinta-da-gaivosa-tinto-2017\/\" \/>\n<meta property=\"og:site_name\" content=\"Tourinto Premium Wines\" \/>\n<meta property=\"article:publisher\" content=\"https:\/\/www.facebook.com\/garrafeiratourinto\" \/>\n<meta property=\"article:modified_time\" content=\"2026-03-11T23:58:52+00:00\" \/>\n<meta property=\"og:image\" content=\"https:\/\/www.tourinto.pt\/wp-content\/uploads\/2026\/03\/Chateau-Monton-Rothschild-2023.webp\" \/>\n\t<meta property=\"og:image:width\" content=\"881\" \/>\n\t<meta property=\"og:image:height\" content=\"1400\" \/>\n\t<meta property=\"og:image:type\" content=\"image\/webp\" \/>\n<meta name=\"twitter:card\" content=\"summary_large_image\" \/>\n<meta name=\"twitter:label1\" content=\"Price\" \/>\n\t<meta name=\"twitter:data1\" content=\"595,00&nbsp;&euro;\" \/>\n\t<meta name=\"twitter:label2\" content=\"Availability\" \/>\n\t<meta name=\"twitter:data2\" content=\"In stock\" \/>\n<script type=\"application\/ld+json\" class=\"yoast-schema-graph\">{\"@context\":\"https:\\\/\\\/schema.org\",\"@graph\":[{\"@type\":\"WebPage\",\"@id\":\"https:\\\/\\\/www.tourinto.pt\\\/product\\\/chateau-mouton-rothschild-2023\\\/\",\"url\":\"https:\\\/\\\/www.tourinto.pt\\\/product\\\/quinta-da-gaivosa-tinto-2017\\\/\",\"name\":\"Ch\u00e2teau Mouton Rothschild 2023 - Tourinto Premium Wines\",\"isPartOf\":{\"@id\":\"https:\\\/\\\/www.tourinto.pt\\\/#website\"},\"primaryImageOfPage\":{\"@id\":\"https:\\\/\\\/www.tourinto.pt\\\/product\\\/quinta-da-gaivosa-tinto-2017\\\/#primaryimage\"},\"image\":{\"@id\":\"https:\\\/\\\/www.tourinto.pt\\\/product\\\/quinta-da-gaivosa-tinto-2017\\\/#primaryimage\"},\"thumbnailUrl\":\"https:\\\/\\\/i0.wp.com\\\/www.tourinto.pt\\\/wp-content\\\/uploads\\\/2026\\\/03\\\/Chateau-Monton-Rothschild-2023.webp?fit=881%2C1400&ssl=1\",\"datePublished\":\"2026-03-11T22:49:44+00:00\",\"dateModified\":\"2026-03-11T23:58:52+00:00\",\"description\":\"Ch\u00e2teau Mouton Rothschild\u00a0\u00e9 um prestigiado Premier Cru Class\u00e9 de Bordeaux. Mantendo a tradi\u00e7\u00e3o, a colheita de 2023 contou com a artista pl\u00e1stica portuguesa Joana Vasconcelos.\",\"breadcrumb\":{\"@id\":\"https:\\\/\\\/www.tourinto.pt\\\/product\\\/quinta-da-gaivosa-tinto-2017\\\/#breadcrumb\"},\"inLanguage\":\"en-GB\",\"potentialAction\":[{\"@type\":\"ReadAction\",\"target\":[\"https:\\\/\\\/www.tourinto.pt\\\/product\\\/quinta-da-gaivosa-tinto-2017\\\/\"]}]},{\"@type\":\"ImageObject\",\"inLanguage\":\"en-GB\",\"@id\":\"https:\\\/\\\/www.tourinto.pt\\\/product\\\/quinta-da-gaivosa-tinto-2017\\\/#primaryimage\",\"url\":\"https:\\\/\\\/i0.wp.com\\\/www.tourinto.pt\\\/wp-content\\\/uploads\\\/2026\\\/03\\\/Chateau-Monton-Rothschild-2023.webp?fit=881%2C1400&ssl=1\",\"contentUrl\":\"https:\\\/\\\/i0.wp.com\\\/www.tourinto.pt\\\/wp-content\\\/uploads\\\/2026\\\/03\\\/Chateau-Monton-Rothschild-2023.webp?fit=881%2C1400&ssl=1\",\"width\":881,\"height\":1400,\"caption\":\"Chateau Monton Rothschild\"},{\"@type\":\"BreadcrumbList\",\"@id\":\"https:\\\/\\\/www.tourinto.pt\\\/product\\\/quinta-da-gaivosa-tinto-2017\\\/#breadcrumb\",\"itemListElement\":[{\"@type\":\"ListItem\",\"position\":1,\"name\":\"In\u00edcio\",\"item\":\"https:\\\/\\\/www.tourinto.pt\\\/\"},{\"@type\":\"ListItem\",\"position\":2,\"name\":\"Garrafeira on-line\",\"item\":\"https:\\\/\\\/www.tourinto.pt\\\/garrafeira-on-line\\\/\"},{\"@type\":\"ListItem\",\"position\":3,\"name\":\"Ch\u00e2teau Mouton Rothschild 2023\"}]},{\"@type\":\"WebSite\",\"@id\":\"https:\\\/\\\/www.tourinto.pt\\\/#website\",\"url\":\"https:\\\/\\\/www.tourinto.pt\\\/\",\"name\":\"Tourinto Premium Wines\",\"description\":\"Garrafeira on-line\",\"publisher\":{\"@id\":\"https:\\\/\\\/www.tourinto.pt\\\/#organization\"},\"alternateName\":\"Garrafeira on-line\",\"potentialAction\":[{\"@type\":\"SearchAction\",\"target\":{\"@type\":\"EntryPoint\",\"urlTemplate\":\"https:\\\/\\\/www.tourinto.pt\\\/?s={search_term_string}\"},\"query-input\":{\"@type\":\"PropertyValueSpecification\",\"valueRequired\":true,\"valueName\":\"search_term_string\"}}],\"inLanguage\":\"en-GB\"},{\"@type\":[\"Organization\",\"Place\"],\"@id\":\"https:\\\/\\\/www.tourinto.pt\\\/#organization\",\"name\":\"Tourinto\",\"alternateName\":\"Garrafeira Tourinto, Lda.\",\"url\":\"https:\\\/\\\/www.tourinto.pt\\\/\",\"logo\":{\"@id\":\"https:\\\/\\\/www.tourinto.pt\\\/product\\\/quinta-da-gaivosa-tinto-2017\\\/#local-main-organization-logo\"},\"image\":{\"@id\":\"https:\\\/\\\/www.tourinto.pt\\\/product\\\/quinta-da-gaivosa-tinto-2017\\\/#local-main-organization-logo\"},\"sameAs\":[\"https:\\\/\\\/www.facebook.com\\\/garrafeiratourinto\",\"https:\\\/\\\/www.instagram.com\\\/garrafeiratourinto\\\/\"],\"telephone\":[],\"openingHoursSpecification\":[{\"@type\":\"OpeningHoursSpecification\",\"dayOfWeek\":[\"Monday\",\"Tuesday\",\"Wednesday\",\"Thursday\",\"Friday\",\"Saturday\",\"Sunday\"],\"opens\":\"09:00\",\"closes\":\"17:00\"}]},{\"@type\":\"ImageObject\",\"inLanguage\":\"en-GB\",\"@id\":\"https:\\\/\\\/www.tourinto.pt\\\/product\\\/quinta-da-gaivosa-tinto-2017\\\/#local-main-organization-logo\",\"url\":\"https:\\\/\\\/i0.wp.com\\\/www.tourinto.pt\\\/wp-content\\\/uploads\\\/2022\\\/07\\\/tourinto-logo-big.png?fit=1400%2C505&ssl=1\",\"contentUrl\":\"https:\\\/\\\/i0.wp.com\\\/www.tourinto.pt\\\/wp-content\\\/uploads\\\/2022\\\/07\\\/tourinto-logo-big.png?fit=1400%2C505&ssl=1\",\"width\":1400,\"height\":505,\"caption\":\"Tourinto\"}]}<\/script>\n<meta property=\"product:price:amount\" content=\"595.00\" \/>\n<meta property=\"product:price:currency\" content=\"EUR\" \/>\n<meta property=\"og:availability\" content=\"instock\" \/>\n<meta property=\"product:availability\" content=\"instock\" \/>\n<meta property=\"product:retailer_item_id\" content=\"137.01.2023\" \/>\n<meta property=\"product:condition\" content=\"new\" \/>\n<!-- \/ Yoast SEO Premium plugin. -->","yoast_head_json":{"title":"Ch\u00e2teau Mouton Rothschild 2023 - Tourinto Premium Wines","description":"Ch\u00e2teau Mouton Rothschild\u00a0\u00e9 um prestigiado Premier Cru Class\u00e9 de Bordeaux. Mantendo a tradi\u00e7\u00e3o, a colheita de 2023 contou com a artista pl\u00e1stica portuguesa Joana Vasconcelos.","robots":{"index":"index","follow":"follow","max-snippet":"max-snippet:-1","max-image-preview":"max-image-preview:large","max-video-preview":"max-video-preview:-1"},"canonical":"https:\/\/www.tourinto.pt\/en\/product\/quinta-da-gaivosa-tinto-2017\/","og_locale":"en_GB","og_type":"article","og_title":"Ch\u00e2teau Mouton Rothschild 2023","og_description":"Ch\u00e2teau Mouton Rothschild\u00a0\u00e9 um prestigiado Premier Cru Class\u00e9 de Bordeaux. Mantendo a tradi\u00e7\u00e3o, a colheita de 2023 contou com a artista pl\u00e1stica portuguesa Joana Vasconcelos.","og_url":"https:\/\/www.tourinto.pt\/en\/product\/quinta-da-gaivosa-tinto-2017\/","og_site_name":"Tourinto Premium Wines","article_publisher":"https:\/\/www.facebook.com\/garrafeiratourinto","article_modified_time":"2026-03-11T23:58:52+00:00","og_image":[{"width":881,"height":1400,"url":"https:\/\/www.tourinto.pt\/wp-content\/uploads\/2026\/03\/Chateau-Monton-Rothschild-2023.webp","type":"image\/webp"}],"twitter_card":"summary_large_image","twitter_misc":{"Price":"595,00&nbsp;&euro;","Availability":"In stock"},"schema":{"@context":"https:\/\/schema.org","@graph":[{"@type":"WebPage","@id":"https:\/\/www.tourinto.pt\/product\/chateau-mouton-rothschild-2023\/","url":"https:\/\/www.tourinto.pt\/product\/quinta-da-gaivosa-tinto-2017\/","name":"Ch\u00e2teau Mouton Rothschild 2023 - Tourinto Premium Wines","isPartOf":{"@id":"https:\/\/www.tourinto.pt\/#website"},"primaryImageOfPage":{"@id":"https:\/\/www.tourinto.pt\/product\/quinta-da-gaivosa-tinto-2017\/#primaryimage"},"image":{"@id":"https:\/\/www.tourinto.pt\/product\/quinta-da-gaivosa-tinto-2017\/#primaryimage"},"thumbnailUrl":"https:\/\/i0.wp.com\/www.tourinto.pt\/wp-content\/uploads\/2026\/03\/Chateau-Monton-Rothschild-2023.webp?fit=881%2C1400&ssl=1","datePublished":"2026-03-11T22:49:44+00:00","dateModified":"2026-03-11T23:58:52+00:00","description":"Ch\u00e2teau Mouton Rothschild\u00a0\u00e9 um prestigiado Premier Cru Class\u00e9 de Bordeaux. Mantendo a tradi\u00e7\u00e3o, a colheita de 2023 contou com a artista pl\u00e1stica portuguesa Joana Vasconcelos.","breadcrumb":{"@id":"https:\/\/www.tourinto.pt\/product\/quinta-da-gaivosa-tinto-2017\/#breadcrumb"},"inLanguage":"en-GB","potentialAction":[{"@type":"ReadAction","target":["https:\/\/www.tourinto.pt\/product\/quinta-da-gaivosa-tinto-2017\/"]}]},{"@type":"ImageObject","inLanguage":"en-GB","@id":"https:\/\/www.tourinto.pt\/product\/quinta-da-gaivosa-tinto-2017\/#primaryimage","url":"https:\/\/i0.wp.com\/www.tourinto.pt\/wp-content\/uploads\/2026\/03\/Chateau-Monton-Rothschild-2023.webp?fit=881%2C1400&ssl=1","contentUrl":"https:\/\/i0.wp.com\/www.tourinto.pt\/wp-content\/uploads\/2026\/03\/Chateau-Monton-Rothschild-2023.webp?fit=881%2C1400&ssl=1","width":881,"height":1400,"caption":"Chateau Monton Rothschild"},{"@type":"BreadcrumbList","@id":"https:\/\/www.tourinto.pt\/product\/quinta-da-gaivosa-tinto-2017\/#breadcrumb","itemListElement":[{"@type":"ListItem","position":1,"name":"In\u00edcio","item":"https:\/\/www.tourinto.pt\/"},{"@type":"ListItem","position":2,"name":"Garrafeira on-line","item":"https:\/\/www.tourinto.pt\/garrafeira-on-line\/"},{"@type":"ListItem","position":3,"name":"Ch\u00e2teau Mouton Rothschild 2023"}]},{"@type":"WebSite","@id":"https:\/\/www.tourinto.pt\/#website","url":"https:\/\/www.tourinto.pt\/","name":"Tourinto Premium Wines","description":"Wine Shop online","publisher":{"@id":"https:\/\/www.tourinto.pt\/#organization"},"alternateName":"Garrafeira on-line","potentialAction":[{"@type":"SearchAction","target":{"@type":"EntryPoint","urlTemplate":"https:\/\/www.tourinto.pt\/?s={search_term_string}"},"query-input":{"@type":"PropertyValueSpecification","valueRequired":true,"valueName":"search_term_string"}}],"inLanguage":"en-GB"},{"@type":["Organization","Place"],"@id":"https:\/\/www.tourinto.pt\/#organization","name":"Tourinto","alternateName":"Garrafeira Tourinto, Lda.","url":"https:\/\/www.tourinto.pt\/","logo":{"@id":"https:\/\/www.tourinto.pt\/product\/quinta-da-gaivosa-tinto-2017\/#local-main-organization-logo"},"image":{"@id":"https:\/\/www.tourinto.pt\/product\/quinta-da-gaivosa-tinto-2017\/#local-main-organization-logo"},"sameAs":["https:\/\/www.facebook.com\/garrafeiratourinto","https:\/\/www.instagram.com\/garrafeiratourinto\/"],"telephone":[],"openingHoursSpecification":[{"@type":"OpeningHoursSpecification","dayOfWeek":["Monday","Tuesday","Wednesday","Thursday","Friday","Saturday","Sunday"],"opens":"09:00","closes":"17:00"}]},{"@type":"ImageObject","inLanguage":"en-GB","@id":"https:\/\/www.tourinto.pt\/product\/quinta-da-gaivosa-tinto-2017\/#local-main-organization-logo","url":"https:\/\/i0.wp.com\/www.tourinto.pt\/wp-content\/uploads\/2022\/07\/tourinto-logo-big.png?fit=1400%2C505&ssl=1","contentUrl":"https:\/\/i0.wp.com\/www.tourinto.pt\/wp-content\/uploads\/2022\/07\/tourinto-logo-big.png?fit=1400%2C505&ssl=1","width":1400,"height":505,"caption":"Tourinto"}]},"product_price_amount":"595.00","product_price_currency":"EUR","og_availability":"instock","product_availability":"instock","product_retailer_item_id":"137.01.2023","product_condition":"new"},"jetpack_publicize_connections":[],"jetpack_sharing_enabled":true,"_links":{"self":[{"href":"https:\/\/www.tourinto.pt\/en\/wp-json\/wp\/v2\/product\/17083","targetHints":{"allow":["GET"]}}],"collection":[{"href":"https:\/\/www.tourinto.pt\/en\/wp-json\/wp\/v2\/product"}],"about":[{"href":"https:\/\/www.tourinto.pt\/en\/wp-json\/wp\/v2\/types\/product"}],"replies":[{"embeddable":true,"href":"https:\/\/www.tourinto.pt\/en\/wp-json\/wp\/v2\/comments?post=17083"}],"wp:featuredmedia":[{"embeddable":true,"href":"https:\/\/www.tourinto.pt\/en\/wp-json\/wp\/v2\/media\/17086"}],"wp:attachment":[{"href":"https:\/\/www.tourinto.pt\/en\/wp-json\/wp\/v2\/media?parent=17083"}],"wp:term":[{"taxonomy":"product_brand","embeddable":true,"href":"https:\/\/www.tourinto.pt\/en\/wp-json\/wp\/v2\/product_brand?post=17083"},{"taxonomy":"product_cat","embeddable":true,"href":"https:\/\/www.tourinto.pt\/en\/wp-json\/wp\/v2\/product_cat?post=17083"},{"taxonomy":"product_tag","embeddable":true,"href":"https:\/\/www.tourinto.pt\/en\/wp-json\/wp\/v2\/product_tag?post=17083"}],"curies":[{"name":"wp","href":"https:\/\/api.w.org\/{rel}","templated":true}]}}