{"id":16814,"date":"2026-02-08T17:06:00","date_gmt":"2026-02-08T17:06:00","guid":{"rendered":"https:\/\/www.tourinto.pt\/?post_type=product&#038;p=16814"},"modified":"2026-03-09T22:05:56","modified_gmt":"2026-03-09T22:05:56","slug":"barco-del-corneta-verdejo","status":"publish","type":"product","link":"https:\/\/www.tourinto.pt\/en\/product\/barco-del-corneta-verdejo\/","title":{"rendered":"Barco Del Corneta Verdejo"},"content":{"rendered":"<div class=\"wpb-content-wrapper\"><div data-vc-full-width=\"true\" data-vc-full-width-init=\"false\" class=\"vc_row wpb_row vc_row-fluid vc_custom_1656585076455 vc_row-has-fill\"><div class=\"wpb_column vc_column_container vc_col-sm-12\"><div class=\"vc_column-inner\"><div class=\"wpb_wrapper\"><div class=\"vc_tta-container\" data-vc-action=\"collapse\"><div class=\"vc_general vc_tta vc_tta-tabs vc_tta-color-black vc_tta-style-flat vc_tta-shape-square vc_tta-spacing-1 vc_tta-o-no-fill vc_tta-tabs-position-top vc_tta-controls-align-left\"><div class=\"vc_tta-tabs-container\"><ul class=\"vc_tta-tabs-list\" role=\"tablist\"><li class=\"vc_tta-tab vc_active\" data-vc-tab role=\"presentation\"><a href=\"#1656584484701-0e478312-357c\" data-vc-tabs data-vc-container=\".vc_tta\" role=\"tab\" aria-selected=\"false\" id=\"tab-1656584484701-0e478312-357c\"><i class=\"vc_tta-icon vc-oi vc-oi-article\"><\/i><span class=\"vc_tta-title-text\">Description<\/span><\/a><\/li><\/ul><\/div><div class=\"vc_tta-panels-container\"><div class=\"vc_tta-panels\"><div class=\"vc_tta-panel vc_active\" id=\"1656584484701-0e478312-357c\" data-vc-content=\".vc_tta-panel-body\"><div class=\"vc_tta-panel-heading\"><h4 class=\"vc_tta-panel-title\"><a href=\"#1656584484701-0e478312-357c\" data-vc-accordion data-vc-container=\".vc_tta-container\"><i class=\"vc_tta-icon vc-oi vc-oi-article\"><\/i><span class=\"vc_tta-title-text\">Description<\/span><\/a><\/h4><\/div><div class=\"vc_tta-panel-body\">\n\t<div class=\"wpb_text_column wpb_content_element\" id=\"P\">\n\t\t<div class=\"wpb_wrapper\">\n\t\t\t<p><strong>Barco Del Corneta Verdejo<\/strong><\/p>\n<p><strong>Grape varieties: <\/strong>Verdejo.<br \/>\n<strong>Vinification: <\/strong>Manual harvest followed by selection. Maceration for 12 to 24 hours, pressed with the stems and left to settle naturally for about 24 hours. The must is transferred to barrels, where alcoholic fermentation takes place spontaneously.<br \/>\n<strong>Aging: <\/strong>9 months on fine lees in 300L French oak barrels where it fermented.<br \/>\n<strong>Colour:<\/strong> Lemon yellow.<br \/>\n<strong>Aroma: <\/strong>Intense aromas of ripe fruit (apple, pear, peach), with hints of spice and subtle touches of oak. As it opens up in the glass, notes of dried herbs and tea emerge, with a mineral and saline background.<br \/>\n<strong>Flavour: <\/strong><span class=\"T286Pc\" data-sfc-cp=\"\" data-complete=\"true\">On the palate, it is unctuous, expansive and well structured. It combines the opulence of fruit with a salty edge and notes of dry stone that give it complexity. It has a remarkable freshness and a bitter finish characteristic of the grape variety.<\/span><\/p>\n<hr style=\"border: #b0976d 1px dotted;\" \/>\n<p><strong>Serve: <\/strong>10 to 12\u2070<br \/>\n<strong>Consumption: <\/strong>Immediate or storage.<\/p>\n<hr style=\"border: #b0976d 1px dotted;\" \/>\n<p><strong>Harmonisation: <\/strong>Fish dishes, white meat, seafood, mushroom risotto and salads.<\/p>\n<hr style=\"border: #b0976d 1px dotted;\" \/>\n<p><strong>Producer: <\/strong><a href=\"https:\/\/www.tourinto.pt\/en\/produtores\/espanha\/barco-del-corneta\/\">Barco Del Corneta<\/a><\/p>\n<p><strong>Enology: <\/strong>Beatriz Herranz<\/p>\n<p><strong>Category: <\/strong><a href=\"https:\/\/www.tourinto.pt\/en\/produto-categoria\/vinhos-espanhois\/\">Spanish Wines<\/a> &#8211; <a href=\"https:\/\/www.tourinto.pt\/en\/produto-categoria\/regiao\/castilla-y-leon\/\">Castilla Y L\u00e9on<\/a><\/p>\n<p><strong>Awards and Notes:<\/strong><\/p>\n<ul>\n<li><strong>Robert Parker &#8211;<\/strong> 93+\/100 (2018\/2023)<\/li>\n<\/ul>\n<p><a href=\"https:\/\/barcodelcorneta.com\/\"><span style=\"color: #f1f1f1;\">Barco del Corneta<\/span><\/a><\/p>\n\n\t\t<\/div>\n\t<\/div>\n<\/div><\/div><\/div><\/div><\/div><\/div><\/div><\/div><\/div><\/div><div class=\"vc_row-full-width vc_clearfix\"><\/div><div data-vc-full-width=\"true\" data-vc-full-width-init=\"false\" data-vc-stretch-content=\"true\" class=\"vc_row wpb_row vc_row-fluid vc_custom_1675988435222 vc_row-no-padding\"><div class=\"wpb_column vc_column_container vc_col-sm-12\"><div class=\"vc_column-inner\"><div class=\"wpb_wrapper\">\n<div class=\"vc_grid-container-wrapper vc_clearfix vc_grid-animation-fadeIn\">\n\t<div class=\"vc_grid-container vc_clearfix wpb_content_element vc_media_grid\" data-initial-loading-animation=\"fadeIn\" data-vc-grid-settings=\"{&quot;page_id&quot;:16814,&quot;style&quot;:&quot;all&quot;,&quot;action&quot;:&quot;vc_get_vc_grid_data&quot;,&quot;shortcode_id&quot;:&quot;1770572257829-4a2f30f2-2816-4&quot;,&quot;tag&quot;:&quot;vc_media_grid&quot;}\" data-vc-request=\"https:\/\/www.tourinto.pt\/wp-admin\/admin-ajax.php\" data-vc-post-id=\"16814\" data-vc-public-nonce=\"d4ccd258dc\">\n\t\t\n\t<\/div>\n<\/div><\/div><\/div><\/div><\/div><div class=\"vc_row-full-width vc_clearfix\"><\/div>\n<\/div>","protected":false},"excerpt":{"rendered":"<p>Barco Del Corneta Verdejo \u00e9 um vinho biol\u00f3gico com aromas intensos a fruta madura, notas de especiarias e toques subtis de carvalho. \u00c0 medida que abre no copo, revelam-se notas de ervas secas e ch\u00e1, com um fundo mineral e salino, para al\u00e9m de <span class=\"T286Pc\" data-sfc-cp=\"\" data-complete=\"true\">expansivo e bem estruturada, com uma\u00a0 frescura not\u00e1vel e um final amargo.<\/span><\/p>\n<p>Saiba mais sobre <a href=\"https:\/\/www.tourinto.pt\/produtores\/espanha\/antoine-graillot-raul-perez\/\">Barco Del Corneta.<\/a><\/p>\n[contact-form-7 id=\"4433d5d\" title=\"nota Uni\u00e3o Europeia\"]\n","protected":false},"featured_media":16816,"comment_status":"closed","ping_status":"closed","template":"","meta":{"_acf_changed":false,"_joinchat":[],"jetpack_publicize_message":"","jetpack_publicize_feature_enabled":true,"jetpack_social_post_already_shared":true,"jetpack_social_options":{"image_generator_settings":{"template":"highway","default_image_id":0,"font":"","enabled":false},"version":2}},"product_brand":[],"product_cat":[1440,1438,1281,1353,1144,1167,297,100,81,44,1054],"product_tag":[1156,294,139,373,417],"class_list":{"0":"post-16814","1":"product","2":"type-product","3":"status-publish","4":"has-post-thumbnail","6":"product_cat-verdejo","7":"product_cat-barco-del-corneta","8":"product_cat-brancos-internacionais","9":"product_cat-espanhois-brancos","10":"product_cat-vinhos-espanhois","11":"product_cat-castilla-y-leon","12":"product_cat-minima-intervencao","13":"product_cat-tipologia","14":"product_cat-regiao","15":"product_cat-produtores","16":"product_cat-verdelho","17":"product_tag-espanha","18":"product_tag-minima-intervencao","19":"product_tag-verdelho","20":"product_tag-vinho-branco","21":"product_tag-biologico","22":"pa_ano-30","23":"pa_ano-422","24":"pa_castas-verdejo","25":"pa_categoria-vinhos-espanhois","26":"pa_enologia-beatriz-herranz","27":"pa_harmonizacao-carnes-brancas","28":"pa_harmonizacao-risotos","29":"pa_harmonizacao-peixe-grelhado","30":"pa_harmonizacao-saladas","31":"pa_harmonizacao-marisco","32":"pa_leveduras-indigenas","33":"pa_produtor-barco-del-corneta","34":"pa_regiao-castilla-y-leon-valladolid","35":"pa_tipologia-vinho-branco","36":"pa_vinificacao-minima-intervencao","37":"pa_viticultura-organica","38":"pa_viticultura-biologica","39":"pa_volume-750ml","41":"first","42":"instock","43":"taxable","44":"shipping-taxable","45":"purchasable","46":"product-type-variable"},"acf":[],"yoast_head":"<!-- This site is optimized with the Yoast SEO Premium plugin v27.6 (Yoast SEO v27.6) - https:\/\/yoast.com\/product\/yoast-seo-premium-wordpress\/ -->\n<title>Barco Del Corneta Verdejo - Tourinto Premium Wines<\/title>\n<meta name=\"description\" content=\"Barco Del Corneta Verdejo \u00e9 um vinho biol\u00f3gico com aromas de fruta madura, especiarias, e um toque de carvalho, com um fundo mineral e salino.\" \/>\n<meta name=\"robots\" content=\"index, follow, max-snippet:-1, max-image-preview:large, max-video-preview:-1\" \/>\n<link rel=\"canonical\" href=\"https:\/\/www.tourinto.pt\/en\/product\/barco-del-corneta-verdejo\/\" \/>\n<meta property=\"og:locale\" content=\"en_GB\" \/>\n<meta property=\"og:type\" content=\"article\" \/>\n<meta property=\"og:title\" content=\"Barco Del Corneta Verdejo\" \/>\n<meta property=\"og:description\" content=\"Barco Del Corneta Verdejo \u00e9 um vinho biol\u00f3gico com aromas de fruta madura, especiarias, e um toque de carvalho, com um fundo mineral e salino.\" \/>\n<meta property=\"og:url\" content=\"https:\/\/www.tourinto.pt\/en\/product\/barco-del-corneta-verdejo\/\" \/>\n<meta property=\"og:site_name\" content=\"Tourinto Premium Wines\" \/>\n<meta property=\"article:publisher\" content=\"https:\/\/www.facebook.com\/garrafeiratourinto\" \/>\n<meta property=\"article:modified_time\" content=\"2026-03-09T22:05:56+00:00\" \/>\n<meta property=\"og:image\" content=\"https:\/\/www.tourinto.pt\/wp-content\/uploads\/2026\/02\/Barco-del-Corneta-Branco-1.webp\" \/>\n\t<meta property=\"og:image:width\" content=\"881\" \/>\n\t<meta property=\"og:image:height\" content=\"1400\" \/>\n\t<meta property=\"og:image:type\" content=\"image\/webp\" \/>\n<meta name=\"twitter:card\" content=\"summary_large_image\" \/>\n<meta name=\"twitter:label1\" content=\"Availability\" \/>\n\t<meta name=\"twitter:data1\" content=\"In stock\" \/>\n<script type=\"application\/ld+json\" class=\"yoast-schema-graph\">{\"@context\":\"https:\\\/\\\/schema.org\",\"@graph\":[{\"@type\":\"WebPage\",\"@id\":\"https:\\\/\\\/www.tourinto.pt\\\/product\\\/barco-del-corneta-verdejo\\\/\",\"url\":\"https:\\\/\\\/www.tourinto.pt\\\/product\\\/barco-del-corneta-verdejo\\\/\",\"name\":\"Barco Del Corneta Verdejo - Tourinto Premium Wines\",\"isPartOf\":{\"@id\":\"https:\\\/\\\/www.tourinto.pt\\\/#website\"},\"primaryImageOfPage\":{\"@id\":\"https:\\\/\\\/www.tourinto.pt\\\/product\\\/barco-del-corneta-verdejo\\\/#primaryimage\"},\"image\":{\"@id\":\"https:\\\/\\\/www.tourinto.pt\\\/product\\\/barco-del-corneta-verdejo\\\/#primaryimage\"},\"thumbnailUrl\":\"https:\\\/\\\/i0.wp.com\\\/www.tourinto.pt\\\/wp-content\\\/uploads\\\/2026\\\/02\\\/Barco-del-Corneta-Branco-1.webp?fit=881%2C1400&ssl=1\",\"datePublished\":\"2026-02-08T17:06:00+00:00\",\"dateModified\":\"2026-03-09T22:05:56+00:00\",\"description\":\"Barco Del Corneta Verdejo \u00e9 um vinho biol\u00f3gico com aromas de fruta madura, especiarias, e um toque de carvalho, com um fundo mineral e salino.\",\"breadcrumb\":{\"@id\":\"https:\\\/\\\/www.tourinto.pt\\\/product\\\/barco-del-corneta-verdejo\\\/#breadcrumb\"},\"inLanguage\":\"en-GB\",\"potentialAction\":[{\"@type\":\"ReadAction\",\"target\":[\"https:\\\/\\\/www.tourinto.pt\\\/product\\\/barco-del-corneta-verdejo\\\/\"]}]},{\"@type\":\"ImageObject\",\"inLanguage\":\"en-GB\",\"@id\":\"https:\\\/\\\/www.tourinto.pt\\\/product\\\/barco-del-corneta-verdejo\\\/#primaryimage\",\"url\":\"https:\\\/\\\/i0.wp.com\\\/www.tourinto.pt\\\/wp-content\\\/uploads\\\/2026\\\/02\\\/Barco-del-Corneta-Branco-1.webp?fit=881%2C1400&ssl=1\",\"contentUrl\":\"https:\\\/\\\/i0.wp.com\\\/www.tourinto.pt\\\/wp-content\\\/uploads\\\/2026\\\/02\\\/Barco-del-Corneta-Branco-1.webp?fit=881%2C1400&ssl=1\",\"width\":881,\"height\":1400,\"caption\":\"Barco Del Corneta Branco, Barco Del Corneta Vinho Verdelho, Vinho Barco Del Corneta Verdejo\"},{\"@type\":\"BreadcrumbList\",\"@id\":\"https:\\\/\\\/www.tourinto.pt\\\/product\\\/barco-del-corneta-verdejo\\\/#breadcrumb\",\"itemListElement\":[{\"@type\":\"ListItem\",\"position\":1,\"name\":\"In\u00edcio\",\"item\":\"https:\\\/\\\/www.tourinto.pt\\\/\"},{\"@type\":\"ListItem\",\"position\":2,\"name\":\"Garrafeira on-line\",\"item\":\"https:\\\/\\\/www.tourinto.pt\\\/garrafeira-on-line\\\/\"},{\"@type\":\"ListItem\",\"position\":3,\"name\":\"Barco Del Corneta Verdejo\"}]},{\"@type\":\"WebSite\",\"@id\":\"https:\\\/\\\/www.tourinto.pt\\\/#website\",\"url\":\"https:\\\/\\\/www.tourinto.pt\\\/\",\"name\":\"Tourinto Premium Wines\",\"description\":\"Garrafeira on-line\",\"publisher\":{\"@id\":\"https:\\\/\\\/www.tourinto.pt\\\/#organization\"},\"alternateName\":\"Garrafeira on-line\",\"potentialAction\":[{\"@type\":\"SearchAction\",\"target\":{\"@type\":\"EntryPoint\",\"urlTemplate\":\"https:\\\/\\\/www.tourinto.pt\\\/?s={search_term_string}\"},\"query-input\":{\"@type\":\"PropertyValueSpecification\",\"valueRequired\":true,\"valueName\":\"search_term_string\"}}],\"inLanguage\":\"en-GB\"},{\"@type\":[\"Organization\",\"Place\"],\"@id\":\"https:\\\/\\\/www.tourinto.pt\\\/#organization\",\"name\":\"Tourinto\",\"alternateName\":\"Garrafeira Tourinto, Lda.\",\"url\":\"https:\\\/\\\/www.tourinto.pt\\\/\",\"logo\":{\"@id\":\"https:\\\/\\\/www.tourinto.pt\\\/product\\\/barco-del-corneta-verdejo\\\/#local-main-organization-logo\"},\"image\":{\"@id\":\"https:\\\/\\\/www.tourinto.pt\\\/product\\\/barco-del-corneta-verdejo\\\/#local-main-organization-logo\"},\"sameAs\":[\"https:\\\/\\\/www.facebook.com\\\/garrafeiratourinto\",\"https:\\\/\\\/www.instagram.com\\\/garrafeiratourinto\\\/\"],\"telephone\":[],\"openingHoursSpecification\":[{\"@type\":\"OpeningHoursSpecification\",\"dayOfWeek\":[\"Monday\",\"Tuesday\",\"Wednesday\",\"Thursday\",\"Friday\",\"Saturday\",\"Sunday\"],\"opens\":\"09:00\",\"closes\":\"17:00\"}]},{\"@type\":\"ImageObject\",\"inLanguage\":\"en-GB\",\"@id\":\"https:\\\/\\\/www.tourinto.pt\\\/product\\\/barco-del-corneta-verdejo\\\/#local-main-organization-logo\",\"url\":\"https:\\\/\\\/i0.wp.com\\\/www.tourinto.pt\\\/wp-content\\\/uploads\\\/2022\\\/07\\\/tourinto-logo-big.png?fit=1400%2C505&ssl=1\",\"contentUrl\":\"https:\\\/\\\/i0.wp.com\\\/www.tourinto.pt\\\/wp-content\\\/uploads\\\/2022\\\/07\\\/tourinto-logo-big.png?fit=1400%2C505&ssl=1\",\"width\":1400,\"height\":505,\"caption\":\"Tourinto\"}]}<\/script>\n<meta property=\"og:availability\" content=\"instock\" \/>\n<meta property=\"product:availability\" content=\"instock\" \/>\n<meta property=\"product:retailer_item_id\" content=\"146.01.2018\" \/>\n<meta property=\"product:condition\" content=\"new\" \/>\n<!-- \/ Yoast SEO Premium plugin. -->","yoast_head_json":{"title":"Barco Del Corneta Verdejo - Tourinto Premium Wines","description":"Barco Del Corneta Verdejo \u00e9 um vinho biol\u00f3gico com aromas de fruta madura, especiarias, e um toque de carvalho, com um fundo mineral e salino.","robots":{"index":"index","follow":"follow","max-snippet":"max-snippet:-1","max-image-preview":"max-image-preview:large","max-video-preview":"max-video-preview:-1"},"canonical":"https:\/\/www.tourinto.pt\/en\/product\/barco-del-corneta-verdejo\/","og_locale":"en_GB","og_type":"article","og_title":"Barco Del Corneta Verdejo","og_description":"Barco Del Corneta Verdejo \u00e9 um vinho biol\u00f3gico com aromas de fruta madura, especiarias, e um toque de carvalho, com um fundo mineral e salino.","og_url":"https:\/\/www.tourinto.pt\/en\/product\/barco-del-corneta-verdejo\/","og_site_name":"Tourinto Premium Wines","article_publisher":"https:\/\/www.facebook.com\/garrafeiratourinto","article_modified_time":"2026-03-09T22:05:56+00:00","og_image":[{"width":881,"height":1400,"url":"https:\/\/www.tourinto.pt\/wp-content\/uploads\/2026\/02\/Barco-del-Corneta-Branco-1.webp","type":"image\/webp"}],"twitter_card":"summary_large_image","twitter_misc":{"Availability":"In stock"},"schema":{"@context":"https:\/\/schema.org","@graph":[{"@type":"WebPage","@id":"https:\/\/www.tourinto.pt\/product\/barco-del-corneta-verdejo\/","url":"https:\/\/www.tourinto.pt\/product\/barco-del-corneta-verdejo\/","name":"Barco Del Corneta Verdejo - Tourinto Premium Wines","isPartOf":{"@id":"https:\/\/www.tourinto.pt\/#website"},"primaryImageOfPage":{"@id":"https:\/\/www.tourinto.pt\/product\/barco-del-corneta-verdejo\/#primaryimage"},"image":{"@id":"https:\/\/www.tourinto.pt\/product\/barco-del-corneta-verdejo\/#primaryimage"},"thumbnailUrl":"https:\/\/i0.wp.com\/www.tourinto.pt\/wp-content\/uploads\/2026\/02\/Barco-del-Corneta-Branco-1.webp?fit=881%2C1400&ssl=1","datePublished":"2026-02-08T17:06:00+00:00","dateModified":"2026-03-09T22:05:56+00:00","description":"Barco Del Corneta Verdejo \u00e9 um vinho biol\u00f3gico com aromas de fruta madura, especiarias, e um toque de carvalho, com um fundo mineral e salino.","breadcrumb":{"@id":"https:\/\/www.tourinto.pt\/product\/barco-del-corneta-verdejo\/#breadcrumb"},"inLanguage":"en-GB","potentialAction":[{"@type":"ReadAction","target":["https:\/\/www.tourinto.pt\/product\/barco-del-corneta-verdejo\/"]}]},{"@type":"ImageObject","inLanguage":"en-GB","@id":"https:\/\/www.tourinto.pt\/product\/barco-del-corneta-verdejo\/#primaryimage","url":"https:\/\/i0.wp.com\/www.tourinto.pt\/wp-content\/uploads\/2026\/02\/Barco-del-Corneta-Branco-1.webp?fit=881%2C1400&ssl=1","contentUrl":"https:\/\/i0.wp.com\/www.tourinto.pt\/wp-content\/uploads\/2026\/02\/Barco-del-Corneta-Branco-1.webp?fit=881%2C1400&ssl=1","width":881,"height":1400,"caption":"Barco Del Corneta Branco, Barco Del Corneta Vinho Verdelho, Vinho Barco Del Corneta Verdejo"},{"@type":"BreadcrumbList","@id":"https:\/\/www.tourinto.pt\/product\/barco-del-corneta-verdejo\/#breadcrumb","itemListElement":[{"@type":"ListItem","position":1,"name":"In\u00edcio","item":"https:\/\/www.tourinto.pt\/"},{"@type":"ListItem","position":2,"name":"Garrafeira on-line","item":"https:\/\/www.tourinto.pt\/garrafeira-on-line\/"},{"@type":"ListItem","position":3,"name":"Barco Del Corneta Verdejo"}]},{"@type":"WebSite","@id":"https:\/\/www.tourinto.pt\/#website","url":"https:\/\/www.tourinto.pt\/","name":"Tourinto Premium Wines","description":"Wine Shop online","publisher":{"@id":"https:\/\/www.tourinto.pt\/#organization"},"alternateName":"Garrafeira on-line","potentialAction":[{"@type":"SearchAction","target":{"@type":"EntryPoint","urlTemplate":"https:\/\/www.tourinto.pt\/?s={search_term_string}"},"query-input":{"@type":"PropertyValueSpecification","valueRequired":true,"valueName":"search_term_string"}}],"inLanguage":"en-GB"},{"@type":["Organization","Place"],"@id":"https:\/\/www.tourinto.pt\/#organization","name":"Tourinto","alternateName":"Garrafeira Tourinto, Lda.","url":"https:\/\/www.tourinto.pt\/","logo":{"@id":"https:\/\/www.tourinto.pt\/product\/barco-del-corneta-verdejo\/#local-main-organization-logo"},"image":{"@id":"https:\/\/www.tourinto.pt\/product\/barco-del-corneta-verdejo\/#local-main-organization-logo"},"sameAs":["https:\/\/www.facebook.com\/garrafeiratourinto","https:\/\/www.instagram.com\/garrafeiratourinto\/"],"telephone":[],"openingHoursSpecification":[{"@type":"OpeningHoursSpecification","dayOfWeek":["Monday","Tuesday","Wednesday","Thursday","Friday","Saturday","Sunday"],"opens":"09:00","closes":"17:00"}]},{"@type":"ImageObject","inLanguage":"en-GB","@id":"https:\/\/www.tourinto.pt\/product\/barco-del-corneta-verdejo\/#local-main-organization-logo","url":"https:\/\/i0.wp.com\/www.tourinto.pt\/wp-content\/uploads\/2022\/07\/tourinto-logo-big.png?fit=1400%2C505&ssl=1","contentUrl":"https:\/\/i0.wp.com\/www.tourinto.pt\/wp-content\/uploads\/2022\/07\/tourinto-logo-big.png?fit=1400%2C505&ssl=1","width":1400,"height":505,"caption":"Tourinto"}]},"og_availability":"instock","product_availability":"instock","product_retailer_item_id":"146.01.2018","product_condition":"new"},"jetpack_publicize_connections":[],"jetpack_sharing_enabled":true,"_links":{"self":[{"href":"https:\/\/www.tourinto.pt\/en\/wp-json\/wp\/v2\/product\/16814","targetHints":{"allow":["GET"]}}],"collection":[{"href":"https:\/\/www.tourinto.pt\/en\/wp-json\/wp\/v2\/product"}],"about":[{"href":"https:\/\/www.tourinto.pt\/en\/wp-json\/wp\/v2\/types\/product"}],"replies":[{"embeddable":true,"href":"https:\/\/www.tourinto.pt\/en\/wp-json\/wp\/v2\/comments?post=16814"}],"wp:featuredmedia":[{"embeddable":true,"href":"https:\/\/www.tourinto.pt\/en\/wp-json\/wp\/v2\/media\/16816"}],"wp:attachment":[{"href":"https:\/\/www.tourinto.pt\/en\/wp-json\/wp\/v2\/media?parent=16814"}],"wp:term":[{"taxonomy":"product_brand","embeddable":true,"href":"https:\/\/www.tourinto.pt\/en\/wp-json\/wp\/v2\/product_brand?post=16814"},{"taxonomy":"product_cat","embeddable":true,"href":"https:\/\/www.tourinto.pt\/en\/wp-json\/wp\/v2\/product_cat?post=16814"},{"taxonomy":"product_tag","embeddable":true,"href":"https:\/\/www.tourinto.pt\/en\/wp-json\/wp\/v2\/product_tag?post=16814"}],"curies":[{"name":"wp","href":"https:\/\/api.w.org\/{rel}","templated":true}]}}