{"id":16775,"date":"2026-02-07T21:02:57","date_gmt":"2026-02-07T21:02:57","guid":{"rendered":"https:\/\/www.tourinto.pt\/?post_type=product&#038;p=16775"},"modified":"2026-03-16T19:33:54","modified_gmt":"2026-03-16T19:33:54","slug":"vale-da-capucha-fossil-tinto","status":"publish","type":"product","link":"https:\/\/www.tourinto.pt\/en\/product\/vale-da-capucha-fossil-tinto\/","title":{"rendered":"Vale da Capucha Fossil Red"},"content":{"rendered":"<p><strong>Vale da Capucha Fossil Red<\/strong><\/p>\n<p><strong>Grape varieties:<\/strong> Touriga Nacional, Tinta Roriz, Castel\u00e3o and Syrah.<br \/>\n<strong>Vinification:<\/strong> Fermentation by indigenous yeasts with whole bunches. Minimal sulphite dosage. Unfiltered.<br \/>\n<strong>Aging:<\/strong> Stainless steel.<br \/>\n<strong>Colour:<\/strong> Ruby open.<br \/>\n<strong>Aroma:<\/strong> Aromas of fresh red fruits with a subtle and elegant Atlantic influence.<br \/>\n<strong>Flavour:<\/strong> <span class=\"T286Pc\" data-sfc-cp=\"\" data-complete=\"true\">A fresh wine with good texture and a finish that reflects the minerality of the soils from which it comes.<\/span><\/p>\n<hr style=\"border: #b0976d 1px dotted;\" \/>\n<p><strong>Serve:\u00a0<\/strong>16 to 18\u2070<\/p>\n<p><strong>Consumption:\u00a0<\/strong>Immediate.<\/p>\n<hr style=\"border: #b0976d 1px dotted;\" \/>\n<p><strong>Harmonisation: <\/strong>Red and white meat, pasta.<\/p>\n<hr style=\"border: #b0976d 1px dotted;\" \/>\n<p><strong>Producer: <\/strong><a href=\"https:\/\/www.tourinto.pt\/en\/produto-categoria\/produtores\/vale-da-capucha\/\">Vale da Capucha<\/a><\/p>\n<p><strong>Enology: <\/strong>Manuel Marques e Pedro Marques<\/p>\n<p><strong>Category:<\/strong> Portuguese Wines \u2013 <a href=\"https:\/\/www.tourinto.pt\/en\/portugal\/vinhos-de-lisboa\/\">Lisboa<\/a><\/p>\n<p><strong>Awards and Notes:<\/strong><\/p>\n<ul>\n<li><strong>Revista de Vinhos &#8211;\u00a0<\/strong><\/li>\n<\/ul>\n<p><strong><a href=\"https:\/\/www.valedacapucha.com\/\"><span style=\"color: #f1f1f1;\">vale da capucha<\/span><\/a><\/strong><\/p>","protected":false},"excerpt":{"rendered":"<p>Vale da Capucha Fossil Tinto \u00e9 um vinho de baixa interven\u00e7\u00e3o com a t\u00edpica influ\u00eancia Atl\u00e2ntica do Oeste. Apresenta notas de fruta vermelha, car\u00e1ter terroso, para al\u00e9m de texturado e mineral.<\/p>\n<p>Saiba mais sobre o <a href=\"https:\/\/www.tourinto.pt\/produto-categoria\/produtores\/vale-da-capucha\/\">Vale da Capucha<\/a>.<\/p>\n[contact-form-7 id=\"4433d5d\" title=\"nota Uni\u00e3o Europeia\"]\n","protected":false},"featured_media":16776,"comment_status":"closed","ping_status":"closed","template":"","meta":{"_acf_changed":false,"_joinchat":[],"jetpack_publicize_message":"","jetpack_publicize_feature_enabled":true,"jetpack_social_post_already_shared":true,"jetpack_social_options":{"image_generator_settings":{"template":"highway","default_image_id":0,"font":"","enabled":false},"version":2}},"product_brand":[],"product_cat":[1467,1307,17,1052,363,297,424,392,100,113,81,44,456],"product_tag":[417,372,294,110],"class_list":{"0":"post-16775","1":"product","2":"type-product","3":"status-publish","4":"has-post-thumbnail","6":"product_cat-massas-e-risottos","7":"product_cat-ready-to-drink-tintos","8":"product_cat-vinho-tinto","9":"product_cat-blend-tintos","10":"product_cat-biologico","11":"product_cat-minima-intervencao","12":"product_cat-vinhos-portugal","13":"product_cat-pequenos-produtores","14":"product_cat-tipologia","15":"product_cat-lisboa","16":"product_cat-regiao","17":"product_cat-produtores","18":"product_cat-vale-da-capucha","19":"product_tag-biologico","20":"product_tag-vinho-tinto","21":"product_tag-minima-intervencao","22":"product_tag-lisboa","23":"pa_ano-336","24":"pa_castas-touriga-nacional","25":"pa_castas-castelao","26":"pa_castas-tinta-roriz","27":"pa_castas-syrah","28":"pa_categoria-vinhos-portugueses","29":"pa_enologia-manuel-marques-pedro-marques","30":"pa_harmonizacao-carnes-vermelhas","31":"pa_harmonizacao-carnes-brancas","32":"pa_harmonizacao-massas","33":"pa_leveduras-indigenas","34":"pa_produtor-vale-da-capucha","35":"pa_regiao-lisboa","36":"pa_tipologia-vinho-tinto","37":"pa_vinificacao-minima-intervencao","38":"pa_viticultura-biologica","39":"pa_volume-750ml","41":"first","42":"instock","43":"taxable","44":"shipping-taxable","45":"purchasable","46":"product-type-simple"},"acf":[],"yoast_head":"<!-- This site is optimized with the Yoast SEO Premium plugin v27.5 (Yoast SEO v27.5) - https:\/\/yoast.com\/product\/yoast-seo-premium-wordpress\/ -->\n<title>Vale da Capucha Fossil Tinto - Tourinto Premium Wines<\/title>\n<meta name=\"description\" content=\"Vale da Capucha Fossil Tinto \u00e9 um vinho de baixa interven\u00e7\u00e3o com a t\u00edpica influ\u00eancia Atl\u00e2ntica do Oeste, com fruta vermelha, terroso, texturado e mineral.\" \/>\n<meta name=\"robots\" content=\"index, follow, max-snippet:-1, max-image-preview:large, max-video-preview:-1\" \/>\n<link rel=\"canonical\" href=\"https:\/\/www.tourinto.pt\/en\/product\/vale-da-capucha-fossil-tinto\/\" \/>\n<meta property=\"og:locale\" content=\"en_GB\" \/>\n<meta property=\"og:type\" content=\"article\" \/>\n<meta property=\"og:title\" content=\"Vale da Capucha Fossil Tinto\" \/>\n<meta property=\"og:description\" content=\"Vale da Capucha Fossil Tinto \u00e9 um vinho de baixa interven\u00e7\u00e3o com a t\u00edpica influ\u00eancia Atl\u00e2ntica do Oeste, com fruta vermelha, terroso, texturado e mineral.\" \/>\n<meta property=\"og:url\" content=\"https:\/\/www.tourinto.pt\/en\/product\/vale-da-capucha-fossil-tinto\/\" \/>\n<meta property=\"og:site_name\" content=\"Tourinto Premium Wines\" \/>\n<meta property=\"article:publisher\" content=\"https:\/\/www.facebook.com\/garrafeiratourinto\" \/>\n<meta property=\"article:modified_time\" content=\"2026-03-16T19:33:54+00:00\" \/>\n<meta property=\"og:image\" content=\"https:\/\/www.tourinto.pt\/wp-content\/uploads\/2026\/02\/Fossil-Tinto.webp\" \/>\n\t<meta property=\"og:image:width\" content=\"881\" \/>\n\t<meta property=\"og:image:height\" content=\"1400\" \/>\n\t<meta property=\"og:image:type\" content=\"image\/webp\" \/>\n<meta name=\"twitter:card\" content=\"summary_large_image\" \/>\n<meta name=\"twitter:label1\" content=\"Price\" \/>\n\t<meta name=\"twitter:data1\" content=\"17,60&nbsp;&euro;\" \/>\n\t<meta name=\"twitter:label2\" content=\"Availability\" \/>\n\t<meta name=\"twitter:data2\" content=\"In stock\" \/>\n<script type=\"application\/ld+json\" class=\"yoast-schema-graph\">{\"@context\":\"https:\\\/\\\/schema.org\",\"@graph\":[{\"@type\":\"WebPage\",\"@id\":\"https:\\\/\\\/www.tourinto.pt\\\/product\\\/vale-da-capucha-fossil-tinto\\\/\",\"url\":\"https:\\\/\\\/www.tourinto.pt\\\/product\\\/vale-da-capucha-fossil-tinto\\\/\",\"name\":\"Vale da Capucha Fossil Tinto - Tourinto Premium Wines\",\"isPartOf\":{\"@id\":\"https:\\\/\\\/www.tourinto.pt\\\/#website\"},\"primaryImageOfPage\":{\"@id\":\"https:\\\/\\\/www.tourinto.pt\\\/product\\\/vale-da-capucha-fossil-tinto\\\/#primaryimage\"},\"image\":{\"@id\":\"https:\\\/\\\/www.tourinto.pt\\\/product\\\/vale-da-capucha-fossil-tinto\\\/#primaryimage\"},\"thumbnailUrl\":\"https:\\\/\\\/i0.wp.com\\\/www.tourinto.pt\\\/wp-content\\\/uploads\\\/2026\\\/02\\\/Fossil-Tinto.webp?fit=881%2C1400&ssl=1\",\"datePublished\":\"2026-02-07T21:02:57+00:00\",\"dateModified\":\"2026-03-16T19:33:54+00:00\",\"description\":\"Vale da Capucha Fossil Tinto \u00e9 um vinho de baixa interven\u00e7\u00e3o com a t\u00edpica influ\u00eancia Atl\u00e2ntica do Oeste, com fruta vermelha, terroso, texturado e mineral.\",\"breadcrumb\":{\"@id\":\"https:\\\/\\\/www.tourinto.pt\\\/product\\\/vale-da-capucha-fossil-tinto\\\/#breadcrumb\"},\"inLanguage\":\"en-GB\",\"potentialAction\":[{\"@type\":\"ReadAction\",\"target\":[\"https:\\\/\\\/www.tourinto.pt\\\/product\\\/vale-da-capucha-fossil-tinto\\\/\"]}]},{\"@type\":\"ImageObject\",\"inLanguage\":\"en-GB\",\"@id\":\"https:\\\/\\\/www.tourinto.pt\\\/product\\\/vale-da-capucha-fossil-tinto\\\/#primaryimage\",\"url\":\"https:\\\/\\\/i0.wp.com\\\/www.tourinto.pt\\\/wp-content\\\/uploads\\\/2026\\\/02\\\/Fossil-Tinto.webp?fit=881%2C1400&ssl=1\",\"contentUrl\":\"https:\\\/\\\/i0.wp.com\\\/www.tourinto.pt\\\/wp-content\\\/uploads\\\/2026\\\/02\\\/Fossil-Tinto.webp?fit=881%2C1400&ssl=1\",\"width\":881,\"height\":1400,\"caption\":\"Fossil Vale da Capucha, Vale da Capucha Tinto, Vinho Tinto Fossil, Fossil Torres Vedras, Fossil Vinho de Lisboa\"},{\"@type\":\"BreadcrumbList\",\"@id\":\"https:\\\/\\\/www.tourinto.pt\\\/product\\\/vale-da-capucha-fossil-tinto\\\/#breadcrumb\",\"itemListElement\":[{\"@type\":\"ListItem\",\"position\":1,\"name\":\"In\u00edcio\",\"item\":\"https:\\\/\\\/www.tourinto.pt\\\/\"},{\"@type\":\"ListItem\",\"position\":2,\"name\":\"Garrafeira on-line\",\"item\":\"https:\\\/\\\/www.tourinto.pt\\\/garrafeira-on-line\\\/\"},{\"@type\":\"ListItem\",\"position\":3,\"name\":\"Vale da Capucha Fossil Tinto\"}]},{\"@type\":\"WebSite\",\"@id\":\"https:\\\/\\\/www.tourinto.pt\\\/#website\",\"url\":\"https:\\\/\\\/www.tourinto.pt\\\/\",\"name\":\"Tourinto Premium Wines\",\"description\":\"Garrafeira on-line\",\"publisher\":{\"@id\":\"https:\\\/\\\/www.tourinto.pt\\\/#organization\"},\"alternateName\":\"Garrafeira on-line\",\"potentialAction\":[{\"@type\":\"SearchAction\",\"target\":{\"@type\":\"EntryPoint\",\"urlTemplate\":\"https:\\\/\\\/www.tourinto.pt\\\/?s={search_term_string}\"},\"query-input\":{\"@type\":\"PropertyValueSpecification\",\"valueRequired\":true,\"valueName\":\"search_term_string\"}}],\"inLanguage\":\"en-GB\"},{\"@type\":[\"Organization\",\"Place\"],\"@id\":\"https:\\\/\\\/www.tourinto.pt\\\/#organization\",\"name\":\"Tourinto\",\"alternateName\":\"Garrafeira Tourinto, Lda.\",\"url\":\"https:\\\/\\\/www.tourinto.pt\\\/\",\"logo\":{\"@id\":\"https:\\\/\\\/www.tourinto.pt\\\/product\\\/vale-da-capucha-fossil-tinto\\\/#local-main-organization-logo\"},\"image\":{\"@id\":\"https:\\\/\\\/www.tourinto.pt\\\/product\\\/vale-da-capucha-fossil-tinto\\\/#local-main-organization-logo\"},\"sameAs\":[\"https:\\\/\\\/www.facebook.com\\\/garrafeiratourinto\",\"https:\\\/\\\/www.instagram.com\\\/garrafeiratourinto\\\/\"],\"telephone\":[],\"openingHoursSpecification\":[{\"@type\":\"OpeningHoursSpecification\",\"dayOfWeek\":[\"Monday\",\"Tuesday\",\"Wednesday\",\"Thursday\",\"Friday\",\"Saturday\",\"Sunday\"],\"opens\":\"09:00\",\"closes\":\"17:00\"}]},{\"@type\":\"ImageObject\",\"inLanguage\":\"en-GB\",\"@id\":\"https:\\\/\\\/www.tourinto.pt\\\/product\\\/vale-da-capucha-fossil-tinto\\\/#local-main-organization-logo\",\"url\":\"https:\\\/\\\/i0.wp.com\\\/www.tourinto.pt\\\/wp-content\\\/uploads\\\/2022\\\/07\\\/tourinto-logo-big.png?fit=1400%2C505&ssl=1\",\"contentUrl\":\"https:\\\/\\\/i0.wp.com\\\/www.tourinto.pt\\\/wp-content\\\/uploads\\\/2022\\\/07\\\/tourinto-logo-big.png?fit=1400%2C505&ssl=1\",\"width\":1400,\"height\":505,\"caption\":\"Tourinto\"}]}<\/script>\n<meta property=\"product:price:amount\" content=\"17.60\" \/>\n<meta property=\"product:price:currency\" content=\"EUR\" \/>\n<meta property=\"og:availability\" content=\"instock\" \/>\n<meta property=\"product:availability\" content=\"instock\" \/>\n<meta property=\"product:retailer_item_id\" content=\"79.06.2022\" \/>\n<meta property=\"product:condition\" content=\"new\" \/>\n<!-- \/ Yoast SEO Premium plugin. -->","yoast_head_json":{"title":"Vale da Capucha Fossil Tinto - Tourinto Premium Wines","description":"Vale da Capucha Fossil Tinto \u00e9 um vinho de baixa interven\u00e7\u00e3o com a t\u00edpica influ\u00eancia Atl\u00e2ntica do Oeste, com fruta vermelha, terroso, texturado e mineral.","robots":{"index":"index","follow":"follow","max-snippet":"max-snippet:-1","max-image-preview":"max-image-preview:large","max-video-preview":"max-video-preview:-1"},"canonical":"https:\/\/www.tourinto.pt\/en\/product\/vale-da-capucha-fossil-tinto\/","og_locale":"en_GB","og_type":"article","og_title":"Vale da Capucha Fossil Tinto","og_description":"Vale da Capucha Fossil Tinto \u00e9 um vinho de baixa interven\u00e7\u00e3o com a t\u00edpica influ\u00eancia Atl\u00e2ntica do Oeste, com fruta vermelha, terroso, texturado e mineral.","og_url":"https:\/\/www.tourinto.pt\/en\/product\/vale-da-capucha-fossil-tinto\/","og_site_name":"Tourinto Premium Wines","article_publisher":"https:\/\/www.facebook.com\/garrafeiratourinto","article_modified_time":"2026-03-16T19:33:54+00:00","og_image":[{"width":881,"height":1400,"url":"https:\/\/www.tourinto.pt\/wp-content\/uploads\/2026\/02\/Fossil-Tinto.webp","type":"image\/webp"}],"twitter_card":"summary_large_image","twitter_misc":{"Price":"17,60&nbsp;&euro;","Availability":"In stock"},"schema":{"@context":"https:\/\/schema.org","@graph":[{"@type":"WebPage","@id":"https:\/\/www.tourinto.pt\/product\/vale-da-capucha-fossil-tinto\/","url":"https:\/\/www.tourinto.pt\/product\/vale-da-capucha-fossil-tinto\/","name":"Vale da Capucha Fossil Tinto - Tourinto Premium Wines","isPartOf":{"@id":"https:\/\/www.tourinto.pt\/#website"},"primaryImageOfPage":{"@id":"https:\/\/www.tourinto.pt\/product\/vale-da-capucha-fossil-tinto\/#primaryimage"},"image":{"@id":"https:\/\/www.tourinto.pt\/product\/vale-da-capucha-fossil-tinto\/#primaryimage"},"thumbnailUrl":"https:\/\/i0.wp.com\/www.tourinto.pt\/wp-content\/uploads\/2026\/02\/Fossil-Tinto.webp?fit=881%2C1400&ssl=1","datePublished":"2026-02-07T21:02:57+00:00","dateModified":"2026-03-16T19:33:54+00:00","description":"Vale da Capucha Fossil Tinto \u00e9 um vinho de baixa interven\u00e7\u00e3o com a t\u00edpica influ\u00eancia Atl\u00e2ntica do Oeste, com fruta vermelha, terroso, texturado e mineral.","breadcrumb":{"@id":"https:\/\/www.tourinto.pt\/product\/vale-da-capucha-fossil-tinto\/#breadcrumb"},"inLanguage":"en-GB","potentialAction":[{"@type":"ReadAction","target":["https:\/\/www.tourinto.pt\/product\/vale-da-capucha-fossil-tinto\/"]}]},{"@type":"ImageObject","inLanguage":"en-GB","@id":"https:\/\/www.tourinto.pt\/product\/vale-da-capucha-fossil-tinto\/#primaryimage","url":"https:\/\/i0.wp.com\/www.tourinto.pt\/wp-content\/uploads\/2026\/02\/Fossil-Tinto.webp?fit=881%2C1400&ssl=1","contentUrl":"https:\/\/i0.wp.com\/www.tourinto.pt\/wp-content\/uploads\/2026\/02\/Fossil-Tinto.webp?fit=881%2C1400&ssl=1","width":881,"height":1400,"caption":"Fossil Vale da Capucha, Vale da Capucha Tinto, Vinho Tinto Fossil, Fossil Torres Vedras, Fossil Vinho de Lisboa"},{"@type":"BreadcrumbList","@id":"https:\/\/www.tourinto.pt\/product\/vale-da-capucha-fossil-tinto\/#breadcrumb","itemListElement":[{"@type":"ListItem","position":1,"name":"In\u00edcio","item":"https:\/\/www.tourinto.pt\/"},{"@type":"ListItem","position":2,"name":"Garrafeira on-line","item":"https:\/\/www.tourinto.pt\/garrafeira-on-line\/"},{"@type":"ListItem","position":3,"name":"Vale da Capucha Fossil Tinto"}]},{"@type":"WebSite","@id":"https:\/\/www.tourinto.pt\/#website","url":"https:\/\/www.tourinto.pt\/","name":"Tourinto Premium Wines","description":"Wine Shop online","publisher":{"@id":"https:\/\/www.tourinto.pt\/#organization"},"alternateName":"Garrafeira on-line","potentialAction":[{"@type":"SearchAction","target":{"@type":"EntryPoint","urlTemplate":"https:\/\/www.tourinto.pt\/?s={search_term_string}"},"query-input":{"@type":"PropertyValueSpecification","valueRequired":true,"valueName":"search_term_string"}}],"inLanguage":"en-GB"},{"@type":["Organization","Place"],"@id":"https:\/\/www.tourinto.pt\/#organization","name":"Tourinto","alternateName":"Garrafeira Tourinto, Lda.","url":"https:\/\/www.tourinto.pt\/","logo":{"@id":"https:\/\/www.tourinto.pt\/product\/vale-da-capucha-fossil-tinto\/#local-main-organization-logo"},"image":{"@id":"https:\/\/www.tourinto.pt\/product\/vale-da-capucha-fossil-tinto\/#local-main-organization-logo"},"sameAs":["https:\/\/www.facebook.com\/garrafeiratourinto","https:\/\/www.instagram.com\/garrafeiratourinto\/"],"telephone":[],"openingHoursSpecification":[{"@type":"OpeningHoursSpecification","dayOfWeek":["Monday","Tuesday","Wednesday","Thursday","Friday","Saturday","Sunday"],"opens":"09:00","closes":"17:00"}]},{"@type":"ImageObject","inLanguage":"en-GB","@id":"https:\/\/www.tourinto.pt\/product\/vale-da-capucha-fossil-tinto\/#local-main-organization-logo","url":"https:\/\/i0.wp.com\/www.tourinto.pt\/wp-content\/uploads\/2022\/07\/tourinto-logo-big.png?fit=1400%2C505&ssl=1","contentUrl":"https:\/\/i0.wp.com\/www.tourinto.pt\/wp-content\/uploads\/2022\/07\/tourinto-logo-big.png?fit=1400%2C505&ssl=1","width":1400,"height":505,"caption":"Tourinto"}]},"product_price_amount":"17.60","product_price_currency":"EUR","og_availability":"instock","product_availability":"instock","product_retailer_item_id":"79.06.2022","product_condition":"new"},"jetpack_publicize_connections":[],"jetpack_sharing_enabled":true,"_links":{"self":[{"href":"https:\/\/www.tourinto.pt\/en\/wp-json\/wp\/v2\/product\/16775","targetHints":{"allow":["GET"]}}],"collection":[{"href":"https:\/\/www.tourinto.pt\/en\/wp-json\/wp\/v2\/product"}],"about":[{"href":"https:\/\/www.tourinto.pt\/en\/wp-json\/wp\/v2\/types\/product"}],"replies":[{"embeddable":true,"href":"https:\/\/www.tourinto.pt\/en\/wp-json\/wp\/v2\/comments?post=16775"}],"wp:featuredmedia":[{"embeddable":true,"href":"https:\/\/www.tourinto.pt\/en\/wp-json\/wp\/v2\/media\/16776"}],"wp:attachment":[{"href":"https:\/\/www.tourinto.pt\/en\/wp-json\/wp\/v2\/media?parent=16775"}],"wp:term":[{"taxonomy":"product_brand","embeddable":true,"href":"https:\/\/www.tourinto.pt\/en\/wp-json\/wp\/v2\/product_brand?post=16775"},{"taxonomy":"product_cat","embeddable":true,"href":"https:\/\/www.tourinto.pt\/en\/wp-json\/wp\/v2\/product_cat?post=16775"},{"taxonomy":"product_tag","embeddable":true,"href":"https:\/\/www.tourinto.pt\/en\/wp-json\/wp\/v2\/product_tag?post=16775"}],"curies":[{"name":"wp","href":"https:\/\/api.w.org\/{rel}","templated":true}]}}