{"id":16636,"date":"2026-02-01T20:11:09","date_gmt":"2026-02-01T20:11:09","guid":{"rendered":"https:\/\/www.tourinto.pt\/?post_type=product&#038;p=16636"},"modified":"2026-03-16T21:42:15","modified_gmt":"2026-03-16T21:42:15","slug":"bimbache-blanco","status":"publish","type":"product","link":"https:\/\/www.tourinto.pt\/en\/product\/bimbache-blanco\/","title":{"rendered":"Bimbache Blanco"},"content":{"rendered":"<div class=\"wpb-content-wrapper\"><div data-vc-full-width=\"true\" data-vc-full-width-init=\"false\" class=\"vc_row wpb_row vc_row-fluid vc_custom_1656585076455 vc_row-has-fill\"><div class=\"wpb_column vc_column_container vc_col-sm-12\"><div class=\"vc_column-inner\"><div class=\"wpb_wrapper\"><div class=\"vc_tta-container\" data-vc-action=\"collapse\"><div class=\"vc_general vc_tta vc_tta-tabs vc_tta-color-black vc_tta-style-flat vc_tta-shape-square vc_tta-spacing-1 vc_tta-o-no-fill vc_tta-tabs-position-top vc_tta-controls-align-left\"><div class=\"vc_tta-tabs-container\"><ul class=\"vc_tta-tabs-list\" role=\"tablist\"><li class=\"vc_tta-tab vc_active\" data-vc-tab role=\"presentation\"><a href=\"#1656584484701-0e478312-357c\" data-vc-tabs data-vc-container=\".vc_tta\" role=\"tab\" aria-selected=\"false\" id=\"tab-1656584484701-0e478312-357c\"><i class=\"vc_tta-icon vc-oi vc-oi-article\"><\/i><span class=\"vc_tta-title-text\">Description<\/span><\/a><\/li><\/ul><\/div><div class=\"vc_tta-panels-container\"><div class=\"vc_tta-panels\"><div class=\"vc_tta-panel vc_active\" id=\"1656584484701-0e478312-357c\" data-vc-content=\".vc_tta-panel-body\"><div class=\"vc_tta-panel-heading\"><h4 class=\"vc_tta-panel-title\"><a href=\"#1656584484701-0e478312-357c\" data-vc-accordion data-vc-container=\".vc_tta-container\"><i class=\"vc_tta-icon vc-oi vc-oi-article\"><\/i><span class=\"vc_tta-title-text\">Description<\/span><\/a><\/h4><\/div><div class=\"vc_tta-panel-body\">\n\t<div class=\"wpb_text_column wpb_content_element\" id=\"P\">\n\t\t<div class=\"wpb_wrapper\">\n\t\t\t<p><strong>Bimbache Blanco<\/strong><\/p>\n<p><strong>Grape varieties: <\/strong>Verijadiego Blanco.<br \/>\n<strong>Vinification: <\/strong>The wine ferments spontaneously with indigenous yeasts in stainless steel vats.<br \/>\n<strong>Aging: <\/strong>10 to 12 months on fine lees.<br \/>\n<strong>Colour:<\/strong> Straw yellow.<br \/>\n<strong>Aroma: <\/strong>Austere and clean aromas of green apple, lime and grapefruit, with notes of dried herbs, matches and a salty sensation of sea breeze.<br \/>\n<strong>Flavour: <\/strong><span class=\"T286Pc\" data-sfc-cp=\"\" data-complete=\"true\">On the palate, it is vertical, direct and sharp. There is no fat; it is all about acid structure and purity. The finish is long and leaves a sensation of crushed stone on the tongue.<\/span><\/p>\n<hr style=\"border: #b0976d 1px dotted;\" \/>\n<p><strong>Serve: <\/strong>10 to 12\u2070<br \/>\n<strong>Consumption: <\/strong>Immediate.<\/p>\n<hr style=\"border: #b0976d 1px dotted;\" \/>\n<p><strong>Harmonisation: <\/strong>Seafood, grilled fish and sushi.<\/p>\n<hr style=\"border: #b0976d 1px dotted;\" \/>\n<p><strong>Producer: <\/strong>Bimbache<\/p>\n<p><strong>Enology: <\/strong>Pablo Matallana<\/p>\n<p><strong>Category: <\/strong><a href=\"https:\/\/www.tourinto.pt\/en\/produto-categoria\/vinhos-espanhois\/\">Spanish Wines<\/a> &#8211; Can\u00e1rias<\/p>\n<p><strong>Awards and Notes:<\/strong><\/p>\n<ul>\n<li><strong>Robert Parker &#8211;<\/strong> 97\/100 (2023)<\/li>\n<li><strong>Guia Pe\u00f1in &#8211;<\/strong> 94\/100 (2023)<\/li>\n<\/ul>\n<p><a href=\"https:\/\/terroir-al-limit.com\/\"><span style=\"color: #f1f1f1;\">TAL<\/span><\/a><\/p>\n\n\t\t<\/div>\n\t<\/div>\n<\/div><\/div><\/div><\/div><\/div><\/div><\/div><\/div><\/div><\/div><div class=\"vc_row-full-width vc_clearfix\"><\/div><div data-vc-full-width=\"true\" data-vc-full-width-init=\"false\" data-vc-stretch-content=\"true\" class=\"vc_row wpb_row vc_row-fluid vc_custom_1675988435222 vc_row-no-padding\"><div class=\"wpb_column vc_column_container vc_col-sm-12\"><div class=\"vc_column-inner\"><div class=\"wpb_wrapper\">\n<div class=\"vc_grid-container-wrapper vc_clearfix vc_grid-animation-fadeIn\">\n\t<div class=\"vc_grid-container vc_clearfix wpb_content_element vc_media_grid\" data-initial-loading-animation=\"fadeIn\" data-vc-grid-settings=\"{&quot;page_id&quot;:16636,&quot;style&quot;:&quot;all&quot;,&quot;action&quot;:&quot;vc_get_vc_grid_data&quot;,&quot;shortcode_id&quot;:&quot;1769976682935-f3f63fcb-6ecb-2&quot;,&quot;tag&quot;:&quot;vc_media_grid&quot;}\" data-vc-request=\"https:\/\/www.tourinto.pt\/wp-admin\/admin-ajax.php\" data-vc-post-id=\"16636\" data-vc-public-nonce=\"a3489c1848\">\n\t\t\n\t<\/div>\n<\/div><\/div><\/div><\/div><\/div><div class=\"vc_row-full-width vc_clearfix\"><\/div>\n<\/div>","protected":false},"excerpt":{"rendered":"<p>Bimbache Blanco \u00e9\u00a0um vinho de\u00a0extrema tens\u00e3o, definido por uma acidez c\u00edtrica &#8220;el\u00e9trica&#8221; e uma mineralidade salina muito profunda, com aromas austeros e limpos de\u00a0ma\u00e7\u00e3 verde, lima e toranja, com notas de ervas secas, f\u00f3sforo e uma sensa\u00e7\u00e3o salina de brisa mar\u00edtima.<\/p>\n<p>Saiba mais sobre <a href=\"https:\/\/www.tourinto.pt\/produtores\/espanha\/bimbache\/\">Bimbache.<\/a><\/p>\n[contact-form-7 id=\"4433d5d\" title=\"nota Uni\u00e3o Europeia\"]\n","protected":false},"featured_media":16637,"comment_status":"closed","ping_status":"closed","template":"","meta":{"_acf_changed":false,"_joinchat":[],"jetpack_publicize_message":"","jetpack_publicize_feature_enabled":true,"jetpack_social_post_already_shared":true,"jetpack_social_options":{"image_generator_settings":{"template":"highway","default_image_id":0,"font":"","enabled":false},"version":2}},"product_brand":[],"product_cat":[1469,1470,1281,1401,1137,1353,1144,1402,297,100,81,44,1404],"product_tag":[1156,373,1403,294,1405],"class_list":{"0":"post-16636","1":"product","2":"type-product","3":"status-publish","4":"has-post-thumbnail","6":"product_cat-sommelier-selection","7":"product_cat-brancos-atlanticos","8":"product_cat-brancos-internacionais","9":"product_cat-canarias","10":"product_cat-blend-internacionais","11":"product_cat-espanhois-brancos","12":"product_cat-vinhos-espanhois","13":"product_cat-bimbache","14":"product_cat-minima-intervencao","15":"product_cat-tipologia","16":"product_cat-regiao","17":"product_cat-produtores","18":"product_cat-verijadiego-blanco","19":"product_tag-espanha","20":"product_tag-vinho-branco","21":"product_tag-canarias","22":"product_tag-minima-intervencao","23":"product_tag-verijadiego-blanco","24":"pa_ano-422","25":"pa_castas-verijadiego-blanco","26":"pa_categoria-vinhos-espanhois","27":"pa_enologia-pablo-matallana","28":"pa_harmonizacao-peixe-grelhado","29":"pa_harmonizacao-sushi","30":"pa_harmonizacao-marisco","31":"pa_leveduras-indigenas","32":"pa_produtor-bimbache","33":"pa_regiao-canarias","34":"pa_tipologia-vinho-branco","35":"pa_vinificacao-minima-intervencao","36":"pa_viticultura-organica","37":"pa_volume-750ml","39":"first","40":"instock","41":"taxable","42":"shipping-taxable","43":"purchasable","44":"product-type-simple"},"acf":[],"yoast_head":"<!-- This site is optimized with the Yoast SEO Premium plugin v27.3 (Yoast SEO v27.4) - https:\/\/yoast.com\/product\/yoast-seo-premium-wordpress\/ -->\n<title>Bimbache Blanco - Tourinto Premium Wines<\/title>\n<meta name=\"description\" content=\"Bimbache Blanco \u00e9 um vinho de extrema tens\u00e3o, definido por uma acidez c\u00edtrica &quot;el\u00e9trica&quot; e uma mineralidade salina muito profunda, com aromas austeros.\" \/>\n<meta name=\"robots\" content=\"index, follow, max-snippet:-1, max-image-preview:large, max-video-preview:-1\" \/>\n<link rel=\"canonical\" href=\"https:\/\/www.tourinto.pt\/en\/product\/bimbache-blanco\/\" \/>\n<meta property=\"og:locale\" content=\"en_GB\" \/>\n<meta property=\"og:type\" content=\"article\" \/>\n<meta property=\"og:title\" content=\"Bimbache Blanco\" \/>\n<meta property=\"og:description\" content=\"Bimbache Blanco \u00e9 um vinho de extrema tens\u00e3o, definido por uma acidez c\u00edtrica &quot;el\u00e9trica&quot; e uma mineralidade salina muito profunda, com aromas austeros.\" \/>\n<meta property=\"og:url\" content=\"https:\/\/www.tourinto.pt\/en\/product\/bimbache-blanco\/\" \/>\n<meta property=\"og:site_name\" content=\"Tourinto Premium Wines\" \/>\n<meta property=\"article:publisher\" content=\"https:\/\/www.facebook.com\/garrafeiratourinto\" \/>\n<meta property=\"article:modified_time\" content=\"2026-03-16T21:42:15+00:00\" \/>\n<meta property=\"og:image\" content=\"https:\/\/www.tourinto.pt\/wp-content\/uploads\/2026\/02\/Bimbache-Branco.webp\" \/>\n\t<meta property=\"og:image:width\" content=\"881\" \/>\n\t<meta property=\"og:image:height\" content=\"1400\" \/>\n\t<meta property=\"og:image:type\" content=\"image\/webp\" \/>\n<meta name=\"twitter:card\" content=\"summary_large_image\" \/>\n<meta name=\"twitter:label1\" content=\"Price\" \/>\n\t<meta name=\"twitter:data1\" content=\"45,40&nbsp;&euro;\" \/>\n\t<meta name=\"twitter:label2\" content=\"Availability\" \/>\n\t<meta name=\"twitter:data2\" content=\"In stock\" \/>\n<script type=\"application\/ld+json\" class=\"yoast-schema-graph\">{\"@context\":\"https:\\\/\\\/schema.org\",\"@graph\":[{\"@type\":\"WebPage\",\"@id\":\"https:\\\/\\\/www.tourinto.pt\\\/product\\\/bimbache-blanco\\\/\",\"url\":\"https:\\\/\\\/www.tourinto.pt\\\/product\\\/bimbache-blanco\\\/\",\"name\":\"Bimbache Blanco - Tourinto Premium Wines\",\"isPartOf\":{\"@id\":\"https:\\\/\\\/www.tourinto.pt\\\/#website\"},\"primaryImageOfPage\":{\"@id\":\"https:\\\/\\\/www.tourinto.pt\\\/product\\\/bimbache-blanco\\\/#primaryimage\"},\"image\":{\"@id\":\"https:\\\/\\\/www.tourinto.pt\\\/product\\\/bimbache-blanco\\\/#primaryimage\"},\"thumbnailUrl\":\"https:\\\/\\\/i0.wp.com\\\/www.tourinto.pt\\\/wp-content\\\/uploads\\\/2026\\\/02\\\/Bimbache-Branco.webp?fit=881%2C1400&ssl=1\",\"datePublished\":\"2026-02-01T20:11:09+00:00\",\"dateModified\":\"2026-03-16T21:42:15+00:00\",\"description\":\"Bimbache Blanco \u00e9 um vinho de extrema tens\u00e3o, definido por uma acidez c\u00edtrica \\\"el\u00e9trica\\\" e uma mineralidade salina muito profunda, com aromas austeros.\",\"breadcrumb\":{\"@id\":\"https:\\\/\\\/www.tourinto.pt\\\/product\\\/bimbache-blanco\\\/#breadcrumb\"},\"inLanguage\":\"en-GB\",\"potentialAction\":[{\"@type\":\"ReadAction\",\"target\":[\"https:\\\/\\\/www.tourinto.pt\\\/product\\\/bimbache-blanco\\\/\"]}]},{\"@type\":\"ImageObject\",\"inLanguage\":\"en-GB\",\"@id\":\"https:\\\/\\\/www.tourinto.pt\\\/product\\\/bimbache-blanco\\\/#primaryimage\",\"url\":\"https:\\\/\\\/i0.wp.com\\\/www.tourinto.pt\\\/wp-content\\\/uploads\\\/2026\\\/02\\\/Bimbache-Branco.webp?fit=881%2C1400&ssl=1\",\"contentUrl\":\"https:\\\/\\\/i0.wp.com\\\/www.tourinto.pt\\\/wp-content\\\/uploads\\\/2026\\\/02\\\/Bimbache-Branco.webp?fit=881%2C1400&ssl=1\",\"width\":881,\"height\":1400,\"caption\":\"Bimbache Vinho Branco, Bimbache Vinho Can\u00e1rias , Vinho Bimbache La Raya, Bimbache Verijadiego Blanco\"},{\"@type\":\"BreadcrumbList\",\"@id\":\"https:\\\/\\\/www.tourinto.pt\\\/product\\\/bimbache-blanco\\\/#breadcrumb\",\"itemListElement\":[{\"@type\":\"ListItem\",\"position\":1,\"name\":\"In\u00edcio\",\"item\":\"https:\\\/\\\/www.tourinto.pt\\\/\"},{\"@type\":\"ListItem\",\"position\":2,\"name\":\"Garrafeira on-line\",\"item\":\"https:\\\/\\\/www.tourinto.pt\\\/garrafeira-on-line\\\/\"},{\"@type\":\"ListItem\",\"position\":3,\"name\":\"Bimbache Blanco\"}]},{\"@type\":\"WebSite\",\"@id\":\"https:\\\/\\\/www.tourinto.pt\\\/#website\",\"url\":\"https:\\\/\\\/www.tourinto.pt\\\/\",\"name\":\"Tourinto Premium Wines\",\"description\":\"Garrafeira on-line\",\"publisher\":{\"@id\":\"https:\\\/\\\/www.tourinto.pt\\\/#organization\"},\"alternateName\":\"Garrafeira on-line\",\"potentialAction\":[{\"@type\":\"SearchAction\",\"target\":{\"@type\":\"EntryPoint\",\"urlTemplate\":\"https:\\\/\\\/www.tourinto.pt\\\/?s={search_term_string}\"},\"query-input\":{\"@type\":\"PropertyValueSpecification\",\"valueRequired\":true,\"valueName\":\"search_term_string\"}}],\"inLanguage\":\"en-GB\"},{\"@type\":[\"Organization\",\"Place\"],\"@id\":\"https:\\\/\\\/www.tourinto.pt\\\/#organization\",\"name\":\"Tourinto\",\"alternateName\":\"Garrafeira Tourinto, Lda.\",\"url\":\"https:\\\/\\\/www.tourinto.pt\\\/\",\"logo\":{\"@id\":\"https:\\\/\\\/www.tourinto.pt\\\/product\\\/bimbache-blanco\\\/#local-main-organization-logo\"},\"image\":{\"@id\":\"https:\\\/\\\/www.tourinto.pt\\\/product\\\/bimbache-blanco\\\/#local-main-organization-logo\"},\"sameAs\":[\"https:\\\/\\\/www.facebook.com\\\/garrafeiratourinto\",\"https:\\\/\\\/www.instagram.com\\\/garrafeiratourinto\\\/\"],\"telephone\":[],\"openingHoursSpecification\":[{\"@type\":\"OpeningHoursSpecification\",\"dayOfWeek\":[\"Monday\",\"Tuesday\",\"Wednesday\",\"Thursday\",\"Friday\",\"Saturday\",\"Sunday\"],\"opens\":\"09:00\",\"closes\":\"17:00\"}]},{\"@type\":\"ImageObject\",\"inLanguage\":\"en-GB\",\"@id\":\"https:\\\/\\\/www.tourinto.pt\\\/product\\\/bimbache-blanco\\\/#local-main-organization-logo\",\"url\":\"https:\\\/\\\/i0.wp.com\\\/www.tourinto.pt\\\/wp-content\\\/uploads\\\/2022\\\/07\\\/tourinto-logo-big.png?fit=1400%2C505&ssl=1\",\"contentUrl\":\"https:\\\/\\\/i0.wp.com\\\/www.tourinto.pt\\\/wp-content\\\/uploads\\\/2022\\\/07\\\/tourinto-logo-big.png?fit=1400%2C505&ssl=1\",\"width\":1400,\"height\":505,\"caption\":\"Tourinto\"}]}<\/script>\n<meta property=\"product:price:amount\" content=\"45.40\" \/>\n<meta property=\"product:price:currency\" content=\"EUR\" \/>\n<meta property=\"og:availability\" content=\"instock\" \/>\n<meta property=\"product:availability\" content=\"instock\" \/>\n<meta property=\"product:retailer_item_id\" content=\"143.01.2022\" \/>\n<meta property=\"product:condition\" content=\"new\" \/>\n<!-- \/ Yoast SEO Premium plugin. -->","yoast_head_json":{"title":"Bimbache Blanco - Tourinto Premium Wines","description":"Bimbache Blanco \u00e9 um vinho de extrema tens\u00e3o, definido por uma acidez c\u00edtrica \"el\u00e9trica\" e uma mineralidade salina muito profunda, com aromas austeros.","robots":{"index":"index","follow":"follow","max-snippet":"max-snippet:-1","max-image-preview":"max-image-preview:large","max-video-preview":"max-video-preview:-1"},"canonical":"https:\/\/www.tourinto.pt\/en\/product\/bimbache-blanco\/","og_locale":"en_GB","og_type":"article","og_title":"Bimbache Blanco","og_description":"Bimbache Blanco \u00e9 um vinho de extrema tens\u00e3o, definido por uma acidez c\u00edtrica \"el\u00e9trica\" e uma mineralidade salina muito profunda, com aromas austeros.","og_url":"https:\/\/www.tourinto.pt\/en\/product\/bimbache-blanco\/","og_site_name":"Tourinto Premium Wines","article_publisher":"https:\/\/www.facebook.com\/garrafeiratourinto","article_modified_time":"2026-03-16T21:42:15+00:00","og_image":[{"width":881,"height":1400,"url":"https:\/\/www.tourinto.pt\/wp-content\/uploads\/2026\/02\/Bimbache-Branco.webp","type":"image\/webp"}],"twitter_card":"summary_large_image","twitter_misc":{"Price":"45,40&nbsp;&euro;","Availability":"In stock"},"schema":{"@context":"https:\/\/schema.org","@graph":[{"@type":"WebPage","@id":"https:\/\/www.tourinto.pt\/product\/bimbache-blanco\/","url":"https:\/\/www.tourinto.pt\/product\/bimbache-blanco\/","name":"Bimbache Blanco - Tourinto Premium Wines","isPartOf":{"@id":"https:\/\/www.tourinto.pt\/#website"},"primaryImageOfPage":{"@id":"https:\/\/www.tourinto.pt\/product\/bimbache-blanco\/#primaryimage"},"image":{"@id":"https:\/\/www.tourinto.pt\/product\/bimbache-blanco\/#primaryimage"},"thumbnailUrl":"https:\/\/i0.wp.com\/www.tourinto.pt\/wp-content\/uploads\/2026\/02\/Bimbache-Branco.webp?fit=881%2C1400&ssl=1","datePublished":"2026-02-01T20:11:09+00:00","dateModified":"2026-03-16T21:42:15+00:00","description":"Bimbache Blanco \u00e9 um vinho de extrema tens\u00e3o, definido por uma acidez c\u00edtrica \"el\u00e9trica\" e uma mineralidade salina muito profunda, com aromas austeros.","breadcrumb":{"@id":"https:\/\/www.tourinto.pt\/product\/bimbache-blanco\/#breadcrumb"},"inLanguage":"en-GB","potentialAction":[{"@type":"ReadAction","target":["https:\/\/www.tourinto.pt\/product\/bimbache-blanco\/"]}]},{"@type":"ImageObject","inLanguage":"en-GB","@id":"https:\/\/www.tourinto.pt\/product\/bimbache-blanco\/#primaryimage","url":"https:\/\/i0.wp.com\/www.tourinto.pt\/wp-content\/uploads\/2026\/02\/Bimbache-Branco.webp?fit=881%2C1400&ssl=1","contentUrl":"https:\/\/i0.wp.com\/www.tourinto.pt\/wp-content\/uploads\/2026\/02\/Bimbache-Branco.webp?fit=881%2C1400&ssl=1","width":881,"height":1400,"caption":"Bimbache Vinho Branco, Bimbache Vinho Can\u00e1rias , Vinho Bimbache La Raya, Bimbache Verijadiego Blanco"},{"@type":"BreadcrumbList","@id":"https:\/\/www.tourinto.pt\/product\/bimbache-blanco\/#breadcrumb","itemListElement":[{"@type":"ListItem","position":1,"name":"In\u00edcio","item":"https:\/\/www.tourinto.pt\/"},{"@type":"ListItem","position":2,"name":"Garrafeira on-line","item":"https:\/\/www.tourinto.pt\/garrafeira-on-line\/"},{"@type":"ListItem","position":3,"name":"Bimbache Blanco"}]},{"@type":"WebSite","@id":"https:\/\/www.tourinto.pt\/#website","url":"https:\/\/www.tourinto.pt\/","name":"Tourinto Premium Wines","description":"Wine Shop online","publisher":{"@id":"https:\/\/www.tourinto.pt\/#organization"},"alternateName":"Garrafeira on-line","potentialAction":[{"@type":"SearchAction","target":{"@type":"EntryPoint","urlTemplate":"https:\/\/www.tourinto.pt\/?s={search_term_string}"},"query-input":{"@type":"PropertyValueSpecification","valueRequired":true,"valueName":"search_term_string"}}],"inLanguage":"en-GB"},{"@type":["Organization","Place"],"@id":"https:\/\/www.tourinto.pt\/#organization","name":"Tourinto","alternateName":"Garrafeira Tourinto, Lda.","url":"https:\/\/www.tourinto.pt\/","logo":{"@id":"https:\/\/www.tourinto.pt\/product\/bimbache-blanco\/#local-main-organization-logo"},"image":{"@id":"https:\/\/www.tourinto.pt\/product\/bimbache-blanco\/#local-main-organization-logo"},"sameAs":["https:\/\/www.facebook.com\/garrafeiratourinto","https:\/\/www.instagram.com\/garrafeiratourinto\/"],"telephone":[],"openingHoursSpecification":[{"@type":"OpeningHoursSpecification","dayOfWeek":["Monday","Tuesday","Wednesday","Thursday","Friday","Saturday","Sunday"],"opens":"09:00","closes":"17:00"}]},{"@type":"ImageObject","inLanguage":"en-GB","@id":"https:\/\/www.tourinto.pt\/product\/bimbache-blanco\/#local-main-organization-logo","url":"https:\/\/i0.wp.com\/www.tourinto.pt\/wp-content\/uploads\/2022\/07\/tourinto-logo-big.png?fit=1400%2C505&ssl=1","contentUrl":"https:\/\/i0.wp.com\/www.tourinto.pt\/wp-content\/uploads\/2022\/07\/tourinto-logo-big.png?fit=1400%2C505&ssl=1","width":1400,"height":505,"caption":"Tourinto"}]},"product_price_amount":"45.40","product_price_currency":"EUR","og_availability":"instock","product_availability":"instock","product_retailer_item_id":"143.01.2022","product_condition":"new"},"jetpack_publicize_connections":[],"jetpack_sharing_enabled":true,"_links":{"self":[{"href":"https:\/\/www.tourinto.pt\/en\/wp-json\/wp\/v2\/product\/16636","targetHints":{"allow":["GET"]}}],"collection":[{"href":"https:\/\/www.tourinto.pt\/en\/wp-json\/wp\/v2\/product"}],"about":[{"href":"https:\/\/www.tourinto.pt\/en\/wp-json\/wp\/v2\/types\/product"}],"replies":[{"embeddable":true,"href":"https:\/\/www.tourinto.pt\/en\/wp-json\/wp\/v2\/comments?post=16636"}],"wp:featuredmedia":[{"embeddable":true,"href":"https:\/\/www.tourinto.pt\/en\/wp-json\/wp\/v2\/media\/16637"}],"wp:attachment":[{"href":"https:\/\/www.tourinto.pt\/en\/wp-json\/wp\/v2\/media?parent=16636"}],"wp:term":[{"taxonomy":"product_brand","embeddable":true,"href":"https:\/\/www.tourinto.pt\/en\/wp-json\/wp\/v2\/product_brand?post=16636"},{"taxonomy":"product_cat","embeddable":true,"href":"https:\/\/www.tourinto.pt\/en\/wp-json\/wp\/v2\/product_cat?post=16636"},{"taxonomy":"product_tag","embeddable":true,"href":"https:\/\/www.tourinto.pt\/en\/wp-json\/wp\/v2\/product_tag?post=16636"}],"curies":[{"name":"wp","href":"https:\/\/api.w.org\/{rel}","templated":true}]}}