{"id":16477,"date":"2026-01-28T22:48:46","date_gmt":"2026-01-28T22:48:46","guid":{"rendered":"https:\/\/www.tourinto.pt\/?post_type=product&#038;p=16477"},"modified":"2026-01-29T22:01:49","modified_gmt":"2026-01-29T22:01:49","slug":"schloss-gobelsburg-gaisberg-riesling","status":"publish","type":"product","link":"https:\/\/www.tourinto.pt\/en\/product\/schloss-gobelsburg-gaisberg-riesling\/","title":{"rendered":"Schloss Gobelsburg Gaisberg Riesling 2019"},"content":{"rendered":"<div class=\"wpb-content-wrapper\"><div data-vc-full-width=\"true\" data-vc-full-width-init=\"false\" class=\"vc_row wpb_row vc_row-fluid vc_custom_1656585076455 vc_row-has-fill\"><div class=\"wpb_column vc_column_container vc_col-sm-12\"><div class=\"vc_column-inner\"><div class=\"wpb_wrapper\"><div class=\"vc_tta-container\" data-vc-action=\"collapse\"><div class=\"vc_general vc_tta vc_tta-tabs vc_tta-color-black vc_tta-style-flat vc_tta-shape-square vc_tta-spacing-1 vc_tta-o-no-fill vc_tta-tabs-position-top vc_tta-controls-align-left\"><div class=\"vc_tta-tabs-container\"><ul class=\"vc_tta-tabs-list\" role=\"tablist\"><li class=\"vc_tta-tab vc_active\" data-vc-tab role=\"presentation\"><a href=\"#1656584484701-0e478312-357c\" data-vc-tabs data-vc-container=\".vc_tta\" role=\"tab\" aria-selected=\"false\" id=\"tab-1656584484701-0e478312-357c\"><i class=\"vc_tta-icon vc-oi vc-oi-article\"><\/i><span class=\"vc_tta-title-text\">Description<\/span><\/a><\/li><\/ul><\/div><div class=\"vc_tta-panels-container\"><div class=\"vc_tta-panels\"><div class=\"vc_tta-panel vc_active\" id=\"1656584484701-0e478312-357c\" data-vc-content=\".vc_tta-panel-body\"><div class=\"vc_tta-panel-heading\"><h4 class=\"vc_tta-panel-title\"><a href=\"#1656584484701-0e478312-357c\" data-vc-accordion data-vc-container=\".vc_tta-container\"><i class=\"vc_tta-icon vc-oi vc-oi-article\"><\/i><span class=\"vc_tta-title-text\">Description<\/span><\/a><\/h4><\/div><div class=\"vc_tta-panel-body\">\n\t<div class=\"wpb_text_column wpb_content_element\" >\n\t\t<div class=\"wpb_wrapper\">\n\t\t\t<p><strong>Schloss Gobelsburg Gaisberg Riesling<\/strong><\/p>\n<p><strong>Grape varieties: <\/strong>Riesling.<br \/>\n<strong>Vinification: <\/strong>Hand-picked, gently pressed (whole bunches) and the must is left to settle naturally by sedimentation. Spontaneous fermentation in large Austrian oak barrels.<br \/>\n<strong>Aging: <\/strong>6 to 12 months in 25hl Austrian oak casks on fine lees.<br \/>\n<strong>Colour:<\/strong> Greenish-yellow.\u00a0<strong><br \/>\n<\/strong><b>Aroma: <\/b>A complex and exciting bouquet, with notes of apricot and elderflower, slate spices and citrus hints of mandarin and lemon.<br \/>\n<strong>Flavour: <\/strong>Electric, opening up to ripe, concentrated fruit. Dense and tense, with exquisite acidity that sustains a spectacularly long, mouth-watering, salty and mineral finish.<\/p>\n<hr style=\"border: #b0976d 1px dotted;\" \/>\n<p><strong>Serve:<\/strong> 10 to 12\u2070<br \/>\n<strong>Consumption: <\/strong>Immediate or storage.<\/p>\n<hr style=\"border: #b0976d 1px dotted;\" \/>\n<p><strong>Harmonisation: <\/strong>Ideal with fish, white meat, cheese, scallops and lobster.<\/p>\n<hr style=\"border: #b0976d 1px dotted;\" \/>\n<p><strong>Producer: <\/strong><a href=\"https:\/\/www.tourinto.pt\/en\/produtores\/austria-schloss-gobelsburg\/\">Schloss Gobelsburg<\/a><\/p>\n<p><strong>Enology: <\/strong>Michael Moosbrugger<\/p>\n<p><strong>Classification:<\/strong> <a href=\"https:\/\/www.tourinto.pt\/en\/categoria\/vinhos-austriacos\/\">Vinhos Austr\u00edacos<\/a> &#8211; <a href=\"https:\/\/www.tourinto.pt\/en\/produto-categoria\/regiao\/kamptal\/\">Kamptal<\/a><\/p>\n<p><strong>Awards and Notes:\u00a0<\/strong><\/p>\n<ul>\n<li><strong>Robert Parker &#8211; <\/strong>98\/100 (2019)<\/li>\n<li><strong>James Suckling<\/strong> &#8211; 96\/100 (2019)<\/li>\n<li><strong>Jancis Robinson &#8211;<\/strong> 17\/20 (2019)<\/li>\n<li><strong class=\"Yjhzub\" data-complete=\"true\">Falstaff &#8211; <\/strong>94\/100 (2019)<\/li>\n<li><strong class=\"Yjhzub\" data-complete=\"true\">Vinous &#8211; <\/strong>95\/100 (2019)<\/li>\n<\/ul>\n<p><a href=\"https:\/\/www.gobelsburg.at\/\"><span style=\"color: #f1f1f1;\"><strong>Schloss Gobelsburg<\/strong><\/span><\/a><\/p>\n\n\t\t<\/div>\n\t<\/div>\n<\/div><\/div><\/div><\/div><\/div><\/div><\/div><\/div><\/div><\/div><div class=\"vc_row-full-width vc_clearfix\"><\/div><div data-vc-full-width=\"true\" data-vc-full-width-init=\"false\" data-vc-stretch-content=\"true\" class=\"vc_row wpb_row vc_row-fluid vc_custom_1668610564009 vc_row-no-padding\"><div class=\"wpb_column vc_column_container vc_col-sm-12\"><div class=\"vc_column-inner\"><div class=\"wpb_wrapper\">\n<div class=\"vc_grid-container-wrapper vc_clearfix vc_grid-animation-fadeIn\">\n\t<div class=\"vc_grid-container vc_clearfix wpb_content_element vc_media_grid\" data-initial-loading-animation=\"fadeIn\" data-vc-grid-settings=\"{&quot;page_id&quot;:16477,&quot;style&quot;:&quot;all&quot;,&quot;action&quot;:&quot;vc_get_vc_grid_data&quot;,&quot;shortcode_id&quot;:&quot;1769724063029-40030953-46e6-3&quot;,&quot;tag&quot;:&quot;vc_media_grid&quot;}\" data-vc-request=\"https:\/\/www.tourinto.pt\/wp-admin\/admin-ajax.php\" data-vc-post-id=\"16477\" data-vc-public-nonce=\"bcedf1fdb1\">\n\t\t\n\t<\/div>\n<\/div><\/div><\/div><\/div><\/div><div class=\"vc_row-full-width vc_clearfix\"><\/div>\n<\/div>","protected":false},"excerpt":{"rendered":"<p>Schloss Gobelsburg Gaisberg Riesling \u00e9 um vinho el\u00e9trico, com notas de fruta madura e concentrada de damasco e flor de sabugueiro, especiarias de ard\u00f3sia e toques c\u00edtricos de tangerina e lim\u00e3o. Denso e tenso, com uma acidez requintada que sustenta um final espetacularmente longo, salivante, salino e mineral.<\/p>\n<p>Saiba mais sobre <a href=\"https:\/\/www.tourinto.pt\/produtores\/austria-schloss-gobelsburg\/\">Schloss Gobelsburg<\/a>.<\/p>\n[contact-form-7 id=\"4433d5d\" title=\"nota Uni\u00e3o Europeia\"]\n","protected":false},"featured_media":16479,"comment_status":"closed","ping_status":"closed","template":"","meta":{"_acf_changed":false,"_joinchat":[],"jetpack_publicize_message":"","jetpack_publicize_feature_enabled":true,"jetpack_social_post_already_shared":true,"jetpack_social_options":{"image_generator_settings":{"template":"highway","default_image_id":0,"font":"","enabled":false},"version":2}},"product_brand":[],"product_cat":[1281,1369,1366,297,976,100,81,44,1367,1070,1368],"product_tag":[1372,1371,273,294,373],"class_list":{"0":"post-16477","1":"product","2":"type-product","3":"status-publish","4":"has-post-thumbnail","6":"product_cat-brancos-internacionais","7":"product_cat-kamptal","8":"product_cat-vinhos-austriacos","9":"product_cat-minima-intervencao","10":"product_cat-vinhos-estrangeiros","11":"product_cat-tipologia","12":"product_cat-regiao","13":"product_cat-produtores","14":"product_cat-gruner-veltliner","15":"product_cat-riesling","16":"product_cat-schloss-gobelsburg","17":"product_tag-kamptal","18":"product_tag-austria","19":"product_tag-riesling","20":"product_tag-minima-intervencao","21":"product_tag-vinho-branco","22":"pa_ano-31","23":"pa_castas-riesling","24":"pa_categoria-vinhos-austriacos","25":"pa_enologia-michael-moosbrugger","26":"pa_harmonizacao-queijos","27":"pa_harmonizacao-carnes-brancas","28":"pa_harmonizacao-marisco","29":"pa_harmonizacao-peixe","30":"pa_leveduras-indigenas","31":"pa_produtor-schloss-gobelsburg","32":"pa_regiao-kamptal","33":"pa_tipologia-vinho-branco","34":"pa_vinificacao-minima-intervencao","35":"pa_viticultura-sustentavel","36":"pa_volume-750ml","38":"first","39":"instock","40":"taxable","41":"shipping-taxable","42":"purchasable","43":"product-type-simple"},"acf":[],"yoast_head":"<!-- This site is optimized with the Yoast SEO Premium plugin v27.5 (Yoast SEO v27.5) - https:\/\/yoast.com\/product\/yoast-seo-premium-wordpress\/ -->\n<title>Schloss Gobelsburg Gaisberg Riesling 2019 - Tourinto Premium Wines<\/title>\n<meta name=\"description\" content=\"Schloss Gobelsburg Gaisberg Riesling \u00e9 um vinho el\u00e9trico, com notas de fruta madura, especiarias de ard\u00f3sia e toques c\u00edtricos. mineral e salino.\" \/>\n<meta name=\"robots\" content=\"index, follow, max-snippet:-1, max-image-preview:large, max-video-preview:-1\" \/>\n<link rel=\"canonical\" href=\"https:\/\/www.tourinto.pt\/en\/product\/schloss-gobelsburg-gaisberg-riesling\/\" \/>\n<meta property=\"og:locale\" content=\"en_GB\" \/>\n<meta property=\"og:type\" content=\"article\" \/>\n<meta property=\"og:title\" content=\"Schloss Gobelsburg Gaisberg Riesling 2019\" \/>\n<meta property=\"og:description\" content=\"Schloss Gobelsburg Gaisberg Riesling \u00e9 um vinho el\u00e9trico, com notas de fruta madura, especiarias de ard\u00f3sia e toques c\u00edtricos. mineral e salino.\" \/>\n<meta property=\"og:url\" content=\"https:\/\/www.tourinto.pt\/en\/product\/schloss-gobelsburg-gaisberg-riesling\/\" \/>\n<meta property=\"og:site_name\" content=\"Tourinto Premium Wines\" \/>\n<meta property=\"article:publisher\" content=\"https:\/\/www.facebook.com\/garrafeiratourinto\" \/>\n<meta property=\"article:modified_time\" content=\"2026-01-29T22:01:49+00:00\" \/>\n<meta property=\"og:image\" content=\"https:\/\/www.tourinto.pt\/wp-content\/uploads\/2026\/01\/Schloss-Gobelsburg-Riesling-Gaisberg.webp\" \/>\n\t<meta property=\"og:image:width\" content=\"881\" \/>\n\t<meta property=\"og:image:height\" content=\"1400\" \/>\n\t<meta property=\"og:image:type\" content=\"image\/webp\" \/>\n<meta name=\"twitter:card\" content=\"summary_large_image\" \/>\n<meta name=\"twitter:label1\" content=\"Price\" \/>\n\t<meta name=\"twitter:data1\" content=\"34,90&nbsp;&euro;\" \/>\n\t<meta name=\"twitter:label2\" content=\"Availability\" \/>\n\t<meta name=\"twitter:data2\" content=\"In stock\" \/>\n<script type=\"application\/ld+json\" class=\"yoast-schema-graph\">{\"@context\":\"https:\\\/\\\/schema.org\",\"@graph\":[{\"@type\":\"WebPage\",\"@id\":\"https:\\\/\\\/www.tourinto.pt\\\/product\\\/schloss-gobelsburg-gaisberg-riesling\\\/\",\"url\":\"https:\\\/\\\/www.tourinto.pt\\\/product\\\/schloss-gobelsburg-gaisberg-riesling\\\/\",\"name\":\"Schloss Gobelsburg Gaisberg Riesling 2019 - Tourinto Premium Wines\",\"isPartOf\":{\"@id\":\"https:\\\/\\\/www.tourinto.pt\\\/#website\"},\"primaryImageOfPage\":{\"@id\":\"https:\\\/\\\/www.tourinto.pt\\\/product\\\/schloss-gobelsburg-gaisberg-riesling\\\/#primaryimage\"},\"image\":{\"@id\":\"https:\\\/\\\/www.tourinto.pt\\\/product\\\/schloss-gobelsburg-gaisberg-riesling\\\/#primaryimage\"},\"thumbnailUrl\":\"https:\\\/\\\/i0.wp.com\\\/www.tourinto.pt\\\/wp-content\\\/uploads\\\/2026\\\/01\\\/Schloss-Gobelsburg-Riesling-Gaisberg.webp?fit=881%2C1400&ssl=1\",\"datePublished\":\"2026-01-28T22:48:46+00:00\",\"dateModified\":\"2026-01-29T22:01:49+00:00\",\"description\":\"Schloss Gobelsburg Gaisberg Riesling \u00e9 um vinho el\u00e9trico, com notas de fruta madura, especiarias de ard\u00f3sia e toques c\u00edtricos. mineral e salino.\",\"breadcrumb\":{\"@id\":\"https:\\\/\\\/www.tourinto.pt\\\/product\\\/schloss-gobelsburg-gaisberg-riesling\\\/#breadcrumb\"},\"inLanguage\":\"en-GB\",\"potentialAction\":[{\"@type\":\"ReadAction\",\"target\":[\"https:\\\/\\\/www.tourinto.pt\\\/product\\\/schloss-gobelsburg-gaisberg-riesling\\\/\"]}]},{\"@type\":\"ImageObject\",\"inLanguage\":\"en-GB\",\"@id\":\"https:\\\/\\\/www.tourinto.pt\\\/product\\\/schloss-gobelsburg-gaisberg-riesling\\\/#primaryimage\",\"url\":\"https:\\\/\\\/i0.wp.com\\\/www.tourinto.pt\\\/wp-content\\\/uploads\\\/2026\\\/01\\\/Schloss-Gobelsburg-Riesling-Gaisberg.webp?fit=881%2C1400&ssl=1\",\"contentUrl\":\"https:\\\/\\\/i0.wp.com\\\/www.tourinto.pt\\\/wp-content\\\/uploads\\\/2026\\\/01\\\/Schloss-Gobelsburg-Riesling-Gaisberg.webp?fit=881%2C1400&ssl=1\",\"width\":881,\"height\":1400,\"caption\":\"Schloss Gobelsburg Riesling, Schloss Gobelsburg Gaisberg, Vinho Riesling Schloss Gobelsburg\"},{\"@type\":\"BreadcrumbList\",\"@id\":\"https:\\\/\\\/www.tourinto.pt\\\/product\\\/schloss-gobelsburg-gaisberg-riesling\\\/#breadcrumb\",\"itemListElement\":[{\"@type\":\"ListItem\",\"position\":1,\"name\":\"In\u00edcio\",\"item\":\"https:\\\/\\\/www.tourinto.pt\\\/\"},{\"@type\":\"ListItem\",\"position\":2,\"name\":\"Garrafeira on-line\",\"item\":\"https:\\\/\\\/www.tourinto.pt\\\/garrafeira-on-line\\\/\"},{\"@type\":\"ListItem\",\"position\":3,\"name\":\"Schloss Gobelsburg Gaisberg Riesling 2019\"}]},{\"@type\":\"WebSite\",\"@id\":\"https:\\\/\\\/www.tourinto.pt\\\/#website\",\"url\":\"https:\\\/\\\/www.tourinto.pt\\\/\",\"name\":\"Tourinto Premium Wines\",\"description\":\"Garrafeira on-line\",\"publisher\":{\"@id\":\"https:\\\/\\\/www.tourinto.pt\\\/#organization\"},\"alternateName\":\"Garrafeira on-line\",\"potentialAction\":[{\"@type\":\"SearchAction\",\"target\":{\"@type\":\"EntryPoint\",\"urlTemplate\":\"https:\\\/\\\/www.tourinto.pt\\\/?s={search_term_string}\"},\"query-input\":{\"@type\":\"PropertyValueSpecification\",\"valueRequired\":true,\"valueName\":\"search_term_string\"}}],\"inLanguage\":\"en-GB\"},{\"@type\":[\"Organization\",\"Place\"],\"@id\":\"https:\\\/\\\/www.tourinto.pt\\\/#organization\",\"name\":\"Tourinto\",\"alternateName\":\"Garrafeira Tourinto, Lda.\",\"url\":\"https:\\\/\\\/www.tourinto.pt\\\/\",\"logo\":{\"@id\":\"https:\\\/\\\/www.tourinto.pt\\\/product\\\/schloss-gobelsburg-gaisberg-riesling\\\/#local-main-organization-logo\"},\"image\":{\"@id\":\"https:\\\/\\\/www.tourinto.pt\\\/product\\\/schloss-gobelsburg-gaisberg-riesling\\\/#local-main-organization-logo\"},\"sameAs\":[\"https:\\\/\\\/www.facebook.com\\\/garrafeiratourinto\",\"https:\\\/\\\/www.instagram.com\\\/garrafeiratourinto\\\/\"],\"telephone\":[],\"openingHoursSpecification\":[{\"@type\":\"OpeningHoursSpecification\",\"dayOfWeek\":[\"Monday\",\"Tuesday\",\"Wednesday\",\"Thursday\",\"Friday\",\"Saturday\",\"Sunday\"],\"opens\":\"09:00\",\"closes\":\"17:00\"}]},{\"@type\":\"ImageObject\",\"inLanguage\":\"en-GB\",\"@id\":\"https:\\\/\\\/www.tourinto.pt\\\/product\\\/schloss-gobelsburg-gaisberg-riesling\\\/#local-main-organization-logo\",\"url\":\"https:\\\/\\\/i0.wp.com\\\/www.tourinto.pt\\\/wp-content\\\/uploads\\\/2022\\\/07\\\/tourinto-logo-big.png?fit=1400%2C505&ssl=1\",\"contentUrl\":\"https:\\\/\\\/i0.wp.com\\\/www.tourinto.pt\\\/wp-content\\\/uploads\\\/2022\\\/07\\\/tourinto-logo-big.png?fit=1400%2C505&ssl=1\",\"width\":1400,\"height\":505,\"caption\":\"Tourinto\"}]}<\/script>\n<meta property=\"product:price:amount\" content=\"34.90\" \/>\n<meta property=\"product:price:currency\" content=\"EUR\" \/>\n<meta property=\"og:availability\" content=\"instock\" \/>\n<meta property=\"product:availability\" content=\"instock\" \/>\n<meta property=\"product:retailer_item_id\" content=\"142.03.2019\" \/>\n<meta property=\"product:condition\" content=\"new\" \/>\n<!-- \/ Yoast SEO Premium plugin. -->","yoast_head_json":{"title":"Schloss Gobelsburg Gaisberg Riesling 2019 - Tourinto Premium Wines","description":"Schloss Gobelsburg Gaisberg Riesling \u00e9 um vinho el\u00e9trico, com notas de fruta madura, especiarias de ard\u00f3sia e toques c\u00edtricos. mineral e salino.","robots":{"index":"index","follow":"follow","max-snippet":"max-snippet:-1","max-image-preview":"max-image-preview:large","max-video-preview":"max-video-preview:-1"},"canonical":"https:\/\/www.tourinto.pt\/en\/product\/schloss-gobelsburg-gaisberg-riesling\/","og_locale":"en_GB","og_type":"article","og_title":"Schloss Gobelsburg Gaisberg Riesling 2019","og_description":"Schloss Gobelsburg Gaisberg Riesling \u00e9 um vinho el\u00e9trico, com notas de fruta madura, especiarias de ard\u00f3sia e toques c\u00edtricos. mineral e salino.","og_url":"https:\/\/www.tourinto.pt\/en\/product\/schloss-gobelsburg-gaisberg-riesling\/","og_site_name":"Tourinto Premium Wines","article_publisher":"https:\/\/www.facebook.com\/garrafeiratourinto","article_modified_time":"2026-01-29T22:01:49+00:00","og_image":[{"width":881,"height":1400,"url":"https:\/\/www.tourinto.pt\/wp-content\/uploads\/2026\/01\/Schloss-Gobelsburg-Riesling-Gaisberg.webp","type":"image\/webp"}],"twitter_card":"summary_large_image","twitter_misc":{"Price":"34,90&nbsp;&euro;","Availability":"In stock"},"schema":{"@context":"https:\/\/schema.org","@graph":[{"@type":"WebPage","@id":"https:\/\/www.tourinto.pt\/product\/schloss-gobelsburg-gaisberg-riesling\/","url":"https:\/\/www.tourinto.pt\/product\/schloss-gobelsburg-gaisberg-riesling\/","name":"Schloss Gobelsburg Gaisberg Riesling 2019 - Tourinto Premium Wines","isPartOf":{"@id":"https:\/\/www.tourinto.pt\/#website"},"primaryImageOfPage":{"@id":"https:\/\/www.tourinto.pt\/product\/schloss-gobelsburg-gaisberg-riesling\/#primaryimage"},"image":{"@id":"https:\/\/www.tourinto.pt\/product\/schloss-gobelsburg-gaisberg-riesling\/#primaryimage"},"thumbnailUrl":"https:\/\/i0.wp.com\/www.tourinto.pt\/wp-content\/uploads\/2026\/01\/Schloss-Gobelsburg-Riesling-Gaisberg.webp?fit=881%2C1400&ssl=1","datePublished":"2026-01-28T22:48:46+00:00","dateModified":"2026-01-29T22:01:49+00:00","description":"Schloss Gobelsburg Gaisberg Riesling \u00e9 um vinho el\u00e9trico, com notas de fruta madura, especiarias de ard\u00f3sia e toques c\u00edtricos. mineral e salino.","breadcrumb":{"@id":"https:\/\/www.tourinto.pt\/product\/schloss-gobelsburg-gaisberg-riesling\/#breadcrumb"},"inLanguage":"en-GB","potentialAction":[{"@type":"ReadAction","target":["https:\/\/www.tourinto.pt\/product\/schloss-gobelsburg-gaisberg-riesling\/"]}]},{"@type":"ImageObject","inLanguage":"en-GB","@id":"https:\/\/www.tourinto.pt\/product\/schloss-gobelsburg-gaisberg-riesling\/#primaryimage","url":"https:\/\/i0.wp.com\/www.tourinto.pt\/wp-content\/uploads\/2026\/01\/Schloss-Gobelsburg-Riesling-Gaisberg.webp?fit=881%2C1400&ssl=1","contentUrl":"https:\/\/i0.wp.com\/www.tourinto.pt\/wp-content\/uploads\/2026\/01\/Schloss-Gobelsburg-Riesling-Gaisberg.webp?fit=881%2C1400&ssl=1","width":881,"height":1400,"caption":"Schloss Gobelsburg Riesling, Schloss Gobelsburg Gaisberg, Vinho Riesling Schloss Gobelsburg"},{"@type":"BreadcrumbList","@id":"https:\/\/www.tourinto.pt\/product\/schloss-gobelsburg-gaisberg-riesling\/#breadcrumb","itemListElement":[{"@type":"ListItem","position":1,"name":"In\u00edcio","item":"https:\/\/www.tourinto.pt\/"},{"@type":"ListItem","position":2,"name":"Garrafeira on-line","item":"https:\/\/www.tourinto.pt\/garrafeira-on-line\/"},{"@type":"ListItem","position":3,"name":"Schloss Gobelsburg Gaisberg Riesling 2019"}]},{"@type":"WebSite","@id":"https:\/\/www.tourinto.pt\/#website","url":"https:\/\/www.tourinto.pt\/","name":"Tourinto Premium Wines","description":"Wine Shop online","publisher":{"@id":"https:\/\/www.tourinto.pt\/#organization"},"alternateName":"Garrafeira on-line","potentialAction":[{"@type":"SearchAction","target":{"@type":"EntryPoint","urlTemplate":"https:\/\/www.tourinto.pt\/?s={search_term_string}"},"query-input":{"@type":"PropertyValueSpecification","valueRequired":true,"valueName":"search_term_string"}}],"inLanguage":"en-GB"},{"@type":["Organization","Place"],"@id":"https:\/\/www.tourinto.pt\/#organization","name":"Tourinto","alternateName":"Garrafeira Tourinto, Lda.","url":"https:\/\/www.tourinto.pt\/","logo":{"@id":"https:\/\/www.tourinto.pt\/product\/schloss-gobelsburg-gaisberg-riesling\/#local-main-organization-logo"},"image":{"@id":"https:\/\/www.tourinto.pt\/product\/schloss-gobelsburg-gaisberg-riesling\/#local-main-organization-logo"},"sameAs":["https:\/\/www.facebook.com\/garrafeiratourinto","https:\/\/www.instagram.com\/garrafeiratourinto\/"],"telephone":[],"openingHoursSpecification":[{"@type":"OpeningHoursSpecification","dayOfWeek":["Monday","Tuesday","Wednesday","Thursday","Friday","Saturday","Sunday"],"opens":"09:00","closes":"17:00"}]},{"@type":"ImageObject","inLanguage":"en-GB","@id":"https:\/\/www.tourinto.pt\/product\/schloss-gobelsburg-gaisberg-riesling\/#local-main-organization-logo","url":"https:\/\/i0.wp.com\/www.tourinto.pt\/wp-content\/uploads\/2022\/07\/tourinto-logo-big.png?fit=1400%2C505&ssl=1","contentUrl":"https:\/\/i0.wp.com\/www.tourinto.pt\/wp-content\/uploads\/2022\/07\/tourinto-logo-big.png?fit=1400%2C505&ssl=1","width":1400,"height":505,"caption":"Tourinto"}]},"product_price_amount":"34.90","product_price_currency":"EUR","og_availability":"instock","product_availability":"instock","product_retailer_item_id":"142.03.2019","product_condition":"new"},"jetpack_publicize_connections":[],"jetpack_sharing_enabled":true,"_links":{"self":[{"href":"https:\/\/www.tourinto.pt\/en\/wp-json\/wp\/v2\/product\/16477","targetHints":{"allow":["GET"]}}],"collection":[{"href":"https:\/\/www.tourinto.pt\/en\/wp-json\/wp\/v2\/product"}],"about":[{"href":"https:\/\/www.tourinto.pt\/en\/wp-json\/wp\/v2\/types\/product"}],"replies":[{"embeddable":true,"href":"https:\/\/www.tourinto.pt\/en\/wp-json\/wp\/v2\/comments?post=16477"}],"wp:featuredmedia":[{"embeddable":true,"href":"https:\/\/www.tourinto.pt\/en\/wp-json\/wp\/v2\/media\/16479"}],"wp:attachment":[{"href":"https:\/\/www.tourinto.pt\/en\/wp-json\/wp\/v2\/media?parent=16477"}],"wp:term":[{"taxonomy":"product_brand","embeddable":true,"href":"https:\/\/www.tourinto.pt\/en\/wp-json\/wp\/v2\/product_brand?post=16477"},{"taxonomy":"product_cat","embeddable":true,"href":"https:\/\/www.tourinto.pt\/en\/wp-json\/wp\/v2\/product_cat?post=16477"},{"taxonomy":"product_tag","embeddable":true,"href":"https:\/\/www.tourinto.pt\/en\/wp-json\/wp\/v2\/product_tag?post=16477"}],"curies":[{"name":"wp","href":"https:\/\/api.w.org\/{rel}","templated":true}]}}