{"id":16287,"date":"2025-12-28T10:43:17","date_gmt":"2025-12-28T10:43:17","guid":{"rendered":"https:\/\/www.tourinto.pt\/?post_type=product&#038;p=16287"},"modified":"2026-03-16T21:49:52","modified_gmt":"2026-03-16T21:49:52","slug":"domaine-francois-gaunoux-meursault-clos-tavaux-monopole","status":"publish","type":"product","link":"https:\/\/www.tourinto.pt\/en\/product\/domaine-francois-gaunoux-meursault-clos-tavaux-monopole\/","title":{"rendered":"Domaine Fran\u00e7ois Gaunoux Meursault\u00a0Clos Tavaux Monopole 2022"},"content":{"rendered":"<div class=\"wpb-content-wrapper\"><div data-vc-full-width=\"true\" data-vc-full-width-init=\"false\" class=\"vc_row wpb_row vc_row-fluid vc_custom_1656585076455 vc_row-has-fill\"><div class=\"wpb_column vc_column_container vc_col-sm-12\"><div class=\"vc_column-inner\"><div class=\"wpb_wrapper\"><div class=\"vc_tta-container\" data-vc-action=\"collapse\"><div class=\"vc_general vc_tta vc_tta-tabs vc_tta-color-black vc_tta-style-flat vc_tta-shape-square vc_tta-spacing-1 vc_tta-o-no-fill vc_tta-tabs-position-top vc_tta-controls-align-left\"><div class=\"vc_tta-tabs-container\"><ul class=\"vc_tta-tabs-list\" role=\"tablist\"><li class=\"vc_tta-tab vc_active\" data-vc-tab role=\"presentation\"><a href=\"#1656584484701-0e478312-357c\" data-vc-tabs data-vc-container=\".vc_tta\" role=\"tab\" aria-selected=\"false\" id=\"tab-1656584484701-0e478312-357c\"><i class=\"vc_tta-icon vc-oi vc-oi-article\"><\/i><span class=\"vc_tta-title-text\">Description<\/span><\/a><\/li><\/ul><\/div><div class=\"vc_tta-panels-container\"><div class=\"vc_tta-panels\"><div class=\"vc_tta-panel vc_active\" id=\"1656584484701-0e478312-357c\" data-vc-content=\".vc_tta-panel-body\"><div class=\"vc_tta-panel-heading\"><h4 class=\"vc_tta-panel-title\"><a href=\"#1656584484701-0e478312-357c\" data-vc-accordion data-vc-container=\".vc_tta-container\"><i class=\"vc_tta-icon vc-oi vc-oi-article\"><\/i><span class=\"vc_tta-title-text\">Description<\/span><\/a><\/h4><\/div><div class=\"vc_tta-panel-body\">\n\t<div class=\"wpb_text_column wpb_content_element\" id=\"Chardonnay\">\n\t\t<div class=\"wpb_wrapper\">\n\t\t\t<p><strong>Domaine Fran\u00e7ois Gaunoux Meursault Clos Tavaux Monopole<\/strong><\/p>\n<p><strong>Grape varieties: <\/strong>Chardonnay.<br \/>\n<strong>Vinification: <\/strong>Hand-picked, slow pressing and fermentation in French oak barrels.<br \/>\n<strong>Aging: <\/strong>12 to 14 months with lees.<br \/>\n<strong>Colour: <\/strong>Bright golden yellow.\u00a0<strong><br \/>\n<\/strong><strong>Aroma: <\/strong>Notes of pear, green apple and apricot, white flowers, subtle hints of hazelnut and lees character.<br \/>\n<strong>Flavour: <\/strong>On the palate, it is full and silky, with a fine, balanced acidity, where fruit and floral nuances blend with salty minerality, followed by a long, persistent finish.<\/p>\n<hr style=\"border: #b0976d 1px dotted;\" \/>\n<p><strong>Serve:<\/strong> 10 to 12\u2070<br \/>\n<strong>Consumption: <\/strong>Immediate or storage.<\/p>\n<hr style=\"border: #b0976d 1px dotted;\" \/>\n<p><strong>Harmonisation: <\/strong>Fish dishes, white meats, game birds, mushrooms and classic French cuisine.<\/p>\n<hr style=\"border: #b0976d 1px dotted;\" \/>\n<p><strong>Producer: <\/strong><a href=\"https:\/\/www.tourinto.pt\/en\/produtores\/franca\/domaine-francois-gaunoux\/\">Domaine Fran\u00e7ois Gaunoux<\/a><\/p>\n<p><strong>Enology: <\/strong>Claudine Gaunoux<\/p>\n<p><strong>Category: <\/strong><a href=\"https:\/\/www.tourinto.pt\/en\/produto-categoria\/vinhos-franceses\/\">French wines<\/a> &#8211; <a href=\"https:\/\/www.tourinto.pt\/en\/produto-categoria\/regiao\/borgonha\/\">Bourgogne <\/a>&#8211; C\u00f4te de Beaune<\/p>\n<p><strong>Awards and Notes:<\/strong><\/p>\n<ul>\n<li><strong>Jancis Robinson &#8211;<\/strong><\/li>\n<\/ul>\n<p><a href=\"https:\/\/www.chablis-grossot.com\/\"><span style=\"color: #f1f1f1;\">Domaine Grossot<\/span><\/a><\/p>\n\n\t\t<\/div>\n\t<\/div>\n<\/div><\/div><\/div><\/div><\/div><\/div><\/div><\/div><\/div><\/div><div class=\"vc_row-full-width vc_clearfix\"><\/div><div data-vc-full-width=\"true\" data-vc-full-width-init=\"false\" data-vc-stretch-content=\"true\" class=\"vc_row wpb_row vc_row-fluid vc_custom_1720195851572 vc_row-no-padding\"><div class=\"wpb_column vc_column_container vc_col-sm-12\"><div class=\"vc_column-inner\"><div class=\"wpb_wrapper\">\n<div class=\"vc_grid-container-wrapper vc_clearfix vc_grid-animation-fadeIn\">\n\t<div class=\"vc_grid-container vc_clearfix wpb_content_element vc_media_grid\" data-initial-loading-animation=\"fadeIn\" data-vc-grid-settings=\"{&quot;page_id&quot;:16287,&quot;style&quot;:&quot;all&quot;,&quot;action&quot;:&quot;vc_get_vc_grid_data&quot;,&quot;shortcode_id&quot;:&quot;1766918609186-c2a377f1-6d8b-10&quot;,&quot;tag&quot;:&quot;vc_media_grid&quot;}\" data-vc-request=\"https:\/\/www.tourinto.pt\/wp-admin\/admin-ajax.php\" data-vc-post-id=\"16287\" data-vc-public-nonce=\"b902f86529\">\n\t\t\n\t<\/div>\n<\/div><\/div><\/div><\/div><\/div><div class=\"vc_row-full-width vc_clearfix\"><\/div>\n<\/div>","protected":false},"excerpt":{"rendered":"<p>Domaine Fran\u00e7ois Gaunoux Meursault Clos Tavaux Monopole \u00e9 um Chardonnay que expressa notas de p\u00eara e damascos, flores brancas, subtis notas de avel\u00e3 e de car\u00e1cter de borras.<strong>\u00a0<\/strong>Na boca \u00e9 cheio e sedoso, com uma acidez fina e equilibrada e mineralidade salina, para al\u00e9m de um final longo e persistente.<\/p>\n<p>Saiba mais sobre o <a href=\"https:\/\/www.tourinto.pt\/produtores\/franca\/domaine-francois-gaunoux\/\">Domaine Fran\u00e7ois Gaunoux<\/a>.<\/p>\n[contact-form-7 id=\"4433d5d\" title=\"nota Uni\u00e3o Europeia\"]\n","protected":false},"featured_media":16288,"comment_status":"closed","ping_status":"closed","template":"","meta":{"_acf_changed":false,"_joinchat":[],"jetpack_publicize_message":"","jetpack_publicize_feature_enabled":true,"jetpack_social_post_already_shared":true,"jetpack_social_options":{"image_generator_settings":{"template":"highway","default_image_id":0,"font":"","enabled":false},"version":2}},"product_brand":[],"product_cat":[1469,1281,391,1351,297,976,425,780,1076,100,81,44,1350],"product_tag":[786,99,294,373],"class_list":{"0":"post-16287","1":"product","2":"type-product","3":"status-publish","4":"has-post-thumbnail","6":"product_cat-sommelier-selection","7":"product_cat-brancos-internacionais","8":"product_cat-destaques","9":"product_cat-franceses-brancos","10":"product_cat-minima-intervencao","11":"product_cat-vinhos-estrangeiros","12":"product_cat-vinhos-franceses","13":"product_cat-borgonha","14":"product_cat-chardonnay","15":"product_cat-tipologia","16":"product_cat-regiao","17":"product_cat-produtores","18":"product_cat-domaine-francois-gaunoux","19":"product_tag-borgonha","20":"product_tag-chardonnay","21":"product_tag-minima-intervencao","22":"product_tag-vinho-branco","23":"pa_ano-336","24":"pa_castas-chardonnay","25":"pa_enologia-claudine-gaunoux","26":"pa_harmonizacao-cogumelos","27":"pa_harmonizacao-caca","28":"pa_harmonizacao-carnes-brancas","29":"pa_harmonizacao-peixe","30":"pa_leveduras-indigenas","31":"pa_produtor-domaine-francois-gaunoux","32":"pa_regiao-borgonha","33":"pa_tipologia-vinho-branco","34":"pa_vinificacao-minima-intervencao","35":"pa_viticultura-sustentavel","36":"pa_volume-750ml","38":"first","39":"instock","40":"featured","41":"taxable","42":"shipping-taxable","43":"purchasable","44":"product-type-simple"},"acf":[],"yoast_head":"<!-- This site is optimized with the Yoast SEO Premium plugin v27.3 (Yoast SEO v27.4) - https:\/\/yoast.com\/product\/yoast-seo-premium-wordpress\/ -->\n<title>Domaine Fran\u00e7ois Gaunoux Meursault\u00a0Clos Tavaux Monopole 2022 - Tourinto Premium Wines<\/title>\n<meta name=\"description\" content=\"Domaine Fran\u00e7ois Gaunoux Meursault\u00a0Clos Tavaux Monopole expressa notas de p\u00eara e damascos, flores brancas, subtis notas de avel\u00e3 e de car\u00e1cter de borras.\u00a0\" \/>\n<meta name=\"robots\" content=\"index, follow, max-snippet:-1, max-image-preview:large, max-video-preview:-1\" \/>\n<link rel=\"canonical\" href=\"https:\/\/www.tourinto.pt\/en\/product\/domaine-francois-gaunoux-pommard-les-tavannes\/\" \/>\n<meta property=\"og:locale\" content=\"en_GB\" \/>\n<meta property=\"og:type\" content=\"article\" \/>\n<meta property=\"og:title\" content=\"Domaine Fran\u00e7ois Gaunoux Meursault\u00a0Clos Tavaux Monopole 2022\" \/>\n<meta property=\"og:description\" content=\"Domaine Fran\u00e7ois Gaunoux Meursault\u00a0Clos Tavaux Monopole expressa notas de p\u00eara e damascos, flores brancas, subtis notas de avel\u00e3 e de car\u00e1cter de borras.\u00a0\" \/>\n<meta property=\"og:url\" content=\"https:\/\/www.tourinto.pt\/en\/product\/domaine-francois-gaunoux-pommard-les-tavannes\/\" \/>\n<meta property=\"og:site_name\" content=\"Tourinto Premium Wines\" \/>\n<meta property=\"article:publisher\" content=\"https:\/\/www.facebook.com\/garrafeiratourinto\" \/>\n<meta property=\"article:modified_time\" content=\"2026-03-16T21:49:52+00:00\" \/>\n<meta property=\"og:image\" content=\"https:\/\/www.tourinto.pt\/wp-content\/uploads\/2025\/12\/Domaine-Francois-Gaunoux-1-1.webp\" \/>\n\t<meta property=\"og:image:width\" content=\"881\" \/>\n\t<meta property=\"og:image:height\" content=\"1400\" \/>\n\t<meta property=\"og:image:type\" content=\"image\/webp\" \/>\n<meta name=\"twitter:card\" content=\"summary_large_image\" \/>\n<meta name=\"twitter:label1\" content=\"Price\" \/>\n\t<meta name=\"twitter:data1\" content=\"99,50&nbsp;&euro;\" \/>\n\t<meta name=\"twitter:label2\" content=\"Availability\" \/>\n\t<meta name=\"twitter:data2\" content=\"In stock\" \/>\n<script type=\"application\/ld+json\" class=\"yoast-schema-graph\">{\"@context\":\"https:\\\/\\\/schema.org\",\"@graph\":[{\"@type\":\"WebPage\",\"@id\":\"https:\\\/\\\/www.tourinto.pt\\\/product\\\/domaine-francois-gaunoux-meursault-clos-tavaux-monopole\\\/\",\"url\":\"https:\\\/\\\/www.tourinto.pt\\\/product\\\/domaine-francois-gaunoux-pommard-les-tavannes\\\/\",\"name\":\"Domaine Fran\u00e7ois Gaunoux Meursault\u00a0Clos Tavaux Monopole 2022 - Tourinto Premium Wines\",\"isPartOf\":{\"@id\":\"https:\\\/\\\/www.tourinto.pt\\\/#website\"},\"primaryImageOfPage\":{\"@id\":\"https:\\\/\\\/www.tourinto.pt\\\/product\\\/domaine-francois-gaunoux-pommard-les-tavannes\\\/#primaryimage\"},\"image\":{\"@id\":\"https:\\\/\\\/www.tourinto.pt\\\/product\\\/domaine-francois-gaunoux-pommard-les-tavannes\\\/#primaryimage\"},\"thumbnailUrl\":\"https:\\\/\\\/i0.wp.com\\\/www.tourinto.pt\\\/wp-content\\\/uploads\\\/2025\\\/12\\\/Domaine-Francois-Gaunoux-1-1.webp?fit=881%2C1400&ssl=1\",\"datePublished\":\"2025-12-28T10:43:17+00:00\",\"dateModified\":\"2026-03-16T21:49:52+00:00\",\"description\":\"Domaine Fran\u00e7ois Gaunoux Meursault\u00a0Clos Tavaux Monopole expressa notas de p\u00eara e damascos, flores brancas, subtis notas de avel\u00e3 e de car\u00e1cter de borras.\u00a0\",\"breadcrumb\":{\"@id\":\"https:\\\/\\\/www.tourinto.pt\\\/product\\\/domaine-francois-gaunoux-pommard-les-tavannes\\\/#breadcrumb\"},\"inLanguage\":\"en-GB\",\"potentialAction\":[{\"@type\":\"ReadAction\",\"target\":[\"https:\\\/\\\/www.tourinto.pt\\\/product\\\/domaine-francois-gaunoux-pommard-les-tavannes\\\/\"]}]},{\"@type\":\"ImageObject\",\"inLanguage\":\"en-GB\",\"@id\":\"https:\\\/\\\/www.tourinto.pt\\\/product\\\/domaine-francois-gaunoux-pommard-les-tavannes\\\/#primaryimage\",\"url\":\"https:\\\/\\\/i0.wp.com\\\/www.tourinto.pt\\\/wp-content\\\/uploads\\\/2025\\\/12\\\/Domaine-Francois-Gaunoux-1-1.webp?fit=881%2C1400&ssl=1\",\"contentUrl\":\"https:\\\/\\\/i0.wp.com\\\/www.tourinto.pt\\\/wp-content\\\/uploads\\\/2025\\\/12\\\/Domaine-Francois-Gaunoux-1-1.webp?fit=881%2C1400&ssl=1\",\"width\":881,\"height\":1400,\"caption\":\"Domaine Fran\u00e7ois Gaunoux Mersault, Domaine Fran\u00e7ois Gaunoux Chardonnay, Fran\u00e7ois Gaunoux Clos Tavaux, Chardonnay Fran\u00e7ois Gaunoux Mersault\"},{\"@type\":\"BreadcrumbList\",\"@id\":\"https:\\\/\\\/www.tourinto.pt\\\/product\\\/domaine-francois-gaunoux-pommard-les-tavannes\\\/#breadcrumb\",\"itemListElement\":[{\"@type\":\"ListItem\",\"position\":1,\"name\":\"In\u00edcio\",\"item\":\"https:\\\/\\\/www.tourinto.pt\\\/\"},{\"@type\":\"ListItem\",\"position\":2,\"name\":\"Garrafeira on-line\",\"item\":\"https:\\\/\\\/www.tourinto.pt\\\/garrafeira-on-line\\\/\"},{\"@type\":\"ListItem\",\"position\":3,\"name\":\"Domaine Fran\u00e7ois Gaunoux Meursault\u00a0Clos Tavaux Monopole 2022\"}]},{\"@type\":\"WebSite\",\"@id\":\"https:\\\/\\\/www.tourinto.pt\\\/#website\",\"url\":\"https:\\\/\\\/www.tourinto.pt\\\/\",\"name\":\"Tourinto Premium Wines\",\"description\":\"Garrafeira on-line\",\"publisher\":{\"@id\":\"https:\\\/\\\/www.tourinto.pt\\\/#organization\"},\"alternateName\":\"Garrafeira on-line\",\"potentialAction\":[{\"@type\":\"SearchAction\",\"target\":{\"@type\":\"EntryPoint\",\"urlTemplate\":\"https:\\\/\\\/www.tourinto.pt\\\/?s={search_term_string}\"},\"query-input\":{\"@type\":\"PropertyValueSpecification\",\"valueRequired\":true,\"valueName\":\"search_term_string\"}}],\"inLanguage\":\"en-GB\"},{\"@type\":[\"Organization\",\"Place\"],\"@id\":\"https:\\\/\\\/www.tourinto.pt\\\/#organization\",\"name\":\"Tourinto\",\"alternateName\":\"Garrafeira Tourinto, Lda.\",\"url\":\"https:\\\/\\\/www.tourinto.pt\\\/\",\"logo\":{\"@id\":\"https:\\\/\\\/www.tourinto.pt\\\/product\\\/domaine-francois-gaunoux-pommard-les-tavannes\\\/#local-main-organization-logo\"},\"image\":{\"@id\":\"https:\\\/\\\/www.tourinto.pt\\\/product\\\/domaine-francois-gaunoux-pommard-les-tavannes\\\/#local-main-organization-logo\"},\"sameAs\":[\"https:\\\/\\\/www.facebook.com\\\/garrafeiratourinto\",\"https:\\\/\\\/www.instagram.com\\\/garrafeiratourinto\\\/\"],\"telephone\":[],\"openingHoursSpecification\":[{\"@type\":\"OpeningHoursSpecification\",\"dayOfWeek\":[\"Monday\",\"Tuesday\",\"Wednesday\",\"Thursday\",\"Friday\",\"Saturday\",\"Sunday\"],\"opens\":\"09:00\",\"closes\":\"17:00\"}]},{\"@type\":\"ImageObject\",\"inLanguage\":\"en-GB\",\"@id\":\"https:\\\/\\\/www.tourinto.pt\\\/product\\\/domaine-francois-gaunoux-pommard-les-tavannes\\\/#local-main-organization-logo\",\"url\":\"https:\\\/\\\/i0.wp.com\\\/www.tourinto.pt\\\/wp-content\\\/uploads\\\/2022\\\/07\\\/tourinto-logo-big.png?fit=1400%2C505&ssl=1\",\"contentUrl\":\"https:\\\/\\\/i0.wp.com\\\/www.tourinto.pt\\\/wp-content\\\/uploads\\\/2022\\\/07\\\/tourinto-logo-big.png?fit=1400%2C505&ssl=1\",\"width\":1400,\"height\":505,\"caption\":\"Tourinto\"}]}<\/script>\n<meta property=\"product:price:amount\" content=\"99.50\" \/>\n<meta property=\"product:price:currency\" content=\"EUR\" \/>\n<meta property=\"og:availability\" content=\"instock\" \/>\n<meta property=\"product:availability\" content=\"instock\" \/>\n<meta property=\"product:retailer_item_id\" content=\"140.05.2022\" \/>\n<meta property=\"product:condition\" content=\"new\" \/>\n<!-- \/ Yoast SEO Premium plugin. -->","yoast_head_json":{"title":"Domaine Fran\u00e7ois Gaunoux Meursault\u00a0Clos Tavaux Monopole 2022 - Tourinto Premium Wines","description":"Domaine Fran\u00e7ois Gaunoux Meursault\u00a0Clos Tavaux Monopole expressa notas de p\u00eara e damascos, flores brancas, subtis notas de avel\u00e3 e de car\u00e1cter de borras.\u00a0","robots":{"index":"index","follow":"follow","max-snippet":"max-snippet:-1","max-image-preview":"max-image-preview:large","max-video-preview":"max-video-preview:-1"},"canonical":"https:\/\/www.tourinto.pt\/en\/product\/domaine-francois-gaunoux-pommard-les-tavannes\/","og_locale":"en_GB","og_type":"article","og_title":"Domaine Fran\u00e7ois Gaunoux Meursault\u00a0Clos Tavaux Monopole 2022","og_description":"Domaine Fran\u00e7ois Gaunoux Meursault\u00a0Clos Tavaux Monopole expressa notas de p\u00eara e damascos, flores brancas, subtis notas de avel\u00e3 e de car\u00e1cter de borras.\u00a0","og_url":"https:\/\/www.tourinto.pt\/en\/product\/domaine-francois-gaunoux-pommard-les-tavannes\/","og_site_name":"Tourinto Premium Wines","article_publisher":"https:\/\/www.facebook.com\/garrafeiratourinto","article_modified_time":"2026-03-16T21:49:52+00:00","og_image":[{"width":881,"height":1400,"url":"https:\/\/www.tourinto.pt\/wp-content\/uploads\/2025\/12\/Domaine-Francois-Gaunoux-1-1.webp","type":"image\/webp"}],"twitter_card":"summary_large_image","twitter_misc":{"Price":"99,50&nbsp;&euro;","Availability":"In stock"},"schema":{"@context":"https:\/\/schema.org","@graph":[{"@type":"WebPage","@id":"https:\/\/www.tourinto.pt\/product\/domaine-francois-gaunoux-meursault-clos-tavaux-monopole\/","url":"https:\/\/www.tourinto.pt\/product\/domaine-francois-gaunoux-pommard-les-tavannes\/","name":"Domaine Fran\u00e7ois Gaunoux Meursault\u00a0Clos Tavaux Monopole 2022 - Tourinto Premium Wines","isPartOf":{"@id":"https:\/\/www.tourinto.pt\/#website"},"primaryImageOfPage":{"@id":"https:\/\/www.tourinto.pt\/product\/domaine-francois-gaunoux-pommard-les-tavannes\/#primaryimage"},"image":{"@id":"https:\/\/www.tourinto.pt\/product\/domaine-francois-gaunoux-pommard-les-tavannes\/#primaryimage"},"thumbnailUrl":"https:\/\/i0.wp.com\/www.tourinto.pt\/wp-content\/uploads\/2025\/12\/Domaine-Francois-Gaunoux-1-1.webp?fit=881%2C1400&ssl=1","datePublished":"2025-12-28T10:43:17+00:00","dateModified":"2026-03-16T21:49:52+00:00","description":"Domaine Fran\u00e7ois Gaunoux Meursault\u00a0Clos Tavaux Monopole expressa notas de p\u00eara e damascos, flores brancas, subtis notas de avel\u00e3 e de car\u00e1cter de borras.\u00a0","breadcrumb":{"@id":"https:\/\/www.tourinto.pt\/product\/domaine-francois-gaunoux-pommard-les-tavannes\/#breadcrumb"},"inLanguage":"en-GB","potentialAction":[{"@type":"ReadAction","target":["https:\/\/www.tourinto.pt\/product\/domaine-francois-gaunoux-pommard-les-tavannes\/"]}]},{"@type":"ImageObject","inLanguage":"en-GB","@id":"https:\/\/www.tourinto.pt\/product\/domaine-francois-gaunoux-pommard-les-tavannes\/#primaryimage","url":"https:\/\/i0.wp.com\/www.tourinto.pt\/wp-content\/uploads\/2025\/12\/Domaine-Francois-Gaunoux-1-1.webp?fit=881%2C1400&ssl=1","contentUrl":"https:\/\/i0.wp.com\/www.tourinto.pt\/wp-content\/uploads\/2025\/12\/Domaine-Francois-Gaunoux-1-1.webp?fit=881%2C1400&ssl=1","width":881,"height":1400,"caption":"Domaine Fran\u00e7ois Gaunoux Mersault, Domaine Fran\u00e7ois Gaunoux Chardonnay, Fran\u00e7ois Gaunoux Clos Tavaux, Chardonnay Fran\u00e7ois Gaunoux Mersault"},{"@type":"BreadcrumbList","@id":"https:\/\/www.tourinto.pt\/product\/domaine-francois-gaunoux-pommard-les-tavannes\/#breadcrumb","itemListElement":[{"@type":"ListItem","position":1,"name":"In\u00edcio","item":"https:\/\/www.tourinto.pt\/"},{"@type":"ListItem","position":2,"name":"Garrafeira on-line","item":"https:\/\/www.tourinto.pt\/garrafeira-on-line\/"},{"@type":"ListItem","position":3,"name":"Domaine Fran\u00e7ois Gaunoux Meursault\u00a0Clos Tavaux Monopole 2022"}]},{"@type":"WebSite","@id":"https:\/\/www.tourinto.pt\/#website","url":"https:\/\/www.tourinto.pt\/","name":"Tourinto Premium Wines","description":"Wine Shop online","publisher":{"@id":"https:\/\/www.tourinto.pt\/#organization"},"alternateName":"Garrafeira on-line","potentialAction":[{"@type":"SearchAction","target":{"@type":"EntryPoint","urlTemplate":"https:\/\/www.tourinto.pt\/?s={search_term_string}"},"query-input":{"@type":"PropertyValueSpecification","valueRequired":true,"valueName":"search_term_string"}}],"inLanguage":"en-GB"},{"@type":["Organization","Place"],"@id":"https:\/\/www.tourinto.pt\/#organization","name":"Tourinto","alternateName":"Garrafeira Tourinto, Lda.","url":"https:\/\/www.tourinto.pt\/","logo":{"@id":"https:\/\/www.tourinto.pt\/product\/domaine-francois-gaunoux-pommard-les-tavannes\/#local-main-organization-logo"},"image":{"@id":"https:\/\/www.tourinto.pt\/product\/domaine-francois-gaunoux-pommard-les-tavannes\/#local-main-organization-logo"},"sameAs":["https:\/\/www.facebook.com\/garrafeiratourinto","https:\/\/www.instagram.com\/garrafeiratourinto\/"],"telephone":[],"openingHoursSpecification":[{"@type":"OpeningHoursSpecification","dayOfWeek":["Monday","Tuesday","Wednesday","Thursday","Friday","Saturday","Sunday"],"opens":"09:00","closes":"17:00"}]},{"@type":"ImageObject","inLanguage":"en-GB","@id":"https:\/\/www.tourinto.pt\/product\/domaine-francois-gaunoux-pommard-les-tavannes\/#local-main-organization-logo","url":"https:\/\/i0.wp.com\/www.tourinto.pt\/wp-content\/uploads\/2022\/07\/tourinto-logo-big.png?fit=1400%2C505&ssl=1","contentUrl":"https:\/\/i0.wp.com\/www.tourinto.pt\/wp-content\/uploads\/2022\/07\/tourinto-logo-big.png?fit=1400%2C505&ssl=1","width":1400,"height":505,"caption":"Tourinto"}]},"product_price_amount":"99.50","product_price_currency":"EUR","og_availability":"instock","product_availability":"instock","product_retailer_item_id":"140.05.2022","product_condition":"new"},"jetpack_publicize_connections":[],"jetpack_sharing_enabled":true,"_links":{"self":[{"href":"https:\/\/www.tourinto.pt\/en\/wp-json\/wp\/v2\/product\/16287","targetHints":{"allow":["GET"]}}],"collection":[{"href":"https:\/\/www.tourinto.pt\/en\/wp-json\/wp\/v2\/product"}],"about":[{"href":"https:\/\/www.tourinto.pt\/en\/wp-json\/wp\/v2\/types\/product"}],"replies":[{"embeddable":true,"href":"https:\/\/www.tourinto.pt\/en\/wp-json\/wp\/v2\/comments?post=16287"}],"wp:featuredmedia":[{"embeddable":true,"href":"https:\/\/www.tourinto.pt\/en\/wp-json\/wp\/v2\/media\/16288"}],"wp:attachment":[{"href":"https:\/\/www.tourinto.pt\/en\/wp-json\/wp\/v2\/media?parent=16287"}],"wp:term":[{"taxonomy":"product_brand","embeddable":true,"href":"https:\/\/www.tourinto.pt\/en\/wp-json\/wp\/v2\/product_brand?post=16287"},{"taxonomy":"product_cat","embeddable":true,"href":"https:\/\/www.tourinto.pt\/en\/wp-json\/wp\/v2\/product_cat?post=16287"},{"taxonomy":"product_tag","embeddable":true,"href":"https:\/\/www.tourinto.pt\/en\/wp-json\/wp\/v2\/product_tag?post=16287"}],"curies":[{"name":"wp","href":"https:\/\/api.w.org\/{rel}","templated":true}]}}