{"id":1623,"date":"2022-07-04T10:17:44","date_gmt":"2022-07-04T10:17:44","guid":{"rendered":"https:\/\/www.tourinto.pt\/?post_type=product&#038;p=1623"},"modified":"2026-03-27T08:39:11","modified_gmt":"2026-03-27T08:39:11","slug":"quinta-da-corte-princesa-reserva-tinto","status":"publish","type":"product","link":"https:\/\/www.tourinto.pt\/en\/product\/quinta-da-corte-princesa-reserva-tinto\/","title":{"rendered":"Quinta da C\u00f4rte Princesa Reserva Tinto"},"content":{"rendered":"<div class=\"wpb-content-wrapper\"><div class=\"vc_row wpb_row vc_row-fluid\"><div class=\"wpb_column vc_column_container vc_col-sm-12\"><div class=\"vc_column-inner\"><div class=\"wpb_wrapper\">\n\t<div class=\"wpb_text_column wpb_content_element\" >\n\t\t<div class=\"wpb_wrapper\">\n\t\t\t<p><strong>Quinta da C\u00f4rte Princesa Reserva Tinto<\/strong><\/p>\n<p><strong>Grape varieties: <\/strong> Touriga Nacional, Touriga Franca, Tinta Roriz, Tinta Barroca and Old Vines.<br \/>\n<strong>Aging:<\/strong> Aged for 12 months, 50% in 500 litre French oak barrels and 50% in 3000 litre French oak foudres.<br \/>\n<strong>Colour:<\/strong> Retinta.<br \/>\n<strong>Aroma:<\/strong> Aromas of black fruit (blackberry, blackcurrant) and chocolate, as well as balsamic notes and great harmony.<br \/>\n<strong>Flavour:<\/strong> Fruity and with soft tannins, surprisingly elegant.<\/p>\n<hr style=\"border: #b0976d 1px dotted;\" \/>\n<p><strong>Serve:<\/strong> 16 to 18\u2070<br \/>\n<strong>Consumption:<\/strong> Immediate or storage.<\/p>\n<hr style=\"border: #b0976d 1px dotted;\" \/>\n<p><strong>Harmonisation:<\/strong> Pork tenderloin with pumpkin puree, roast beef with roasted potatoes from the farm.<\/p>\n<hr style=\"border: #b0976d 1px dotted;\" \/>\n<p><strong>Producer:<\/strong> <a href=\"https:\/\/www.tourinto.pt\/en\/produtores\/douro\/quinta-da-corte\/\">Quinta da C\u00f4rte<\/a><\/p>\n<p><strong>Enology:<\/strong> Marta Casanova<\/p>\n<p><strong>Category:<\/strong> Portuguese Wines \u2013 <a href=\"https:\/\/www.tourinto.pt\/en\/portugal\/vinhos-do-douro\/\">Douro<\/a><\/p>\n<p><strong>Awards and Notes:<\/strong><\/p>\n<ul>\n<li><strong>Portugal Wine Trophy<\/strong> &#8211; Ouro<\/li>\n<li><strong>James Suckling<\/strong> &#8211; 92\/100 (2021)<\/li>\n<li><strong>Great Choices<\/strong> &#8211; 17\/20 (2021)<\/li>\n<\/ul>\n<p><a href=\"https:\/\/quintadacorte.com\/en\/\"><span style=\"color: #ffffff;\">quinta da corte<\/span><\/a><\/p>\n\n\t\t<\/div>\n\t<\/div>\n<\/div><\/div><\/div><\/div><div class=\"vc_row wpb_row vc_row-fluid\"><div class=\"wpb_column vc_column_container vc_col-sm-12\"><div class=\"vc_column-inner\"><div class=\"wpb_wrapper\">\n<div class=\"vc_grid-container-wrapper vc_clearfix vc_grid-animation-fadeIn\">\n\t<div class=\"vc_grid-container vc_clearfix wpb_content_element vc_media_grid\" data-initial-loading-animation=\"fadeIn\" data-vc-grid-settings=\"{&quot;page_id&quot;:1623,&quot;style&quot;:&quot;all&quot;,&quot;action&quot;:&quot;vc_get_vc_grid_data&quot;,&quot;shortcode_id&quot;:&quot;1757597528326-15297bea-7de1-4&quot;,&quot;tag&quot;:&quot;vc_media_grid&quot;}\" data-vc-request=\"https:\/\/www.tourinto.pt\/wp-admin\/admin-ajax.php\" data-vc-post-id=\"1623\" data-vc-public-nonce=\"78014b6fa4\">\n\t\t\n\t<\/div>\n<\/div><\/div><\/div><\/div><\/div>\n<\/div>","protected":false},"excerpt":{"rendered":"<p>Quinta da C\u00f4rte Princesa Reserva Tinto \u00e9 elaborado a partir de castas t\u00edpicas da regi\u00e3o douro, ap\u00f3s uma minuciosa sele\u00e7\u00e3o das uvas. Apresenta aromas de frutos pretos e chocolate, para al\u00e9m de notas bals\u00e2micas, harmonioso, elegante e sedutor, com um final longo e muito elegante.<\/p>\n<p>Saiba mais sobre a <a href=\"https:\/\/www.tourinto.pt\/produtores\/douro\/quinta-da-corte\/\">Quinta da C\u00f4rte<\/a>.<\/p>\n[contact-form-7 id=\"4433d5d\" title=\"nota Uni\u00e3o Europeia\"]\n","protected":false},"featured_media":14080,"comment_status":"closed","ping_status":"closed","template":"","meta":{"_acf_changed":false,"_joinchat":[],"jetpack_publicize_message":"","jetpack_publicize_feature_enabled":true,"jetpack_social_post_already_shared":true,"jetpack_social_options":{"image_generator_settings":{"template":"highway","default_image_id":0,"font":"","enabled":false},"version":2}},"product_brand":[],"product_cat":[1307,17,424,82,81,44,58],"product_tag":[372,65,64,63,62,59,47],"class_list":{"0":"post-1623","1":"product","2":"type-product","3":"status-publish","4":"has-post-thumbnail","6":"product_cat-ready-to-drink-tintos","7":"product_cat-vinho-tinto","8":"product_cat-vinhos-portugal","9":"product_cat-douro","10":"product_cat-regiao","11":"product_cat-produtores","12":"product_cat-quinta-da-corte","13":"product_tag-vinho-tinto","14":"product_tag-vinhas-velhas","15":"product_tag-tinta-barroca","16":"product_tag-tinta-roriz","17":"product_tag-touriga-franca","18":"product_tag-douro","19":"product_tag-touriga-nacional","20":"pa_ano-31","21":"pa_castas-touriga-franca","22":"pa_castas-tinta-roriz","23":"pa_castas-vinhas-velhas","24":"pa_castas-touriga-nacional","25":"pa_castas-tinta-barroca","26":"pa_categoria-vinhos-portugueses","27":"pa_enologia-marta-casanova","28":"pa_harmonizacao-assados-de-carne","29":"pa_leveduras-selecionadas","30":"pa_produtor-quinta-da-corte","31":"pa_regiao-douro","32":"pa_vinificacao-tradicional","33":"pa_viticultura-sustentavel","34":"pa_volume-750ml","36":"first","37":"instock","38":"taxable","39":"shipping-taxable","40":"purchasable","41":"product-type-simple"},"acf":[],"yoast_head":"<!-- This site is optimized with the Yoast SEO Premium plugin v27.5 (Yoast SEO v27.5) - https:\/\/yoast.com\/product\/yoast-seo-premium-wordpress\/ -->\n<title>Quinta da C\u00f4rte Princesa Reserva Tinto - Tourinto Premium Wines<\/title>\n<meta name=\"description\" content=\"Quinta da C\u00f4rte Princesa Reserva Tinto \u00e9 elaborado com castas t\u00edpicas do douro ap\u00f3s uma minuciosa sele\u00e7\u00e3o, originado um vinho de final longo e elegante.\" \/>\n<meta name=\"robots\" content=\"index, follow, max-snippet:-1, max-image-preview:large, max-video-preview:-1\" \/>\n<link rel=\"canonical\" href=\"https:\/\/www.tourinto.pt\/en\/product\/quinta-da-corte-princesa-reserva-tinto\/\" \/>\n<meta property=\"og:locale\" content=\"en_GB\" \/>\n<meta property=\"og:type\" content=\"article\" \/>\n<meta property=\"og:title\" content=\"Quinta da C\u00f4rte Princesa Reserva Tinto\" \/>\n<meta property=\"og:description\" content=\"Quinta da C\u00f4rte Princesa Reserva Tinto \u00e9 elaborado com castas t\u00edpicas do douro ap\u00f3s uma minuciosa sele\u00e7\u00e3o, originado um vinho de final longo e elegante.\" \/>\n<meta property=\"og:url\" content=\"https:\/\/www.tourinto.pt\/en\/product\/quinta-da-corte-princesa-reserva-tinto\/\" \/>\n<meta property=\"og:site_name\" content=\"Tourinto Premium Wines\" \/>\n<meta property=\"article:publisher\" content=\"https:\/\/www.facebook.com\/garrafeiratourinto\" \/>\n<meta property=\"article:modified_time\" content=\"2026-03-27T08:39:11+00:00\" \/>\n<meta property=\"og:image\" content=\"https:\/\/www.tourinto.pt\/wp-content\/uploads\/2025\/05\/Quinta-da-Corte-Princesa-Reserva-Tinto.webp\" \/>\n\t<meta property=\"og:image:width\" content=\"881\" \/>\n\t<meta property=\"og:image:height\" content=\"1400\" \/>\n\t<meta property=\"og:image:type\" content=\"image\/webp\" \/>\n<meta name=\"twitter:card\" content=\"summary_large_image\" \/>\n<meta name=\"twitter:label1\" content=\"Price\" \/>\n\t<meta name=\"twitter:data1\" content=\"25,95&nbsp;&euro;\" \/>\n\t<meta name=\"twitter:label2\" content=\"Availability\" \/>\n\t<meta name=\"twitter:data2\" content=\"In stock\" \/>\n<script type=\"application\/ld+json\" class=\"yoast-schema-graph\">{\"@context\":\"https:\\\/\\\/schema.org\",\"@graph\":[{\"@type\":\"WebPage\",\"@id\":\"https:\\\/\\\/www.tourinto.pt\\\/product\\\/quinta-da-corte-princesa-reserva-tinto\\\/\",\"url\":\"https:\\\/\\\/www.tourinto.pt\\\/product\\\/quinta-da-corte-princesa-reserva-tinto\\\/\",\"name\":\"Quinta da C\u00f4rte Princesa Reserva Tinto - Tourinto Premium Wines\",\"isPartOf\":{\"@id\":\"https:\\\/\\\/www.tourinto.pt\\\/#website\"},\"primaryImageOfPage\":{\"@id\":\"https:\\\/\\\/www.tourinto.pt\\\/product\\\/quinta-da-corte-princesa-reserva-tinto\\\/#primaryimage\"},\"image\":{\"@id\":\"https:\\\/\\\/www.tourinto.pt\\\/product\\\/quinta-da-corte-princesa-reserva-tinto\\\/#primaryimage\"},\"thumbnailUrl\":\"https:\\\/\\\/i0.wp.com\\\/www.tourinto.pt\\\/wp-content\\\/uploads\\\/2025\\\/05\\\/Quinta-da-Corte-Princesa-Reserva-Tinto.webp?fit=881%2C1400&ssl=1\",\"datePublished\":\"2022-07-04T10:17:44+00:00\",\"dateModified\":\"2026-03-27T08:39:11+00:00\",\"description\":\"Quinta da C\u00f4rte Princesa Reserva Tinto \u00e9 elaborado com castas t\u00edpicas do douro ap\u00f3s uma minuciosa sele\u00e7\u00e3o, originado um vinho de final longo e elegante.\",\"breadcrumb\":{\"@id\":\"https:\\\/\\\/www.tourinto.pt\\\/product\\\/quinta-da-corte-princesa-reserva-tinto\\\/#breadcrumb\"},\"inLanguage\":\"en-GB\",\"potentialAction\":[{\"@type\":\"ReadAction\",\"target\":[\"https:\\\/\\\/www.tourinto.pt\\\/product\\\/quinta-da-corte-princesa-reserva-tinto\\\/\"]}]},{\"@type\":\"ImageObject\",\"inLanguage\":\"en-GB\",\"@id\":\"https:\\\/\\\/www.tourinto.pt\\\/product\\\/quinta-da-corte-princesa-reserva-tinto\\\/#primaryimage\",\"url\":\"https:\\\/\\\/i0.wp.com\\\/www.tourinto.pt\\\/wp-content\\\/uploads\\\/2025\\\/05\\\/Quinta-da-Corte-Princesa-Reserva-Tinto.webp?fit=881%2C1400&ssl=1\",\"contentUrl\":\"https:\\\/\\\/i0.wp.com\\\/www.tourinto.pt\\\/wp-content\\\/uploads\\\/2025\\\/05\\\/Quinta-da-Corte-Princesa-Reserva-Tinto.webp?fit=881%2C1400&ssl=1\",\"width\":881,\"height\":1400,\"caption\":\"Princesa Tinto, Quinta da C\u00f4rte Tinto, Quinta da C\u00f4rte Reserva Tinto, Quinta da C\u00f4rte Red Wine\"},{\"@type\":\"BreadcrumbList\",\"@id\":\"https:\\\/\\\/www.tourinto.pt\\\/product\\\/quinta-da-corte-princesa-reserva-tinto\\\/#breadcrumb\",\"itemListElement\":[{\"@type\":\"ListItem\",\"position\":1,\"name\":\"In\u00edcio\",\"item\":\"https:\\\/\\\/www.tourinto.pt\\\/\"},{\"@type\":\"ListItem\",\"position\":2,\"name\":\"Garrafeira on-line\",\"item\":\"https:\\\/\\\/www.tourinto.pt\\\/garrafeira-on-line\\\/\"},{\"@type\":\"ListItem\",\"position\":3,\"name\":\"Quinta da C\u00f4rte Princesa Reserva Tinto\"}]},{\"@type\":\"WebSite\",\"@id\":\"https:\\\/\\\/www.tourinto.pt\\\/#website\",\"url\":\"https:\\\/\\\/www.tourinto.pt\\\/\",\"name\":\"Tourinto Premium Wines\",\"description\":\"Garrafeira on-line\",\"publisher\":{\"@id\":\"https:\\\/\\\/www.tourinto.pt\\\/#organization\"},\"alternateName\":\"Garrafeira on-line\",\"potentialAction\":[{\"@type\":\"SearchAction\",\"target\":{\"@type\":\"EntryPoint\",\"urlTemplate\":\"https:\\\/\\\/www.tourinto.pt\\\/?s={search_term_string}\"},\"query-input\":{\"@type\":\"PropertyValueSpecification\",\"valueRequired\":true,\"valueName\":\"search_term_string\"}}],\"inLanguage\":\"en-GB\"},{\"@type\":[\"Organization\",\"Place\"],\"@id\":\"https:\\\/\\\/www.tourinto.pt\\\/#organization\",\"name\":\"Tourinto\",\"alternateName\":\"Garrafeira Tourinto, Lda.\",\"url\":\"https:\\\/\\\/www.tourinto.pt\\\/\",\"logo\":{\"@id\":\"https:\\\/\\\/www.tourinto.pt\\\/product\\\/quinta-da-corte-princesa-reserva-tinto\\\/#local-main-organization-logo\"},\"image\":{\"@id\":\"https:\\\/\\\/www.tourinto.pt\\\/product\\\/quinta-da-corte-princesa-reserva-tinto\\\/#local-main-organization-logo\"},\"sameAs\":[\"https:\\\/\\\/www.facebook.com\\\/garrafeiratourinto\",\"https:\\\/\\\/www.instagram.com\\\/garrafeiratourinto\\\/\"],\"telephone\":[],\"openingHoursSpecification\":[{\"@type\":\"OpeningHoursSpecification\",\"dayOfWeek\":[\"Monday\",\"Tuesday\",\"Wednesday\",\"Thursday\",\"Friday\",\"Saturday\",\"Sunday\"],\"opens\":\"09:00\",\"closes\":\"17:00\"}]},{\"@type\":\"ImageObject\",\"inLanguage\":\"en-GB\",\"@id\":\"https:\\\/\\\/www.tourinto.pt\\\/product\\\/quinta-da-corte-princesa-reserva-tinto\\\/#local-main-organization-logo\",\"url\":\"https:\\\/\\\/i0.wp.com\\\/www.tourinto.pt\\\/wp-content\\\/uploads\\\/2022\\\/07\\\/tourinto-logo-big.png?fit=1400%2C505&ssl=1\",\"contentUrl\":\"https:\\\/\\\/i0.wp.com\\\/www.tourinto.pt\\\/wp-content\\\/uploads\\\/2022\\\/07\\\/tourinto-logo-big.png?fit=1400%2C505&ssl=1\",\"width\":1400,\"height\":505,\"caption\":\"Tourinto\"}]}<\/script>\n<meta property=\"product:price:amount\" content=\"25.95\" \/>\n<meta property=\"product:price:currency\" content=\"EUR\" \/>\n<meta property=\"og:availability\" content=\"instock\" \/>\n<meta property=\"product:availability\" content=\"instock\" \/>\n<meta property=\"product:retailer_item_id\" content=\"02.01.2019\" \/>\n<meta property=\"product:condition\" content=\"new\" \/>\n<!-- \/ Yoast SEO Premium plugin. -->","yoast_head_json":{"title":"Quinta da C\u00f4rte Princesa Reserva Tinto - Tourinto Premium Wines","description":"Quinta da C\u00f4rte Princesa Reserva Tinto \u00e9 elaborado com castas t\u00edpicas do douro ap\u00f3s uma minuciosa sele\u00e7\u00e3o, originado um vinho de final longo e elegante.","robots":{"index":"index","follow":"follow","max-snippet":"max-snippet:-1","max-image-preview":"max-image-preview:large","max-video-preview":"max-video-preview:-1"},"canonical":"https:\/\/www.tourinto.pt\/en\/product\/quinta-da-corte-princesa-reserva-tinto\/","og_locale":"en_GB","og_type":"article","og_title":"Quinta da C\u00f4rte Princesa Reserva Tinto","og_description":"Quinta da C\u00f4rte Princesa Reserva Tinto \u00e9 elaborado com castas t\u00edpicas do douro ap\u00f3s uma minuciosa sele\u00e7\u00e3o, originado um vinho de final longo e elegante.","og_url":"https:\/\/www.tourinto.pt\/en\/product\/quinta-da-corte-princesa-reserva-tinto\/","og_site_name":"Tourinto Premium Wines","article_publisher":"https:\/\/www.facebook.com\/garrafeiratourinto","article_modified_time":"2026-03-27T08:39:11+00:00","og_image":[{"width":881,"height":1400,"url":"https:\/\/www.tourinto.pt\/wp-content\/uploads\/2025\/05\/Quinta-da-Corte-Princesa-Reserva-Tinto.webp","type":"image\/webp"}],"twitter_card":"summary_large_image","twitter_misc":{"Price":"25,95&nbsp;&euro;","Availability":"In stock"},"schema":{"@context":"https:\/\/schema.org","@graph":[{"@type":"WebPage","@id":"https:\/\/www.tourinto.pt\/product\/quinta-da-corte-princesa-reserva-tinto\/","url":"https:\/\/www.tourinto.pt\/product\/quinta-da-corte-princesa-reserva-tinto\/","name":"Quinta da C\u00f4rte Princesa Reserva Tinto - Tourinto Premium Wines","isPartOf":{"@id":"https:\/\/www.tourinto.pt\/#website"},"primaryImageOfPage":{"@id":"https:\/\/www.tourinto.pt\/product\/quinta-da-corte-princesa-reserva-tinto\/#primaryimage"},"image":{"@id":"https:\/\/www.tourinto.pt\/product\/quinta-da-corte-princesa-reserva-tinto\/#primaryimage"},"thumbnailUrl":"https:\/\/i0.wp.com\/www.tourinto.pt\/wp-content\/uploads\/2025\/05\/Quinta-da-Corte-Princesa-Reserva-Tinto.webp?fit=881%2C1400&ssl=1","datePublished":"2022-07-04T10:17:44+00:00","dateModified":"2026-03-27T08:39:11+00:00","description":"Quinta da C\u00f4rte Princesa Reserva Tinto \u00e9 elaborado com castas t\u00edpicas do douro ap\u00f3s uma minuciosa sele\u00e7\u00e3o, originado um vinho de final longo e elegante.","breadcrumb":{"@id":"https:\/\/www.tourinto.pt\/product\/quinta-da-corte-princesa-reserva-tinto\/#breadcrumb"},"inLanguage":"en-GB","potentialAction":[{"@type":"ReadAction","target":["https:\/\/www.tourinto.pt\/product\/quinta-da-corte-princesa-reserva-tinto\/"]}]},{"@type":"ImageObject","inLanguage":"en-GB","@id":"https:\/\/www.tourinto.pt\/product\/quinta-da-corte-princesa-reserva-tinto\/#primaryimage","url":"https:\/\/i0.wp.com\/www.tourinto.pt\/wp-content\/uploads\/2025\/05\/Quinta-da-Corte-Princesa-Reserva-Tinto.webp?fit=881%2C1400&ssl=1","contentUrl":"https:\/\/i0.wp.com\/www.tourinto.pt\/wp-content\/uploads\/2025\/05\/Quinta-da-Corte-Princesa-Reserva-Tinto.webp?fit=881%2C1400&ssl=1","width":881,"height":1400,"caption":"Princesa Tinto, Quinta da C\u00f4rte Tinto, Quinta da C\u00f4rte Reserva Tinto, Quinta da C\u00f4rte Red Wine"},{"@type":"BreadcrumbList","@id":"https:\/\/www.tourinto.pt\/product\/quinta-da-corte-princesa-reserva-tinto\/#breadcrumb","itemListElement":[{"@type":"ListItem","position":1,"name":"In\u00edcio","item":"https:\/\/www.tourinto.pt\/"},{"@type":"ListItem","position":2,"name":"Garrafeira on-line","item":"https:\/\/www.tourinto.pt\/garrafeira-on-line\/"},{"@type":"ListItem","position":3,"name":"Quinta da C\u00f4rte Princesa Reserva Tinto"}]},{"@type":"WebSite","@id":"https:\/\/www.tourinto.pt\/#website","url":"https:\/\/www.tourinto.pt\/","name":"Tourinto Premium Wines","description":"Wine Shop online","publisher":{"@id":"https:\/\/www.tourinto.pt\/#organization"},"alternateName":"Garrafeira on-line","potentialAction":[{"@type":"SearchAction","target":{"@type":"EntryPoint","urlTemplate":"https:\/\/www.tourinto.pt\/?s={search_term_string}"},"query-input":{"@type":"PropertyValueSpecification","valueRequired":true,"valueName":"search_term_string"}}],"inLanguage":"en-GB"},{"@type":["Organization","Place"],"@id":"https:\/\/www.tourinto.pt\/#organization","name":"Tourinto","alternateName":"Garrafeira Tourinto, Lda.","url":"https:\/\/www.tourinto.pt\/","logo":{"@id":"https:\/\/www.tourinto.pt\/product\/quinta-da-corte-princesa-reserva-tinto\/#local-main-organization-logo"},"image":{"@id":"https:\/\/www.tourinto.pt\/product\/quinta-da-corte-princesa-reserva-tinto\/#local-main-organization-logo"},"sameAs":["https:\/\/www.facebook.com\/garrafeiratourinto","https:\/\/www.instagram.com\/garrafeiratourinto\/"],"telephone":[],"openingHoursSpecification":[{"@type":"OpeningHoursSpecification","dayOfWeek":["Monday","Tuesday","Wednesday","Thursday","Friday","Saturday","Sunday"],"opens":"09:00","closes":"17:00"}]},{"@type":"ImageObject","inLanguage":"en-GB","@id":"https:\/\/www.tourinto.pt\/product\/quinta-da-corte-princesa-reserva-tinto\/#local-main-organization-logo","url":"https:\/\/i0.wp.com\/www.tourinto.pt\/wp-content\/uploads\/2022\/07\/tourinto-logo-big.png?fit=1400%2C505&ssl=1","contentUrl":"https:\/\/i0.wp.com\/www.tourinto.pt\/wp-content\/uploads\/2022\/07\/tourinto-logo-big.png?fit=1400%2C505&ssl=1","width":1400,"height":505,"caption":"Tourinto"}]},"product_price_amount":"25.95","product_price_currency":"EUR","og_availability":"instock","product_availability":"instock","product_retailer_item_id":"02.01.2019","product_condition":"new"},"jetpack_publicize_connections":[],"jetpack_sharing_enabled":true,"_links":{"self":[{"href":"https:\/\/www.tourinto.pt\/en\/wp-json\/wp\/v2\/product\/1623","targetHints":{"allow":["GET"]}}],"collection":[{"href":"https:\/\/www.tourinto.pt\/en\/wp-json\/wp\/v2\/product"}],"about":[{"href":"https:\/\/www.tourinto.pt\/en\/wp-json\/wp\/v2\/types\/product"}],"replies":[{"embeddable":true,"href":"https:\/\/www.tourinto.pt\/en\/wp-json\/wp\/v2\/comments?post=1623"}],"wp:featuredmedia":[{"embeddable":true,"href":"https:\/\/www.tourinto.pt\/en\/wp-json\/wp\/v2\/media\/14080"}],"wp:attachment":[{"href":"https:\/\/www.tourinto.pt\/en\/wp-json\/wp\/v2\/media?parent=1623"}],"wp:term":[{"taxonomy":"product_brand","embeddable":true,"href":"https:\/\/www.tourinto.pt\/en\/wp-json\/wp\/v2\/product_brand?post=1623"},{"taxonomy":"product_cat","embeddable":true,"href":"https:\/\/www.tourinto.pt\/en\/wp-json\/wp\/v2\/product_cat?post=1623"},{"taxonomy":"product_tag","embeddable":true,"href":"https:\/\/www.tourinto.pt\/en\/wp-json\/wp\/v2\/product_tag?post=1623"}],"curies":[{"name":"wp","href":"https:\/\/api.w.org\/{rel}","templated":true}]}}