{"id":16219,"date":"2025-12-20T22:03:13","date_gmt":"2025-12-20T22:03:13","guid":{"rendered":"https:\/\/www.tourinto.pt\/?post_type=product&#038;p=16219"},"modified":"2026-02-28T21:38:22","modified_gmt":"2026-02-28T21:38:22","slug":"comando-g-la-brena-1er-cru","status":"publish","type":"product","link":"https:\/\/www.tourinto.pt\/en\/product\/comando-g-la-brena-1er-cru\/","title":{"rendered":"Comando G La Bre\u00f1a 1er Cru 2023"},"content":{"rendered":"<div class=\"wpb-content-wrapper\"><div data-vc-full-width=\"true\" data-vc-full-width-init=\"false\" class=\"vc_row wpb_row vc_row-fluid vc_custom_1656585076455 vc_row-has-fill\"><div class=\"wpb_column vc_column_container vc_col-sm-12\"><div class=\"vc_column-inner\"><div class=\"wpb_wrapper\"><div class=\"vc_tta-container\" data-vc-action=\"collapse\"><div class=\"vc_general vc_tta vc_tta-tabs vc_tta-color-black vc_tta-style-flat vc_tta-shape-square vc_tta-spacing-1 vc_tta-o-no-fill vc_tta-tabs-position-top vc_tta-controls-align-left\"><div class=\"vc_tta-tabs-container\"><ul class=\"vc_tta-tabs-list\" role=\"tablist\"><li class=\"vc_tta-tab vc_active\" data-vc-tab role=\"presentation\"><a href=\"#1656584484701-0e478312-357c\" data-vc-tabs data-vc-container=\".vc_tta\" role=\"tab\" aria-selected=\"false\" id=\"tab-1656584484701-0e478312-357c\"><i class=\"vc_tta-icon vc-oi vc-oi-article\"><\/i><span class=\"vc_tta-title-text\">Description<\/span><\/a><\/li><\/ul><\/div><div class=\"vc_tta-panels-container\"><div class=\"vc_tta-panels\"><div class=\"vc_tta-panel vc_active\" id=\"1656584484701-0e478312-357c\" data-vc-content=\".vc_tta-panel-body\"><div class=\"vc_tta-panel-heading\"><h4 class=\"vc_tta-panel-title\"><a href=\"#1656584484701-0e478312-357c\" data-vc-accordion data-vc-container=\".vc_tta-container\"><i class=\"vc_tta-icon vc-oi vc-oi-article\"><\/i><span class=\"vc_tta-title-text\">Description<\/span><\/a><\/h4><\/div><div class=\"vc_tta-panel-body\">\n\t<div class=\"wpb_text_column wpb_content_element\" id=\"P\">\n\t\t<div class=\"wpb_wrapper\">\n\t\t\t<p><strong>Comando G La Bre\u00f1a 1er Cru 2023<\/strong><\/p>\n<p><strong>Grape varieties: <\/strong>Garnacha.<br \/>\n<strong>Vinification:<\/strong> <span class=\"T286Pc\" data-sfc-cp=\"\" data-processed=\"true\">Hand-picked, fermentation with whole bunches using natural yeasts in oak vats, maceration for 60 days.<\/span><br \/>\n<strong>Aging: <\/strong><span class=\"T286Pc\" data-sfc-cp=\"\" data-processed=\"true\">Aged in oak barrels for 10 to 12 months, without clarification or filtration.<\/span><span class=\"uJ19be notranslate\" data-wiz-uids=\"o7vjGf_1t,o7vjGf_1u,o7vjGf_1v\" data-processed=\"true\"><span class=\"vKEkVd\" data-animation-atomic=\"\" data-wiz-attrbind=\"class=o7vjGf_1t\/TKHnVd;\" data-processed=\"true\">\u00a0<\/span><\/span><br \/>\n<strong>Colour:<\/strong> Ruby open.<br \/>\n<strong>Aroma:<\/strong> Fragrant and elegant, with notes of red fruits, bitter spices, grapefruit and ginseng, which lend complexity and depth.<br \/>\n<strong>Flavour:<\/strong> <span class=\"T286Pc\" data-sfc-cp=\"\" data-processed=\"true\">Deliciously textured and structured, with austere, sandy tannins and a clean but long finish, mineral and fresh.<\/span><\/p>\n<hr style=\"border: #b0976d 1px dotted\" \/>\n<p><strong>Serve: <\/strong>16\u2070<br \/>\n<strong>Consumption: <\/strong>Immediate or storage.<\/p>\n<hr style=\"border: #b0976d 1px dotted\" \/>\n<p><strong>Harmonisation: <\/strong>White meat, game, charcuterie.<\/p>\n<hr style=\"border: #b0976d 1px dotted\" \/>\n<p><strong>Producer: <\/strong><a href=\"https:\/\/www.tourinto.pt\/en\/produtores\/espanha\/comando-g\/\">Comando G<\/a><\/p>\n<p><strong>Enology:<\/strong> Fernando Garc\u00eda | Dani Landi<\/p>\n<p><strong>Category: <\/strong><a href=\"https:\/\/www.tourinto.pt\/en\/produto-categoria\/vinhos-espanhois\/\">Spanish Wines<\/a> &#8211; <a href=\"https:\/\/www.tourinto.pt\/en\/produto-categoria\/regiao\/madrid\/\">Madrid<\/a> &#8211; Sierra de Gredos<\/p>\n<p><strong>Awards and Notes:<\/strong><\/p>\n<ul>\n<li><strong>Robert Parker <\/strong>&#8211; 97\/100 (2022)<\/li>\n<li><strong>James Suckling<\/strong> &#8211; 95\/100 (2022)<\/li>\n<\/ul>\n<p><a href=\"https:\/\/casalebai.com\/en\/\"><span style=\"color: #f1f1f1\">Comando G<\/span><\/a><\/p>\n\n\t\t<\/div>\n\t<\/div>\n<\/div><\/div><\/div><\/div><\/div><\/div><\/div><\/div><\/div><\/div><div class=\"vc_row-full-width vc_clearfix\"><\/div><div data-vc-full-width=\"true\" data-vc-full-width-init=\"false\" data-vc-stretch-content=\"true\" class=\"vc_row wpb_row vc_row-fluid vc_custom_1675988435222 vc_row-no-padding\"><div class=\"wpb_column vc_column_container vc_col-sm-12\"><div class=\"vc_column-inner\"><div class=\"wpb_wrapper\">\n<div class=\"vc_grid-container-wrapper vc_clearfix vc_grid-animation-fadeIn\">\n\t<div class=\"vc_grid-container vc_clearfix wpb_content_element vc_media_grid\" data-initial-loading-animation=\"fadeIn\" data-vc-grid-settings=\"{&quot;page_id&quot;:16219,&quot;style&quot;:&quot;all&quot;,&quot;action&quot;:&quot;vc_get_vc_grid_data&quot;,&quot;shortcode_id&quot;:&quot;1767136662003-3752368d-53dc-10&quot;,&quot;tag&quot;:&quot;vc_media_grid&quot;}\" data-vc-request=\"https:\/\/www.tourinto.pt\/wp-admin\/admin-ajax.php\" data-vc-post-id=\"16219\" data-vc-public-nonce=\"96cc836e62\">\n\t\t\n\t<\/div>\n<\/div><\/div><\/div><\/div><\/div><div class=\"vc_row-full-width vc_clearfix\"><\/div>\n<\/div>","protected":false},"excerpt":{"rendered":"<p>Comando G La Bre\u00f1a 1er Cru \u00e9 um 100% Garnacha proveniente de um vinha velha plantada sobre solos gran\u00edticos a 900m de altitude, resultando numa express\u00e3o mais carnuda e arom\u00e1tica da casta. Perfumado e elegante, com notas de frutos vermelhos, especiarias amargas e toranja e ginseng, \u00e9 d<span class=\"T286Pc\" data-sfc-cp=\"\" data-processed=\"true\">eliciosamente texturado e estruturado, mineral e fresco.<\/span><\/p>\n<p>Saiba mais sobre a <a href=\"https:\/\/www.tourinto.pt\/produtores\/espanha\/comando-g\">Comando G.<\/a><\/p>\n[contact-form-7 id=\"4433d5d\" title=\"nota Uni\u00e3o Europeia\"]\n","protected":false},"featured_media":16221,"comment_status":"closed","ping_status":"closed","template":"","meta":{"_acf_changed":false,"_joinchat":[],"jetpack_publicize_message":"","jetpack_publicize_feature_enabled":true,"jetpack_social_post_already_shared":true,"jetpack_social_options":{"image_generator_settings":{"template":"highway","default_image_id":0,"font":"","enabled":false},"version":2}},"product_brand":[],"product_cat":[1457,1308,1356,1144,1341,100,81,44,1166,1340],"product_tag":[1346,1345,1170,1156,372],"class_list":{"0":"post-16219","1":"product","2":"type-product","3":"status-publish","4":"has-post-thumbnail","6":"product_cat-tintos-internacionais","7":"product_cat-raedy-to-drink-tintos-internacionais","8":"product_cat-espanhois-tintos","9":"product_cat-vinhos-espanhois","10":"product_cat-madrid","11":"product_cat-tipologia","12":"product_cat-regiao","13":"product_cat-produtores","14":"product_cat-garnacha","15":"product_cat-comando-g","16":"product_tag-sierra-de-gredos","17":"product_tag-madrid","18":"product_tag-garnacha","19":"product_tag-espanha","20":"product_tag-vinho-tinto","21":"pa_ano-422","22":"pa_castas-garnacha","23":"pa_categoria-vinhos-espanhois","24":"pa_enologia-daniel-landi-fernando-garcia","25":"pa_harmonizacao-charcutaria","26":"pa_harmonizacao-carnes-brancas","27":"pa_harmonizacao-caca","28":"pa_leveduras-indigenas","29":"pa_produtor-comando-g","30":"pa_regiao-madrid-sierra-de-gredos","31":"pa_tipologia-vinho-tinto","32":"pa_vinificacao-minima-intervencao","33":"pa_viticultura-biologica-biodinamica","34":"pa_volume-750ml","36":"first","37":"instock","38":"taxable","39":"shipping-taxable","40":"purchasable","41":"product-type-simple"},"acf":[],"yoast_head":"<!-- This site is optimized with the Yoast SEO Premium plugin v27.3 (Yoast SEO v27.4) - https:\/\/yoast.com\/product\/yoast-seo-premium-wordpress\/ -->\n<title>Comando G La Bre\u00f1a 1er Cru 2023 - Tourinto Premium Wines<\/title>\n<meta name=\"description\" content=\"Comando G La Bre\u00f1a 1er Cru \u00e9 um 100% Garnacha que resultanda numa express\u00e3o mais carnuda e arom\u00e1tica da casta. Perfumado e elegante, mineral e fresco.\" \/>\n<meta name=\"robots\" content=\"index, follow, max-snippet:-1, max-image-preview:large, max-video-preview:-1\" \/>\n<link rel=\"canonical\" href=\"https:\/\/www.tourinto.pt\/en\/product\/comando-g-la-brena-1er-cru\/\" \/>\n<meta property=\"og:locale\" content=\"en_GB\" \/>\n<meta property=\"og:type\" content=\"article\" \/>\n<meta property=\"og:title\" content=\"Comando G La Bre\u00f1a 1er Cru 2023\" \/>\n<meta property=\"og:description\" content=\"Comando G La Bre\u00f1a 1er Cru \u00e9 um 100% Garnacha que resultanda numa express\u00e3o mais carnuda e arom\u00e1tica da casta. Perfumado e elegante, mineral e fresco.\" \/>\n<meta property=\"og:url\" content=\"https:\/\/www.tourinto.pt\/en\/product\/comando-g-la-brena-1er-cru\/\" \/>\n<meta property=\"og:site_name\" content=\"Tourinto Premium Wines\" \/>\n<meta property=\"article:publisher\" content=\"https:\/\/www.facebook.com\/garrafeiratourinto\" \/>\n<meta property=\"article:modified_time\" content=\"2026-02-28T21:38:22+00:00\" \/>\n<meta property=\"og:image\" content=\"https:\/\/www.tourinto.pt\/wp-content\/uploads\/2025\/12\/Comando-G-La-Brena.webp\" \/>\n\t<meta property=\"og:image:width\" content=\"881\" \/>\n\t<meta property=\"og:image:height\" content=\"1400\" \/>\n\t<meta property=\"og:image:type\" content=\"image\/webp\" \/>\n<meta name=\"twitter:card\" content=\"summary_large_image\" \/>\n<meta name=\"twitter:label1\" content=\"Price\" \/>\n\t<meta name=\"twitter:data1\" content=\"119,00&nbsp;&euro;\" \/>\n\t<meta name=\"twitter:label2\" content=\"Availability\" \/>\n\t<meta name=\"twitter:data2\" content=\"In stock\" \/>\n<script type=\"application\/ld+json\" class=\"yoast-schema-graph\">{\"@context\":\"https:\\\/\\\/schema.org\",\"@graph\":[{\"@type\":\"WebPage\",\"@id\":\"https:\\\/\\\/www.tourinto.pt\\\/product\\\/comando-g-la-brena-1er-cru\\\/\",\"url\":\"https:\\\/\\\/www.tourinto.pt\\\/product\\\/comando-g-la-brena-1er-cru\\\/\",\"name\":\"Comando G La Bre\u00f1a 1er Cru 2023 - Tourinto Premium Wines\",\"isPartOf\":{\"@id\":\"https:\\\/\\\/www.tourinto.pt\\\/#website\"},\"primaryImageOfPage\":{\"@id\":\"https:\\\/\\\/www.tourinto.pt\\\/product\\\/comando-g-la-brena-1er-cru\\\/#primaryimage\"},\"image\":{\"@id\":\"https:\\\/\\\/www.tourinto.pt\\\/product\\\/comando-g-la-brena-1er-cru\\\/#primaryimage\"},\"thumbnailUrl\":\"https:\\\/\\\/i0.wp.com\\\/www.tourinto.pt\\\/wp-content\\\/uploads\\\/2025\\\/12\\\/Comando-G-La-Brena.webp?fit=881%2C1400&ssl=1\",\"datePublished\":\"2025-12-20T22:03:13+00:00\",\"dateModified\":\"2026-02-28T21:38:22+00:00\",\"description\":\"Comando G La Bre\u00f1a 1er Cru \u00e9 um 100% Garnacha que resultanda numa express\u00e3o mais carnuda e arom\u00e1tica da casta. Perfumado e elegante, mineral e fresco.\",\"breadcrumb\":{\"@id\":\"https:\\\/\\\/www.tourinto.pt\\\/product\\\/comando-g-la-brena-1er-cru\\\/#breadcrumb\"},\"inLanguage\":\"en-GB\",\"potentialAction\":[{\"@type\":\"ReadAction\",\"target\":[\"https:\\\/\\\/www.tourinto.pt\\\/product\\\/comando-g-la-brena-1er-cru\\\/\"]}]},{\"@type\":\"ImageObject\",\"inLanguage\":\"en-GB\",\"@id\":\"https:\\\/\\\/www.tourinto.pt\\\/product\\\/comando-g-la-brena-1er-cru\\\/#primaryimage\",\"url\":\"https:\\\/\\\/i0.wp.com\\\/www.tourinto.pt\\\/wp-content\\\/uploads\\\/2025\\\/12\\\/Comando-G-La-Brena.webp?fit=881%2C1400&ssl=1\",\"contentUrl\":\"https:\\\/\\\/i0.wp.com\\\/www.tourinto.pt\\\/wp-content\\\/uploads\\\/2025\\\/12\\\/Comando-G-La-Brena.webp?fit=881%2C1400&ssl=1\",\"width\":881,\"height\":1400,\"caption\":\"Comando G Garnacha, La Brena Garnacha, Comando G La Brena, Vinho La Brena, Sierra de Gredos La Brena\"},{\"@type\":\"BreadcrumbList\",\"@id\":\"https:\\\/\\\/www.tourinto.pt\\\/product\\\/comando-g-la-brena-1er-cru\\\/#breadcrumb\",\"itemListElement\":[{\"@type\":\"ListItem\",\"position\":1,\"name\":\"In\u00edcio\",\"item\":\"https:\\\/\\\/www.tourinto.pt\\\/\"},{\"@type\":\"ListItem\",\"position\":2,\"name\":\"Garrafeira on-line\",\"item\":\"https:\\\/\\\/www.tourinto.pt\\\/garrafeira-on-line\\\/\"},{\"@type\":\"ListItem\",\"position\":3,\"name\":\"Comando G La Bre\u00f1a 1er Cru 2023\"}]},{\"@type\":\"WebSite\",\"@id\":\"https:\\\/\\\/www.tourinto.pt\\\/#website\",\"url\":\"https:\\\/\\\/www.tourinto.pt\\\/\",\"name\":\"Tourinto Premium Wines\",\"description\":\"Garrafeira on-line\",\"publisher\":{\"@id\":\"https:\\\/\\\/www.tourinto.pt\\\/#organization\"},\"alternateName\":\"Garrafeira on-line\",\"potentialAction\":[{\"@type\":\"SearchAction\",\"target\":{\"@type\":\"EntryPoint\",\"urlTemplate\":\"https:\\\/\\\/www.tourinto.pt\\\/?s={search_term_string}\"},\"query-input\":{\"@type\":\"PropertyValueSpecification\",\"valueRequired\":true,\"valueName\":\"search_term_string\"}}],\"inLanguage\":\"en-GB\"},{\"@type\":[\"Organization\",\"Place\"],\"@id\":\"https:\\\/\\\/www.tourinto.pt\\\/#organization\",\"name\":\"Tourinto\",\"alternateName\":\"Garrafeira Tourinto, Lda.\",\"url\":\"https:\\\/\\\/www.tourinto.pt\\\/\",\"logo\":{\"@id\":\"https:\\\/\\\/www.tourinto.pt\\\/product\\\/comando-g-la-brena-1er-cru\\\/#local-main-organization-logo\"},\"image\":{\"@id\":\"https:\\\/\\\/www.tourinto.pt\\\/product\\\/comando-g-la-brena-1er-cru\\\/#local-main-organization-logo\"},\"sameAs\":[\"https:\\\/\\\/www.facebook.com\\\/garrafeiratourinto\",\"https:\\\/\\\/www.instagram.com\\\/garrafeiratourinto\\\/\"],\"telephone\":[],\"openingHoursSpecification\":[{\"@type\":\"OpeningHoursSpecification\",\"dayOfWeek\":[\"Monday\",\"Tuesday\",\"Wednesday\",\"Thursday\",\"Friday\",\"Saturday\",\"Sunday\"],\"opens\":\"09:00\",\"closes\":\"17:00\"}]},{\"@type\":\"ImageObject\",\"inLanguage\":\"en-GB\",\"@id\":\"https:\\\/\\\/www.tourinto.pt\\\/product\\\/comando-g-la-brena-1er-cru\\\/#local-main-organization-logo\",\"url\":\"https:\\\/\\\/i0.wp.com\\\/www.tourinto.pt\\\/wp-content\\\/uploads\\\/2022\\\/07\\\/tourinto-logo-big.png?fit=1400%2C505&ssl=1\",\"contentUrl\":\"https:\\\/\\\/i0.wp.com\\\/www.tourinto.pt\\\/wp-content\\\/uploads\\\/2022\\\/07\\\/tourinto-logo-big.png?fit=1400%2C505&ssl=1\",\"width\":1400,\"height\":505,\"caption\":\"Tourinto\"}]}<\/script>\n<meta property=\"product:price:amount\" content=\"119.00\" \/>\n<meta property=\"product:price:currency\" content=\"EUR\" \/>\n<meta property=\"og:availability\" content=\"instock\" \/>\n<meta property=\"product:availability\" content=\"instock\" \/>\n<meta property=\"product:retailer_item_id\" content=\"139.04.2023\" \/>\n<meta property=\"product:condition\" content=\"new\" \/>\n<!-- \/ Yoast SEO Premium plugin. -->","yoast_head_json":{"title":"Comando G La Bre\u00f1a 1er Cru 2023 - Tourinto Premium Wines","description":"Comando G La Bre\u00f1a 1er Cru \u00e9 um 100% Garnacha que resultanda numa express\u00e3o mais carnuda e arom\u00e1tica da casta. Perfumado e elegante, mineral e fresco.","robots":{"index":"index","follow":"follow","max-snippet":"max-snippet:-1","max-image-preview":"max-image-preview:large","max-video-preview":"max-video-preview:-1"},"canonical":"https:\/\/www.tourinto.pt\/en\/product\/comando-g-la-brena-1er-cru\/","og_locale":"en_GB","og_type":"article","og_title":"Comando G La Bre\u00f1a 1er Cru 2023","og_description":"Comando G La Bre\u00f1a 1er Cru \u00e9 um 100% Garnacha que resultanda numa express\u00e3o mais carnuda e arom\u00e1tica da casta. Perfumado e elegante, mineral e fresco.","og_url":"https:\/\/www.tourinto.pt\/en\/product\/comando-g-la-brena-1er-cru\/","og_site_name":"Tourinto Premium Wines","article_publisher":"https:\/\/www.facebook.com\/garrafeiratourinto","article_modified_time":"2026-02-28T21:38:22+00:00","og_image":[{"width":881,"height":1400,"url":"https:\/\/www.tourinto.pt\/wp-content\/uploads\/2025\/12\/Comando-G-La-Brena.webp","type":"image\/webp"}],"twitter_card":"summary_large_image","twitter_misc":{"Price":"119,00&nbsp;&euro;","Availability":"In stock"},"schema":{"@context":"https:\/\/schema.org","@graph":[{"@type":"WebPage","@id":"https:\/\/www.tourinto.pt\/product\/comando-g-la-brena-1er-cru\/","url":"https:\/\/www.tourinto.pt\/product\/comando-g-la-brena-1er-cru\/","name":"Comando G La Bre\u00f1a 1er Cru 2023 - Tourinto Premium Wines","isPartOf":{"@id":"https:\/\/www.tourinto.pt\/#website"},"primaryImageOfPage":{"@id":"https:\/\/www.tourinto.pt\/product\/comando-g-la-brena-1er-cru\/#primaryimage"},"image":{"@id":"https:\/\/www.tourinto.pt\/product\/comando-g-la-brena-1er-cru\/#primaryimage"},"thumbnailUrl":"https:\/\/i0.wp.com\/www.tourinto.pt\/wp-content\/uploads\/2025\/12\/Comando-G-La-Brena.webp?fit=881%2C1400&ssl=1","datePublished":"2025-12-20T22:03:13+00:00","dateModified":"2026-02-28T21:38:22+00:00","description":"Comando G La Bre\u00f1a 1er Cru \u00e9 um 100% Garnacha que resultanda numa express\u00e3o mais carnuda e arom\u00e1tica da casta. Perfumado e elegante, mineral e fresco.","breadcrumb":{"@id":"https:\/\/www.tourinto.pt\/product\/comando-g-la-brena-1er-cru\/#breadcrumb"},"inLanguage":"en-GB","potentialAction":[{"@type":"ReadAction","target":["https:\/\/www.tourinto.pt\/product\/comando-g-la-brena-1er-cru\/"]}]},{"@type":"ImageObject","inLanguage":"en-GB","@id":"https:\/\/www.tourinto.pt\/product\/comando-g-la-brena-1er-cru\/#primaryimage","url":"https:\/\/i0.wp.com\/www.tourinto.pt\/wp-content\/uploads\/2025\/12\/Comando-G-La-Brena.webp?fit=881%2C1400&ssl=1","contentUrl":"https:\/\/i0.wp.com\/www.tourinto.pt\/wp-content\/uploads\/2025\/12\/Comando-G-La-Brena.webp?fit=881%2C1400&ssl=1","width":881,"height":1400,"caption":"Comando G Garnacha, La Brena Garnacha, Comando G La Brena, Vinho La Brena, Sierra de Gredos La Brena"},{"@type":"BreadcrumbList","@id":"https:\/\/www.tourinto.pt\/product\/comando-g-la-brena-1er-cru\/#breadcrumb","itemListElement":[{"@type":"ListItem","position":1,"name":"In\u00edcio","item":"https:\/\/www.tourinto.pt\/"},{"@type":"ListItem","position":2,"name":"Garrafeira on-line","item":"https:\/\/www.tourinto.pt\/garrafeira-on-line\/"},{"@type":"ListItem","position":3,"name":"Comando G La Bre\u00f1a 1er Cru 2023"}]},{"@type":"WebSite","@id":"https:\/\/www.tourinto.pt\/#website","url":"https:\/\/www.tourinto.pt\/","name":"Tourinto Premium Wines","description":"Wine Shop online","publisher":{"@id":"https:\/\/www.tourinto.pt\/#organization"},"alternateName":"Garrafeira on-line","potentialAction":[{"@type":"SearchAction","target":{"@type":"EntryPoint","urlTemplate":"https:\/\/www.tourinto.pt\/?s={search_term_string}"},"query-input":{"@type":"PropertyValueSpecification","valueRequired":true,"valueName":"search_term_string"}}],"inLanguage":"en-GB"},{"@type":["Organization","Place"],"@id":"https:\/\/www.tourinto.pt\/#organization","name":"Tourinto","alternateName":"Garrafeira Tourinto, Lda.","url":"https:\/\/www.tourinto.pt\/","logo":{"@id":"https:\/\/www.tourinto.pt\/product\/comando-g-la-brena-1er-cru\/#local-main-organization-logo"},"image":{"@id":"https:\/\/www.tourinto.pt\/product\/comando-g-la-brena-1er-cru\/#local-main-organization-logo"},"sameAs":["https:\/\/www.facebook.com\/garrafeiratourinto","https:\/\/www.instagram.com\/garrafeiratourinto\/"],"telephone":[],"openingHoursSpecification":[{"@type":"OpeningHoursSpecification","dayOfWeek":["Monday","Tuesday","Wednesday","Thursday","Friday","Saturday","Sunday"],"opens":"09:00","closes":"17:00"}]},{"@type":"ImageObject","inLanguage":"en-GB","@id":"https:\/\/www.tourinto.pt\/product\/comando-g-la-brena-1er-cru\/#local-main-organization-logo","url":"https:\/\/i0.wp.com\/www.tourinto.pt\/wp-content\/uploads\/2022\/07\/tourinto-logo-big.png?fit=1400%2C505&ssl=1","contentUrl":"https:\/\/i0.wp.com\/www.tourinto.pt\/wp-content\/uploads\/2022\/07\/tourinto-logo-big.png?fit=1400%2C505&ssl=1","width":1400,"height":505,"caption":"Tourinto"}]},"product_price_amount":"119.00","product_price_currency":"EUR","og_availability":"instock","product_availability":"instock","product_retailer_item_id":"139.04.2023","product_condition":"new"},"jetpack_publicize_connections":[],"jetpack_sharing_enabled":true,"_links":{"self":[{"href":"https:\/\/www.tourinto.pt\/en\/wp-json\/wp\/v2\/product\/16219","targetHints":{"allow":["GET"]}}],"collection":[{"href":"https:\/\/www.tourinto.pt\/en\/wp-json\/wp\/v2\/product"}],"about":[{"href":"https:\/\/www.tourinto.pt\/en\/wp-json\/wp\/v2\/types\/product"}],"replies":[{"embeddable":true,"href":"https:\/\/www.tourinto.pt\/en\/wp-json\/wp\/v2\/comments?post=16219"}],"wp:featuredmedia":[{"embeddable":true,"href":"https:\/\/www.tourinto.pt\/en\/wp-json\/wp\/v2\/media\/16221"}],"wp:attachment":[{"href":"https:\/\/www.tourinto.pt\/en\/wp-json\/wp\/v2\/media?parent=16219"}],"wp:term":[{"taxonomy":"product_brand","embeddable":true,"href":"https:\/\/www.tourinto.pt\/en\/wp-json\/wp\/v2\/product_brand?post=16219"},{"taxonomy":"product_cat","embeddable":true,"href":"https:\/\/www.tourinto.pt\/en\/wp-json\/wp\/v2\/product_cat?post=16219"},{"taxonomy":"product_tag","embeddable":true,"href":"https:\/\/www.tourinto.pt\/en\/wp-json\/wp\/v2\/product_tag?post=16219"}],"curies":[{"name":"wp","href":"https:\/\/api.w.org\/{rel}","templated":true}]}}