{"id":16216,"date":"2025-12-20T21:35:09","date_gmt":"2025-12-20T21:35:09","guid":{"rendered":"https:\/\/www.tourinto.pt\/?post_type=product&#038;p=16216"},"modified":"2026-03-16T21:51:07","modified_gmt":"2026-03-16T21:51:07","slug":"comando-g-navatalgordo-2023","status":"publish","type":"product","link":"https:\/\/www.tourinto.pt\/en\/product\/comando-g-navatalgordo-2023\/","title":{"rendered":"Comando G Navatalgordo 2023"},"content":{"rendered":"<div class=\"wpb-content-wrapper\"><div data-vc-full-width=\"true\" data-vc-full-width-init=\"false\" class=\"vc_row wpb_row vc_row-fluid vc_custom_1656585076455 vc_row-has-fill\"><div class=\"wpb_column vc_column_container vc_col-sm-12\"><div class=\"vc_column-inner\"><div class=\"wpb_wrapper\"><div class=\"vc_tta-container\" data-vc-action=\"collapse\"><div class=\"vc_general vc_tta vc_tta-tabs vc_tta-color-black vc_tta-style-flat vc_tta-shape-square vc_tta-spacing-1 vc_tta-o-no-fill vc_tta-tabs-position-top vc_tta-controls-align-left\"><div class=\"vc_tta-tabs-container\"><ul class=\"vc_tta-tabs-list\" role=\"tablist\"><li class=\"vc_tta-tab vc_active\" data-vc-tab role=\"presentation\"><a href=\"#1656584484701-0e478312-357c\" data-vc-tabs data-vc-container=\".vc_tta\" role=\"tab\" aria-selected=\"false\" id=\"tab-1656584484701-0e478312-357c\"><i class=\"vc_tta-icon vc-oi vc-oi-article\"><\/i><span class=\"vc_tta-title-text\">Description<\/span><\/a><\/li><\/ul><\/div><div class=\"vc_tta-panels-container\"><div class=\"vc_tta-panels\"><div class=\"vc_tta-panel vc_active\" id=\"1656584484701-0e478312-357c\" data-vc-content=\".vc_tta-panel-body\"><div class=\"vc_tta-panel-heading\"><h4 class=\"vc_tta-panel-title\"><a href=\"#1656584484701-0e478312-357c\" data-vc-accordion data-vc-container=\".vc_tta-container\"><i class=\"vc_tta-icon vc-oi vc-oi-article\"><\/i><span class=\"vc_tta-title-text\">Description<\/span><\/a><\/h4><\/div><div class=\"vc_tta-panel-body\">\n\t<div class=\"wpb_text_column wpb_content_element\" id=\"P\">\n\t\t<div class=\"wpb_wrapper\">\n\t\t\t<p><strong>Comando G Navatalgordo<\/strong><\/p>\n<p><strong>Grape varieties: <\/strong>Garnacha.<br \/>\n<strong>Vinification:<\/strong> Fermentation with whole bunches, prolonged maceration (40-45 days).<br \/>\n<strong>Aging: <\/strong><span class=\"T286Pc\" data-sfc-cp=\"\" data-processed=\"true\">In oak barrels and cement vats, without clarification or filtration.<\/span><span class=\"uJ19be notranslate\" data-wiz-uids=\"o7vjGf_1t,o7vjGf_1u,o7vjGf_1v\" data-processed=\"true\"><span class=\"vKEkVd\" data-animation-atomic=\"\" data-wiz-attrbind=\"class=o7vjGf_1t\/TKHnVd;\" data-processed=\"true\">\u00a0<\/span><\/span><br \/>\n<strong>Colour:<\/strong> Ruby open.<br \/>\n<strong>Aroma:<\/strong> Red fruit such as cherries and strawberries, notes of violet and lavender, as well as herbs, spices and earthy notes.<br \/>\n<strong>Flavour:<\/strong> <span class=\"T286Pc\" data-sfc-cp=\"\" data-processed=\"true\">Medium-bodied, with silky tannins and vibrant acidity, juicy fruit, minerality and a long, harmonious finish.<\/span><\/p>\n<hr style=\"border: #b0976d 1px dotted\" \/>\n<p><strong>Serve: <\/strong>16\u2070<br \/>\n<strong>Consumption: <\/strong>Immediate or storage.<\/p>\n<hr style=\"border: #b0976d 1px dotted\" \/>\n<p><strong>Harmonisation: <\/strong>White meat, game, charcuterie.<\/p>\n<hr style=\"border: #b0976d 1px dotted\" \/>\n<p><strong>Producer: <\/strong><a href=\"https:\/\/www.tourinto.pt\/en\/produtores\/espanha\/comando-g\/\">Comando G<\/a><\/p>\n<p><strong>Enology:<\/strong> Fernando Garc\u00eda | Dani Landi<\/p>\n<p><strong>Category: <\/strong><a href=\"https:\/\/www.tourinto.pt\/en\/produto-categoria\/vinhos-espanhois\/\">Spanish Wines<\/a> &#8211; <a href=\"https:\/\/www.tourinto.pt\/en\/produto-categoria\/regiao\/madrid\/\">Madrid<\/a> &#8211; Sierra de Gredos<\/p>\n<p><strong>Awards and Notes:<\/strong><\/p>\n<ul>\n<li><strong>Robert Parker <\/strong>&#8211; 95\/100 (2024)<\/li>\n<li><strong>James Suckling<\/strong> &#8211; 94\/100 (2024)<\/li>\n<\/ul>\n<p><a href=\"https:\/\/casalebai.com\/en\/\"><span style=\"color: #f1f1f1\">Comando G<\/span><\/a><\/p>\n\n\t\t<\/div>\n\t<\/div>\n<\/div><\/div><\/div><\/div><\/div><\/div><\/div><\/div><\/div><\/div><div class=\"vc_row-full-width vc_clearfix\"><\/div><div data-vc-full-width=\"true\" data-vc-full-width-init=\"false\" data-vc-stretch-content=\"true\" class=\"vc_row wpb_row vc_row-fluid vc_custom_1675988435222 vc_row-no-padding\"><div class=\"wpb_column vc_column_container vc_col-sm-12\"><div class=\"vc_column-inner\"><div class=\"wpb_wrapper\">\n<div class=\"vc_grid-container-wrapper vc_clearfix vc_grid-animation-fadeIn\">\n\t<div class=\"vc_grid-container vc_clearfix wpb_content_element vc_media_grid\" data-initial-loading-animation=\"fadeIn\" data-vc-grid-settings=\"{&quot;page_id&quot;:16216,&quot;style&quot;:&quot;all&quot;,&quot;action&quot;:&quot;vc_get_vc_grid_data&quot;,&quot;shortcode_id&quot;:&quot;1766309368842-8c3f058a-b3ae-10&quot;,&quot;tag&quot;:&quot;vc_media_grid&quot;}\" data-vc-request=\"https:\/\/www.tourinto.pt\/wp-admin\/admin-ajax.php\" data-vc-post-id=\"16216\" data-vc-public-nonce=\"96cc836e62\">\n\t\t\n\t<\/div>\n<\/div><\/div><\/div><\/div><\/div><div class=\"vc_row-full-width vc_clearfix\"><\/div>\n<\/div>","protected":false},"excerpt":{"rendered":"<p>Comando G Navatalgordo \u00e9 um 100% Garnacha proveniente de um vinha velha plantada sobre solos gran\u00edticos a 900m de altitude. Apresenta notas de fruta vermelha, acompanha de notas florais e fant\u00e1stica mineralidade, para al\u00e9m de um toque terroso, com taninos sedosos e acidez vibrante, terminando num final longo e harmonioso.<\/p>\n<p>Saiba mais sobre a <a href=\"https:\/\/www.tourinto.pt\/produtores\/espanha\/comando-g\">Comando G.<\/a><\/p>\n[contact-form-7 id=\"4433d5d\" title=\"nota Uni\u00e3o Europeia\"]\n","protected":false},"featured_media":16224,"comment_status":"closed","ping_status":"closed","template":"","meta":{"_acf_changed":false,"_joinchat":[],"jetpack_publicize_message":"","jetpack_publicize_feature_enabled":true,"jetpack_social_post_already_shared":true,"jetpack_social_options":{"image_generator_settings":{"template":"highway","default_image_id":0,"font":"","enabled":false},"version":2}},"product_brand":[],"product_cat":[1469,391,1351,1308,1356,1144,1341,100,81,44,1166,1340],"product_tag":[1346,1345,1170,1156,372],"class_list":{"0":"post-16216","1":"product","2":"type-product","3":"status-publish","4":"has-post-thumbnail","6":"product_cat-sommelier-selection","7":"product_cat-destaques","8":"product_cat-franceses-brancos","9":"product_cat-raedy-to-drink-tintos-internacionais","10":"product_cat-espanhois-tintos","11":"product_cat-vinhos-espanhois","12":"product_cat-madrid","13":"product_cat-tipologia","14":"product_cat-regiao","15":"product_cat-produtores","16":"product_cat-garnacha","17":"product_cat-comando-g","18":"product_tag-sierra-de-gredos","19":"product_tag-madrid","20":"product_tag-garnacha","21":"product_tag-espanha","22":"product_tag-vinho-tinto","23":"pa_ano-422","24":"pa_castas-garnacha","25":"pa_categoria-vinhos-espanhois","26":"pa_enologia-daniel-landi-fernando-garcia","27":"pa_harmonizacao-charcutaria","28":"pa_harmonizacao-caca","29":"pa_harmonizacao-carnes-brancas","30":"pa_leveduras-indigenas","31":"pa_produtor-comando-g","32":"pa_regiao-madrid-sierra-de-gredos","33":"pa_tipologia-vinho-tinto","34":"pa_vinificacao-minima-intervencao","35":"pa_viticultura-biologica-biodinamica","36":"pa_volume-750ml","38":"first","39":"instock","40":"taxable","41":"shipping-taxable","42":"purchasable","43":"product-type-simple"},"acf":[],"yoast_head":"<!-- This site is optimized with the Yoast SEO Premium plugin v27.3 (Yoast SEO v27.4) - https:\/\/yoast.com\/product\/yoast-seo-premium-wordpress\/ -->\n<title>Comando G Navatalgordo 2023 - Tourinto Premium Wines<\/title>\n<meta name=\"description\" content=\"Comando G Navatalgordo \u00e9 proveniente de um vinha plantada a 900m de altitude, com notas fruta vermelha, mineral,taninos sedosos e acidez vibrante.\" \/>\n<meta name=\"robots\" content=\"index, follow, max-snippet:-1, max-image-preview:large, max-video-preview:-1\" \/>\n<link rel=\"canonical\" href=\"https:\/\/www.tourinto.pt\/en\/product\/comando-g-navatalgordo-2023\/\" \/>\n<meta property=\"og:locale\" content=\"en_GB\" \/>\n<meta property=\"og:type\" content=\"article\" \/>\n<meta property=\"og:title\" content=\"Comando G Navatalgordo 2023\" \/>\n<meta property=\"og:description\" content=\"Comando G Navatalgordo \u00e9 proveniente de um vinha plantada a 900m de altitude, com notas fruta vermelha, mineral,taninos sedosos e acidez vibrante.\" \/>\n<meta property=\"og:url\" content=\"https:\/\/www.tourinto.pt\/en\/product\/comando-g-navatalgordo-2023\/\" \/>\n<meta property=\"og:site_name\" content=\"Tourinto Premium Wines\" \/>\n<meta property=\"article:publisher\" content=\"https:\/\/www.facebook.com\/garrafeiratourinto\" \/>\n<meta property=\"article:modified_time\" content=\"2026-03-16T21:51:07+00:00\" \/>\n<meta property=\"og:image\" content=\"https:\/\/www.tourinto.pt\/wp-content\/uploads\/2025\/12\/Tourinto-branco-CasadoCampo.webp\" \/>\n\t<meta property=\"og:image:width\" content=\"881\" \/>\n\t<meta property=\"og:image:height\" content=\"1400\" \/>\n\t<meta property=\"og:image:type\" content=\"image\/webp\" \/>\n<meta name=\"twitter:card\" content=\"summary_large_image\" \/>\n<meta name=\"twitter:label1\" content=\"Price\" \/>\n\t<meta name=\"twitter:data1\" content=\"52,95&nbsp;&euro;\" \/>\n\t<meta name=\"twitter:label2\" content=\"Availability\" \/>\n\t<meta name=\"twitter:data2\" content=\"In stock\" \/>\n<script type=\"application\/ld+json\" class=\"yoast-schema-graph\">{\"@context\":\"https:\\\/\\\/schema.org\",\"@graph\":[{\"@type\":\"WebPage\",\"@id\":\"https:\\\/\\\/www.tourinto.pt\\\/product\\\/comando-g-navatalgordo-2023\\\/\",\"url\":\"https:\\\/\\\/www.tourinto.pt\\\/product\\\/comando-g-navatalgordo-2023\\\/\",\"name\":\"Comando G Navatalgordo 2023 - Tourinto Premium Wines\",\"isPartOf\":{\"@id\":\"https:\\\/\\\/www.tourinto.pt\\\/#website\"},\"primaryImageOfPage\":{\"@id\":\"https:\\\/\\\/www.tourinto.pt\\\/product\\\/comando-g-navatalgordo-2023\\\/#primaryimage\"},\"image\":{\"@id\":\"https:\\\/\\\/www.tourinto.pt\\\/product\\\/comando-g-navatalgordo-2023\\\/#primaryimage\"},\"thumbnailUrl\":\"https:\\\/\\\/i0.wp.com\\\/www.tourinto.pt\\\/wp-content\\\/uploads\\\/2025\\\/12\\\/Tourinto-branco-CasadoCampo.webp?fit=881%2C1400&ssl=1\",\"datePublished\":\"2025-12-20T21:35:09+00:00\",\"dateModified\":\"2026-03-16T21:51:07+00:00\",\"description\":\"Comando G Navatalgordo \u00e9 proveniente de um vinha plantada a 900m de altitude, com notas fruta vermelha, mineral,taninos sedosos e acidez vibrante.\",\"breadcrumb\":{\"@id\":\"https:\\\/\\\/www.tourinto.pt\\\/product\\\/comando-g-navatalgordo-2023\\\/#breadcrumb\"},\"inLanguage\":\"en-GB\",\"potentialAction\":[{\"@type\":\"ReadAction\",\"target\":[\"https:\\\/\\\/www.tourinto.pt\\\/product\\\/comando-g-navatalgordo-2023\\\/\"]}]},{\"@type\":\"ImageObject\",\"inLanguage\":\"en-GB\",\"@id\":\"https:\\\/\\\/www.tourinto.pt\\\/product\\\/comando-g-navatalgordo-2023\\\/#primaryimage\",\"url\":\"https:\\\/\\\/i0.wp.com\\\/www.tourinto.pt\\\/wp-content\\\/uploads\\\/2025\\\/12\\\/Tourinto-branco-CasadoCampo.webp?fit=881%2C1400&ssl=1\",\"contentUrl\":\"https:\\\/\\\/i0.wp.com\\\/www.tourinto.pt\\\/wp-content\\\/uploads\\\/2025\\\/12\\\/Tourinto-branco-CasadoCampo.webp?fit=881%2C1400&ssl=1\",\"width\":881,\"height\":1400,\"caption\":\"Comando G Garnacha, Navatalgordo Garnacha, Comando G Navatalgordo, Vinho Navatalgordo, Sierra de Gredos Navatalgordo\"},{\"@type\":\"BreadcrumbList\",\"@id\":\"https:\\\/\\\/www.tourinto.pt\\\/product\\\/comando-g-navatalgordo-2023\\\/#breadcrumb\",\"itemListElement\":[{\"@type\":\"ListItem\",\"position\":1,\"name\":\"In\u00edcio\",\"item\":\"https:\\\/\\\/www.tourinto.pt\\\/\"},{\"@type\":\"ListItem\",\"position\":2,\"name\":\"Garrafeira on-line\",\"item\":\"https:\\\/\\\/www.tourinto.pt\\\/garrafeira-on-line\\\/\"},{\"@type\":\"ListItem\",\"position\":3,\"name\":\"Comando G Navatalgordo 2023\"}]},{\"@type\":\"WebSite\",\"@id\":\"https:\\\/\\\/www.tourinto.pt\\\/#website\",\"url\":\"https:\\\/\\\/www.tourinto.pt\\\/\",\"name\":\"Tourinto Premium Wines\",\"description\":\"Garrafeira on-line\",\"publisher\":{\"@id\":\"https:\\\/\\\/www.tourinto.pt\\\/#organization\"},\"alternateName\":\"Garrafeira on-line\",\"potentialAction\":[{\"@type\":\"SearchAction\",\"target\":{\"@type\":\"EntryPoint\",\"urlTemplate\":\"https:\\\/\\\/www.tourinto.pt\\\/?s={search_term_string}\"},\"query-input\":{\"@type\":\"PropertyValueSpecification\",\"valueRequired\":true,\"valueName\":\"search_term_string\"}}],\"inLanguage\":\"en-GB\"},{\"@type\":[\"Organization\",\"Place\"],\"@id\":\"https:\\\/\\\/www.tourinto.pt\\\/#organization\",\"name\":\"Tourinto\",\"alternateName\":\"Garrafeira Tourinto, Lda.\",\"url\":\"https:\\\/\\\/www.tourinto.pt\\\/\",\"logo\":{\"@id\":\"https:\\\/\\\/www.tourinto.pt\\\/product\\\/comando-g-navatalgordo-2023\\\/#local-main-organization-logo\"},\"image\":{\"@id\":\"https:\\\/\\\/www.tourinto.pt\\\/product\\\/comando-g-navatalgordo-2023\\\/#local-main-organization-logo\"},\"sameAs\":[\"https:\\\/\\\/www.facebook.com\\\/garrafeiratourinto\",\"https:\\\/\\\/www.instagram.com\\\/garrafeiratourinto\\\/\"],\"telephone\":[],\"openingHoursSpecification\":[{\"@type\":\"OpeningHoursSpecification\",\"dayOfWeek\":[\"Monday\",\"Tuesday\",\"Wednesday\",\"Thursday\",\"Friday\",\"Saturday\",\"Sunday\"],\"opens\":\"09:00\",\"closes\":\"17:00\"}]},{\"@type\":\"ImageObject\",\"inLanguage\":\"en-GB\",\"@id\":\"https:\\\/\\\/www.tourinto.pt\\\/product\\\/comando-g-navatalgordo-2023\\\/#local-main-organization-logo\",\"url\":\"https:\\\/\\\/i0.wp.com\\\/www.tourinto.pt\\\/wp-content\\\/uploads\\\/2022\\\/07\\\/tourinto-logo-big.png?fit=1400%2C505&ssl=1\",\"contentUrl\":\"https:\\\/\\\/i0.wp.com\\\/www.tourinto.pt\\\/wp-content\\\/uploads\\\/2022\\\/07\\\/tourinto-logo-big.png?fit=1400%2C505&ssl=1\",\"width\":1400,\"height\":505,\"caption\":\"Tourinto\"}]}<\/script>\n<meta property=\"product:price:amount\" content=\"52.95\" \/>\n<meta property=\"product:price:currency\" content=\"EUR\" \/>\n<meta property=\"og:availability\" content=\"instock\" \/>\n<meta property=\"product:availability\" content=\"instock\" \/>\n<meta property=\"product:retailer_item_id\" content=\"139.03.2023\" \/>\n<meta property=\"product:condition\" content=\"new\" \/>\n<!-- \/ Yoast SEO Premium plugin. -->","yoast_head_json":{"title":"Comando G Navatalgordo 2023 - Tourinto Premium Wines","description":"Comando G Navatalgordo \u00e9 proveniente de um vinha plantada a 900m de altitude, com notas fruta vermelha, mineral,taninos sedosos e acidez vibrante.","robots":{"index":"index","follow":"follow","max-snippet":"max-snippet:-1","max-image-preview":"max-image-preview:large","max-video-preview":"max-video-preview:-1"},"canonical":"https:\/\/www.tourinto.pt\/en\/product\/comando-g-navatalgordo-2023\/","og_locale":"en_GB","og_type":"article","og_title":"Comando G Navatalgordo 2023","og_description":"Comando G Navatalgordo \u00e9 proveniente de um vinha plantada a 900m de altitude, com notas fruta vermelha, mineral,taninos sedosos e acidez vibrante.","og_url":"https:\/\/www.tourinto.pt\/en\/product\/comando-g-navatalgordo-2023\/","og_site_name":"Tourinto Premium Wines","article_publisher":"https:\/\/www.facebook.com\/garrafeiratourinto","article_modified_time":"2026-03-16T21:51:07+00:00","og_image":[{"width":881,"height":1400,"url":"https:\/\/www.tourinto.pt\/wp-content\/uploads\/2025\/12\/Tourinto-branco-CasadoCampo.webp","type":"image\/webp"}],"twitter_card":"summary_large_image","twitter_misc":{"Price":"52,95&nbsp;&euro;","Availability":"In stock"},"schema":{"@context":"https:\/\/schema.org","@graph":[{"@type":"WebPage","@id":"https:\/\/www.tourinto.pt\/product\/comando-g-navatalgordo-2023\/","url":"https:\/\/www.tourinto.pt\/product\/comando-g-navatalgordo-2023\/","name":"Comando G Navatalgordo 2023 - Tourinto Premium Wines","isPartOf":{"@id":"https:\/\/www.tourinto.pt\/#website"},"primaryImageOfPage":{"@id":"https:\/\/www.tourinto.pt\/product\/comando-g-navatalgordo-2023\/#primaryimage"},"image":{"@id":"https:\/\/www.tourinto.pt\/product\/comando-g-navatalgordo-2023\/#primaryimage"},"thumbnailUrl":"https:\/\/i0.wp.com\/www.tourinto.pt\/wp-content\/uploads\/2025\/12\/Tourinto-branco-CasadoCampo.webp?fit=881%2C1400&ssl=1","datePublished":"2025-12-20T21:35:09+00:00","dateModified":"2026-03-16T21:51:07+00:00","description":"Comando G Navatalgordo \u00e9 proveniente de um vinha plantada a 900m de altitude, com notas fruta vermelha, mineral,taninos sedosos e acidez vibrante.","breadcrumb":{"@id":"https:\/\/www.tourinto.pt\/product\/comando-g-navatalgordo-2023\/#breadcrumb"},"inLanguage":"en-GB","potentialAction":[{"@type":"ReadAction","target":["https:\/\/www.tourinto.pt\/product\/comando-g-navatalgordo-2023\/"]}]},{"@type":"ImageObject","inLanguage":"en-GB","@id":"https:\/\/www.tourinto.pt\/product\/comando-g-navatalgordo-2023\/#primaryimage","url":"https:\/\/i0.wp.com\/www.tourinto.pt\/wp-content\/uploads\/2025\/12\/Tourinto-branco-CasadoCampo.webp?fit=881%2C1400&ssl=1","contentUrl":"https:\/\/i0.wp.com\/www.tourinto.pt\/wp-content\/uploads\/2025\/12\/Tourinto-branco-CasadoCampo.webp?fit=881%2C1400&ssl=1","width":881,"height":1400,"caption":"Comando G Garnacha, Navatalgordo Garnacha, Comando G Navatalgordo, Vinho Navatalgordo, Sierra de Gredos Navatalgordo"},{"@type":"BreadcrumbList","@id":"https:\/\/www.tourinto.pt\/product\/comando-g-navatalgordo-2023\/#breadcrumb","itemListElement":[{"@type":"ListItem","position":1,"name":"In\u00edcio","item":"https:\/\/www.tourinto.pt\/"},{"@type":"ListItem","position":2,"name":"Garrafeira on-line","item":"https:\/\/www.tourinto.pt\/garrafeira-on-line\/"},{"@type":"ListItem","position":3,"name":"Comando G Navatalgordo 2023"}]},{"@type":"WebSite","@id":"https:\/\/www.tourinto.pt\/#website","url":"https:\/\/www.tourinto.pt\/","name":"Tourinto Premium Wines","description":"Wine Shop online","publisher":{"@id":"https:\/\/www.tourinto.pt\/#organization"},"alternateName":"Garrafeira on-line","potentialAction":[{"@type":"SearchAction","target":{"@type":"EntryPoint","urlTemplate":"https:\/\/www.tourinto.pt\/?s={search_term_string}"},"query-input":{"@type":"PropertyValueSpecification","valueRequired":true,"valueName":"search_term_string"}}],"inLanguage":"en-GB"},{"@type":["Organization","Place"],"@id":"https:\/\/www.tourinto.pt\/#organization","name":"Tourinto","alternateName":"Garrafeira Tourinto, Lda.","url":"https:\/\/www.tourinto.pt\/","logo":{"@id":"https:\/\/www.tourinto.pt\/product\/comando-g-navatalgordo-2023\/#local-main-organization-logo"},"image":{"@id":"https:\/\/www.tourinto.pt\/product\/comando-g-navatalgordo-2023\/#local-main-organization-logo"},"sameAs":["https:\/\/www.facebook.com\/garrafeiratourinto","https:\/\/www.instagram.com\/garrafeiratourinto\/"],"telephone":[],"openingHoursSpecification":[{"@type":"OpeningHoursSpecification","dayOfWeek":["Monday","Tuesday","Wednesday","Thursday","Friday","Saturday","Sunday"],"opens":"09:00","closes":"17:00"}]},{"@type":"ImageObject","inLanguage":"en-GB","@id":"https:\/\/www.tourinto.pt\/product\/comando-g-navatalgordo-2023\/#local-main-organization-logo","url":"https:\/\/i0.wp.com\/www.tourinto.pt\/wp-content\/uploads\/2022\/07\/tourinto-logo-big.png?fit=1400%2C505&ssl=1","contentUrl":"https:\/\/i0.wp.com\/www.tourinto.pt\/wp-content\/uploads\/2022\/07\/tourinto-logo-big.png?fit=1400%2C505&ssl=1","width":1400,"height":505,"caption":"Tourinto"}]},"product_price_amount":"52.95","product_price_currency":"EUR","og_availability":"instock","product_availability":"instock","product_retailer_item_id":"139.03.2023","product_condition":"new"},"jetpack_publicize_connections":[],"jetpack_sharing_enabled":true,"_links":{"self":[{"href":"https:\/\/www.tourinto.pt\/en\/wp-json\/wp\/v2\/product\/16216","targetHints":{"allow":["GET"]}}],"collection":[{"href":"https:\/\/www.tourinto.pt\/en\/wp-json\/wp\/v2\/product"}],"about":[{"href":"https:\/\/www.tourinto.pt\/en\/wp-json\/wp\/v2\/types\/product"}],"replies":[{"embeddable":true,"href":"https:\/\/www.tourinto.pt\/en\/wp-json\/wp\/v2\/comments?post=16216"}],"wp:featuredmedia":[{"embeddable":true,"href":"https:\/\/www.tourinto.pt\/en\/wp-json\/wp\/v2\/media\/16224"}],"wp:attachment":[{"href":"https:\/\/www.tourinto.pt\/en\/wp-json\/wp\/v2\/media?parent=16216"}],"wp:term":[{"taxonomy":"product_brand","embeddable":true,"href":"https:\/\/www.tourinto.pt\/en\/wp-json\/wp\/v2\/product_brand?post=16216"},{"taxonomy":"product_cat","embeddable":true,"href":"https:\/\/www.tourinto.pt\/en\/wp-json\/wp\/v2\/product_cat?post=16216"},{"taxonomy":"product_tag","embeddable":true,"href":"https:\/\/www.tourinto.pt\/en\/wp-json\/wp\/v2\/product_tag?post=16216"}],"curies":[{"name":"wp","href":"https:\/\/api.w.org\/{rel}","templated":true}]}}