{"id":16155,"date":"2025-12-13T21:25:03","date_gmt":"2025-12-13T21:25:03","guid":{"rendered":"https:\/\/www.tourinto.pt\/?post_type=product&#038;p=16155"},"modified":"2026-03-16T19:33:08","modified_gmt":"2026-03-16T19:33:08","slug":"rocche-costamagna-barolo-docg-del-comune-di-la-morra-2021","status":"publish","type":"product","link":"https:\/\/www.tourinto.pt\/en\/product\/rocche-costamagna-barolo-docg-del-comune-di-la-morra-2021\/","title":{"rendered":"Rocche Costamagna Barolo DOCG Del Comune di La Morra 2021"},"content":{"rendered":"<div class=\"wpb-content-wrapper\"><div data-vc-full-width=\"true\" data-vc-full-width-init=\"false\" class=\"vc_row wpb_row vc_row-fluid vc_custom_1656585076455 vc_row-has-fill\"><div class=\"wpb_column vc_column_container vc_col-sm-12\"><div class=\"vc_column-inner\"><div class=\"wpb_wrapper\"><div class=\"vc_tta-container\" data-vc-action=\"collapse\"><div class=\"vc_general vc_tta vc_tta-tabs vc_tta-color-black vc_tta-style-flat vc_tta-shape-square vc_tta-spacing-1 vc_tta-o-no-fill vc_tta-tabs-position-top vc_tta-controls-align-left\"><div class=\"vc_tta-tabs-container\"><ul class=\"vc_tta-tabs-list\" role=\"tablist\"><li class=\"vc_tta-tab vc_active\" data-vc-tab role=\"presentation\"><a href=\"#1656584484701-0e478312-357c\" data-vc-tabs data-vc-container=\".vc_tta\" role=\"tab\" aria-selected=\"false\" id=\"tab-1656584484701-0e478312-357c\"><i class=\"vc_tta-icon vc-oi vc-oi-article\"><\/i><span class=\"vc_tta-title-text\">Description<\/span><\/a><\/li><\/ul><\/div><div class=\"vc_tta-panels-container\"><div class=\"vc_tta-panels\"><div class=\"vc_tta-panel vc_active\" id=\"1656584484701-0e478312-357c\" data-vc-content=\".vc_tta-panel-body\"><div class=\"vc_tta-panel-heading\"><h4 class=\"vc_tta-panel-title\"><a href=\"#1656584484701-0e478312-357c\" data-vc-accordion data-vc-container=\".vc_tta-container\"><i class=\"vc_tta-icon vc-oi vc-oi-article\"><\/i><span class=\"vc_tta-title-text\">Description<\/span><\/a><\/h4><\/div><div class=\"vc_tta-panel-body\"><\/div><\/div><\/div><\/div><\/div><\/div><\/div><\/div><\/div><\/div><div class=\"vc_row-full-width vc_clearfix\"><\/div><div data-vc-full-width=\"true\" data-vc-full-width-init=\"false\" data-vc-stretch-content=\"true\" class=\"vc_row wpb_row vc_row-fluid vc_custom_1694334221800 vc_row-no-padding\"><div class=\"wpb_column vc_column_container vc_col-sm-12\"><div class=\"vc_column-inner\"><div class=\"wpb_wrapper\">\n<div class=\"vc_grid-container-wrapper vc_clearfix vc_grid-animation-fadeIn\">\n\t<div class=\"vc_grid-container vc_clearfix wpb_content_element vc_media_grid\" data-initial-loading-animation=\"fadeIn\" data-vc-grid-settings=\"{&quot;page_id&quot;:16155,&quot;style&quot;:&quot;all&quot;,&quot;action&quot;:&quot;vc_get_vc_grid_data&quot;,&quot;shortcode_id&quot;:&quot;1765661119569-1a080663-c750-9&quot;,&quot;tag&quot;:&quot;vc_media_grid&quot;}\" data-vc-request=\"https:\/\/www.tourinto.pt\/wp-admin\/admin-ajax.php\" data-vc-post-id=\"16155\" data-vc-public-nonce=\"05c9e97c64\">\n\t\t\n\t<\/div>\n<\/div>\n\t<div class=\"wpb_text_column wpb_content_element\" >\n\t\t<div class=\"wpb_wrapper\">\n\t\t\t<p><strong>Rocche Costamagna Barolo Docg Del Comune di La Morra<\/strong><\/p>\n<p><strong>Grape varieties: <\/strong>Nebbiolo\u00a0100%.<br \/>\n<strong>Vinification: <\/strong>Maceration with the skins for about three weeks at 27 \u00b0C.<br \/>\n<b>Aging: <\/b>18 months in oak barrels.<br \/>\n<strong>Colour: <\/strong>Ruby red.<strong><br \/>\n<\/strong><strong>Aroma:<\/strong> Intense on the nose, with notes of violet, raspberry and wild strawberry.<br \/>\n<strong>Flavour: <\/strong>Fresh, very flavourful, with delicate tannins on the palate. Elegant and harmonious, with great persistence and refinement.<\/p>\n<hr style=\"border: #b0976d 1px dotted;\" \/>\n<p><strong>Serve: <\/strong>16 to 18\u2070<br \/>\n<strong>Consumption: <\/strong>First mate or guard (10 to 15 years).<\/p>\n<p><strong>Harmonisation:<\/strong> Polpette di manzo e salsiccia al sugo, meat dishes, roast duck with orange sauce.<\/p>\n<hr style=\"border: #b0976d 1px dotted;\" \/>\n<p><strong>Producer:\u00a0<\/strong><a href=\"https:\/\/www.tourinto.pt\/en\/produtores\/produtores-italia\/rocche-costamagna\/\">Rocche Costamagna<\/a><\/p>\n<p><strong>Enology: <\/strong>Alessandro Locatelli<\/p>\n<p><strong>Classification: <\/strong><a href=\"https:\/\/www.tourinto.pt\/en\/produto-categoria\/vinhos-italianos\/\">Italian Wines<\/a> &#8211; <a href=\"https:\/\/www.tourinto.pt\/en\/produtores\/vinhos-italia-piemonte\/\">Piedmont<\/a><\/p>\n<p><strong>Awards and Notes:\u00a0<\/strong><\/p>\n<ul>\n<li><strong>James Suckling<\/strong>\u00a0 &#8211; 95\/100 (2021)<\/li>\n<li><strong>Kerin<\/strong> <strong>O\u00b4Keefe<\/strong> &#8211; 95\/100 (2021)<\/li>\n<li><strong>Vinous<\/strong> &#8211; 91\/100 (2021)<\/li>\n<\/ul>\n<p><a href=\"https:\/\/rocchecostamagna.it\/en\/\"><span style=\"color: #f1f1f1;\">Wines from Piedmont<\/span><\/a><\/p>\n\n\t\t<\/div>\n\t<\/div>\n<\/div><\/div><\/div><\/div><div class=\"vc_row-full-width vc_clearfix\"><\/div>\n<\/div>","protected":false},"excerpt":{"rendered":"<p class=\"ai-optimize-16\">Rocche Costamagna Barolo DOCG Del Comune di La Morra \u00e9 um vinho produzido a partir de uvas Nebbiolo cultivadas no munic\u00edpio de La Morra. Elegante e de nariz \u00e9 intenso, com notas de violeta, framboesa e morango silvestre, bem como fresco, elegante e harmonioso, com grande persist\u00eancia e requinte.<\/p>\n<p class=\"ai-optimize-17\">Saiba mais sobre <a href=\"https:\/\/www.tourinto.pt\/produtores\/rocche-costamagna\/\">Rocche Costamagna<\/a> e sobre o <a href=\"https:\/\/www.tourinto.pt\/piemonte-langhe-nebbiolo-barolo-e-barbaresco\/\">Piemonte<\/a>.<\/p>\n<p class=\"ai-optimize-18\">[contact-form-7 id=\"4433d5d\" title=\"nota Uni\u00e3o Europeia\"]<\/p>\n","protected":false},"featured_media":16157,"comment_status":"closed","ping_status":"closed","template":"","meta":{"_acf_changed":false,"_joinchat":[],"jetpack_publicize_message":"","jetpack_publicize_feature_enabled":true,"jetpack_social_post_already_shared":true,"jetpack_social_options":{"image_generator_settings":{"template":"highway","default_image_id":0,"font":"","enabled":false},"version":2}},"product_brand":[],"product_cat":[1442,1444,1457,1467,391,370,297,976,210,100,81,44,1121,332],"product_tag":[730,179,176,177,367],"class_list":{"0":"post-16155","1":"product","2":"type-product","3":"status-publish","4":"has-post-thumbnail","6":"product_cat-rtd-tintos-internacionais-destaque","7":"product_cat-carne-e-caca","8":"product_cat-tintos-internacionais","9":"product_cat-massas-e-risottos","10":"product_cat-destaques","11":"product_cat-piemonte","12":"product_cat-minima-intervencao","13":"product_cat-vinhos-estrangeiros","14":"product_cat-vinhos-italianos","15":"product_cat-tipologia","16":"product_cat-regiao","17":"product_cat-produtores","18":"product_cat-nebbiolo","19":"product_cat-rocche-costamagna","20":"product_tag-vinhos-italianos","21":"product_tag-nebbiolo","22":"product_tag-italia","23":"product_tag-piemonte","24":"product_tag-la-morra","25":"pa_ano-33","26":"pa_castas-nebbiolo","27":"pa_categoria-vinhos-italianos","28":"pa_categoria-vinhos-do-piemonte","29":"pa_categoria-vinhos-barolo","30":"pa_categoria-piedmont","31":"pa_enologia-alessandro-locatelli","32":"pa_harmonizacao-pato","33":"pa_harmonizacao-assados-de-carne","34":"pa_harmonizacao-carnes-vermelhas","35":"pa_leveduras-selecionadas","36":"pa_produtor-rocche-costamagna","37":"pa_regiao-piemonte-la-morra","38":"pa_tipologia-vinho-tinto","39":"pa_vinificacao-tradicional-minima-intervencao","40":"pa_viticultura-sustentavel","41":"pa_volume-750ml","43":"first","44":"instock","45":"taxable","46":"shipping-taxable","47":"purchasable","48":"product-type-simple"},"acf":[],"yoast_head":"<!-- This site is optimized with the Yoast SEO Premium plugin v27.5 (Yoast SEO v27.5) - https:\/\/yoast.com\/product\/yoast-seo-premium-wordpress\/ -->\n<title>Rocche Costamagna Barolo DOCG Del Comune di La Morra 2021 - Tourinto Premium Wines<\/title>\n<meta name=\"description\" content=\"Rocche Costamagna Barolo DOCG Del Comune di La Morra \u00e9 um vinho produzido a partir de uvas Nebbiolo cultivadas no munic\u00edpio de La Morra.\" \/>\n<meta name=\"robots\" content=\"index, follow, max-snippet:-1, max-image-preview:large, max-video-preview:-1\" \/>\n<link rel=\"canonical\" href=\"https:\/\/www.tourinto.pt\/en\/product\/rocche-costamagna-barolo-docg-del-comune-di-la-morra-2021\/\" \/>\n<meta property=\"og:locale\" content=\"en_GB\" \/>\n<meta property=\"og:type\" content=\"article\" \/>\n<meta property=\"og:title\" content=\"Rocche Costamagna Barolo DOCG Del Comune di La Morra 2021\" \/>\n<meta property=\"og:description\" content=\"Rocche Costamagna Barolo DOCG Del Comune di La Morra \u00e9 um vinho produzido a partir de uvas Nebbiolo cultivadas no munic\u00edpio de La Morra.\" \/>\n<meta property=\"og:url\" content=\"https:\/\/www.tourinto.pt\/en\/product\/rocche-costamagna-barolo-docg-del-comune-di-la-morra-2021\/\" \/>\n<meta property=\"og:site_name\" content=\"Tourinto Premium Wines\" \/>\n<meta property=\"article:publisher\" content=\"https:\/\/www.facebook.com\/garrafeiratourinto\" \/>\n<meta property=\"article:modified_time\" content=\"2026-03-16T19:33:08+00:00\" \/>\n<meta property=\"og:image\" content=\"https:\/\/www.tourinto.pt\/wp-content\/uploads\/2025\/12\/Rocche-Costamagna-Barolo-Del-Comune-Di-La-Morra.webp\" \/>\n\t<meta property=\"og:image:width\" content=\"881\" \/>\n\t<meta property=\"og:image:height\" content=\"1400\" \/>\n\t<meta property=\"og:image:type\" content=\"image\/webp\" \/>\n<meta name=\"twitter:card\" content=\"summary_large_image\" \/>\n<meta name=\"twitter:label1\" content=\"Price\" \/>\n\t<meta name=\"twitter:data1\" content=\"42,90&nbsp;&euro;\" \/>\n\t<meta name=\"twitter:label2\" content=\"Availability\" \/>\n\t<meta name=\"twitter:data2\" content=\"In stock\" \/>\n<script type=\"application\/ld+json\" class=\"yoast-schema-graph\">{\"@context\":\"https:\\\/\\\/schema.org\",\"@graph\":[{\"@type\":\"WebPage\",\"@id\":\"https:\\\/\\\/www.tourinto.pt\\\/product\\\/rocche-costamagna-barolo-docg-del-comune-di-la-morra-2021\\\/\",\"url\":\"https:\\\/\\\/www.tourinto.pt\\\/product\\\/rocche-costamagna-barolo-docg-del-comune-di-la-morra-2021\\\/\",\"name\":\"Rocche Costamagna Barolo DOCG Del Comune di La Morra 2021 - Tourinto Premium Wines\",\"isPartOf\":{\"@id\":\"https:\\\/\\\/www.tourinto.pt\\\/#website\"},\"primaryImageOfPage\":{\"@id\":\"https:\\\/\\\/www.tourinto.pt\\\/product\\\/rocche-costamagna-barolo-docg-del-comune-di-la-morra-2021\\\/#primaryimage\"},\"image\":{\"@id\":\"https:\\\/\\\/www.tourinto.pt\\\/product\\\/rocche-costamagna-barolo-docg-del-comune-di-la-morra-2021\\\/#primaryimage\"},\"thumbnailUrl\":\"https:\\\/\\\/i0.wp.com\\\/www.tourinto.pt\\\/wp-content\\\/uploads\\\/2025\\\/12\\\/Rocche-Costamagna-Barolo-Del-Comune-Di-La-Morra.webp?fit=881%2C1400&ssl=1\",\"datePublished\":\"2025-12-13T21:25:03+00:00\",\"dateModified\":\"2026-03-16T19:33:08+00:00\",\"description\":\"Rocche Costamagna Barolo DOCG Del Comune di La Morra \u00e9 um vinho produzido a partir de uvas Nebbiolo cultivadas no munic\u00edpio de La Morra.\",\"breadcrumb\":{\"@id\":\"https:\\\/\\\/www.tourinto.pt\\\/product\\\/rocche-costamagna-barolo-docg-del-comune-di-la-morra-2021\\\/#breadcrumb\"},\"inLanguage\":\"en-GB\",\"potentialAction\":[{\"@type\":\"ReadAction\",\"target\":[\"https:\\\/\\\/www.tourinto.pt\\\/product\\\/rocche-costamagna-barolo-docg-del-comune-di-la-morra-2021\\\/\"]}]},{\"@type\":\"ImageObject\",\"inLanguage\":\"en-GB\",\"@id\":\"https:\\\/\\\/www.tourinto.pt\\\/product\\\/rocche-costamagna-barolo-docg-del-comune-di-la-morra-2021\\\/#primaryimage\",\"url\":\"https:\\\/\\\/i0.wp.com\\\/www.tourinto.pt\\\/wp-content\\\/uploads\\\/2025\\\/12\\\/Rocche-Costamagna-Barolo-Del-Comune-Di-La-Morra.webp?fit=881%2C1400&ssl=1\",\"contentUrl\":\"https:\\\/\\\/i0.wp.com\\\/www.tourinto.pt\\\/wp-content\\\/uploads\\\/2025\\\/12\\\/Rocche-Costamagna-Barolo-Del-Comune-Di-La-Morra.webp?fit=881%2C1400&ssl=1\",\"width\":881,\"height\":1400,\"caption\":\"Rocche Costamagna Barolo, Barolo Comuna di La Morra, Barolo La Morra, Vinhos de It\u00e1lia\"},{\"@type\":\"BreadcrumbList\",\"@id\":\"https:\\\/\\\/www.tourinto.pt\\\/product\\\/rocche-costamagna-barolo-docg-del-comune-di-la-morra-2021\\\/#breadcrumb\",\"itemListElement\":[{\"@type\":\"ListItem\",\"position\":1,\"name\":\"In\u00edcio\",\"item\":\"https:\\\/\\\/www.tourinto.pt\\\/\"},{\"@type\":\"ListItem\",\"position\":2,\"name\":\"Garrafeira on-line\",\"item\":\"https:\\\/\\\/www.tourinto.pt\\\/garrafeira-on-line\\\/\"},{\"@type\":\"ListItem\",\"position\":3,\"name\":\"Rocche Costamagna Barolo DOCG Del Comune di La Morra 2021\"}]},{\"@type\":\"WebSite\",\"@id\":\"https:\\\/\\\/www.tourinto.pt\\\/#website\",\"url\":\"https:\\\/\\\/www.tourinto.pt\\\/\",\"name\":\"Tourinto Premium Wines\",\"description\":\"Garrafeira on-line\",\"publisher\":{\"@id\":\"https:\\\/\\\/www.tourinto.pt\\\/#organization\"},\"alternateName\":\"Garrafeira on-line\",\"potentialAction\":[{\"@type\":\"SearchAction\",\"target\":{\"@type\":\"EntryPoint\",\"urlTemplate\":\"https:\\\/\\\/www.tourinto.pt\\\/?s={search_term_string}\"},\"query-input\":{\"@type\":\"PropertyValueSpecification\",\"valueRequired\":true,\"valueName\":\"search_term_string\"}}],\"inLanguage\":\"en-GB\"},{\"@type\":[\"Organization\",\"Place\"],\"@id\":\"https:\\\/\\\/www.tourinto.pt\\\/#organization\",\"name\":\"Tourinto\",\"alternateName\":\"Garrafeira Tourinto, Lda.\",\"url\":\"https:\\\/\\\/www.tourinto.pt\\\/\",\"logo\":{\"@id\":\"https:\\\/\\\/www.tourinto.pt\\\/product\\\/rocche-costamagna-barolo-docg-del-comune-di-la-morra-2021\\\/#local-main-organization-logo\"},\"image\":{\"@id\":\"https:\\\/\\\/www.tourinto.pt\\\/product\\\/rocche-costamagna-barolo-docg-del-comune-di-la-morra-2021\\\/#local-main-organization-logo\"},\"sameAs\":[\"https:\\\/\\\/www.facebook.com\\\/garrafeiratourinto\",\"https:\\\/\\\/www.instagram.com\\\/garrafeiratourinto\\\/\"],\"telephone\":[],\"openingHoursSpecification\":[{\"@type\":\"OpeningHoursSpecification\",\"dayOfWeek\":[\"Monday\",\"Tuesday\",\"Wednesday\",\"Thursday\",\"Friday\",\"Saturday\",\"Sunday\"],\"opens\":\"09:00\",\"closes\":\"17:00\"}]},{\"@type\":\"ImageObject\",\"inLanguage\":\"en-GB\",\"@id\":\"https:\\\/\\\/www.tourinto.pt\\\/product\\\/rocche-costamagna-barolo-docg-del-comune-di-la-morra-2021\\\/#local-main-organization-logo\",\"url\":\"https:\\\/\\\/i0.wp.com\\\/www.tourinto.pt\\\/wp-content\\\/uploads\\\/2022\\\/07\\\/tourinto-logo-big.png?fit=1400%2C505&ssl=1\",\"contentUrl\":\"https:\\\/\\\/i0.wp.com\\\/www.tourinto.pt\\\/wp-content\\\/uploads\\\/2022\\\/07\\\/tourinto-logo-big.png?fit=1400%2C505&ssl=1\",\"width\":1400,\"height\":505,\"caption\":\"Tourinto\"}]}<\/script>\n<meta property=\"product:price:amount\" content=\"42.90\" \/>\n<meta property=\"product:price:currency\" content=\"EUR\" \/>\n<meta property=\"og:availability\" content=\"instock\" \/>\n<meta property=\"product:availability\" content=\"instock\" \/>\n<meta property=\"product:retailer_item_id\" content=\"39.07.2021\" \/>\n<meta property=\"product:condition\" content=\"new\" \/>\n<!-- \/ Yoast SEO Premium plugin. -->","yoast_head_json":{"title":"Rocche Costamagna Barolo DOCG Del Comune di La Morra 2021 - Tourinto Premium Wines","description":"Rocche Costamagna Barolo DOCG Del Comune di La Morra \u00e9 um vinho produzido a partir de uvas Nebbiolo cultivadas no munic\u00edpio de La Morra.","robots":{"index":"index","follow":"follow","max-snippet":"max-snippet:-1","max-image-preview":"max-image-preview:large","max-video-preview":"max-video-preview:-1"},"canonical":"https:\/\/www.tourinto.pt\/en\/product\/rocche-costamagna-barolo-docg-del-comune-di-la-morra-2021\/","og_locale":"en_GB","og_type":"article","og_title":"Rocche Costamagna Barolo DOCG Del Comune di La Morra 2021","og_description":"Rocche Costamagna Barolo DOCG Del Comune di La Morra \u00e9 um vinho produzido a partir de uvas Nebbiolo cultivadas no munic\u00edpio de La Morra.","og_url":"https:\/\/www.tourinto.pt\/en\/product\/rocche-costamagna-barolo-docg-del-comune-di-la-morra-2021\/","og_site_name":"Tourinto Premium Wines","article_publisher":"https:\/\/www.facebook.com\/garrafeiratourinto","article_modified_time":"2026-03-16T19:33:08+00:00","og_image":[{"width":881,"height":1400,"url":"https:\/\/www.tourinto.pt\/wp-content\/uploads\/2025\/12\/Rocche-Costamagna-Barolo-Del-Comune-Di-La-Morra.webp","type":"image\/webp"}],"twitter_card":"summary_large_image","twitter_misc":{"Price":"42,90&nbsp;&euro;","Availability":"In stock"},"schema":{"@context":"https:\/\/schema.org","@graph":[{"@type":"WebPage","@id":"https:\/\/www.tourinto.pt\/product\/rocche-costamagna-barolo-docg-del-comune-di-la-morra-2021\/","url":"https:\/\/www.tourinto.pt\/product\/rocche-costamagna-barolo-docg-del-comune-di-la-morra-2021\/","name":"Rocche Costamagna Barolo DOCG Del Comune di La Morra 2021 - Tourinto Premium Wines","isPartOf":{"@id":"https:\/\/www.tourinto.pt\/#website"},"primaryImageOfPage":{"@id":"https:\/\/www.tourinto.pt\/product\/rocche-costamagna-barolo-docg-del-comune-di-la-morra-2021\/#primaryimage"},"image":{"@id":"https:\/\/www.tourinto.pt\/product\/rocche-costamagna-barolo-docg-del-comune-di-la-morra-2021\/#primaryimage"},"thumbnailUrl":"https:\/\/i0.wp.com\/www.tourinto.pt\/wp-content\/uploads\/2025\/12\/Rocche-Costamagna-Barolo-Del-Comune-Di-La-Morra.webp?fit=881%2C1400&ssl=1","datePublished":"2025-12-13T21:25:03+00:00","dateModified":"2026-03-16T19:33:08+00:00","description":"Rocche Costamagna Barolo DOCG Del Comune di La Morra \u00e9 um vinho produzido a partir de uvas Nebbiolo cultivadas no munic\u00edpio de La Morra.","breadcrumb":{"@id":"https:\/\/www.tourinto.pt\/product\/rocche-costamagna-barolo-docg-del-comune-di-la-morra-2021\/#breadcrumb"},"inLanguage":"en-GB","potentialAction":[{"@type":"ReadAction","target":["https:\/\/www.tourinto.pt\/product\/rocche-costamagna-barolo-docg-del-comune-di-la-morra-2021\/"]}]},{"@type":"ImageObject","inLanguage":"en-GB","@id":"https:\/\/www.tourinto.pt\/product\/rocche-costamagna-barolo-docg-del-comune-di-la-morra-2021\/#primaryimage","url":"https:\/\/i0.wp.com\/www.tourinto.pt\/wp-content\/uploads\/2025\/12\/Rocche-Costamagna-Barolo-Del-Comune-Di-La-Morra.webp?fit=881%2C1400&ssl=1","contentUrl":"https:\/\/i0.wp.com\/www.tourinto.pt\/wp-content\/uploads\/2025\/12\/Rocche-Costamagna-Barolo-Del-Comune-Di-La-Morra.webp?fit=881%2C1400&ssl=1","width":881,"height":1400,"caption":"Rocche Costamagna Barolo, Barolo Comuna di La Morra, Barolo La Morra, Vinhos de It\u00e1lia"},{"@type":"BreadcrumbList","@id":"https:\/\/www.tourinto.pt\/product\/rocche-costamagna-barolo-docg-del-comune-di-la-morra-2021\/#breadcrumb","itemListElement":[{"@type":"ListItem","position":1,"name":"In\u00edcio","item":"https:\/\/www.tourinto.pt\/"},{"@type":"ListItem","position":2,"name":"Garrafeira on-line","item":"https:\/\/www.tourinto.pt\/garrafeira-on-line\/"},{"@type":"ListItem","position":3,"name":"Rocche Costamagna Barolo DOCG Del Comune di La Morra 2021"}]},{"@type":"WebSite","@id":"https:\/\/www.tourinto.pt\/#website","url":"https:\/\/www.tourinto.pt\/","name":"Tourinto Premium Wines","description":"Wine Shop online","publisher":{"@id":"https:\/\/www.tourinto.pt\/#organization"},"alternateName":"Garrafeira on-line","potentialAction":[{"@type":"SearchAction","target":{"@type":"EntryPoint","urlTemplate":"https:\/\/www.tourinto.pt\/?s={search_term_string}"},"query-input":{"@type":"PropertyValueSpecification","valueRequired":true,"valueName":"search_term_string"}}],"inLanguage":"en-GB"},{"@type":["Organization","Place"],"@id":"https:\/\/www.tourinto.pt\/#organization","name":"Tourinto","alternateName":"Garrafeira Tourinto, Lda.","url":"https:\/\/www.tourinto.pt\/","logo":{"@id":"https:\/\/www.tourinto.pt\/product\/rocche-costamagna-barolo-docg-del-comune-di-la-morra-2021\/#local-main-organization-logo"},"image":{"@id":"https:\/\/www.tourinto.pt\/product\/rocche-costamagna-barolo-docg-del-comune-di-la-morra-2021\/#local-main-organization-logo"},"sameAs":["https:\/\/www.facebook.com\/garrafeiratourinto","https:\/\/www.instagram.com\/garrafeiratourinto\/"],"telephone":[],"openingHoursSpecification":[{"@type":"OpeningHoursSpecification","dayOfWeek":["Monday","Tuesday","Wednesday","Thursday","Friday","Saturday","Sunday"],"opens":"09:00","closes":"17:00"}]},{"@type":"ImageObject","inLanguage":"en-GB","@id":"https:\/\/www.tourinto.pt\/product\/rocche-costamagna-barolo-docg-del-comune-di-la-morra-2021\/#local-main-organization-logo","url":"https:\/\/i0.wp.com\/www.tourinto.pt\/wp-content\/uploads\/2022\/07\/tourinto-logo-big.png?fit=1400%2C505&ssl=1","contentUrl":"https:\/\/i0.wp.com\/www.tourinto.pt\/wp-content\/uploads\/2022\/07\/tourinto-logo-big.png?fit=1400%2C505&ssl=1","width":1400,"height":505,"caption":"Tourinto"}]},"product_price_amount":"42.90","product_price_currency":"EUR","og_availability":"instock","product_availability":"instock","product_retailer_item_id":"39.07.2021","product_condition":"new"},"jetpack_publicize_connections":[],"jetpack_sharing_enabled":true,"_links":{"self":[{"href":"https:\/\/www.tourinto.pt\/en\/wp-json\/wp\/v2\/product\/16155","targetHints":{"allow":["GET"]}}],"collection":[{"href":"https:\/\/www.tourinto.pt\/en\/wp-json\/wp\/v2\/product"}],"about":[{"href":"https:\/\/www.tourinto.pt\/en\/wp-json\/wp\/v2\/types\/product"}],"replies":[{"embeddable":true,"href":"https:\/\/www.tourinto.pt\/en\/wp-json\/wp\/v2\/comments?post=16155"}],"wp:featuredmedia":[{"embeddable":true,"href":"https:\/\/www.tourinto.pt\/en\/wp-json\/wp\/v2\/media\/16157"}],"wp:attachment":[{"href":"https:\/\/www.tourinto.pt\/en\/wp-json\/wp\/v2\/media?parent=16155"}],"wp:term":[{"taxonomy":"product_brand","embeddable":true,"href":"https:\/\/www.tourinto.pt\/en\/wp-json\/wp\/v2\/product_brand?post=16155"},{"taxonomy":"product_cat","embeddable":true,"href":"https:\/\/www.tourinto.pt\/en\/wp-json\/wp\/v2\/product_cat?post=16155"},{"taxonomy":"product_tag","embeddable":true,"href":"https:\/\/www.tourinto.pt\/en\/wp-json\/wp\/v2\/product_tag?post=16155"}],"curies":[{"name":"wp","href":"https:\/\/api.w.org\/{rel}","templated":true}]}}