{"id":1533,"date":"2022-06-29T17:48:22","date_gmt":"2022-06-29T17:48:22","guid":{"rendered":"https:\/\/www.tourinto.pt\/?post_type=product&#038;p=1533"},"modified":"2025-11-23T11:37:27","modified_gmt":"2025-11-23T11:37:27","slug":"ja-te-disse-rose","status":"publish","type":"product","link":"https:\/\/www.tourinto.pt\/en\/product\/ja-te-disse-rose\/","title":{"rendered":"J\u00e1 Te Disse Rose"},"content":{"rendered":"<div class=\"wpb-content-wrapper\"><div data-vc-full-width=\"true\" data-vc-full-width-init=\"false\" class=\"vc_row wpb_row vc_row-fluid vc_custom_1656585076455 vc_row-has-fill\"><div class=\"wpb_column vc_column_container vc_col-sm-12\"><div class=\"vc_column-inner\"><div class=\"wpb_wrapper\"><div class=\"vc_tta-container\" data-vc-action=\"collapse\"><div class=\"vc_general vc_tta vc_tta-tabs vc_tta-color-black vc_tta-style-flat vc_tta-shape-square vc_tta-spacing-1 vc_tta-o-no-fill vc_tta-tabs-position-top vc_tta-controls-align-left\"><div class=\"vc_tta-tabs-container\"><ul class=\"vc_tta-tabs-list\" role=\"tablist\"><li class=\"vc_tta-tab vc_active\" data-vc-tab role=\"presentation\"><a href=\"#1656584484701-0e478312-357c\" data-vc-tabs data-vc-container=\".vc_tta\" role=\"tab\" aria-selected=\"false\" id=\"tab-1656584484701-0e478312-357c\"><i class=\"vc_tta-icon vc-oi vc-oi-article\"><\/i><span class=\"vc_tta-title-text\">Description<\/span><\/a><\/li><\/ul><\/div><div class=\"vc_tta-panels-container\"><div class=\"vc_tta-panels\"><div class=\"vc_tta-panel vc_active\" id=\"1656584484701-0e478312-357c\" data-vc-content=\".vc_tta-panel-body\"><div class=\"vc_tta-panel-heading\"><h4 class=\"vc_tta-panel-title\"><a href=\"#1656584484701-0e478312-357c\" data-vc-accordion data-vc-container=\".vc_tta-container\"><i class=\"vc_tta-icon vc-oi vc-oi-article\"><\/i><span class=\"vc_tta-title-text\">Description<\/span><\/a><\/h4><\/div><div class=\"vc_tta-panel-body\">\n\t<div class=\"wpb_text_column wpb_content_element\" >\n\t\t<div class=\"wpb_wrapper\">\n\t\t\t<p><strong>J\u00e1 Te Disse Rose<\/strong><\/p>\n<p><strong>Grape varieties:<\/strong> Aragonez (40%), Touriga Nacional (30%) and Syrah (30%).<br \/>\n<strong>Vinification:<\/strong> Temperature-controlled stainless steel vat.<br \/>\n<strong>Aging:\u00a0<\/strong>Stainless steel vat.<br \/>\n<strong>Colour:<\/strong> Transparent and pale pink.<br \/>\n<strong>Aroma:<\/strong> Fine and lively, revealing a complex woodland fruit profile.<br \/>\n<strong>Flavour:<\/strong> In the mouth it is very elegant, with aromatic herbal notes, fresh and persistent.<\/p>\n<hr style=\"border: #b0976d 1px dotted\" \/>\n<p><strong>Serve:<\/strong> 10 to 12\u2070<br \/>\n<strong>Consumption: <\/strong>Immediate.<\/p>\n<hr style=\"border: #b0976d 1px dotted\" \/>\n<p><strong>Harmonisation:<\/strong> Light meals, fish and seafood, white meats, grilled meats and salads.<\/p>\n<hr style=\"border: #b0976d 1px dotted\" \/>\n<p><strong>Producer:\u00a0<\/strong><a href=\"https:\/\/www.tourinto.pt\/en\/produtores\/alentejo\/ja-te-disse\/\">J\u00e1 te Disse<\/a><\/p>\n<p><strong>Enology:<\/strong> Joaquim Roque<\/p>\n<p><strong>Category: <\/strong>Portuguese Wines \u2013 <a href=\"https:\/\/www.tourinto.pt\/en\/portugal\/vinhos-do-alentejo\/\">Alentejo<\/a><\/p>\n<p><strong>Awards and Notes:<\/strong><\/p>\n<ul>\n<li><strong>Great Choices<\/strong> &#8211; 17\/20<\/li>\n<li><strong>Revista Evas\u00f5es<\/strong> &#8211; 18,5\/20<\/li>\n<\/ul>\n<p><a href=\"https:\/\/jatedisse.com\/\"><span style=\"color: #f1f1f1\">ja te disse<\/span><\/a><\/p>\n\n\t\t<\/div>\n\t<\/div>\n<\/div><\/div><\/div><\/div><\/div><\/div><\/div><\/div><\/div><\/div><div class=\"vc_row-full-width vc_clearfix\"><\/div><div data-vc-full-width=\"true\" data-vc-full-width-init=\"false\" data-vc-stretch-content=\"true\" class=\"vc_row wpb_row vc_row-fluid vc_custom_1656523732243 vc_row-no-padding\"><div class=\"wpb_column vc_column_container vc_col-sm-12\"><div class=\"vc_column-inner\"><div class=\"wpb_wrapper\">\n<div class=\"vc_grid-container-wrapper vc_clearfix vc_grid-animation-fadeIn\">\n\t<div class=\"vc_grid-container vc_clearfix wpb_content_element vc_media_grid\" data-initial-loading-animation=\"fadeIn\" data-vc-grid-settings=\"{&quot;page_id&quot;:1533,&quot;style&quot;:&quot;all&quot;,&quot;action&quot;:&quot;vc_get_vc_grid_data&quot;,&quot;shortcode_id&quot;:&quot;1757072963105-40d6d257-447d-5&quot;,&quot;tag&quot;:&quot;vc_media_grid&quot;}\" data-vc-request=\"https:\/\/www.tourinto.pt\/wp-admin\/admin-ajax.php\" data-vc-post-id=\"1533\" data-vc-public-nonce=\"a3489c1848\">\n\t\t\n\t<\/div>\n<\/div><\/div><\/div><\/div><\/div><div class=\"vc_row-full-width vc_clearfix\"><\/div>\n<\/div>","protected":false},"excerpt":{"rendered":"<p>J\u00e1 Te Disse Ros\u00e9 \u00e9 um vinho ros\u00e9 fino e vivo, com um perfil complexo de frutos do bosque, que para al\u00e9m da grande eleg\u00e2ncia, \u00e9 fresco e persistente.<\/p>\n<p>Saiba mais sobre <a href=\"https:\/\/www.tourinto.pt\/produtores\/alentejo\/ja-te-disse\/\">J\u00e1 te Disse<\/a>.<\/p>\n[contact-form-7 id=\"4433d5d\" title=\"nota Uni\u00e3o Europeia\"]\n","protected":false},"featured_media":13846,"comment_status":"closed","ping_status":"closed","template":"","meta":{"_acf_changed":false,"_joinchat":[],"jetpack_publicize_message":"","jetpack_publicize_feature_enabled":true,"jetpack_social_post_already_shared":false,"jetpack_social_options":{"image_generator_settings":{"template":"highway","default_image_id":0,"font":"","enabled":false},"version":2}},"product_brand":[],"product_cat":[24,297,83,424,392,81,44,45],"product_tag":[430,47,46,41,39],"class_list":{"0":"post-1533","1":"product","2":"type-product","3":"status-publish","4":"has-post-thumbnail","6":"product_cat-vinho-rose","7":"product_cat-minima-intervencao","8":"product_cat-alentejo","9":"product_cat-vinhos-portugal","10":"product_cat-pequenos-produtores","11":"product_cat-regiao","12":"product_cat-produtores","13":"product_cat-ja-te-disse","14":"product_tag-vinho-rose","15":"product_tag-touriga-nacional","16":"product_tag-aragonez","17":"product_tag-syrah","18":"product_tag-alentejo","19":"pa_ano-33","20":"pa_castas-syrah","21":"pa_castas-aragonez","22":"pa_castas-touriga-nacional","23":"pa_categoria-vinhos-portugueses","24":"pa_enologia-joachim-roque","25":"pa_harmonizacao-peixe-grelhado","26":"pa_harmonizacao-saladas","27":"pa_harmonizacao-carnes-brancas","28":"pa_harmonizacao-marisco","29":"pa_leveduras-selecionadas","30":"pa_produtor-ja-te-disse","31":"pa_regiao-alentejo","32":"pa_tipologia-vinho-rose","33":"pa_vinificacao-tradicional-controlada","34":"pa_viticultura-sustentavel","35":"pa_volume-750ml","37":"first","38":"instock","39":"taxable","40":"shipping-taxable","41":"purchasable","42":"product-type-simple"},"acf":[],"yoast_head":"<!-- This site is optimized with the Yoast SEO Premium plugin v27.3 (Yoast SEO v27.4) - https:\/\/yoast.com\/product\/yoast-seo-premium-wordpress\/ -->\n<title>J\u00e1 Te Disse Ros\u00e9 - Tourinto Premium Wines<\/title>\n<meta name=\"description\" content=\"J\u00e1 Te Disse Ros\u00e9 \u00e9 um vinho ros\u00e9 fino e vivo, com um perfil complexo de frutos do bosque. Para al\u00e9m da grande eleg\u00e2ncia, \u00e9 um vinho fresco e persistente.\" \/>\n<meta name=\"robots\" content=\"index, follow, max-snippet:-1, max-image-preview:large, max-video-preview:-1\" \/>\n<link rel=\"canonical\" href=\"https:\/\/www.tourinto.pt\/en\/product\/ja-te-disse-rose\/\" \/>\n<meta property=\"og:locale\" content=\"en_GB\" \/>\n<meta property=\"og:type\" content=\"article\" \/>\n<meta property=\"og:title\" content=\"J\u00e1 Te Disse Ros\u00e9\" \/>\n<meta property=\"og:description\" content=\"J\u00e1 Te Disse Ros\u00e9 \u00e9 um vinho ros\u00e9 fino e vivo, com um perfil complexo de frutos do bosque. Para al\u00e9m da grande eleg\u00e2ncia, \u00e9 um vinho fresco e persistente.\" \/>\n<meta property=\"og:url\" content=\"https:\/\/www.tourinto.pt\/en\/product\/ja-te-disse-rose\/\" \/>\n<meta property=\"og:site_name\" content=\"Tourinto Premium Wines\" \/>\n<meta property=\"article:publisher\" content=\"https:\/\/www.facebook.com\/garrafeiratourinto\" \/>\n<meta property=\"article:modified_time\" content=\"2025-11-23T11:37:27+00:00\" \/>\n<meta property=\"og:image\" content=\"https:\/\/i0.wp.com\/www.tourinto.pt\/wp-content\/uploads\/2024\/11\/Ja-te-Disse-Rose.webp?fit=881%2C1400&ssl=1\" \/>\n\t<meta property=\"og:image:width\" content=\"881\" \/>\n\t<meta property=\"og:image:height\" content=\"1400\" \/>\n\t<meta property=\"og:image:type\" content=\"image\/webp\" \/>\n<meta name=\"twitter:card\" content=\"summary_large_image\" \/>\n<meta name=\"twitter:label1\" content=\"Price\" \/>\n\t<meta name=\"twitter:data1\" content=\"32,90&nbsp;&euro;\" \/>\n\t<meta name=\"twitter:label2\" content=\"Availability\" \/>\n\t<meta name=\"twitter:data2\" content=\"In stock\" \/>\n<script type=\"application\/ld+json\" class=\"yoast-schema-graph\">{\"@context\":\"https:\\\/\\\/schema.org\",\"@graph\":[{\"@type\":\"WebPage\",\"@id\":\"https:\\\/\\\/www.tourinto.pt\\\/product\\\/ja-te-disse-rose\\\/\",\"url\":\"https:\\\/\\\/www.tourinto.pt\\\/product\\\/ja-te-disse-rose\\\/\",\"name\":\"J\u00e1 Te Disse Ros\u00e9 - Tourinto Premium Wines\",\"isPartOf\":{\"@id\":\"https:\\\/\\\/www.tourinto.pt\\\/#website\"},\"primaryImageOfPage\":{\"@id\":\"https:\\\/\\\/www.tourinto.pt\\\/product\\\/ja-te-disse-rose\\\/#primaryimage\"},\"image\":{\"@id\":\"https:\\\/\\\/www.tourinto.pt\\\/product\\\/ja-te-disse-rose\\\/#primaryimage\"},\"thumbnailUrl\":\"https:\\\/\\\/i0.wp.com\\\/www.tourinto.pt\\\/wp-content\\\/uploads\\\/2024\\\/11\\\/Ja-te-Disse-Rose.webp?fit=881%2C1400&ssl=1\",\"datePublished\":\"2022-06-29T17:48:22+00:00\",\"dateModified\":\"2025-11-23T11:37:27+00:00\",\"description\":\"J\u00e1 Te Disse Ros\u00e9 \u00e9 um vinho ros\u00e9 fino e vivo, com um perfil complexo de frutos do bosque. Para al\u00e9m da grande eleg\u00e2ncia, \u00e9 um vinho fresco e persistente.\",\"breadcrumb\":{\"@id\":\"https:\\\/\\\/www.tourinto.pt\\\/product\\\/ja-te-disse-rose\\\/#breadcrumb\"},\"inLanguage\":\"en-GB\",\"potentialAction\":[{\"@type\":\"ReadAction\",\"target\":[\"https:\\\/\\\/www.tourinto.pt\\\/product\\\/ja-te-disse-rose\\\/\"]}]},{\"@type\":\"ImageObject\",\"inLanguage\":\"en-GB\",\"@id\":\"https:\\\/\\\/www.tourinto.pt\\\/product\\\/ja-te-disse-rose\\\/#primaryimage\",\"url\":\"https:\\\/\\\/i0.wp.com\\\/www.tourinto.pt\\\/wp-content\\\/uploads\\\/2024\\\/11\\\/Ja-te-Disse-Rose.webp?fit=881%2C1400&ssl=1\",\"contentUrl\":\"https:\\\/\\\/i0.wp.com\\\/www.tourinto.pt\\\/wp-content\\\/uploads\\\/2024\\\/11\\\/Ja-te-Disse-Rose.webp?fit=881%2C1400&ssl=1\",\"width\":881,\"height\":1400,\"caption\":\"J\u00e1 Te Disse ros\u00e9, J\u00e1 te Disse Vinho Ros\u00e9, Vinho Ros\u00e9 J\u00e1 te Disse\"},{\"@type\":\"BreadcrumbList\",\"@id\":\"https:\\\/\\\/www.tourinto.pt\\\/product\\\/ja-te-disse-rose\\\/#breadcrumb\",\"itemListElement\":[{\"@type\":\"ListItem\",\"position\":1,\"name\":\"In\u00edcio\",\"item\":\"https:\\\/\\\/www.tourinto.pt\\\/\"},{\"@type\":\"ListItem\",\"position\":2,\"name\":\"Garrafeira on-line\",\"item\":\"https:\\\/\\\/www.tourinto.pt\\\/garrafeira-on-line\\\/\"},{\"@type\":\"ListItem\",\"position\":3,\"name\":\"J\u00e1 Te Disse Ros\u00e9\"}]},{\"@type\":\"WebSite\",\"@id\":\"https:\\\/\\\/www.tourinto.pt\\\/#website\",\"url\":\"https:\\\/\\\/www.tourinto.pt\\\/\",\"name\":\"Tourinto Premium Wines\",\"description\":\"Garrafeira on-line\",\"publisher\":{\"@id\":\"https:\\\/\\\/www.tourinto.pt\\\/#organization\"},\"alternateName\":\"Garrafeira on-line\",\"potentialAction\":[{\"@type\":\"SearchAction\",\"target\":{\"@type\":\"EntryPoint\",\"urlTemplate\":\"https:\\\/\\\/www.tourinto.pt\\\/?s={search_term_string}\"},\"query-input\":{\"@type\":\"PropertyValueSpecification\",\"valueRequired\":true,\"valueName\":\"search_term_string\"}}],\"inLanguage\":\"en-GB\"},{\"@type\":[\"Organization\",\"Place\"],\"@id\":\"https:\\\/\\\/www.tourinto.pt\\\/#organization\",\"name\":\"Tourinto\",\"alternateName\":\"Garrafeira Tourinto, Lda.\",\"url\":\"https:\\\/\\\/www.tourinto.pt\\\/\",\"logo\":{\"@id\":\"https:\\\/\\\/www.tourinto.pt\\\/product\\\/ja-te-disse-rose\\\/#local-main-organization-logo\"},\"image\":{\"@id\":\"https:\\\/\\\/www.tourinto.pt\\\/product\\\/ja-te-disse-rose\\\/#local-main-organization-logo\"},\"sameAs\":[\"https:\\\/\\\/www.facebook.com\\\/garrafeiratourinto\",\"https:\\\/\\\/www.instagram.com\\\/garrafeiratourinto\\\/\"],\"telephone\":[],\"openingHoursSpecification\":[{\"@type\":\"OpeningHoursSpecification\",\"dayOfWeek\":[\"Monday\",\"Tuesday\",\"Wednesday\",\"Thursday\",\"Friday\",\"Saturday\",\"Sunday\"],\"opens\":\"09:00\",\"closes\":\"17:00\"}]},{\"@type\":\"ImageObject\",\"inLanguage\":\"en-GB\",\"@id\":\"https:\\\/\\\/www.tourinto.pt\\\/product\\\/ja-te-disse-rose\\\/#local-main-organization-logo\",\"url\":\"https:\\\/\\\/i0.wp.com\\\/www.tourinto.pt\\\/wp-content\\\/uploads\\\/2022\\\/07\\\/tourinto-logo-big.png?fit=1400%2C505&ssl=1\",\"contentUrl\":\"https:\\\/\\\/i0.wp.com\\\/www.tourinto.pt\\\/wp-content\\\/uploads\\\/2022\\\/07\\\/tourinto-logo-big.png?fit=1400%2C505&ssl=1\",\"width\":1400,\"height\":505,\"caption\":\"Tourinto\"}]}<\/script>\n<meta property=\"product:price:amount\" content=\"32.90\" \/>\n<meta property=\"product:price:currency\" content=\"EUR\" \/>\n<meta property=\"og:availability\" content=\"instock\" \/>\n<meta property=\"product:availability\" content=\"instock\" \/>\n<meta property=\"product:retailer_item_id\" content=\"05.03.2021\" \/>\n<meta property=\"product:condition\" content=\"new\" \/>\n<!-- \/ Yoast SEO Premium plugin. -->","yoast_head_json":{"title":"J\u00e1 Te Disse Ros\u00e9 - Tourinto Premium Wines","description":"J\u00e1 Te Disse Ros\u00e9 \u00e9 um vinho ros\u00e9 fino e vivo, com um perfil complexo de frutos do bosque. Para al\u00e9m da grande eleg\u00e2ncia, \u00e9 um vinho fresco e persistente.","robots":{"index":"index","follow":"follow","max-snippet":"max-snippet:-1","max-image-preview":"max-image-preview:large","max-video-preview":"max-video-preview:-1"},"canonical":"https:\/\/www.tourinto.pt\/en\/product\/ja-te-disse-rose\/","og_locale":"en_GB","og_type":"article","og_title":"J\u00e1 Te Disse Ros\u00e9","og_description":"J\u00e1 Te Disse Ros\u00e9 \u00e9 um vinho ros\u00e9 fino e vivo, com um perfil complexo de frutos do bosque. Para al\u00e9m da grande eleg\u00e2ncia, \u00e9 um vinho fresco e persistente.","og_url":"https:\/\/www.tourinto.pt\/en\/product\/ja-te-disse-rose\/","og_site_name":"Tourinto Premium Wines","article_publisher":"https:\/\/www.facebook.com\/garrafeiratourinto","article_modified_time":"2025-11-23T11:37:27+00:00","og_image":[{"width":881,"height":1400,"url":"https:\/\/i0.wp.com\/www.tourinto.pt\/wp-content\/uploads\/2024\/11\/Ja-te-Disse-Rose.webp?fit=881%2C1400&ssl=1","type":"image\/webp"}],"twitter_card":"summary_large_image","twitter_misc":{"Price":"32,90&nbsp;&euro;","Availability":"In stock"},"schema":{"@context":"https:\/\/schema.org","@graph":[{"@type":"WebPage","@id":"https:\/\/www.tourinto.pt\/product\/ja-te-disse-rose\/","url":"https:\/\/www.tourinto.pt\/product\/ja-te-disse-rose\/","name":"J\u00e1 Te Disse Ros\u00e9 - Tourinto Premium Wines","isPartOf":{"@id":"https:\/\/www.tourinto.pt\/#website"},"primaryImageOfPage":{"@id":"https:\/\/www.tourinto.pt\/product\/ja-te-disse-rose\/#primaryimage"},"image":{"@id":"https:\/\/www.tourinto.pt\/product\/ja-te-disse-rose\/#primaryimage"},"thumbnailUrl":"https:\/\/i0.wp.com\/www.tourinto.pt\/wp-content\/uploads\/2024\/11\/Ja-te-Disse-Rose.webp?fit=881%2C1400&ssl=1","datePublished":"2022-06-29T17:48:22+00:00","dateModified":"2025-11-23T11:37:27+00:00","description":"J\u00e1 Te Disse Ros\u00e9 \u00e9 um vinho ros\u00e9 fino e vivo, com um perfil complexo de frutos do bosque. Para al\u00e9m da grande eleg\u00e2ncia, \u00e9 um vinho fresco e persistente.","breadcrumb":{"@id":"https:\/\/www.tourinto.pt\/product\/ja-te-disse-rose\/#breadcrumb"},"inLanguage":"en-GB","potentialAction":[{"@type":"ReadAction","target":["https:\/\/www.tourinto.pt\/product\/ja-te-disse-rose\/"]}]},{"@type":"ImageObject","inLanguage":"en-GB","@id":"https:\/\/www.tourinto.pt\/product\/ja-te-disse-rose\/#primaryimage","url":"https:\/\/i0.wp.com\/www.tourinto.pt\/wp-content\/uploads\/2024\/11\/Ja-te-Disse-Rose.webp?fit=881%2C1400&ssl=1","contentUrl":"https:\/\/i0.wp.com\/www.tourinto.pt\/wp-content\/uploads\/2024\/11\/Ja-te-Disse-Rose.webp?fit=881%2C1400&ssl=1","width":881,"height":1400,"caption":"J\u00e1 Te Disse ros\u00e9, J\u00e1 te Disse Vinho Ros\u00e9, Vinho Ros\u00e9 J\u00e1 te Disse"},{"@type":"BreadcrumbList","@id":"https:\/\/www.tourinto.pt\/product\/ja-te-disse-rose\/#breadcrumb","itemListElement":[{"@type":"ListItem","position":1,"name":"In\u00edcio","item":"https:\/\/www.tourinto.pt\/"},{"@type":"ListItem","position":2,"name":"Garrafeira on-line","item":"https:\/\/www.tourinto.pt\/garrafeira-on-line\/"},{"@type":"ListItem","position":3,"name":"J\u00e1 Te Disse Ros\u00e9"}]},{"@type":"WebSite","@id":"https:\/\/www.tourinto.pt\/#website","url":"https:\/\/www.tourinto.pt\/","name":"Tourinto Premium Wines","description":"Wine Shop online","publisher":{"@id":"https:\/\/www.tourinto.pt\/#organization"},"alternateName":"Garrafeira on-line","potentialAction":[{"@type":"SearchAction","target":{"@type":"EntryPoint","urlTemplate":"https:\/\/www.tourinto.pt\/?s={search_term_string}"},"query-input":{"@type":"PropertyValueSpecification","valueRequired":true,"valueName":"search_term_string"}}],"inLanguage":"en-GB"},{"@type":["Organization","Place"],"@id":"https:\/\/www.tourinto.pt\/#organization","name":"Tourinto","alternateName":"Garrafeira Tourinto, Lda.","url":"https:\/\/www.tourinto.pt\/","logo":{"@id":"https:\/\/www.tourinto.pt\/product\/ja-te-disse-rose\/#local-main-organization-logo"},"image":{"@id":"https:\/\/www.tourinto.pt\/product\/ja-te-disse-rose\/#local-main-organization-logo"},"sameAs":["https:\/\/www.facebook.com\/garrafeiratourinto","https:\/\/www.instagram.com\/garrafeiratourinto\/"],"telephone":[],"openingHoursSpecification":[{"@type":"OpeningHoursSpecification","dayOfWeek":["Monday","Tuesday","Wednesday","Thursday","Friday","Saturday","Sunday"],"opens":"09:00","closes":"17:00"}]},{"@type":"ImageObject","inLanguage":"en-GB","@id":"https:\/\/www.tourinto.pt\/product\/ja-te-disse-rose\/#local-main-organization-logo","url":"https:\/\/i0.wp.com\/www.tourinto.pt\/wp-content\/uploads\/2022\/07\/tourinto-logo-big.png?fit=1400%2C505&ssl=1","contentUrl":"https:\/\/i0.wp.com\/www.tourinto.pt\/wp-content\/uploads\/2022\/07\/tourinto-logo-big.png?fit=1400%2C505&ssl=1","width":1400,"height":505,"caption":"Tourinto"}]},"product_price_amount":"32.90","product_price_currency":"EUR","og_availability":"instock","product_availability":"instock","product_retailer_item_id":"05.03.2021","product_condition":"new"},"jetpack_publicize_connections":[],"jetpack_sharing_enabled":true,"_links":{"self":[{"href":"https:\/\/www.tourinto.pt\/en\/wp-json\/wp\/v2\/product\/1533","targetHints":{"allow":["GET"]}}],"collection":[{"href":"https:\/\/www.tourinto.pt\/en\/wp-json\/wp\/v2\/product"}],"about":[{"href":"https:\/\/www.tourinto.pt\/en\/wp-json\/wp\/v2\/types\/product"}],"replies":[{"embeddable":true,"href":"https:\/\/www.tourinto.pt\/en\/wp-json\/wp\/v2\/comments?post=1533"}],"wp:featuredmedia":[{"embeddable":true,"href":"https:\/\/www.tourinto.pt\/en\/wp-json\/wp\/v2\/media\/13846"}],"wp:attachment":[{"href":"https:\/\/www.tourinto.pt\/en\/wp-json\/wp\/v2\/media?parent=1533"}],"wp:term":[{"taxonomy":"product_brand","embeddable":true,"href":"https:\/\/www.tourinto.pt\/en\/wp-json\/wp\/v2\/product_brand?post=1533"},{"taxonomy":"product_cat","embeddable":true,"href":"https:\/\/www.tourinto.pt\/en\/wp-json\/wp\/v2\/product_cat?post=1533"},{"taxonomy":"product_tag","embeddable":true,"href":"https:\/\/www.tourinto.pt\/en\/wp-json\/wp\/v2\/product_tag?post=1533"}],"curies":[{"name":"wp","href":"https:\/\/api.w.org\/{rel}","templated":true}]}}