{"id":14666,"date":"2025-10-02T13:25:57","date_gmt":"2025-10-02T13:25:57","guid":{"rendered":"https:\/\/www.tourinto.pt\/?post_type=product&#038;p=14666"},"modified":"2026-03-16T22:05:20","modified_gmt":"2026-03-16T22:05:20","slug":"terroir-al-limit-terra-de-cuques-tinto","status":"publish","type":"product","link":"https:\/\/www.tourinto.pt\/en\/product\/terroir-al-limit-terra-de-cuques-tinto\/","title":{"rendered":"Terroir Al L\u00edmit Terra de Cuques Red"},"content":{"rendered":"<div class=\"wpb-content-wrapper\"><div data-vc-full-width=\"true\" data-vc-full-width-init=\"false\" class=\"vc_row wpb_row vc_row-fluid vc_custom_1656585076455 vc_row-has-fill\"><div class=\"wpb_column vc_column_container vc_col-sm-12\"><div class=\"vc_column-inner\"><div class=\"wpb_wrapper\"><div class=\"vc_tta-container\" data-vc-action=\"collapse\"><div class=\"vc_general vc_tta vc_tta-tabs vc_tta-color-black vc_tta-style-flat vc_tta-shape-square vc_tta-spacing-1 vc_tta-o-no-fill vc_tta-tabs-position-top vc_tta-controls-align-left\"><div class=\"vc_tta-tabs-container\"><ul class=\"vc_tta-tabs-list\" role=\"tablist\"><li class=\"vc_tta-tab vc_active\" data-vc-tab role=\"presentation\"><a href=\"#1656584484701-0e478312-357c\" data-vc-tabs data-vc-container=\".vc_tta\" role=\"tab\" aria-selected=\"false\" id=\"tab-1656584484701-0e478312-357c\"><i class=\"vc_tta-icon vc-oi vc-oi-article\"><\/i><span class=\"vc_tta-title-text\">Description<\/span><\/a><\/li><\/ul><\/div><div class=\"vc_tta-panels-container\"><div class=\"vc_tta-panels\"><div class=\"vc_tta-panel vc_active\" id=\"1656584484701-0e478312-357c\" data-vc-content=\".vc_tta-panel-body\"><div class=\"vc_tta-panel-heading\"><h4 class=\"vc_tta-panel-title\"><a href=\"#1656584484701-0e478312-357c\" data-vc-accordion data-vc-container=\".vc_tta-container\"><i class=\"vc_tta-icon vc-oi vc-oi-article\"><\/i><span class=\"vc_tta-title-text\">Description<\/span><\/a><\/h4><\/div><div class=\"vc_tta-panel-body\">\n\t<div class=\"wpb_text_column wpb_content_element\" id=\"P\">\n\t\t<div class=\"wpb_wrapper\">\n\t\t\t<p><strong>Terroir Al L\u00edmit Terra de Cuques Red<\/strong><\/p>\n<p><strong>Grape varieties: <\/strong>Cari\u00f1ena and Garnacha.<br \/>\n<strong>Vinification: <\/strong>Hand-picked, vinification for 7 to 10 days in whole bunches with wild yeasts in cement and stainless steel tanks.<br \/>\n<strong>Aging: <\/strong>8 months stainless steel and cement deposits.<br \/>\n<strong>Colour:<\/strong> Ruby.<br \/>\n<strong>Aroma:<\/strong> Rich black and red fruits, fine acidity and fresh herbal essence.<br \/>\n<strong>Flavour: <\/strong>Wonderfully succulent, balanced and expressive, an unpretentious wine that simply tells the liquid story of a place, a people and a time.<\/p>\n<hr style=\"border: #b0976d 1px dotted;\" \/>\n<p><strong>Serve: <\/strong>16\u2070<br \/>\n<strong>Consumption: <\/strong>Immediate or storage.<\/p>\n<hr style=\"border: #b0976d 1px dotted;\" \/>\n<p><strong>Harmonisation: <\/strong>Red and white meats, roast meats, game.<\/p>\n<hr style=\"border: #b0976d 1px dotted;\" \/>\n<p><strong>Producer: <\/strong><a href=\"https:\/\/www.tourinto.pt\/en\/produtores\/espanha\/terroir-al-limite\/\">Terroir Al L\u00edmit Soc. Lda.<\/a><\/p>\n<p><strong>Enology: <\/strong>Dominik Huber<\/p>\n<p><strong>Category: <\/strong><a href=\"https:\/\/www.tourinto.pt\/en\/produto-categoria\/vinhos-espanhois\/\">Spanish Wines<\/a> &#8211; <a href=\"https:\/\/www.tourinto.pt\/en\/categoria\/priorat\/\">Priorat<\/a><\/p>\n<p><strong>Awards and Notes:<\/strong><\/p>\n<ul>\n<li><strong>Tim Atkin &#8211; <\/strong> 95\/100 (2022)<\/li>\n<li><strong>Guia Pe\u00f1in &#8211;<\/strong> 93\/100 (2018\/2019) | 94\/100 (2022)<\/li>\n<\/ul>\n<p><a href=\"https:\/\/terroir-al-limit.com\/\"><span style=\"color: #f1f1f1;\">TAL<\/span><\/a><\/p>\n\n\t\t<\/div>\n\t<\/div>\n<\/div><\/div><\/div><\/div><\/div><\/div><\/div><\/div><\/div><\/div><div class=\"vc_row-full-width vc_clearfix\"><\/div><div data-vc-full-width=\"true\" data-vc-full-width-init=\"false\" data-vc-stretch-content=\"true\" class=\"vc_row wpb_row vc_row-fluid vc_custom_1675988435222 vc_row-no-padding\"><div class=\"wpb_column vc_column_container vc_col-sm-12\"><div class=\"vc_column-inner\"><div class=\"wpb_wrapper\">\n<div class=\"vc_grid-container-wrapper vc_clearfix vc_grid-animation-fadeIn\">\n\t<div class=\"vc_grid-container vc_clearfix wpb_content_element vc_media_grid\" data-initial-loading-animation=\"fadeIn\" data-vc-grid-settings=\"{&quot;page_id&quot;:14666,&quot;style&quot;:&quot;all&quot;,&quot;action&quot;:&quot;vc_get_vc_grid_data&quot;,&quot;shortcode_id&quot;:&quot;1768674283049-32fb0824-34ef-9&quot;,&quot;tag&quot;:&quot;vc_media_grid&quot;}\" data-vc-request=\"https:\/\/www.tourinto.pt\/wp-admin\/admin-ajax.php\" data-vc-post-id=\"14666\" data-vc-public-nonce=\"90d62da828\">\n\t\t\n\t<\/div>\n<\/div><\/div><\/div><\/div><\/div><div class=\"vc_row-full-width vc_clearfix\"><\/div>\n<\/div>","protected":false},"excerpt":{"rendered":"<p>Terroir Al L\u00edmit Terra de Cuques Tinto \u00e9 proveniente de uma mistura de variedades locais, a qual captura a alma do complexo terroir de Torroja. Com notas de frutos pretos e vermelhos ricos, assim como uma acidez fina e ess\u00eancia herbal fresca, estamos perante um vinho maravilhosamente suculento, equilibrado e expressivo.<\/p>\n<p>Saiba mais sobre\u00a0 <a href=\"https:\/\/www.tourinto.pt\/produtores\/espanha\/terroir-al-limite\/\">Terroir Al L\u00edmit.<\/a><\/p>\n[contact-form-7 id=\"4433d5d\" title=\"nota Uni\u00e3o Europeia\"]\n","protected":false},"featured_media":14662,"comment_status":"closed","ping_status":"closed","template":"","meta":{"_acf_changed":false,"_joinchat":[],"jetpack_publicize_message":"","jetpack_publicize_feature_enabled":true,"jetpack_social_post_already_shared":true,"jetpack_social_options":{"image_generator_settings":{"template":"highway","default_image_id":0,"font":"","enabled":false},"version":2}},"product_brand":[],"product_cat":[1471,1457,1308,1052,1356,1144,1255,297,100,81,44,1254],"product_tag":[1259,1256,1170,1156,372],"class_list":{"0":"post-14666","1":"product","2":"type-product","3":"status-publish","4":"has-post-thumbnail","6":"product_cat-produtores-pequenos","7":"product_cat-tintos-internacionais","8":"product_cat-raedy-to-drink-tintos-internacionais","9":"product_cat-blend-tintos","10":"product_cat-espanhois-tintos","11":"product_cat-vinhos-espanhois","12":"product_cat-priorat","13":"product_cat-minima-intervencao","14":"product_cat-tipologia","15":"product_cat-regiao","16":"product_cat-produtores","17":"product_cat-terroir-al-limit","18":"product_tag-carinena","19":"product_tag-priorat","20":"product_tag-garnacha","21":"product_tag-espanha","22":"product_tag-vinho-tinto","23":"pa_ano-30","24":"pa_ano-31","25":"pa_ano-336","26":"pa_castas-carinena","27":"pa_castas-garnacha","28":"pa_categoria-priorat","29":"pa_categoria-vinhos-espanhois","30":"pa_enologia-dominik-huber","31":"pa_harmonizacao-assados-de-carne","32":"pa_harmonizacao-caca","33":"pa_harmonizacao-carnes-vermelhas","34":"pa_harmonizacao-carnes-brancas","35":"pa_leveduras-indigenas","36":"pa_produtor-terroir-al-limit","37":"pa_regiao-priorat","38":"pa_tipologia-vinho-tinto","39":"pa_vinificacao-minima-intervencao","40":"pa_viticultura-biologica-biodinamica","41":"pa_volume-750ml","43":"first","44":"instock","45":"taxable","46":"shipping-taxable","47":"purchasable","48":"product-type-variable","49":"has-default-attributes"},"acf":[],"yoast_head":"<!-- This site is optimized with the Yoast SEO Premium plugin v27.3 (Yoast SEO v27.4) - https:\/\/yoast.com\/product\/yoast-seo-premium-wordpress\/ -->\n<title>Terroir Al L\u00edmit Terra de Cuques Tinto - Tourinto Premium Wines<\/title>\n<meta name=\"description\" content=\"Terroir Al L\u00edmit\u00a0 Terra de Cuques\u00a0 Tinto constitui uma bela mistura de variedades locais, que captura a alma complexa do terroir de Torroja.\" \/>\n<meta name=\"robots\" content=\"index, follow, max-snippet:-1, max-image-preview:large, max-video-preview:-1\" \/>\n<link rel=\"canonical\" href=\"https:\/\/www.tourinto.pt\/en\/product\/terroir-al-limit-terra-de-cuques-tinto\/\" \/>\n<meta property=\"og:locale\" content=\"en_GB\" \/>\n<meta property=\"og:type\" content=\"article\" \/>\n<meta property=\"og:title\" content=\"Terroir Al L\u00edmit Terra de Cuques Tinto\" \/>\n<meta property=\"og:description\" content=\"Terroir Al L\u00edmit\u00a0 Terra de Cuques\u00a0 Tinto constitui uma bela mistura de variedades locais, que captura a alma complexa do terroir de Torroja.\" \/>\n<meta property=\"og:url\" content=\"https:\/\/www.tourinto.pt\/en\/product\/terroir-al-limit-terra-de-cuques-tinto\/\" \/>\n<meta property=\"og:site_name\" content=\"Tourinto Premium Wines\" \/>\n<meta property=\"article:publisher\" content=\"https:\/\/www.facebook.com\/garrafeiratourinto\" \/>\n<meta property=\"article:modified_time\" content=\"2026-03-16T22:05:20+00:00\" \/>\n<meta property=\"og:image\" content=\"https:\/\/www.tourinto.pt\/wp-content\/uploads\/2025\/10\/Terroir-Al-Limit-Terre-De-Cuques-Tinto.webp\" \/>\n\t<meta property=\"og:image:width\" content=\"881\" \/>\n\t<meta property=\"og:image:height\" content=\"1400\" \/>\n\t<meta property=\"og:image:type\" content=\"image\/webp\" \/>\n<meta name=\"twitter:card\" content=\"summary_large_image\" \/>\n<meta name=\"twitter:label1\" content=\"Availability\" \/>\n\t<meta name=\"twitter:data1\" content=\"In stock\" \/>\n<script type=\"application\/ld+json\" class=\"yoast-schema-graph\">{\"@context\":\"https:\\\/\\\/schema.org\",\"@graph\":[{\"@type\":\"WebPage\",\"@id\":\"https:\\\/\\\/www.tourinto.pt\\\/product\\\/terroir-al-limit-terra-de-cuques-tinto\\\/\",\"url\":\"https:\\\/\\\/www.tourinto.pt\\\/product\\\/terroir-al-limit-terra-de-cuques-tinto\\\/\",\"name\":\"Terroir Al L\u00edmit Terra de Cuques Tinto - Tourinto Premium Wines\",\"isPartOf\":{\"@id\":\"https:\\\/\\\/www.tourinto.pt\\\/#website\"},\"primaryImageOfPage\":{\"@id\":\"https:\\\/\\\/www.tourinto.pt\\\/product\\\/terroir-al-limit-terra-de-cuques-tinto\\\/#primaryimage\"},\"image\":{\"@id\":\"https:\\\/\\\/www.tourinto.pt\\\/product\\\/terroir-al-limit-terra-de-cuques-tinto\\\/#primaryimage\"},\"thumbnailUrl\":\"https:\\\/\\\/i0.wp.com\\\/www.tourinto.pt\\\/wp-content\\\/uploads\\\/2025\\\/10\\\/Terroir-Al-Limit-Terre-De-Cuques-Tinto.webp?fit=881%2C1400&ssl=1\",\"datePublished\":\"2025-10-02T13:25:57+00:00\",\"dateModified\":\"2026-03-16T22:05:20+00:00\",\"description\":\"Terroir Al L\u00edmit\u00a0 Terra de Cuques\u00a0 Tinto constitui uma bela mistura de variedades locais, que captura a alma complexa do terroir de Torroja.\",\"breadcrumb\":{\"@id\":\"https:\\\/\\\/www.tourinto.pt\\\/product\\\/terroir-al-limit-terra-de-cuques-tinto\\\/#breadcrumb\"},\"inLanguage\":\"en-GB\",\"potentialAction\":[{\"@type\":\"ReadAction\",\"target\":[\"https:\\\/\\\/www.tourinto.pt\\\/product\\\/terroir-al-limit-terra-de-cuques-tinto\\\/\"]}]},{\"@type\":\"ImageObject\",\"inLanguage\":\"en-GB\",\"@id\":\"https:\\\/\\\/www.tourinto.pt\\\/product\\\/terroir-al-limit-terra-de-cuques-tinto\\\/#primaryimage\",\"url\":\"https:\\\/\\\/i0.wp.com\\\/www.tourinto.pt\\\/wp-content\\\/uploads\\\/2025\\\/10\\\/Terroir-Al-Limit-Terre-De-Cuques-Tinto.webp?fit=881%2C1400&ssl=1\",\"contentUrl\":\"https:\\\/\\\/i0.wp.com\\\/www.tourinto.pt\\\/wp-content\\\/uploads\\\/2025\\\/10\\\/Terroir-Al-Limit-Terre-De-Cuques-Tinto.webp?fit=881%2C1400&ssl=1\",\"width\":881,\"height\":1400,\"caption\":\"Terroir Al L\u00edmit Terra de Cuques, Terroir Al L\u00edmit Terra de Cuques, Terroir Al L\u00edmit Terra de Cuques, Terra de Cuques Tinto Vinho Tinto, Terra de Cuques Tinto Priorat, Terroir Al L\u00edmit Priorat, Vinho Tinto Terra de Cuques Tinto, Al L\u00edmit Dits Del Terra, Terra de Cuques Tinto Priorat\"},{\"@type\":\"BreadcrumbList\",\"@id\":\"https:\\\/\\\/www.tourinto.pt\\\/product\\\/terroir-al-limit-terra-de-cuques-tinto\\\/#breadcrumb\",\"itemListElement\":[{\"@type\":\"ListItem\",\"position\":1,\"name\":\"In\u00edcio\",\"item\":\"https:\\\/\\\/www.tourinto.pt\\\/\"},{\"@type\":\"ListItem\",\"position\":2,\"name\":\"Garrafeira on-line\",\"item\":\"https:\\\/\\\/www.tourinto.pt\\\/garrafeira-on-line\\\/\"},{\"@type\":\"ListItem\",\"position\":3,\"name\":\"Terroir Al L\u00edmit Terra de Cuques Tinto\"}]},{\"@type\":\"WebSite\",\"@id\":\"https:\\\/\\\/www.tourinto.pt\\\/#website\",\"url\":\"https:\\\/\\\/www.tourinto.pt\\\/\",\"name\":\"Tourinto Premium Wines\",\"description\":\"Garrafeira on-line\",\"publisher\":{\"@id\":\"https:\\\/\\\/www.tourinto.pt\\\/#organization\"},\"alternateName\":\"Garrafeira on-line\",\"potentialAction\":[{\"@type\":\"SearchAction\",\"target\":{\"@type\":\"EntryPoint\",\"urlTemplate\":\"https:\\\/\\\/www.tourinto.pt\\\/?s={search_term_string}\"},\"query-input\":{\"@type\":\"PropertyValueSpecification\",\"valueRequired\":true,\"valueName\":\"search_term_string\"}}],\"inLanguage\":\"en-GB\"},{\"@type\":[\"Organization\",\"Place\"],\"@id\":\"https:\\\/\\\/www.tourinto.pt\\\/#organization\",\"name\":\"Tourinto\",\"alternateName\":\"Garrafeira Tourinto, Lda.\",\"url\":\"https:\\\/\\\/www.tourinto.pt\\\/\",\"logo\":{\"@id\":\"https:\\\/\\\/www.tourinto.pt\\\/product\\\/terroir-al-limit-terra-de-cuques-tinto\\\/#local-main-organization-logo\"},\"image\":{\"@id\":\"https:\\\/\\\/www.tourinto.pt\\\/product\\\/terroir-al-limit-terra-de-cuques-tinto\\\/#local-main-organization-logo\"},\"sameAs\":[\"https:\\\/\\\/www.facebook.com\\\/garrafeiratourinto\",\"https:\\\/\\\/www.instagram.com\\\/garrafeiratourinto\\\/\"],\"telephone\":[],\"openingHoursSpecification\":[{\"@type\":\"OpeningHoursSpecification\",\"dayOfWeek\":[\"Monday\",\"Tuesday\",\"Wednesday\",\"Thursday\",\"Friday\",\"Saturday\",\"Sunday\"],\"opens\":\"09:00\",\"closes\":\"17:00\"}]},{\"@type\":\"ImageObject\",\"inLanguage\":\"en-GB\",\"@id\":\"https:\\\/\\\/www.tourinto.pt\\\/product\\\/terroir-al-limit-terra-de-cuques-tinto\\\/#local-main-organization-logo\",\"url\":\"https:\\\/\\\/i0.wp.com\\\/www.tourinto.pt\\\/wp-content\\\/uploads\\\/2022\\\/07\\\/tourinto-logo-big.png?fit=1400%2C505&ssl=1\",\"contentUrl\":\"https:\\\/\\\/i0.wp.com\\\/www.tourinto.pt\\\/wp-content\\\/uploads\\\/2022\\\/07\\\/tourinto-logo-big.png?fit=1400%2C505&ssl=1\",\"width\":1400,\"height\":505,\"caption\":\"Tourinto\"}]}<\/script>\n<meta property=\"og:availability\" content=\"instock\" \/>\n<meta property=\"product:availability\" content=\"instock\" \/>\n<meta property=\"product:retailer_item_id\" content=\"129.15.2018\" \/>\n<meta property=\"product:condition\" content=\"new\" \/>\n<!-- \/ Yoast SEO Premium plugin. -->","yoast_head_json":{"title":"Terroir Al L\u00edmit Terra de Cuques Tinto - Tourinto Premium Wines","description":"Terroir Al L\u00edmit\u00a0 Terra de Cuques\u00a0 Tinto constitui uma bela mistura de variedades locais, que captura a alma complexa do terroir de Torroja.","robots":{"index":"index","follow":"follow","max-snippet":"max-snippet:-1","max-image-preview":"max-image-preview:large","max-video-preview":"max-video-preview:-1"},"canonical":"https:\/\/www.tourinto.pt\/en\/product\/terroir-al-limit-terra-de-cuques-tinto\/","og_locale":"en_GB","og_type":"article","og_title":"Terroir Al L\u00edmit Terra de Cuques Tinto","og_description":"Terroir Al L\u00edmit\u00a0 Terra de Cuques\u00a0 Tinto constitui uma bela mistura de variedades locais, que captura a alma complexa do terroir de Torroja.","og_url":"https:\/\/www.tourinto.pt\/en\/product\/terroir-al-limit-terra-de-cuques-tinto\/","og_site_name":"Tourinto Premium Wines","article_publisher":"https:\/\/www.facebook.com\/garrafeiratourinto","article_modified_time":"2026-03-16T22:05:20+00:00","og_image":[{"width":881,"height":1400,"url":"https:\/\/www.tourinto.pt\/wp-content\/uploads\/2025\/10\/Terroir-Al-Limit-Terre-De-Cuques-Tinto.webp","type":"image\/webp"}],"twitter_card":"summary_large_image","twitter_misc":{"Availability":"In stock"},"schema":{"@context":"https:\/\/schema.org","@graph":[{"@type":"WebPage","@id":"https:\/\/www.tourinto.pt\/product\/terroir-al-limit-terra-de-cuques-tinto\/","url":"https:\/\/www.tourinto.pt\/product\/terroir-al-limit-terra-de-cuques-tinto\/","name":"Terroir Al L\u00edmit Terra de Cuques Tinto - Tourinto Premium Wines","isPartOf":{"@id":"https:\/\/www.tourinto.pt\/#website"},"primaryImageOfPage":{"@id":"https:\/\/www.tourinto.pt\/product\/terroir-al-limit-terra-de-cuques-tinto\/#primaryimage"},"image":{"@id":"https:\/\/www.tourinto.pt\/product\/terroir-al-limit-terra-de-cuques-tinto\/#primaryimage"},"thumbnailUrl":"https:\/\/i0.wp.com\/www.tourinto.pt\/wp-content\/uploads\/2025\/10\/Terroir-Al-Limit-Terre-De-Cuques-Tinto.webp?fit=881%2C1400&ssl=1","datePublished":"2025-10-02T13:25:57+00:00","dateModified":"2026-03-16T22:05:20+00:00","description":"Terroir Al L\u00edmit\u00a0 Terra de Cuques\u00a0 Tinto constitui uma bela mistura de variedades locais, que captura a alma complexa do terroir de Torroja.","breadcrumb":{"@id":"https:\/\/www.tourinto.pt\/product\/terroir-al-limit-terra-de-cuques-tinto\/#breadcrumb"},"inLanguage":"en-GB","potentialAction":[{"@type":"ReadAction","target":["https:\/\/www.tourinto.pt\/product\/terroir-al-limit-terra-de-cuques-tinto\/"]}]},{"@type":"ImageObject","inLanguage":"en-GB","@id":"https:\/\/www.tourinto.pt\/product\/terroir-al-limit-terra-de-cuques-tinto\/#primaryimage","url":"https:\/\/i0.wp.com\/www.tourinto.pt\/wp-content\/uploads\/2025\/10\/Terroir-Al-Limit-Terre-De-Cuques-Tinto.webp?fit=881%2C1400&ssl=1","contentUrl":"https:\/\/i0.wp.com\/www.tourinto.pt\/wp-content\/uploads\/2025\/10\/Terroir-Al-Limit-Terre-De-Cuques-Tinto.webp?fit=881%2C1400&ssl=1","width":881,"height":1400,"caption":"Terroir Al L\u00edmit Terra de Cuques, Terroir Al L\u00edmit Terra de Cuques, Terroir Al L\u00edmit Terra de Cuques, Terra de Cuques Tinto Vinho Tinto, Terra de Cuques Tinto Priorat, Terroir Al L\u00edmit Priorat, Vinho Tinto Terra de Cuques Tinto, Al L\u00edmit Dits Del Terra, Terra de Cuques Tinto Priorat"},{"@type":"BreadcrumbList","@id":"https:\/\/www.tourinto.pt\/product\/terroir-al-limit-terra-de-cuques-tinto\/#breadcrumb","itemListElement":[{"@type":"ListItem","position":1,"name":"In\u00edcio","item":"https:\/\/www.tourinto.pt\/"},{"@type":"ListItem","position":2,"name":"Garrafeira on-line","item":"https:\/\/www.tourinto.pt\/garrafeira-on-line\/"},{"@type":"ListItem","position":3,"name":"Terroir Al L\u00edmit Terra de Cuques Tinto"}]},{"@type":"WebSite","@id":"https:\/\/www.tourinto.pt\/#website","url":"https:\/\/www.tourinto.pt\/","name":"Tourinto Premium Wines","description":"Wine Shop online","publisher":{"@id":"https:\/\/www.tourinto.pt\/#organization"},"alternateName":"Garrafeira on-line","potentialAction":[{"@type":"SearchAction","target":{"@type":"EntryPoint","urlTemplate":"https:\/\/www.tourinto.pt\/?s={search_term_string}"},"query-input":{"@type":"PropertyValueSpecification","valueRequired":true,"valueName":"search_term_string"}}],"inLanguage":"en-GB"},{"@type":["Organization","Place"],"@id":"https:\/\/www.tourinto.pt\/#organization","name":"Tourinto","alternateName":"Garrafeira Tourinto, Lda.","url":"https:\/\/www.tourinto.pt\/","logo":{"@id":"https:\/\/www.tourinto.pt\/product\/terroir-al-limit-terra-de-cuques-tinto\/#local-main-organization-logo"},"image":{"@id":"https:\/\/www.tourinto.pt\/product\/terroir-al-limit-terra-de-cuques-tinto\/#local-main-organization-logo"},"sameAs":["https:\/\/www.facebook.com\/garrafeiratourinto","https:\/\/www.instagram.com\/garrafeiratourinto\/"],"telephone":[],"openingHoursSpecification":[{"@type":"OpeningHoursSpecification","dayOfWeek":["Monday","Tuesday","Wednesday","Thursday","Friday","Saturday","Sunday"],"opens":"09:00","closes":"17:00"}]},{"@type":"ImageObject","inLanguage":"en-GB","@id":"https:\/\/www.tourinto.pt\/product\/terroir-al-limit-terra-de-cuques-tinto\/#local-main-organization-logo","url":"https:\/\/i0.wp.com\/www.tourinto.pt\/wp-content\/uploads\/2022\/07\/tourinto-logo-big.png?fit=1400%2C505&ssl=1","contentUrl":"https:\/\/i0.wp.com\/www.tourinto.pt\/wp-content\/uploads\/2022\/07\/tourinto-logo-big.png?fit=1400%2C505&ssl=1","width":1400,"height":505,"caption":"Tourinto"}]},"og_availability":"instock","product_availability":"instock","product_retailer_item_id":"129.15.2018","product_condition":"new"},"jetpack_publicize_connections":[],"jetpack_sharing_enabled":true,"_links":{"self":[{"href":"https:\/\/www.tourinto.pt\/en\/wp-json\/wp\/v2\/product\/14666","targetHints":{"allow":["GET"]}}],"collection":[{"href":"https:\/\/www.tourinto.pt\/en\/wp-json\/wp\/v2\/product"}],"about":[{"href":"https:\/\/www.tourinto.pt\/en\/wp-json\/wp\/v2\/types\/product"}],"replies":[{"embeddable":true,"href":"https:\/\/www.tourinto.pt\/en\/wp-json\/wp\/v2\/comments?post=14666"}],"wp:featuredmedia":[{"embeddable":true,"href":"https:\/\/www.tourinto.pt\/en\/wp-json\/wp\/v2\/media\/14662"}],"wp:attachment":[{"href":"https:\/\/www.tourinto.pt\/en\/wp-json\/wp\/v2\/media?parent=14666"}],"wp:term":[{"taxonomy":"product_brand","embeddable":true,"href":"https:\/\/www.tourinto.pt\/en\/wp-json\/wp\/v2\/product_brand?post=14666"},{"taxonomy":"product_cat","embeddable":true,"href":"https:\/\/www.tourinto.pt\/en\/wp-json\/wp\/v2\/product_cat?post=14666"},{"taxonomy":"product_tag","embeddable":true,"href":"https:\/\/www.tourinto.pt\/en\/wp-json\/wp\/v2\/product_tag?post=14666"}],"curies":[{"name":"wp","href":"https:\/\/api.w.org\/{rel}","templated":true}]}}