{"id":14546,"date":"2025-09-28T06:56:00","date_gmt":"2025-09-28T06:56:00","guid":{"rendered":"https:\/\/www.tourinto.pt\/?post_type=product&#038;p=14546"},"modified":"2026-02-28T21:50:01","modified_gmt":"2026-02-28T21:50:01","slug":"giulia-negri-barolo-marassio-docg","status":"publish","type":"product","link":"https:\/\/www.tourinto.pt\/en\/product\/giulia-negri-barolo-marassio-docg\/","title":{"rendered":"Giulia Negri Barolo Marassio DOCG 2020"},"content":{"rendered":"<div class=\"wpb-content-wrapper\"><div data-vc-full-width=\"true\" data-vc-full-width-init=\"false\" class=\"vc_row wpb_row vc_row-fluid vc_custom_1656585076455 vc_row-has-fill\"><div class=\"wpb_column vc_column_container vc_col-sm-12\"><div class=\"vc_column-inner\"><div class=\"wpb_wrapper\"><div class=\"vc_tta-container\" data-vc-action=\"collapse\"><div class=\"vc_general vc_tta vc_tta-tabs vc_tta-color-black vc_tta-style-flat vc_tta-shape-square vc_tta-spacing-1 vc_tta-o-no-fill vc_tta-tabs-position-top vc_tta-controls-align-left\"><div class=\"vc_tta-tabs-container\"><ul class=\"vc_tta-tabs-list\" role=\"tablist\"><li class=\"vc_tta-tab vc_active\" data-vc-tab role=\"presentation\"><a href=\"#1656584484701-0e478312-357c\" data-vc-tabs data-vc-container=\".vc_tta\" role=\"tab\" aria-selected=\"false\" id=\"tab-1656584484701-0e478312-357c\"><i class=\"vc_tta-icon vc-oi vc-oi-article\"><\/i><span class=\"vc_tta-title-text\">Description<\/span><\/a><\/li><\/ul><\/div><div class=\"vc_tta-panels-container\"><div class=\"vc_tta-panels\"><div class=\"vc_tta-panel vc_active\" id=\"1656584484701-0e478312-357c\" data-vc-content=\".vc_tta-panel-body\"><div class=\"vc_tta-panel-heading\"><h4 class=\"vc_tta-panel-title\"><a href=\"#1656584484701-0e478312-357c\" data-vc-accordion data-vc-container=\".vc_tta-container\"><i class=\"vc_tta-icon vc-oi vc-oi-article\"><\/i><span class=\"vc_tta-title-text\">Description<\/span><\/a><\/h4><\/div><div class=\"vc_tta-panel-body\">\n\t<div class=\"wpb_text_column wpb_content_element\" >\n\t\t<div class=\"wpb_wrapper\">\n\t\t\t<p><strong>Giulia Negri Barolo Marassio DOCG <\/strong><\/p>\n<p><strong>Grape varieties: <\/strong>Nebbiolo.<br \/>\n<strong>Vinification: <\/strong>Spontaneous fermentation (with approximately 40 days of maceration) in 60 HL conical wooden vats.<br \/>\n<strong>Aging: <\/strong>30 months in 25 HL Slavonian oak barrels.<br \/>\n<strong>Colour: <\/strong>Ruby open.<strong><br \/>\n<\/strong><strong>Aroma:<\/strong> Red fruits, peach skin, graphite, violets and cinnamon.<br \/>\n<strong>Flavour: <\/strong>Smooth and velvety, tart red fruit, as well as a chewy, slightly toasty finish.<\/p>\n<hr style=\"border: #b0976d 1px dotted\" \/>\n<p><strong>Serve:<\/strong> 16 to 18\u2070<br \/>\n<strong>Consumption: <\/strong>Immediate or storage (2045).<\/p>\n<hr style=\"border: #b0976d 1px dotted\" \/>\n<p><strong>Harmonisation: <\/strong>Red meat, ossobuco, pasta and cheese.<\/p>\n<hr style=\"border: #b0976d 1px dotted\" \/>\n<p><strong>Producer:\u00a0<\/strong><a href=\"https:\/\/www.tourinto.pt\/en\/produtores\/italia\/giula-negri-seradenari\/\">Giulia Negri Serradenari<\/a><\/p>\n<p><strong>Enology:<\/strong> Giulia Negri<\/p>\n<p><strong>Classification:<\/strong> <a href=\"https:\/\/www.tourinto.pt\/en\/produto-categoria\/vinhos-italianos\/\">Italian Wines<\/a> &#8211; <a href=\"https:\/\/www.tourinto.pt\/en\/produtores\/vinhos-italia-piemonte\/\">Piedmont<\/a>\u00a0&#8211; La Morra<\/p>\n<p><strong>Awards and Notes:<\/strong><\/p>\n<ul>\n<li><strong>James Suckling<\/strong> &#8211; 94\/100 (2020)<\/li>\n<li><strong>Wine Enthusiast &#8211;<\/strong> 96\/100 (2022)<\/li>\n<\/ul>\n<p><a href=\"https:\/\/www.giulianegri.com\/en\/barolo-serradenari\"><span style=\"color: #ffffff\">La Morra<\/span><\/a><\/p>\n\n\t\t<\/div>\n\t<\/div>\n<\/div><\/div><\/div><\/div><\/div><\/div><\/div><\/div><\/div><\/div><div class=\"vc_row-full-width vc_clearfix\"><\/div><div data-vc-full-width=\"true\" data-vc-full-width-init=\"false\" data-vc-stretch-content=\"true\" class=\"vc_row wpb_row vc_row-fluid vc_row-no-padding\"><div class=\"wpb_column vc_column_container vc_col-sm-12\"><div class=\"vc_column-inner\"><div class=\"wpb_wrapper\">\n<div class=\"vc_grid-container-wrapper vc_clearfix vc_grid-animation-fadeIn\">\n\t<div class=\"vc_grid-container vc_clearfix wpb_content_element vc_media_grid\" data-initial-loading-animation=\"fadeIn\" data-vc-grid-settings=\"{&quot;page_id&quot;:14546,&quot;style&quot;:&quot;all&quot;,&quot;action&quot;:&quot;vc_get_vc_grid_data&quot;,&quot;shortcode_id&quot;:&quot;1759042607651-ec27815c-9364-10&quot;,&quot;tag&quot;:&quot;vc_media_grid&quot;}\" data-vc-request=\"https:\/\/www.tourinto.pt\/wp-admin\/admin-ajax.php\" data-vc-post-id=\"14546\" data-vc-public-nonce=\"4591aef452\">\n\t\t\n\t<\/div>\n<\/div><\/div><\/div><\/div><\/div><div class=\"vc_row-full-width vc_clearfix\"><\/div>\n<\/div>","protected":false},"excerpt":{"rendered":"<p class=\"ai-optimize-17\">Giulia Negri Barolo Marassio DOCG \u00e9 proveniente de uma das vinhas de maior altitude em La Morra em solos calc\u00e1rios. Um Barolo de grande express\u00e3o de terroir, com notas de frutos vermelhos, casca de p\u00eassego, grafite e violetas, suave e aveludado, com um final mastig\u00e1vel e ligeiramente tostado.<\/p>\n<p>Saiba mais sobre <a href=\"https:\/\/www.tourinto.pt\/produtores\/italia\/giula-negri-seradenari\">Giulia Negri Serradenari<\/a>.<\/p>\n<p class=\"ai-optimize-19\">[contact-form-7 id=\"4433d5d\" title=\"nota Uni\u00e3o Europeia\"]<\/p>\n","protected":false},"featured_media":14547,"comment_status":"closed","ping_status":"closed","template":"","meta":{"_acf_changed":false,"_joinchat":[],"jetpack_publicize_message":"","jetpack_publicize_feature_enabled":true,"jetpack_social_post_already_shared":true,"jetpack_social_options":{"image_generator_settings":{"template":"highway","default_image_id":0,"font":"","enabled":false},"version":2}},"product_brand":[],"product_cat":[1457,370,976,210,100,81,44,1227,1121],"product_tag":[730,177,179,180,294,372],"class_list":{"0":"post-14546","1":"product","2":"type-product","3":"status-publish","4":"has-post-thumbnail","6":"product_cat-tintos-internacionais","7":"product_cat-piemonte","8":"product_cat-vinhos-estrangeiros","9":"product_cat-vinhos-italianos","10":"product_cat-tipologia","11":"product_cat-regiao","12":"product_cat-produtores","13":"product_cat-giulia-negri","14":"product_cat-nebbiolo","15":"product_tag-vinhos-italianos","16":"product_tag-piemonte","17":"product_tag-nebbiolo","18":"product_tag-barolo","19":"product_tag-minima-intervencao","20":"product_tag-vinho-tinto","21":"pa_ano-32","22":"pa_castas-nebbiolo","23":"pa_categoria-tuscany","24":"pa_categoria-vinhos-da-toscana","25":"pa_categoria-vinhos-italianos","26":"pa_enologia-giulia-negri","27":"pa_harmonizacao-queijos","28":"pa_harmonizacao-ossobuco","29":"pa_harmonizacao-massas","30":"pa_harmonizacao-carnes-vermelhas","31":"pa_leveduras-indigenas","32":"pa_produtor-giulia-negri","33":"pa_regiao-piemonte-la-morra","34":"pa_tipologia-barolo-docg","35":"pa_tipologia-vinho-tinto","36":"pa_vinificacao-minima-intervencao","37":"pa_viticultura-organica","38":"pa_volume-750ml","40":"first","41":"instock","42":"taxable","43":"shipping-taxable","44":"purchasable","45":"product-type-simple"},"acf":[],"yoast_head":"<!-- This site is optimized with the Yoast SEO Premium plugin v27.5 (Yoast SEO v27.5) - https:\/\/yoast.com\/product\/yoast-seo-premium-wordpress\/ -->\n<title>Giulia Negri Barolo Marassio DOCG 2020 - Tourinto Premium Wines<\/title>\n<meta name=\"description\" content=\"Giulia Negri Barolo Marassio DOCG \u00e9 proveniente de uma das vinhas de maior altitude em La Morra, estruturado e de grande express\u00e3o de terroir.\" \/>\n<meta name=\"robots\" content=\"index, follow, max-snippet:-1, max-image-preview:large, max-video-preview:-1\" \/>\n<link rel=\"canonical\" href=\"https:\/\/www.tourinto.pt\/en\/product\/giulia-negri-barolo-marassio-docg\/\" \/>\n<meta property=\"og:locale\" content=\"en_GB\" \/>\n<meta property=\"og:type\" content=\"article\" \/>\n<meta property=\"og:title\" content=\"Giulia Negri Barolo Marassio DOCG 2020\" \/>\n<meta property=\"og:description\" content=\"Giulia Negri Barolo Marassio DOCG \u00e9 proveniente de uma das vinhas de maior altitude em La Morra, estruturado e de grande express\u00e3o de terroir.\" \/>\n<meta property=\"og:url\" content=\"https:\/\/www.tourinto.pt\/en\/product\/giulia-negri-barolo-marassio-docg\/\" \/>\n<meta property=\"og:site_name\" content=\"Tourinto Premium Wines\" \/>\n<meta property=\"article:publisher\" content=\"https:\/\/www.facebook.com\/garrafeiratourinto\" \/>\n<meta property=\"article:modified_time\" content=\"2026-02-28T21:50:01+00:00\" \/>\n<meta property=\"og:image\" content=\"https:\/\/www.tourinto.pt\/wp-content\/uploads\/2025\/09\/Barolo-Marassio.webp\" \/>\n\t<meta property=\"og:image:width\" content=\"881\" \/>\n\t<meta property=\"og:image:height\" content=\"1400\" \/>\n\t<meta property=\"og:image:type\" content=\"image\/webp\" \/>\n<meta name=\"twitter:card\" content=\"summary_large_image\" \/>\n<meta name=\"twitter:label1\" content=\"Price\" \/>\n\t<meta name=\"twitter:data1\" content=\"145,95&nbsp;&euro;\" \/>\n\t<meta name=\"twitter:label2\" content=\"Availability\" \/>\n\t<meta name=\"twitter:data2\" content=\"In stock\" \/>\n<script type=\"application\/ld+json\" class=\"yoast-schema-graph\">{\"@context\":\"https:\\\/\\\/schema.org\",\"@graph\":[{\"@type\":\"WebPage\",\"@id\":\"https:\\\/\\\/www.tourinto.pt\\\/product\\\/giulia-negri-barolo-marassio-docg\\\/\",\"url\":\"https:\\\/\\\/www.tourinto.pt\\\/product\\\/giulia-negri-barolo-marassio-docg\\\/\",\"name\":\"Giulia Negri Barolo Marassio DOCG 2020 - Tourinto Premium Wines\",\"isPartOf\":{\"@id\":\"https:\\\/\\\/www.tourinto.pt\\\/#website\"},\"primaryImageOfPage\":{\"@id\":\"https:\\\/\\\/www.tourinto.pt\\\/product\\\/giulia-negri-barolo-marassio-docg\\\/#primaryimage\"},\"image\":{\"@id\":\"https:\\\/\\\/www.tourinto.pt\\\/product\\\/giulia-negri-barolo-marassio-docg\\\/#primaryimage\"},\"thumbnailUrl\":\"https:\\\/\\\/i0.wp.com\\\/www.tourinto.pt\\\/wp-content\\\/uploads\\\/2025\\\/09\\\/Barolo-Marassio.webp?fit=881%2C1400&ssl=1\",\"datePublished\":\"2025-09-28T06:56:00+00:00\",\"dateModified\":\"2026-02-28T21:50:01+00:00\",\"description\":\"Giulia Negri Barolo Marassio DOCG \u00e9 proveniente de uma das vinhas de maior altitude em La Morra, estruturado e de grande express\u00e3o de terroir.\",\"breadcrumb\":{\"@id\":\"https:\\\/\\\/www.tourinto.pt\\\/product\\\/giulia-negri-barolo-marassio-docg\\\/#breadcrumb\"},\"inLanguage\":\"en-GB\",\"potentialAction\":[{\"@type\":\"ReadAction\",\"target\":[\"https:\\\/\\\/www.tourinto.pt\\\/product\\\/giulia-negri-barolo-marassio-docg\\\/\"]}]},{\"@type\":\"ImageObject\",\"inLanguage\":\"en-GB\",\"@id\":\"https:\\\/\\\/www.tourinto.pt\\\/product\\\/giulia-negri-barolo-marassio-docg\\\/#primaryimage\",\"url\":\"https:\\\/\\\/i0.wp.com\\\/www.tourinto.pt\\\/wp-content\\\/uploads\\\/2025\\\/09\\\/Barolo-Marassio.webp?fit=881%2C1400&ssl=1\",\"contentUrl\":\"https:\\\/\\\/i0.wp.com\\\/www.tourinto.pt\\\/wp-content\\\/uploads\\\/2025\\\/09\\\/Barolo-Marassio.webp?fit=881%2C1400&ssl=1\",\"width\":881,\"height\":1400,\"caption\":\"Giulia Negri Barolo, Giulia Negri Marassio, Giulia Negri La Morra, Barolo Giulia Negri, Marassio Giulia Negri\"},{\"@type\":\"BreadcrumbList\",\"@id\":\"https:\\\/\\\/www.tourinto.pt\\\/product\\\/giulia-negri-barolo-marassio-docg\\\/#breadcrumb\",\"itemListElement\":[{\"@type\":\"ListItem\",\"position\":1,\"name\":\"In\u00edcio\",\"item\":\"https:\\\/\\\/www.tourinto.pt\\\/\"},{\"@type\":\"ListItem\",\"position\":2,\"name\":\"Garrafeira on-line\",\"item\":\"https:\\\/\\\/www.tourinto.pt\\\/garrafeira-on-line\\\/\"},{\"@type\":\"ListItem\",\"position\":3,\"name\":\"Giulia Negri Barolo Marassio DOCG 2020\"}]},{\"@type\":\"WebSite\",\"@id\":\"https:\\\/\\\/www.tourinto.pt\\\/#website\",\"url\":\"https:\\\/\\\/www.tourinto.pt\\\/\",\"name\":\"Tourinto Premium Wines\",\"description\":\"Garrafeira on-line\",\"publisher\":{\"@id\":\"https:\\\/\\\/www.tourinto.pt\\\/#organization\"},\"alternateName\":\"Garrafeira on-line\",\"potentialAction\":[{\"@type\":\"SearchAction\",\"target\":{\"@type\":\"EntryPoint\",\"urlTemplate\":\"https:\\\/\\\/www.tourinto.pt\\\/?s={search_term_string}\"},\"query-input\":{\"@type\":\"PropertyValueSpecification\",\"valueRequired\":true,\"valueName\":\"search_term_string\"}}],\"inLanguage\":\"en-GB\"},{\"@type\":[\"Organization\",\"Place\"],\"@id\":\"https:\\\/\\\/www.tourinto.pt\\\/#organization\",\"name\":\"Tourinto\",\"alternateName\":\"Garrafeira Tourinto, Lda.\",\"url\":\"https:\\\/\\\/www.tourinto.pt\\\/\",\"logo\":{\"@id\":\"https:\\\/\\\/www.tourinto.pt\\\/product\\\/giulia-negri-barolo-marassio-docg\\\/#local-main-organization-logo\"},\"image\":{\"@id\":\"https:\\\/\\\/www.tourinto.pt\\\/product\\\/giulia-negri-barolo-marassio-docg\\\/#local-main-organization-logo\"},\"sameAs\":[\"https:\\\/\\\/www.facebook.com\\\/garrafeiratourinto\",\"https:\\\/\\\/www.instagram.com\\\/garrafeiratourinto\\\/\"],\"telephone\":[],\"openingHoursSpecification\":[{\"@type\":\"OpeningHoursSpecification\",\"dayOfWeek\":[\"Monday\",\"Tuesday\",\"Wednesday\",\"Thursday\",\"Friday\",\"Saturday\",\"Sunday\"],\"opens\":\"09:00\",\"closes\":\"17:00\"}]},{\"@type\":\"ImageObject\",\"inLanguage\":\"en-GB\",\"@id\":\"https:\\\/\\\/www.tourinto.pt\\\/product\\\/giulia-negri-barolo-marassio-docg\\\/#local-main-organization-logo\",\"url\":\"https:\\\/\\\/i0.wp.com\\\/www.tourinto.pt\\\/wp-content\\\/uploads\\\/2022\\\/07\\\/tourinto-logo-big.png?fit=1400%2C505&ssl=1\",\"contentUrl\":\"https:\\\/\\\/i0.wp.com\\\/www.tourinto.pt\\\/wp-content\\\/uploads\\\/2022\\\/07\\\/tourinto-logo-big.png?fit=1400%2C505&ssl=1\",\"width\":1400,\"height\":505,\"caption\":\"Tourinto\"}]}<\/script>\n<meta property=\"product:price:amount\" content=\"145.95\" \/>\n<meta property=\"product:price:currency\" content=\"EUR\" \/>\n<meta property=\"og:availability\" content=\"instock\" \/>\n<meta property=\"product:availability\" content=\"instock\" \/>\n<meta property=\"product:retailer_item_id\" content=\"132.02.2020\" \/>\n<meta property=\"product:condition\" content=\"new\" \/>\n<!-- \/ Yoast SEO Premium plugin. -->","yoast_head_json":{"title":"Giulia Negri Barolo Marassio DOCG 2020 - Tourinto Premium Wines","description":"Giulia Negri Barolo Marassio DOCG \u00e9 proveniente de uma das vinhas de maior altitude em La Morra, estruturado e de grande express\u00e3o de terroir.","robots":{"index":"index","follow":"follow","max-snippet":"max-snippet:-1","max-image-preview":"max-image-preview:large","max-video-preview":"max-video-preview:-1"},"canonical":"https:\/\/www.tourinto.pt\/en\/product\/giulia-negri-barolo-marassio-docg\/","og_locale":"en_GB","og_type":"article","og_title":"Giulia Negri Barolo Marassio DOCG 2020","og_description":"Giulia Negri Barolo Marassio DOCG \u00e9 proveniente de uma das vinhas de maior altitude em La Morra, estruturado e de grande express\u00e3o de terroir.","og_url":"https:\/\/www.tourinto.pt\/en\/product\/giulia-negri-barolo-marassio-docg\/","og_site_name":"Tourinto Premium Wines","article_publisher":"https:\/\/www.facebook.com\/garrafeiratourinto","article_modified_time":"2026-02-28T21:50:01+00:00","og_image":[{"width":881,"height":1400,"url":"https:\/\/www.tourinto.pt\/wp-content\/uploads\/2025\/09\/Barolo-Marassio.webp","type":"image\/webp"}],"twitter_card":"summary_large_image","twitter_misc":{"Price":"145,95&nbsp;&euro;","Availability":"In stock"},"schema":{"@context":"https:\/\/schema.org","@graph":[{"@type":"WebPage","@id":"https:\/\/www.tourinto.pt\/product\/giulia-negri-barolo-marassio-docg\/","url":"https:\/\/www.tourinto.pt\/product\/giulia-negri-barolo-marassio-docg\/","name":"Giulia Negri Barolo Marassio DOCG 2020 - Tourinto Premium Wines","isPartOf":{"@id":"https:\/\/www.tourinto.pt\/#website"},"primaryImageOfPage":{"@id":"https:\/\/www.tourinto.pt\/product\/giulia-negri-barolo-marassio-docg\/#primaryimage"},"image":{"@id":"https:\/\/www.tourinto.pt\/product\/giulia-negri-barolo-marassio-docg\/#primaryimage"},"thumbnailUrl":"https:\/\/i0.wp.com\/www.tourinto.pt\/wp-content\/uploads\/2025\/09\/Barolo-Marassio.webp?fit=881%2C1400&ssl=1","datePublished":"2025-09-28T06:56:00+00:00","dateModified":"2026-02-28T21:50:01+00:00","description":"Giulia Negri Barolo Marassio DOCG \u00e9 proveniente de uma das vinhas de maior altitude em La Morra, estruturado e de grande express\u00e3o de terroir.","breadcrumb":{"@id":"https:\/\/www.tourinto.pt\/product\/giulia-negri-barolo-marassio-docg\/#breadcrumb"},"inLanguage":"en-GB","potentialAction":[{"@type":"ReadAction","target":["https:\/\/www.tourinto.pt\/product\/giulia-negri-barolo-marassio-docg\/"]}]},{"@type":"ImageObject","inLanguage":"en-GB","@id":"https:\/\/www.tourinto.pt\/product\/giulia-negri-barolo-marassio-docg\/#primaryimage","url":"https:\/\/i0.wp.com\/www.tourinto.pt\/wp-content\/uploads\/2025\/09\/Barolo-Marassio.webp?fit=881%2C1400&ssl=1","contentUrl":"https:\/\/i0.wp.com\/www.tourinto.pt\/wp-content\/uploads\/2025\/09\/Barolo-Marassio.webp?fit=881%2C1400&ssl=1","width":881,"height":1400,"caption":"Giulia Negri Barolo, Giulia Negri Marassio, Giulia Negri La Morra, Barolo Giulia Negri, Marassio Giulia Negri"},{"@type":"BreadcrumbList","@id":"https:\/\/www.tourinto.pt\/product\/giulia-negri-barolo-marassio-docg\/#breadcrumb","itemListElement":[{"@type":"ListItem","position":1,"name":"In\u00edcio","item":"https:\/\/www.tourinto.pt\/"},{"@type":"ListItem","position":2,"name":"Garrafeira on-line","item":"https:\/\/www.tourinto.pt\/garrafeira-on-line\/"},{"@type":"ListItem","position":3,"name":"Giulia Negri Barolo Marassio DOCG 2020"}]},{"@type":"WebSite","@id":"https:\/\/www.tourinto.pt\/#website","url":"https:\/\/www.tourinto.pt\/","name":"Tourinto Premium Wines","description":"Wine Shop online","publisher":{"@id":"https:\/\/www.tourinto.pt\/#organization"},"alternateName":"Garrafeira on-line","potentialAction":[{"@type":"SearchAction","target":{"@type":"EntryPoint","urlTemplate":"https:\/\/www.tourinto.pt\/?s={search_term_string}"},"query-input":{"@type":"PropertyValueSpecification","valueRequired":true,"valueName":"search_term_string"}}],"inLanguage":"en-GB"},{"@type":["Organization","Place"],"@id":"https:\/\/www.tourinto.pt\/#organization","name":"Tourinto","alternateName":"Garrafeira Tourinto, Lda.","url":"https:\/\/www.tourinto.pt\/","logo":{"@id":"https:\/\/www.tourinto.pt\/product\/giulia-negri-barolo-marassio-docg\/#local-main-organization-logo"},"image":{"@id":"https:\/\/www.tourinto.pt\/product\/giulia-negri-barolo-marassio-docg\/#local-main-organization-logo"},"sameAs":["https:\/\/www.facebook.com\/garrafeiratourinto","https:\/\/www.instagram.com\/garrafeiratourinto\/"],"telephone":[],"openingHoursSpecification":[{"@type":"OpeningHoursSpecification","dayOfWeek":["Monday","Tuesday","Wednesday","Thursday","Friday","Saturday","Sunday"],"opens":"09:00","closes":"17:00"}]},{"@type":"ImageObject","inLanguage":"en-GB","@id":"https:\/\/www.tourinto.pt\/product\/giulia-negri-barolo-marassio-docg\/#local-main-organization-logo","url":"https:\/\/i0.wp.com\/www.tourinto.pt\/wp-content\/uploads\/2022\/07\/tourinto-logo-big.png?fit=1400%2C505&ssl=1","contentUrl":"https:\/\/i0.wp.com\/www.tourinto.pt\/wp-content\/uploads\/2022\/07\/tourinto-logo-big.png?fit=1400%2C505&ssl=1","width":1400,"height":505,"caption":"Tourinto"}]},"product_price_amount":"145.95","product_price_currency":"EUR","og_availability":"instock","product_availability":"instock","product_retailer_item_id":"132.02.2020","product_condition":"new"},"jetpack_publicize_connections":[],"jetpack_sharing_enabled":true,"_links":{"self":[{"href":"https:\/\/www.tourinto.pt\/en\/wp-json\/wp\/v2\/product\/14546","targetHints":{"allow":["GET"]}}],"collection":[{"href":"https:\/\/www.tourinto.pt\/en\/wp-json\/wp\/v2\/product"}],"about":[{"href":"https:\/\/www.tourinto.pt\/en\/wp-json\/wp\/v2\/types\/product"}],"replies":[{"embeddable":true,"href":"https:\/\/www.tourinto.pt\/en\/wp-json\/wp\/v2\/comments?post=14546"}],"wp:featuredmedia":[{"embeddable":true,"href":"https:\/\/www.tourinto.pt\/en\/wp-json\/wp\/v2\/media\/14547"}],"wp:attachment":[{"href":"https:\/\/www.tourinto.pt\/en\/wp-json\/wp\/v2\/media?parent=14546"}],"wp:term":[{"taxonomy":"product_brand","embeddable":true,"href":"https:\/\/www.tourinto.pt\/en\/wp-json\/wp\/v2\/product_brand?post=14546"},{"taxonomy":"product_cat","embeddable":true,"href":"https:\/\/www.tourinto.pt\/en\/wp-json\/wp\/v2\/product_cat?post=14546"},{"taxonomy":"product_tag","embeddable":true,"href":"https:\/\/www.tourinto.pt\/en\/wp-json\/wp\/v2\/product_tag?post=14546"}],"curies":[{"name":"wp","href":"https:\/\/api.w.org\/{rel}","templated":true}]}}