{"id":14416,"date":"2025-09-26T06:44:13","date_gmt":"2025-09-26T06:44:13","guid":{"rendered":"https:\/\/www.tourinto.pt\/?post_type=product&#038;p=14416"},"modified":"2026-01-11T22:59:46","modified_gmt":"2026-01-11T22:59:46","slug":"joh-jos-prum-graacher-himmelreich-spatlese-2016","status":"publish","type":"product","link":"https:\/\/www.tourinto.pt\/en\/product\/joh-jos-prum-graacher-himmelreich-spatlese-2016\/","title":{"rendered":"Joh Jos Pr\u00fcm Graacher Himmelreich Sp\u00e4tlese 2016"},"content":{"rendered":"<div class=\"wpb-content-wrapper\"><div data-vc-full-width=\"true\" data-vc-full-width-init=\"false\" class=\"vc_row wpb_row vc_row-fluid vc_custom_1656585076455 vc_row-has-fill\"><div class=\"wpb_column vc_column_container vc_col-sm-12\"><div class=\"vc_column-inner\"><div class=\"wpb_wrapper\"><div class=\"vc_tta-container\" data-vc-action=\"collapse\"><div class=\"vc_general vc_tta vc_tta-tabs vc_tta-color-black vc_tta-style-flat vc_tta-shape-square vc_tta-spacing-1 vc_tta-o-no-fill vc_tta-tabs-position-top vc_tta-controls-align-left\"><div class=\"vc_tta-tabs-container\"><ul class=\"vc_tta-tabs-list\" role=\"tablist\"><li class=\"vc_tta-tab vc_active\" data-vc-tab role=\"presentation\"><a href=\"#1656584484701-0e478312-357c\" data-vc-tabs data-vc-container=\".vc_tta\" role=\"tab\" aria-selected=\"false\" id=\"tab-1656584484701-0e478312-357c\"><i class=\"vc_tta-icon vc-oi vc-oi-article\"><\/i><span class=\"vc_tta-title-text\">Description<\/span><\/a><\/li><\/ul><\/div><div class=\"vc_tta-panels-container\"><div class=\"vc_tta-panels\"><div class=\"vc_tta-panel vc_active\" id=\"1656584484701-0e478312-357c\" data-vc-content=\".vc_tta-panel-body\"><div class=\"vc_tta-panel-heading\"><h4 class=\"vc_tta-panel-title\"><a href=\"#1656584484701-0e478312-357c\" data-vc-accordion data-vc-container=\".vc_tta-container\"><i class=\"vc_tta-icon vc-oi vc-oi-article\"><\/i><span class=\"vc_tta-title-text\">Description<\/span><\/a><\/h4><\/div><div class=\"vc_tta-panel-body\">\n\t<div class=\"wpb_text_column wpb_content_element\" >\n\t\t<div class=\"wpb_wrapper\">\n\t\t\t<p><strong>Joh Jos Pr\u00fcm Graacher Himmelreich Sp\u00e4tlese<\/strong><\/p>\n<p><strong>Grape varieties: <\/strong>Riesling.<br \/>\n<strong>Vinification:<\/strong> &#8211;<br \/>\n<strong>Est\u00e1gio: &#8211;<\/strong><br \/>\n<strong>Colour:<\/strong> Lemon yellow.\u00a0<strong><br \/>\n<\/strong><b>Aroma: <\/b>Citrus, mineral and saline.<br \/>\n<strong>Flavour:<\/strong> Juicy, super elegant and refined, with great mineral freshness. A long, attractive wine with sweetness that is very well balanced by acidity.<\/p>\n<hr style=\"border: #b0976d 1px dotted\" \/>\n<p><strong>Serve:<\/strong> 8 a 10\u2070<br \/>\n<strong>Consumption: <\/strong>Immediate or storage.<\/p>\n<hr style=\"border: #b0976d 1px dotted\" \/>\n<p><strong>Harmonisation: <\/strong>Fish dishes, white meats, seafood.<\/p>\n<p><strong>Producer: <\/strong><a href=\"https:\/\/www.tourinto.pt\/en\/produtores\/alemanha\/joh-jos-prum\/\">Joh Jos Pr\u00fcm<\/a><\/p>\n<p><strong>Enology: <\/strong>Katharina Pr\u00fcm<\/p>\n<p><strong>Classification:<\/strong> <a href=\"https:\/\/www.tourinto.pt\/en\/produto-categoria\/vinhos-alemaes\/\">German wines<\/a> &#8211; <a href=\"https:\/\/www.tourinto.pt\/en\/produto-categoria\/regiao\/mosel\/\">Mosel<\/a><\/p>\n<p><strong>Awards and Notes:\u00a0<\/strong><\/p>\n<ul>\n<li><strong>Robert Parker &#8211;\u00a0<\/strong>95\/100 (2016)<\/li>\n<li><strong>James Suckling \u2013<\/strong> 94\/100 (2016)<\/li>\n<\/ul>\n<p><a href=\"https:\/\/www.jjpruem.com\/\"><span style=\"color: #f1f1f1\">Jos Joh PrumN<\/span><\/a><\/p>\n\n\t\t<\/div>\n\t<\/div>\n<\/div><\/div><\/div><\/div><\/div><\/div><\/div><\/div><\/div><\/div><div class=\"vc_row-full-width vc_clearfix\"><\/div><div data-vc-full-width=\"true\" data-vc-full-width-init=\"false\" data-vc-stretch-content=\"true\" class=\"vc_row wpb_row vc_row-fluid vc_custom_1668610564009 vc_row-no-padding\"><div class=\"wpb_column vc_column_container vc_col-sm-12\"><div class=\"vc_column-inner\"><div class=\"wpb_wrapper\">\n<div class=\"vc_grid-container-wrapper vc_clearfix vc_grid-animation-fadeIn\">\n\t<div class=\"vc_grid-container vc_clearfix wpb_content_element vc_media_grid\" data-initial-loading-animation=\"fadeIn\" data-vc-grid-settings=\"{&quot;page_id&quot;:14416,&quot;style&quot;:&quot;all&quot;,&quot;action&quot;:&quot;vc_get_vc_grid_data&quot;,&quot;shortcode_id&quot;:&quot;1758869076451-36a7de64-7336-3&quot;,&quot;tag&quot;:&quot;vc_media_grid&quot;}\" data-vc-request=\"https:\/\/www.tourinto.pt\/wp-admin\/admin-ajax.php\" data-vc-post-id=\"14416\" data-vc-public-nonce=\"96cc836e62\">\n\t\t\n\t<\/div>\n<\/div><\/div><\/div><\/div><\/div><div class=\"vc_row-full-width vc_clearfix\"><\/div>\n<\/div>","protected":false},"excerpt":{"rendered":"<p>Joh Jos Pr\u00fcm Graacher Himmelreich Sp\u00e4tlese \u00e9 um vinho proveniente das tradicionais encostas de Mosel. C\u00edtrico, mineral e salino, bem como suculento, estamos perante um vinho super elegante e refinado, e com grande frescura mineral.<\/p>\n<p>Saiba mais sobre <a href=\"https:\/\/www.tourinto.pt\/produtores\/alemanha\/joh-jos-prum\">Joh Jos Pr\u00fcm<\/a>.<\/p>\n[contact-form-7 id=\"4433d5d\" title=\"nota Uni\u00e3o Europeia\"]\n","protected":false},"featured_media":14417,"comment_status":"closed","ping_status":"closed","template":"","meta":{"_acf_changed":false,"_joinchat":[],"jetpack_publicize_message":"","jetpack_publicize_feature_enabled":true,"jetpack_social_post_already_shared":true,"jetpack_social_options":{"image_generator_settings":{"template":"highway","default_image_id":0,"font":"","enabled":false},"version":2}},"product_brand":[],"product_cat":[1281,1218,1211,470,976,297,100,81,44,1070,1219],"product_tag":[1216,474,373,273,294],"class_list":{"0":"post-14416","1":"product","2":"type-product","3":"status-publish","4":"has-post-thumbnail","6":"product_cat-brancos-internacionais","7":"product_cat-alemanha","8":"product_cat-mosel","9":"product_cat-vinhos-alemaes","10":"product_cat-vinhos-estrangeiros","11":"product_cat-minima-intervencao","12":"product_cat-tipologia","13":"product_cat-regiao","14":"product_cat-produtores","15":"product_cat-riesling","16":"product_cat-joh-jos-prum","17":"product_tag-mosel","18":"product_tag-alemanha","19":"product_tag-vinho-branco","20":"product_tag-riesling","21":"product_tag-minima-intervencao","22":"pa_ano-28","23":"pa_castas-riesling","24":"pa_categoria-vinhos-alemaes","25":"pa_enologia-katharina-prum","26":"pa_harmonizacao-carnes-brancas","27":"pa_harmonizacao-marisco","28":"pa_harmonizacao-peixe","29":"pa_leveduras-indigenas","30":"pa_produtor-joh-jos-prum","31":"pa_regiao-mosel-bernkastel","32":"pa_tipologia-pradikatwein-spatlese-meio-doce-30-60-g-l","33":"pa_tipologia-vdp","34":"pa_tipologia-vinho-branco","35":"pa_vinificacao-minima-intervencao","36":"pa_viticultura-sustentavel","37":"pa_volume-750ml","39":"first","40":"instock","41":"taxable","42":"shipping-taxable","43":"purchasable","44":"product-type-simple"},"acf":[],"yoast_head":"<!-- This site is optimized with the Yoast SEO Premium plugin v27.3 (Yoast SEO v27.4) - https:\/\/yoast.com\/product\/yoast-seo-premium-wordpress\/ -->\n<title>Joh Jos Pr\u00fcm Graacher Himmelreich Sp\u00e4tlese 2016 - Tourinto Premium Wines<\/title>\n<meta name=\"description\" content=\"Joh Jos Pr\u00fcm Graacher Himmelreich Sp\u00e4tlese \u00e9 proveniente das encostas de Mosel. C\u00edtrico, mineral e salino, suculento e com grande frescura mineral.\" \/>\n<meta name=\"robots\" content=\"index, follow, max-snippet:-1, max-image-preview:large, max-video-preview:-1\" \/>\n<link rel=\"canonical\" href=\"https:\/\/www.tourinto.pt\/en\/product\/joh-jos-prum-graacher-himmelreich-spatlese-2016\/\" \/>\n<meta property=\"og:locale\" content=\"en_GB\" \/>\n<meta property=\"og:type\" content=\"article\" \/>\n<meta property=\"og:title\" content=\"Joh Jos Pr\u00fcm Graacher Himmelreich Sp\u00e4tlese 2016\" \/>\n<meta property=\"og:description\" content=\"Joh Jos Pr\u00fcm Graacher Himmelreich Sp\u00e4tlese \u00e9 proveniente das encostas de Mosel. C\u00edtrico, mineral e salino, suculento e com grande frescura mineral.\" \/>\n<meta property=\"og:url\" content=\"https:\/\/www.tourinto.pt\/en\/product\/joh-jos-prum-graacher-himmelreich-spatlese-2016\/\" \/>\n<meta property=\"og:site_name\" content=\"Tourinto Premium Wines\" \/>\n<meta property=\"article:publisher\" content=\"https:\/\/www.facebook.com\/garrafeiratourinto\" \/>\n<meta property=\"article:modified_time\" content=\"2026-01-11T22:59:46+00:00\" \/>\n<meta property=\"og:image\" content=\"https:\/\/i0.wp.com\/www.tourinto.pt\/wp-content\/uploads\/2025\/09\/Joh-Jos-Prum-Graacher-Hummelreich-Spatlese.webp?fit=881%2C1400&ssl=1\" \/>\n\t<meta property=\"og:image:width\" content=\"881\" \/>\n\t<meta property=\"og:image:height\" content=\"1400\" \/>\n\t<meta property=\"og:image:type\" content=\"image\/webp\" \/>\n<meta name=\"twitter:card\" content=\"summary_large_image\" \/>\n<meta name=\"twitter:label1\" content=\"Price\" \/>\n\t<meta name=\"twitter:data1\" content=\"41,70&nbsp;&euro;\" \/>\n\t<meta name=\"twitter:label2\" content=\"Availability\" \/>\n\t<meta name=\"twitter:data2\" content=\"In stock\" \/>\n<script type=\"application\/ld+json\" class=\"yoast-schema-graph\">{\"@context\":\"https:\\\/\\\/schema.org\",\"@graph\":[{\"@type\":\"WebPage\",\"@id\":\"https:\\\/\\\/www.tourinto.pt\\\/product\\\/joh-jos-prum-graacher-himmelreich-spatlese-2016\\\/\",\"url\":\"https:\\\/\\\/www.tourinto.pt\\\/product\\\/joh-jos-prum-graacher-himmelreich-spatlese-2016\\\/\",\"name\":\"Joh Jos Pr\u00fcm Graacher Himmelreich Sp\u00e4tlese 2016 - Tourinto Premium Wines\",\"isPartOf\":{\"@id\":\"https:\\\/\\\/www.tourinto.pt\\\/#website\"},\"primaryImageOfPage\":{\"@id\":\"https:\\\/\\\/www.tourinto.pt\\\/product\\\/joh-jos-prum-graacher-himmelreich-spatlese-2016\\\/#primaryimage\"},\"image\":{\"@id\":\"https:\\\/\\\/www.tourinto.pt\\\/product\\\/joh-jos-prum-graacher-himmelreich-spatlese-2016\\\/#primaryimage\"},\"thumbnailUrl\":\"https:\\\/\\\/i0.wp.com\\\/www.tourinto.pt\\\/wp-content\\\/uploads\\\/2025\\\/09\\\/Joh-Jos-Prum-Graacher-Hummelreich-Spatlese.webp?fit=881%2C1400&ssl=1\",\"datePublished\":\"2025-09-26T06:44:13+00:00\",\"dateModified\":\"2026-01-11T22:59:46+00:00\",\"description\":\"Joh Jos Pr\u00fcm Graacher Himmelreich Sp\u00e4tlese \u00e9 proveniente das encostas de Mosel. C\u00edtrico, mineral e salino, suculento e com grande frescura mineral.\",\"breadcrumb\":{\"@id\":\"https:\\\/\\\/www.tourinto.pt\\\/product\\\/joh-jos-prum-graacher-himmelreich-spatlese-2016\\\/#breadcrumb\"},\"inLanguage\":\"en-GB\",\"potentialAction\":[{\"@type\":\"ReadAction\",\"target\":[\"https:\\\/\\\/www.tourinto.pt\\\/product\\\/joh-jos-prum-graacher-himmelreich-spatlese-2016\\\/\"]}]},{\"@type\":\"ImageObject\",\"inLanguage\":\"en-GB\",\"@id\":\"https:\\\/\\\/www.tourinto.pt\\\/product\\\/joh-jos-prum-graacher-himmelreich-spatlese-2016\\\/#primaryimage\",\"url\":\"https:\\\/\\\/i0.wp.com\\\/www.tourinto.pt\\\/wp-content\\\/uploads\\\/2025\\\/09\\\/Joh-Jos-Prum-Graacher-Hummelreich-Spatlese.webp?fit=881%2C1400&ssl=1\",\"contentUrl\":\"https:\\\/\\\/i0.wp.com\\\/www.tourinto.pt\\\/wp-content\\\/uploads\\\/2025\\\/09\\\/Joh-Jos-Prum-Graacher-Hummelreich-Spatlese.webp?fit=881%2C1400&ssl=1\",\"width\":881,\"height\":1400,\"caption\":\"Joh Jos Pr\u00fcm Graacher Himmelreich Sp\u00e4tlese\"},{\"@type\":\"BreadcrumbList\",\"@id\":\"https:\\\/\\\/www.tourinto.pt\\\/product\\\/joh-jos-prum-graacher-himmelreich-spatlese-2016\\\/#breadcrumb\",\"itemListElement\":[{\"@type\":\"ListItem\",\"position\":1,\"name\":\"In\u00edcio\",\"item\":\"https:\\\/\\\/www.tourinto.pt\\\/\"},{\"@type\":\"ListItem\",\"position\":2,\"name\":\"Garrafeira on-line\",\"item\":\"https:\\\/\\\/www.tourinto.pt\\\/garrafeira-on-line\\\/\"},{\"@type\":\"ListItem\",\"position\":3,\"name\":\"Joh Jos Pr\u00fcm Graacher Himmelreich Sp\u00e4tlese 2016\"}]},{\"@type\":\"WebSite\",\"@id\":\"https:\\\/\\\/www.tourinto.pt\\\/#website\",\"url\":\"https:\\\/\\\/www.tourinto.pt\\\/\",\"name\":\"Tourinto Premium Wines\",\"description\":\"Garrafeira on-line\",\"publisher\":{\"@id\":\"https:\\\/\\\/www.tourinto.pt\\\/#organization\"},\"alternateName\":\"Garrafeira on-line\",\"potentialAction\":[{\"@type\":\"SearchAction\",\"target\":{\"@type\":\"EntryPoint\",\"urlTemplate\":\"https:\\\/\\\/www.tourinto.pt\\\/?s={search_term_string}\"},\"query-input\":{\"@type\":\"PropertyValueSpecification\",\"valueRequired\":true,\"valueName\":\"search_term_string\"}}],\"inLanguage\":\"en-GB\"},{\"@type\":[\"Organization\",\"Place\"],\"@id\":\"https:\\\/\\\/www.tourinto.pt\\\/#organization\",\"name\":\"Tourinto\",\"alternateName\":\"Garrafeira Tourinto, Lda.\",\"url\":\"https:\\\/\\\/www.tourinto.pt\\\/\",\"logo\":{\"@id\":\"https:\\\/\\\/www.tourinto.pt\\\/product\\\/joh-jos-prum-graacher-himmelreich-spatlese-2016\\\/#local-main-organization-logo\"},\"image\":{\"@id\":\"https:\\\/\\\/www.tourinto.pt\\\/product\\\/joh-jos-prum-graacher-himmelreich-spatlese-2016\\\/#local-main-organization-logo\"},\"sameAs\":[\"https:\\\/\\\/www.facebook.com\\\/garrafeiratourinto\",\"https:\\\/\\\/www.instagram.com\\\/garrafeiratourinto\\\/\"],\"telephone\":[],\"openingHoursSpecification\":[{\"@type\":\"OpeningHoursSpecification\",\"dayOfWeek\":[\"Monday\",\"Tuesday\",\"Wednesday\",\"Thursday\",\"Friday\",\"Saturday\",\"Sunday\"],\"opens\":\"09:00\",\"closes\":\"17:00\"}]},{\"@type\":\"ImageObject\",\"inLanguage\":\"en-GB\",\"@id\":\"https:\\\/\\\/www.tourinto.pt\\\/product\\\/joh-jos-prum-graacher-himmelreich-spatlese-2016\\\/#local-main-organization-logo\",\"url\":\"https:\\\/\\\/i0.wp.com\\\/www.tourinto.pt\\\/wp-content\\\/uploads\\\/2022\\\/07\\\/tourinto-logo-big.png?fit=1400%2C505&ssl=1\",\"contentUrl\":\"https:\\\/\\\/i0.wp.com\\\/www.tourinto.pt\\\/wp-content\\\/uploads\\\/2022\\\/07\\\/tourinto-logo-big.png?fit=1400%2C505&ssl=1\",\"width\":1400,\"height\":505,\"caption\":\"Tourinto\"}]}<\/script>\n<meta property=\"product:price:amount\" content=\"41.70\" \/>\n<meta property=\"product:price:currency\" content=\"EUR\" \/>\n<meta property=\"og:availability\" content=\"instock\" \/>\n<meta property=\"product:availability\" content=\"instock\" \/>\n<meta property=\"product:retailer_item_id\" content=\"126.04.2013\" \/>\n<meta property=\"product:condition\" content=\"new\" \/>\n<!-- \/ Yoast SEO Premium plugin. -->","yoast_head_json":{"title":"Joh Jos Pr\u00fcm Graacher Himmelreich Sp\u00e4tlese 2016 - Tourinto Premium Wines","description":"Joh Jos Pr\u00fcm Graacher Himmelreich Sp\u00e4tlese \u00e9 proveniente das encostas de Mosel. C\u00edtrico, mineral e salino, suculento e com grande frescura mineral.","robots":{"index":"index","follow":"follow","max-snippet":"max-snippet:-1","max-image-preview":"max-image-preview:large","max-video-preview":"max-video-preview:-1"},"canonical":"https:\/\/www.tourinto.pt\/en\/product\/joh-jos-prum-graacher-himmelreich-spatlese-2016\/","og_locale":"en_GB","og_type":"article","og_title":"Joh Jos Pr\u00fcm Graacher Himmelreich Sp\u00e4tlese 2016","og_description":"Joh Jos Pr\u00fcm Graacher Himmelreich Sp\u00e4tlese \u00e9 proveniente das encostas de Mosel. C\u00edtrico, mineral e salino, suculento e com grande frescura mineral.","og_url":"https:\/\/www.tourinto.pt\/en\/product\/joh-jos-prum-graacher-himmelreich-spatlese-2016\/","og_site_name":"Tourinto Premium Wines","article_publisher":"https:\/\/www.facebook.com\/garrafeiratourinto","article_modified_time":"2026-01-11T22:59:46+00:00","og_image":[{"width":881,"height":1400,"url":"https:\/\/i0.wp.com\/www.tourinto.pt\/wp-content\/uploads\/2025\/09\/Joh-Jos-Prum-Graacher-Hummelreich-Spatlese.webp?fit=881%2C1400&ssl=1","type":"image\/webp"}],"twitter_card":"summary_large_image","twitter_misc":{"Price":"41,70&nbsp;&euro;","Availability":"In stock"},"schema":{"@context":"https:\/\/schema.org","@graph":[{"@type":"WebPage","@id":"https:\/\/www.tourinto.pt\/product\/joh-jos-prum-graacher-himmelreich-spatlese-2016\/","url":"https:\/\/www.tourinto.pt\/product\/joh-jos-prum-graacher-himmelreich-spatlese-2016\/","name":"Joh Jos Pr\u00fcm Graacher Himmelreich Sp\u00e4tlese 2016 - Tourinto Premium Wines","isPartOf":{"@id":"https:\/\/www.tourinto.pt\/#website"},"primaryImageOfPage":{"@id":"https:\/\/www.tourinto.pt\/product\/joh-jos-prum-graacher-himmelreich-spatlese-2016\/#primaryimage"},"image":{"@id":"https:\/\/www.tourinto.pt\/product\/joh-jos-prum-graacher-himmelreich-spatlese-2016\/#primaryimage"},"thumbnailUrl":"https:\/\/i0.wp.com\/www.tourinto.pt\/wp-content\/uploads\/2025\/09\/Joh-Jos-Prum-Graacher-Hummelreich-Spatlese.webp?fit=881%2C1400&ssl=1","datePublished":"2025-09-26T06:44:13+00:00","dateModified":"2026-01-11T22:59:46+00:00","description":"Joh Jos Pr\u00fcm Graacher Himmelreich Sp\u00e4tlese \u00e9 proveniente das encostas de Mosel. C\u00edtrico, mineral e salino, suculento e com grande frescura mineral.","breadcrumb":{"@id":"https:\/\/www.tourinto.pt\/product\/joh-jos-prum-graacher-himmelreich-spatlese-2016\/#breadcrumb"},"inLanguage":"en-GB","potentialAction":[{"@type":"ReadAction","target":["https:\/\/www.tourinto.pt\/product\/joh-jos-prum-graacher-himmelreich-spatlese-2016\/"]}]},{"@type":"ImageObject","inLanguage":"en-GB","@id":"https:\/\/www.tourinto.pt\/product\/joh-jos-prum-graacher-himmelreich-spatlese-2016\/#primaryimage","url":"https:\/\/i0.wp.com\/www.tourinto.pt\/wp-content\/uploads\/2025\/09\/Joh-Jos-Prum-Graacher-Hummelreich-Spatlese.webp?fit=881%2C1400&ssl=1","contentUrl":"https:\/\/i0.wp.com\/www.tourinto.pt\/wp-content\/uploads\/2025\/09\/Joh-Jos-Prum-Graacher-Hummelreich-Spatlese.webp?fit=881%2C1400&ssl=1","width":881,"height":1400,"caption":"Joh Jos Pr\u00fcm Graacher Himmelreich Sp\u00e4tlese"},{"@type":"BreadcrumbList","@id":"https:\/\/www.tourinto.pt\/product\/joh-jos-prum-graacher-himmelreich-spatlese-2016\/#breadcrumb","itemListElement":[{"@type":"ListItem","position":1,"name":"In\u00edcio","item":"https:\/\/www.tourinto.pt\/"},{"@type":"ListItem","position":2,"name":"Garrafeira on-line","item":"https:\/\/www.tourinto.pt\/garrafeira-on-line\/"},{"@type":"ListItem","position":3,"name":"Joh Jos Pr\u00fcm Graacher Himmelreich Sp\u00e4tlese 2016"}]},{"@type":"WebSite","@id":"https:\/\/www.tourinto.pt\/#website","url":"https:\/\/www.tourinto.pt\/","name":"Tourinto Premium Wines","description":"Wine Shop online","publisher":{"@id":"https:\/\/www.tourinto.pt\/#organization"},"alternateName":"Garrafeira on-line","potentialAction":[{"@type":"SearchAction","target":{"@type":"EntryPoint","urlTemplate":"https:\/\/www.tourinto.pt\/?s={search_term_string}"},"query-input":{"@type":"PropertyValueSpecification","valueRequired":true,"valueName":"search_term_string"}}],"inLanguage":"en-GB"},{"@type":["Organization","Place"],"@id":"https:\/\/www.tourinto.pt\/#organization","name":"Tourinto","alternateName":"Garrafeira Tourinto, Lda.","url":"https:\/\/www.tourinto.pt\/","logo":{"@id":"https:\/\/www.tourinto.pt\/product\/joh-jos-prum-graacher-himmelreich-spatlese-2016\/#local-main-organization-logo"},"image":{"@id":"https:\/\/www.tourinto.pt\/product\/joh-jos-prum-graacher-himmelreich-spatlese-2016\/#local-main-organization-logo"},"sameAs":["https:\/\/www.facebook.com\/garrafeiratourinto","https:\/\/www.instagram.com\/garrafeiratourinto\/"],"telephone":[],"openingHoursSpecification":[{"@type":"OpeningHoursSpecification","dayOfWeek":["Monday","Tuesday","Wednesday","Thursday","Friday","Saturday","Sunday"],"opens":"09:00","closes":"17:00"}]},{"@type":"ImageObject","inLanguage":"en-GB","@id":"https:\/\/www.tourinto.pt\/product\/joh-jos-prum-graacher-himmelreich-spatlese-2016\/#local-main-organization-logo","url":"https:\/\/i0.wp.com\/www.tourinto.pt\/wp-content\/uploads\/2022\/07\/tourinto-logo-big.png?fit=1400%2C505&ssl=1","contentUrl":"https:\/\/i0.wp.com\/www.tourinto.pt\/wp-content\/uploads\/2022\/07\/tourinto-logo-big.png?fit=1400%2C505&ssl=1","width":1400,"height":505,"caption":"Tourinto"}]},"product_price_amount":"41.70","product_price_currency":"EUR","og_availability":"instock","product_availability":"instock","product_retailer_item_id":"126.04.2013","product_condition":"new"},"jetpack_publicize_connections":[],"jetpack_sharing_enabled":true,"_links":{"self":[{"href":"https:\/\/www.tourinto.pt\/en\/wp-json\/wp\/v2\/product\/14416","targetHints":{"allow":["GET"]}}],"collection":[{"href":"https:\/\/www.tourinto.pt\/en\/wp-json\/wp\/v2\/product"}],"about":[{"href":"https:\/\/www.tourinto.pt\/en\/wp-json\/wp\/v2\/types\/product"}],"replies":[{"embeddable":true,"href":"https:\/\/www.tourinto.pt\/en\/wp-json\/wp\/v2\/comments?post=14416"}],"wp:featuredmedia":[{"embeddable":true,"href":"https:\/\/www.tourinto.pt\/en\/wp-json\/wp\/v2\/media\/14417"}],"wp:attachment":[{"href":"https:\/\/www.tourinto.pt\/en\/wp-json\/wp\/v2\/media?parent=14416"}],"wp:term":[{"taxonomy":"product_brand","embeddable":true,"href":"https:\/\/www.tourinto.pt\/en\/wp-json\/wp\/v2\/product_brand?post=14416"},{"taxonomy":"product_cat","embeddable":true,"href":"https:\/\/www.tourinto.pt\/en\/wp-json\/wp\/v2\/product_cat?post=14416"},{"taxonomy":"product_tag","embeddable":true,"href":"https:\/\/www.tourinto.pt\/en\/wp-json\/wp\/v2\/product_tag?post=14416"}],"curies":[{"name":"wp","href":"https:\/\/api.w.org\/{rel}","templated":true}]}}