{"id":14308,"date":"2025-09-21T08:16:29","date_gmt":"2025-09-21T08:16:29","guid":{"rendered":"https:\/\/www.tourinto.pt\/?post_type=product&#038;p=14308"},"modified":"2026-04-26T08:34:31","modified_gmt":"2026-04-26T08:34:31","slug":"tenuta-delle-terre-nere-calderara-sottana-branco","status":"publish","type":"product","link":"https:\/\/www.tourinto.pt\/en\/product\/tenuta-delle-terre-nere-calderara-sottana-branco\/","title":{"rendered":"Tenuta delle Terre Nere Calderara Sottana Branco 2021"},"content":{"rendered":"<div class=\"wpb-content-wrapper\"><div data-vc-full-width=\"true\" data-vc-full-width-init=\"false\" class=\"vc_row wpb_row vc_row-fluid vc_custom_1656585076455 vc_row-has-fill\"><div class=\"wpb_column vc_column_container vc_col-sm-12\"><div class=\"vc_column-inner\"><div class=\"wpb_wrapper\"><div class=\"vc_tta-container\" data-vc-action=\"collapse\"><div class=\"vc_general vc_tta vc_tta-tabs vc_tta-color-black vc_tta-style-flat vc_tta-shape-square vc_tta-spacing-1 vc_tta-o-no-fill vc_tta-tabs-position-top vc_tta-controls-align-left\"><div class=\"vc_tta-tabs-container\"><ul class=\"vc_tta-tabs-list\" role=\"tablist\"><li class=\"vc_tta-tab vc_active\" data-vc-tab role=\"presentation\"><a href=\"#1656584484701-0e478312-357c\" data-vc-tabs data-vc-container=\".vc_tta\" role=\"tab\" aria-selected=\"false\" id=\"tab-1656584484701-0e478312-357c\"><i class=\"vc_tta-icon vc-oi vc-oi-article\"><\/i><span class=\"vc_tta-title-text\">Description<\/span><\/a><\/li><\/ul><\/div><div class=\"vc_tta-panels-container\"><div class=\"vc_tta-panels\"><div class=\"vc_tta-panel vc_active\" id=\"1656584484701-0e478312-357c\" data-vc-content=\".vc_tta-panel-body\"><div class=\"vc_tta-panel-heading\"><h4 class=\"vc_tta-panel-title\"><a href=\"#1656584484701-0e478312-357c\" data-vc-accordion data-vc-container=\".vc_tta-container\"><i class=\"vc_tta-icon vc-oi vc-oi-article\"><\/i><span class=\"vc_tta-title-text\">Description<\/span><\/a><\/h4><\/div><div class=\"vc_tta-panel-body\">\n\t<div class=\"wpb_text_column wpb_content_element\" >\n\t\t<div class=\"wpb_wrapper\">\n\t\t\t<p><strong>Tenuta delle Terre Nere Calderara Sottana Branco<\/strong><\/p>\n<p><strong>Grape varieties: <\/strong>Carricante.<br \/>\n<strong>Vinification: <\/strong>Gentle pressing and fermentation at low temperature in French oak barrels, followed by malolactic fermentation.<br \/>\n<strong>Aging: <\/strong>9 months in French oak barrels.<br \/>\n<strong>Colour: <\/strong>Straw yellow with golden reflections.<strong><br \/>\n<\/strong><strong>Aroma: <\/strong>Notes of smoked almonds, flowers, grilled herbs, lemons, as well as dried pineapple, stone and charcoal.<br \/>\n<strong>Flavour: <\/strong>A complex and intense wine with a dense texture, vibrant acidity and slight notes of vanilla.<\/p>\n<hr style=\"border: #b0976d 1px dotted\" \/>\n<p><strong>Serve:<\/strong> 8 a 10\u2070<br \/>\n<strong>Consumption: <\/strong>Immediate or storage (8 years).<\/p>\n<hr style=\"border: #b0976d 1px dotted\" \/>\n<p><strong>Harmonisation: <\/strong>White meat, baked fish and shellfish.<\/p>\n<hr style=\"border: #b0976d 1px dotted\" \/>\n<p><strong>Producer:\u00a0<\/strong><a href=\"https:\/\/www.tourinto.pt\/en\/produtores\/italia\/tenuta-delle-terre-nere\/\">Tenuta della Terre Nere<\/a><\/p>\n<p><strong>Enology:<\/strong> Marco de Grazia<\/p>\n<p><strong>Classification:<\/strong> <a href=\"https:\/\/www.tourinto.pt\/en\/produto-categoria\/vinhos-italianos\/\">Italian Wines<\/a> &#8211; <a href=\"https:\/\/www.tourinto.pt\/en\/produto-categoria\/regiao\/sicilia\/\">Sicily<\/a> &#8211; <a href=\"https:\/\/www.tourinto.pt\/en\/produto-categoria\/regiao\/sicilia\/etna\/\">Etna DOC<\/a><\/p>\n<p><strong>Awards and Notes:<\/strong><\/p>\n<ul>\n<li><strong>James Suckling<\/strong> &#8211; 94\/100 (2021)<\/li>\n<li><strong>Wine<\/strong> <strong>Spectator<\/strong> &#8211; 93\/100 (2021)<\/li>\n<\/ul>\n<p><a href=\"https:\/\/www.tenutaterrenere.com\/en\/home-english\/\"><span style=\"color: #f1f1f1\">Tenuta delle Terre Nere<\/span><\/a><\/p>\n\n\t\t<\/div>\n\t<\/div>\n<\/div><\/div><\/div><\/div><\/div><\/div><\/div><\/div><\/div><\/div><div class=\"vc_row-full-width vc_clearfix\"><\/div><div data-vc-full-width=\"true\" data-vc-full-width-init=\"false\" data-vc-stretch-content=\"true\" class=\"vc_row wpb_row vc_row-fluid vc_row-no-padding\"><div class=\"wpb_column vc_column_container vc_col-sm-12\"><div class=\"vc_column-inner\"><div class=\"wpb_wrapper\">\n<div class=\"vc_grid-container-wrapper vc_clearfix vc_grid-animation-fadeIn\">\n\t<div class=\"vc_grid-container vc_clearfix wpb_content_element vc_media_grid\" data-initial-loading-animation=\"fadeIn\" data-vc-grid-settings=\"{&quot;page_id&quot;:14308,&quot;style&quot;:&quot;all&quot;,&quot;action&quot;:&quot;vc_get_vc_grid_data&quot;,&quot;shortcode_id&quot;:&quot;1758455486676-7f8b2b15-2a71-10&quot;,&quot;tag&quot;:&quot;vc_media_grid&quot;}\" data-vc-request=\"https:\/\/www.tourinto.pt\/wp-admin\/admin-ajax.php\" data-vc-post-id=\"14308\" data-vc-public-nonce=\"05c9e97c64\">\n\t\t\n\t<\/div>\n<\/div><\/div><\/div><\/div><\/div><div class=\"vc_row-full-width vc_clearfix\"><\/div>\n<\/div>","protected":false},"excerpt":{"rendered":"<p class=\"ai-optimize-17\">Tenuta delle Terre Nere Calderara Sottana Branco \u00e9 um vinho proveniente de vinhas da casta Carricante, plantadas em solos vulc\u00e2nicos. Com notas de am\u00eandoas fumadas, florais, ervas grelhadas, lim\u00f5es, bem como pedra e carv\u00e3o vegetal, \u00e9 um vinho complexo e intenso, com textura densa, acidez vibrante.<\/p>\n<p class=\"ai-optimize-18\">Saiba mais sobre a <a href=\"https:\/\/www.tourinto.pt\/produtores\/italia\/tenuta-delle-terre-nere\/\">Tenuta delle Terre Nere.<\/a><\/p>\n<p class=\"ai-optimize-19\">[contact-form-7 id=\"4433d5d\" title=\"nota Uni\u00e3o Europeia\"]<\/p>\n","protected":false},"featured_media":14316,"comment_status":"closed","ping_status":"closed","template":"","meta":{"_acf_changed":false,"_joinchat":[],"jetpack_publicize_message":"","jetpack_publicize_feature_enabled":true,"jetpack_social_post_already_shared":true,"jetpack_social_options":{"image_generator_settings":{"template":"highway","default_image_id":0,"font":"","enabled":false},"version":2}},"product_brand":[],"product_cat":[1192,1191,976,210,1199,100,81,44,1193],"product_tag":[730,1200,1196,1194,294,373],"class_list":{"0":"post-14308","1":"product","2":"type-product","3":"status-publish","4":"has-post-thumbnail","6":"product_cat-etna","7":"product_cat-sicilia","8":"product_cat-vinhos-estrangeiros","9":"product_cat-vinhos-italianos","10":"product_cat-carricante","11":"product_cat-tipologia","12":"product_cat-regiao","13":"product_cat-produtores","14":"product_cat-tenuta-delle-terre-nere","15":"product_tag-vinhos-italianos","16":"product_tag-carricante","17":"product_tag-sicilia","18":"product_tag-etna","19":"product_tag-minima-intervencao","20":"product_tag-vinho-branco","21":"pa_ano-33","22":"pa_castas-carricante","23":"pa_categoria-etna","24":"pa_categoria-sicilia","25":"pa_categoria-vinhos-italianos","26":"pa_enologia-marco-de-grazia","27":"pa_harmonizacao-peixe-grelhado","28":"pa_harmonizacao-carnes-brancas","29":"pa_harmonizacao-marisco","30":"pa_leveduras-indigenas","31":"pa_produtor-tenuta-delle-terre-nere","32":"pa_regiao-sicilia-etna-doc","33":"pa_tipologia-vinho-branco","34":"pa_vinificacao-minima-intervencao","35":"pa_viticultura-biologica","36":"pa_volume-750ml","38":"first","39":"instock","40":"taxable","41":"shipping-taxable","42":"purchasable","43":"product-type-simple"},"acf":[],"yoast_head":"<!-- This site is optimized with the Yoast SEO Premium plugin v27.5 (Yoast SEO v27.5) - https:\/\/yoast.com\/product\/yoast-seo-premium-wordpress\/ -->\n<title>Tenuta delle Terre Nere Calderara Sottana Branco 2021 - Tourinto Premium Wines<\/title>\n<meta name=\"description\" content=\"Tenuta delle Terre Nere Calderara Sottana Branco \u00e9 um 100% Carricante em solos vulc\u00e2nicos, notas am\u00eandoas, florais e lim\u00f5es, complexo e de acidez vibrante.\" \/>\n<meta name=\"robots\" content=\"index, follow, max-snippet:-1, max-image-preview:large, max-video-preview:-1\" \/>\n<link rel=\"canonical\" href=\"https:\/\/www.tourinto.pt\/en\/product\/tenuta-delle-terre-nere-calderara-sottana-branco\/\" \/>\n<meta property=\"og:locale\" content=\"en_GB\" \/>\n<meta property=\"og:type\" content=\"article\" \/>\n<meta property=\"og:title\" content=\"Tenuta delle Terre Nere Calderara Sottana Branco 2021\" \/>\n<meta property=\"og:description\" content=\"Tenuta delle Terre Nere Calderara Sottana Branco \u00e9 um 100% Carricante em solos vulc\u00e2nicos, notas am\u00eandoas, florais e lim\u00f5es, complexo e de acidez vibrante.\" \/>\n<meta property=\"og:url\" content=\"https:\/\/www.tourinto.pt\/en\/product\/tenuta-delle-terre-nere-calderara-sottana-branco\/\" \/>\n<meta property=\"og:site_name\" content=\"Tourinto Premium Wines\" \/>\n<meta property=\"article:publisher\" content=\"https:\/\/www.facebook.com\/garrafeiratourinto\" \/>\n<meta property=\"article:modified_time\" content=\"2026-04-26T08:34:31+00:00\" \/>\n<meta property=\"og:image\" content=\"https:\/\/www.tourinto.pt\/wp-content\/uploads\/2025\/09\/Tourinto-branco-CasadoCampo.webp\" \/>\n\t<meta property=\"og:image:width\" content=\"881\" \/>\n\t<meta property=\"og:image:height\" content=\"1400\" \/>\n\t<meta property=\"og:image:type\" content=\"image\/webp\" \/>\n<meta name=\"twitter:card\" content=\"summary_large_image\" \/>\n<meta name=\"twitter:label1\" content=\"Price\" \/>\n\t<meta name=\"twitter:data1\" content=\"42,50&nbsp;&euro;\" \/>\n\t<meta name=\"twitter:label2\" content=\"Availability\" \/>\n\t<meta name=\"twitter:data2\" content=\"In stock\" \/>\n<script type=\"application\/ld+json\" class=\"yoast-schema-graph\">{\"@context\":\"https:\\\/\\\/schema.org\",\"@graph\":[{\"@type\":\"WebPage\",\"@id\":\"https:\\\/\\\/www.tourinto.pt\\\/product\\\/tenuta-delle-terre-nere-calderara-sottana-branco\\\/\",\"url\":\"https:\\\/\\\/www.tourinto.pt\\\/product\\\/tenuta-delle-terre-nere-calderara-sottana-branco\\\/\",\"name\":\"Tenuta delle Terre Nere Calderara Sottana Branco 2021 - Tourinto Premium Wines\",\"isPartOf\":{\"@id\":\"https:\\\/\\\/www.tourinto.pt\\\/#website\"},\"primaryImageOfPage\":{\"@id\":\"https:\\\/\\\/www.tourinto.pt\\\/product\\\/tenuta-delle-terre-nere-calderara-sottana-branco\\\/#primaryimage\"},\"image\":{\"@id\":\"https:\\\/\\\/www.tourinto.pt\\\/product\\\/tenuta-delle-terre-nere-calderara-sottana-branco\\\/#primaryimage\"},\"thumbnailUrl\":\"https:\\\/\\\/i0.wp.com\\\/www.tourinto.pt\\\/wp-content\\\/uploads\\\/2025\\\/09\\\/Tourinto-branco-CasadoCampo.webp?fit=881%2C1400&ssl=1\",\"datePublished\":\"2025-09-21T08:16:29+00:00\",\"dateModified\":\"2026-04-26T08:34:31+00:00\",\"description\":\"Tenuta delle Terre Nere Calderara Sottana Branco \u00e9 um 100% Carricante em solos vulc\u00e2nicos, notas am\u00eandoas, florais e lim\u00f5es, complexo e de acidez vibrante.\",\"breadcrumb\":{\"@id\":\"https:\\\/\\\/www.tourinto.pt\\\/product\\\/tenuta-delle-terre-nere-calderara-sottana-branco\\\/#breadcrumb\"},\"inLanguage\":\"en-GB\",\"potentialAction\":[{\"@type\":\"ReadAction\",\"target\":[\"https:\\\/\\\/www.tourinto.pt\\\/product\\\/tenuta-delle-terre-nere-calderara-sottana-branco\\\/\"]}]},{\"@type\":\"ImageObject\",\"inLanguage\":\"en-GB\",\"@id\":\"https:\\\/\\\/www.tourinto.pt\\\/product\\\/tenuta-delle-terre-nere-calderara-sottana-branco\\\/#primaryimage\",\"url\":\"https:\\\/\\\/i0.wp.com\\\/www.tourinto.pt\\\/wp-content\\\/uploads\\\/2025\\\/09\\\/Tourinto-branco-CasadoCampo.webp?fit=881%2C1400&ssl=1\",\"contentUrl\":\"https:\\\/\\\/i0.wp.com\\\/www.tourinto.pt\\\/wp-content\\\/uploads\\\/2025\\\/09\\\/Tourinto-branco-CasadoCampo.webp?fit=881%2C1400&ssl=1\",\"width\":881,\"height\":1400,\"caption\":\"Terre Nere Calderara Sottana Branco, Terre Nere Etna Branco, Vinho Branco Terre Nere, Terre Nere Branco Etna, Vinho Terre Nere Calderara Sottana Branco\"},{\"@type\":\"BreadcrumbList\",\"@id\":\"https:\\\/\\\/www.tourinto.pt\\\/product\\\/tenuta-delle-terre-nere-calderara-sottana-branco\\\/#breadcrumb\",\"itemListElement\":[{\"@type\":\"ListItem\",\"position\":1,\"name\":\"In\u00edcio\",\"item\":\"https:\\\/\\\/www.tourinto.pt\\\/\"},{\"@type\":\"ListItem\",\"position\":2,\"name\":\"Garrafeira on-line\",\"item\":\"https:\\\/\\\/www.tourinto.pt\\\/garrafeira-on-line\\\/\"},{\"@type\":\"ListItem\",\"position\":3,\"name\":\"Tenuta delle Terre Nere Calderara Sottana Branco 2021\"}]},{\"@type\":\"WebSite\",\"@id\":\"https:\\\/\\\/www.tourinto.pt\\\/#website\",\"url\":\"https:\\\/\\\/www.tourinto.pt\\\/\",\"name\":\"Tourinto Premium Wines\",\"description\":\"Garrafeira on-line\",\"publisher\":{\"@id\":\"https:\\\/\\\/www.tourinto.pt\\\/#organization\"},\"alternateName\":\"Garrafeira on-line\",\"potentialAction\":[{\"@type\":\"SearchAction\",\"target\":{\"@type\":\"EntryPoint\",\"urlTemplate\":\"https:\\\/\\\/www.tourinto.pt\\\/?s={search_term_string}\"},\"query-input\":{\"@type\":\"PropertyValueSpecification\",\"valueRequired\":true,\"valueName\":\"search_term_string\"}}],\"inLanguage\":\"en-GB\"},{\"@type\":[\"Organization\",\"Place\"],\"@id\":\"https:\\\/\\\/www.tourinto.pt\\\/#organization\",\"name\":\"Tourinto\",\"alternateName\":\"Garrafeira Tourinto, Lda.\",\"url\":\"https:\\\/\\\/www.tourinto.pt\\\/\",\"logo\":{\"@id\":\"https:\\\/\\\/www.tourinto.pt\\\/product\\\/tenuta-delle-terre-nere-calderara-sottana-branco\\\/#local-main-organization-logo\"},\"image\":{\"@id\":\"https:\\\/\\\/www.tourinto.pt\\\/product\\\/tenuta-delle-terre-nere-calderara-sottana-branco\\\/#local-main-organization-logo\"},\"sameAs\":[\"https:\\\/\\\/www.facebook.com\\\/garrafeiratourinto\",\"https:\\\/\\\/www.instagram.com\\\/garrafeiratourinto\\\/\"],\"telephone\":[],\"openingHoursSpecification\":[{\"@type\":\"OpeningHoursSpecification\",\"dayOfWeek\":[\"Monday\",\"Tuesday\",\"Wednesday\",\"Thursday\",\"Friday\",\"Saturday\",\"Sunday\"],\"opens\":\"09:00\",\"closes\":\"17:00\"}]},{\"@type\":\"ImageObject\",\"inLanguage\":\"en-GB\",\"@id\":\"https:\\\/\\\/www.tourinto.pt\\\/product\\\/tenuta-delle-terre-nere-calderara-sottana-branco\\\/#local-main-organization-logo\",\"url\":\"https:\\\/\\\/i0.wp.com\\\/www.tourinto.pt\\\/wp-content\\\/uploads\\\/2022\\\/07\\\/tourinto-logo-big.png?fit=1400%2C505&ssl=1\",\"contentUrl\":\"https:\\\/\\\/i0.wp.com\\\/www.tourinto.pt\\\/wp-content\\\/uploads\\\/2022\\\/07\\\/tourinto-logo-big.png?fit=1400%2C505&ssl=1\",\"width\":1400,\"height\":505,\"caption\":\"Tourinto\"}]}<\/script>\n<meta property=\"product:price:amount\" content=\"42.50\" \/>\n<meta property=\"product:price:currency\" content=\"EUR\" \/>\n<meta property=\"og:availability\" content=\"instock\" \/>\n<meta property=\"product:availability\" content=\"instock\" \/>\n<meta property=\"product:retailer_item_id\" content=\"123.04.2021\" \/>\n<meta property=\"product:condition\" content=\"new\" \/>\n<!-- \/ Yoast SEO Premium plugin. -->","yoast_head_json":{"title":"Tenuta delle Terre Nere Calderara Sottana Branco 2021 - Tourinto Premium Wines","description":"Tenuta delle Terre Nere Calderara Sottana Branco \u00e9 um 100% Carricante em solos vulc\u00e2nicos, notas am\u00eandoas, florais e lim\u00f5es, complexo e de acidez vibrante.","robots":{"index":"index","follow":"follow","max-snippet":"max-snippet:-1","max-image-preview":"max-image-preview:large","max-video-preview":"max-video-preview:-1"},"canonical":"https:\/\/www.tourinto.pt\/en\/product\/tenuta-delle-terre-nere-calderara-sottana-branco\/","og_locale":"en_GB","og_type":"article","og_title":"Tenuta delle Terre Nere Calderara Sottana Branco 2021","og_description":"Tenuta delle Terre Nere Calderara Sottana Branco \u00e9 um 100% Carricante em solos vulc\u00e2nicos, notas am\u00eandoas, florais e lim\u00f5es, complexo e de acidez vibrante.","og_url":"https:\/\/www.tourinto.pt\/en\/product\/tenuta-delle-terre-nere-calderara-sottana-branco\/","og_site_name":"Tourinto Premium Wines","article_publisher":"https:\/\/www.facebook.com\/garrafeiratourinto","article_modified_time":"2026-04-26T08:34:31+00:00","og_image":[{"width":881,"height":1400,"url":"https:\/\/www.tourinto.pt\/wp-content\/uploads\/2025\/09\/Tourinto-branco-CasadoCampo.webp","type":"image\/webp"}],"twitter_card":"summary_large_image","twitter_misc":{"Price":"42,50&nbsp;&euro;","Availability":"In stock"},"schema":{"@context":"https:\/\/schema.org","@graph":[{"@type":"WebPage","@id":"https:\/\/www.tourinto.pt\/product\/tenuta-delle-terre-nere-calderara-sottana-branco\/","url":"https:\/\/www.tourinto.pt\/product\/tenuta-delle-terre-nere-calderara-sottana-branco\/","name":"Tenuta delle Terre Nere Calderara Sottana Branco 2021 - Tourinto Premium Wines","isPartOf":{"@id":"https:\/\/www.tourinto.pt\/#website"},"primaryImageOfPage":{"@id":"https:\/\/www.tourinto.pt\/product\/tenuta-delle-terre-nere-calderara-sottana-branco\/#primaryimage"},"image":{"@id":"https:\/\/www.tourinto.pt\/product\/tenuta-delle-terre-nere-calderara-sottana-branco\/#primaryimage"},"thumbnailUrl":"https:\/\/i0.wp.com\/www.tourinto.pt\/wp-content\/uploads\/2025\/09\/Tourinto-branco-CasadoCampo.webp?fit=881%2C1400&ssl=1","datePublished":"2025-09-21T08:16:29+00:00","dateModified":"2026-04-26T08:34:31+00:00","description":"Tenuta delle Terre Nere Calderara Sottana Branco \u00e9 um 100% Carricante em solos vulc\u00e2nicos, notas am\u00eandoas, florais e lim\u00f5es, complexo e de acidez vibrante.","breadcrumb":{"@id":"https:\/\/www.tourinto.pt\/product\/tenuta-delle-terre-nere-calderara-sottana-branco\/#breadcrumb"},"inLanguage":"en-GB","potentialAction":[{"@type":"ReadAction","target":["https:\/\/www.tourinto.pt\/product\/tenuta-delle-terre-nere-calderara-sottana-branco\/"]}]},{"@type":"ImageObject","inLanguage":"en-GB","@id":"https:\/\/www.tourinto.pt\/product\/tenuta-delle-terre-nere-calderara-sottana-branco\/#primaryimage","url":"https:\/\/i0.wp.com\/www.tourinto.pt\/wp-content\/uploads\/2025\/09\/Tourinto-branco-CasadoCampo.webp?fit=881%2C1400&ssl=1","contentUrl":"https:\/\/i0.wp.com\/www.tourinto.pt\/wp-content\/uploads\/2025\/09\/Tourinto-branco-CasadoCampo.webp?fit=881%2C1400&ssl=1","width":881,"height":1400,"caption":"Terre Nere Calderara Sottana Branco, Terre Nere Etna Branco, Vinho Branco Terre Nere, Terre Nere Branco Etna, Vinho Terre Nere Calderara Sottana Branco"},{"@type":"BreadcrumbList","@id":"https:\/\/www.tourinto.pt\/product\/tenuta-delle-terre-nere-calderara-sottana-branco\/#breadcrumb","itemListElement":[{"@type":"ListItem","position":1,"name":"In\u00edcio","item":"https:\/\/www.tourinto.pt\/"},{"@type":"ListItem","position":2,"name":"Garrafeira on-line","item":"https:\/\/www.tourinto.pt\/garrafeira-on-line\/"},{"@type":"ListItem","position":3,"name":"Tenuta delle Terre Nere Calderara Sottana Branco 2021"}]},{"@type":"WebSite","@id":"https:\/\/www.tourinto.pt\/#website","url":"https:\/\/www.tourinto.pt\/","name":"Tourinto Premium Wines","description":"Wine Shop online","publisher":{"@id":"https:\/\/www.tourinto.pt\/#organization"},"alternateName":"Garrafeira on-line","potentialAction":[{"@type":"SearchAction","target":{"@type":"EntryPoint","urlTemplate":"https:\/\/www.tourinto.pt\/?s={search_term_string}"},"query-input":{"@type":"PropertyValueSpecification","valueRequired":true,"valueName":"search_term_string"}}],"inLanguage":"en-GB"},{"@type":["Organization","Place"],"@id":"https:\/\/www.tourinto.pt\/#organization","name":"Tourinto","alternateName":"Garrafeira Tourinto, Lda.","url":"https:\/\/www.tourinto.pt\/","logo":{"@id":"https:\/\/www.tourinto.pt\/product\/tenuta-delle-terre-nere-calderara-sottana-branco\/#local-main-organization-logo"},"image":{"@id":"https:\/\/www.tourinto.pt\/product\/tenuta-delle-terre-nere-calderara-sottana-branco\/#local-main-organization-logo"},"sameAs":["https:\/\/www.facebook.com\/garrafeiratourinto","https:\/\/www.instagram.com\/garrafeiratourinto\/"],"telephone":[],"openingHoursSpecification":[{"@type":"OpeningHoursSpecification","dayOfWeek":["Monday","Tuesday","Wednesday","Thursday","Friday","Saturday","Sunday"],"opens":"09:00","closes":"17:00"}]},{"@type":"ImageObject","inLanguage":"en-GB","@id":"https:\/\/www.tourinto.pt\/product\/tenuta-delle-terre-nere-calderara-sottana-branco\/#local-main-organization-logo","url":"https:\/\/i0.wp.com\/www.tourinto.pt\/wp-content\/uploads\/2022\/07\/tourinto-logo-big.png?fit=1400%2C505&ssl=1","contentUrl":"https:\/\/i0.wp.com\/www.tourinto.pt\/wp-content\/uploads\/2022\/07\/tourinto-logo-big.png?fit=1400%2C505&ssl=1","width":1400,"height":505,"caption":"Tourinto"}]},"product_price_amount":"42.50","product_price_currency":"EUR","og_availability":"instock","product_availability":"instock","product_retailer_item_id":"123.04.2021","product_condition":"new"},"jetpack_publicize_connections":[],"jetpack_sharing_enabled":true,"_links":{"self":[{"href":"https:\/\/www.tourinto.pt\/en\/wp-json\/wp\/v2\/product\/14308","targetHints":{"allow":["GET"]}}],"collection":[{"href":"https:\/\/www.tourinto.pt\/en\/wp-json\/wp\/v2\/product"}],"about":[{"href":"https:\/\/www.tourinto.pt\/en\/wp-json\/wp\/v2\/types\/product"}],"replies":[{"embeddable":true,"href":"https:\/\/www.tourinto.pt\/en\/wp-json\/wp\/v2\/comments?post=14308"}],"wp:featuredmedia":[{"embeddable":true,"href":"https:\/\/www.tourinto.pt\/en\/wp-json\/wp\/v2\/media\/14316"}],"wp:attachment":[{"href":"https:\/\/www.tourinto.pt\/en\/wp-json\/wp\/v2\/media?parent=14308"}],"wp:term":[{"taxonomy":"product_brand","embeddable":true,"href":"https:\/\/www.tourinto.pt\/en\/wp-json\/wp\/v2\/product_brand?post=14308"},{"taxonomy":"product_cat","embeddable":true,"href":"https:\/\/www.tourinto.pt\/en\/wp-json\/wp\/v2\/product_cat?post=14308"},{"taxonomy":"product_tag","embeddable":true,"href":"https:\/\/www.tourinto.pt\/en\/wp-json\/wp\/v2\/product_tag?post=14308"}],"curies":[{"name":"wp","href":"https:\/\/api.w.org\/{rel}","templated":true}]}}