{"id":13208,"date":"2025-07-28T19:22:16","date_gmt":"2025-07-28T19:22:16","guid":{"rendered":"https:\/\/www.tourinto.pt\/?post_type=product&#038;p=13208"},"modified":"2026-03-16T22:11:07","modified_gmt":"2026-03-16T22:11:07","slug":"tarelo-acores-branco","status":"publish","type":"product","link":"https:\/\/www.tourinto.pt\/en\/product\/tarelo-acores-branco\/","title":{"rendered":"Tarelo A\u00e7ores White"},"content":{"rendered":"<div class=\"wpb-content-wrapper\"><div data-vc-full-width=\"true\" data-vc-full-width-init=\"false\" class=\"vc_row wpb_row vc_row-fluid vc_custom_1656585076455 vc_row-has-fill\"><div class=\"wpb_column vc_column_container vc_col-sm-12\"><div class=\"vc_column-inner\"><div class=\"wpb_wrapper\"><div class=\"vc_tta-container\" data-vc-action=\"collapse\"><div class=\"vc_general vc_tta vc_tta-tabs vc_tta-color-black vc_tta-style-flat vc_tta-shape-square vc_tta-spacing-1 vc_tta-o-no-fill vc_tta-tabs-position-top vc_tta-controls-align-left\"><div class=\"vc_tta-tabs-container\"><ul class=\"vc_tta-tabs-list\" role=\"tablist\"><li class=\"vc_tta-tab vc_active\" data-vc-tab role=\"presentation\"><a href=\"#1656584484701-0e478312-357c\" data-vc-tabs data-vc-container=\".vc_tta\" role=\"tab\" aria-selected=\"false\" id=\"tab-1656584484701-0e478312-357c\"><i class=\"vc_tta-icon vc-oi vc-oi-article\"><\/i><span class=\"vc_tta-title-text\">Description<\/span><\/a><\/li><\/ul><\/div><div class=\"vc_tta-panels-container\"><div class=\"vc_tta-panels\"><div class=\"vc_tta-panel vc_active\" id=\"1656584484701-0e478312-357c\" data-vc-content=\".vc_tta-panel-body\"><div class=\"vc_tta-panel-heading\"><h4 class=\"vc_tta-panel-title\"><a href=\"#1656584484701-0e478312-357c\" data-vc-accordion data-vc-container=\".vc_tta-container\"><i class=\"vc_tta-icon vc-oi vc-oi-article\"><\/i><span class=\"vc_tta-title-text\">Description<\/span><\/a><\/h4><\/div><div class=\"vc_tta-panel-body\">\n\t<div class=\"wpb_text_column wpb_content_element\" >\n\t\t<div class=\"wpb_wrapper\">\n\t\t\t<p><strong>Tarelo A\u00e7ores Branco Arinto e Verdelho<\/strong><\/p>\n<p><strong>Grape varieties: <\/strong>Arinto do Pico and Verdelho.<br \/>\n<strong>Vinification:<\/strong> After harvesting, the temperature was lowered in a cold chamber. The must was clarified by static decanting and fermented in stainless steel vats at 15\u00baC for 15 days.<br \/>\n<strong>Aging:<\/strong> Maturation sur lie for 4 months, followed by 8 months ageing in stainless steel.<br \/>\n<strong>Colour: <\/strong>Lemon yellow.<br \/>\n<strong>Aroma: <\/strong>An exotic profile, where Atlantic influences intersect with basalt soils.  Mineral aroma, with citrus notes and some tropical hints.<br \/>\n<strong>Flavour: <\/strong>Fine and deep, as well as elegant and fresh on the palate, with a long and pleasant finish.<\/p>\n<hr style=\"border: #b0976d 1px dotted;\" \/>\n<p><strong>Serve:<\/strong> 12\u2070<br \/>\n<strong>Consumption:\u00a0<\/strong>Immediate.<\/p>\n<hr style=\"border: #b0976d 1px dotted;\" \/>\n<p><strong>Harmonisation: <\/strong>Fish, seafood, white meats, sushi and vegetarian dishes.<\/p>\n<hr style=\"border: #b0976d 1px dotted;\" \/>\n<p><b>Producer: <\/b><a href=\"https:\/\/www.tourinto.pt\/en\/produtor\/tarelo\/\">Tarelo<\/a><\/p>\n<p><strong>Enology: <\/strong>Paulo Laureano<\/p>\n<p><strong>Category:<\/strong> Portuguese Wines \u2013 <a href=\"https:\/\/www.tourinto.pt\/en\/portugal\/vinhos-dos-acores\/\">Azores<\/a><\/p>\n<p><strong>Awards and Notes:<\/strong><\/p>\n<ul>\n<li><strong>Revista de Vinhos &#8211;<\/strong><\/li>\n<\/ul>\n<p><a href=\"https:\/\/tarelo.pt\/\"><span style=\"color: #f1f1f1;\">tarelo<\/span><\/a><\/p>\n\n\t\t<\/div>\n\t<\/div>\n<\/div><\/div><\/div><\/div><\/div><\/div><\/div><\/div><\/div><\/div><div class=\"vc_row-full-width vc_clearfix\"><\/div><div data-vc-full-width=\"true\" data-vc-full-width-init=\"false\" data-vc-stretch-content=\"true\" class=\"vc_row wpb_row vc_row-fluid vc_custom_1708084117757 vc_row-no-padding\"><div class=\"wpb_column vc_column_container vc_col-sm-12\"><div class=\"vc_column-inner\"><div class=\"wpb_wrapper\">\n<div class=\"vc_grid-container-wrapper vc_clearfix vc_grid-animation-fadeIn\">\n\t<div class=\"vc_grid-container vc_clearfix wpb_content_element vc_media_grid\" data-initial-loading-animation=\"fadeIn\" data-vc-grid-settings=\"{&quot;page_id&quot;:13208,&quot;style&quot;:&quot;all&quot;,&quot;action&quot;:&quot;vc_get_vc_grid_data&quot;,&quot;shortcode_id&quot;:&quot;1757006906005-f201d419-8875-5&quot;,&quot;tag&quot;:&quot;vc_media_grid&quot;}\" data-vc-request=\"https:\/\/www.tourinto.pt\/wp-admin\/admin-ajax.php\" data-vc-post-id=\"13208\" data-vc-public-nonce=\"a3489c1848\">\n\t\t\n\t<\/div>\n<\/div><\/div><\/div><\/div><\/div><div class=\"vc_row-full-width vc_clearfix\"><\/div>\n<\/div>","protected":false},"excerpt":{"rendered":"<p class=\"ai-optimize-14\">Tarelo A\u00e7ores Branco Arinto e Verdelho que nasce da conjuga\u00e7\u00e3o t\u00edpica dos blends a\u00e7orianos, provenientes de currais tradicionais e com produ\u00e7\u00f5es muito baixas, d\u00e3o origem a um vinho de perfil ex\u00f3tico, onde a influ\u00eancia atl\u00e2ntica e dos solos de basalto se cruza de forma extraordin\u00e1ria, para al\u00e9m do aroma mineral, com notas de citrinos e algum tropical, bem como fino, profundo e fresco.<\/p>\n<p class=\"ai-optimize-15\">Saiba mais sobre <a href=\"https:\/\/www.tourinto.pt\/produto-categoria\/produtores\/tarelo\/\">Tarelo<\/a>.<\/p>\n<p class=\"ai-optimize-16\">[contact-form-7 id=\"4433d5d\" title=\"nota Uni\u00e3o Europeia\"]<\/p>\n","protected":false},"featured_media":13790,"comment_status":"closed","ping_status":"closed","template":"","meta":{"_acf_changed":false,"_joinchat":[],"jetpack_publicize_message":"","jetpack_publicize_feature_enabled":true,"jetpack_social_post_already_shared":true,"jetpack_social_options":{"image_generator_settings":{"template":"highway","default_image_id":0,"font":"","enabled":false},"version":2}},"product_brand":[],"product_cat":[1470,1280,1134,18,147,424,392,100,81,44,1041],"product_tag":[334,145,143,139],"class_list":{"0":"post-13208","1":"product","2":"type-product","3":"status-publish","4":"has-post-thumbnail","6":"product_cat-brancos-atlanticos","7":"product_cat-ready-to-drink","8":"product_cat-blend-brancos","9":"product_cat-vinho-branco","10":"product_cat-acores","11":"product_cat-vinhos-portugal","12":"product_cat-pequenos-produtores","13":"product_cat-tipologia","14":"product_cat-regiao","15":"product_cat-produtores","16":"product_cat-tarelo","17":"product_tag-pico","18":"product_tag-arinto-dos-acores","19":"product_tag-acores","20":"product_tag-verdelho","21":"pa_ano-31","22":"pa_castas-arinto-dos-acores","23":"pa_castas-verdelho","24":"pa_categoria-vinhos-portugueses","25":"pa_enologia-paulo-loureano","26":"pa_harmonizacao-sushi","27":"pa_harmonizacao-saladas","28":"pa_harmonizacao-carnes-brancas","29":"pa_harmonizacao-marisco","30":"pa_harmonizacao-peixe","31":"pa_leveduras-selecionadas","32":"pa_produtor-tarelo","33":"pa_regiao-acores","34":"pa_tipologia-vinho-branco","35":"pa_vinificacao-minima-intervencao","36":"pa_viticultura-sustentavel","37":"pa_volume-750ml","39":"first","40":"instock","41":"taxable","42":"shipping-taxable","43":"purchasable","44":"product-type-simple"},"acf":[],"yoast_head":"<!-- This site is optimized with the Yoast SEO Premium plugin v27.3 (Yoast SEO v27.4) - https:\/\/yoast.com\/product\/yoast-seo-premium-wordpress\/ -->\n<title>Tarelo A\u00e7ores Branco - Tourinto Premium Wines<\/title>\n<meta name=\"description\" content=\"Tarelo A\u00e7ores Arinto e Verdelho \u00e9 proveniente de currais tradicionais e com produ\u00e7\u00f5es muito baixas, que d\u00e3o origem a um vinho de perfil ex\u00f3tico e fresco.\" \/>\n<meta name=\"robots\" content=\"index, follow, max-snippet:-1, max-image-preview:large, max-video-preview:-1\" \/>\n<link rel=\"canonical\" href=\"https:\/\/www.tourinto.pt\/en\/product\/tarelo-acores-branco\/\" \/>\n<meta property=\"og:locale\" content=\"en_GB\" \/>\n<meta property=\"og:type\" content=\"article\" \/>\n<meta property=\"og:title\" content=\"Tarelo A\u00e7ores Branco\" \/>\n<meta property=\"og:description\" content=\"Tarelo A\u00e7ores Arinto e Verdelho \u00e9 proveniente de currais tradicionais e com produ\u00e7\u00f5es muito baixas, que d\u00e3o origem a um vinho de perfil ex\u00f3tico e fresco.\" \/>\n<meta property=\"og:url\" content=\"https:\/\/www.tourinto.pt\/en\/product\/tarelo-acores-branco\/\" \/>\n<meta property=\"og:site_name\" content=\"Tourinto Premium Wines\" \/>\n<meta property=\"article:publisher\" content=\"https:\/\/www.facebook.com\/garrafeiratourinto\" \/>\n<meta property=\"article:modified_time\" content=\"2026-03-16T22:11:07+00:00\" \/>\n<meta property=\"og:image\" content=\"https:\/\/www.tourinto.pt\/wp-content\/uploads\/2025\/07\/Tarelo-Acores-Arinto-e-Verdelho.webp\" \/>\n\t<meta property=\"og:image:width\" content=\"881\" \/>\n\t<meta property=\"og:image:height\" content=\"1400\" \/>\n\t<meta property=\"og:image:type\" content=\"image\/webp\" \/>\n<meta name=\"twitter:card\" content=\"summary_large_image\" \/>\n<meta name=\"twitter:label1\" content=\"Price\" \/>\n\t<meta name=\"twitter:data1\" content=\"28,40&nbsp;&euro;\" \/>\n\t<meta name=\"twitter:label2\" content=\"Availability\" \/>\n\t<meta name=\"twitter:data2\" content=\"In stock\" \/>\n<script type=\"application\/ld+json\" class=\"yoast-schema-graph\">{\"@context\":\"https:\\\/\\\/schema.org\",\"@graph\":[{\"@type\":\"WebPage\",\"@id\":\"https:\\\/\\\/www.tourinto.pt\\\/product\\\/tarelo-acores-branco\\\/\",\"url\":\"https:\\\/\\\/www.tourinto.pt\\\/product\\\/tarelo-acores-branco\\\/\",\"name\":\"Tarelo A\u00e7ores Branco - Tourinto Premium Wines\",\"isPartOf\":{\"@id\":\"https:\\\/\\\/www.tourinto.pt\\\/#website\"},\"primaryImageOfPage\":{\"@id\":\"https:\\\/\\\/www.tourinto.pt\\\/product\\\/tarelo-acores-branco\\\/#primaryimage\"},\"image\":{\"@id\":\"https:\\\/\\\/www.tourinto.pt\\\/product\\\/tarelo-acores-branco\\\/#primaryimage\"},\"thumbnailUrl\":\"https:\\\/\\\/i0.wp.com\\\/www.tourinto.pt\\\/wp-content\\\/uploads\\\/2025\\\/07\\\/Tarelo-Acores-Arinto-e-Verdelho.webp?fit=881%2C1400&ssl=1\",\"datePublished\":\"2025-07-28T19:22:16+00:00\",\"dateModified\":\"2026-03-16T22:11:07+00:00\",\"description\":\"Tarelo A\u00e7ores Arinto e Verdelho \u00e9 proveniente de currais tradicionais e com produ\u00e7\u00f5es muito baixas, que d\u00e3o origem a um vinho de perfil ex\u00f3tico e fresco.\",\"breadcrumb\":{\"@id\":\"https:\\\/\\\/www.tourinto.pt\\\/product\\\/tarelo-acores-branco\\\/#breadcrumb\"},\"inLanguage\":\"en-GB\",\"potentialAction\":[{\"@type\":\"ReadAction\",\"target\":[\"https:\\\/\\\/www.tourinto.pt\\\/product\\\/tarelo-acores-branco\\\/\"]}]},{\"@type\":\"ImageObject\",\"inLanguage\":\"en-GB\",\"@id\":\"https:\\\/\\\/www.tourinto.pt\\\/product\\\/tarelo-acores-branco\\\/#primaryimage\",\"url\":\"https:\\\/\\\/i0.wp.com\\\/www.tourinto.pt\\\/wp-content\\\/uploads\\\/2025\\\/07\\\/Tarelo-Acores-Arinto-e-Verdelho.webp?fit=881%2C1400&ssl=1\",\"contentUrl\":\"https:\\\/\\\/i0.wp.com\\\/www.tourinto.pt\\\/wp-content\\\/uploads\\\/2025\\\/07\\\/Tarelo-Acores-Arinto-e-Verdelho.webp?fit=881%2C1400&ssl=1\",\"width\":881,\"height\":1400,\"caption\":\"Tarelo Vinho dos A\u00e7ores, Tarelo Vinho Branco, Tarelo Ainto e Verdelho, Tarelo Vinho do Pico, Tarelo Azores\"},{\"@type\":\"BreadcrumbList\",\"@id\":\"https:\\\/\\\/www.tourinto.pt\\\/product\\\/tarelo-acores-branco\\\/#breadcrumb\",\"itemListElement\":[{\"@type\":\"ListItem\",\"position\":1,\"name\":\"In\u00edcio\",\"item\":\"https:\\\/\\\/www.tourinto.pt\\\/\"},{\"@type\":\"ListItem\",\"position\":2,\"name\":\"Garrafeira on-line\",\"item\":\"https:\\\/\\\/www.tourinto.pt\\\/garrafeira-on-line\\\/\"},{\"@type\":\"ListItem\",\"position\":3,\"name\":\"Tarelo A\u00e7ores Branco\"}]},{\"@type\":\"WebSite\",\"@id\":\"https:\\\/\\\/www.tourinto.pt\\\/#website\",\"url\":\"https:\\\/\\\/www.tourinto.pt\\\/\",\"name\":\"Tourinto Premium Wines\",\"description\":\"Garrafeira on-line\",\"publisher\":{\"@id\":\"https:\\\/\\\/www.tourinto.pt\\\/#organization\"},\"alternateName\":\"Garrafeira on-line\",\"potentialAction\":[{\"@type\":\"SearchAction\",\"target\":{\"@type\":\"EntryPoint\",\"urlTemplate\":\"https:\\\/\\\/www.tourinto.pt\\\/?s={search_term_string}\"},\"query-input\":{\"@type\":\"PropertyValueSpecification\",\"valueRequired\":true,\"valueName\":\"search_term_string\"}}],\"inLanguage\":\"en-GB\"},{\"@type\":[\"Organization\",\"Place\"],\"@id\":\"https:\\\/\\\/www.tourinto.pt\\\/#organization\",\"name\":\"Tourinto\",\"alternateName\":\"Garrafeira Tourinto, Lda.\",\"url\":\"https:\\\/\\\/www.tourinto.pt\\\/\",\"logo\":{\"@id\":\"https:\\\/\\\/www.tourinto.pt\\\/product\\\/tarelo-acores-branco\\\/#local-main-organization-logo\"},\"image\":{\"@id\":\"https:\\\/\\\/www.tourinto.pt\\\/product\\\/tarelo-acores-branco\\\/#local-main-organization-logo\"},\"sameAs\":[\"https:\\\/\\\/www.facebook.com\\\/garrafeiratourinto\",\"https:\\\/\\\/www.instagram.com\\\/garrafeiratourinto\\\/\"],\"telephone\":[],\"openingHoursSpecification\":[{\"@type\":\"OpeningHoursSpecification\",\"dayOfWeek\":[\"Monday\",\"Tuesday\",\"Wednesday\",\"Thursday\",\"Friday\",\"Saturday\",\"Sunday\"],\"opens\":\"09:00\",\"closes\":\"17:00\"}]},{\"@type\":\"ImageObject\",\"inLanguage\":\"en-GB\",\"@id\":\"https:\\\/\\\/www.tourinto.pt\\\/product\\\/tarelo-acores-branco\\\/#local-main-organization-logo\",\"url\":\"https:\\\/\\\/i0.wp.com\\\/www.tourinto.pt\\\/wp-content\\\/uploads\\\/2022\\\/07\\\/tourinto-logo-big.png?fit=1400%2C505&ssl=1\",\"contentUrl\":\"https:\\\/\\\/i0.wp.com\\\/www.tourinto.pt\\\/wp-content\\\/uploads\\\/2022\\\/07\\\/tourinto-logo-big.png?fit=1400%2C505&ssl=1\",\"width\":1400,\"height\":505,\"caption\":\"Tourinto\"}]}<\/script>\n<meta property=\"product:price:amount\" content=\"28.40\" \/>\n<meta property=\"product:price:currency\" content=\"EUR\" \/>\n<meta property=\"og:availability\" content=\"instock\" \/>\n<meta property=\"product:availability\" content=\"instock\" \/>\n<meta property=\"product:retailer_item_id\" content=\"117.01.2019\" \/>\n<meta property=\"product:condition\" content=\"new\" \/>\n<!-- \/ Yoast SEO Premium plugin. -->","yoast_head_json":{"title":"Tarelo A\u00e7ores Branco - Tourinto Premium Wines","description":"Tarelo A\u00e7ores Arinto e Verdelho \u00e9 proveniente de currais tradicionais e com produ\u00e7\u00f5es muito baixas, que d\u00e3o origem a um vinho de perfil ex\u00f3tico e fresco.","robots":{"index":"index","follow":"follow","max-snippet":"max-snippet:-1","max-image-preview":"max-image-preview:large","max-video-preview":"max-video-preview:-1"},"canonical":"https:\/\/www.tourinto.pt\/en\/product\/tarelo-acores-branco\/","og_locale":"en_GB","og_type":"article","og_title":"Tarelo A\u00e7ores Branco","og_description":"Tarelo A\u00e7ores Arinto e Verdelho \u00e9 proveniente de currais tradicionais e com produ\u00e7\u00f5es muito baixas, que d\u00e3o origem a um vinho de perfil ex\u00f3tico e fresco.","og_url":"https:\/\/www.tourinto.pt\/en\/product\/tarelo-acores-branco\/","og_site_name":"Tourinto Premium Wines","article_publisher":"https:\/\/www.facebook.com\/garrafeiratourinto","article_modified_time":"2026-03-16T22:11:07+00:00","og_image":[{"width":881,"height":1400,"url":"https:\/\/www.tourinto.pt\/wp-content\/uploads\/2025\/07\/Tarelo-Acores-Arinto-e-Verdelho.webp","type":"image\/webp"}],"twitter_card":"summary_large_image","twitter_misc":{"Price":"28,40&nbsp;&euro;","Availability":"In stock"},"schema":{"@context":"https:\/\/schema.org","@graph":[{"@type":"WebPage","@id":"https:\/\/www.tourinto.pt\/product\/tarelo-acores-branco\/","url":"https:\/\/www.tourinto.pt\/product\/tarelo-acores-branco\/","name":"Tarelo A\u00e7ores Branco - Tourinto Premium Wines","isPartOf":{"@id":"https:\/\/www.tourinto.pt\/#website"},"primaryImageOfPage":{"@id":"https:\/\/www.tourinto.pt\/product\/tarelo-acores-branco\/#primaryimage"},"image":{"@id":"https:\/\/www.tourinto.pt\/product\/tarelo-acores-branco\/#primaryimage"},"thumbnailUrl":"https:\/\/i0.wp.com\/www.tourinto.pt\/wp-content\/uploads\/2025\/07\/Tarelo-Acores-Arinto-e-Verdelho.webp?fit=881%2C1400&ssl=1","datePublished":"2025-07-28T19:22:16+00:00","dateModified":"2026-03-16T22:11:07+00:00","description":"Tarelo A\u00e7ores Arinto e Verdelho \u00e9 proveniente de currais tradicionais e com produ\u00e7\u00f5es muito baixas, que d\u00e3o origem a um vinho de perfil ex\u00f3tico e fresco.","breadcrumb":{"@id":"https:\/\/www.tourinto.pt\/product\/tarelo-acores-branco\/#breadcrumb"},"inLanguage":"en-GB","potentialAction":[{"@type":"ReadAction","target":["https:\/\/www.tourinto.pt\/product\/tarelo-acores-branco\/"]}]},{"@type":"ImageObject","inLanguage":"en-GB","@id":"https:\/\/www.tourinto.pt\/product\/tarelo-acores-branco\/#primaryimage","url":"https:\/\/i0.wp.com\/www.tourinto.pt\/wp-content\/uploads\/2025\/07\/Tarelo-Acores-Arinto-e-Verdelho.webp?fit=881%2C1400&ssl=1","contentUrl":"https:\/\/i0.wp.com\/www.tourinto.pt\/wp-content\/uploads\/2025\/07\/Tarelo-Acores-Arinto-e-Verdelho.webp?fit=881%2C1400&ssl=1","width":881,"height":1400,"caption":"Tarelo Vinho dos A\u00e7ores, Tarelo Vinho Branco, Tarelo Ainto e Verdelho, Tarelo Vinho do Pico, Tarelo Azores"},{"@type":"BreadcrumbList","@id":"https:\/\/www.tourinto.pt\/product\/tarelo-acores-branco\/#breadcrumb","itemListElement":[{"@type":"ListItem","position":1,"name":"In\u00edcio","item":"https:\/\/www.tourinto.pt\/"},{"@type":"ListItem","position":2,"name":"Garrafeira on-line","item":"https:\/\/www.tourinto.pt\/garrafeira-on-line\/"},{"@type":"ListItem","position":3,"name":"Tarelo A\u00e7ores Branco"}]},{"@type":"WebSite","@id":"https:\/\/www.tourinto.pt\/#website","url":"https:\/\/www.tourinto.pt\/","name":"Tourinto Premium Wines","description":"Wine Shop online","publisher":{"@id":"https:\/\/www.tourinto.pt\/#organization"},"alternateName":"Garrafeira on-line","potentialAction":[{"@type":"SearchAction","target":{"@type":"EntryPoint","urlTemplate":"https:\/\/www.tourinto.pt\/?s={search_term_string}"},"query-input":{"@type":"PropertyValueSpecification","valueRequired":true,"valueName":"search_term_string"}}],"inLanguage":"en-GB"},{"@type":["Organization","Place"],"@id":"https:\/\/www.tourinto.pt\/#organization","name":"Tourinto","alternateName":"Garrafeira Tourinto, Lda.","url":"https:\/\/www.tourinto.pt\/","logo":{"@id":"https:\/\/www.tourinto.pt\/product\/tarelo-acores-branco\/#local-main-organization-logo"},"image":{"@id":"https:\/\/www.tourinto.pt\/product\/tarelo-acores-branco\/#local-main-organization-logo"},"sameAs":["https:\/\/www.facebook.com\/garrafeiratourinto","https:\/\/www.instagram.com\/garrafeiratourinto\/"],"telephone":[],"openingHoursSpecification":[{"@type":"OpeningHoursSpecification","dayOfWeek":["Monday","Tuesday","Wednesday","Thursday","Friday","Saturday","Sunday"],"opens":"09:00","closes":"17:00"}]},{"@type":"ImageObject","inLanguage":"en-GB","@id":"https:\/\/www.tourinto.pt\/product\/tarelo-acores-branco\/#local-main-organization-logo","url":"https:\/\/i0.wp.com\/www.tourinto.pt\/wp-content\/uploads\/2022\/07\/tourinto-logo-big.png?fit=1400%2C505&ssl=1","contentUrl":"https:\/\/i0.wp.com\/www.tourinto.pt\/wp-content\/uploads\/2022\/07\/tourinto-logo-big.png?fit=1400%2C505&ssl=1","width":1400,"height":505,"caption":"Tourinto"}]},"product_price_amount":"28.40","product_price_currency":"EUR","og_availability":"instock","product_availability":"instock","product_retailer_item_id":"117.01.2019","product_condition":"new"},"jetpack_publicize_connections":[],"jetpack_sharing_enabled":true,"_links":{"self":[{"href":"https:\/\/www.tourinto.pt\/en\/wp-json\/wp\/v2\/product\/13208","targetHints":{"allow":["GET"]}}],"collection":[{"href":"https:\/\/www.tourinto.pt\/en\/wp-json\/wp\/v2\/product"}],"about":[{"href":"https:\/\/www.tourinto.pt\/en\/wp-json\/wp\/v2\/types\/product"}],"replies":[{"embeddable":true,"href":"https:\/\/www.tourinto.pt\/en\/wp-json\/wp\/v2\/comments?post=13208"}],"wp:featuredmedia":[{"embeddable":true,"href":"https:\/\/www.tourinto.pt\/en\/wp-json\/wp\/v2\/media\/13790"}],"wp:attachment":[{"href":"https:\/\/www.tourinto.pt\/en\/wp-json\/wp\/v2\/media?parent=13208"}],"wp:term":[{"taxonomy":"product_brand","embeddable":true,"href":"https:\/\/www.tourinto.pt\/en\/wp-json\/wp\/v2\/product_brand?post=13208"},{"taxonomy":"product_cat","embeddable":true,"href":"https:\/\/www.tourinto.pt\/en\/wp-json\/wp\/v2\/product_cat?post=13208"},{"taxonomy":"product_tag","embeddable":true,"href":"https:\/\/www.tourinto.pt\/en\/wp-json\/wp\/v2\/product_tag?post=13208"}],"curies":[{"name":"wp","href":"https:\/\/api.w.org\/{rel}","templated":true}]}}