{"id":13095,"date":"2025-07-18T07:23:23","date_gmt":"2025-07-18T07:23:23","guid":{"rendered":"https:\/\/www.tourinto.pt\/?post_type=product&#038;p=13095"},"modified":"2026-03-16T22:11:27","modified_gmt":"2026-03-16T22:11:27","slug":"quinta-de-san-michel-galego-dourado","status":"publish","type":"product","link":"https:\/\/www.tourinto.pt\/en\/product\/quinta-de-san-michel-galego-dourado\/","title":{"rendered":"Quinta de San Michel Galego Dourado"},"content":{"rendered":"<p><strong>Quinta de San Michel Galego Dourado<\/strong><\/p>\n<p><strong>Grape varieties: <\/strong>Galego Dourado.<br \/>\n<strong>Vinification:<\/strong> Manual harvesting, destemming and crushing, followed by direct pressing. Decanting for 24 hours and fermentation in stainless steel for 22 days.<br \/>\n<strong>Aging: <\/strong>For 6 months in used French oak barrels on the lees and 12 months in the bottle.<br \/>\n<strong>Colour: <\/strong>Straw yellow.<strong><br \/>\n<\/strong><b>Aroma: <\/b>Intense and expressive, notes of matchstick, gunpowder and citrus fruits such as mandarin and green apple, as well as hints of freshly cut herbs.\u00a0<b><br \/>\n<strong>Flavour: <\/strong><\/b>Elegance, finesse and freshness, lively acidity and salinity. The texture is enveloping, with good volume in the mouth, in addition to a mineral profile that is refined and very balanced.<\/p>\n<hr style=\"border: #b0976d 1px dotted;\" \/>\n<p><strong>Serve:<\/strong> 10 to 12\u2070<br \/>\n<strong>Consumption: <\/strong>Immediate or storage.<\/p>\n<hr style=\"border: #b0976d 1px dotted;\" \/>\n<p><strong>Harmonisation:<\/strong> Fish dishes, salads and white meats.<\/p>\n<hr style=\"border: #b0976d 1px dotted;\" \/>\n<p><strong>Producer: <\/strong><a href=\"https:\/\/www.tourinto.pt\/en\/produtores\/lisboa\/quinta-de-san-michael\/\">Quinta de San Michel<\/a><\/p>\n<p><strong>Enology: <\/strong>Alexandre Guedes<\/p>\n<p><strong>Category:<\/strong> Portuguese Wines \u2013 <a href=\"https:\/\/www.tourinto.pt\/en\/portugal\/vinhos-de-lisboa\/\">Lisboa<\/a> &#8211; Colares<\/p>\n<p><strong>Awards and Notes:<\/strong><\/p>\n<ul>\n<li><strong>Revista de Vinhos &#8211;<\/strong><\/li>\n<\/ul>\n<p><strong><a href=\"https:\/\/quintadesanmichel.pt\/\"><span style=\"color: #f1f1f1;\">quinta de san michel<\/span><\/a><\/strong><\/p>","protected":false},"excerpt":{"rendered":"<p>Quinta de San Michel Galego Dourado \u00e9 um vinho de nariz \u00e9 intenso e bastante expressivo, com destaque para as notas de f\u00f3sforo e p\u00f3lvora, bem como as notas de tangerina e ervas frescas cortadas.\u00a0 Um vinho elegante, mineral e de grande frescura, para al\u00e9m de salino e com acidez.<\/p>\n<p>Saiba mais sobre a <a href=\"https:\/\/www.tourinto.pt\/produtores\/lisboa\/quinta-de-san-michael\/\">Quinta da San Michel<\/a>.<\/p>\n[contact-form-7 id=\"4433d5d\" title=\"nota Uni\u00e3o Europeia\"]\n","protected":false},"featured_media":13093,"comment_status":"closed","ping_status":"closed","template":"","meta":{"_acf_changed":false,"_joinchat":[],"jetpack_publicize_message":"","jetpack_publicize_feature_enabled":true,"jetpack_social_post_already_shared":true,"jetpack_social_options":{"image_generator_settings":{"template":"highway","default_image_id":0,"font":"","enabled":false},"version":2}},"product_brand":[],"product_cat":[1451,1470,391,297,424,392,113,100,81,1078,44,468],"product_tag":[373,307,294,267,110],"class_list":{"0":"post-13095","1":"product","2":"type-product","3":"status-publish","4":"has-post-thumbnail","6":"product_cat-sushi-e-marisco","7":"product_cat-brancos-atlanticos","8":"product_cat-destaques","9":"product_cat-minima-intervencao","10":"product_cat-vinhos-portugal","11":"product_cat-pequenos-produtores","12":"product_cat-lisboa","13":"product_cat-tipologia","14":"product_cat-regiao","15":"product_cat-galego-dourado","16":"product_cat-produtores","17":"product_cat-quinta-de-san-michael","18":"product_tag-vinho-branco","19":"product_tag-colares","20":"product_tag-minima-intervencao","21":"product_tag-galego-dourado","22":"product_tag-lisboa","23":"pa_ano-422","24":"pa_castas-galego-dourado","25":"pa_categoria-vinhos-portugueses","26":"pa_enologia-alexandre-guedes","27":"pa_harmonizacao-saladas","28":"pa_harmonizacao-carnes-brancas","29":"pa_harmonizacao-peixe","30":"pa_leveduras-indigenas","31":"pa_produtor-quinta-de-san-michel","32":"pa_regiao-lisboa-colares","33":"pa_tipologia-vinho-branco","34":"pa_vinificacao-minima-intervencao","35":"pa_viticultura-sustentavel-protecao-integrada","36":"pa_volume-750ml","38":"first","39":"instock","40":"taxable","41":"shipping-taxable","42":"purchasable","43":"product-type-simple"},"acf":[],"yoast_head":"<!-- This site is optimized with the Yoast SEO Premium plugin v27.5 (Yoast SEO v27.5) - https:\/\/yoast.com\/product\/yoast-seo-premium-wordpress\/ -->\n<title>Quinta de San Michel Galego Dourado - Tourinto Premium Wines<\/title>\n<meta name=\"description\" content=\"Quinta de San Michel Galego Dourado \u00e9 um vinho de nariz \u00e9 intenso e expressivo, com notas de f\u00f3sforo, p\u00f3lvora, tangerina e ervas frescas cortadas.\u00a0\" \/>\n<meta name=\"robots\" content=\"index, follow, max-snippet:-1, max-image-preview:large, max-video-preview:-1\" \/>\n<link rel=\"canonical\" href=\"https:\/\/www.tourinto.pt\/en\/product\/quinta-de-san-michel-galego-dourado\/\" \/>\n<meta property=\"og:locale\" content=\"en_GB\" \/>\n<meta property=\"og:type\" content=\"article\" \/>\n<meta property=\"og:title\" content=\"Quinta de San Michel Galego Dourado\" \/>\n<meta property=\"og:description\" content=\"Quinta de San Michel Galego Dourado \u00e9 um vinho de nariz \u00e9 intenso e expressivo, com notas de f\u00f3sforo, p\u00f3lvora, tangerina e ervas frescas cortadas.\u00a0\" \/>\n<meta property=\"og:url\" content=\"https:\/\/www.tourinto.pt\/en\/product\/quinta-de-san-michel-galego-dourado\/\" \/>\n<meta property=\"og:site_name\" content=\"Tourinto Premium Wines\" \/>\n<meta property=\"article:publisher\" content=\"https:\/\/www.facebook.com\/garrafeiratourinto\" \/>\n<meta property=\"article:modified_time\" content=\"2026-03-16T22:11:27+00:00\" \/>\n<meta property=\"og:image\" content=\"https:\/\/www.tourinto.pt\/wp-content\/uploads\/2025\/07\/Quinta-de-San-Michel-Galego-Dourado.png\" \/>\n\t<meta property=\"og:image:width\" content=\"881\" \/>\n\t<meta property=\"og:image:height\" content=\"1400\" \/>\n\t<meta property=\"og:image:type\" content=\"image\/png\" \/>\n<meta name=\"twitter:card\" content=\"summary_large_image\" \/>\n<meta name=\"twitter:label1\" content=\"Price\" \/>\n\t<meta name=\"twitter:data1\" content=\"33,00&nbsp;&euro;\" \/>\n\t<meta name=\"twitter:label2\" content=\"Availability\" \/>\n\t<meta name=\"twitter:data2\" content=\"In stock\" \/>\n<script type=\"application\/ld+json\" class=\"yoast-schema-graph\">{\"@context\":\"https:\\\/\\\/schema.org\",\"@graph\":[{\"@type\":\"WebPage\",\"@id\":\"https:\\\/\\\/www.tourinto.pt\\\/product\\\/quinta-de-san-michel-galego-dourado\\\/\",\"url\":\"https:\\\/\\\/www.tourinto.pt\\\/product\\\/quinta-de-san-michel-galego-dourado\\\/\",\"name\":\"Quinta de San Michel Galego Dourado - Tourinto Premium Wines\",\"isPartOf\":{\"@id\":\"https:\\\/\\\/www.tourinto.pt\\\/#website\"},\"primaryImageOfPage\":{\"@id\":\"https:\\\/\\\/www.tourinto.pt\\\/product\\\/quinta-de-san-michel-galego-dourado\\\/#primaryimage\"},\"image\":{\"@id\":\"https:\\\/\\\/www.tourinto.pt\\\/product\\\/quinta-de-san-michel-galego-dourado\\\/#primaryimage\"},\"thumbnailUrl\":\"https:\\\/\\\/i0.wp.com\\\/www.tourinto.pt\\\/wp-content\\\/uploads\\\/2025\\\/07\\\/Quinta-de-San-Michel-Galego-Dourado.png?fit=881%2C1400&ssl=1\",\"datePublished\":\"2025-07-18T07:23:23+00:00\",\"dateModified\":\"2026-03-16T22:11:27+00:00\",\"description\":\"Quinta de San Michel Galego Dourado \u00e9 um vinho de nariz \u00e9 intenso e expressivo, com notas de f\u00f3sforo, p\u00f3lvora, tangerina e ervas frescas cortadas.\u00a0\",\"breadcrumb\":{\"@id\":\"https:\\\/\\\/www.tourinto.pt\\\/product\\\/quinta-de-san-michel-galego-dourado\\\/#breadcrumb\"},\"inLanguage\":\"en-GB\",\"potentialAction\":[{\"@type\":\"ReadAction\",\"target\":[\"https:\\\/\\\/www.tourinto.pt\\\/product\\\/quinta-de-san-michel-galego-dourado\\\/\"]}]},{\"@type\":\"ImageObject\",\"inLanguage\":\"en-GB\",\"@id\":\"https:\\\/\\\/www.tourinto.pt\\\/product\\\/quinta-de-san-michel-galego-dourado\\\/#primaryimage\",\"url\":\"https:\\\/\\\/i0.wp.com\\\/www.tourinto.pt\\\/wp-content\\\/uploads\\\/2025\\\/07\\\/Quinta-de-San-Michel-Galego-Dourado.png?fit=881%2C1400&ssl=1\",\"contentUrl\":\"https:\\\/\\\/i0.wp.com\\\/www.tourinto.pt\\\/wp-content\\\/uploads\\\/2025\\\/07\\\/Quinta-de-San-Michel-Galego-Dourado.png?fit=881%2C1400&ssl=1\",\"width\":881,\"height\":1400,\"caption\":\"Quinta de San Michel Galego Dourado, San Michel Vinho Branco, Vinho Branco Galego Dourado\"},{\"@type\":\"BreadcrumbList\",\"@id\":\"https:\\\/\\\/www.tourinto.pt\\\/product\\\/quinta-de-san-michel-galego-dourado\\\/#breadcrumb\",\"itemListElement\":[{\"@type\":\"ListItem\",\"position\":1,\"name\":\"In\u00edcio\",\"item\":\"https:\\\/\\\/www.tourinto.pt\\\/\"},{\"@type\":\"ListItem\",\"position\":2,\"name\":\"Garrafeira on-line\",\"item\":\"https:\\\/\\\/www.tourinto.pt\\\/garrafeira-on-line\\\/\"},{\"@type\":\"ListItem\",\"position\":3,\"name\":\"Quinta de San Michel Galego Dourado\"}]},{\"@type\":\"WebSite\",\"@id\":\"https:\\\/\\\/www.tourinto.pt\\\/#website\",\"url\":\"https:\\\/\\\/www.tourinto.pt\\\/\",\"name\":\"Tourinto Premium Wines\",\"description\":\"Garrafeira on-line\",\"publisher\":{\"@id\":\"https:\\\/\\\/www.tourinto.pt\\\/#organization\"},\"alternateName\":\"Garrafeira on-line\",\"potentialAction\":[{\"@type\":\"SearchAction\",\"target\":{\"@type\":\"EntryPoint\",\"urlTemplate\":\"https:\\\/\\\/www.tourinto.pt\\\/?s={search_term_string}\"},\"query-input\":{\"@type\":\"PropertyValueSpecification\",\"valueRequired\":true,\"valueName\":\"search_term_string\"}}],\"inLanguage\":\"en-GB\"},{\"@type\":[\"Organization\",\"Place\"],\"@id\":\"https:\\\/\\\/www.tourinto.pt\\\/#organization\",\"name\":\"Tourinto\",\"alternateName\":\"Garrafeira Tourinto, Lda.\",\"url\":\"https:\\\/\\\/www.tourinto.pt\\\/\",\"logo\":{\"@id\":\"https:\\\/\\\/www.tourinto.pt\\\/product\\\/quinta-de-san-michel-galego-dourado\\\/#local-main-organization-logo\"},\"image\":{\"@id\":\"https:\\\/\\\/www.tourinto.pt\\\/product\\\/quinta-de-san-michel-galego-dourado\\\/#local-main-organization-logo\"},\"sameAs\":[\"https:\\\/\\\/www.facebook.com\\\/garrafeiratourinto\",\"https:\\\/\\\/www.instagram.com\\\/garrafeiratourinto\\\/\"],\"telephone\":[],\"openingHoursSpecification\":[{\"@type\":\"OpeningHoursSpecification\",\"dayOfWeek\":[\"Monday\",\"Tuesday\",\"Wednesday\",\"Thursday\",\"Friday\",\"Saturday\",\"Sunday\"],\"opens\":\"09:00\",\"closes\":\"17:00\"}]},{\"@type\":\"ImageObject\",\"inLanguage\":\"en-GB\",\"@id\":\"https:\\\/\\\/www.tourinto.pt\\\/product\\\/quinta-de-san-michel-galego-dourado\\\/#local-main-organization-logo\",\"url\":\"https:\\\/\\\/i0.wp.com\\\/www.tourinto.pt\\\/wp-content\\\/uploads\\\/2022\\\/07\\\/tourinto-logo-big.png?fit=1400%2C505&ssl=1\",\"contentUrl\":\"https:\\\/\\\/i0.wp.com\\\/www.tourinto.pt\\\/wp-content\\\/uploads\\\/2022\\\/07\\\/tourinto-logo-big.png?fit=1400%2C505&ssl=1\",\"width\":1400,\"height\":505,\"caption\":\"Tourinto\"}]}<\/script>\n<meta property=\"product:price:amount\" content=\"33.00\" \/>\n<meta property=\"product:price:currency\" content=\"EUR\" \/>\n<meta property=\"og:availability\" content=\"instock\" \/>\n<meta property=\"product:availability\" content=\"instock\" \/>\n<meta property=\"product:retailer_item_id\" content=\"85.09.2023\" \/>\n<meta property=\"product:condition\" content=\"new\" \/>\n<!-- \/ Yoast SEO Premium plugin. -->","yoast_head_json":{"title":"Quinta de San Michel Galego Dourado - Tourinto Premium Wines","description":"Quinta de San Michel Galego Dourado \u00e9 um vinho de nariz \u00e9 intenso e expressivo, com notas de f\u00f3sforo, p\u00f3lvora, tangerina e ervas frescas cortadas.\u00a0","robots":{"index":"index","follow":"follow","max-snippet":"max-snippet:-1","max-image-preview":"max-image-preview:large","max-video-preview":"max-video-preview:-1"},"canonical":"https:\/\/www.tourinto.pt\/en\/product\/quinta-de-san-michel-galego-dourado\/","og_locale":"en_GB","og_type":"article","og_title":"Quinta de San Michel Galego Dourado","og_description":"Quinta de San Michel Galego Dourado \u00e9 um vinho de nariz \u00e9 intenso e expressivo, com notas de f\u00f3sforo, p\u00f3lvora, tangerina e ervas frescas cortadas.\u00a0","og_url":"https:\/\/www.tourinto.pt\/en\/product\/quinta-de-san-michel-galego-dourado\/","og_site_name":"Tourinto Premium Wines","article_publisher":"https:\/\/www.facebook.com\/garrafeiratourinto","article_modified_time":"2026-03-16T22:11:27+00:00","og_image":[{"width":881,"height":1400,"url":"https:\/\/www.tourinto.pt\/wp-content\/uploads\/2025\/07\/Quinta-de-San-Michel-Galego-Dourado.png","type":"image\/png"}],"twitter_card":"summary_large_image","twitter_misc":{"Price":"33,00&nbsp;&euro;","Availability":"In stock"},"schema":{"@context":"https:\/\/schema.org","@graph":[{"@type":"WebPage","@id":"https:\/\/www.tourinto.pt\/product\/quinta-de-san-michel-galego-dourado\/","url":"https:\/\/www.tourinto.pt\/product\/quinta-de-san-michel-galego-dourado\/","name":"Quinta de San Michel Galego Dourado - Tourinto Premium Wines","isPartOf":{"@id":"https:\/\/www.tourinto.pt\/#website"},"primaryImageOfPage":{"@id":"https:\/\/www.tourinto.pt\/product\/quinta-de-san-michel-galego-dourado\/#primaryimage"},"image":{"@id":"https:\/\/www.tourinto.pt\/product\/quinta-de-san-michel-galego-dourado\/#primaryimage"},"thumbnailUrl":"https:\/\/i0.wp.com\/www.tourinto.pt\/wp-content\/uploads\/2025\/07\/Quinta-de-San-Michel-Galego-Dourado.png?fit=881%2C1400&ssl=1","datePublished":"2025-07-18T07:23:23+00:00","dateModified":"2026-03-16T22:11:27+00:00","description":"Quinta de San Michel Galego Dourado \u00e9 um vinho de nariz \u00e9 intenso e expressivo, com notas de f\u00f3sforo, p\u00f3lvora, tangerina e ervas frescas cortadas.\u00a0","breadcrumb":{"@id":"https:\/\/www.tourinto.pt\/product\/quinta-de-san-michel-galego-dourado\/#breadcrumb"},"inLanguage":"en-GB","potentialAction":[{"@type":"ReadAction","target":["https:\/\/www.tourinto.pt\/product\/quinta-de-san-michel-galego-dourado\/"]}]},{"@type":"ImageObject","inLanguage":"en-GB","@id":"https:\/\/www.tourinto.pt\/product\/quinta-de-san-michel-galego-dourado\/#primaryimage","url":"https:\/\/i0.wp.com\/www.tourinto.pt\/wp-content\/uploads\/2025\/07\/Quinta-de-San-Michel-Galego-Dourado.png?fit=881%2C1400&ssl=1","contentUrl":"https:\/\/i0.wp.com\/www.tourinto.pt\/wp-content\/uploads\/2025\/07\/Quinta-de-San-Michel-Galego-Dourado.png?fit=881%2C1400&ssl=1","width":881,"height":1400,"caption":"Quinta de San Michel Galego Dourado, San Michel Vinho Branco, Vinho Branco Galego Dourado"},{"@type":"BreadcrumbList","@id":"https:\/\/www.tourinto.pt\/product\/quinta-de-san-michel-galego-dourado\/#breadcrumb","itemListElement":[{"@type":"ListItem","position":1,"name":"In\u00edcio","item":"https:\/\/www.tourinto.pt\/"},{"@type":"ListItem","position":2,"name":"Garrafeira on-line","item":"https:\/\/www.tourinto.pt\/garrafeira-on-line\/"},{"@type":"ListItem","position":3,"name":"Quinta de San Michel Galego Dourado"}]},{"@type":"WebSite","@id":"https:\/\/www.tourinto.pt\/#website","url":"https:\/\/www.tourinto.pt\/","name":"Tourinto Premium Wines","description":"Wine Shop online","publisher":{"@id":"https:\/\/www.tourinto.pt\/#organization"},"alternateName":"Garrafeira on-line","potentialAction":[{"@type":"SearchAction","target":{"@type":"EntryPoint","urlTemplate":"https:\/\/www.tourinto.pt\/?s={search_term_string}"},"query-input":{"@type":"PropertyValueSpecification","valueRequired":true,"valueName":"search_term_string"}}],"inLanguage":"en-GB"},{"@type":["Organization","Place"],"@id":"https:\/\/www.tourinto.pt\/#organization","name":"Tourinto","alternateName":"Garrafeira Tourinto, Lda.","url":"https:\/\/www.tourinto.pt\/","logo":{"@id":"https:\/\/www.tourinto.pt\/product\/quinta-de-san-michel-galego-dourado\/#local-main-organization-logo"},"image":{"@id":"https:\/\/www.tourinto.pt\/product\/quinta-de-san-michel-galego-dourado\/#local-main-organization-logo"},"sameAs":["https:\/\/www.facebook.com\/garrafeiratourinto","https:\/\/www.instagram.com\/garrafeiratourinto\/"],"telephone":[],"openingHoursSpecification":[{"@type":"OpeningHoursSpecification","dayOfWeek":["Monday","Tuesday","Wednesday","Thursday","Friday","Saturday","Sunday"],"opens":"09:00","closes":"17:00"}]},{"@type":"ImageObject","inLanguage":"en-GB","@id":"https:\/\/www.tourinto.pt\/product\/quinta-de-san-michel-galego-dourado\/#local-main-organization-logo","url":"https:\/\/i0.wp.com\/www.tourinto.pt\/wp-content\/uploads\/2022\/07\/tourinto-logo-big.png?fit=1400%2C505&ssl=1","contentUrl":"https:\/\/i0.wp.com\/www.tourinto.pt\/wp-content\/uploads\/2022\/07\/tourinto-logo-big.png?fit=1400%2C505&ssl=1","width":1400,"height":505,"caption":"Tourinto"}]},"product_price_amount":"33.00","product_price_currency":"EUR","og_availability":"instock","product_availability":"instock","product_retailer_item_id":"85.09.2023","product_condition":"new"},"jetpack_publicize_connections":[],"jetpack_sharing_enabled":true,"_links":{"self":[{"href":"https:\/\/www.tourinto.pt\/en\/wp-json\/wp\/v2\/product\/13095","targetHints":{"allow":["GET"]}}],"collection":[{"href":"https:\/\/www.tourinto.pt\/en\/wp-json\/wp\/v2\/product"}],"about":[{"href":"https:\/\/www.tourinto.pt\/en\/wp-json\/wp\/v2\/types\/product"}],"replies":[{"embeddable":true,"href":"https:\/\/www.tourinto.pt\/en\/wp-json\/wp\/v2\/comments?post=13095"}],"wp:featuredmedia":[{"embeddable":true,"href":"https:\/\/www.tourinto.pt\/en\/wp-json\/wp\/v2\/media\/13093"}],"wp:attachment":[{"href":"https:\/\/www.tourinto.pt\/en\/wp-json\/wp\/v2\/media?parent=13095"}],"wp:term":[{"taxonomy":"product_brand","embeddable":true,"href":"https:\/\/www.tourinto.pt\/en\/wp-json\/wp\/v2\/product_brand?post=13095"},{"taxonomy":"product_cat","embeddable":true,"href":"https:\/\/www.tourinto.pt\/en\/wp-json\/wp\/v2\/product_cat?post=13095"},{"taxonomy":"product_tag","embeddable":true,"href":"https:\/\/www.tourinto.pt\/en\/wp-json\/wp\/v2\/product_tag?post=13095"}],"curies":[{"name":"wp","href":"https:\/\/api.w.org\/{rel}","templated":true}]}}