{"id":12871,"date":"2025-05-23T14:21:52","date_gmt":"2025-05-23T14:21:52","guid":{"rendered":"https:\/\/www.tourinto.pt\/?post_type=product&#038;p=12871"},"modified":"2026-03-16T22:12:58","modified_gmt":"2026-03-16T22:12:58","slug":"pegaso-blend-edition","status":"publish","type":"product","link":"https:\/\/www.tourinto.pt\/en\/product\/pegaso-blend-edition\/","title":{"rendered":"P\u00e9gaso Blend Edition"},"content":{"rendered":"<div class=\"wpb-content-wrapper\"><div data-vc-full-width=\"true\" data-vc-full-width-init=\"false\" class=\"vc_row wpb_row vc_row-fluid vc_custom_1656585076455 vc_row-has-fill\"><div class=\"wpb_column vc_column_container vc_col-sm-12\"><div class=\"vc_column-inner\"><div class=\"wpb_wrapper\"><div class=\"vc_tta-container\" data-vc-action=\"collapse\"><div class=\"vc_general vc_tta vc_tta-tabs vc_tta-color-black vc_tta-style-flat vc_tta-shape-square vc_tta-spacing-1 vc_tta-o-no-fill vc_tta-tabs-position-top vc_tta-controls-align-left\"><div class=\"vc_tta-tabs-container\"><ul class=\"vc_tta-tabs-list\" role=\"tablist\"><li class=\"vc_tta-tab vc_active\" data-vc-tab role=\"presentation\"><a href=\"#1656584484701-0e478312-357c\" data-vc-tabs data-vc-container=\".vc_tta\" role=\"tab\" aria-selected=\"false\" id=\"tab-1656584484701-0e478312-357c\"><i class=\"vc_tta-icon vc-oi vc-oi-article\"><\/i><span class=\"vc_tta-title-text\">Description<\/span><\/a><\/li><\/ul><\/div><div class=\"vc_tta-panels-container\"><div class=\"vc_tta-panels\"><div class=\"vc_tta-panel vc_active\" id=\"1656584484701-0e478312-357c\" data-vc-content=\".vc_tta-panel-body\"><div class=\"vc_tta-panel-heading\"><h4 class=\"vc_tta-panel-title\"><a href=\"#1656584484701-0e478312-357c\" data-vc-accordion data-vc-container=\".vc_tta-container\"><i class=\"vc_tta-icon vc-oi vc-oi-article\"><\/i><span class=\"vc_tta-title-text\">Description<\/span><\/a><\/h4><\/div><div class=\"vc_tta-panel-body\">\n\t<div class=\"wpb_text_column wpb_content_element\" >\n\t\t<div class=\"wpb_wrapper\">\n\t\t\t<p><strong>P\u00e9gaso Blend Edition Tinto<\/strong><\/p>\n<p><strong>Grape varieties:<\/strong> Merlot and Cabernet Sauvignon.<br \/>\n<strong>Vinification:<\/strong> Cold pre- and post-fermentation maceration, fermenting at a controlled temperature. After malolactic fermentation, it was transferred to new French oak barrels.<br \/>\n<strong>Aging:<\/strong> 14 months in used French oak barrels.<br \/>\n<strong>Colour:<\/strong> Intense garnet.<br \/>\n<strong>Aroma:<\/strong> A closed nose that needs airing out to reveal notes of ripe red fruit, lots of freshness on the whole, as well as toasted notes from the barrels, balsamic and some spicy notes.<br \/>\n<strong>Flavour:<\/strong> A full and enveloping wine, but at the same time elegant, which is still very austere.<\/p>\n<hr style=\"border: #b0976d 1px dotted\" \/>\n<p><strong>Serve:<\/strong> 16 to 18\u2070<br \/>\n<strong>Consumption:<\/strong> Storage.<\/p>\n<hr style=\"border: #b0976d 1px dotted\" \/>\n<p><strong>Harmonisation: <\/strong>Oven-roasted meat, black pork feathers, lamb stew.<\/p>\n<hr style=\"border: #b0976d 1px dotted\" \/>\n<p><strong>Producer:<\/strong> <a href=\"https:\/\/www.tourinto.pt\/en\/produtores\/alentejo\/fabio-fernandes\/\">F\u00e1bio Fernades<\/a><\/p>\n<p><strong>Oenology<\/strong>: F\u00e1bio Fernandes<\/p>\n<p><strong>Category: <\/strong>Portuguese Wines \u2013 <a href=\"https:\/\/www.tourinto.pt\/en\/portugal\/vinhos-do-alentejo\/\">Alentejo<\/a><\/p>\n<p><strong>Awards and Notes:<\/strong><\/p>\n<ul>\n<li><strong>Revista de Vinhos <\/strong>&#8211; 92\/100<\/li>\n<li><strong>Grandes Escolhas &#8211;<\/strong> 18\/20<\/li>\n<\/ul>\n<p><a href=\"https:\/\/couteiro-mor.pt\/\"><span style=\"color: #f1f1f1\">fabio fernandes<\/span><\/a><\/p>\n\n\t\t<\/div>\n\t<\/div>\n<\/div><\/div><\/div><\/div><\/div><\/div><\/div><\/div><\/div><\/div><div class=\"vc_row-full-width vc_clearfix\"><\/div><div data-vc-full-width=\"true\" data-vc-full-width-init=\"false\" data-vc-stretch-content=\"true\" class=\"vc_row wpb_row vc_row-fluid vc_row-no-padding\"><div class=\"wpb_column vc_column_container vc_col-sm-12\"><div class=\"vc_column-inner\"><div class=\"wpb_wrapper\">\n<div class=\"vc_grid-container-wrapper vc_clearfix vc_grid-animation-fadeIn\">\n\t<div class=\"vc_grid-container vc_clearfix wpb_content_element vc_media_grid\" data-initial-loading-animation=\"fadeIn\" data-vc-grid-settings=\"{&quot;page_id&quot;:12871,&quot;style&quot;:&quot;all&quot;,&quot;action&quot;:&quot;vc_get_vc_grid_data&quot;,&quot;shortcode_id&quot;:&quot;1762424367722-7b8a8b8c-3d1b-6&quot;,&quot;tag&quot;:&quot;vc_media_grid&quot;}\" data-vc-request=\"https:\/\/www.tourinto.pt\/wp-admin\/admin-ajax.php\" data-vc-post-id=\"12871\" data-vc-public-nonce=\"77911c1275\">\n\t\t\n\t<\/div>\n<\/div><\/div><\/div><\/div><\/div><div class=\"vc_row-full-width vc_clearfix\"><\/div>\n<\/div>","protected":false},"excerpt":{"rendered":"<p class=\"ai-optimize-12\">P\u00e9gaso Blend Edition Tinto \u00e9 na edi\u00e7\u00e3o de 2023 um Merlot \/ Cabernet Sauvignon com notas de fruta vermelha madura, muita frescura no conjunto, para al\u00e9m dos laivos tostados da barrica, bals\u00e2mico e especiado. Um vinho cheio e envolvente, mas ao mesmo tempo elegante e muito gastron\u00f3mico.<\/p>\n<p class=\"ai-optimize-13\">Saiba mais sobre <a href=\"https:\/\/www.tourinto.pt\/produtores\/alentejo\/fabio-fernandes\/\">F\u00e1bio Fernades<\/a>.<\/p>\n<p class=\"ai-optimize-14\">[contact-form-7 id=\"4433d5d\" title=\"nota Uni\u00e3o Europeia\"]<\/p>\n","protected":false},"featured_media":13838,"comment_status":"closed","ping_status":"closed","template":"","meta":{"_acf_changed":false,"_joinchat":[],"jetpack_publicize_message":"","jetpack_publicize_feature_enabled":true,"jetpack_social_post_already_shared":true,"jetpack_social_options":{"image_generator_settings":{"template":"highway","default_image_id":0,"font":"","enabled":false},"version":2}},"product_brand":[],"product_cat":[391,1052,17,83,424,392,100,81,44,142],"product_tag":[355,372,294,73,39],"class_list":{"0":"post-12871","1":"product","2":"type-product","3":"status-publish","4":"has-post-thumbnail","6":"product_cat-destaques","7":"product_cat-blend-tintos","8":"product_cat-vinho-tinto","9":"product_cat-alentejo","10":"product_cat-vinhos-portugal","11":"product_cat-pequenos-produtores","12":"product_cat-tipologia","13":"product_cat-regiao","14":"product_cat-produtores","15":"product_cat-fabio-fernandes","16":"product_tag-merlot","17":"product_tag-vinho-tinto","18":"product_tag-minima-intervencao","19":"product_tag-cabernet-sauvignon","20":"product_tag-alentejo","21":"pa_ano-422","22":"pa_castas-merlot","23":"pa_castas-cabernet-sauvignon","24":"pa_categoria-vinhos-portugueses","25":"pa_enologia-fabio-fernandes","26":"pa_harmonizacao-carnes-vermelhas","27":"pa_harmonizacao-carnes-assadas","28":"pa_harmonizacao-gastronomia-alentejana","29":"pa_leveduras-selecionadas","30":"pa_produtor-fabio-fernandes","31":"pa_regiao-alentejo","32":"pa_tipologia-vinho-tinto","33":"pa_vinificacao-minima-intervencao","34":"pa_viticultura-sustentavel","35":"pa_volume-750ml","37":"first","38":"instock","39":"taxable","40":"shipping-taxable","41":"purchasable","42":"product-type-simple"},"acf":[],"yoast_head":"<!-- This site is optimized with the Yoast SEO Premium plugin v27.4 (Yoast SEO v27.4) - https:\/\/yoast.com\/product\/yoast-seo-premium-wordpress\/ -->\n<title>P\u00e9gaso Blend Edition - Tourinto Premium Wines<\/title>\n<meta name=\"description\" content=\"P\u00e9gaso Blend Edition Tinto \u00e9 um Merlot Cabernet Sauvignon, com notas de fruta vermelha madura, leve tosta e bals\u00e2mico, fresco, cheio e envolvente.\" \/>\n<meta name=\"robots\" content=\"index, follow, max-snippet:-1, max-image-preview:large, max-video-preview:-1\" \/>\n<link rel=\"canonical\" href=\"https:\/\/www.tourinto.pt\/en\/product\/pegaso-blend-edition\/\" \/>\n<meta property=\"og:locale\" content=\"en_GB\" \/>\n<meta property=\"og:type\" content=\"article\" \/>\n<meta property=\"og:title\" content=\"P\u00e9gaso Blend Edition\" \/>\n<meta property=\"og:description\" content=\"P\u00e9gaso Blend Edition Tinto \u00e9 um Merlot Cabernet Sauvignon, com notas de fruta vermelha madura, leve tosta e bals\u00e2mico, fresco, cheio e envolvente.\" \/>\n<meta property=\"og:url\" content=\"https:\/\/www.tourinto.pt\/en\/product\/pegaso-blend-edition\/\" \/>\n<meta property=\"og:site_name\" content=\"Tourinto Premium Wines\" \/>\n<meta property=\"article:publisher\" content=\"https:\/\/www.facebook.com\/garrafeiratourinto\" \/>\n<meta property=\"article:modified_time\" content=\"2026-03-16T22:12:58+00:00\" \/>\n<meta property=\"og:image\" content=\"https:\/\/www.tourinto.pt\/wp-content\/uploads\/2025\/05\/Pegaso-Blend-Edition.webp\" \/>\n\t<meta property=\"og:image:width\" content=\"881\" \/>\n\t<meta property=\"og:image:height\" content=\"1400\" \/>\n\t<meta property=\"og:image:type\" content=\"image\/webp\" \/>\n<meta name=\"twitter:card\" content=\"summary_large_image\" \/>\n<meta name=\"twitter:label1\" content=\"Price\" \/>\n\t<meta name=\"twitter:data1\" content=\"33,99&nbsp;&euro;\" \/>\n\t<meta name=\"twitter:label2\" content=\"Availability\" \/>\n\t<meta name=\"twitter:data2\" content=\"In stock\" \/>\n<script type=\"application\/ld+json\" class=\"yoast-schema-graph\">{\"@context\":\"https:\\\/\\\/schema.org\",\"@graph\":[{\"@type\":\"WebPage\",\"@id\":\"https:\\\/\\\/www.tourinto.pt\\\/product\\\/pegaso-blend-edition\\\/\",\"url\":\"https:\\\/\\\/www.tourinto.pt\\\/product\\\/pegaso-blend-edition\\\/\",\"name\":\"P\u00e9gaso Blend Edition - Tourinto Premium Wines\",\"isPartOf\":{\"@id\":\"https:\\\/\\\/www.tourinto.pt\\\/#website\"},\"primaryImageOfPage\":{\"@id\":\"https:\\\/\\\/www.tourinto.pt\\\/product\\\/pegaso-blend-edition\\\/#primaryimage\"},\"image\":{\"@id\":\"https:\\\/\\\/www.tourinto.pt\\\/product\\\/pegaso-blend-edition\\\/#primaryimage\"},\"thumbnailUrl\":\"https:\\\/\\\/i0.wp.com\\\/www.tourinto.pt\\\/wp-content\\\/uploads\\\/2025\\\/05\\\/Pegaso-Blend-Edition.webp?fit=881%2C1400&ssl=1\",\"datePublished\":\"2025-05-23T14:21:52+00:00\",\"dateModified\":\"2026-03-16T22:12:58+00:00\",\"description\":\"P\u00e9gaso Blend Edition Tinto \u00e9 um Merlot Cabernet Sauvignon, com notas de fruta vermelha madura, leve tosta e bals\u00e2mico, fresco, cheio e envolvente.\",\"breadcrumb\":{\"@id\":\"https:\\\/\\\/www.tourinto.pt\\\/product\\\/pegaso-blend-edition\\\/#breadcrumb\"},\"inLanguage\":\"en-GB\",\"potentialAction\":[{\"@type\":\"ReadAction\",\"target\":[\"https:\\\/\\\/www.tourinto.pt\\\/product\\\/pegaso-blend-edition\\\/\"]}]},{\"@type\":\"ImageObject\",\"inLanguage\":\"en-GB\",\"@id\":\"https:\\\/\\\/www.tourinto.pt\\\/product\\\/pegaso-blend-edition\\\/#primaryimage\",\"url\":\"https:\\\/\\\/i0.wp.com\\\/www.tourinto.pt\\\/wp-content\\\/uploads\\\/2025\\\/05\\\/Pegaso-Blend-Edition.webp?fit=881%2C1400&ssl=1\",\"contentUrl\":\"https:\\\/\\\/i0.wp.com\\\/www.tourinto.pt\\\/wp-content\\\/uploads\\\/2025\\\/05\\\/Pegaso-Blend-Edition.webp?fit=881%2C1400&ssl=1\",\"width\":881,\"height\":1400,\"caption\":\"P\u00e9gaso Tinto, P\u00e9gaso Vinho Tinto, P\u00e9gaso Merlot e Cabernet, F\u00e1bio Fernandes P\u00e9gaso, Vinhos P\u00e9gaso, P\u00e9gaso Alentejo\"},{\"@type\":\"BreadcrumbList\",\"@id\":\"https:\\\/\\\/www.tourinto.pt\\\/product\\\/pegaso-blend-edition\\\/#breadcrumb\",\"itemListElement\":[{\"@type\":\"ListItem\",\"position\":1,\"name\":\"In\u00edcio\",\"item\":\"https:\\\/\\\/www.tourinto.pt\\\/\"},{\"@type\":\"ListItem\",\"position\":2,\"name\":\"Garrafeira on-line\",\"item\":\"https:\\\/\\\/www.tourinto.pt\\\/garrafeira-on-line\\\/\"},{\"@type\":\"ListItem\",\"position\":3,\"name\":\"P\u00e9gaso Blend Edition\"}]},{\"@type\":\"WebSite\",\"@id\":\"https:\\\/\\\/www.tourinto.pt\\\/#website\",\"url\":\"https:\\\/\\\/www.tourinto.pt\\\/\",\"name\":\"Tourinto Premium Wines\",\"description\":\"Garrafeira on-line\",\"publisher\":{\"@id\":\"https:\\\/\\\/www.tourinto.pt\\\/#organization\"},\"alternateName\":\"Garrafeira on-line\",\"potentialAction\":[{\"@type\":\"SearchAction\",\"target\":{\"@type\":\"EntryPoint\",\"urlTemplate\":\"https:\\\/\\\/www.tourinto.pt\\\/?s={search_term_string}\"},\"query-input\":{\"@type\":\"PropertyValueSpecification\",\"valueRequired\":true,\"valueName\":\"search_term_string\"}}],\"inLanguage\":\"en-GB\"},{\"@type\":[\"Organization\",\"Place\"],\"@id\":\"https:\\\/\\\/www.tourinto.pt\\\/#organization\",\"name\":\"Tourinto\",\"alternateName\":\"Garrafeira Tourinto, Lda.\",\"url\":\"https:\\\/\\\/www.tourinto.pt\\\/\",\"logo\":{\"@id\":\"https:\\\/\\\/www.tourinto.pt\\\/product\\\/pegaso-blend-edition\\\/#local-main-organization-logo\"},\"image\":{\"@id\":\"https:\\\/\\\/www.tourinto.pt\\\/product\\\/pegaso-blend-edition\\\/#local-main-organization-logo\"},\"sameAs\":[\"https:\\\/\\\/www.facebook.com\\\/garrafeiratourinto\",\"https:\\\/\\\/www.instagram.com\\\/garrafeiratourinto\\\/\"],\"telephone\":[],\"openingHoursSpecification\":[{\"@type\":\"OpeningHoursSpecification\",\"dayOfWeek\":[\"Monday\",\"Tuesday\",\"Wednesday\",\"Thursday\",\"Friday\",\"Saturday\",\"Sunday\"],\"opens\":\"09:00\",\"closes\":\"17:00\"}]},{\"@type\":\"ImageObject\",\"inLanguage\":\"en-GB\",\"@id\":\"https:\\\/\\\/www.tourinto.pt\\\/product\\\/pegaso-blend-edition\\\/#local-main-organization-logo\",\"url\":\"https:\\\/\\\/i0.wp.com\\\/www.tourinto.pt\\\/wp-content\\\/uploads\\\/2022\\\/07\\\/tourinto-logo-big.png?fit=1400%2C505&ssl=1\",\"contentUrl\":\"https:\\\/\\\/i0.wp.com\\\/www.tourinto.pt\\\/wp-content\\\/uploads\\\/2022\\\/07\\\/tourinto-logo-big.png?fit=1400%2C505&ssl=1\",\"width\":1400,\"height\":505,\"caption\":\"Tourinto\"}]}<\/script>\n<meta property=\"product:price:amount\" content=\"33.99\" \/>\n<meta property=\"product:price:currency\" content=\"EUR\" \/>\n<meta property=\"og:availability\" content=\"instock\" \/>\n<meta property=\"product:availability\" content=\"instock\" \/>\n<meta property=\"product:retailer_item_id\" content=\"14.09.2023\" \/>\n<meta property=\"product:condition\" content=\"new\" \/>\n<!-- \/ Yoast SEO Premium plugin. -->","yoast_head_json":{"title":"P\u00e9gaso Blend Edition - Tourinto Premium Wines","description":"P\u00e9gaso Blend Edition Tinto \u00e9 um Merlot Cabernet Sauvignon, com notas de fruta vermelha madura, leve tosta e bals\u00e2mico, fresco, cheio e envolvente.","robots":{"index":"index","follow":"follow","max-snippet":"max-snippet:-1","max-image-preview":"max-image-preview:large","max-video-preview":"max-video-preview:-1"},"canonical":"https:\/\/www.tourinto.pt\/en\/product\/pegaso-blend-edition\/","og_locale":"en_GB","og_type":"article","og_title":"P\u00e9gaso Blend Edition","og_description":"P\u00e9gaso Blend Edition Tinto \u00e9 um Merlot Cabernet Sauvignon, com notas de fruta vermelha madura, leve tosta e bals\u00e2mico, fresco, cheio e envolvente.","og_url":"https:\/\/www.tourinto.pt\/en\/product\/pegaso-blend-edition\/","og_site_name":"Tourinto Premium Wines","article_publisher":"https:\/\/www.facebook.com\/garrafeiratourinto","article_modified_time":"2026-03-16T22:12:58+00:00","og_image":[{"width":881,"height":1400,"url":"https:\/\/www.tourinto.pt\/wp-content\/uploads\/2025\/05\/Pegaso-Blend-Edition.webp","type":"image\/webp"}],"twitter_card":"summary_large_image","twitter_misc":{"Price":"33,99&nbsp;&euro;","Availability":"In stock"},"schema":{"@context":"https:\/\/schema.org","@graph":[{"@type":"WebPage","@id":"https:\/\/www.tourinto.pt\/product\/pegaso-blend-edition\/","url":"https:\/\/www.tourinto.pt\/product\/pegaso-blend-edition\/","name":"P\u00e9gaso Blend Edition - Tourinto Premium Wines","isPartOf":{"@id":"https:\/\/www.tourinto.pt\/#website"},"primaryImageOfPage":{"@id":"https:\/\/www.tourinto.pt\/product\/pegaso-blend-edition\/#primaryimage"},"image":{"@id":"https:\/\/www.tourinto.pt\/product\/pegaso-blend-edition\/#primaryimage"},"thumbnailUrl":"https:\/\/i0.wp.com\/www.tourinto.pt\/wp-content\/uploads\/2025\/05\/Pegaso-Blend-Edition.webp?fit=881%2C1400&ssl=1","datePublished":"2025-05-23T14:21:52+00:00","dateModified":"2026-03-16T22:12:58+00:00","description":"P\u00e9gaso Blend Edition Tinto \u00e9 um Merlot Cabernet Sauvignon, com notas de fruta vermelha madura, leve tosta e bals\u00e2mico, fresco, cheio e envolvente.","breadcrumb":{"@id":"https:\/\/www.tourinto.pt\/product\/pegaso-blend-edition\/#breadcrumb"},"inLanguage":"en-GB","potentialAction":[{"@type":"ReadAction","target":["https:\/\/www.tourinto.pt\/product\/pegaso-blend-edition\/"]}]},{"@type":"ImageObject","inLanguage":"en-GB","@id":"https:\/\/www.tourinto.pt\/product\/pegaso-blend-edition\/#primaryimage","url":"https:\/\/i0.wp.com\/www.tourinto.pt\/wp-content\/uploads\/2025\/05\/Pegaso-Blend-Edition.webp?fit=881%2C1400&ssl=1","contentUrl":"https:\/\/i0.wp.com\/www.tourinto.pt\/wp-content\/uploads\/2025\/05\/Pegaso-Blend-Edition.webp?fit=881%2C1400&ssl=1","width":881,"height":1400,"caption":"P\u00e9gaso Tinto, P\u00e9gaso Vinho Tinto, P\u00e9gaso Merlot e Cabernet, F\u00e1bio Fernandes P\u00e9gaso, Vinhos P\u00e9gaso, P\u00e9gaso Alentejo"},{"@type":"BreadcrumbList","@id":"https:\/\/www.tourinto.pt\/product\/pegaso-blend-edition\/#breadcrumb","itemListElement":[{"@type":"ListItem","position":1,"name":"In\u00edcio","item":"https:\/\/www.tourinto.pt\/"},{"@type":"ListItem","position":2,"name":"Garrafeira on-line","item":"https:\/\/www.tourinto.pt\/garrafeira-on-line\/"},{"@type":"ListItem","position":3,"name":"P\u00e9gaso Blend Edition"}]},{"@type":"WebSite","@id":"https:\/\/www.tourinto.pt\/#website","url":"https:\/\/www.tourinto.pt\/","name":"Tourinto Premium Wines","description":"Wine Shop online","publisher":{"@id":"https:\/\/www.tourinto.pt\/#organization"},"alternateName":"Garrafeira on-line","potentialAction":[{"@type":"SearchAction","target":{"@type":"EntryPoint","urlTemplate":"https:\/\/www.tourinto.pt\/?s={search_term_string}"},"query-input":{"@type":"PropertyValueSpecification","valueRequired":true,"valueName":"search_term_string"}}],"inLanguage":"en-GB"},{"@type":["Organization","Place"],"@id":"https:\/\/www.tourinto.pt\/#organization","name":"Tourinto","alternateName":"Garrafeira Tourinto, Lda.","url":"https:\/\/www.tourinto.pt\/","logo":{"@id":"https:\/\/www.tourinto.pt\/product\/pegaso-blend-edition\/#local-main-organization-logo"},"image":{"@id":"https:\/\/www.tourinto.pt\/product\/pegaso-blend-edition\/#local-main-organization-logo"},"sameAs":["https:\/\/www.facebook.com\/garrafeiratourinto","https:\/\/www.instagram.com\/garrafeiratourinto\/"],"telephone":[],"openingHoursSpecification":[{"@type":"OpeningHoursSpecification","dayOfWeek":["Monday","Tuesday","Wednesday","Thursday","Friday","Saturday","Sunday"],"opens":"09:00","closes":"17:00"}]},{"@type":"ImageObject","inLanguage":"en-GB","@id":"https:\/\/www.tourinto.pt\/product\/pegaso-blend-edition\/#local-main-organization-logo","url":"https:\/\/i0.wp.com\/www.tourinto.pt\/wp-content\/uploads\/2022\/07\/tourinto-logo-big.png?fit=1400%2C505&ssl=1","contentUrl":"https:\/\/i0.wp.com\/www.tourinto.pt\/wp-content\/uploads\/2022\/07\/tourinto-logo-big.png?fit=1400%2C505&ssl=1","width":1400,"height":505,"caption":"Tourinto"}]},"product_price_amount":"33.99","product_price_currency":"EUR","og_availability":"instock","product_availability":"instock","product_retailer_item_id":"14.09.2023","product_condition":"new"},"jetpack_publicize_connections":[],"jetpack_sharing_enabled":true,"_links":{"self":[{"href":"https:\/\/www.tourinto.pt\/en\/wp-json\/wp\/v2\/product\/12871","targetHints":{"allow":["GET"]}}],"collection":[{"href":"https:\/\/www.tourinto.pt\/en\/wp-json\/wp\/v2\/product"}],"about":[{"href":"https:\/\/www.tourinto.pt\/en\/wp-json\/wp\/v2\/types\/product"}],"replies":[{"embeddable":true,"href":"https:\/\/www.tourinto.pt\/en\/wp-json\/wp\/v2\/comments?post=12871"}],"wp:featuredmedia":[{"embeddable":true,"href":"https:\/\/www.tourinto.pt\/en\/wp-json\/wp\/v2\/media\/13838"}],"wp:attachment":[{"href":"https:\/\/www.tourinto.pt\/en\/wp-json\/wp\/v2\/media?parent=12871"}],"wp:term":[{"taxonomy":"product_brand","embeddable":true,"href":"https:\/\/www.tourinto.pt\/en\/wp-json\/wp\/v2\/product_brand?post=12871"},{"taxonomy":"product_cat","embeddable":true,"href":"https:\/\/www.tourinto.pt\/en\/wp-json\/wp\/v2\/product_cat?post=12871"},{"taxonomy":"product_tag","embeddable":true,"href":"https:\/\/www.tourinto.pt\/en\/wp-json\/wp\/v2\/product_tag?post=12871"}],"curies":[{"name":"wp","href":"https:\/\/api.w.org\/{rel}","templated":true}]}}