{"id":12668,"date":"2025-05-02T15:42:01","date_gmt":"2025-05-02T15:42:01","guid":{"rendered":"https:\/\/www.tourinto.pt\/?post_type=product&#038;p=12668"},"modified":"2025-12-13T12:54:23","modified_gmt":"2025-12-13T12:54:23","slug":"quinta-do-paral-origem-antao-vaz","status":"publish","type":"product","link":"https:\/\/www.tourinto.pt\/en\/product\/quinta-do-paral-origem-antao-vaz\/","title":{"rendered":"Quinta do Paral Origem Ant\u00e3o Vaz"},"content":{"rendered":"<div class=\"wpb-content-wrapper\"><div data-vc-full-width=\"true\" data-vc-full-width-init=\"false\" class=\"vc_row wpb_row vc_row-fluid vc_custom_1656585076455 vc_row-has-fill\"><div class=\"wpb_column vc_column_container vc_col-sm-12\"><div class=\"vc_column-inner\"><div class=\"wpb_wrapper\"><div class=\"vc_tta-container\" data-vc-action=\"collapse\"><div class=\"vc_general vc_tta vc_tta-tabs vc_tta-color-black vc_tta-style-flat vc_tta-shape-square vc_tta-spacing-1 vc_tta-o-no-fill vc_tta-tabs-position-top vc_tta-controls-align-left\"><div class=\"vc_tta-tabs-container\"><ul class=\"vc_tta-tabs-list\" role=\"tablist\"><li class=\"vc_tta-tab vc_active\" data-vc-tab role=\"presentation\"><a href=\"#1656584484701-0e478312-357c\" data-vc-tabs data-vc-container=\".vc_tta\" role=\"tab\" aria-selected=\"false\" id=\"tab-1656584484701-0e478312-357c\"><i class=\"vc_tta-icon vc-oi vc-oi-article\"><\/i><span class=\"vc_tta-title-text\">Description<\/span><\/a><\/li><\/ul><\/div><div class=\"vc_tta-panels-container\"><div class=\"vc_tta-panels\"><div class=\"vc_tta-panel vc_active\" id=\"1656584484701-0e478312-357c\" data-vc-content=\".vc_tta-panel-body\"><div class=\"vc_tta-panel-heading\"><h4 class=\"vc_tta-panel-title\"><a href=\"#1656584484701-0e478312-357c\" data-vc-accordion data-vc-container=\".vc_tta-container\"><i class=\"vc_tta-icon vc-oi vc-oi-article\"><\/i><span class=\"vc_tta-title-text\">Description<\/span><\/a><\/h4><\/div><div class=\"vc_tta-panel-body\">\n\t<div class=\"wpb_text_column wpb_content_element\" >\n\t\t<div class=\"wpb_wrapper\">\n\t\t\t<p><strong>Quinta do Paral Origem Ant\u00e3o Vaz<\/strong><\/p>\n<p><strong>Grape varieties: <\/strong>Ant\u00e3o Vaz.<br \/>\n<strong>Vinification:<\/strong> Manual selection of Ant\u00e3o Vaz bunches in the old vineyard, the grapes are sorted in the cellar, destemmed and gently pressed. Vinification and ageing took place for 18 months in a cement sphere with battonage.<br \/>\n<strong>Aging:<\/strong> 18 months in a cement sphere with battonage.<br \/>\n<strong>Colour:<\/strong> Lemon yellow.<br \/>\n<strong>Aroma:<\/strong> Its aromas have hints of exotic tropical fruits, surrounded by a passionate freshness and minerality preserved by the cement in which it was aged.<br \/>\n<strong>Flavour: <\/strong>Fresh and elegant with a balanced acidity, the identity of the grape variety, it will evolve excellently in the bottle.<\/p>\n<hr style=\"border: #b0976d 1px dotted\" \/>\n<p><strong>Serve:<\/strong> 10\u2070 a 12\u2070.<br \/>\n<strong>Consumption:<\/strong> Immediate or storage.<\/p>\n<hr style=\"border: #b0976d 1px dotted\" \/>\n<p><strong>Harmonisation:<\/strong> Traditional dishes such as dogfish soup or fish stew.<\/p>\n<hr style=\"border: #b0976d 1px dotted\" \/>\n<p><strong>Producer:\u00a0<\/strong><a href=\"https:\/\/www.tourinto.pt\/en\/produtores\/alentejo\/quinta-do-paral\/\">Quinta do Paral<\/a><\/p>\n<p><strong>Enology:<\/strong> Lu\u00eds Morgado Le\u00e3o<\/p>\n<p><strong>Category:<\/strong> Portuguese Wines \u2013<a href=\"https:\/\/www.tourinto.pt\/en\/portugal\/vinhos-do-alentejo\/\">Alentejo<\/a><\/p>\n<p><strong>Awards and Notes:<\/strong><\/p>\n<ul>\n<li><strong>Grandes Escolhas &#8211; <\/strong>18,5\/20 (2021)<\/li>\n<\/ul>\n<p><a href=\"https:\/\/quintadoparal.com\/\"><span style=\"color: #f1f1f1\">quinta do paral<\/span><\/a><\/p>\n\n\t\t<\/div>\n\t<\/div>\n<\/div><\/div><\/div><\/div><\/div><\/div><\/div><\/div><\/div><\/div><div class=\"vc_row-full-width vc_clearfix\"><\/div><div data-vc-full-width=\"true\" data-vc-full-width-init=\"false\" data-vc-stretch-content=\"true\" class=\"vc_row wpb_row vc_row-fluid vc_custom_1656523732243 vc_row-no-padding\"><div class=\"wpb_column vc_column_container vc_col-sm-12\"><div class=\"vc_column-inner\"><div class=\"wpb_wrapper\">\n<div class=\"vc_grid-container-wrapper vc_clearfix vc_grid-animation-fadeIn\">\n\t<div class=\"vc_grid-container vc_clearfix wpb_content_element vc_media_grid\" data-initial-loading-animation=\"fadeIn\" data-vc-grid-settings=\"{&quot;page_id&quot;:12668,&quot;style&quot;:&quot;all&quot;,&quot;action&quot;:&quot;vc_get_vc_grid_data&quot;,&quot;shortcode_id&quot;:&quot;1755800755137-698273b5-518d-8&quot;,&quot;tag&quot;:&quot;vc_media_grid&quot;}\" data-vc-request=\"https:\/\/www.tourinto.pt\/wp-admin\/admin-ajax.php\" data-vc-post-id=\"12668\" data-vc-public-nonce=\"b902f86529\">\n\t\t\n\t<\/div>\n<\/div><\/div><\/div><\/div><\/div><div class=\"vc_row-full-width vc_clearfix\"><\/div>\n<\/div>","protected":false},"excerpt":{"rendered":"<p>Quinta do Paral Origem Ant\u00e3o Vaz \u00e9 proveniente de uma casta que nasceu na Vidigueira e aqui atinge o seu m\u00e1ximo esplendor. O aroma \u00e9 profundo e delicado, na boca fresco e elegante, para al\u00e9m de uma acidez equilibrada, a qual e identidade da casta.<\/p>\n<p>Saiba mais sobre a <a href=\"https:\/\/www.tourinto.pt\/produtores\/quinta-do-paral\/\">Quinta do Paral<\/a>.<\/p>\n[contact-form-7 id=\"4433d5d\" title=\"nota Uni\u00e3o Europeia\"]\n","protected":false},"featured_media":12670,"comment_status":"closed","ping_status":"closed","template":"","meta":{"_acf_changed":false,"_joinchat":[],"jetpack_publicize_message":"","jetpack_publicize_feature_enabled":true,"jetpack_social_post_already_shared":true,"jetpack_social_options":{"image_generator_settings":{"template":"highway","default_image_id":0,"font":"","enabled":false},"version":2}},"product_brand":[],"product_cat":[1280,18,1088,83,424,81,44,446],"product_tag":[373,72,39],"class_list":{"0":"post-12668","1":"product","2":"type-product","3":"status-publish","4":"has-post-thumbnail","6":"product_cat-ready-to-drink","7":"product_cat-vinho-branco","8":"product_cat-antao-vaz","9":"product_cat-alentejo","10":"product_cat-vinhos-portugal","11":"product_cat-regiao","12":"product_cat-produtores","13":"product_cat-quinta-do-paral","14":"product_tag-vinho-branco","15":"product_tag-antao-vaz","16":"product_tag-alentejo","17":"pa_ano-33","18":"pa_castas-antao-vaz","19":"pa_categoria-vinhos-portugueses","20":"pa_enologia-luis-morgado-leao","21":"pa_harmonizacao-sopa-de-cacao","22":"pa_harmonizacao-caldeirada-de-peixe","23":"pa_leveduras-selecionadas","24":"pa_produtor-quinta-do-paral","25":"pa_regiao-alentejo","26":"pa_tipologia-vinho-branco","27":"pa_vinificacao-tradicional-controlada","28":"pa_viticultura-sustentavel-principios-biologicos","29":"pa_volume-750ml","31":"first","32":"instock","33":"taxable","34":"shipping-taxable","35":"purchasable","36":"product-type-simple"},"acf":[],"yoast_head":"<!-- This site is optimized with the Yoast SEO Premium plugin v27.3 (Yoast SEO v27.4) - https:\/\/yoast.com\/product\/yoast-seo-premium-wordpress\/ -->\n<title>Quinta do Paral Origem Ant\u00e3o Vaz - Tourinto Premium Wines<\/title>\n<meta name=\"description\" content=\"Quinta do Paral Origem Ant\u00e3o Vaz \u00e9 um vinho de grande frescura e mineralidade, produzido a partir de uma das castas mais antigas e raras do Alentejo.\" \/>\n<meta name=\"robots\" content=\"index, follow, max-snippet:-1, max-image-preview:large, max-video-preview:-1\" \/>\n<link rel=\"canonical\" href=\"https:\/\/www.tourinto.pt\/en\/product\/quinta-do-paral-origem-antao-vaz\/\" \/>\n<meta property=\"og:locale\" content=\"en_GB\" \/>\n<meta property=\"og:type\" content=\"article\" \/>\n<meta property=\"og:title\" content=\"Quinta do Paral Origem Ant\u00e3o Vaz\" \/>\n<meta property=\"og:description\" content=\"Quinta do Paral Origem Ant\u00e3o Vaz \u00e9 um vinho de grande frescura e mineralidade, produzido a partir de uma das castas mais antigas e raras do Alentejo.\" \/>\n<meta property=\"og:url\" content=\"https:\/\/www.tourinto.pt\/en\/product\/quinta-do-paral-origem-antao-vaz\/\" \/>\n<meta property=\"og:site_name\" content=\"Tourinto Premium Wines\" \/>\n<meta property=\"article:publisher\" content=\"https:\/\/www.facebook.com\/garrafeiratourinto\" \/>\n<meta property=\"article:modified_time\" content=\"2025-12-13T12:54:23+00:00\" \/>\n<meta property=\"og:image\" content=\"https:\/\/i0.wp.com\/www.tourinto.pt\/wp-content\/uploads\/2025\/05\/Quinta-do-Paral-Vinhas-Velhas-Origem-Antao-Vaz.png?fit=881%2C1400&ssl=1\" \/>\n\t<meta property=\"og:image:width\" content=\"881\" \/>\n\t<meta property=\"og:image:height\" content=\"1400\" \/>\n\t<meta property=\"og:image:type\" content=\"image\/png\" \/>\n<meta name=\"twitter:card\" content=\"summary_large_image\" \/>\n<meta name=\"twitter:label1\" content=\"Price\" \/>\n\t<meta name=\"twitter:data1\" content=\"52,50&nbsp;&euro;\" \/>\n\t<meta name=\"twitter:label2\" content=\"Availability\" \/>\n\t<meta name=\"twitter:data2\" content=\"In stock\" \/>\n<script type=\"application\/ld+json\" class=\"yoast-schema-graph\">{\"@context\":\"https:\\\/\\\/schema.org\",\"@graph\":[{\"@type\":\"WebPage\",\"@id\":\"https:\\\/\\\/www.tourinto.pt\\\/product\\\/quinta-do-paral-origem-antao-vaz\\\/\",\"url\":\"https:\\\/\\\/www.tourinto.pt\\\/product\\\/quinta-do-paral-origem-antao-vaz\\\/\",\"name\":\"Quinta do Paral Origem Ant\u00e3o Vaz - Tourinto Premium Wines\",\"isPartOf\":{\"@id\":\"https:\\\/\\\/www.tourinto.pt\\\/#website\"},\"primaryImageOfPage\":{\"@id\":\"https:\\\/\\\/www.tourinto.pt\\\/product\\\/quinta-do-paral-origem-antao-vaz\\\/#primaryimage\"},\"image\":{\"@id\":\"https:\\\/\\\/www.tourinto.pt\\\/product\\\/quinta-do-paral-origem-antao-vaz\\\/#primaryimage\"},\"thumbnailUrl\":\"https:\\\/\\\/i0.wp.com\\\/www.tourinto.pt\\\/wp-content\\\/uploads\\\/2025\\\/05\\\/Quinta-do-Paral-Vinhas-Velhas-Origem-Antao-Vaz.png?fit=881%2C1400&ssl=1\",\"datePublished\":\"2025-05-02T15:42:01+00:00\",\"dateModified\":\"2025-12-13T12:54:23+00:00\",\"description\":\"Quinta do Paral Origem Ant\u00e3o Vaz \u00e9 um vinho de grande frescura e mineralidade, produzido a partir de uma das castas mais antigas e raras do Alentejo.\",\"breadcrumb\":{\"@id\":\"https:\\\/\\\/www.tourinto.pt\\\/product\\\/quinta-do-paral-origem-antao-vaz\\\/#breadcrumb\"},\"inLanguage\":\"en-GB\",\"potentialAction\":[{\"@type\":\"ReadAction\",\"target\":[\"https:\\\/\\\/www.tourinto.pt\\\/product\\\/quinta-do-paral-origem-antao-vaz\\\/\"]}]},{\"@type\":\"ImageObject\",\"inLanguage\":\"en-GB\",\"@id\":\"https:\\\/\\\/www.tourinto.pt\\\/product\\\/quinta-do-paral-origem-antao-vaz\\\/#primaryimage\",\"url\":\"https:\\\/\\\/i0.wp.com\\\/www.tourinto.pt\\\/wp-content\\\/uploads\\\/2025\\\/05\\\/Quinta-do-Paral-Vinhas-Velhas-Origem-Antao-Vaz.png?fit=881%2C1400&ssl=1\",\"contentUrl\":\"https:\\\/\\\/i0.wp.com\\\/www.tourinto.pt\\\/wp-content\\\/uploads\\\/2025\\\/05\\\/Quinta-do-Paral-Vinhas-Velhas-Origem-Antao-Vaz.png?fit=881%2C1400&ssl=1\",\"width\":881,\"height\":1400,\"caption\":\"Paral Branco, Paral vinho Branco, Quinta do Paral Vinho Branco, Paral Origem Branco, Paral Ant\u00e3o Vaz\"},{\"@type\":\"BreadcrumbList\",\"@id\":\"https:\\\/\\\/www.tourinto.pt\\\/product\\\/quinta-do-paral-origem-antao-vaz\\\/#breadcrumb\",\"itemListElement\":[{\"@type\":\"ListItem\",\"position\":1,\"name\":\"In\u00edcio\",\"item\":\"https:\\\/\\\/www.tourinto.pt\\\/\"},{\"@type\":\"ListItem\",\"position\":2,\"name\":\"Garrafeira on-line\",\"item\":\"https:\\\/\\\/www.tourinto.pt\\\/garrafeira-on-line\\\/\"},{\"@type\":\"ListItem\",\"position\":3,\"name\":\"Quinta do Paral Origem Ant\u00e3o Vaz\"}]},{\"@type\":\"WebSite\",\"@id\":\"https:\\\/\\\/www.tourinto.pt\\\/#website\",\"url\":\"https:\\\/\\\/www.tourinto.pt\\\/\",\"name\":\"Tourinto Premium Wines\",\"description\":\"Garrafeira on-line\",\"publisher\":{\"@id\":\"https:\\\/\\\/www.tourinto.pt\\\/#organization\"},\"alternateName\":\"Garrafeira on-line\",\"potentialAction\":[{\"@type\":\"SearchAction\",\"target\":{\"@type\":\"EntryPoint\",\"urlTemplate\":\"https:\\\/\\\/www.tourinto.pt\\\/?s={search_term_string}\"},\"query-input\":{\"@type\":\"PropertyValueSpecification\",\"valueRequired\":true,\"valueName\":\"search_term_string\"}}],\"inLanguage\":\"en-GB\"},{\"@type\":[\"Organization\",\"Place\"],\"@id\":\"https:\\\/\\\/www.tourinto.pt\\\/#organization\",\"name\":\"Tourinto\",\"alternateName\":\"Garrafeira Tourinto, Lda.\",\"url\":\"https:\\\/\\\/www.tourinto.pt\\\/\",\"logo\":{\"@id\":\"https:\\\/\\\/www.tourinto.pt\\\/product\\\/quinta-do-paral-origem-antao-vaz\\\/#local-main-organization-logo\"},\"image\":{\"@id\":\"https:\\\/\\\/www.tourinto.pt\\\/product\\\/quinta-do-paral-origem-antao-vaz\\\/#local-main-organization-logo\"},\"sameAs\":[\"https:\\\/\\\/www.facebook.com\\\/garrafeiratourinto\",\"https:\\\/\\\/www.instagram.com\\\/garrafeiratourinto\\\/\"],\"telephone\":[],\"openingHoursSpecification\":[{\"@type\":\"OpeningHoursSpecification\",\"dayOfWeek\":[\"Monday\",\"Tuesday\",\"Wednesday\",\"Thursday\",\"Friday\",\"Saturday\",\"Sunday\"],\"opens\":\"09:00\",\"closes\":\"17:00\"}]},{\"@type\":\"ImageObject\",\"inLanguage\":\"en-GB\",\"@id\":\"https:\\\/\\\/www.tourinto.pt\\\/product\\\/quinta-do-paral-origem-antao-vaz\\\/#local-main-organization-logo\",\"url\":\"https:\\\/\\\/i0.wp.com\\\/www.tourinto.pt\\\/wp-content\\\/uploads\\\/2022\\\/07\\\/tourinto-logo-big.png?fit=1400%2C505&ssl=1\",\"contentUrl\":\"https:\\\/\\\/i0.wp.com\\\/www.tourinto.pt\\\/wp-content\\\/uploads\\\/2022\\\/07\\\/tourinto-logo-big.png?fit=1400%2C505&ssl=1\",\"width\":1400,\"height\":505,\"caption\":\"Tourinto\"}]}<\/script>\n<meta property=\"product:price:amount\" content=\"52.50\" \/>\n<meta property=\"product:price:currency\" content=\"EUR\" \/>\n<meta property=\"og:availability\" content=\"instock\" \/>\n<meta property=\"product:availability\" content=\"instock\" \/>\n<meta property=\"product:retailer_item_id\" content=\"77.10.2021\" \/>\n<meta property=\"product:condition\" content=\"new\" \/>\n<!-- \/ Yoast SEO Premium plugin. -->","yoast_head_json":{"title":"Quinta do Paral Origem Ant\u00e3o Vaz - Tourinto Premium Wines","description":"Quinta do Paral Origem Ant\u00e3o Vaz \u00e9 um vinho de grande frescura e mineralidade, produzido a partir de uma das castas mais antigas e raras do Alentejo.","robots":{"index":"index","follow":"follow","max-snippet":"max-snippet:-1","max-image-preview":"max-image-preview:large","max-video-preview":"max-video-preview:-1"},"canonical":"https:\/\/www.tourinto.pt\/en\/product\/quinta-do-paral-origem-antao-vaz\/","og_locale":"en_GB","og_type":"article","og_title":"Quinta do Paral Origem Ant\u00e3o Vaz","og_description":"Quinta do Paral Origem Ant\u00e3o Vaz \u00e9 um vinho de grande frescura e mineralidade, produzido a partir de uma das castas mais antigas e raras do Alentejo.","og_url":"https:\/\/www.tourinto.pt\/en\/product\/quinta-do-paral-origem-antao-vaz\/","og_site_name":"Tourinto Premium Wines","article_publisher":"https:\/\/www.facebook.com\/garrafeiratourinto","article_modified_time":"2025-12-13T12:54:23+00:00","og_image":[{"width":881,"height":1400,"url":"https:\/\/i0.wp.com\/www.tourinto.pt\/wp-content\/uploads\/2025\/05\/Quinta-do-Paral-Vinhas-Velhas-Origem-Antao-Vaz.png?fit=881%2C1400&ssl=1","type":"image\/png"}],"twitter_card":"summary_large_image","twitter_misc":{"Price":"52,50&nbsp;&euro;","Availability":"In stock"},"schema":{"@context":"https:\/\/schema.org","@graph":[{"@type":"WebPage","@id":"https:\/\/www.tourinto.pt\/product\/quinta-do-paral-origem-antao-vaz\/","url":"https:\/\/www.tourinto.pt\/product\/quinta-do-paral-origem-antao-vaz\/","name":"Quinta do Paral Origem Ant\u00e3o Vaz - Tourinto Premium Wines","isPartOf":{"@id":"https:\/\/www.tourinto.pt\/#website"},"primaryImageOfPage":{"@id":"https:\/\/www.tourinto.pt\/product\/quinta-do-paral-origem-antao-vaz\/#primaryimage"},"image":{"@id":"https:\/\/www.tourinto.pt\/product\/quinta-do-paral-origem-antao-vaz\/#primaryimage"},"thumbnailUrl":"https:\/\/i0.wp.com\/www.tourinto.pt\/wp-content\/uploads\/2025\/05\/Quinta-do-Paral-Vinhas-Velhas-Origem-Antao-Vaz.png?fit=881%2C1400&ssl=1","datePublished":"2025-05-02T15:42:01+00:00","dateModified":"2025-12-13T12:54:23+00:00","description":"Quinta do Paral Origem Ant\u00e3o Vaz \u00e9 um vinho de grande frescura e mineralidade, produzido a partir de uma das castas mais antigas e raras do Alentejo.","breadcrumb":{"@id":"https:\/\/www.tourinto.pt\/product\/quinta-do-paral-origem-antao-vaz\/#breadcrumb"},"inLanguage":"en-GB","potentialAction":[{"@type":"ReadAction","target":["https:\/\/www.tourinto.pt\/product\/quinta-do-paral-origem-antao-vaz\/"]}]},{"@type":"ImageObject","inLanguage":"en-GB","@id":"https:\/\/www.tourinto.pt\/product\/quinta-do-paral-origem-antao-vaz\/#primaryimage","url":"https:\/\/i0.wp.com\/www.tourinto.pt\/wp-content\/uploads\/2025\/05\/Quinta-do-Paral-Vinhas-Velhas-Origem-Antao-Vaz.png?fit=881%2C1400&ssl=1","contentUrl":"https:\/\/i0.wp.com\/www.tourinto.pt\/wp-content\/uploads\/2025\/05\/Quinta-do-Paral-Vinhas-Velhas-Origem-Antao-Vaz.png?fit=881%2C1400&ssl=1","width":881,"height":1400,"caption":"Paral Branco, Paral vinho Branco, Quinta do Paral Vinho Branco, Paral Origem Branco, Paral Ant\u00e3o Vaz"},{"@type":"BreadcrumbList","@id":"https:\/\/www.tourinto.pt\/product\/quinta-do-paral-origem-antao-vaz\/#breadcrumb","itemListElement":[{"@type":"ListItem","position":1,"name":"In\u00edcio","item":"https:\/\/www.tourinto.pt\/"},{"@type":"ListItem","position":2,"name":"Garrafeira on-line","item":"https:\/\/www.tourinto.pt\/garrafeira-on-line\/"},{"@type":"ListItem","position":3,"name":"Quinta do Paral Origem Ant\u00e3o Vaz"}]},{"@type":"WebSite","@id":"https:\/\/www.tourinto.pt\/#website","url":"https:\/\/www.tourinto.pt\/","name":"Tourinto Premium Wines","description":"Wine Shop online","publisher":{"@id":"https:\/\/www.tourinto.pt\/#organization"},"alternateName":"Garrafeira on-line","potentialAction":[{"@type":"SearchAction","target":{"@type":"EntryPoint","urlTemplate":"https:\/\/www.tourinto.pt\/?s={search_term_string}"},"query-input":{"@type":"PropertyValueSpecification","valueRequired":true,"valueName":"search_term_string"}}],"inLanguage":"en-GB"},{"@type":["Organization","Place"],"@id":"https:\/\/www.tourinto.pt\/#organization","name":"Tourinto","alternateName":"Garrafeira Tourinto, Lda.","url":"https:\/\/www.tourinto.pt\/","logo":{"@id":"https:\/\/www.tourinto.pt\/product\/quinta-do-paral-origem-antao-vaz\/#local-main-organization-logo"},"image":{"@id":"https:\/\/www.tourinto.pt\/product\/quinta-do-paral-origem-antao-vaz\/#local-main-organization-logo"},"sameAs":["https:\/\/www.facebook.com\/garrafeiratourinto","https:\/\/www.instagram.com\/garrafeiratourinto\/"],"telephone":[],"openingHoursSpecification":[{"@type":"OpeningHoursSpecification","dayOfWeek":["Monday","Tuesday","Wednesday","Thursday","Friday","Saturday","Sunday"],"opens":"09:00","closes":"17:00"}]},{"@type":"ImageObject","inLanguage":"en-GB","@id":"https:\/\/www.tourinto.pt\/product\/quinta-do-paral-origem-antao-vaz\/#local-main-organization-logo","url":"https:\/\/i0.wp.com\/www.tourinto.pt\/wp-content\/uploads\/2022\/07\/tourinto-logo-big.png?fit=1400%2C505&ssl=1","contentUrl":"https:\/\/i0.wp.com\/www.tourinto.pt\/wp-content\/uploads\/2022\/07\/tourinto-logo-big.png?fit=1400%2C505&ssl=1","width":1400,"height":505,"caption":"Tourinto"}]},"product_price_amount":"52.50","product_price_currency":"EUR","og_availability":"instock","product_availability":"instock","product_retailer_item_id":"77.10.2021","product_condition":"new"},"jetpack_publicize_connections":[],"jetpack_sharing_enabled":true,"_links":{"self":[{"href":"https:\/\/www.tourinto.pt\/en\/wp-json\/wp\/v2\/product\/12668","targetHints":{"allow":["GET"]}}],"collection":[{"href":"https:\/\/www.tourinto.pt\/en\/wp-json\/wp\/v2\/product"}],"about":[{"href":"https:\/\/www.tourinto.pt\/en\/wp-json\/wp\/v2\/types\/product"}],"replies":[{"embeddable":true,"href":"https:\/\/www.tourinto.pt\/en\/wp-json\/wp\/v2\/comments?post=12668"}],"wp:featuredmedia":[{"embeddable":true,"href":"https:\/\/www.tourinto.pt\/en\/wp-json\/wp\/v2\/media\/12670"}],"wp:attachment":[{"href":"https:\/\/www.tourinto.pt\/en\/wp-json\/wp\/v2\/media?parent=12668"}],"wp:term":[{"taxonomy":"product_brand","embeddable":true,"href":"https:\/\/www.tourinto.pt\/en\/wp-json\/wp\/v2\/product_brand?post=12668"},{"taxonomy":"product_cat","embeddable":true,"href":"https:\/\/www.tourinto.pt\/en\/wp-json\/wp\/v2\/product_cat?post=12668"},{"taxonomy":"product_tag","embeddable":true,"href":"https:\/\/www.tourinto.pt\/en\/wp-json\/wp\/v2\/product_tag?post=12668"}],"curies":[{"name":"wp","href":"https:\/\/api.w.org\/{rel}","templated":true}]}}