{"id":12615,"date":"2025-04-12T18:25:33","date_gmt":"2025-04-12T18:25:33","guid":{"rendered":"https:\/\/www.tourinto.pt\/?post_type=product&#038;p=12615"},"modified":"2026-03-16T22:15:53","modified_gmt":"2026-03-16T22:15:53","slug":"catena-zapata-adrianna-vineyard-white-bones","status":"publish","type":"product","link":"https:\/\/www.tourinto.pt\/en\/product\/catena-zapata-adrianna-vineyard-white-bones\/","title":{"rendered":"Catena Zapata Adrianna Vineyard White Bones 2022"},"content":{"rendered":"<div class=\"wpb-content-wrapper\"><div data-vc-full-width=\"true\" data-vc-full-width-init=\"false\" class=\"vc_row wpb_row vc_row-fluid vc_custom_1656585076455 vc_row-has-fill\"><div class=\"wpb_column vc_column_container vc_col-sm-12\"><div class=\"vc_column-inner\"><div class=\"wpb_wrapper\"><div class=\"vc_tta-container\" data-vc-action=\"collapse\"><div class=\"vc_general vc_tta vc_tta-tabs vc_tta-color-black vc_tta-style-flat vc_tta-shape-square vc_tta-spacing-1 vc_tta-o-no-fill vc_tta-tabs-position-top vc_tta-controls-align-left\"><div class=\"vc_tta-tabs-container\"><ul class=\"vc_tta-tabs-list\" role=\"tablist\"><li class=\"vc_tta-tab vc_active\" data-vc-tab role=\"presentation\"><a href=\"#1656584484701-0e478312-357c\" data-vc-tabs data-vc-container=\".vc_tta\" role=\"tab\" aria-selected=\"false\" id=\"tab-1656584484701-0e478312-357c\"><i class=\"vc_tta-icon vc-oi vc-oi-article\"><\/i><span class=\"vc_tta-title-text\">Description<\/span><\/a><\/li><\/ul><\/div><div class=\"vc_tta-panels-container\"><div class=\"vc_tta-panels\"><div class=\"vc_tta-panel vc_active\" id=\"1656584484701-0e478312-357c\" data-vc-content=\".vc_tta-panel-body\"><div class=\"vc_tta-panel-heading\"><h4 class=\"vc_tta-panel-title\"><a href=\"#1656584484701-0e478312-357c\" data-vc-accordion data-vc-container=\".vc_tta-container\"><i class=\"vc_tta-icon vc-oi vc-oi-article\"><\/i><span class=\"vc_tta-title-text\">Description<\/span><\/a><\/h4><\/div><div class=\"vc_tta-panel-body\">\n\t<div class=\"wpb_text_column wpb_content_element\" >\n\t\t<div class=\"wpb_wrapper\">\n\t\t\t<p><strong>Catena Zapata Adrianna Vineyard White Bones 2022<\/strong><\/p>\n<p><strong>Grape varieties:<\/strong> Chardonnay.<br \/>\n<strong>Vinification: <\/strong>Catena Zapata Adrianna Vineyard White Bones comes from limestone vineyards planted at an altitude of 5,000 metres. The exotic aromas, with notes of green curry and citrus fruits, as well as ash, green passion fruit and mint, are enveloped by a bright acidity with lots of mineral tension, followed by a long, dry finish.Cold decanting for 10-24 hours at less than 6\u00baC to extract aromas. The juice is then fermented for around 45-95 days.<br \/>\n<strong>Aging: <\/strong>12-16 months in second, third and fourth use 100% oak barrels.<br \/>\n<strong>Colour:<\/strong> Lemon yellow.<br \/>\n<strong>Aroma:<\/strong> Aromatic and exotic, with aromas of green fruit, green curry and citrus, as well as ash, green passion fruit and mint.<br \/>\n<strong>Flavour:<\/strong> Almost full-bodied, with lots of mineral tension, as well as a bright acidity that takes control, long and dry finish.<\/p>\n<hr style=\"border: #b0976d 1px dotted;\" \/>\n<p><strong>Serve: <\/strong>10 to 12\u2070<br \/>\n<strong>Consumption: <\/strong>Immediate or storage.<\/p>\n<hr style=\"border: #b0976d 1px dotted;\" \/>\n<p><b>Harmonisation: <\/b>Fish dishes, white meat and cod.<\/p>\n<hr style=\"border: #b0976d 1px dotted;\" \/>\n<p><strong>Producer:<\/strong> Catena Zapata<\/p>\n<p><strong>Enology: <\/strong>Alejandro Vigil | Ernesto Bajda<\/p>\n<p><strong>Classification:<\/strong> <a href=\"https:\/\/www.tourinto.pt\/en\/produtores\/argentina\/\">Argentinian Wines<\/a> &#8211; <a href=\"https:\/\/www.tourinto.pt\/en\/produto-categoria\/regiao\/mendonza\/\">Mendonza<\/a><\/p>\n<p><strong>Awards and Notes:<\/strong><\/p>\n<ul>\n<li><strong>Robert Parker &#8211; <\/strong>98\/100 (2022)<\/li>\n<li><strong>James Suckling<\/strong> <strong>&#8211;<\/strong> 100\/100 (2022)<\/li>\n<li><strong>Jancis Robinson<\/strong> <strong>&#8211;<\/strong> 19\/20 (2022)<\/li>\n<li><strong>Wine Spectator &#8211;<\/strong> 95\/100 (2022)<\/li>\n<li><strong>Tim Atkin<\/strong> <strong>&#8211;<\/strong> 96\/100 (2022)<\/li>\n<li><strong>Vinous<\/strong> <strong>&#8211;<\/strong> 98\/100 (2022)<\/li>\n<\/ul>\n<p><a href=\"https:\/\/www.catenazapata.com\/\"><span style=\"color: #f1f1f1;\">zapata<\/span><\/a><\/p>\n\n\t\t<\/div>\n\t<\/div>\n<\/div><\/div><\/div><\/div><\/div><\/div><\/div><\/div><\/div><\/div><div class=\"vc_row-full-width vc_clearfix\"><\/div><div data-vc-full-width=\"true\" data-vc-full-width-init=\"false\" data-vc-stretch-content=\"true\" class=\"vc_row wpb_row vc_row-fluid vc_custom_1706438963983 vc_row-no-padding\"><div class=\"wpb_column vc_column_container vc_col-sm-12\"><div class=\"vc_column-inner\"><div class=\"wpb_wrapper\">\n<div class=\"vc_grid-container-wrapper vc_clearfix vc_grid-animation-fadeIn\">\n\t<div class=\"vc_grid-container vc_clearfix wpb_content_element vc_media_grid\" data-initial-loading-animation=\"fadeIn\" data-vc-grid-settings=\"{&quot;page_id&quot;:12615,&quot;style&quot;:&quot;all&quot;,&quot;action&quot;:&quot;vc_get_vc_grid_data&quot;,&quot;shortcode_id&quot;:&quot;1765617023592-fa43ac91-ff14-6&quot;,&quot;tag&quot;:&quot;vc_media_grid&quot;}\" data-vc-request=\"https:\/\/www.tourinto.pt\/wp-admin\/admin-ajax.php\" data-vc-post-id=\"12615\" data-vc-public-nonce=\"58f5d40efc\">\n\t\t\n\t<\/div>\n<\/div><\/div><\/div><\/div><\/div><div class=\"vc_row-full-width vc_clearfix\"><\/div>\n<\/div>","protected":false},"excerpt":{"rendered":"<p>Catena Zapata Adrianna Vineyard White Bones \u00e9 proveniente de vinhas de solos calc\u00e1rios plantadas a 5000m de altitude. Com aromas ex\u00f3ticos, notas de caril verde e citrinos, para al\u00e9m de cinzas, maracuj\u00e1 verde e hortel\u00e3, envolvidos por uma uma acidez brilhante, muita tens\u00e3o mineral e um final longo e seco.<\/p>\n<p>Saiba mais sobre a <a href=\"http:\/\/www.tourinto.pt\/produtores\/argentina\/catena-zapata\/\">Catena Zapata<\/a>.<\/p>\n[contact-form-7 id=\"4433d5d\" title=\"nota Uni\u00e3o Europeia\"]\n","protected":false},"featured_media":13732,"comment_status":"closed","ping_status":"closed","template":"","meta":{"_acf_changed":false,"_joinchat":[],"jetpack_publicize_message":"","jetpack_publicize_feature_enabled":true,"jetpack_social_post_already_shared":true,"jetpack_social_options":{"image_generator_settings":{"template":"highway","default_image_id":0,"font":"","enabled":false},"version":2}},"product_brand":[],"product_cat":[1469,1281,993,1220,992,976,1076,100,994,81,44],"product_tag":[991,99,372],"class_list":{"0":"post-12615","1":"product","2":"type-product","3":"status-publish","4":"has-post-thumbnail","6":"product_cat-sommelier-selection","7":"product_cat-brancos-internacionais","8":"product_cat-argentina","9":"product_cat-mendonza","10":"product_cat-vinhos-argentinos","11":"product_cat-vinhos-estrangeiros","12":"product_cat-chardonnay","13":"product_cat-tipologia","14":"product_cat-catena-zapata","15":"product_cat-regiao","16":"product_cat-produtores","17":"product_tag-argentina","18":"product_tag-chardonnay","19":"product_tag-vinho-tinto","20":"pa_ano-336","21":"pa_castas-chardonnay","22":"pa_categoria-vinhos-argentinos","23":"pa_enologia-alejandro-vigil-ernesto-bajda","24":"pa_harmonizacao-carnes-brancas","25":"pa_harmonizacao-pratos-de-bacalhau","26":"pa_harmonizacao-peixe","27":"pa_leveduras-indigenas","28":"pa_produtor-catena-zapata","29":"pa_regiao-mendonza","30":"pa_tipologia-vinho-branco","31":"pa_vinificacao-minima-intervencao","32":"pa_viticultura-sustentavel","33":"pa_volume-750ml","35":"first","36":"instock","37":"taxable","38":"shipping-taxable","39":"purchasable","40":"product-type-simple"},"acf":[],"yoast_head":"<!-- This site is optimized with the Yoast SEO Premium plugin v27.4 (Yoast SEO v27.4) - https:\/\/yoast.com\/product\/yoast-seo-premium-wordpress\/ -->\n<title>Catena Zapata Adrianna Vineyard White Bones 2022 - Tourinto Premium Wines<\/title>\n<meta name=\"description\" content=\"Catena Zapata Adrianna Vineyard White Bones \u00e9 um 100% Chardonnay proveniente de vinhas de solos calc\u00e1rios plantadas a 5000m de altitude.\" \/>\n<meta name=\"robots\" content=\"index, follow, max-snippet:-1, max-image-preview:large, max-video-preview:-1\" \/>\n<link rel=\"canonical\" href=\"https:\/\/www.tourinto.pt\/en\/product\/catena-zapata-adrianna-vineyard-white-bones\/\" \/>\n<meta property=\"og:locale\" content=\"en_GB\" \/>\n<meta property=\"og:type\" content=\"article\" \/>\n<meta property=\"og:title\" content=\"Catena Zapata Adrianna Vineyard White Bones 2022\" \/>\n<meta property=\"og:description\" content=\"Catena Zapata Adrianna Vineyard White Bones \u00e9 um 100% Chardonnay proveniente de vinhas de solos calc\u00e1rios plantadas a 5000m de altitude.\" \/>\n<meta property=\"og:url\" content=\"https:\/\/www.tourinto.pt\/en\/product\/catena-zapata-adrianna-vineyard-white-bones\/\" \/>\n<meta property=\"og:site_name\" content=\"Tourinto Premium Wines\" \/>\n<meta property=\"article:publisher\" content=\"https:\/\/www.facebook.com\/garrafeiratourinto\" \/>\n<meta property=\"article:modified_time\" content=\"2026-03-16T22:15:53+00:00\" \/>\n<meta property=\"og:image\" content=\"https:\/\/www.tourinto.pt\/wp-content\/uploads\/2025\/04\/Adrianna-Vineyard-White-Bones.webp\" \/>\n\t<meta property=\"og:image:width\" content=\"881\" \/>\n\t<meta property=\"og:image:height\" content=\"1400\" \/>\n\t<meta property=\"og:image:type\" content=\"image\/webp\" \/>\n<meta name=\"twitter:card\" content=\"summary_large_image\" \/>\n<meta name=\"twitter:label1\" content=\"Price\" \/>\n\t<meta name=\"twitter:data1\" content=\"112,90&nbsp;&euro;\" \/>\n\t<meta name=\"twitter:label2\" content=\"Availability\" \/>\n\t<meta name=\"twitter:data2\" content=\"In stock\" \/>\n<script type=\"application\/ld+json\" class=\"yoast-schema-graph\">{\"@context\":\"https:\\\/\\\/schema.org\",\"@graph\":[{\"@type\":\"WebPage\",\"@id\":\"https:\\\/\\\/www.tourinto.pt\\\/product\\\/catena-zapata-adrianna-vineyard-white-bones\\\/\",\"url\":\"https:\\\/\\\/www.tourinto.pt\\\/product\\\/catena-zapata-adrianna-vineyard-white-bones\\\/\",\"name\":\"Catena Zapata Adrianna Vineyard White Bones 2022 - Tourinto Premium Wines\",\"isPartOf\":{\"@id\":\"https:\\\/\\\/www.tourinto.pt\\\/#website\"},\"primaryImageOfPage\":{\"@id\":\"https:\\\/\\\/www.tourinto.pt\\\/product\\\/catena-zapata-adrianna-vineyard-white-bones\\\/#primaryimage\"},\"image\":{\"@id\":\"https:\\\/\\\/www.tourinto.pt\\\/product\\\/catena-zapata-adrianna-vineyard-white-bones\\\/#primaryimage\"},\"thumbnailUrl\":\"https:\\\/\\\/i0.wp.com\\\/www.tourinto.pt\\\/wp-content\\\/uploads\\\/2025\\\/04\\\/Adrianna-Vineyard-White-Bones.webp?fit=881%2C1400&ssl=1\",\"datePublished\":\"2025-04-12T18:25:33+00:00\",\"dateModified\":\"2026-03-16T22:15:53+00:00\",\"description\":\"Catena Zapata Adrianna Vineyard White Bones \u00e9 um 100% Chardonnay proveniente de vinhas de solos calc\u00e1rios plantadas a 5000m de altitude.\",\"breadcrumb\":{\"@id\":\"https:\\\/\\\/www.tourinto.pt\\\/product\\\/catena-zapata-adrianna-vineyard-white-bones\\\/#breadcrumb\"},\"inLanguage\":\"en-GB\",\"potentialAction\":[{\"@type\":\"ReadAction\",\"target\":[\"https:\\\/\\\/www.tourinto.pt\\\/product\\\/catena-zapata-adrianna-vineyard-white-bones\\\/\"]}]},{\"@type\":\"ImageObject\",\"inLanguage\":\"en-GB\",\"@id\":\"https:\\\/\\\/www.tourinto.pt\\\/product\\\/catena-zapata-adrianna-vineyard-white-bones\\\/#primaryimage\",\"url\":\"https:\\\/\\\/i0.wp.com\\\/www.tourinto.pt\\\/wp-content\\\/uploads\\\/2025\\\/04\\\/Adrianna-Vineyard-White-Bones.webp?fit=881%2C1400&ssl=1\",\"contentUrl\":\"https:\\\/\\\/i0.wp.com\\\/www.tourinto.pt\\\/wp-content\\\/uploads\\\/2025\\\/04\\\/Adrianna-Vineyard-White-Bones.webp?fit=881%2C1400&ssl=1\",\"width\":881,\"height\":1400,\"caption\":\"Catena Zapata Chardonnay, Catena Zapata Vinho Branco, Chardonnay White Bones, Catena Zapata White Bones, Chardonnay Argentino, Vinhos Argentinos\"},{\"@type\":\"BreadcrumbList\",\"@id\":\"https:\\\/\\\/www.tourinto.pt\\\/product\\\/catena-zapata-adrianna-vineyard-white-bones\\\/#breadcrumb\",\"itemListElement\":[{\"@type\":\"ListItem\",\"position\":1,\"name\":\"In\u00edcio\",\"item\":\"https:\\\/\\\/www.tourinto.pt\\\/\"},{\"@type\":\"ListItem\",\"position\":2,\"name\":\"Garrafeira on-line\",\"item\":\"https:\\\/\\\/www.tourinto.pt\\\/garrafeira-on-line\\\/\"},{\"@type\":\"ListItem\",\"position\":3,\"name\":\"Catena Zapata Adrianna Vineyard White Bones 2022\"}]},{\"@type\":\"WebSite\",\"@id\":\"https:\\\/\\\/www.tourinto.pt\\\/#website\",\"url\":\"https:\\\/\\\/www.tourinto.pt\\\/\",\"name\":\"Tourinto Premium Wines\",\"description\":\"Garrafeira on-line\",\"publisher\":{\"@id\":\"https:\\\/\\\/www.tourinto.pt\\\/#organization\"},\"alternateName\":\"Garrafeira on-line\",\"potentialAction\":[{\"@type\":\"SearchAction\",\"target\":{\"@type\":\"EntryPoint\",\"urlTemplate\":\"https:\\\/\\\/www.tourinto.pt\\\/?s={search_term_string}\"},\"query-input\":{\"@type\":\"PropertyValueSpecification\",\"valueRequired\":true,\"valueName\":\"search_term_string\"}}],\"inLanguage\":\"en-GB\"},{\"@type\":[\"Organization\",\"Place\"],\"@id\":\"https:\\\/\\\/www.tourinto.pt\\\/#organization\",\"name\":\"Tourinto\",\"alternateName\":\"Garrafeira Tourinto, Lda.\",\"url\":\"https:\\\/\\\/www.tourinto.pt\\\/\",\"logo\":{\"@id\":\"https:\\\/\\\/www.tourinto.pt\\\/product\\\/catena-zapata-adrianna-vineyard-white-bones\\\/#local-main-organization-logo\"},\"image\":{\"@id\":\"https:\\\/\\\/www.tourinto.pt\\\/product\\\/catena-zapata-adrianna-vineyard-white-bones\\\/#local-main-organization-logo\"},\"sameAs\":[\"https:\\\/\\\/www.facebook.com\\\/garrafeiratourinto\",\"https:\\\/\\\/www.instagram.com\\\/garrafeiratourinto\\\/\"],\"telephone\":[],\"openingHoursSpecification\":[{\"@type\":\"OpeningHoursSpecification\",\"dayOfWeek\":[\"Monday\",\"Tuesday\",\"Wednesday\",\"Thursday\",\"Friday\",\"Saturday\",\"Sunday\"],\"opens\":\"09:00\",\"closes\":\"17:00\"}]},{\"@type\":\"ImageObject\",\"inLanguage\":\"en-GB\",\"@id\":\"https:\\\/\\\/www.tourinto.pt\\\/product\\\/catena-zapata-adrianna-vineyard-white-bones\\\/#local-main-organization-logo\",\"url\":\"https:\\\/\\\/i0.wp.com\\\/www.tourinto.pt\\\/wp-content\\\/uploads\\\/2022\\\/07\\\/tourinto-logo-big.png?fit=1400%2C505&ssl=1\",\"contentUrl\":\"https:\\\/\\\/i0.wp.com\\\/www.tourinto.pt\\\/wp-content\\\/uploads\\\/2022\\\/07\\\/tourinto-logo-big.png?fit=1400%2C505&ssl=1\",\"width\":1400,\"height\":505,\"caption\":\"Tourinto\"}]}<\/script>\n<meta property=\"product:price:amount\" content=\"112.90\" \/>\n<meta property=\"product:price:currency\" content=\"EUR\" \/>\n<meta property=\"og:availability\" content=\"instock\" \/>\n<meta property=\"product:availability\" content=\"instock\" \/>\n<meta property=\"product:retailer_item_id\" content=\"110.07.2022\" \/>\n<meta property=\"product:condition\" content=\"new\" \/>\n<!-- \/ Yoast SEO Premium plugin. -->","yoast_head_json":{"title":"Catena Zapata Adrianna Vineyard White Bones 2022 - Tourinto Premium Wines","description":"Catena Zapata Adrianna Vineyard White Bones \u00e9 um 100% Chardonnay proveniente de vinhas de solos calc\u00e1rios plantadas a 5000m de altitude.","robots":{"index":"index","follow":"follow","max-snippet":"max-snippet:-1","max-image-preview":"max-image-preview:large","max-video-preview":"max-video-preview:-1"},"canonical":"https:\/\/www.tourinto.pt\/en\/product\/catena-zapata-adrianna-vineyard-white-bones\/","og_locale":"en_GB","og_type":"article","og_title":"Catena Zapata Adrianna Vineyard White Bones 2022","og_description":"Catena Zapata Adrianna Vineyard White Bones \u00e9 um 100% Chardonnay proveniente de vinhas de solos calc\u00e1rios plantadas a 5000m de altitude.","og_url":"https:\/\/www.tourinto.pt\/en\/product\/catena-zapata-adrianna-vineyard-white-bones\/","og_site_name":"Tourinto Premium Wines","article_publisher":"https:\/\/www.facebook.com\/garrafeiratourinto","article_modified_time":"2026-03-16T22:15:53+00:00","og_image":[{"width":881,"height":1400,"url":"https:\/\/www.tourinto.pt\/wp-content\/uploads\/2025\/04\/Adrianna-Vineyard-White-Bones.webp","type":"image\/webp"}],"twitter_card":"summary_large_image","twitter_misc":{"Price":"112,90&nbsp;&euro;","Availability":"In stock"},"schema":{"@context":"https:\/\/schema.org","@graph":[{"@type":"WebPage","@id":"https:\/\/www.tourinto.pt\/product\/catena-zapata-adrianna-vineyard-white-bones\/","url":"https:\/\/www.tourinto.pt\/product\/catena-zapata-adrianna-vineyard-white-bones\/","name":"Catena Zapata Adrianna Vineyard White Bones 2022 - Tourinto Premium Wines","isPartOf":{"@id":"https:\/\/www.tourinto.pt\/#website"},"primaryImageOfPage":{"@id":"https:\/\/www.tourinto.pt\/product\/catena-zapata-adrianna-vineyard-white-bones\/#primaryimage"},"image":{"@id":"https:\/\/www.tourinto.pt\/product\/catena-zapata-adrianna-vineyard-white-bones\/#primaryimage"},"thumbnailUrl":"https:\/\/i0.wp.com\/www.tourinto.pt\/wp-content\/uploads\/2025\/04\/Adrianna-Vineyard-White-Bones.webp?fit=881%2C1400&ssl=1","datePublished":"2025-04-12T18:25:33+00:00","dateModified":"2026-03-16T22:15:53+00:00","description":"Catena Zapata Adrianna Vineyard White Bones \u00e9 um 100% Chardonnay proveniente de vinhas de solos calc\u00e1rios plantadas a 5000m de altitude.","breadcrumb":{"@id":"https:\/\/www.tourinto.pt\/product\/catena-zapata-adrianna-vineyard-white-bones\/#breadcrumb"},"inLanguage":"en-GB","potentialAction":[{"@type":"ReadAction","target":["https:\/\/www.tourinto.pt\/product\/catena-zapata-adrianna-vineyard-white-bones\/"]}]},{"@type":"ImageObject","inLanguage":"en-GB","@id":"https:\/\/www.tourinto.pt\/product\/catena-zapata-adrianna-vineyard-white-bones\/#primaryimage","url":"https:\/\/i0.wp.com\/www.tourinto.pt\/wp-content\/uploads\/2025\/04\/Adrianna-Vineyard-White-Bones.webp?fit=881%2C1400&ssl=1","contentUrl":"https:\/\/i0.wp.com\/www.tourinto.pt\/wp-content\/uploads\/2025\/04\/Adrianna-Vineyard-White-Bones.webp?fit=881%2C1400&ssl=1","width":881,"height":1400,"caption":"Catena Zapata Chardonnay, Catena Zapata Vinho Branco, Chardonnay White Bones, Catena Zapata White Bones, Chardonnay Argentino, Vinhos Argentinos"},{"@type":"BreadcrumbList","@id":"https:\/\/www.tourinto.pt\/product\/catena-zapata-adrianna-vineyard-white-bones\/#breadcrumb","itemListElement":[{"@type":"ListItem","position":1,"name":"In\u00edcio","item":"https:\/\/www.tourinto.pt\/"},{"@type":"ListItem","position":2,"name":"Garrafeira on-line","item":"https:\/\/www.tourinto.pt\/garrafeira-on-line\/"},{"@type":"ListItem","position":3,"name":"Catena Zapata Adrianna Vineyard White Bones 2022"}]},{"@type":"WebSite","@id":"https:\/\/www.tourinto.pt\/#website","url":"https:\/\/www.tourinto.pt\/","name":"Tourinto Premium Wines","description":"Wine Shop online","publisher":{"@id":"https:\/\/www.tourinto.pt\/#organization"},"alternateName":"Garrafeira on-line","potentialAction":[{"@type":"SearchAction","target":{"@type":"EntryPoint","urlTemplate":"https:\/\/www.tourinto.pt\/?s={search_term_string}"},"query-input":{"@type":"PropertyValueSpecification","valueRequired":true,"valueName":"search_term_string"}}],"inLanguage":"en-GB"},{"@type":["Organization","Place"],"@id":"https:\/\/www.tourinto.pt\/#organization","name":"Tourinto","alternateName":"Garrafeira Tourinto, Lda.","url":"https:\/\/www.tourinto.pt\/","logo":{"@id":"https:\/\/www.tourinto.pt\/product\/catena-zapata-adrianna-vineyard-white-bones\/#local-main-organization-logo"},"image":{"@id":"https:\/\/www.tourinto.pt\/product\/catena-zapata-adrianna-vineyard-white-bones\/#local-main-organization-logo"},"sameAs":["https:\/\/www.facebook.com\/garrafeiratourinto","https:\/\/www.instagram.com\/garrafeiratourinto\/"],"telephone":[],"openingHoursSpecification":[{"@type":"OpeningHoursSpecification","dayOfWeek":["Monday","Tuesday","Wednesday","Thursday","Friday","Saturday","Sunday"],"opens":"09:00","closes":"17:00"}]},{"@type":"ImageObject","inLanguage":"en-GB","@id":"https:\/\/www.tourinto.pt\/product\/catena-zapata-adrianna-vineyard-white-bones\/#local-main-organization-logo","url":"https:\/\/i0.wp.com\/www.tourinto.pt\/wp-content\/uploads\/2022\/07\/tourinto-logo-big.png?fit=1400%2C505&ssl=1","contentUrl":"https:\/\/i0.wp.com\/www.tourinto.pt\/wp-content\/uploads\/2022\/07\/tourinto-logo-big.png?fit=1400%2C505&ssl=1","width":1400,"height":505,"caption":"Tourinto"}]},"product_price_amount":"112.90","product_price_currency":"EUR","og_availability":"instock","product_availability":"instock","product_retailer_item_id":"110.07.2022","product_condition":"new"},"jetpack_publicize_connections":[],"jetpack_sharing_enabled":true,"_links":{"self":[{"href":"https:\/\/www.tourinto.pt\/en\/wp-json\/wp\/v2\/product\/12615","targetHints":{"allow":["GET"]}}],"collection":[{"href":"https:\/\/www.tourinto.pt\/en\/wp-json\/wp\/v2\/product"}],"about":[{"href":"https:\/\/www.tourinto.pt\/en\/wp-json\/wp\/v2\/types\/product"}],"replies":[{"embeddable":true,"href":"https:\/\/www.tourinto.pt\/en\/wp-json\/wp\/v2\/comments?post=12615"}],"wp:featuredmedia":[{"embeddable":true,"href":"https:\/\/www.tourinto.pt\/en\/wp-json\/wp\/v2\/media\/13732"}],"wp:attachment":[{"href":"https:\/\/www.tourinto.pt\/en\/wp-json\/wp\/v2\/media?parent=12615"}],"wp:term":[{"taxonomy":"product_brand","embeddable":true,"href":"https:\/\/www.tourinto.pt\/en\/wp-json\/wp\/v2\/product_brand?post=12615"},{"taxonomy":"product_cat","embeddable":true,"href":"https:\/\/www.tourinto.pt\/en\/wp-json\/wp\/v2\/product_cat?post=12615"},{"taxonomy":"product_tag","embeddable":true,"href":"https:\/\/www.tourinto.pt\/en\/wp-json\/wp\/v2\/product_tag?post=12615"}],"curies":[{"name":"wp","href":"https:\/\/api.w.org\/{rel}","templated":true}]}}