{"id":12484,"date":"2025-03-27T21:17:23","date_gmt":"2025-03-27T21:17:23","guid":{"rendered":"https:\/\/www.tourinto.pt\/?post_type=product&#038;p=12484"},"modified":"2026-03-16T22:16:19","modified_gmt":"2026-03-16T22:16:19","slug":"maquete-mormonte-tinto","status":"publish","type":"product","link":"https:\/\/www.tourinto.pt\/en\/product\/maquete-mormonte-tinto\/","title":{"rendered":"Maquete morMONTE Red"},"content":{"rendered":"<div class=\"wpb-content-wrapper\"><div data-vc-full-width=\"true\" data-vc-full-width-init=\"false\" class=\"vc_row wpb_row vc_row-fluid vc_custom_1656585076455 vc_row-has-fill\"><div class=\"wpb_column vc_column_container vc_col-sm-12\"><div class=\"vc_column-inner\"><div class=\"wpb_wrapper\"><div class=\"vc_tta-container\" data-vc-action=\"collapse\"><div class=\"vc_general vc_tta vc_tta-tabs vc_tta-color-black vc_tta-style-flat vc_tta-shape-square vc_tta-spacing-1 vc_tta-o-no-fill vc_tta-tabs-position-top vc_tta-controls-align-left\"><div class=\"vc_tta-tabs-container\"><ul class=\"vc_tta-tabs-list\" role=\"tablist\"><li class=\"vc_tta-tab vc_active\" data-vc-tab role=\"presentation\"><a href=\"#1656584484701-0e478312-357c\" data-vc-tabs data-vc-container=\".vc_tta\" role=\"tab\" aria-selected=\"false\" id=\"tab-1656584484701-0e478312-357c\"><i class=\"vc_tta-icon vc-oi vc-oi-article\"><\/i><span class=\"vc_tta-title-text\">Description<\/span><\/a><\/li><\/ul><\/div><div class=\"vc_tta-panels-container\"><div class=\"vc_tta-panels\"><div class=\"vc_tta-panel vc_active\" id=\"1656584484701-0e478312-357c\" data-vc-content=\".vc_tta-panel-body\"><div class=\"vc_tta-panel-heading\"><h4 class=\"vc_tta-panel-title\"><a href=\"#1656584484701-0e478312-357c\" data-vc-accordion data-vc-container=\".vc_tta-container\"><i class=\"vc_tta-icon vc-oi vc-oi-article\"><\/i><span class=\"vc_tta-title-text\">Description<\/span><\/a><\/h4><\/div><div class=\"vc_tta-panel-body\">\n\t<div class=\"wpb_text_column wpb_content_element\" >\n\t\t<div class=\"wpb_wrapper\">\n\t\t\t<p><strong>Maquete morMONTE Red<\/strong><\/p>\n<p><strong>Grape varieties:<\/strong> Touriga Nacional and Alicante Bouschet.<br \/>\n<strong>Vinification: <\/strong>Total destemming for 1 old vats, followed by spontaneous fermentation and contact with the skins for 15 days with slight submersion of the cap. Vat \u2018opened\u2019 in March, separating the liquid from the skins, to a stainless steel tank. Not subject to stabilisation.<br \/>\n<strong>Aging: <\/strong>Carving.<br \/>\n<strong>Colour:<\/strong> Garnet red colour.<br \/>\n<strong>Aroma:<\/strong>\u00a0Open, fruity and tomato aroma. Soft vegetal nuances.<br \/>\n<strong>Flavour:<\/strong> Consistent entry on the palate and a persistent finish, with a hint of clay. Fresh, with enveloping and balanced acidity.<\/p>\n<hr style=\"border: #b0976d 1px dotted;\" \/>\n<p><strong>Serve: <\/strong>12\u2070 to 14\u2070<br \/>\n<strong>Consumption: <\/strong>Immediate.<\/p>\n<hr style=\"border: #b0976d 1px dotted;\" \/>\n<p><b>Harmonisation: <\/b>Gastronomic, it accompanies various meat dishes, game and oven-baked dishes.<\/p>\n<hr style=\"border: #b0976d 1px dotted;\" \/>\n<p><strong>Producer:<\/strong> <a href=\"https:\/\/www.tourinto.pt\/en\/produto-categoria\/produtores\/producoes-anonimas\/\">Produ\u00e7\u00f5es An\u00f3nimas<\/a><\/p>\n<p><strong>Enology: <\/strong>Jo\u00e3o Ramos | Nuno Duarte<\/p>\n<p><strong>Category: <\/strong>Portuguese Wines \u2013 <a href=\"https:\/\/www.tourinto.pt\/en\/portugal\/vinhos-do-alentejo\/\">Alentejo<\/a><\/p>\n<p><strong>N\u00famero de Garrafas:<\/strong> 344<\/p>\n<p><strong>Awards and Notes:<\/strong><\/p>\n<ul>\n<li>Revista de Vinhos &#8211;<\/li>\n<\/ul>\n<p><a href=\"https:\/\/www.instagram.com\/maquete_vinhos\/\"><span style=\"color: #f1f1f1;\">maquete vinhos<\/span><\/a><\/p>\n\n\t\t<\/div>\n\t<\/div>\n<\/div><\/div><\/div><\/div><\/div><\/div><\/div><\/div><\/div><\/div><div class=\"vc_row-full-width vc_clearfix\"><\/div><div data-vc-full-width=\"true\" data-vc-full-width-init=\"false\" data-vc-stretch-content=\"true\" class=\"vc_row wpb_row vc_row-fluid vc_custom_1706438963983 vc_row-no-padding\"><div class=\"wpb_column vc_column_container vc_col-sm-12\"><div class=\"vc_column-inner\"><div class=\"wpb_wrapper\">\n<div class=\"vc_grid-container-wrapper vc_clearfix vc_grid-animation-fadeIn\">\n\t<div class=\"vc_grid-container vc_clearfix wpb_content_element vc_media_grid\" data-initial-loading-animation=\"fadeIn\" data-vc-grid-settings=\"{&quot;page_id&quot;:12484,&quot;style&quot;:&quot;all&quot;,&quot;action&quot;:&quot;vc_get_vc_grid_data&quot;,&quot;shortcode_id&quot;:&quot;1755607469643-159beeb6-f3b6-7&quot;,&quot;tag&quot;:&quot;vc_media_grid&quot;}\" data-vc-request=\"https:\/\/www.tourinto.pt\/wp-admin\/admin-ajax.php\" data-vc-post-id=\"12484\" data-vc-public-nonce=\"f0d99114be\">\n\t\t\n\t<\/div>\n<\/div><\/div><\/div><\/div><\/div><div class=\"vc_row-full-width vc_clearfix\"><\/div>\n<\/div>","protected":false},"excerpt":{"rendered":"<p>Maquete morMONTE Tinto \u00e9 um vinho de talha proveniente da recupera\u00e7\u00e3o de vinhas de sequeiro no Alentejo, geridas de modo biol\u00f3gico. Um vinho gastron\u00f3mico, com notas de de fruta e tomate,\u00a0 nuances vegetais suaves, par al\u00e9m de leves notas de barro.<\/p>\n<p>Saiba mais sobre o <a href=\"https:\/\/www.tourinto.pt\/produto-categoria\/produtores\/producoes-anonimas\/\">Maquete<\/a>.<\/p>\n[contact-form-7 id=\"4433d5d\" title=\"nota Uni\u00e3o Europeia\"]\n","protected":false},"featured_media":12485,"comment_status":"closed","ping_status":"closed","template":"","meta":{"_acf_changed":false,"_joinchat":[],"jetpack_publicize_message":"","jetpack_publicize_feature_enabled":true,"jetpack_social_post_already_shared":true,"jetpack_social_options":{"image_generator_settings":{"template":"highway","default_image_id":0,"font":"","enabled":false},"version":2}},"product_brand":[],"product_cat":[1469,1307,17,1052,387,363,297,83,424,392,100,81,44,427],"product_tag":[372,388,47,42,39],"class_list":{"0":"post-12484","1":"product","2":"type-product","3":"status-publish","4":"has-post-thumbnail","6":"product_cat-sommelier-selection","7":"product_cat-ready-to-drink-tintos","8":"product_cat-vinho-tinto","9":"product_cat-blend-tintos","10":"product_cat-talha","11":"product_cat-biologico","12":"product_cat-minima-intervencao","13":"product_cat-alentejo","14":"product_cat-vinhos-portugal","15":"product_cat-pequenos-produtores","16":"product_cat-tipologia","17":"product_cat-regiao","18":"product_cat-produtores","19":"product_cat-producoes-anonimas","20":"product_tag-vinho-tinto","21":"product_tag-talha","22":"product_tag-touriga-nacional","23":"product_tag-alicante-bouschet","24":"product_tag-alentejo","25":"pa_ano-422","26":"pa_castas-alicante-bouschet","27":"pa_castas-touriga-nacional","28":"pa_categoria-vinhos-portugueses","29":"pa_enologia-joao-ramos-nuno-duarte","30":"pa_harmonizacao-carnes-vermelhas","31":"pa_harmonizacao-caca","32":"pa_leveduras-indigenas","33":"pa_produtor-producoes-anonimas","34":"pa_regiao-alentejo","35":"pa_tipologia-vinho-de-talha-tinto","36":"pa_vinificacao-talha","37":"pa_viticultura-biologica","38":"pa_volume-750ml","40":"first","41":"instock","42":"taxable","43":"shipping-taxable","44":"purchasable","45":"product-type-simple"},"acf":[],"yoast_head":"<!-- This site is optimized with the Yoast SEO Premium plugin v27.3 (Yoast SEO v27.4) - https:\/\/yoast.com\/product\/yoast-seo-premium-wordpress\/ -->\n<title>Maquete morMONTE Tinto - Tourinto Premium Wines<\/title>\n<meta name=\"description\" content=\"Maquete morMONTE Tinto \u00e9 um vinho de talha proveniente da recupera\u00e7\u00e3o de vinhas de sequeiro no Alentejo, geridas de modo biol\u00f3gico.\" \/>\n<meta name=\"robots\" content=\"index, follow, max-snippet:-1, max-image-preview:large, max-video-preview:-1\" \/>\n<link rel=\"canonical\" href=\"https:\/\/www.tourinto.pt\/en\/product\/maquete-mormonte-tinto\/\" \/>\n<meta property=\"og:locale\" content=\"en_GB\" \/>\n<meta property=\"og:type\" content=\"article\" \/>\n<meta property=\"og:title\" content=\"Maquete morMONTE Tinto\" \/>\n<meta property=\"og:description\" content=\"Maquete morMONTE Tinto \u00e9 um vinho de talha proveniente da recupera\u00e7\u00e3o de vinhas de sequeiro no Alentejo, geridas de modo biol\u00f3gico.\" \/>\n<meta property=\"og:url\" content=\"https:\/\/www.tourinto.pt\/en\/product\/maquete-mormonte-tinto\/\" \/>\n<meta property=\"og:site_name\" content=\"Tourinto Premium Wines\" \/>\n<meta property=\"article:publisher\" content=\"https:\/\/www.facebook.com\/garrafeiratourinto\" \/>\n<meta property=\"article:modified_time\" content=\"2026-03-16T22:16:19+00:00\" \/>\n<meta property=\"og:image\" content=\"https:\/\/www.tourinto.pt\/wp-content\/uploads\/2025\/03\/Maquete-morMONTE.png\" \/>\n\t<meta property=\"og:image:width\" content=\"881\" \/>\n\t<meta property=\"og:image:height\" content=\"1400\" \/>\n\t<meta property=\"og:image:type\" content=\"image\/png\" \/>\n<meta name=\"twitter:card\" content=\"summary_large_image\" \/>\n<meta name=\"twitter:label1\" content=\"Price\" \/>\n\t<meta name=\"twitter:data1\" content=\"28,50&nbsp;&euro;\" \/>\n\t<meta name=\"twitter:label2\" content=\"Availability\" \/>\n\t<meta name=\"twitter:data2\" content=\"In stock\" \/>\n<script type=\"application\/ld+json\" class=\"yoast-schema-graph\">{\"@context\":\"https:\\\/\\\/schema.org\",\"@graph\":[{\"@type\":\"WebPage\",\"@id\":\"https:\\\/\\\/www.tourinto.pt\\\/product\\\/maquete-mormonte-tinto\\\/\",\"url\":\"https:\\\/\\\/www.tourinto.pt\\\/product\\\/maquete-mormonte-tinto\\\/\",\"name\":\"Maquete morMONTE Tinto - Tourinto Premium Wines\",\"isPartOf\":{\"@id\":\"https:\\\/\\\/www.tourinto.pt\\\/#website\"},\"primaryImageOfPage\":{\"@id\":\"https:\\\/\\\/www.tourinto.pt\\\/product\\\/maquete-mormonte-tinto\\\/#primaryimage\"},\"image\":{\"@id\":\"https:\\\/\\\/www.tourinto.pt\\\/product\\\/maquete-mormonte-tinto\\\/#primaryimage\"},\"thumbnailUrl\":\"https:\\\/\\\/i0.wp.com\\\/www.tourinto.pt\\\/wp-content\\\/uploads\\\/2025\\\/03\\\/Maquete-morMONTE.png?fit=881%2C1400&ssl=1\",\"datePublished\":\"2025-03-27T21:17:23+00:00\",\"dateModified\":\"2026-03-16T22:16:19+00:00\",\"description\":\"Maquete morMONTE Tinto \u00e9 um vinho de talha proveniente da recupera\u00e7\u00e3o de vinhas de sequeiro no Alentejo, geridas de modo biol\u00f3gico.\",\"breadcrumb\":{\"@id\":\"https:\\\/\\\/www.tourinto.pt\\\/product\\\/maquete-mormonte-tinto\\\/#breadcrumb\"},\"inLanguage\":\"en-GB\",\"potentialAction\":[{\"@type\":\"ReadAction\",\"target\":[\"https:\\\/\\\/www.tourinto.pt\\\/product\\\/maquete-mormonte-tinto\\\/\"]}]},{\"@type\":\"ImageObject\",\"inLanguage\":\"en-GB\",\"@id\":\"https:\\\/\\\/www.tourinto.pt\\\/product\\\/maquete-mormonte-tinto\\\/#primaryimage\",\"url\":\"https:\\\/\\\/i0.wp.com\\\/www.tourinto.pt\\\/wp-content\\\/uploads\\\/2025\\\/03\\\/Maquete-morMONTE.png?fit=881%2C1400&ssl=1\",\"contentUrl\":\"https:\\\/\\\/i0.wp.com\\\/www.tourinto.pt\\\/wp-content\\\/uploads\\\/2025\\\/03\\\/Maquete-morMONTE.png?fit=881%2C1400&ssl=1\",\"width\":881,\"height\":1400,\"caption\":\"Maquete Vinho Tinto, Maquete Talha Tinto, Maquete Montemor, Vinho Maquete\"},{\"@type\":\"BreadcrumbList\",\"@id\":\"https:\\\/\\\/www.tourinto.pt\\\/product\\\/maquete-mormonte-tinto\\\/#breadcrumb\",\"itemListElement\":[{\"@type\":\"ListItem\",\"position\":1,\"name\":\"In\u00edcio\",\"item\":\"https:\\\/\\\/www.tourinto.pt\\\/\"},{\"@type\":\"ListItem\",\"position\":2,\"name\":\"Garrafeira on-line\",\"item\":\"https:\\\/\\\/www.tourinto.pt\\\/garrafeira-on-line\\\/\"},{\"@type\":\"ListItem\",\"position\":3,\"name\":\"Maquete morMONTE Tinto\"}]},{\"@type\":\"WebSite\",\"@id\":\"https:\\\/\\\/www.tourinto.pt\\\/#website\",\"url\":\"https:\\\/\\\/www.tourinto.pt\\\/\",\"name\":\"Tourinto Premium Wines\",\"description\":\"Garrafeira on-line\",\"publisher\":{\"@id\":\"https:\\\/\\\/www.tourinto.pt\\\/#organization\"},\"alternateName\":\"Garrafeira on-line\",\"potentialAction\":[{\"@type\":\"SearchAction\",\"target\":{\"@type\":\"EntryPoint\",\"urlTemplate\":\"https:\\\/\\\/www.tourinto.pt\\\/?s={search_term_string}\"},\"query-input\":{\"@type\":\"PropertyValueSpecification\",\"valueRequired\":true,\"valueName\":\"search_term_string\"}}],\"inLanguage\":\"en-GB\"},{\"@type\":[\"Organization\",\"Place\"],\"@id\":\"https:\\\/\\\/www.tourinto.pt\\\/#organization\",\"name\":\"Tourinto\",\"alternateName\":\"Garrafeira Tourinto, Lda.\",\"url\":\"https:\\\/\\\/www.tourinto.pt\\\/\",\"logo\":{\"@id\":\"https:\\\/\\\/www.tourinto.pt\\\/product\\\/maquete-mormonte-tinto\\\/#local-main-organization-logo\"},\"image\":{\"@id\":\"https:\\\/\\\/www.tourinto.pt\\\/product\\\/maquete-mormonte-tinto\\\/#local-main-organization-logo\"},\"sameAs\":[\"https:\\\/\\\/www.facebook.com\\\/garrafeiratourinto\",\"https:\\\/\\\/www.instagram.com\\\/garrafeiratourinto\\\/\"],\"telephone\":[],\"openingHoursSpecification\":[{\"@type\":\"OpeningHoursSpecification\",\"dayOfWeek\":[\"Monday\",\"Tuesday\",\"Wednesday\",\"Thursday\",\"Friday\",\"Saturday\",\"Sunday\"],\"opens\":\"09:00\",\"closes\":\"17:00\"}]},{\"@type\":\"ImageObject\",\"inLanguage\":\"en-GB\",\"@id\":\"https:\\\/\\\/www.tourinto.pt\\\/product\\\/maquete-mormonte-tinto\\\/#local-main-organization-logo\",\"url\":\"https:\\\/\\\/i0.wp.com\\\/www.tourinto.pt\\\/wp-content\\\/uploads\\\/2022\\\/07\\\/tourinto-logo-big.png?fit=1400%2C505&ssl=1\",\"contentUrl\":\"https:\\\/\\\/i0.wp.com\\\/www.tourinto.pt\\\/wp-content\\\/uploads\\\/2022\\\/07\\\/tourinto-logo-big.png?fit=1400%2C505&ssl=1\",\"width\":1400,\"height\":505,\"caption\":\"Tourinto\"}]}<\/script>\n<meta property=\"product:price:amount\" content=\"28.50\" \/>\n<meta property=\"product:price:currency\" content=\"EUR\" \/>\n<meta property=\"og:availability\" content=\"instock\" \/>\n<meta property=\"product:availability\" content=\"instock\" \/>\n<meta property=\"product:retailer_item_id\" content=\"73.03.2023\" \/>\n<meta property=\"product:condition\" content=\"new\" \/>\n<!-- \/ Yoast SEO Premium plugin. -->","yoast_head_json":{"title":"Maquete morMONTE Tinto - Tourinto Premium Wines","description":"Maquete morMONTE Tinto \u00e9 um vinho de talha proveniente da recupera\u00e7\u00e3o de vinhas de sequeiro no Alentejo, geridas de modo biol\u00f3gico.","robots":{"index":"index","follow":"follow","max-snippet":"max-snippet:-1","max-image-preview":"max-image-preview:large","max-video-preview":"max-video-preview:-1"},"canonical":"https:\/\/www.tourinto.pt\/en\/product\/maquete-mormonte-tinto\/","og_locale":"en_GB","og_type":"article","og_title":"Maquete morMONTE Tinto","og_description":"Maquete morMONTE Tinto \u00e9 um vinho de talha proveniente da recupera\u00e7\u00e3o de vinhas de sequeiro no Alentejo, geridas de modo biol\u00f3gico.","og_url":"https:\/\/www.tourinto.pt\/en\/product\/maquete-mormonte-tinto\/","og_site_name":"Tourinto Premium Wines","article_publisher":"https:\/\/www.facebook.com\/garrafeiratourinto","article_modified_time":"2026-03-16T22:16:19+00:00","og_image":[{"width":881,"height":1400,"url":"https:\/\/www.tourinto.pt\/wp-content\/uploads\/2025\/03\/Maquete-morMONTE.png","type":"image\/png"}],"twitter_card":"summary_large_image","twitter_misc":{"Price":"28,50&nbsp;&euro;","Availability":"In stock"},"schema":{"@context":"https:\/\/schema.org","@graph":[{"@type":"WebPage","@id":"https:\/\/www.tourinto.pt\/product\/maquete-mormonte-tinto\/","url":"https:\/\/www.tourinto.pt\/product\/maquete-mormonte-tinto\/","name":"Maquete morMONTE Tinto - Tourinto Premium Wines","isPartOf":{"@id":"https:\/\/www.tourinto.pt\/#website"},"primaryImageOfPage":{"@id":"https:\/\/www.tourinto.pt\/product\/maquete-mormonte-tinto\/#primaryimage"},"image":{"@id":"https:\/\/www.tourinto.pt\/product\/maquete-mormonte-tinto\/#primaryimage"},"thumbnailUrl":"https:\/\/i0.wp.com\/www.tourinto.pt\/wp-content\/uploads\/2025\/03\/Maquete-morMONTE.png?fit=881%2C1400&ssl=1","datePublished":"2025-03-27T21:17:23+00:00","dateModified":"2026-03-16T22:16:19+00:00","description":"Maquete morMONTE Tinto \u00e9 um vinho de talha proveniente da recupera\u00e7\u00e3o de vinhas de sequeiro no Alentejo, geridas de modo biol\u00f3gico.","breadcrumb":{"@id":"https:\/\/www.tourinto.pt\/product\/maquete-mormonte-tinto\/#breadcrumb"},"inLanguage":"en-GB","potentialAction":[{"@type":"ReadAction","target":["https:\/\/www.tourinto.pt\/product\/maquete-mormonte-tinto\/"]}]},{"@type":"ImageObject","inLanguage":"en-GB","@id":"https:\/\/www.tourinto.pt\/product\/maquete-mormonte-tinto\/#primaryimage","url":"https:\/\/i0.wp.com\/www.tourinto.pt\/wp-content\/uploads\/2025\/03\/Maquete-morMONTE.png?fit=881%2C1400&ssl=1","contentUrl":"https:\/\/i0.wp.com\/www.tourinto.pt\/wp-content\/uploads\/2025\/03\/Maquete-morMONTE.png?fit=881%2C1400&ssl=1","width":881,"height":1400,"caption":"Maquete Vinho Tinto, Maquete Talha Tinto, Maquete Montemor, Vinho Maquete"},{"@type":"BreadcrumbList","@id":"https:\/\/www.tourinto.pt\/product\/maquete-mormonte-tinto\/#breadcrumb","itemListElement":[{"@type":"ListItem","position":1,"name":"In\u00edcio","item":"https:\/\/www.tourinto.pt\/"},{"@type":"ListItem","position":2,"name":"Garrafeira on-line","item":"https:\/\/www.tourinto.pt\/garrafeira-on-line\/"},{"@type":"ListItem","position":3,"name":"Maquete morMONTE Tinto"}]},{"@type":"WebSite","@id":"https:\/\/www.tourinto.pt\/#website","url":"https:\/\/www.tourinto.pt\/","name":"Tourinto Premium Wines","description":"Wine Shop online","publisher":{"@id":"https:\/\/www.tourinto.pt\/#organization"},"alternateName":"Garrafeira on-line","potentialAction":[{"@type":"SearchAction","target":{"@type":"EntryPoint","urlTemplate":"https:\/\/www.tourinto.pt\/?s={search_term_string}"},"query-input":{"@type":"PropertyValueSpecification","valueRequired":true,"valueName":"search_term_string"}}],"inLanguage":"en-GB"},{"@type":["Organization","Place"],"@id":"https:\/\/www.tourinto.pt\/#organization","name":"Tourinto","alternateName":"Garrafeira Tourinto, Lda.","url":"https:\/\/www.tourinto.pt\/","logo":{"@id":"https:\/\/www.tourinto.pt\/product\/maquete-mormonte-tinto\/#local-main-organization-logo"},"image":{"@id":"https:\/\/www.tourinto.pt\/product\/maquete-mormonte-tinto\/#local-main-organization-logo"},"sameAs":["https:\/\/www.facebook.com\/garrafeiratourinto","https:\/\/www.instagram.com\/garrafeiratourinto\/"],"telephone":[],"openingHoursSpecification":[{"@type":"OpeningHoursSpecification","dayOfWeek":["Monday","Tuesday","Wednesday","Thursday","Friday","Saturday","Sunday"],"opens":"09:00","closes":"17:00"}]},{"@type":"ImageObject","inLanguage":"en-GB","@id":"https:\/\/www.tourinto.pt\/product\/maquete-mormonte-tinto\/#local-main-organization-logo","url":"https:\/\/i0.wp.com\/www.tourinto.pt\/wp-content\/uploads\/2022\/07\/tourinto-logo-big.png?fit=1400%2C505&ssl=1","contentUrl":"https:\/\/i0.wp.com\/www.tourinto.pt\/wp-content\/uploads\/2022\/07\/tourinto-logo-big.png?fit=1400%2C505&ssl=1","width":1400,"height":505,"caption":"Tourinto"}]},"product_price_amount":"28.50","product_price_currency":"EUR","og_availability":"instock","product_availability":"instock","product_retailer_item_id":"73.03.2023","product_condition":"new"},"jetpack_publicize_connections":[],"jetpack_sharing_enabled":true,"_links":{"self":[{"href":"https:\/\/www.tourinto.pt\/en\/wp-json\/wp\/v2\/product\/12484","targetHints":{"allow":["GET"]}}],"collection":[{"href":"https:\/\/www.tourinto.pt\/en\/wp-json\/wp\/v2\/product"}],"about":[{"href":"https:\/\/www.tourinto.pt\/en\/wp-json\/wp\/v2\/types\/product"}],"replies":[{"embeddable":true,"href":"https:\/\/www.tourinto.pt\/en\/wp-json\/wp\/v2\/comments?post=12484"}],"wp:featuredmedia":[{"embeddable":true,"href":"https:\/\/www.tourinto.pt\/en\/wp-json\/wp\/v2\/media\/12485"}],"wp:attachment":[{"href":"https:\/\/www.tourinto.pt\/en\/wp-json\/wp\/v2\/media?parent=12484"}],"wp:term":[{"taxonomy":"product_brand","embeddable":true,"href":"https:\/\/www.tourinto.pt\/en\/wp-json\/wp\/v2\/product_brand?post=12484"},{"taxonomy":"product_cat","embeddable":true,"href":"https:\/\/www.tourinto.pt\/en\/wp-json\/wp\/v2\/product_cat?post=12484"},{"taxonomy":"product_tag","embeddable":true,"href":"https:\/\/www.tourinto.pt\/en\/wp-json\/wp\/v2\/product_tag?post=12484"}],"curies":[{"name":"wp","href":"https:\/\/api.w.org\/{rel}","templated":true}]}}